{"id":4505,"date":"2023-07-22T07:47:11","date_gmt":"2023-07-22T07:47:11","guid":{"rendered":"https:\/\/sertekexhibitions.com\/?page_id=4505"},"modified":"2023-10-04T20:15:34","modified_gmt":"2023-10-04T20:15:34","slug":"gears-exhibit","status":"publish","type":"page","link":"https:\/\/sertek.com.tr\/es\/exposicion-de-engranajes\/","title":{"rendered":"Exhibici\u00f3n de engranajes"},"content":{"rendered":"<div data-elementor-type=\"wp-page\" data-elementor-id=\"4505\" class=\"elementor elementor-4505\" data-elementor-settings=\"{&quot;ha_cmc_init_switcher&quot;:&quot;no&quot;}\">\n\t\t\t\t\t\t<section class=\"elementor-section elementor-top-section elementor-element elementor-element-9f5181a elementor-section-boxed elementor-section-height-default elementor-section-height-default\" data-id=\"9f5181a\" data-element_type=\"section\" data-settings=\"{&quot;_ha_eqh_enable&quot;:false}\">\n\t\t\t\t\t\t<div class=\"elementor-container elementor-column-gap-extended\">\n\t\t\t\t\t<div class=\"elementor-column elementor-col-100 elementor-top-column elementor-element elementor-element-e397ea5\" data-id=\"e397ea5\" data-element_type=\"column\">\n\t\t\t<div class=\"elementor-widget-wrap elementor-element-populated\">\n\t\t\t\t\t\t<section class=\"elementor-section elementor-inner-section elementor-element elementor-element-5b053f6 elementor-section-full_width elementor-section-height-default elementor-section-height-default\" data-id=\"5b053f6\" data-element_type=\"section\" data-settings=\"{&quot;background_background&quot;:&quot;classic&quot;,&quot;_ha_eqh_enable&quot;:false}\">\n\t\t\t\t\t\t<div class=\"elementor-container elementor-column-gap-wide\">\n\t\t\t\t\t<div class=\"elementor-column elementor-col-50 elementor-inner-column elementor-element elementor-element-1a889d5 has-sticky-column\" data-id=\"1a889d5\" data-element_type=\"column\">\n\t\t\t<div class=\"elementor-widget-wrap elementor-element-populated\">\n\t\t\t\t\t\t<div class=\"elementor-element elementor-element-96483f7 elementor-widget__width-inherit elementor-arrows-position-inside elementor-pagination-position-outside elementor-widget elementor-widget-image-carousel\" data-id=\"96483f7\" data-element_type=\"widget\" data-settings=\"{&quot;slides_to_show&quot;:&quot;1&quot;,&quot;navigation&quot;:&quot;both&quot;,&quot;autoplay&quot;:&quot;yes&quot;,&quot;pause_on_hover&quot;:&quot;yes&quot;,&quot;pause_on_interaction&quot;:&quot;yes&quot;,&quot;autoplay_speed&quot;:5000,&quot;infinite&quot;:&quot;yes&quot;,&quot;effect&quot;:&quot;slide&quot;,&quot;speed&quot;:500}\" data-widget_type=\"image-carousel.default\">\n\t\t\t\t<div class=\"elementor-widget-container\">\n\t\t\t\t\t\t\t<div class=\"elementor-image-carousel-wrapper swiper\" role=\"region\" aria-roledescription=\"carousel\" aria-label=\"Carrusel de im\u00e1genes\" dir=\"ltr\">\n\t\t\t<div class=\"elementor-image-carousel swiper-wrapper\" aria-live=\"off\">\n\t\t\t\t\t\t\t\t<div class=\"swiper-slide\" role=\"group\" aria-roledescription=\"slide\" aria-label=\"1 de 2\"><figure class=\"swiper-slide-inner\"><img decoding=\"async\" class=\"swiper-slide-image\" src=\"https:\/\/sertek.com.tr\/wp-content\/uploads\/elementor\/thumbs\/mechanics_theme-qbxm8n3ihmn2f4lwuvk7kokn4bmnk7ifg8sfue65xk.jpg\" alt=\"tema_mecanica\" \/><\/figure><\/div><div class=\"swiper-slide\" role=\"group\" aria-roledescription=\"slide\" aria-label=\"2 de 2\"><figure class=\"swiper-slide-inner\"><img decoding=\"async\" class=\"swiper-slide-image\" src=\"https:\/\/sertek.com.tr\/wp-content\/uploads\/elementor\/thumbs\/Gears-qbxm8n3ihmn2f4lwuvk7kokn4bmnk7ifg8sfue65xk.jpeg\" alt=\"Engranajes\" \/><\/figure><\/div>\t\t\t<\/div>\n\t\t\t\t\t\t\t\t\t\t\t\t<div class=\"elementor-swiper-button elementor-swiper-button-prev\" role=\"button\" tabindex=\"0\">\n\t\t\t\t\t\t<i aria-hidden=\"true\" class=\"eicon-chevron-left\"><\/i>\t\t\t\t\t<\/div>\n\t\t\t\t\t<div class=\"elementor-swiper-button elementor-swiper-button-next\" role=\"button\" tabindex=\"0\">\n\t\t\t\t\t\t<i aria-hidden=\"true\" class=\"eicon-chevron-right\"><\/i>\t\t\t\t\t<\/div>\n\t\t\t\t\n\t\t\t\t\t\t\t\t\t<div class=\"swiper-pagination\"><\/div>\n\t\t\t\t\t\t\t\t\t<\/div>\n\t\t\t\t\t\t<\/div>\n\t\t\t\t<\/div>\n\t\t\t\t\t<\/div>\n\t\t<\/div>\n\t\t\t\t<div class=\"elementor-column elementor-col-50 elementor-inner-column elementor-element elementor-element-7cefdfb\" data-id=\"7cefdfb\" data-element_type=\"column\">\n\t\t\t<div class=\"elementor-widget-wrap elementor-element-populated\">\n\t\t\t\t\t\t<div class=\"elementor-element elementor-element-81268ad elementor-widget elementor-widget-heading\" data-id=\"81268ad\" data-element_type=\"widget\" data-widget_type=\"heading.default\">\n\t\t\t\t<div class=\"elementor-widget-container\">\n\t\t\t\t\t<h1 class=\"elementor-heading-title elementor-size-default\">Exhibici\u00f3n de engranajes<\/h1>\t\t\t\t<\/div>\n\t\t\t\t<\/div>\n\t\t\t\t<div class=\"elementor-element elementor-element-f8193c2 elementor-widget elementor-widget-text-editor\" data-id=\"f8193c2\" data-element_type=\"widget\" data-widget_type=\"text-editor.default\">\n\t\t\t\t<div class=\"elementor-widget-container\">\n\t\t\t\t\t\t\t\t\t<p>La exposici\u00f3n Gears revela las maravillas de la mec\u00e1nica y cautiva a los visitantes con una exploraci\u00f3n fascinante de los sistemas de engranajes y sus aplicaciones. A medida que los visitantes interact\u00faan con los engranajes y descubren los principios que sustentan estos intrincados mecanismos, se van con una nueva apreciaci\u00f3n por la elegancia y el ingenio de la ingenier\u00eda mec\u00e1nica. Los visitantes de todas las edades se adentran en el fascinante mundo de los sistemas de engranajes y exploran la magia de las relaciones y los colores. Esta experiencia pr\u00e1ctica ofrece un viaje atractivo y educativo que despierta la curiosidad y enciende la pasi\u00f3n por las maravillas de la ingenier\u00eda y la mec\u00e1nica.<\/p>\t\t\t\t\t\t\t\t<\/div>\n\t\t\t\t<\/div>\n\t\t\t\t<div class=\"elementor-element elementor-element-6f8875f elementor-widget-divider--view-line elementor-widget elementor-widget-divider\" data-id=\"6f8875f\" data-element_type=\"widget\" data-widget_type=\"divider.default\">\n\t\t\t\t<div class=\"elementor-widget-container\">\n\t\t\t\t\t\t\t<div class=\"elementor-divider\">\n\t\t\t<span class=\"elementor-divider-separator\">\n\t\t\t\t\t\t<\/span>\n\t\t<\/div>\n\t\t\t\t\t\t<\/div>\n\t\t\t\t<\/div>\n\t\t\t\t<div class=\"elementor-element elementor-element-c42c4ca elementor-widget elementor-widget-heading\" data-id=\"c42c4ca\" data-element_type=\"widget\" data-widget_type=\"heading.default\">\n\t\t\t\t<div class=\"elementor-widget-container\">\n\t\t\t\t\t<h2 class=\"elementor-heading-title elementor-size-default\">Experiencia del visitante<\/h2>\t\t\t\t<\/div>\n\t\t\t\t<\/div>\n\t\t\t\t<div class=\"elementor-element elementor-element-66406b9 elementor-widget elementor-widget-text-editor\" data-id=\"66406b9\" data-element_type=\"widget\" data-widget_type=\"text-editor.default\">\n\t\t\t\t<div class=\"elementor-widget-container\">\n\t\t\t\t\t\t\t\t\t<p>A medida que los visitantes se acercan a la exposici\u00f3n Gears, se sienten atra\u00eddos por una serie de engranajes de distintos tama\u00f1os y colores. Cada bloque representa diferentes relaciones de transmisi\u00f3n. La exposici\u00f3n anima a los visitantes a explorar la interacci\u00f3n entre engranajes de distintos tama\u00f1os y a comprender c\u00f3mo los cambios en las relaciones de transmisi\u00f3n influyen en la velocidad y la fuerza.<\/p><p>Curiosamente, sobre algunos engranajes, los visitantes descubrir\u00e1n formas cortadas con l\u00e1ser de objetos cotidianos familiares que los ni\u00f1os adoran. Este divertido a\u00f1adido incita a las mentes j\u00f3venes a interactuar con la exposici\u00f3n, forjando conexiones entre la mec\u00e1nica y los objetos que encuentran en su vida diaria.<\/p><p>Con un simple giro, los visitantes ponen en movimiento los engranajes y se maravillan con la intrincada danza de los engranajes a medida que engranan y giran. Pueden experimentar conectando engranajes de tama\u00f1os contrastantes y visualizando el efecto de las relaciones de transmisi\u00f3n en el comportamiento del sistema mec\u00e1nico. A medida que manipulan los engranajes, los visitantes obtienen informaci\u00f3n valiosa sobre los principios fundamentales de la ingenier\u00eda mec\u00e1nica.<\/p>\t\t\t\t\t\t\t\t<\/div>\n\t\t\t\t<\/div>\n\t\t\t\t<div class=\"elementor-element elementor-element-b0eaf62 elementor-widget-divider--view-line elementor-widget elementor-widget-divider\" data-id=\"b0eaf62\" data-element_type=\"widget\" data-widget_type=\"divider.default\">\n\t\t\t\t<div class=\"elementor-widget-container\">\n\t\t\t\t\t\t\t<div class=\"elementor-divider\">\n\t\t\t<span class=\"elementor-divider-separator\">\n\t\t\t\t\t\t<\/span>\n\t\t<\/div>\n\t\t\t\t\t\t<\/div>\n\t\t\t\t<\/div>\n\t\t\t\t<div class=\"elementor-element elementor-element-a98cdef elementor-widget elementor-widget-heading\" data-id=\"a98cdef\" data-element_type=\"widget\" data-widget_type=\"heading.default\">\n\t\t\t\t<div class=\"elementor-widget-container\">\n\t\t\t\t\t<h2 class=\"elementor-heading-title elementor-size-default\">Lecciones aprendidas<\/h2>\t\t\t\t<\/div>\n\t\t\t\t<\/div>\n\t\t\t\t<div class=\"elementor-element elementor-element-967c071 elementor-widget elementor-widget-text-editor\" data-id=\"967c071\" data-element_type=\"widget\" data-widget_type=\"text-editor.default\">\n\t\t\t\t<div class=\"elementor-widget-container\">\n\t\t\t\t\t\t\t\t\t<ul><li><p><a href=\"https:\/\/www.sciencedirect.com\/topics\/engineering\/gear-ratio\" target=\"_blank\" rel=\"noopener\"><strong>Comprensi\u00f3n de las relaciones de transmisi\u00f3n:<\/strong><\/a> Gears presenta a los visitantes el concepto de relaci\u00f3n de transmisi\u00f3n. La exhibici\u00f3n demuestra c\u00f3mo los engranajes de diferentes tama\u00f1os interact\u00faan para alterar la velocidad y la fuerza de rotaci\u00f3n. A trav\u00e9s de la exploraci\u00f3n pr\u00e1ctica, los participantes observan la relaci\u00f3n directa entre el tama\u00f1o de los engranajes y su impacto en el sistema mec\u00e1nico general.<\/p><\/li><li><p><strong>Principios mec\u00e1nicos en movimiento:<\/strong> Al interactuar activamente con los engranajes de la exposici\u00f3n, los visitantes aprenden sobre los principios mec\u00e1nicos esenciales que rigen el movimiento, la transmisi\u00f3n y la transferencia de fuerza. Son testigos de primera mano de c\u00f3mo los engranajes convierten el movimiento rotatorio y aprenden a apreciar la belleza de la ingenier\u00eda mec\u00e1nica.<\/p><\/li><li><p><strong>Descubriendo aplicaciones cotidianas:<\/strong> La inclusi\u00f3n de formas familiares cortadas con l\u00e1ser sobre los engranajes conecta la mec\u00e1nica con los objetos cotidianos. Esto proporciona un v\u00ednculo tangible entre la exhibici\u00f3n y las aplicaciones de la vida real. La interacci\u00f3n cierra la brecha entre la teor\u00eda y la pr\u00e1ctica, mostrando c\u00f3mo la mec\u00e1nica permea varios aspectos de nuestro mundo.<\/p><\/li><li><p><strong>Fomentar el aprendizaje pr\u00e1ctico:<\/strong> Gears inspira a los visitantes a convertirse en aprendices activos, invit\u00e1ndolos a experimentar con engranajes y explorar diferentes configuraciones. Este enfoque pr\u00e1ctico profundiza la comprensi\u00f3n y mejora la retenci\u00f3n de conocimientos, fomentando un amor por el aprendizaje que durar\u00e1 toda la vida.<\/p><\/li><li><p><strong>Fomentando las habilidades para la resoluci\u00f3n de problemas:<\/strong> La naturaleza interactiva de la exposici\u00f3n invita a los visitantes a participar en ejercicios de resoluci\u00f3n de problemas mientras experimentan con combinaciones de engranajes. Los participantes aprenden a analizar y ajustar el sistema para lograr resultados espec\u00edficos, lo que fomenta las habilidades de pensamiento cr\u00edtico.<\/p><\/li><\/ul>\t\t\t\t\t\t\t\t<\/div>\n\t\t\t\t<\/div>\n\t\t\t\t<div class=\"elementor-element elementor-element-52b6c2d elementor-widget-divider--view-line elementor-widget elementor-widget-divider\" data-id=\"52b6c2d\" data-element_type=\"widget\" data-widget_type=\"divider.default\">\n\t\t\t\t<div class=\"elementor-widget-container\">\n\t\t\t\t\t\t\t<div class=\"elementor-divider\">\n\t\t\t<span class=\"elementor-divider-separator\">\n\t\t\t\t\t\t<\/span>\n\t\t<\/div>\n\t\t\t\t\t\t<\/div>\n\t\t\t\t<\/div>\n\t\t\t\t<div class=\"elementor-element elementor-element-4683f50 elementor-widget elementor-widget-heading\" data-id=\"4683f50\" data-element_type=\"widget\" data-widget_type=\"heading.default\">\n\t\t\t\t<div class=\"elementor-widget-container\">\n\t\t\t\t\t<h2 class=\"elementor-heading-title elementor-size-default\">Edad objetivo<\/h2>\t\t\t\t<\/div>\n\t\t\t\t<\/div>\n\t\t\t\t<div class=\"elementor-element elementor-element-2195606 elementor-icon-list--layout-traditional elementor-list-item-link-full_width elementor-widget elementor-widget-icon-list\" data-id=\"2195606\" data-element_type=\"widget\" data-widget_type=\"icon-list.default\">\n\t\t\t\t<div class=\"elementor-widget-container\">\n\t\t\t\t\t\t\t<ul class=\"elementor-icon-list-items\">\n\t\t\t\t\t\t\t<li class=\"elementor-icon-list-item\">\n\t\t\t\t\t\t\t\t\t\t\t<span class=\"elementor-icon-list-icon\">\n\t\t\t\t\t\t\t<i aria-hidden=\"true\" class=\"fas fa-check\"><\/i>\t\t\t\t\t\t<\/span>\n\t\t\t\t\t\t\t\t\t\t<span class=\"elementor-icon-list-text\">Todas las edades<\/span>\n\t\t\t\t\t\t\t\t\t<\/li>\n\t\t\t\t\t\t<\/ul>\n\t\t\t\t\t\t<\/div>\n\t\t\t\t<\/div>\n\t\t\t\t<div class=\"elementor-element elementor-element-0c8cfed elementor-widget-divider--view-line elementor-widget elementor-widget-divider\" data-id=\"0c8cfed\" data-element_type=\"widget\" data-widget_type=\"divider.default\">\n\t\t\t\t<div class=\"elementor-widget-container\">\n\t\t\t\t\t\t\t<div class=\"elementor-divider\">\n\t\t\t<span class=\"elementor-divider-separator\">\n\t\t\t\t\t\t<\/span>\n\t\t<\/div>\n\t\t\t\t\t\t<\/div>\n\t\t\t\t<\/div>\n\t\t\t\t<div class=\"elementor-element elementor-element-691e9e8 elementor-widget elementor-widget-heading\" data-id=\"691e9e8\" data-element_type=\"widget\" data-widget_type=\"heading.default\">\n\t\t\t\t<div class=\"elementor-widget-container\">\n\t\t\t\t\t<h2 class=\"elementor-heading-title elementor-size-default\">Temas aplicables<\/h2>\t\t\t\t<\/div>\n\t\t\t\t<\/div>\n\t\t\t\t<div class=\"elementor-element elementor-element-2063240 elementor-icon-list--layout-traditional elementor-list-item-link-full_width elementor-widget elementor-widget-icon-list\" data-id=\"2063240\" data-element_type=\"widget\" data-widget_type=\"icon-list.default\">\n\t\t\t\t<div class=\"elementor-widget-container\">\n\t\t\t\t\t\t\t<ul class=\"elementor-icon-list-items\">\n\t\t\t\t\t\t\t<li class=\"elementor-icon-list-item\">\n\t\t\t\t\t\t\t\t\t\t\t<a href=\"https:\/\/sertek.com.tr\/es\/exhibiciones-tematicas-de-fisica\/\">\n\n\t\t\t\t\t\t\t\t\t\t\t\t<span class=\"elementor-icon-list-icon\">\n\t\t\t\t\t\t\t<i aria-hidden=\"true\" class=\"fab fa-react\"><\/i>\t\t\t\t\t\t<\/span>\n\t\t\t\t\t\t\t\t\t\t<span class=\"elementor-icon-list-text\">F\u00edsica<\/span>\n\t\t\t\t\t\t\t\t\t\t\t<\/a>\n\t\t\t\t\t\t\t\t\t<\/li>\n\t\t\t\t\t\t\t\t<li class=\"elementor-icon-list-item\">\n\t\t\t\t\t\t\t\t\t\t\t<a href=\"https:\/\/sertek.com.tr\/es\/exhibiciones-tematicas-de-mecanica\/\">\n\n\t\t\t\t\t\t\t\t\t\t\t\t<span class=\"elementor-icon-list-icon\">\n\t\t\t\t\t\t\t<i aria-hidden=\"true\" class=\"fas fa-tools\"><\/i>\t\t\t\t\t\t<\/span>\n\t\t\t\t\t\t\t\t\t\t<span class=\"elementor-icon-list-text\">Mec\u00e1nica<\/span>\n\t\t\t\t\t\t\t\t\t\t\t<\/a>\n\t\t\t\t\t\t\t\t\t<\/li>\n\t\t\t\t\t\t<\/ul>\n\t\t\t\t\t\t<\/div>\n\t\t\t\t<\/div>\n\t\t\t\t\t<\/div>\n\t\t<\/div>\n\t\t\t\t\t<\/div>\n\t\t<\/section>\n\t\t\t\t<div class=\"elementor-element elementor-element-b458126 elementor-widget elementor-widget-spacer\" data-id=\"b458126\" data-element_type=\"widget\" data-widget_type=\"spacer.default\">\n\t\t\t\t<div class=\"elementor-widget-container\">\n\t\t\t\t\t\t\t<div class=\"elementor-spacer\">\n\t\t\t<div class=\"elementor-spacer-inner\"><\/div>\n\t\t<\/div>\n\t\t\t\t\t\t<\/div>\n\t\t\t\t<\/div>\n\t\t\t\t\t<\/div>\n\t\t<\/div>\n\t\t\t\t\t<\/div>\n\t\t<\/section>\n\t\t\t\t<\/div>","protected":false},"excerpt":{"rendered":"<p>Exposici\u00f3n de Engranajes. La exposici\u00f3n de engranajes revela las maravillas de la mec\u00e1nica, cautivando a los visitantes con una fascinante exploraci\u00f3n de los sistemas de engranajes y sus aplicaciones. A medida que los visitantes interact\u00faan [\u2026]<\/p>","protected":false},"author":2,"featured_media":0,"parent":0,"menu_order":0,"comment_status":"closed","ping_status":"closed","template":"page-custom.php","meta":{"om_disable_all_campaigns":false,"_monsterinsights_skip_tracking":false,"_monsterinsights_sitenote_active":false,"_monsterinsights_sitenote_note":"","_monsterinsights_sitenote_category":0,"_uf_show_specific_survey":0,"_uf_disable_surveys":false,"footnotes":""},"class_list":["post-4505","page","type-page","status-publish","hentry"],"acf":{"full_width":false,"header_transparent":false,"header_white":false},"aioseo_notices":[],"yoast_head":"<!-- This site is optimized with the Yoast SEO plugin v26.9 - https:\/\/yoast.com\/product\/yoast-seo-wordpress\/ -->\n<title>Gears Exhibit - Sertek Exhibitions<\/title>\n<meta name=\"description\" content=\"Gears exhibit unveils the wonders of mechanics, engaging visitors in a captivating exploration of gear systems and their applications.\" \/>\n<meta name=\"robots\" content=\"index, follow, max-snippet:-1, max-image-preview:large, max-video-preview:-1\" \/>\n<link rel=\"canonical\" href=\"https:\/\/sertek.com.tr\/es\/exposicion-de-engranajes\/\" \/>\n<meta property=\"og:locale\" content=\"es_ES\" \/>\n<meta property=\"og:type\" content=\"article\" \/>\n<meta property=\"og:title\" content=\"Gears Exhibit - Sertek Exhibitions\" \/>\n<meta property=\"og:description\" content=\"Gears exhibit unveils the wonders of mechanics, engaging visitors in a captivating exploration of gear systems and their applications.\" \/>\n<meta property=\"og:url\" content=\"https:\/\/sertek.com.tr\/es\/exposicion-de-engranajes\/\" \/>\n<meta property=\"og:site_name\" content=\"Sertek Exhibitions\" \/>\n<meta property=\"article:modified_time\" content=\"2023-10-04T20:15:34+00:00\" \/>\n<meta property=\"og:image\" content=\"https:\/\/sertek.com.tr\/wp-content\/uploads\/elementor\/thumbs\/mechanics_theme-qbxm8n3ihmn2f4lwuvk7kokn4bmnk7ifg8sfue65xk.jpg\" \/>\n<meta name=\"twitter:card\" content=\"summary_large_image\" \/>\n<meta name=\"twitter:label1\" content=\"Tiempo de lectura\" \/>\n\t<meta name=\"twitter:data1\" content=\"3 minutos\" \/>\n<script type=\"application\/ld+json\" class=\"yoast-schema-graph\">{\"@context\":\"https:\/\/schema.org\",\"@graph\":[{\"@type\":\"WebPage\",\"@id\":\"https:\/\/sertek.com.tr\/en\/gears-exhibit\/\",\"url\":\"https:\/\/sertek.com.tr\/en\/gears-exhibit\/\",\"name\":\"Gears Exhibit - Sertek Exhibitions\",\"isPartOf\":{\"@id\":\"https:\/\/sertek.com.tr\/en\/#website\"},\"primaryImageOfPage\":{\"@id\":\"https:\/\/sertek.com.tr\/en\/gears-exhibit\/#primaryimage\"},\"image\":{\"@id\":\"https:\/\/sertek.com.tr\/en\/gears-exhibit\/#primaryimage\"},\"thumbnailUrl\":\"https:\/\/sertek.com.tr\/wp-content\/uploads\/elementor\/thumbs\/mechanics_theme-qbxm8n3ihmn2f4lwuvk7kokn4bmnk7ifg8sfue65xk.jpg\",\"datePublished\":\"2023-07-22T07:47:11+00:00\",\"dateModified\":\"2023-10-04T20:15:34+00:00\",\"description\":\"Gears exhibit unveils the wonders of mechanics, engaging visitors in a captivating exploration of gear systems and their applications.\",\"breadcrumb\":{\"@id\":\"https:\/\/sertek.com.tr\/en\/gears-exhibit\/#breadcrumb\"},\"inLanguage\":\"es\",\"potentialAction\":[{\"@type\":\"ReadAction\",\"target\":[\"https:\/\/sertek.com.tr\/en\/gears-exhibit\/\"]}]},{\"@type\":\"ImageObject\",\"inLanguage\":\"es\",\"@id\":\"https:\/\/sertek.com.tr\/en\/gears-exhibit\/#primaryimage\",\"url\":\"https:\/\/sertek.com.tr\/wp-content\/uploads\/elementor\/thumbs\/mechanics_theme-qbxm8n3ihmn2f4lwuvk7kokn4bmnk7ifg8sfue65xk.jpg\",\"contentUrl\":\"https:\/\/sertek.com.tr\/wp-content\/uploads\/elementor\/thumbs\/mechanics_theme-qbxm8n3ihmn2f4lwuvk7kokn4bmnk7ifg8sfue65xk.jpg\"},{\"@type\":\"BreadcrumbList\",\"@id\":\"https:\/\/sertek.com.tr\/en\/gears-exhibit\/#breadcrumb\",\"itemListElement\":[{\"@type\":\"ListItem\",\"position\":1,\"name\":\"Home\",\"item\":\"https:\/\/sertek.com.tr\/\"},{\"@type\":\"ListItem\",\"position\":2,\"name\":\"Gears Exhibit\"}]},{\"@type\":\"WebSite\",\"@id\":\"https:\/\/sertek.com.tr\/en\/#website\",\"url\":\"https:\/\/sertek.com.tr\/en\/\",\"name\":\"Sertek Exhibitions\",\"description\":\"Sertek Exhibitons\",\"publisher\":{\"@id\":\"https:\/\/sertek.com.tr\/en\/#organization\"},\"potentialAction\":[{\"@type\":\"SearchAction\",\"target\":{\"@type\":\"EntryPoint\",\"urlTemplate\":\"https:\/\/sertek.com.tr\/en\/?s={search_term_string}\"},\"query-input\":{\"@type\":\"PropertyValueSpecification\",\"valueRequired\":true,\"valueName\":\"search_term_string\"}}],\"inLanguage\":\"es\"},{\"@type\":\"Organization\",\"@id\":\"https:\/\/sertek.com.tr\/en\/#organization\",\"name\":\"Sertek Exhibitions\",\"url\":\"https:\/\/sertek.com.tr\/en\/\",\"logo\":{\"@type\":\"ImageObject\",\"inLanguage\":\"es\",\"@id\":\"https:\/\/sertek.com.tr\/en\/#\/schema\/logo\/image\/\",\"url\":\"https:\/\/sertek.com.tr\/wp-content\/uploads\/2023\/06\/SertekLogo-1.png\",\"contentUrl\":\"https:\/\/sertek.com.tr\/wp-content\/uploads\/2023\/06\/SertekLogo-1.png\",\"width\":300,\"height\":49,\"caption\":\"Sertek Exhibitions\"},\"image\":{\"@id\":\"https:\/\/sertek.com.tr\/en\/#\/schema\/logo\/image\/\"},\"sameAs\":[\"https:\/\/www.linkedin.com\/company\/sertek-exhibitions\/\"]}]}<\/script>\n<!-- \/ Yoast SEO plugin. -->","yoast_head_json":{"title":"Gears Exhibit - Sertek Exhibitions","description":"Gears exhibit unveils the wonders of mechanics, engaging visitors in a captivating exploration of gear systems and their applications.","robots":{"index":"index","follow":"follow","max-snippet":"max-snippet:-1","max-image-preview":"max-image-preview:large","max-video-preview":"max-video-preview:-1"},"canonical":"https:\/\/sertek.com.tr\/es\/exposicion-de-engranajes\/","og_locale":"es_ES","og_type":"article","og_title":"Gears Exhibit - Sertek Exhibitions","og_description":"Gears exhibit unveils the wonders of mechanics, engaging visitors in a captivating exploration of gear systems and their applications.","og_url":"https:\/\/sertek.com.tr\/es\/exposicion-de-engranajes\/","og_site_name":"Sertek Exhibitions","article_modified_time":"2023-10-04T20:15:34+00:00","og_image":[{"url":"https:\/\/sertek.com.tr\/wp-content\/uploads\/elementor\/thumbs\/mechanics_theme-qbxm8n3ihmn2f4lwuvk7kokn4bmnk7ifg8sfue65xk.jpg","type":"","width":"","height":""}],"twitter_card":"summary_large_image","twitter_misc":{"Tiempo de lectura":"3 minutos"},"schema":{"@context":"https:\/\/schema.org","@graph":[{"@type":"WebPage","@id":"https:\/\/sertek.com.tr\/en\/gears-exhibit\/","url":"https:\/\/sertek.com.tr\/en\/gears-exhibit\/","name":"Gears Exhibit - Sertek Exhibitions","isPartOf":{"@id":"https:\/\/sertek.com.tr\/en\/#website"},"primaryImageOfPage":{"@id":"https:\/\/sertek.com.tr\/en\/gears-exhibit\/#primaryimage"},"image":{"@id":"https:\/\/sertek.com.tr\/en\/gears-exhibit\/#primaryimage"},"thumbnailUrl":"https:\/\/sertek.com.tr\/wp-content\/uploads\/elementor\/thumbs\/mechanics_theme-qbxm8n3ihmn2f4lwuvk7kokn4bmnk7ifg8sfue65xk.jpg","datePublished":"2023-07-22T07:47:11+00:00","dateModified":"2023-10-04T20:15:34+00:00","description":"Gears exhibit unveils the wonders of mechanics, engaging visitors in a captivating exploration of gear systems and their applications.","breadcrumb":{"@id":"https:\/\/sertek.com.tr\/en\/gears-exhibit\/#breadcrumb"},"inLanguage":"es","potentialAction":[{"@type":"ReadAction","target":["https:\/\/sertek.com.tr\/en\/gears-exhibit\/"]}]},{"@type":"ImageObject","inLanguage":"es","@id":"https:\/\/sertek.com.tr\/en\/gears-exhibit\/#primaryimage","url":"https:\/\/sertek.com.tr\/wp-content\/uploads\/elementor\/thumbs\/mechanics_theme-qbxm8n3ihmn2f4lwuvk7kokn4bmnk7ifg8sfue65xk.jpg","contentUrl":"https:\/\/sertek.com.tr\/wp-content\/uploads\/elementor\/thumbs\/mechanics_theme-qbxm8n3ihmn2f4lwuvk7kokn4bmnk7ifg8sfue65xk.jpg"},{"@type":"BreadcrumbList","@id":"https:\/\/sertek.com.tr\/en\/gears-exhibit\/#breadcrumb","itemListElement":[{"@type":"ListItem","position":1,"name":"Home","item":"https:\/\/sertek.com.tr\/"},{"@type":"ListItem","position":2,"name":"Gears Exhibit"}]},{"@type":"WebSite","@id":"https:\/\/sertek.com.tr\/en\/#website","url":"https:\/\/sertek.com.tr\/en\/","name":"Sertek Exhibitions","description":"Sertek Exhibitons","publisher":{"@id":"https:\/\/sertek.com.tr\/en\/#organization"},"potentialAction":[{"@type":"SearchAction","target":{"@type":"EntryPoint","urlTemplate":"https:\/\/sertek.com.tr\/en\/?s={search_term_string}"},"query-input":{"@type":"PropertyValueSpecification","valueRequired":true,"valueName":"search_term_string"}}],"inLanguage":"es"},{"@type":"Organization","@id":"https:\/\/sertek.com.tr\/en\/#organization","name":"Sertek Exhibitions","url":"https:\/\/sertek.com.tr\/en\/","logo":{"@type":"ImageObject","inLanguage":"es","@id":"https:\/\/sertek.com.tr\/en\/#\/schema\/logo\/image\/","url":"https:\/\/sertek.com.tr\/wp-content\/uploads\/2023\/06\/SertekLogo-1.png","contentUrl":"https:\/\/sertek.com.tr\/wp-content\/uploads\/2023\/06\/SertekLogo-1.png","width":300,"height":49,"caption":"Sertek Exhibitions"},"image":{"@id":"https:\/\/sertek.com.tr\/en\/#\/schema\/logo\/image\/"},"sameAs":["https:\/\/www.linkedin.com\/company\/sertek-exhibitions\/"]}]}},"jetpack_sharing_enabled":true,"_links":{"self":[{"href":"https:\/\/sertek.com.tr\/es\/wp-json\/wp\/v2\/pages\/4505","targetHints":{"allow":["GET"]}}],"collection":[{"href":"https:\/\/sertek.com.tr\/es\/wp-json\/wp\/v2\/pages"}],"about":[{"href":"https:\/\/sertek.com.tr\/es\/wp-json\/wp\/v2\/types\/page"}],"author":[{"embeddable":true,"href":"https:\/\/sertek.com.tr\/es\/wp-json\/wp\/v2\/users\/2"}],"replies":[{"embeddable":true,"href":"https:\/\/sertek.com.tr\/es\/wp-json\/wp\/v2\/comments?post=4505"}],"version-history":[{"count":20,"href":"https:\/\/sertek.com.tr\/es\/wp-json\/wp\/v2\/pages\/4505\/revisions"}],"predecessor-version":[{"id":7055,"href":"https:\/\/sertek.com.tr\/es\/wp-json\/wp\/v2\/pages\/4505\/revisions\/7055"}],"wp:attachment":[{"href":"https:\/\/sertek.com.tr\/es\/wp-json\/wp\/v2\/media?parent=4505"}],"curies":[{"name":"wp","href":"https:\/\/api.w.org\/{rel}","templated":true}]}}