{"id":5100,"date":"2023-07-24T11:52:57","date_gmt":"2023-07-24T11:52:57","guid":{"rendered":"https:\/\/sertekexhibitions.com\/?page_id=5100"},"modified":"2023-09-09T18:28:09","modified_gmt":"2023-09-09T18:28:09","slug":"chat-gpt-exhibit","status":"publish","type":"page","link":"https:\/\/sertek.com.tr\/es\/chat-gpt-exhibicion\/","title":{"rendered":"Exhibici\u00f3n de Chat GPT"},"content":{"rendered":"<div data-elementor-type=\"wp-page\" data-elementor-id=\"5100\" class=\"elementor elementor-5100\" data-elementor-settings=\"{&quot;ha_cmc_init_switcher&quot;:&quot;no&quot;}\">\n\t\t\t\t\t\t<section class=\"elementor-section elementor-top-section elementor-element elementor-element-9f5181a elementor-section-boxed elementor-section-height-default elementor-section-height-default\" data-id=\"9f5181a\" data-element_type=\"section\" data-settings=\"{&quot;_ha_eqh_enable&quot;:false}\">\n\t\t\t\t\t\t<div class=\"elementor-container elementor-column-gap-extended\">\n\t\t\t\t\t<div class=\"elementor-column elementor-col-100 elementor-top-column elementor-element elementor-element-e397ea5\" data-id=\"e397ea5\" data-element_type=\"column\">\n\t\t\t<div class=\"elementor-widget-wrap elementor-element-populated\">\n\t\t\t\t\t\t<section class=\"elementor-section elementor-inner-section elementor-element elementor-element-04ee2d9 elementor-section-full_width elementor-section-height-default elementor-section-height-default\" data-id=\"04ee2d9\" data-element_type=\"section\" data-settings=\"{&quot;background_background&quot;:&quot;classic&quot;,&quot;_ha_eqh_enable&quot;:false}\">\n\t\t\t\t\t\t<div class=\"elementor-container elementor-column-gap-wide\">\n\t\t\t\t\t<div class=\"elementor-column elementor-col-50 elementor-inner-column elementor-element elementor-element-5533d4d has-sticky-column\" data-id=\"5533d4d\" data-element_type=\"column\">\n\t\t\t<div class=\"elementor-widget-wrap elementor-element-populated\">\n\t\t\t\t\t\t<div class=\"elementor-element elementor-element-734f16e elementor-widget__width-inherit elementor-arrows-position-inside elementor-pagination-position-outside elementor-widget elementor-widget-image-carousel\" data-id=\"734f16e\" data-element_type=\"widget\" data-settings=\"{&quot;slides_to_show&quot;:&quot;1&quot;,&quot;navigation&quot;:&quot;both&quot;,&quot;autoplay&quot;:&quot;yes&quot;,&quot;pause_on_hover&quot;:&quot;yes&quot;,&quot;pause_on_interaction&quot;:&quot;yes&quot;,&quot;autoplay_speed&quot;:5000,&quot;infinite&quot;:&quot;yes&quot;,&quot;effect&quot;:&quot;slide&quot;,&quot;speed&quot;:500}\" data-widget_type=\"image-carousel.default\">\n\t\t\t\t<div class=\"elementor-widget-container\">\n\t\t\t\t\t\t\t<div class=\"elementor-image-carousel-wrapper swiper\" role=\"region\" aria-roledescription=\"carousel\" aria-label=\"Carrusel de im\u00e1genes\" dir=\"ltr\">\n\t\t\t<div class=\"elementor-image-carousel swiper-wrapper\" aria-live=\"off\">\n\t\t\t\t\t\t\t\t<div class=\"swiper-slide\" role=\"group\" aria-roledescription=\"slide\" aria-label=\"1 de 1\"><figure class=\"swiper-slide-inner\"><img decoding=\"async\" class=\"swiper-slide-image\" src=\"https:\/\/sertek.com.tr\/wp-content\/uploads\/elementor\/thumbs\/Chatbot-scaled-e1690030702695-qbxm8n3ihmn2f4lwuvk7kokn4bmnk7ifg8sfue65xk.jpg\" alt=\"exposici\u00f3n de chat gpt\" \/><\/figure><\/div>\t\t\t<\/div>\n\t\t\t\t\t<\/div>\n\t\t\t\t\t\t<\/div>\n\t\t\t\t<\/div>\n\t\t\t\t\t<\/div>\n\t\t<\/div>\n\t\t\t\t<div class=\"elementor-column elementor-col-50 elementor-inner-column elementor-element elementor-element-b691ff2\" data-id=\"b691ff2\" data-element_type=\"column\">\n\t\t\t<div class=\"elementor-widget-wrap elementor-element-populated\">\n\t\t\t\t\t\t<div class=\"elementor-element elementor-element-67564d4 elementor-widget elementor-widget-heading\" data-id=\"67564d4\" data-element_type=\"widget\" data-widget_type=\"heading.default\">\n\t\t\t\t<div class=\"elementor-widget-container\">\n\t\t\t\t\t<h1 class=\"elementor-heading-title elementor-size-default\">Exhibici\u00f3n de Chat GPT<\/h1>\t\t\t\t<\/div>\n\t\t\t\t<\/div>\n\t\t\t\t<div class=\"elementor-element elementor-element-fe6212b elementor-widget elementor-widget-text-editor\" data-id=\"fe6212b\" data-element_type=\"widget\" data-widget_type=\"text-editor.default\">\n\t\t\t\t<div class=\"elementor-widget-container\">\n\t\t\t\t\t\t\t\t\t<p>Ad\u00e9ntrese en el futuro con la exposici\u00f3n Chat GPT, una creaci\u00f3n innovadora de Sertek Exhibitions. Aqu\u00ed tendr\u00e1 la oportunidad \u00fanica de participar en conversaciones interactivas con un chatbot virtual que le permitir\u00e1 echar un vistazo al mundo de la inteligencia artificial.<\/p>\t\t\t\t\t\t\t\t<\/div>\n\t\t\t\t<\/div>\n\t\t\t\t<div class=\"elementor-element elementor-element-11669c5 elementor-widget-divider--view-line elementor-widget elementor-widget-divider\" data-id=\"11669c5\" data-element_type=\"widget\" data-widget_type=\"divider.default\">\n\t\t\t\t<div class=\"elementor-widget-container\">\n\t\t\t\t\t\t\t<div class=\"elementor-divider\">\n\t\t\t<span class=\"elementor-divider-separator\">\n\t\t\t\t\t\t<\/span>\n\t\t<\/div>\n\t\t\t\t\t\t<\/div>\n\t\t\t\t<\/div>\n\t\t\t\t<div class=\"elementor-element elementor-element-12c22df elementor-widget elementor-widget-heading\" data-id=\"12c22df\" data-element_type=\"widget\" data-widget_type=\"heading.default\">\n\t\t\t\t<div class=\"elementor-widget-container\">\n\t\t\t\t\t<h2 class=\"elementor-heading-title elementor-size-default\">Experiencia del visitante<\/h2>\t\t\t\t<\/div>\n\t\t\t\t<\/div>\n\t\t\t\t<div class=\"elementor-element elementor-element-2071964 elementor-widget elementor-widget-text-editor\" data-id=\"2071964\" data-element_type=\"widget\" data-widget_type=\"text-editor.default\">\n\t\t\t\t<div class=\"elementor-widget-container\">\n\t\t\t\t\t\t\t\t\t<ol><li><strong>IA conversacional:<\/strong> Ac\u00e9rquese a una pantalla que muestra un avatar virtual, equipado con un micr\u00f3fono. Participe en conversaciones din\u00e1micas con el chatbot y permita que tome la iniciativa en funci\u00f3n de sus respuestas.<\/li><li><strong>Perspectivas de IA:<\/strong> Explore las capacidades de la IA a medida que el chatbot se adapta a su di\u00e1logo, ofreciendo informaci\u00f3n sobre el poder de la inteligencia artificial para comprender y responder a la interacci\u00f3n humana.<\/li><li><strong>Compromiso controlado:<\/strong> Tienes la autonom\u00eda de finalizar la conversaci\u00f3n en cualquier momento, poni\u00e9ndote a cargo del encuentro.<\/li><\/ol>\t\t\t\t\t\t\t\t<\/div>\n\t\t\t\t<\/div>\n\t\t\t\t<div class=\"elementor-element elementor-element-a005608 elementor-widget-divider--view-line elementor-widget elementor-widget-divider\" data-id=\"a005608\" data-element_type=\"widget\" data-widget_type=\"divider.default\">\n\t\t\t\t<div class=\"elementor-widget-container\">\n\t\t\t\t\t\t\t<div class=\"elementor-divider\">\n\t\t\t<span class=\"elementor-divider-separator\">\n\t\t\t\t\t\t<\/span>\n\t\t<\/div>\n\t\t\t\t\t\t<\/div>\n\t\t\t\t<\/div>\n\t\t\t\t<div class=\"elementor-element elementor-element-d73324e elementor-widget elementor-widget-heading\" data-id=\"d73324e\" data-element_type=\"widget\" data-widget_type=\"heading.default\">\n\t\t\t\t<div class=\"elementor-widget-container\">\n\t\t\t\t\t<h2 class=\"elementor-heading-title elementor-size-default\">Caracter\u00edsticas principales de la exhibici\u00f3n de Chat GPT<\/h2>\t\t\t\t<\/div>\n\t\t\t\t<\/div>\n\t\t\t\t<div class=\"elementor-element elementor-element-e0fdeb2 elementor-widget elementor-widget-text-editor\" data-id=\"e0fdeb2\" data-element_type=\"widget\" data-widget_type=\"text-editor.default\">\n\t\t\t\t<div class=\"elementor-widget-container\">\n\t\t\t\t\t\t\t\t\t<ol><li><strong>Interacci\u00f3n con IA:<\/strong> Obtenga una comprensi\u00f3n m\u00e1s profunda de c\u00f3mo los sistemas de IA participan en las conversaciones, mostrando el progreso logrado en el campo del procesamiento del lenguaje natural.<\/li><li><a href=\"https:\/\/hbr.org\/2018\/07\/collaborative-intelligence-humans-and-ai-are-joining-forces\" target=\"_blank\" rel=\"noopener\"><strong>Colaboraci\u00f3n hombre-m\u00e1quina:<\/strong> <\/a>Experimente de primera mano el potencial de una colaboraci\u00f3n significativa entre humanos e IA, destacando las posibilidades de asistencia y comunicaci\u00f3n impulsadas por IA.<\/li><li><strong>Autonom\u00eda conversacional:<\/strong> Descubra la importancia del control del usuario en las interacciones de IA, enfatizando el papel de la agencia personal en las conversaciones impulsadas por la tecnolog\u00eda.<\/li><\/ol>\t\t\t\t\t\t\t\t<\/div>\n\t\t\t\t<\/div>\n\t\t\t\t<div class=\"elementor-element elementor-element-8c9d4f7 elementor-widget-divider--view-line elementor-widget elementor-widget-divider\" data-id=\"8c9d4f7\" data-element_type=\"widget\" data-widget_type=\"divider.default\">\n\t\t\t\t<div class=\"elementor-widget-container\">\n\t\t\t\t\t\t\t<div class=\"elementor-divider\">\n\t\t\t<span class=\"elementor-divider-separator\">\n\t\t\t\t\t\t<\/span>\n\t\t<\/div>\n\t\t\t\t\t\t<\/div>\n\t\t\t\t<\/div>\n\t\t\t\t<div class=\"elementor-element elementor-element-318de6b elementor-widget elementor-widget-heading\" data-id=\"318de6b\" data-element_type=\"widget\" data-widget_type=\"heading.default\">\n\t\t\t\t<div class=\"elementor-widget-container\">\n\t\t\t\t\t<h2 class=\"elementor-heading-title elementor-size-default\">Edad objetivo<\/h2>\t\t\t\t<\/div>\n\t\t\t\t<\/div>\n\t\t\t\t<div class=\"elementor-element elementor-element-9154765 elementor-icon-list--layout-traditional elementor-list-item-link-full_width elementor-widget elementor-widget-icon-list\" data-id=\"9154765\" data-element_type=\"widget\" data-widget_type=\"icon-list.default\">\n\t\t\t\t<div class=\"elementor-widget-container\">\n\t\t\t\t\t\t\t<ul class=\"elementor-icon-list-items\">\n\t\t\t\t\t\t\t<li class=\"elementor-icon-list-item\">\n\t\t\t\t\t\t\t\t\t\t\t<span class=\"elementor-icon-list-icon\">\n\t\t\t\t\t\t\t<i aria-hidden=\"true\" class=\"fas fa-check\"><\/i>\t\t\t\t\t\t<\/span>\n\t\t\t\t\t\t\t\t\t\t<span class=\"elementor-icon-list-text\">Todas las edades.<\/span>\n\t\t\t\t\t\t\t\t\t<\/li>\n\t\t\t\t\t\t<\/ul>\n\t\t\t\t\t\t<\/div>\n\t\t\t\t<\/div>\n\t\t\t\t<div class=\"elementor-element elementor-element-1c42117 elementor-widget-divider--view-line elementor-widget elementor-widget-divider\" data-id=\"1c42117\" data-element_type=\"widget\" data-widget_type=\"divider.default\">\n\t\t\t\t<div class=\"elementor-widget-container\">\n\t\t\t\t\t\t\t<div class=\"elementor-divider\">\n\t\t\t<span class=\"elementor-divider-separator\">\n\t\t\t\t\t\t<\/span>\n\t\t<\/div>\n\t\t\t\t\t\t<\/div>\n\t\t\t\t<\/div>\n\t\t\t\t<div class=\"elementor-element elementor-element-9a1ad82 elementor-widget elementor-widget-heading\" data-id=\"9a1ad82\" data-element_type=\"widget\" data-widget_type=\"heading.default\">\n\t\t\t\t<div class=\"elementor-widget-container\">\n\t\t\t\t\t<h2 class=\"elementor-heading-title elementor-size-default\">Temas aplicables<\/h2>\t\t\t\t<\/div>\n\t\t\t\t<\/div>\n\t\t\t\t<div class=\"elementor-element elementor-element-df5736d elementor-icon-list--layout-traditional elementor-list-item-link-full_width elementor-widget elementor-widget-icon-list\" data-id=\"df5736d\" data-element_type=\"widget\" data-widget_type=\"icon-list.default\">\n\t\t\t\t<div class=\"elementor-widget-container\">\n\t\t\t\t\t\t\t<ul class=\"elementor-icon-list-items\">\n\t\t\t\t\t\t\t<li class=\"elementor-icon-list-item\">\n\t\t\t\t\t\t\t\t\t\t\t<a href=\"https:\/\/sertek.com.tr\/es\/exhibiciones-tematicas-de-tecnologia-robotica\/\">\n\n\t\t\t\t\t\t\t\t\t\t\t\t<span class=\"elementor-icon-list-icon\">\n\t\t\t\t\t\t\t<i aria-hidden=\"true\" class=\"fas fa-robot\"><\/i>\t\t\t\t\t\t<\/span>\n\t\t\t\t\t\t\t\t\t\t<span class=\"elementor-icon-list-text\">Rob\u00f3tico<\/span>\n\t\t\t\t\t\t\t\t\t\t\t<\/a>\n\t\t\t\t\t\t\t\t\t<\/li>\n\t\t\t\t\t\t<\/ul>\n\t\t\t\t\t\t<\/div>\n\t\t\t\t<\/div>\n\t\t\t\t\t<\/div>\n\t\t<\/div>\n\t\t\t\t\t<\/div>\n\t\t<\/section>\n\t\t\t\t<div class=\"elementor-element elementor-element-b458126 elementor-widget elementor-widget-spacer\" data-id=\"b458126\" data-element_type=\"widget\" data-widget_type=\"spacer.default\">\n\t\t\t\t<div class=\"elementor-widget-container\">\n\t\t\t\t\t\t\t<div class=\"elementor-spacer\">\n\t\t\t<div class=\"elementor-spacer-inner\"><\/div>\n\t\t<\/div>\n\t\t\t\t\t\t<\/div>\n\t\t\t\t<\/div>\n\t\t\t\t\t<\/div>\n\t\t<\/div>\n\t\t\t\t\t<\/div>\n\t\t<\/section>\n\t\t\t\t<\/div>","protected":false},"excerpt":{"rendered":"<p>Chat GPT Exhibit Step into the future with the Chat GPT exhibit, a groundbreaking creation by Sertek Exhibitions. Here, you&#8217;ll have the unique opportunity [&hellip;]<\/p>","protected":false},"author":2,"featured_media":4720,"parent":0,"menu_order":0,"comment_status":"closed","ping_status":"closed","template":"page-custom.php","meta":{"om_disable_all_campaigns":false,"_monsterinsights_skip_tracking":false,"_monsterinsights_sitenote_active":false,"_monsterinsights_sitenote_note":"","_monsterinsights_sitenote_category":0,"_uf_show_specific_survey":0,"_uf_disable_surveys":false,"footnotes":""},"class_list":["post-5100","page","type-page","status-publish","has-post-thumbnail","hentry"],"acf":{"full_width":false,"header_transparent":false,"header_white":false},"aioseo_notices":[],"yoast_head":"<!-- This site is optimized with the Yoast SEO plugin v26.9 - https:\/\/yoast.com\/product\/yoast-seo-wordpress\/ -->\n<title>Chat GPT Exhibit - Sertek Exhibitions<\/title>\n<meta name=\"description\" content=\"Step into the future with the Chat GPT exhibit which makes it possible to have a conversation with a chatbot using speech recognition and AI.\" \/>\n<meta name=\"robots\" content=\"index, follow, max-snippet:-1, max-image-preview:large, max-video-preview:-1\" \/>\n<link rel=\"canonical\" href=\"https:\/\/sertek.com.tr\/es\/chat-gpt-exhibicion\/\" \/>\n<meta property=\"og:locale\" content=\"es_ES\" \/>\n<meta property=\"og:type\" content=\"article\" \/>\n<meta property=\"og:title\" content=\"Chat GPT Exhibit - Sertek Exhibitions\" \/>\n<meta property=\"og:description\" content=\"Step into the future with the Chat GPT exhibit which makes it possible to have a conversation with a chatbot using speech recognition and AI.\" \/>\n<meta property=\"og:url\" content=\"https:\/\/sertek.com.tr\/es\/chat-gpt-exhibicion\/\" \/>\n<meta property=\"og:site_name\" content=\"Sertek Exhibitions\" \/>\n<meta property=\"article:modified_time\" content=\"2023-09-09T18:28:09+00:00\" \/>\n<meta property=\"og:image\" content=\"https:\/\/sertek.com.tr\/wp-content\/uploads\/2023\/07\/Chatbot-scaled-e1690030702695.jpg\" \/>\n\t<meta property=\"og:image:width\" content=\"2188\" \/>\n\t<meta property=\"og:image:height\" content=\"1440\" \/>\n\t<meta property=\"og:image:type\" content=\"image\/jpeg\" \/>\n<meta name=\"twitter:card\" content=\"summary_large_image\" \/>\n<meta name=\"twitter:label1\" content=\"Tiempo de lectura\" \/>\n\t<meta name=\"twitter:data1\" content=\"2 minutos\" \/>\n<script type=\"application\/ld+json\" class=\"yoast-schema-graph\">{\"@context\":\"https:\/\/schema.org\",\"@graph\":[{\"@type\":\"WebPage\",\"@id\":\"https:\/\/sertek.com.tr\/en\/chat-gpt-exhibit\/\",\"url\":\"https:\/\/sertek.com.tr\/en\/chat-gpt-exhibit\/\",\"name\":\"Chat GPT Exhibit - Sertek Exhibitions\",\"isPartOf\":{\"@id\":\"https:\/\/sertek.com.tr\/en\/#website\"},\"primaryImageOfPage\":{\"@id\":\"https:\/\/sertek.com.tr\/en\/chat-gpt-exhibit\/#primaryimage\"},\"image\":{\"@id\":\"https:\/\/sertek.com.tr\/en\/chat-gpt-exhibit\/#primaryimage\"},\"thumbnailUrl\":\"https:\/\/sertek.com.tr\/wp-content\/uploads\/2023\/07\/Chatbot-scaled-e1690030702695.jpg\",\"datePublished\":\"2023-07-24T11:52:57+00:00\",\"dateModified\":\"2023-09-09T18:28:09+00:00\",\"description\":\"Step into the future with the Chat GPT exhibit which makes it possible to have a conversation with a chatbot using speech recognition and AI.\",\"breadcrumb\":{\"@id\":\"https:\/\/sertek.com.tr\/en\/chat-gpt-exhibit\/#breadcrumb\"},\"inLanguage\":\"es\",\"potentialAction\":[{\"@type\":\"ReadAction\",\"target\":[\"https:\/\/sertek.com.tr\/en\/chat-gpt-exhibit\/\"]}]},{\"@type\":\"ImageObject\",\"inLanguage\":\"es\",\"@id\":\"https:\/\/sertek.com.tr\/en\/chat-gpt-exhibit\/#primaryimage\",\"url\":\"https:\/\/sertek.com.tr\/wp-content\/uploads\/2023\/07\/Chatbot-scaled-e1690030702695.jpg\",\"contentUrl\":\"https:\/\/sertek.com.tr\/wp-content\/uploads\/2023\/07\/Chatbot-scaled-e1690030702695.jpg\",\"width\":2188,\"height\":1440,\"caption\":\"chat gpt exhibit\"},{\"@type\":\"BreadcrumbList\",\"@id\":\"https:\/\/sertek.com.tr\/en\/chat-gpt-exhibit\/#breadcrumb\",\"itemListElement\":[{\"@type\":\"ListItem\",\"position\":1,\"name\":\"Home\",\"item\":\"https:\/\/sertek.com.tr\/\"},{\"@type\":\"ListItem\",\"position\":2,\"name\":\"Chat GPT Exhibit\"}]},{\"@type\":\"WebSite\",\"@id\":\"https:\/\/sertek.com.tr\/en\/#website\",\"url\":\"https:\/\/sertek.com.tr\/en\/\",\"name\":\"Sertek Exhibitions\",\"description\":\"Sertek Exhibitons\",\"publisher\":{\"@id\":\"https:\/\/sertek.com.tr\/en\/#organization\"},\"potentialAction\":[{\"@type\":\"SearchAction\",\"target\":{\"@type\":\"EntryPoint\",\"urlTemplate\":\"https:\/\/sertek.com.tr\/en\/?s={search_term_string}\"},\"query-input\":{\"@type\":\"PropertyValueSpecification\",\"valueRequired\":true,\"valueName\":\"search_term_string\"}}],\"inLanguage\":\"es\"},{\"@type\":\"Organization\",\"@id\":\"https:\/\/sertek.com.tr\/en\/#organization\",\"name\":\"Sertek Exhibitions\",\"url\":\"https:\/\/sertek.com.tr\/en\/\",\"logo\":{\"@type\":\"ImageObject\",\"inLanguage\":\"es\",\"@id\":\"https:\/\/sertek.com.tr\/en\/#\/schema\/logo\/image\/\",\"url\":\"https:\/\/sertek.com.tr\/wp-content\/uploads\/2023\/06\/SertekLogo-1.png\",\"contentUrl\":\"https:\/\/sertek.com.tr\/wp-content\/uploads\/2023\/06\/SertekLogo-1.png\",\"width\":300,\"height\":49,\"caption\":\"Sertek Exhibitions\"},\"image\":{\"@id\":\"https:\/\/sertek.com.tr\/en\/#\/schema\/logo\/image\/\"},\"sameAs\":[\"https:\/\/www.linkedin.com\/company\/sertek-exhibitions\/\"]}]}<\/script>\n<!-- \/ Yoast SEO plugin. -->","yoast_head_json":{"title":"Chat GPT Exhibit - Sertek Exhibitions","description":"Step into the future with the Chat GPT exhibit which makes it possible to have a conversation with a chatbot using speech recognition and AI.","robots":{"index":"index","follow":"follow","max-snippet":"max-snippet:-1","max-image-preview":"max-image-preview:large","max-video-preview":"max-video-preview:-1"},"canonical":"https:\/\/sertek.com.tr\/es\/chat-gpt-exhibicion\/","og_locale":"es_ES","og_type":"article","og_title":"Chat GPT Exhibit - Sertek Exhibitions","og_description":"Step into the future with the Chat GPT exhibit which makes it possible to have a conversation with a chatbot using speech recognition and AI.","og_url":"https:\/\/sertek.com.tr\/es\/chat-gpt-exhibicion\/","og_site_name":"Sertek Exhibitions","article_modified_time":"2023-09-09T18:28:09+00:00","og_image":[{"width":2188,"height":1440,"url":"https:\/\/sertek.com.tr\/wp-content\/uploads\/2023\/07\/Chatbot-scaled-e1690030702695.jpg","type":"image\/jpeg"}],"twitter_card":"summary_large_image","twitter_misc":{"Tiempo de lectura":"2 minutos"},"schema":{"@context":"https:\/\/schema.org","@graph":[{"@type":"WebPage","@id":"https:\/\/sertek.com.tr\/en\/chat-gpt-exhibit\/","url":"https:\/\/sertek.com.tr\/en\/chat-gpt-exhibit\/","name":"Chat GPT Exhibit - Sertek Exhibitions","isPartOf":{"@id":"https:\/\/sertek.com.tr\/en\/#website"},"primaryImageOfPage":{"@id":"https:\/\/sertek.com.tr\/en\/chat-gpt-exhibit\/#primaryimage"},"image":{"@id":"https:\/\/sertek.com.tr\/en\/chat-gpt-exhibit\/#primaryimage"},"thumbnailUrl":"https:\/\/sertek.com.tr\/wp-content\/uploads\/2023\/07\/Chatbot-scaled-e1690030702695.jpg","datePublished":"2023-07-24T11:52:57+00:00","dateModified":"2023-09-09T18:28:09+00:00","description":"Step into the future with the Chat GPT exhibit which makes it possible to have a conversation with a chatbot using speech recognition and AI.","breadcrumb":{"@id":"https:\/\/sertek.com.tr\/en\/chat-gpt-exhibit\/#breadcrumb"},"inLanguage":"es","potentialAction":[{"@type":"ReadAction","target":["https:\/\/sertek.com.tr\/en\/chat-gpt-exhibit\/"]}]},{"@type":"ImageObject","inLanguage":"es","@id":"https:\/\/sertek.com.tr\/en\/chat-gpt-exhibit\/#primaryimage","url":"https:\/\/sertek.com.tr\/wp-content\/uploads\/2023\/07\/Chatbot-scaled-e1690030702695.jpg","contentUrl":"https:\/\/sertek.com.tr\/wp-content\/uploads\/2023\/07\/Chatbot-scaled-e1690030702695.jpg","width":2188,"height":1440,"caption":"chat gpt exhibit"},{"@type":"BreadcrumbList","@id":"https:\/\/sertek.com.tr\/en\/chat-gpt-exhibit\/#breadcrumb","itemListElement":[{"@type":"ListItem","position":1,"name":"Home","item":"https:\/\/sertek.com.tr\/"},{"@type":"ListItem","position":2,"name":"Chat GPT Exhibit"}]},{"@type":"WebSite","@id":"https:\/\/sertek.com.tr\/en\/#website","url":"https:\/\/sertek.com.tr\/en\/","name":"Sertek Exhibitions","description":"Sertek Exhibitons","publisher":{"@id":"https:\/\/sertek.com.tr\/en\/#organization"},"potentialAction":[{"@type":"SearchAction","target":{"@type":"EntryPoint","urlTemplate":"https:\/\/sertek.com.tr\/en\/?s={search_term_string}"},"query-input":{"@type":"PropertyValueSpecification","valueRequired":true,"valueName":"search_term_string"}}],"inLanguage":"es"},{"@type":"Organization","@id":"https:\/\/sertek.com.tr\/en\/#organization","name":"Sertek Exhibitions","url":"https:\/\/sertek.com.tr\/en\/","logo":{"@type":"ImageObject","inLanguage":"es","@id":"https:\/\/sertek.com.tr\/en\/#\/schema\/logo\/image\/","url":"https:\/\/sertek.com.tr\/wp-content\/uploads\/2023\/06\/SertekLogo-1.png","contentUrl":"https:\/\/sertek.com.tr\/wp-content\/uploads\/2023\/06\/SertekLogo-1.png","width":300,"height":49,"caption":"Sertek Exhibitions"},"image":{"@id":"https:\/\/sertek.com.tr\/en\/#\/schema\/logo\/image\/"},"sameAs":["https:\/\/www.linkedin.com\/company\/sertek-exhibitions\/"]}]}},"jetpack_sharing_enabled":true,"_links":{"self":[{"href":"https:\/\/sertek.com.tr\/es\/wp-json\/wp\/v2\/pages\/5100","targetHints":{"allow":["GET"]}}],"collection":[{"href":"https:\/\/sertek.com.tr\/es\/wp-json\/wp\/v2\/pages"}],"about":[{"href":"https:\/\/sertek.com.tr\/es\/wp-json\/wp\/v2\/types\/page"}],"author":[{"embeddable":true,"href":"https:\/\/sertek.com.tr\/es\/wp-json\/wp\/v2\/users\/2"}],"replies":[{"embeddable":true,"href":"https:\/\/sertek.com.tr\/es\/wp-json\/wp\/v2\/comments?post=5100"}],"version-history":[{"count":20,"href":"https:\/\/sertek.com.tr\/es\/wp-json\/wp\/v2\/pages\/5100\/revisions"}],"predecessor-version":[{"id":6895,"href":"https:\/\/sertek.com.tr\/es\/wp-json\/wp\/v2\/pages\/5100\/revisions\/6895"}],"wp:featuredmedia":[{"embeddable":true,"href":"https:\/\/sertek.com.tr\/es\/wp-json\/wp\/v2\/media\/4720"}],"wp:attachment":[{"href":"https:\/\/sertek.com.tr\/es\/wp-json\/wp\/v2\/media?parent=5100"}],"curies":[{"name":"wp","href":"https:\/\/api.w.org\/{rel}","templated":true}]}}