{"id":5162,"date":"2023-07-24T12:23:09","date_gmt":"2023-07-24T12:23:09","guid":{"rendered":"https:\/\/sertekexhibitions.com\/?page_id=5162"},"modified":"2023-11-07T20:10:41","modified_gmt":"2023-11-07T20:10:41","slug":"wheelchair-race-exhibit","status":"publish","type":"page","link":"https:\/\/sertek.com.tr\/es\/exhibicion-de-carreras-en-silla-de-ruedas\/","title":{"rendered":"Exhibici\u00f3n de carreras en silla de ruedas"},"content":{"rendered":"<div data-elementor-type=\"wp-page\" data-elementor-id=\"5162\" class=\"elementor elementor-5162\" data-elementor-settings=\"{&quot;ha_cmc_init_switcher&quot;:&quot;no&quot;}\">\n\t\t\t\t\t\t<section class=\"elementor-section elementor-top-section elementor-element elementor-element-9f5181a elementor-section-boxed elementor-section-height-default elementor-section-height-default\" data-id=\"9f5181a\" data-element_type=\"section\" data-settings=\"{&quot;_ha_eqh_enable&quot;:false}\">\n\t\t\t\t\t\t<div class=\"elementor-container elementor-column-gap-extended\">\n\t\t\t\t\t<div class=\"elementor-column elementor-col-100 elementor-top-column elementor-element elementor-element-e397ea5\" data-id=\"e397ea5\" data-element_type=\"column\">\n\t\t\t<div class=\"elementor-widget-wrap elementor-element-populated\">\n\t\t\t\t\t\t<section class=\"elementor-section elementor-inner-section elementor-element elementor-element-04ee2d9 elementor-section-full_width elementor-section-height-default elementor-section-height-default\" data-id=\"04ee2d9\" data-element_type=\"section\" data-settings=\"{&quot;background_background&quot;:&quot;classic&quot;,&quot;_ha_eqh_enable&quot;:false}\">\n\t\t\t\t\t\t<div class=\"elementor-container elementor-column-gap-wide\">\n\t\t\t\t\t<div class=\"elementor-column elementor-col-50 elementor-inner-column elementor-element elementor-element-5533d4d has-sticky-column\" data-id=\"5533d4d\" data-element_type=\"column\">\n\t\t\t<div class=\"elementor-widget-wrap elementor-element-populated\">\n\t\t\t\t\t\t<div class=\"elementor-element elementor-element-734f16e elementor-widget__width-inherit elementor-arrows-position-inside elementor-pagination-position-outside elementor-widget elementor-widget-image-carousel\" data-id=\"734f16e\" data-element_type=\"widget\" data-settings=\"{&quot;slides_to_show&quot;:&quot;1&quot;,&quot;navigation&quot;:&quot;both&quot;,&quot;autoplay&quot;:&quot;yes&quot;,&quot;pause_on_hover&quot;:&quot;yes&quot;,&quot;pause_on_interaction&quot;:&quot;yes&quot;,&quot;autoplay_speed&quot;:5000,&quot;infinite&quot;:&quot;yes&quot;,&quot;effect&quot;:&quot;slide&quot;,&quot;speed&quot;:500}\" data-widget_type=\"image-carousel.default\">\n\t\t\t\t<div class=\"elementor-widget-container\">\n\t\t\t\t\t\t\t<div class=\"elementor-image-carousel-wrapper swiper\" role=\"region\" aria-roledescription=\"carousel\" aria-label=\"Carrusel de im\u00e1genes\" dir=\"ltr\">\n\t\t\t<div class=\"elementor-image-carousel swiper-wrapper\" aria-live=\"off\">\n\t\t\t\t\t\t\t\t<div class=\"swiper-slide\" role=\"group\" aria-roledescription=\"slide\" aria-label=\"1 de 4\"><figure class=\"swiper-slide-inner\"><img decoding=\"async\" class=\"swiper-slide-image\" src=\"https:\/\/sertek.com.tr\/wp-content\/uploads\/elementor\/thumbs\/tekerlekli-sandalye-2-qbxm8n3ihmn2f4lwuvk7kokn4bmnk7ifg8sfue65xk.jpg\" alt=\"tekerlekli sandalye-2\" \/><\/figure><\/div><div class=\"swiper-slide\" role=\"group\" aria-roledescription=\"slide\" aria-label=\"2 de 4\"><figure class=\"swiper-slide-inner\"><img decoding=\"async\" class=\"swiper-slide-image\" src=\"https:\/\/sertek.com.tr\/wp-content\/uploads\/elementor\/thumbs\/IMG-20180909-WA0058-qbxm8n3ihmn2f4lwuvk7kokn4bmnk7ifg8sfue65xk.jpg\" alt=\"Imagen-20180909-WA0058\" \/><\/figure><\/div><div class=\"swiper-slide\" role=\"group\" aria-roledescription=\"slide\" aria-label=\"3 de 4\"><figure class=\"swiper-slide-inner\"><img decoding=\"async\" class=\"swiper-slide-image\" src=\"https:\/\/sertek.com.tr\/wp-content\/uploads\/elementor\/thumbs\/42751218_169921333940902_5837293294291257411_n-qf0xde14zf94xbmsrne2qzt3gwh93usw8ushof93m0.jpg\" alt=\"exhibici\u00f3n de empat\u00eda\" \/><\/figure><\/div><div class=\"swiper-slide\" role=\"group\" aria-roledescription=\"slide\" aria-label=\"4 de 4\"><figure class=\"swiper-slide-inner\"><img decoding=\"async\" class=\"swiper-slide-image\" src=\"https:\/\/sertek.com.tr\/wp-content\/uploads\/elementor\/thumbs\/Wheelchair-Race-1-qbxm8n3ihmn2f4lwuvk7kokn4bmnk7ifg8sfue65xk.jpg\" alt=\"Carrera en silla de ruedas-1\" \/><\/figure><\/div>\t\t\t<\/div>\n\t\t\t\t\t\t\t\t\t\t\t\t<div class=\"elementor-swiper-button elementor-swiper-button-prev\" role=\"button\" tabindex=\"0\">\n\t\t\t\t\t\t<i aria-hidden=\"true\" class=\"eicon-chevron-left\"><\/i>\t\t\t\t\t<\/div>\n\t\t\t\t\t<div class=\"elementor-swiper-button elementor-swiper-button-next\" role=\"button\" tabindex=\"0\">\n\t\t\t\t\t\t<i aria-hidden=\"true\" class=\"eicon-chevron-right\"><\/i>\t\t\t\t\t<\/div>\n\t\t\t\t\n\t\t\t\t\t\t\t\t\t<div class=\"swiper-pagination\"><\/div>\n\t\t\t\t\t\t\t\t\t<\/div>\n\t\t\t\t\t\t<\/div>\n\t\t\t\t<\/div>\n\t\t\t\t\t<\/div>\n\t\t<\/div>\n\t\t\t\t<div class=\"elementor-column elementor-col-50 elementor-inner-column elementor-element elementor-element-b691ff2\" data-id=\"b691ff2\" data-element_type=\"column\">\n\t\t\t<div class=\"elementor-widget-wrap elementor-element-populated\">\n\t\t\t\t\t\t<div class=\"elementor-element elementor-element-67564d4 elementor-widget elementor-widget-heading\" data-id=\"67564d4\" data-element_type=\"widget\" data-widget_type=\"heading.default\">\n\t\t\t\t<div class=\"elementor-widget-container\">\n\t\t\t\t\t<h1 class=\"elementor-heading-title elementor-size-default\">Exhibici\u00f3n de carreras en silla de ruedas<\/h1>\t\t\t\t<\/div>\n\t\t\t\t<\/div>\n\t\t\t\t<div class=\"elementor-element elementor-element-fe6212b elementor-widget elementor-widget-text-editor\" data-id=\"fe6212b\" data-element_type=\"widget\" data-widget_type=\"text-editor.default\">\n\t\t\t\t<div class=\"elementor-widget-container\">\n\t\t\t\t\t\t\t\t\t<p>La carrera en silla de ruedas es una poderosa combinaci\u00f3n de aprendizaje experiencial y desarrollo de la empat\u00eda. Cuenta con dos sillas de ruedas y una pantalla gigante que sumerge a los visitantes en una carrera a trav\u00e9s de un entorno urbano virtual lleno de obst\u00e1culos. La exhibici\u00f3n tiene como objetivo promover la comprensi\u00f3n y la concienciaci\u00f3n de los obst\u00e1culos y dificultades que las personas con discapacidades enfrentan a diario.<\/p><p>La exposici\u00f3n Wheelchair Race est\u00e1 dise\u00f1ada para ayudar a los visitantes a ponerse en el lugar de las personas con discapacidades de movilidad. Al participar en una carrera virtual llena de obst\u00e1culos y desaf\u00edos, los visitantes pueden comprender mejor las dificultades y obst\u00e1culos diarios de las personas discapacitadas.<\/p>\t\t\t\t\t\t\t\t<\/div>\n\t\t\t\t<\/div>\n\t\t\t\t<div class=\"elementor-element elementor-element-11669c5 elementor-widget-divider--view-line elementor-widget elementor-widget-divider\" data-id=\"11669c5\" data-element_type=\"widget\" data-widget_type=\"divider.default\">\n\t\t\t\t<div class=\"elementor-widget-container\">\n\t\t\t\t\t\t\t<div class=\"elementor-divider\">\n\t\t\t<span class=\"elementor-divider-separator\">\n\t\t\t\t\t\t<\/span>\n\t\t<\/div>\n\t\t\t\t\t\t<\/div>\n\t\t\t\t<\/div>\n\t\t\t\t<div class=\"elementor-element elementor-element-12c22df elementor-widget elementor-widget-heading\" data-id=\"12c22df\" data-element_type=\"widget\" data-widget_type=\"heading.default\">\n\t\t\t\t<div class=\"elementor-widget-container\">\n\t\t\t\t\t<h2 class=\"elementor-heading-title elementor-size-default\">Experiencia del visitante<\/h2>\t\t\t\t<\/div>\n\t\t\t\t<\/div>\n\t\t\t\t<div class=\"elementor-element elementor-element-2071964 elementor-widget elementor-widget-text-editor\" data-id=\"2071964\" data-element_type=\"widget\" data-widget_type=\"text-editor.default\">\n\t\t\t\t<div class=\"elementor-widget-container\">\n\t\t\t\t\t\t\t\t\t<p>A medida que los visitantes se acercan a la exposici\u00f3n Wheelchair Race, se les presentan dos sillas de ruedas y una pantalla gigante que muestra un paisaje urbano virtual. El objetivo es simple: competir en una carrera para llegar a la meta. Sin embargo, el viaje no es nada f\u00e1cil.<\/p>\n<p>Los visitantes deben girar las ruedas de sus sillas de ruedas para mover a su personaje por el entorno virtual. A lo largo del camino, se encuentran con una variedad de obst\u00e1culos, como rampas, bordillos y otras barreras que simulan los desaf\u00edos que experimentan las personas con discapacidades de movilidad.<\/p>\n<p>Esta experiencia pr\u00e1ctica e inmersiva fomenta la concienciaci\u00f3n y la empat\u00eda. Los visitantes adquieren una comprensi\u00f3n m\u00e1s profunda de las dificultades f\u00edsicas y sociales a las que se enfrentan las personas con discapacidades. La carrera en silla de ruedas genera conversaciones importantes sobre la accesibilidad, la inclusi\u00f3n y la importancia de crear un mundo que se adapte a las necesidades de todos sus habitantes.<\/p>\t\t\t\t\t\t\t\t<\/div>\n\t\t\t\t<\/div>\n\t\t\t\t<div class=\"elementor-element elementor-element-a005608 elementor-widget-divider--view-line elementor-widget elementor-widget-divider\" data-id=\"a005608\" data-element_type=\"widget\" data-widget_type=\"divider.default\">\n\t\t\t\t<div class=\"elementor-widget-container\">\n\t\t\t\t\t\t\t<div class=\"elementor-divider\">\n\t\t\t<span class=\"elementor-divider-separator\">\n\t\t\t\t\t\t<\/span>\n\t\t<\/div>\n\t\t\t\t\t\t<\/div>\n\t\t\t\t<\/div>\n\t\t\t\t<div class=\"elementor-element elementor-element-d73324e elementor-widget elementor-widget-heading\" data-id=\"d73324e\" data-element_type=\"widget\" data-widget_type=\"heading.default\">\n\t\t\t\t<div class=\"elementor-widget-container\">\n\t\t\t\t\t<h2 class=\"elementor-heading-title elementor-size-default\">Lecciones aprendidas<\/h2>\t\t\t\t<\/div>\n\t\t\t\t<\/div>\n\t\t\t\t<div class=\"elementor-element elementor-element-e0fdeb2 elementor-widget elementor-widget-text-editor\" data-id=\"e0fdeb2\" data-element_type=\"widget\" data-widget_type=\"text-editor.default\">\n\t\t\t\t<div class=\"elementor-widget-container\">\n\t\t\t\t\t\t\t\t\t<ol>\n<li>\n<p><strong>Viaje emp\u00e1tico:<\/strong> Los visitantes asumen el papel de un usuario de silla de ruedas en una carrera simulada. Mientras giran las ruedas de sus sillas de ruedas, se desplazan por un entorno urbano. Se esfuerzan por llegar a la meta en primer lugar mientras se enfrentan a diversos obst\u00e1culos.<\/p>\n<\/li>\n<li>\n<p><strong>Desaf\u00edos de obst\u00e1culos:<\/strong> El entorno urbano virtual est\u00e1 lleno de desaf\u00edos y barreras que reflejan los obst\u00e1culos reales a los que se enfrentan las personas con problemas de movilidad. Los visitantes deben sortear rampas, bordillos y otros obst\u00e1culos para completar la carrera.<\/p>\n<\/li>\n<li>\n<p><a href=\"https:\/\/www.psychologytoday.com\/us\/blog\/empathy-and-relationships\/202303\/empathy-and-self-awareness\" target=\"_blank\" rel=\"noopener\"><strong>Conciencia y empat\u00eda:<\/strong> <\/a>A trav\u00e9s de esta experiencia, los visitantes adquieren una comprensi\u00f3n m\u00e1s profunda de los desaf\u00edos f\u00edsicos y sociales que enfrentan las personas discapacitadas. Fomenta la empat\u00eda y alienta las conversaciones sobre accesibilidad e inclusi\u00f3n.<\/p>\n<\/li>\n<li>\n<p><strong>Compromiso educativo:<\/strong> La carrera en silla de ruedas ofrece a los visitantes una experiencia pr\u00e1ctica e informativa. La actividad interactiva pone de relieve la importancia de crear un mundo m\u00e1s accesible para todos.<\/p>\n<\/li>\n<\/ol>\t\t\t\t\t\t\t\t<\/div>\n\t\t\t\t<\/div>\n\t\t\t\t<div class=\"elementor-element elementor-element-8c9d4f7 elementor-widget-divider--view-line elementor-widget elementor-widget-divider\" data-id=\"8c9d4f7\" data-element_type=\"widget\" data-widget_type=\"divider.default\">\n\t\t\t\t<div class=\"elementor-widget-container\">\n\t\t\t\t\t\t\t<div class=\"elementor-divider\">\n\t\t\t<span class=\"elementor-divider-separator\">\n\t\t\t\t\t\t<\/span>\n\t\t<\/div>\n\t\t\t\t\t\t<\/div>\n\t\t\t\t<\/div>\n\t\t\t\t<div class=\"elementor-element elementor-element-318de6b elementor-widget elementor-widget-heading\" data-id=\"318de6b\" data-element_type=\"widget\" data-widget_type=\"heading.default\">\n\t\t\t\t<div class=\"elementor-widget-container\">\n\t\t\t\t\t<h2 class=\"elementor-heading-title elementor-size-default\">Edad objetivo<\/h2>\t\t\t\t<\/div>\n\t\t\t\t<\/div>\n\t\t\t\t<div class=\"elementor-element elementor-element-9154765 elementor-icon-list--layout-traditional elementor-list-item-link-full_width elementor-widget elementor-widget-icon-list\" data-id=\"9154765\" data-element_type=\"widget\" data-widget_type=\"icon-list.default\">\n\t\t\t\t<div class=\"elementor-widget-container\">\n\t\t\t\t\t\t\t<ul class=\"elementor-icon-list-items\">\n\t\t\t\t\t\t\t<li class=\"elementor-icon-list-item\">\n\t\t\t\t\t\t\t\t\t\t\t<span class=\"elementor-icon-list-icon\">\n\t\t\t\t\t\t\t<i aria-hidden=\"true\" class=\"fas fa-check\"><\/i>\t\t\t\t\t\t<\/span>\n\t\t\t\t\t\t\t\t\t\t<span class=\"elementor-icon-list-text\">Todas las edades.<\/span>\n\t\t\t\t\t\t\t\t\t<\/li>\n\t\t\t\t\t\t<\/ul>\n\t\t\t\t\t\t<\/div>\n\t\t\t\t<\/div>\n\t\t\t\t<div class=\"elementor-element elementor-element-1c42117 elementor-widget-divider--view-line elementor-widget elementor-widget-divider\" data-id=\"1c42117\" data-element_type=\"widget\" data-widget_type=\"divider.default\">\n\t\t\t\t<div class=\"elementor-widget-container\">\n\t\t\t\t\t\t\t<div class=\"elementor-divider\">\n\t\t\t<span class=\"elementor-divider-separator\">\n\t\t\t\t\t\t<\/span>\n\t\t<\/div>\n\t\t\t\t\t\t<\/div>\n\t\t\t\t<\/div>\n\t\t\t\t<div class=\"elementor-element elementor-element-9a1ad82 elementor-widget elementor-widget-heading\" data-id=\"9a1ad82\" data-element_type=\"widget\" data-widget_type=\"heading.default\">\n\t\t\t\t<div class=\"elementor-widget-container\">\n\t\t\t\t\t<h2 class=\"elementor-heading-title elementor-size-default\">Temas aplicables<\/h2>\t\t\t\t<\/div>\n\t\t\t\t<\/div>\n\t\t\t\t<div class=\"elementor-element elementor-element-ced7b48 elementor-icon-list--layout-traditional elementor-list-item-link-full_width elementor-widget elementor-widget-icon-list\" data-id=\"ced7b48\" data-element_type=\"widget\" data-widget_type=\"icon-list.default\">\n\t\t\t\t<div class=\"elementor-widget-container\">\n\t\t\t\t\t\t\t<ul class=\"elementor-icon-list-items\">\n\t\t\t\t\t\t\t<li class=\"elementor-icon-list-item\">\n\t\t\t\t\t\t\t\t\t\t\t<a href=\"https:\/\/sertek.com.tr\/es\/exhibiciones-tematicas-deportivas\/\">\n\n\t\t\t\t\t\t\t\t\t\t\t\t<span class=\"elementor-icon-list-icon\">\n\t\t\t\t\t\t\t<i aria-hidden=\"true\" class=\"fas fa-hiking\"><\/i>\t\t\t\t\t\t<\/span>\n\t\t\t\t\t\t\t\t\t\t<span class=\"elementor-icon-list-text\">Deporte<\/span>\n\t\t\t\t\t\t\t\t\t\t\t<\/a>\n\t\t\t\t\t\t\t\t\t<\/li>\n\t\t\t\t\t\t\t\t<li class=\"elementor-icon-list-item\">\n\t\t\t\t\t\t\t\t\t\t\t<span class=\"elementor-icon-list-icon\">\n\t\t\t\t\t\t\t<i aria-hidden=\"true\" class=\"fas fa-hand-holding-heart\"><\/i>\t\t\t\t\t\t<\/span>\n\t\t\t\t\t\t\t\t\t\t<span class=\"elementor-icon-list-text\">Empat\u00eda<\/span>\n\t\t\t\t\t\t\t\t\t<\/li>\n\t\t\t\t\t\t<\/ul>\n\t\t\t\t\t\t<\/div>\n\t\t\t\t<\/div>\n\t\t\t\t\t<\/div>\n\t\t<\/div>\n\t\t\t\t\t<\/div>\n\t\t<\/section>\n\t\t\t\t<div class=\"elementor-element elementor-element-b458126 elementor-widget elementor-widget-spacer\" data-id=\"b458126\" data-element_type=\"widget\" data-widget_type=\"spacer.default\">\n\t\t\t\t<div class=\"elementor-widget-container\">\n\t\t\t\t\t\t\t<div class=\"elementor-spacer\">\n\t\t\t<div class=\"elementor-spacer-inner\"><\/div>\n\t\t<\/div>\n\t\t\t\t\t\t<\/div>\n\t\t\t\t<\/div>\n\t\t\t\t\t<\/div>\n\t\t<\/div>\n\t\t\t\t\t<\/div>\n\t\t<\/section>\n\t\t\t\t<\/div>","protected":false},"excerpt":{"rendered":"<p>Exhibici\u00f3n de Carreras de Sillas de Ruedas. La Carrera de Sillas de Ruedas es una poderosa combinaci\u00f3n de aprendizaje experiencial y desarrollo de la empat\u00eda. Cuenta con dos sillas de ruedas y una gran pantalla [\u2026]<\/p>","protected":false},"author":2,"featured_media":0,"parent":0,"menu_order":0,"comment_status":"closed","ping_status":"closed","template":"page-custom.php","meta":{"om_disable_all_campaigns":false,"_monsterinsights_skip_tracking":false,"_monsterinsights_sitenote_active":false,"_monsterinsights_sitenote_note":"","_monsterinsights_sitenote_category":0,"_uf_show_specific_survey":0,"_uf_disable_surveys":false,"footnotes":""},"class_list":["post-5162","page","type-page","status-publish","hentry"],"acf":{"full_width":false,"header_transparent":false,"header_white":false},"aioseo_notices":[],"yoast_head":"<!-- This site is optimized with the Yoast SEO plugin v26.9 - https:\/\/yoast.com\/product\/yoast-seo-wordpress\/ -->\n<title>Wheelchair Race Exhibit - Sertek Exhibitions<\/title>\n<meta name=\"description\" content=\"The Wheelchair Race exhibit embarks on an empathetic journey and explore the obstacles that individuals with mobility impairments face.\" \/>\n<meta name=\"robots\" content=\"index, follow, max-snippet:-1, max-image-preview:large, max-video-preview:-1\" \/>\n<link rel=\"canonical\" href=\"https:\/\/sertek.com.tr\/es\/exhibicion-de-carreras-en-silla-de-ruedas\/\" \/>\n<meta property=\"og:locale\" content=\"es_ES\" \/>\n<meta property=\"og:type\" content=\"article\" \/>\n<meta property=\"og:title\" content=\"Wheelchair Race Exhibit - Sertek Exhibitions\" \/>\n<meta property=\"og:description\" content=\"The Wheelchair Race exhibit embarks on an empathetic journey and explore the obstacles that individuals with mobility impairments face.\" \/>\n<meta property=\"og:url\" content=\"https:\/\/sertek.com.tr\/es\/exhibicion-de-carreras-en-silla-de-ruedas\/\" \/>\n<meta property=\"og:site_name\" content=\"Sertek Exhibitions\" \/>\n<meta property=\"article:modified_time\" content=\"2023-11-07T20:10:41+00:00\" \/>\n<meta property=\"og:image\" content=\"https:\/\/sertek.com.tr\/wp-content\/uploads\/elementor\/thumbs\/tekerlekli-sandalye-2-qbxm8n3ihmn2f4lwuvk7kokn4bmnk7ifg8sfue65xk.jpg\" \/>\n<meta name=\"twitter:card\" content=\"summary_large_image\" \/>\n<meta name=\"twitter:label1\" content=\"Tiempo de lectura\" \/>\n\t<meta name=\"twitter:data1\" content=\"3 minutos\" \/>\n<script type=\"application\/ld+json\" class=\"yoast-schema-graph\">{\"@context\":\"https:\/\/schema.org\",\"@graph\":[{\"@type\":\"WebPage\",\"@id\":\"https:\/\/sertek.com.tr\/en\/wheelchair-race-exhibit\/\",\"url\":\"https:\/\/sertek.com.tr\/en\/wheelchair-race-exhibit\/\",\"name\":\"Wheelchair Race Exhibit - Sertek Exhibitions\",\"isPartOf\":{\"@id\":\"https:\/\/sertek.com.tr\/en\/#website\"},\"primaryImageOfPage\":{\"@id\":\"https:\/\/sertek.com.tr\/en\/wheelchair-race-exhibit\/#primaryimage\"},\"image\":{\"@id\":\"https:\/\/sertek.com.tr\/en\/wheelchair-race-exhibit\/#primaryimage\"},\"thumbnailUrl\":\"https:\/\/sertek.com.tr\/wp-content\/uploads\/elementor\/thumbs\/tekerlekli-sandalye-2-qbxm8n3ihmn2f4lwuvk7kokn4bmnk7ifg8sfue65xk.jpg\",\"datePublished\":\"2023-07-24T12:23:09+00:00\",\"dateModified\":\"2023-11-07T20:10:41+00:00\",\"description\":\"The Wheelchair Race exhibit embarks on an empathetic journey and explore the obstacles that individuals with mobility impairments face.\",\"breadcrumb\":{\"@id\":\"https:\/\/sertek.com.tr\/en\/wheelchair-race-exhibit\/#breadcrumb\"},\"inLanguage\":\"es\",\"potentialAction\":[{\"@type\":\"ReadAction\",\"target\":[\"https:\/\/sertek.com.tr\/en\/wheelchair-race-exhibit\/\"]}]},{\"@type\":\"ImageObject\",\"inLanguage\":\"es\",\"@id\":\"https:\/\/sertek.com.tr\/en\/wheelchair-race-exhibit\/#primaryimage\",\"url\":\"https:\/\/sertek.com.tr\/wp-content\/uploads\/elementor\/thumbs\/tekerlekli-sandalye-2-qbxm8n3ihmn2f4lwuvk7kokn4bmnk7ifg8sfue65xk.jpg\",\"contentUrl\":\"https:\/\/sertek.com.tr\/wp-content\/uploads\/elementor\/thumbs\/tekerlekli-sandalye-2-qbxm8n3ihmn2f4lwuvk7kokn4bmnk7ifg8sfue65xk.jpg\"},{\"@type\":\"BreadcrumbList\",\"@id\":\"https:\/\/sertek.com.tr\/en\/wheelchair-race-exhibit\/#breadcrumb\",\"itemListElement\":[{\"@type\":\"ListItem\",\"position\":1,\"name\":\"Home\",\"item\":\"https:\/\/sertek.com.tr\/\"},{\"@type\":\"ListItem\",\"position\":2,\"name\":\"Wheelchair Race Exhibit\"}]},{\"@type\":\"WebSite\",\"@id\":\"https:\/\/sertek.com.tr\/en\/#website\",\"url\":\"https:\/\/sertek.com.tr\/en\/\",\"name\":\"Sertek Exhibitions\",\"description\":\"Sertek Exhibitons\",\"publisher\":{\"@id\":\"https:\/\/sertek.com.tr\/en\/#organization\"},\"potentialAction\":[{\"@type\":\"SearchAction\",\"target\":{\"@type\":\"EntryPoint\",\"urlTemplate\":\"https:\/\/sertek.com.tr\/en\/?s={search_term_string}\"},\"query-input\":{\"@type\":\"PropertyValueSpecification\",\"valueRequired\":true,\"valueName\":\"search_term_string\"}}],\"inLanguage\":\"es\"},{\"@type\":\"Organization\",\"@id\":\"https:\/\/sertek.com.tr\/en\/#organization\",\"name\":\"Sertek Exhibitions\",\"url\":\"https:\/\/sertek.com.tr\/en\/\",\"logo\":{\"@type\":\"ImageObject\",\"inLanguage\":\"es\",\"@id\":\"https:\/\/sertek.com.tr\/en\/#\/schema\/logo\/image\/\",\"url\":\"https:\/\/sertek.com.tr\/wp-content\/uploads\/2023\/06\/SertekLogo-1.png\",\"contentUrl\":\"https:\/\/sertek.com.tr\/wp-content\/uploads\/2023\/06\/SertekLogo-1.png\",\"width\":300,\"height\":49,\"caption\":\"Sertek Exhibitions\"},\"image\":{\"@id\":\"https:\/\/sertek.com.tr\/en\/#\/schema\/logo\/image\/\"},\"sameAs\":[\"https:\/\/www.linkedin.com\/company\/sertek-exhibitions\/\"]}]}<\/script>\n<!-- \/ Yoast SEO plugin. -->","yoast_head_json":{"title":"Wheelchair Race Exhibit - Sertek Exhibitions","description":"The Wheelchair Race exhibit embarks on an empathetic journey and explore the obstacles that individuals with mobility impairments face.","robots":{"index":"index","follow":"follow","max-snippet":"max-snippet:-1","max-image-preview":"max-image-preview:large","max-video-preview":"max-video-preview:-1"},"canonical":"https:\/\/sertek.com.tr\/es\/exhibicion-de-carreras-en-silla-de-ruedas\/","og_locale":"es_ES","og_type":"article","og_title":"Wheelchair Race Exhibit - Sertek Exhibitions","og_description":"The Wheelchair Race exhibit embarks on an empathetic journey and explore the obstacles that individuals with mobility impairments face.","og_url":"https:\/\/sertek.com.tr\/es\/exhibicion-de-carreras-en-silla-de-ruedas\/","og_site_name":"Sertek Exhibitions","article_modified_time":"2023-11-07T20:10:41+00:00","og_image":[{"url":"https:\/\/sertek.com.tr\/wp-content\/uploads\/elementor\/thumbs\/tekerlekli-sandalye-2-qbxm8n3ihmn2f4lwuvk7kokn4bmnk7ifg8sfue65xk.jpg","type":"","width":"","height":""}],"twitter_card":"summary_large_image","twitter_misc":{"Tiempo de lectura":"3 minutos"},"schema":{"@context":"https:\/\/schema.org","@graph":[{"@type":"WebPage","@id":"https:\/\/sertek.com.tr\/en\/wheelchair-race-exhibit\/","url":"https:\/\/sertek.com.tr\/en\/wheelchair-race-exhibit\/","name":"Wheelchair Race Exhibit - Sertek Exhibitions","isPartOf":{"@id":"https:\/\/sertek.com.tr\/en\/#website"},"primaryImageOfPage":{"@id":"https:\/\/sertek.com.tr\/en\/wheelchair-race-exhibit\/#primaryimage"},"image":{"@id":"https:\/\/sertek.com.tr\/en\/wheelchair-race-exhibit\/#primaryimage"},"thumbnailUrl":"https:\/\/sertek.com.tr\/wp-content\/uploads\/elementor\/thumbs\/tekerlekli-sandalye-2-qbxm8n3ihmn2f4lwuvk7kokn4bmnk7ifg8sfue65xk.jpg","datePublished":"2023-07-24T12:23:09+00:00","dateModified":"2023-11-07T20:10:41+00:00","description":"The Wheelchair Race exhibit embarks on an empathetic journey and explore the obstacles that individuals with mobility impairments face.","breadcrumb":{"@id":"https:\/\/sertek.com.tr\/en\/wheelchair-race-exhibit\/#breadcrumb"},"inLanguage":"es","potentialAction":[{"@type":"ReadAction","target":["https:\/\/sertek.com.tr\/en\/wheelchair-race-exhibit\/"]}]},{"@type":"ImageObject","inLanguage":"es","@id":"https:\/\/sertek.com.tr\/en\/wheelchair-race-exhibit\/#primaryimage","url":"https:\/\/sertek.com.tr\/wp-content\/uploads\/elementor\/thumbs\/tekerlekli-sandalye-2-qbxm8n3ihmn2f4lwuvk7kokn4bmnk7ifg8sfue65xk.jpg","contentUrl":"https:\/\/sertek.com.tr\/wp-content\/uploads\/elementor\/thumbs\/tekerlekli-sandalye-2-qbxm8n3ihmn2f4lwuvk7kokn4bmnk7ifg8sfue65xk.jpg"},{"@type":"BreadcrumbList","@id":"https:\/\/sertek.com.tr\/en\/wheelchair-race-exhibit\/#breadcrumb","itemListElement":[{"@type":"ListItem","position":1,"name":"Home","item":"https:\/\/sertek.com.tr\/"},{"@type":"ListItem","position":2,"name":"Wheelchair Race Exhibit"}]},{"@type":"WebSite","@id":"https:\/\/sertek.com.tr\/en\/#website","url":"https:\/\/sertek.com.tr\/en\/","name":"Sertek Exhibitions","description":"Sertek Exhibitons","publisher":{"@id":"https:\/\/sertek.com.tr\/en\/#organization"},"potentialAction":[{"@type":"SearchAction","target":{"@type":"EntryPoint","urlTemplate":"https:\/\/sertek.com.tr\/en\/?s={search_term_string}"},"query-input":{"@type":"PropertyValueSpecification","valueRequired":true,"valueName":"search_term_string"}}],"inLanguage":"es"},{"@type":"Organization","@id":"https:\/\/sertek.com.tr\/en\/#organization","name":"Sertek Exhibitions","url":"https:\/\/sertek.com.tr\/en\/","logo":{"@type":"ImageObject","inLanguage":"es","@id":"https:\/\/sertek.com.tr\/en\/#\/schema\/logo\/image\/","url":"https:\/\/sertek.com.tr\/wp-content\/uploads\/2023\/06\/SertekLogo-1.png","contentUrl":"https:\/\/sertek.com.tr\/wp-content\/uploads\/2023\/06\/SertekLogo-1.png","width":300,"height":49,"caption":"Sertek Exhibitions"},"image":{"@id":"https:\/\/sertek.com.tr\/en\/#\/schema\/logo\/image\/"},"sameAs":["https:\/\/www.linkedin.com\/company\/sertek-exhibitions\/"]}]}},"jetpack_sharing_enabled":true,"_links":{"self":[{"href":"https:\/\/sertek.com.tr\/es\/wp-json\/wp\/v2\/pages\/5162","targetHints":{"allow":["GET"]}}],"collection":[{"href":"https:\/\/sertek.com.tr\/es\/wp-json\/wp\/v2\/pages"}],"about":[{"href":"https:\/\/sertek.com.tr\/es\/wp-json\/wp\/v2\/types\/page"}],"author":[{"embeddable":true,"href":"https:\/\/sertek.com.tr\/es\/wp-json\/wp\/v2\/users\/2"}],"replies":[{"embeddable":true,"href":"https:\/\/sertek.com.tr\/es\/wp-json\/wp\/v2\/comments?post=5162"}],"version-history":[{"count":20,"href":"https:\/\/sertek.com.tr\/es\/wp-json\/wp\/v2\/pages\/5162\/revisions"}],"predecessor-version":[{"id":7266,"href":"https:\/\/sertek.com.tr\/es\/wp-json\/wp\/v2\/pages\/5162\/revisions\/7266"}],"wp:attachment":[{"href":"https:\/\/sertek.com.tr\/es\/wp-json\/wp\/v2\/media?parent=5162"}],"curies":[{"name":"wp","href":"https:\/\/api.w.org\/{rel}","templated":true}]}}