{"id":5200,"date":"2023-07-24T12:42:29","date_gmt":"2023-07-24T12:42:29","guid":{"rendered":"https:\/\/sertekexhibitions.com\/?page_id=5200"},"modified":"2023-08-12T19:50:05","modified_gmt":"2023-08-12T19:50:05","slug":"polymer-tiles-exhibit","status":"publish","type":"page","link":"https:\/\/sertek.com.tr\/es\/exhibicion-de-baldosas-de-polimero\/","title":{"rendered":"Exposici\u00f3n de baldosas de pol\u00edmero"},"content":{"rendered":"<div data-elementor-type=\"wp-page\" data-elementor-id=\"5200\" class=\"elementor elementor-5200\" data-elementor-settings=\"{&quot;ha_cmc_init_switcher&quot;:&quot;no&quot;}\">\n\t\t\t\t\t\t<section class=\"elementor-section elementor-top-section elementor-element elementor-element-9f5181a elementor-section-boxed elementor-section-height-default elementor-section-height-default\" data-id=\"9f5181a\" data-element_type=\"section\" data-settings=\"{&quot;_ha_eqh_enable&quot;:false}\">\n\t\t\t\t\t\t<div class=\"elementor-container elementor-column-gap-extended\">\n\t\t\t\t\t<div class=\"elementor-column elementor-col-100 elementor-top-column elementor-element elementor-element-e397ea5\" data-id=\"e397ea5\" data-element_type=\"column\">\n\t\t\t<div class=\"elementor-widget-wrap elementor-element-populated\">\n\t\t\t\t\t\t<section class=\"elementor-section elementor-inner-section elementor-element elementor-element-a2f656c elementor-section-full_width elementor-section-height-default elementor-section-height-default\" data-id=\"a2f656c\" data-element_type=\"section\" data-settings=\"{&quot;background_background&quot;:&quot;classic&quot;,&quot;_ha_eqh_enable&quot;:false}\">\n\t\t\t\t\t\t<div class=\"elementor-container elementor-column-gap-wide\">\n\t\t\t\t\t<div class=\"elementor-column elementor-col-50 elementor-inner-column elementor-element elementor-element-10898b2 has-sticky-column\" data-id=\"10898b2\" data-element_type=\"column\">\n\t\t\t<div class=\"elementor-widget-wrap elementor-element-populated\">\n\t\t\t\t\t\t<div class=\"elementor-element elementor-element-0569693 elementor-widget__width-inherit elementor-arrows-position-inside elementor-pagination-position-outside elementor-widget elementor-widget-image-carousel\" data-id=\"0569693\" data-element_type=\"widget\" data-settings=\"{&quot;slides_to_show&quot;:&quot;1&quot;,&quot;navigation&quot;:&quot;both&quot;,&quot;autoplay&quot;:&quot;yes&quot;,&quot;pause_on_hover&quot;:&quot;yes&quot;,&quot;pause_on_interaction&quot;:&quot;yes&quot;,&quot;autoplay_speed&quot;:5000,&quot;infinite&quot;:&quot;yes&quot;,&quot;effect&quot;:&quot;slide&quot;,&quot;speed&quot;:500}\" data-widget_type=\"image-carousel.default\">\n\t\t\t\t<div class=\"elementor-widget-container\">\n\t\t\t\t\t\t\t<div class=\"elementor-image-carousel-wrapper swiper\" role=\"region\" aria-roledescription=\"carousel\" aria-label=\"Carrusel de im\u00e1genes\" dir=\"ltr\">\n\t\t\t<div class=\"elementor-image-carousel swiper-wrapper\" aria-live=\"off\">\n\t\t\t\t\t\t\t\t<div class=\"swiper-slide\" role=\"group\" aria-roledescription=\"slide\" aria-label=\"1 de 1\"><figure class=\"swiper-slide-inner\"><img decoding=\"async\" class=\"swiper-slide-image\" src=\"https:\/\/sertek.com.tr\/wp-content\/uploads\/elementor\/thumbs\/Polymer-Tiles-qbxm8n3ihmn2f4lwuvk7kokn4bmnk7ifg8sfue65xk.png\" alt=\"Azulejos de pol\u00edmero\" \/><\/figure><\/div>\t\t\t<\/div>\n\t\t\t\t\t<\/div>\n\t\t\t\t\t\t<\/div>\n\t\t\t\t<\/div>\n\t\t\t\t\t<\/div>\n\t\t<\/div>\n\t\t\t\t<div class=\"elementor-column elementor-col-50 elementor-inner-column elementor-element elementor-element-574a6fb\" data-id=\"574a6fb\" data-element_type=\"column\">\n\t\t\t<div class=\"elementor-widget-wrap elementor-element-populated\">\n\t\t\t\t\t\t<div class=\"elementor-element elementor-element-31ef6ec elementor-widget elementor-widget-heading\" data-id=\"31ef6ec\" data-element_type=\"widget\" data-widget_type=\"heading.default\">\n\t\t\t\t<div class=\"elementor-widget-container\">\n\t\t\t\t\t<h1 class=\"elementor-heading-title elementor-size-default\">Azulejos de pol\u00edmero<\/h1>\t\t\t\t<\/div>\n\t\t\t\t<\/div>\n\t\t\t\t<div class=\"elementor-element elementor-element-3e2df96 elementor-widget elementor-widget-text-editor\" data-id=\"3e2df96\" data-element_type=\"widget\" data-widget_type=\"text-editor.default\">\n\t\t\t\t<div class=\"elementor-widget-container\">\n\t\t\t\t\t\t\t\t\t<p>Polymer Tiles es una instalaci\u00f3n art\u00edstica que celebra la versatilidad y el potencial est\u00e9tico de los pol\u00edmeros a base de aceite. Moldeados y elaborados meticulosamente, estos mosaicos forman un intrincado mosaico que juega con la luz, el color y el dise\u00f1o. Esta instalaci\u00f3n visualmente impactante sirve como testimonio de la creatividad humana, transformando materiales cotidianos en una asombrosa exhibici\u00f3n de arte.<\/p>\t\t\t\t\t\t\t\t<\/div>\n\t\t\t\t<\/div>\n\t\t\t\t<div class=\"elementor-element elementor-element-e4e6a8c elementor-widget-divider--view-line elementor-widget elementor-widget-divider\" data-id=\"e4e6a8c\" data-element_type=\"widget\" data-widget_type=\"divider.default\">\n\t\t\t\t<div class=\"elementor-widget-container\">\n\t\t\t\t\t\t\t<div class=\"elementor-divider\">\n\t\t\t<span class=\"elementor-divider-separator\">\n\t\t\t\t\t\t<\/span>\n\t\t<\/div>\n\t\t\t\t\t\t<\/div>\n\t\t\t\t<\/div>\n\t\t\t\t<div class=\"elementor-element elementor-element-310b61a elementor-widget elementor-widget-heading\" data-id=\"310b61a\" data-element_type=\"widget\" data-widget_type=\"heading.default\">\n\t\t\t\t<div class=\"elementor-widget-container\">\n\t\t\t\t\t<h2 class=\"elementor-heading-title elementor-size-default\">Caracter\u00edsticas principales<\/h2>\t\t\t\t<\/div>\n\t\t\t\t<\/div>\n\t\t\t\t<div class=\"elementor-element elementor-element-5025e95 elementor-widget elementor-widget-text-editor\" data-id=\"5025e95\" data-element_type=\"widget\" data-widget_type=\"text-editor.default\">\n\t\t\t\t<div class=\"elementor-widget-container\">\n\t\t\t\t\t\t\t\t\t<ul><li><p><strong>Medio innovador:<\/strong> Polymer Tiles rompe barreras al utilizar pol\u00edmeros a base de petr\u00f3leo como medio art\u00edstico poco convencional. La instalaci\u00f3n muestra el potencial creativo de materiales que suelen asociarse con la industria y la innovaci\u00f3n.<\/p><\/li><li><p><strong>Mosaico de textura:<\/strong> La instalaci\u00f3n consiste en un mosaico de piezas de pol\u00edmero, cada una con su textura, color y forma \u00fanicos. La disposici\u00f3n crea un juego armonioso de formas que capta la mirada y despierta la intriga.<\/p><\/li><li><p><strong>Juego de luces:<\/strong> Los mosaicos de pol\u00edmero interact\u00faan con la luz de forma fascinante. Las superficies de los mosaicos interact\u00faan con las fuentes de luz y producen reflejos, sombras y luces cautivantes que cambian a medida que te mueves por la instalaci\u00f3n.<\/p><\/li><li><p><strong>Expresi\u00f3n abstracta:<\/strong> La instalaci\u00f3n adopta el expresionismo abstracto y permite a los espectadores interpretar y extraer significados de los colores, las formas y los patrones. Cada observador establece una conexi\u00f3n \u00fanica con la instalaci\u00f3n.<\/p><\/li><\/ul>\t\t\t\t\t\t\t\t<\/div>\n\t\t\t\t<\/div>\n\t\t\t\t<div class=\"elementor-element elementor-element-8a65b1d elementor-widget-divider--view-line elementor-widget elementor-widget-divider\" data-id=\"8a65b1d\" data-element_type=\"widget\" data-widget_type=\"divider.default\">\n\t\t\t\t<div class=\"elementor-widget-container\">\n\t\t\t\t\t\t\t<div class=\"elementor-divider\">\n\t\t\t<span class=\"elementor-divider-separator\">\n\t\t\t\t\t\t<\/span>\n\t\t<\/div>\n\t\t\t\t\t\t<\/div>\n\t\t\t\t<\/div>\n\t\t\t\t\t<\/div>\n\t\t<\/div>\n\t\t\t\t\t<\/div>\n\t\t<\/section>\n\t\t\t\t<div class=\"elementor-element elementor-element-b458126 elementor-widget elementor-widget-spacer\" data-id=\"b458126\" data-element_type=\"widget\" data-widget_type=\"spacer.default\">\n\t\t\t\t<div class=\"elementor-widget-container\">\n\t\t\t\t\t\t\t<div class=\"elementor-spacer\">\n\t\t\t<div class=\"elementor-spacer-inner\"><\/div>\n\t\t<\/div>\n\t\t\t\t\t\t<\/div>\n\t\t\t\t<\/div>\n\t\t\t\t\t<\/div>\n\t\t<\/div>\n\t\t\t\t\t<\/div>\n\t\t<\/section>\n\t\t\t\t<\/div>","protected":false},"excerpt":{"rendered":"<p>Azulejos de Pol\u00edmero es una instalaci\u00f3n art\u00edstica que celebra la versatilidad y el potencial est\u00e9tico de los pol\u00edmeros a base de aceite. Meticulosamente moldeados y elaborados, estos azulejos [\u2026]<\/p>","protected":false},"author":2,"featured_media":0,"parent":0,"menu_order":0,"comment_status":"closed","ping_status":"closed","template":"page-custom.php","meta":{"om_disable_all_campaigns":false,"_monsterinsights_skip_tracking":false,"_monsterinsights_sitenote_active":false,"_monsterinsights_sitenote_note":"","_monsterinsights_sitenote_category":0,"_uf_show_specific_survey":0,"_uf_disable_surveys":false,"footnotes":""},"class_list":["post-5200","page","type-page","status-publish","hentry"],"acf":{"full_width":false,"header_transparent":false,"header_white":false},"aioseo_notices":[],"yoast_head":"<!-- This site is optimized with the Yoast SEO plugin v26.9 - https:\/\/yoast.com\/product\/yoast-seo-wordpress\/ -->\n<title>Polymer Tiles Exhibit - Sertek Exhibitions<\/title>\n<meta name=\"robots\" content=\"index, follow, max-snippet:-1, max-image-preview:large, max-video-preview:-1\" \/>\n<link rel=\"canonical\" href=\"https:\/\/sertek.com.tr\/es\/exhibicion-de-baldosas-de-polimero\/\" \/>\n<meta property=\"og:locale\" content=\"es_ES\" \/>\n<meta property=\"og:type\" content=\"article\" \/>\n<meta property=\"og:title\" content=\"Polymer Tiles Exhibit - Sertek Exhibitions\" \/>\n<meta property=\"og:description\" content=\"Polymer Tiles Polymer Tiles is an art installation that celebrates the versatility and aesthetic potential of oil-based polymers. Meticulously molded and crafted, these tiles [&hellip;]\" \/>\n<meta property=\"og:url\" content=\"https:\/\/sertek.com.tr\/es\/exhibicion-de-baldosas-de-polimero\/\" \/>\n<meta property=\"og:site_name\" content=\"Sertek Exhibitions\" \/>\n<meta property=\"article:modified_time\" content=\"2023-08-12T19:50:05+00:00\" \/>\n<meta property=\"og:image\" content=\"https:\/\/sertekexhibitions.com\/wp-content\/uploads\/elementor\/thumbs\/Polymer-Tiles-q9vvst2yeefkd0lk6427ydgfgjvx1olg6zbbdbotc8.png\" \/>\n<meta name=\"twitter:card\" content=\"summary_large_image\" \/>\n<meta name=\"twitter:label1\" content=\"Tiempo de lectura\" \/>\n\t<meta name=\"twitter:data1\" content=\"1 minuto\" \/>\n<script type=\"application\/ld+json\" class=\"yoast-schema-graph\">{\"@context\":\"https:\/\/schema.org\",\"@graph\":[{\"@type\":\"WebPage\",\"@id\":\"https:\/\/sertek.com.tr\/polymer-tiles-exhibit\/\",\"url\":\"https:\/\/sertek.com.tr\/polymer-tiles-exhibit\/\",\"name\":\"Polymer Tiles Exhibit - Sertek Exhibitions\",\"isPartOf\":{\"@id\":\"https:\/\/sertek.com.tr\/en\/#website\"},\"primaryImageOfPage\":{\"@id\":\"https:\/\/sertek.com.tr\/polymer-tiles-exhibit\/#primaryimage\"},\"image\":{\"@id\":\"https:\/\/sertek.com.tr\/polymer-tiles-exhibit\/#primaryimage\"},\"thumbnailUrl\":\"https:\/\/sertekexhibitions.com\/wp-content\/uploads\/elementor\/thumbs\/Polymer-Tiles-q9vvst2yeefkd0lk6427ydgfgjvx1olg6zbbdbotc8.png\",\"datePublished\":\"2023-07-24T12:42:29+00:00\",\"dateModified\":\"2023-08-12T19:50:05+00:00\",\"breadcrumb\":{\"@id\":\"https:\/\/sertek.com.tr\/polymer-tiles-exhibit\/#breadcrumb\"},\"inLanguage\":\"es\",\"potentialAction\":[{\"@type\":\"ReadAction\",\"target\":[\"https:\/\/sertek.com.tr\/polymer-tiles-exhibit\/\"]}]},{\"@type\":\"ImageObject\",\"inLanguage\":\"es\",\"@id\":\"https:\/\/sertek.com.tr\/polymer-tiles-exhibit\/#primaryimage\",\"url\":\"https:\/\/sertekexhibitions.com\/wp-content\/uploads\/elementor\/thumbs\/Polymer-Tiles-q9vvst2yeefkd0lk6427ydgfgjvx1olg6zbbdbotc8.png\",\"contentUrl\":\"https:\/\/sertekexhibitions.com\/wp-content\/uploads\/elementor\/thumbs\/Polymer-Tiles-q9vvst2yeefkd0lk6427ydgfgjvx1olg6zbbdbotc8.png\"},{\"@type\":\"BreadcrumbList\",\"@id\":\"https:\/\/sertek.com.tr\/polymer-tiles-exhibit\/#breadcrumb\",\"itemListElement\":[{\"@type\":\"ListItem\",\"position\":1,\"name\":\"Home\",\"item\":\"https:\/\/sertek.com.tr\/\"},{\"@type\":\"ListItem\",\"position\":2,\"name\":\"Polymer Tiles Exhibit\"}]},{\"@type\":\"WebSite\",\"@id\":\"https:\/\/sertek.com.tr\/en\/#website\",\"url\":\"https:\/\/sertek.com.tr\/en\/\",\"name\":\"Sertek Exhibitions\",\"description\":\"Sertek Exhibitons\",\"publisher\":{\"@id\":\"https:\/\/sertek.com.tr\/en\/#organization\"},\"potentialAction\":[{\"@type\":\"SearchAction\",\"target\":{\"@type\":\"EntryPoint\",\"urlTemplate\":\"https:\/\/sertek.com.tr\/en\/?s={search_term_string}\"},\"query-input\":{\"@type\":\"PropertyValueSpecification\",\"valueRequired\":true,\"valueName\":\"search_term_string\"}}],\"inLanguage\":\"es\"},{\"@type\":\"Organization\",\"@id\":\"https:\/\/sertek.com.tr\/en\/#organization\",\"name\":\"Sertek Exhibitions\",\"url\":\"https:\/\/sertek.com.tr\/en\/\",\"logo\":{\"@type\":\"ImageObject\",\"inLanguage\":\"es\",\"@id\":\"https:\/\/sertek.com.tr\/en\/#\/schema\/logo\/image\/\",\"url\":\"https:\/\/sertek.com.tr\/wp-content\/uploads\/2023\/06\/SertekLogo-1.png\",\"contentUrl\":\"https:\/\/sertek.com.tr\/wp-content\/uploads\/2023\/06\/SertekLogo-1.png\",\"width\":300,\"height\":49,\"caption\":\"Sertek Exhibitions\"},\"image\":{\"@id\":\"https:\/\/sertek.com.tr\/en\/#\/schema\/logo\/image\/\"},\"sameAs\":[\"https:\/\/www.linkedin.com\/company\/sertek-exhibitions\/\"]}]}<\/script>\n<!-- \/ Yoast SEO plugin. -->","yoast_head_json":{"title":"Polymer Tiles Exhibit - Sertek Exhibitions","robots":{"index":"index","follow":"follow","max-snippet":"max-snippet:-1","max-image-preview":"max-image-preview:large","max-video-preview":"max-video-preview:-1"},"canonical":"https:\/\/sertek.com.tr\/es\/exhibicion-de-baldosas-de-polimero\/","og_locale":"es_ES","og_type":"article","og_title":"Polymer Tiles Exhibit - Sertek Exhibitions","og_description":"Polymer Tiles Polymer Tiles is an art installation that celebrates the versatility and aesthetic potential of oil-based polymers. Meticulously molded and crafted, these tiles [&hellip;]","og_url":"https:\/\/sertek.com.tr\/es\/exhibicion-de-baldosas-de-polimero\/","og_site_name":"Sertek Exhibitions","article_modified_time":"2023-08-12T19:50:05+00:00","og_image":[{"url":"https:\/\/sertekexhibitions.com\/wp-content\/uploads\/elementor\/thumbs\/Polymer-Tiles-q9vvst2yeefkd0lk6427ydgfgjvx1olg6zbbdbotc8.png","type":"","width":"","height":""}],"twitter_card":"summary_large_image","twitter_misc":{"Tiempo de lectura":"1 minuto"},"schema":{"@context":"https:\/\/schema.org","@graph":[{"@type":"WebPage","@id":"https:\/\/sertek.com.tr\/polymer-tiles-exhibit\/","url":"https:\/\/sertek.com.tr\/polymer-tiles-exhibit\/","name":"Polymer Tiles Exhibit - Sertek Exhibitions","isPartOf":{"@id":"https:\/\/sertek.com.tr\/en\/#website"},"primaryImageOfPage":{"@id":"https:\/\/sertek.com.tr\/polymer-tiles-exhibit\/#primaryimage"},"image":{"@id":"https:\/\/sertek.com.tr\/polymer-tiles-exhibit\/#primaryimage"},"thumbnailUrl":"https:\/\/sertekexhibitions.com\/wp-content\/uploads\/elementor\/thumbs\/Polymer-Tiles-q9vvst2yeefkd0lk6427ydgfgjvx1olg6zbbdbotc8.png","datePublished":"2023-07-24T12:42:29+00:00","dateModified":"2023-08-12T19:50:05+00:00","breadcrumb":{"@id":"https:\/\/sertek.com.tr\/polymer-tiles-exhibit\/#breadcrumb"},"inLanguage":"es","potentialAction":[{"@type":"ReadAction","target":["https:\/\/sertek.com.tr\/polymer-tiles-exhibit\/"]}]},{"@type":"ImageObject","inLanguage":"es","@id":"https:\/\/sertek.com.tr\/polymer-tiles-exhibit\/#primaryimage","url":"https:\/\/sertekexhibitions.com\/wp-content\/uploads\/elementor\/thumbs\/Polymer-Tiles-q9vvst2yeefkd0lk6427ydgfgjvx1olg6zbbdbotc8.png","contentUrl":"https:\/\/sertekexhibitions.com\/wp-content\/uploads\/elementor\/thumbs\/Polymer-Tiles-q9vvst2yeefkd0lk6427ydgfgjvx1olg6zbbdbotc8.png"},{"@type":"BreadcrumbList","@id":"https:\/\/sertek.com.tr\/polymer-tiles-exhibit\/#breadcrumb","itemListElement":[{"@type":"ListItem","position":1,"name":"Home","item":"https:\/\/sertek.com.tr\/"},{"@type":"ListItem","position":2,"name":"Polymer Tiles Exhibit"}]},{"@type":"WebSite","@id":"https:\/\/sertek.com.tr\/en\/#website","url":"https:\/\/sertek.com.tr\/en\/","name":"Sertek Exhibitions","description":"Sertek Exhibitons","publisher":{"@id":"https:\/\/sertek.com.tr\/en\/#organization"},"potentialAction":[{"@type":"SearchAction","target":{"@type":"EntryPoint","urlTemplate":"https:\/\/sertek.com.tr\/en\/?s={search_term_string}"},"query-input":{"@type":"PropertyValueSpecification","valueRequired":true,"valueName":"search_term_string"}}],"inLanguage":"es"},{"@type":"Organization","@id":"https:\/\/sertek.com.tr\/en\/#organization","name":"Sertek Exhibitions","url":"https:\/\/sertek.com.tr\/en\/","logo":{"@type":"ImageObject","inLanguage":"es","@id":"https:\/\/sertek.com.tr\/en\/#\/schema\/logo\/image\/","url":"https:\/\/sertek.com.tr\/wp-content\/uploads\/2023\/06\/SertekLogo-1.png","contentUrl":"https:\/\/sertek.com.tr\/wp-content\/uploads\/2023\/06\/SertekLogo-1.png","width":300,"height":49,"caption":"Sertek Exhibitions"},"image":{"@id":"https:\/\/sertek.com.tr\/en\/#\/schema\/logo\/image\/"},"sameAs":["https:\/\/www.linkedin.com\/company\/sertek-exhibitions\/"]}]}},"jetpack_sharing_enabled":true,"_links":{"self":[{"href":"https:\/\/sertek.com.tr\/es\/wp-json\/wp\/v2\/pages\/5200","targetHints":{"allow":["GET"]}}],"collection":[{"href":"https:\/\/sertek.com.tr\/es\/wp-json\/wp\/v2\/pages"}],"about":[{"href":"https:\/\/sertek.com.tr\/es\/wp-json\/wp\/v2\/types\/page"}],"author":[{"embeddable":true,"href":"https:\/\/sertek.com.tr\/es\/wp-json\/wp\/v2\/users\/2"}],"replies":[{"embeddable":true,"href":"https:\/\/sertek.com.tr\/es\/wp-json\/wp\/v2\/comments?post=5200"}],"version-history":[{"count":7,"href":"https:\/\/sertek.com.tr\/es\/wp-json\/wp\/v2\/pages\/5200\/revisions"}],"predecessor-version":[{"id":6021,"href":"https:\/\/sertek.com.tr\/es\/wp-json\/wp\/v2\/pages\/5200\/revisions\/6021"}],"wp:attachment":[{"href":"https:\/\/sertek.com.tr\/es\/wp-json\/wp\/v2\/media?parent=5200"}],"curies":[{"name":"wp","href":"https:\/\/api.w.org\/{rel}","templated":true}]}}