{"id":7473,"date":"2024-09-02T20:38:16","date_gmt":"2024-09-02T20:38:16","guid":{"rendered":"https:\/\/sertek.com.tr\/?page_id=7473"},"modified":"2024-09-02T20:38:27","modified_gmt":"2024-09-02T20:38:27","slug":"soap-film-painting-exhibit","status":"publish","type":"page","link":"https:\/\/sertek.com.tr\/es\/exposicion-de-pinturas-y-peliculas-de-jabon\/","title":{"rendered":"Exposici\u00f3n de pinturas con pel\u00edculas de jab\u00f3n"},"content":{"rendered":"<div data-elementor-type=\"wp-page\" data-elementor-id=\"7473\" class=\"elementor elementor-7473\" data-elementor-settings=\"{&quot;ha_cmc_init_switcher&quot;:&quot;no&quot;}\">\n\t\t\t\t\t\t<section class=\"elementor-section elementor-top-section elementor-element elementor-element-9f5181a elementor-section-boxed elementor-section-height-default elementor-section-height-default\" data-id=\"9f5181a\" data-element_type=\"section\" data-settings=\"{&quot;_ha_eqh_enable&quot;:false}\">\n\t\t\t\t\t\t<div class=\"elementor-container elementor-column-gap-extended\">\n\t\t\t\t\t<div class=\"elementor-column elementor-col-100 elementor-top-column elementor-element elementor-element-e397ea5\" data-id=\"e397ea5\" data-element_type=\"column\">\n\t\t\t<div class=\"elementor-widget-wrap elementor-element-populated\">\n\t\t\t\t\t\t<section class=\"elementor-section elementor-inner-section elementor-element elementor-element-37ec45f elementor-section-full_width elementor-section-height-default elementor-section-height-default\" data-id=\"37ec45f\" data-element_type=\"section\" data-settings=\"{&quot;background_background&quot;:&quot;classic&quot;,&quot;_ha_eqh_enable&quot;:false}\">\n\t\t\t\t\t\t<div class=\"elementor-container elementor-column-gap-wide\">\n\t\t\t\t\t<div class=\"elementor-column elementor-col-50 elementor-inner-column elementor-element elementor-element-4673e72 has-sticky-column\" data-id=\"4673e72\" data-element_type=\"column\">\n\t\t\t<div class=\"elementor-widget-wrap elementor-element-populated\">\n\t\t\t\t\t\t<div class=\"elementor-element elementor-element-085fe4c elementor-widget__width-inherit elementor-arrows-position-inside elementor-pagination-position-outside elementor-widget elementor-widget-image-carousel\" data-id=\"085fe4c\" data-element_type=\"widget\" data-settings=\"{&quot;slides_to_show&quot;:&quot;1&quot;,&quot;navigation&quot;:&quot;both&quot;,&quot;autoplay&quot;:&quot;yes&quot;,&quot;pause_on_hover&quot;:&quot;yes&quot;,&quot;pause_on_interaction&quot;:&quot;yes&quot;,&quot;autoplay_speed&quot;:5000,&quot;infinite&quot;:&quot;yes&quot;,&quot;effect&quot;:&quot;slide&quot;,&quot;speed&quot;:500}\" data-widget_type=\"image-carousel.default\">\n\t\t\t\t<div class=\"elementor-widget-container\">\n\t\t\t\t\t\t\t<div class=\"elementor-image-carousel-wrapper swiper\" role=\"region\" aria-roledescription=\"carousel\" aria-label=\"Carrusel de im\u00e1genes\" dir=\"ltr\">\n\t\t\t<div class=\"elementor-image-carousel swiper-wrapper\" aria-live=\"off\">\n\t\t\t\t\t\t\t\t<div class=\"swiper-slide\" role=\"group\" aria-roledescription=\"slide\" aria-label=\"1 de 1\"><figure class=\"swiper-slide-inner\"><img decoding=\"async\" class=\"swiper-slide-image\" src=\"https:\/\/sertek.com.tr\/wp-content\/uploads\/elementor\/thumbs\/Soap-Film-qtj680e531cksxe5beqlz57w90hx5hgahea6efqsg8.jpg\" alt=\"Pintura con pel\u00edcula de jab\u00f3n\" \/><\/figure><\/div>\t\t\t<\/div>\n\t\t\t\t\t<\/div>\n\t\t\t\t\t\t<\/div>\n\t\t\t\t<\/div>\n\t\t\t\t\t<\/div>\n\t\t<\/div>\n\t\t\t\t<div class=\"elementor-column elementor-col-50 elementor-inner-column elementor-element elementor-element-c26c85c\" data-id=\"c26c85c\" data-element_type=\"column\">\n\t\t\t<div class=\"elementor-widget-wrap elementor-element-populated\">\n\t\t\t\t\t\t<div class=\"elementor-element elementor-element-5a22d92 elementor-widget elementor-widget-heading\" data-id=\"5a22d92\" data-element_type=\"widget\" data-widget_type=\"heading.default\">\n\t\t\t\t<div class=\"elementor-widget-container\">\n\t\t\t\t\t<h1 class=\"elementor-heading-title elementor-size-default\">Exposici\u00f3n de pinturas con pel\u00edculas de jab\u00f3n<\/h1>\t\t\t\t<\/div>\n\t\t\t\t<\/div>\n\t\t\t\t<div class=\"elementor-element elementor-element-ea690a4 elementor-widget elementor-widget-text-editor\" data-id=\"ea690a4\" data-element_type=\"widget\" data-widget_type=\"text-editor.default\">\n\t\t\t\t<div class=\"elementor-widget-container\">\n\t\t\t\t\t\t\t\t\t<p><span style=\"font-weight: 400;\">Presentamos la exposici\u00f3n Soap Film Painting, una deslumbrante creaci\u00f3n que da vida a la belleza de la f\u00edsica. Ideal para centros cient\u00edficos, museos cient\u00edficos, museos infantiles, centros de aprendizaje interactivo y entornos tem\u00e1ticos, esta exposici\u00f3n invita a los visitantes a explorar el fascinante mundo de las pel\u00edculas de jab\u00f3n. Con sus vibrantes colores cambiantes y sus fascinantes patrones de luz, Soap Film Painting ofrece una cautivadora incorporaci\u00f3n a los espacios educativos centrados en el descubrimiento pr\u00e1ctico y la maravilla.<\/span><\/p>\t\t\t\t\t\t\t\t<\/div>\n\t\t\t\t<\/div>\n\t\t\t\t<div class=\"elementor-element elementor-element-5132665 elementor-widget-divider--view-line elementor-widget elementor-widget-divider\" data-id=\"5132665\" data-element_type=\"widget\" data-widget_type=\"divider.default\">\n\t\t\t\t<div class=\"elementor-widget-container\">\n\t\t\t\t\t\t\t<div class=\"elementor-divider\">\n\t\t\t<span class=\"elementor-divider-separator\">\n\t\t\t\t\t\t<\/span>\n\t\t<\/div>\n\t\t\t\t\t\t<\/div>\n\t\t\t\t<\/div>\n\t\t\t\t<div class=\"elementor-element elementor-element-5275f1d elementor-widget elementor-widget-heading\" data-id=\"5275f1d\" data-element_type=\"widget\" data-widget_type=\"heading.default\">\n\t\t\t\t<div class=\"elementor-widget-container\">\n\t\t\t\t\t<h2 class=\"elementor-heading-title elementor-size-default\">Experiencia del visitante<\/h2>\t\t\t\t<\/div>\n\t\t\t\t<\/div>\n\t\t\t\t<div class=\"elementor-element elementor-element-ca9e499 elementor-widget elementor-widget-text-editor\" data-id=\"ca9e499\" data-element_type=\"widget\" data-widget_type=\"text-editor.default\">\n\t\t\t\t<div class=\"elementor-widget-container\">\n\t\t\t\t\t\t\t\t\t<p><span style=\"font-weight: 400;\">Sum\u00e9rgete en un espect\u00e1culo visual cautivador con la exposici\u00f3n Soap Film Painting. Ac\u00e9rcate al gigantesco marco que parece una ventana, donde una gran pel\u00edcula cuadrada de jab\u00f3n se extiende ante ti, brillando y reluciendo con una gama de colores en constante cambio. Los visitantes de todas las edades se maravillar\u00e1n al ver c\u00f3mo las ondas de luz interact\u00faan con la fina capa de jab\u00f3n, creando hermosos arco\u00edris en espiral a trav\u00e9s de un fen\u00f3meno conocido como interferencia.<\/span><\/p><p><span style=\"font-weight: 400;\">Mientras interact\u00faas con la pel\u00edcula de jab\u00f3n, observa c\u00f3mo los colores cambian y bailan sobre la superficie. Al soplar suavemente sobre el jab\u00f3n o manipular su textura, los visitantes pueden influir en los patrones, lo que hace que surjan nuevas explosiones de color y dise\u00f1os intrincados. La calidad et\u00e9rea de la exhibici\u00f3n atrae a los visitantes, transformando una simple burbuja de jab\u00f3n en un lienzo viviente de luz y color.<\/span><\/p><p><span style=\"font-weight: 400;\">Con cada mirada, la exposici\u00f3n Soap Film Painting ofrece una experiencia nueva, \u00fanica y abierta, ya que no hay dos momentos de juego de colores iguales. La exposici\u00f3n no solo es visualmente impactante, sino que tambi\u00e9n sirve como puerta de entrada a una exploraci\u00f3n cient\u00edfica m\u00e1s profunda, alentando a los visitantes a profundizar en los principios de la luz, el reflejo y la delicada naturaleza de las pel\u00edculas de jab\u00f3n.<\/span><\/p>\t\t\t\t\t\t\t\t<\/div>\n\t\t\t\t<\/div>\n\t\t\t\t<div class=\"elementor-element elementor-element-39c5a34 elementor-widget-divider--view-line elementor-widget elementor-widget-divider\" data-id=\"39c5a34\" data-element_type=\"widget\" data-widget_type=\"divider.default\">\n\t\t\t\t<div class=\"elementor-widget-container\">\n\t\t\t\t\t\t\t<div class=\"elementor-divider\">\n\t\t\t<span class=\"elementor-divider-separator\">\n\t\t\t\t\t\t<\/span>\n\t\t<\/div>\n\t\t\t\t\t\t<\/div>\n\t\t\t\t<\/div>\n\t\t\t\t<div class=\"elementor-element elementor-element-4537736 elementor-widget elementor-widget-heading\" data-id=\"4537736\" data-element_type=\"widget\" data-widget_type=\"heading.default\">\n\t\t\t\t<div class=\"elementor-widget-container\">\n\t\t\t\t\t<h2 class=\"elementor-heading-title elementor-size-default\">Lecciones aprendidas<\/h2>\t\t\t\t<\/div>\n\t\t\t\t<\/div>\n\t\t\t\t<div class=\"elementor-element elementor-element-13a226d elementor-widget elementor-widget-text-editor\" data-id=\"13a226d\" data-element_type=\"widget\" data-widget_type=\"text-editor.default\">\n\t\t\t\t<div class=\"elementor-widget-container\">\n\t\t\t\t\t\t\t\t\t<p><a href=\"https:\/\/www.sciencelearn.org.nz\/topics\/light-and-colour#:~:text=Light%20is%20made%20up%20of,reflected%20back%20to%20our%20eyes.\" target=\"_blank\" rel=\"noopener\"><b>Explorando la luz y el color:<\/b><\/a><span style=\"font-weight: 400;\"> Los visitantes interact\u00faan con la ciencia de la interferencia de la luz a trav\u00e9s de la interacci\u00f3n directa con la pel\u00edcula de jab\u00f3n, experimentando de primera mano c\u00f3mo las ondas de luz superpuestas crean colores vibrantes.<\/span><\/p><p><b>Descubrimiento cient\u00edfico:<\/b><span style=\"font-weight: 400;\"> Esta exhibici\u00f3n presenta conceptos cient\u00edficos de una manera intuitiva y pr\u00e1ctica, despertando la curiosidad sobre las propiedades de la luz, la f\u00edsica de las pel\u00edculas delgadas y la belleza que surge de fen\u00f3menos aparentemente simples.<\/span><\/p><p><b>Interactividad y experimentaci\u00f3n:<\/b><span style=\"font-weight: 400;\"> La exposici\u00f3n Soap Film Painting fomenta la experimentaci\u00f3n mientras los visitantes manipulan la pel\u00edcula de jab\u00f3n, explorando la din\u00e1mica de fluidos de la superficie y c\u00f3mo sus acciones influyen en el comportamiento de la luz.<\/span><\/p><p><b>Apreciaci\u00f3n de la belleza natural:<\/b><span style=\"font-weight: 400;\"> La exposici\u00f3n fomenta una profunda apreciaci\u00f3n de la belleza inherente que se encuentra en los principios cient\u00edficos naturales, mostrando c\u00f3mo la f\u00edsica y el arte pueden fusionarse en una experiencia cautivadora.<\/span><\/p>\t\t\t\t\t\t\t\t<\/div>\n\t\t\t\t<\/div>\n\t\t\t\t<div class=\"elementor-element elementor-element-83d46da elementor-widget-divider--view-line elementor-widget elementor-widget-divider\" data-id=\"83d46da\" data-element_type=\"widget\" data-widget_type=\"divider.default\">\n\t\t\t\t<div class=\"elementor-widget-container\">\n\t\t\t\t\t\t\t<div class=\"elementor-divider\">\n\t\t\t<span class=\"elementor-divider-separator\">\n\t\t\t\t\t\t<\/span>\n\t\t<\/div>\n\t\t\t\t\t\t<\/div>\n\t\t\t\t<\/div>\n\t\t\t\t<div class=\"elementor-element elementor-element-e08f0ee elementor-widget elementor-widget-heading\" data-id=\"e08f0ee\" data-element_type=\"widget\" data-widget_type=\"heading.default\">\n\t\t\t\t<div class=\"elementor-widget-container\">\n\t\t\t\t\t<h2 class=\"elementor-heading-title elementor-size-default\">Edad objetivo<\/h2>\t\t\t\t<\/div>\n\t\t\t\t<\/div>\n\t\t\t\t<div class=\"elementor-element elementor-element-512f5a6 elementor-icon-list--layout-traditional elementor-list-item-link-full_width elementor-widget elementor-widget-icon-list\" data-id=\"512f5a6\" data-element_type=\"widget\" data-widget_type=\"icon-list.default\">\n\t\t\t\t<div class=\"elementor-widget-container\">\n\t\t\t\t\t\t\t<ul class=\"elementor-icon-list-items\">\n\t\t\t\t\t\t\t<li class=\"elementor-icon-list-item\">\n\t\t\t\t\t\t\t\t\t\t\t<span class=\"elementor-icon-list-icon\">\n\t\t\t\t\t\t\t<i aria-hidden=\"true\" class=\"fas fa-check\"><\/i>\t\t\t\t\t\t<\/span>\n\t\t\t\t\t\t\t\t\t\t<span class=\"elementor-icon-list-text\">Todas las edades<\/span>\n\t\t\t\t\t\t\t\t\t<\/li>\n\t\t\t\t\t\t<\/ul>\n\t\t\t\t\t\t<\/div>\n\t\t\t\t<\/div>\n\t\t\t\t<div class=\"elementor-element elementor-element-87a1326 elementor-widget-divider--view-line elementor-widget elementor-widget-divider\" data-id=\"87a1326\" data-element_type=\"widget\" data-widget_type=\"divider.default\">\n\t\t\t\t<div class=\"elementor-widget-container\">\n\t\t\t\t\t\t\t<div class=\"elementor-divider\">\n\t\t\t<span class=\"elementor-divider-separator\">\n\t\t\t\t\t\t<\/span>\n\t\t<\/div>\n\t\t\t\t\t\t<\/div>\n\t\t\t\t<\/div>\n\t\t\t\t<div class=\"elementor-element elementor-element-cc9e883 elementor-widget elementor-widget-heading\" data-id=\"cc9e883\" data-element_type=\"widget\" data-widget_type=\"heading.default\">\n\t\t\t\t<div class=\"elementor-widget-container\">\n\t\t\t\t\t<h2 class=\"elementor-heading-title elementor-size-default\">Temas aplicables<\/h2>\t\t\t\t<\/div>\n\t\t\t\t<\/div>\n\t\t\t\t<div class=\"elementor-element elementor-element-48fddd5 elementor-icon-list--layout-traditional elementor-list-item-link-full_width elementor-widget elementor-widget-icon-list\" data-id=\"48fddd5\" data-element_type=\"widget\" data-widget_type=\"icon-list.default\">\n\t\t\t\t<div class=\"elementor-widget-container\">\n\t\t\t\t\t\t\t<ul class=\"elementor-icon-list-items\">\n\t\t\t\t\t\t\t<li class=\"elementor-icon-list-item\">\n\t\t\t\t\t\t\t\t\t\t\t<a href=\"https:\/\/sertek.com.tr\/es\/exhibiciones-tematicas-acuaticas\/\">\n\n\t\t\t\t\t\t\t\t\t\t\t\t<span class=\"elementor-icon-list-icon\">\n\t\t\t\t\t\t\t<i aria-hidden=\"true\" class=\"fas fa-water\"><\/i>\t\t\t\t\t\t<\/span>\n\t\t\t\t\t\t\t\t\t\t<span class=\"elementor-icon-list-text\">Agua<\/span>\n\t\t\t\t\t\t\t\t\t\t\t<\/a>\n\t\t\t\t\t\t\t\t\t<\/li>\n\t\t\t\t\t\t\t\t<li class=\"elementor-icon-list-item\">\n\t\t\t\t\t\t\t\t\t\t\t<a href=\"https:\/\/sertek.com.tr\/es\/exhibiciones-tematicas-de-fisica\/\">\n\n\t\t\t\t\t\t\t\t\t\t\t\t<span class=\"elementor-icon-list-icon\">\n\t\t\t\t\t\t\t<i aria-hidden=\"true\" class=\"fab fa-react\"><\/i>\t\t\t\t\t\t<\/span>\n\t\t\t\t\t\t\t\t\t\t<span class=\"elementor-icon-list-text\">F\u00edsica<\/span>\n\t\t\t\t\t\t\t\t\t\t\t<\/a>\n\t\t\t\t\t\t\t\t\t<\/li>\n\t\t\t\t\t\t<\/ul>\n\t\t\t\t\t\t<\/div>\n\t\t\t\t<\/div>\n\t\t\t\t\t<\/div>\n\t\t<\/div>\n\t\t\t\t\t<\/div>\n\t\t<\/section>\n\t\t\t\t<div class=\"elementor-element elementor-element-b458126 elementor-widget elementor-widget-spacer\" data-id=\"b458126\" data-element_type=\"widget\" data-widget_type=\"spacer.default\">\n\t\t\t\t<div class=\"elementor-widget-container\">\n\t\t\t\t\t\t\t<div class=\"elementor-spacer\">\n\t\t\t<div class=\"elementor-spacer-inner\"><\/div>\n\t\t<\/div>\n\t\t\t\t\t\t<\/div>\n\t\t\t\t<\/div>\n\t\t\t\t\t<\/div>\n\t\t<\/div>\n\t\t\t\t\t<\/div>\n\t\t<\/section>\n\t\t\t\t<\/div>","protected":false},"excerpt":{"rendered":"<p>Soap Film Painting Exhibit Introducing the Soap Film Painting exhibit, a dazzling creation that brings the beauty of physics to life. Ideal for science [&hellip;]<\/p>","protected":false},"author":1,"featured_media":0,"parent":0,"menu_order":0,"comment_status":"closed","ping_status":"closed","template":"page-custom.php","meta":{"om_disable_all_campaigns":false,"_monsterinsights_skip_tracking":false,"_monsterinsights_sitenote_active":false,"_monsterinsights_sitenote_note":"","_monsterinsights_sitenote_category":0,"_uf_show_specific_survey":0,"_uf_disable_surveys":false,"footnotes":""},"class_list":["post-7473","page","type-page","status-publish","hentry"],"acf":{"full_width":false,"header_transparent":false,"header_white":false},"aioseo_notices":[],"yoast_head":"<!-- This site is optimized with the Yoast SEO plugin v26.9 - https:\/\/yoast.com\/product\/yoast-seo-wordpress\/ -->\n<title>Soap Film Painting Exhibit - Sertek Exhibitions<\/title>\n<meta name=\"description\" content=\"The Soap Film Painting exhibit transforms the act of bubble-making into an interactive journey for science and children&#039;s museums.\" \/>\n<meta name=\"robots\" content=\"index, follow, max-snippet:-1, max-image-preview:large, max-video-preview:-1\" \/>\n<link rel=\"canonical\" href=\"https:\/\/sertek.com.tr\/es\/exposicion-de-pinturas-y-peliculas-de-jabon\/\" \/>\n<meta property=\"og:locale\" content=\"es_ES\" \/>\n<meta property=\"og:type\" content=\"article\" \/>\n<meta property=\"og:title\" content=\"Soap Film Painting Exhibit - Sertek Exhibitions\" \/>\n<meta property=\"og:description\" content=\"The Soap Film Painting exhibit transforms the act of bubble-making into an interactive journey for science and children&#039;s museums.\" \/>\n<meta property=\"og:url\" content=\"https:\/\/sertek.com.tr\/es\/exposicion-de-pinturas-y-peliculas-de-jabon\/\" \/>\n<meta property=\"og:site_name\" content=\"Sertek Exhibitions\" \/>\n<meta property=\"article:modified_time\" content=\"2024-09-02T20:38:27+00:00\" \/>\n<meta property=\"og:image\" content=\"https:\/\/sertek.com.tr\/wp-content\/uploads\/elementor\/thumbs\/Soap-Film-qtj680e531cksxe5beqlz57w90hx5hgahea6efqsg8.jpg\" \/>\n<meta name=\"twitter:card\" content=\"summary_large_image\" \/>\n<meta name=\"twitter:label1\" content=\"Tiempo de lectura\" \/>\n\t<meta name=\"twitter:data1\" content=\"2 minutos\" \/>\n<script type=\"application\/ld+json\" class=\"yoast-schema-graph\">{\"@context\":\"https:\/\/schema.org\",\"@graph\":[{\"@type\":\"WebPage\",\"@id\":\"https:\/\/sertek.com.tr\/soap-film-painting-exhibit\/\",\"url\":\"https:\/\/sertek.com.tr\/soap-film-painting-exhibit\/\",\"name\":\"Soap Film Painting Exhibit - Sertek Exhibitions\",\"isPartOf\":{\"@id\":\"https:\/\/sertek.com.tr\/en\/#website\"},\"primaryImageOfPage\":{\"@id\":\"https:\/\/sertek.com.tr\/soap-film-painting-exhibit\/#primaryimage\"},\"image\":{\"@id\":\"https:\/\/sertek.com.tr\/soap-film-painting-exhibit\/#primaryimage\"},\"thumbnailUrl\":\"https:\/\/sertek.com.tr\/wp-content\/uploads\/elementor\/thumbs\/Soap-Film-qtj680e531cksxe5beqlz57w90hx5hgahea6efqsg8.jpg\",\"datePublished\":\"2024-09-02T20:38:16+00:00\",\"dateModified\":\"2024-09-02T20:38:27+00:00\",\"description\":\"The Soap Film Painting exhibit transforms the act of bubble-making into an interactive journey for science and children's museums.\",\"breadcrumb\":{\"@id\":\"https:\/\/sertek.com.tr\/soap-film-painting-exhibit\/#breadcrumb\"},\"inLanguage\":\"es\",\"potentialAction\":[{\"@type\":\"ReadAction\",\"target\":[\"https:\/\/sertek.com.tr\/soap-film-painting-exhibit\/\"]}]},{\"@type\":\"ImageObject\",\"inLanguage\":\"es\",\"@id\":\"https:\/\/sertek.com.tr\/soap-film-painting-exhibit\/#primaryimage\",\"url\":\"https:\/\/sertek.com.tr\/wp-content\/uploads\/elementor\/thumbs\/Soap-Film-qtj680e531cksxe5beqlz57w90hx5hgahea6efqsg8.jpg\",\"contentUrl\":\"https:\/\/sertek.com.tr\/wp-content\/uploads\/elementor\/thumbs\/Soap-Film-qtj680e531cksxe5beqlz57w90hx5hgahea6efqsg8.jpg\"},{\"@type\":\"BreadcrumbList\",\"@id\":\"https:\/\/sertek.com.tr\/soap-film-painting-exhibit\/#breadcrumb\",\"itemListElement\":[{\"@type\":\"ListItem\",\"position\":1,\"name\":\"Home\",\"item\":\"https:\/\/sertek.com.tr\/\"},{\"@type\":\"ListItem\",\"position\":2,\"name\":\"Soap Film Painting Exhibit\"}]},{\"@type\":\"WebSite\",\"@id\":\"https:\/\/sertek.com.tr\/en\/#website\",\"url\":\"https:\/\/sertek.com.tr\/en\/\",\"name\":\"Sertek Exhibitions\",\"description\":\"Sertek Exhibitons\",\"publisher\":{\"@id\":\"https:\/\/sertek.com.tr\/en\/#organization\"},\"potentialAction\":[{\"@type\":\"SearchAction\",\"target\":{\"@type\":\"EntryPoint\",\"urlTemplate\":\"https:\/\/sertek.com.tr\/en\/?s={search_term_string}\"},\"query-input\":{\"@type\":\"PropertyValueSpecification\",\"valueRequired\":true,\"valueName\":\"search_term_string\"}}],\"inLanguage\":\"es\"},{\"@type\":\"Organization\",\"@id\":\"https:\/\/sertek.com.tr\/en\/#organization\",\"name\":\"Sertek Exhibitions\",\"url\":\"https:\/\/sertek.com.tr\/en\/\",\"logo\":{\"@type\":\"ImageObject\",\"inLanguage\":\"es\",\"@id\":\"https:\/\/sertek.com.tr\/en\/#\/schema\/logo\/image\/\",\"url\":\"https:\/\/sertek.com.tr\/wp-content\/uploads\/2023\/06\/SertekLogo-1.png\",\"contentUrl\":\"https:\/\/sertek.com.tr\/wp-content\/uploads\/2023\/06\/SertekLogo-1.png\",\"width\":300,\"height\":49,\"caption\":\"Sertek Exhibitions\"},\"image\":{\"@id\":\"https:\/\/sertek.com.tr\/en\/#\/schema\/logo\/image\/\"},\"sameAs\":[\"https:\/\/www.linkedin.com\/company\/sertek-exhibitions\/\"]}]}<\/script>\n<!-- \/ Yoast SEO plugin. -->","yoast_head_json":{"title":"Soap Film Painting Exhibit - Sertek Exhibitions","description":"The Soap Film Painting exhibit transforms the act of bubble-making into an interactive journey for science and children's museums.","robots":{"index":"index","follow":"follow","max-snippet":"max-snippet:-1","max-image-preview":"max-image-preview:large","max-video-preview":"max-video-preview:-1"},"canonical":"https:\/\/sertek.com.tr\/es\/exposicion-de-pinturas-y-peliculas-de-jabon\/","og_locale":"es_ES","og_type":"article","og_title":"Soap Film Painting Exhibit - Sertek Exhibitions","og_description":"The Soap Film Painting exhibit transforms the act of bubble-making into an interactive journey for science and children's museums.","og_url":"https:\/\/sertek.com.tr\/es\/exposicion-de-pinturas-y-peliculas-de-jabon\/","og_site_name":"Sertek Exhibitions","article_modified_time":"2024-09-02T20:38:27+00:00","og_image":[{"url":"https:\/\/sertek.com.tr\/wp-content\/uploads\/elementor\/thumbs\/Soap-Film-qtj680e531cksxe5beqlz57w90hx5hgahea6efqsg8.jpg","type":"","width":"","height":""}],"twitter_card":"summary_large_image","twitter_misc":{"Tiempo de lectura":"2 minutos"},"schema":{"@context":"https:\/\/schema.org","@graph":[{"@type":"WebPage","@id":"https:\/\/sertek.com.tr\/soap-film-painting-exhibit\/","url":"https:\/\/sertek.com.tr\/soap-film-painting-exhibit\/","name":"Soap Film Painting Exhibit - Sertek Exhibitions","isPartOf":{"@id":"https:\/\/sertek.com.tr\/en\/#website"},"primaryImageOfPage":{"@id":"https:\/\/sertek.com.tr\/soap-film-painting-exhibit\/#primaryimage"},"image":{"@id":"https:\/\/sertek.com.tr\/soap-film-painting-exhibit\/#primaryimage"},"thumbnailUrl":"https:\/\/sertek.com.tr\/wp-content\/uploads\/elementor\/thumbs\/Soap-Film-qtj680e531cksxe5beqlz57w90hx5hgahea6efqsg8.jpg","datePublished":"2024-09-02T20:38:16+00:00","dateModified":"2024-09-02T20:38:27+00:00","description":"The Soap Film Painting exhibit transforms the act of bubble-making into an interactive journey for science and children's museums.","breadcrumb":{"@id":"https:\/\/sertek.com.tr\/soap-film-painting-exhibit\/#breadcrumb"},"inLanguage":"es","potentialAction":[{"@type":"ReadAction","target":["https:\/\/sertek.com.tr\/soap-film-painting-exhibit\/"]}]},{"@type":"ImageObject","inLanguage":"es","@id":"https:\/\/sertek.com.tr\/soap-film-painting-exhibit\/#primaryimage","url":"https:\/\/sertek.com.tr\/wp-content\/uploads\/elementor\/thumbs\/Soap-Film-qtj680e531cksxe5beqlz57w90hx5hgahea6efqsg8.jpg","contentUrl":"https:\/\/sertek.com.tr\/wp-content\/uploads\/elementor\/thumbs\/Soap-Film-qtj680e531cksxe5beqlz57w90hx5hgahea6efqsg8.jpg"},{"@type":"BreadcrumbList","@id":"https:\/\/sertek.com.tr\/soap-film-painting-exhibit\/#breadcrumb","itemListElement":[{"@type":"ListItem","position":1,"name":"Home","item":"https:\/\/sertek.com.tr\/"},{"@type":"ListItem","position":2,"name":"Soap Film Painting Exhibit"}]},{"@type":"WebSite","@id":"https:\/\/sertek.com.tr\/en\/#website","url":"https:\/\/sertek.com.tr\/en\/","name":"Sertek Exhibitions","description":"Sertek Exhibitons","publisher":{"@id":"https:\/\/sertek.com.tr\/en\/#organization"},"potentialAction":[{"@type":"SearchAction","target":{"@type":"EntryPoint","urlTemplate":"https:\/\/sertek.com.tr\/en\/?s={search_term_string}"},"query-input":{"@type":"PropertyValueSpecification","valueRequired":true,"valueName":"search_term_string"}}],"inLanguage":"es"},{"@type":"Organization","@id":"https:\/\/sertek.com.tr\/en\/#organization","name":"Sertek Exhibitions","url":"https:\/\/sertek.com.tr\/en\/","logo":{"@type":"ImageObject","inLanguage":"es","@id":"https:\/\/sertek.com.tr\/en\/#\/schema\/logo\/image\/","url":"https:\/\/sertek.com.tr\/wp-content\/uploads\/2023\/06\/SertekLogo-1.png","contentUrl":"https:\/\/sertek.com.tr\/wp-content\/uploads\/2023\/06\/SertekLogo-1.png","width":300,"height":49,"caption":"Sertek Exhibitions"},"image":{"@id":"https:\/\/sertek.com.tr\/en\/#\/schema\/logo\/image\/"},"sameAs":["https:\/\/www.linkedin.com\/company\/sertek-exhibitions\/"]}]}},"jetpack_sharing_enabled":true,"_links":{"self":[{"href":"https:\/\/sertek.com.tr\/es\/wp-json\/wp\/v2\/pages\/7473","targetHints":{"allow":["GET"]}}],"collection":[{"href":"https:\/\/sertek.com.tr\/es\/wp-json\/wp\/v2\/pages"}],"about":[{"href":"https:\/\/sertek.com.tr\/es\/wp-json\/wp\/v2\/types\/page"}],"author":[{"embeddable":true,"href":"https:\/\/sertek.com.tr\/es\/wp-json\/wp\/v2\/users\/1"}],"replies":[{"embeddable":true,"href":"https:\/\/sertek.com.tr\/es\/wp-json\/wp\/v2\/comments?post=7473"}],"version-history":[{"count":6,"href":"https:\/\/sertek.com.tr\/es\/wp-json\/wp\/v2\/pages\/7473\/revisions"}],"predecessor-version":[{"id":7481,"href":"https:\/\/sertek.com.tr\/es\/wp-json\/wp\/v2\/pages\/7473\/revisions\/7481"}],"wp:attachment":[{"href":"https:\/\/sertek.com.tr\/es\/wp-json\/wp\/v2\/media?parent=7473"}],"curies":[{"name":"wp","href":"https:\/\/api.w.org\/{rel}","templated":true}]}}