{"id":7678,"date":"2024-09-14T21:50:13","date_gmt":"2024-09-14T21:50:13","guid":{"rendered":"https:\/\/sertek.com.tr\/?page_id=7678"},"modified":"2024-09-14T21:51:13","modified_gmt":"2024-09-14T21:51:13","slug":"interactive-football-wall","status":"publish","type":"page","link":"https:\/\/sertek.com.tr\/es\/muro-de-futbol-interactivo\/","title":{"rendered":"Muro de f\u00fatbol interactivo"},"content":{"rendered":"<div data-elementor-type=\"wp-page\" data-elementor-id=\"7678\" class=\"elementor elementor-7678\" data-elementor-settings=\"{&quot;ha_cmc_init_switcher&quot;:&quot;no&quot;}\">\n\t\t\t\t\t\t<section class=\"elementor-section elementor-top-section elementor-element elementor-element-9f5181a elementor-section-boxed elementor-section-height-default elementor-section-height-default\" data-id=\"9f5181a\" data-element_type=\"section\" data-settings=\"{&quot;_ha_eqh_enable&quot;:false}\">\n\t\t\t\t\t\t<div class=\"elementor-container elementor-column-gap-extended\">\n\t\t\t\t\t<div class=\"elementor-column elementor-col-100 elementor-top-column elementor-element elementor-element-e397ea5\" data-id=\"e397ea5\" data-element_type=\"column\">\n\t\t\t<div class=\"elementor-widget-wrap elementor-element-populated\">\n\t\t\t\t\t\t<section class=\"elementor-section elementor-inner-section elementor-element elementor-element-5b556ef elementor-section-full_width elementor-section-height-default elementor-section-height-default\" data-id=\"5b556ef\" data-element_type=\"section\" data-settings=\"{&quot;background_background&quot;:&quot;classic&quot;,&quot;_ha_eqh_enable&quot;:false}\">\n\t\t\t\t\t\t<div class=\"elementor-container elementor-column-gap-wide\">\n\t\t\t\t\t<div class=\"elementor-column elementor-col-50 elementor-inner-column elementor-element elementor-element-de5a87a has-sticky-column\" data-id=\"de5a87a\" data-element_type=\"column\">\n\t\t\t<div class=\"elementor-widget-wrap elementor-element-populated\">\n\t\t\t\t\t\t<div class=\"elementor-element elementor-element-c8dd22c elementor-widget__width-inherit elementor-arrows-position-inside elementor-pagination-position-outside elementor-widget elementor-widget-image-carousel\" data-id=\"c8dd22c\" data-element_type=\"widget\" data-settings=\"{&quot;slides_to_show&quot;:&quot;1&quot;,&quot;navigation&quot;:&quot;both&quot;,&quot;autoplay&quot;:&quot;yes&quot;,&quot;pause_on_hover&quot;:&quot;yes&quot;,&quot;pause_on_interaction&quot;:&quot;yes&quot;,&quot;autoplay_speed&quot;:5000,&quot;infinite&quot;:&quot;yes&quot;,&quot;effect&quot;:&quot;slide&quot;,&quot;speed&quot;:500}\" data-widget_type=\"image-carousel.default\">\n\t\t\t\t<div class=\"elementor-widget-container\">\n\t\t\t\t\t\t\t<div class=\"elementor-image-carousel-wrapper swiper\" role=\"region\" aria-roledescription=\"carousel\" aria-label=\"Carrusel de im\u00e1genes\" dir=\"ltr\">\n\t\t\t<div class=\"elementor-image-carousel swiper-wrapper\" aria-live=\"off\">\n\t\t\t\t\t\t\t\t<div class=\"swiper-slide\" role=\"group\" aria-roledescription=\"slide\" aria-label=\"1 de 1\"><figure class=\"swiper-slide-inner\"><img decoding=\"async\" class=\"swiper-slide-image\" src=\"https:\/\/sertek.com.tr\/wp-content\/uploads\/elementor\/thumbs\/football_wall-qu452i16z16e5cxhdqcz1r96fkw8hqalamu7pfuumg.png\" alt=\"Muro de f\u00fatbol interactivo\" \/><\/figure><\/div>\t\t\t<\/div>\n\t\t\t\t\t<\/div>\n\t\t\t\t\t\t<\/div>\n\t\t\t\t<\/div>\n\t\t\t\t\t<\/div>\n\t\t<\/div>\n\t\t\t\t<div class=\"elementor-column elementor-col-50 elementor-inner-column elementor-element elementor-element-040fff7\" data-id=\"040fff7\" data-element_type=\"column\">\n\t\t\t<div class=\"elementor-widget-wrap elementor-element-populated\">\n\t\t\t\t\t\t<div class=\"elementor-element elementor-element-948900b elementor-widget elementor-widget-heading\" data-id=\"948900b\" data-element_type=\"widget\" data-widget_type=\"heading.default\">\n\t\t\t\t<div class=\"elementor-widget-container\">\n\t\t\t\t\t<h1 class=\"elementor-heading-title elementor-size-default\">Muro de f\u00fatbol interactivo<\/h1>\t\t\t\t<\/div>\n\t\t\t\t<\/div>\n\t\t\t\t<div class=\"elementor-element elementor-element-c9d29e9 elementor-widget elementor-widget-text-editor\" data-id=\"c9d29e9\" data-element_type=\"widget\" data-widget_type=\"text-editor.default\">\n\t\t\t\t<div class=\"elementor-widget-container\">\n\t\t\t\t\t\t\t\t\t<p>La exposici\u00f3n Football Wall ofrece una experiencia inmersiva e interactiva en la que los visitantes interact\u00faan con una pared proyectada utilizando un bal\u00f3n de f\u00fatbol f\u00edsico. Los visitantes eligen un tema de fondo (ya sea un estadio famoso, un campo de playa o un mundo de f\u00fatbol de fantas\u00eda) y patean el bal\u00f3n contra la pared. La exposici\u00f3n responde din\u00e1micamente a sus patadas, creando atractivos efectos visuales y sonoros que reaccionan al impacto del bal\u00f3n. Ya sea que jueguen solos o con amigos, esta exposici\u00f3n da vida a la emoci\u00f3n del f\u00fatbol en un formato innovador y basado en la tecnolog\u00eda.<\/p>\t\t\t\t\t\t\t\t<\/div>\n\t\t\t\t<\/div>\n\t\t\t\t<div class=\"elementor-element elementor-element-d6360a1 elementor-widget-divider--view-line elementor-widget elementor-widget-divider\" data-id=\"d6360a1\" data-element_type=\"widget\" data-widget_type=\"divider.default\">\n\t\t\t\t<div class=\"elementor-widget-container\">\n\t\t\t\t\t\t\t<div class=\"elementor-divider\">\n\t\t\t<span class=\"elementor-divider-separator\">\n\t\t\t\t\t\t<\/span>\n\t\t<\/div>\n\t\t\t\t\t\t<\/div>\n\t\t\t\t<\/div>\n\t\t\t\t<div class=\"elementor-element elementor-element-54986e9 elementor-widget elementor-widget-heading\" data-id=\"54986e9\" data-element_type=\"widget\" data-widget_type=\"heading.default\">\n\t\t\t\t<div class=\"elementor-widget-container\">\n\t\t\t\t\t<h2 class=\"elementor-heading-title elementor-size-default\">Experiencia de visitante en Football Wall<\/h2>\t\t\t\t<\/div>\n\t\t\t\t<\/div>\n\t\t\t\t<div class=\"elementor-element elementor-element-ab43085 elementor-widget elementor-widget-text-editor\" data-id=\"ab43085\" data-element_type=\"widget\" data-widget_type=\"text-editor.default\">\n\t\t\t\t<div class=\"elementor-widget-container\">\n\t\t\t\t\t\t\t\t\t<p>En la exposici\u00f3n Football Wall, los visitantes se adentran en un mundo vibrante donde el f\u00fatbol se fusiona con la tecnolog\u00eda. Despu\u00e9s de seleccionar el tema de fondo que deseen, patean el bal\u00f3n de f\u00fatbol contra la pared proyectada, interactuando con im\u00e1genes animadas y efectos de sonido que se corresponden con la fuerza y la direcci\u00f3n del bal\u00f3n. Los jugadores pueden marcar goles, dar en el blanco o incluso participar en minijuegos seg\u00fan el tema elegido. Ya sea un partido informal o un partido competitivo con amigos, esta exposici\u00f3n ofrece una forma divertida y atractiva de explorar el f\u00fatbol en un contexto digital.<\/p>\t\t\t\t\t\t\t\t<\/div>\n\t\t\t\t<\/div>\n\t\t\t\t<div class=\"elementor-element elementor-element-9410a0d elementor-widget-divider--view-line elementor-widget elementor-widget-divider\" data-id=\"9410a0d\" data-element_type=\"widget\" data-widget_type=\"divider.default\">\n\t\t\t\t<div class=\"elementor-widget-container\">\n\t\t\t\t\t\t\t<div class=\"elementor-divider\">\n\t\t\t<span class=\"elementor-divider-separator\">\n\t\t\t\t\t\t<\/span>\n\t\t<\/div>\n\t\t\t\t\t\t<\/div>\n\t\t\t\t<\/div>\n\t\t\t\t<div class=\"elementor-element elementor-element-84d3357 elementor-widget elementor-widget-heading\" data-id=\"84d3357\" data-element_type=\"widget\" data-widget_type=\"heading.default\">\n\t\t\t\t<div class=\"elementor-widget-container\">\n\t\t\t\t\t<h2 class=\"elementor-heading-title elementor-size-default\">Lecciones aprendidas<\/h2>\t\t\t\t<\/div>\n\t\t\t\t<\/div>\n\t\t\t\t<div class=\"elementor-element elementor-element-6f3178f elementor-widget elementor-widget-text-editor\" data-id=\"6f3178f\" data-element_type=\"widget\" data-widget_type=\"text-editor.default\">\n\t\t\t\t<div class=\"elementor-widget-container\">\n\t\t\t\t\t\t\t\t\t<ul><li><strong>Compromiso f\u00edsico:<\/strong> Los visitantes aprenden la importancia del movimiento f\u00edsico y la coordinaci\u00f3n mientras interact\u00faan con la exhibici\u00f3n, mejorando sus habilidades motoras a trav\u00e9s del juego.<\/li><li><strong>Trabajo en equipo e interacci\u00f3n:<\/strong> Cuando participan varios visitantes, la exposici\u00f3n fomenta la colaboraci\u00f3n y la competencia amistosa, resaltando los aspectos sociales y cooperativos de los deportes.<\/li><\/ul><ul><li><strong>Experiencia personalizable:<\/strong> Al permitir a los visitantes elegir diferentes fondos y modos de juego, la exhibici\u00f3n fomenta la exploraci\u00f3n y la personalizaci\u00f3n, haciendo que cada experiencia sea \u00fanica.<\/li><li><strong><a href=\"https:\/\/www.rollingstone.com\/culture-council\/articles\/technology-changing-the-way-we-interact-with-sports-1234720624\/\" target=\"_blank\" rel=\"noopener\">La tecnolog\u00eda en el deporte<\/a>:<\/strong> La exposici\u00f3n demuestra c\u00f3mo la tecnolog\u00eda digital puede mejorar los deportes tradicionales, mostrando a los visitantes el potencial de la tecnolog\u00eda interactiva para mejorar las experiencias atl\u00e9ticas.<\/li><\/ul><p>La exhibici\u00f3n Football Wall es una emocionante combinaci\u00f3n de actividad f\u00edsica y tecnolog\u00eda interactiva, que permite a los visitantes explorar la diversi\u00f3n y la emoci\u00f3n del f\u00fatbol de una manera nueva y creativa.<\/p>\t\t\t\t\t\t\t\t<\/div>\n\t\t\t\t<\/div>\n\t\t\t\t<div class=\"elementor-element elementor-element-a39f289 elementor-widget-divider--view-line elementor-widget elementor-widget-divider\" data-id=\"a39f289\" data-element_type=\"widget\" data-widget_type=\"divider.default\">\n\t\t\t\t<div class=\"elementor-widget-container\">\n\t\t\t\t\t\t\t<div class=\"elementor-divider\">\n\t\t\t<span class=\"elementor-divider-separator\">\n\t\t\t\t\t\t<\/span>\n\t\t<\/div>\n\t\t\t\t\t\t<\/div>\n\t\t\t\t<\/div>\n\t\t\t\t<div class=\"elementor-element elementor-element-a716a2d elementor-widget elementor-widget-heading\" data-id=\"a716a2d\" data-element_type=\"widget\" data-widget_type=\"heading.default\">\n\t\t\t\t<div class=\"elementor-widget-container\">\n\t\t\t\t\t<h2 class=\"elementor-heading-title elementor-size-default\">Edad objetivo<\/h2>\t\t\t\t<\/div>\n\t\t\t\t<\/div>\n\t\t\t\t<div class=\"elementor-element elementor-element-774312e elementor-icon-list--layout-traditional elementor-list-item-link-full_width elementor-widget elementor-widget-icon-list\" data-id=\"774312e\" data-element_type=\"widget\" data-widget_type=\"icon-list.default\">\n\t\t\t\t<div class=\"elementor-widget-container\">\n\t\t\t\t\t\t\t<ul class=\"elementor-icon-list-items\">\n\t\t\t\t\t\t\t<li class=\"elementor-icon-list-item\">\n\t\t\t\t\t\t\t\t\t\t\t<span class=\"elementor-icon-list-icon\">\n\t\t\t\t\t\t\t<i aria-hidden=\"true\" class=\"fas fa-check\"><\/i>\t\t\t\t\t\t<\/span>\n\t\t\t\t\t\t\t\t\t\t<span class=\"elementor-icon-list-text\">A partir de las 6<\/span>\n\t\t\t\t\t\t\t\t\t<\/li>\n\t\t\t\t\t\t<\/ul>\n\t\t\t\t\t\t<\/div>\n\t\t\t\t<\/div>\n\t\t\t\t<div class=\"elementor-element elementor-element-039d75a elementor-widget-divider--view-line elementor-widget elementor-widget-divider\" data-id=\"039d75a\" data-element_type=\"widget\" data-widget_type=\"divider.default\">\n\t\t\t\t<div class=\"elementor-widget-container\">\n\t\t\t\t\t\t\t<div class=\"elementor-divider\">\n\t\t\t<span class=\"elementor-divider-separator\">\n\t\t\t\t\t\t<\/span>\n\t\t<\/div>\n\t\t\t\t\t\t<\/div>\n\t\t\t\t<\/div>\n\t\t\t\t<div class=\"elementor-element elementor-element-f65e0f0 elementor-widget elementor-widget-heading\" data-id=\"f65e0f0\" data-element_type=\"widget\" data-widget_type=\"heading.default\">\n\t\t\t\t<div class=\"elementor-widget-container\">\n\t\t\t\t\t<h2 class=\"elementor-heading-title elementor-size-default\">Temas aplicables<\/h2>\t\t\t\t<\/div>\n\t\t\t\t<\/div>\n\t\t\t\t<div class=\"elementor-element elementor-element-e104779 elementor-icon-list--layout-traditional elementor-list-item-link-full_width elementor-widget elementor-widget-icon-list\" data-id=\"e104779\" data-element_type=\"widget\" data-widget_type=\"icon-list.default\">\n\t\t\t\t<div class=\"elementor-widget-container\">\n\t\t\t\t\t\t\t<ul class=\"elementor-icon-list-items\">\n\t\t\t\t\t\t\t<li class=\"elementor-icon-list-item\">\n\t\t\t\t\t\t\t\t\t\t\t<a href=\"https:\/\/sertek.com.tr\/es\/exhibiciones-tematicas-deportivas\/\">\n\n\t\t\t\t\t\t\t\t\t\t\t\t<span class=\"elementor-icon-list-icon\">\n\t\t\t\t\t\t\t<i aria-hidden=\"true\" class=\"hm hm-football\"><\/i>\t\t\t\t\t\t<\/span>\n\t\t\t\t\t\t\t\t\t\t<span class=\"elementor-icon-list-text\">Deportes<\/span>\n\t\t\t\t\t\t\t\t\t\t\t<\/a>\n\t\t\t\t\t\t\t\t\t<\/li>\n\t\t\t\t\t\t<\/ul>\n\t\t\t\t\t\t<\/div>\n\t\t\t\t<\/div>\n\t\t\t\t\t<\/div>\n\t\t<\/div>\n\t\t\t\t\t<\/div>\n\t\t<\/section>\n\t\t\t\t<div class=\"elementor-element elementor-element-b458126 elementor-widget elementor-widget-spacer\" data-id=\"b458126\" data-element_type=\"widget\" data-widget_type=\"spacer.default\">\n\t\t\t\t<div class=\"elementor-widget-container\">\n\t\t\t\t\t\t\t<div class=\"elementor-spacer\">\n\t\t\t<div class=\"elementor-spacer-inner\"><\/div>\n\t\t<\/div>\n\t\t\t\t\t\t<\/div>\n\t\t\t\t<\/div>\n\t\t\t\t\t<\/div>\n\t\t<\/div>\n\t\t\t\t\t<\/div>\n\t\t<\/section>\n\t\t\t\t<\/div>","protected":false},"excerpt":{"rendered":"<p>Interactive Football Wall The Football Wall exhibit offers an immersive and interactive experience where visitors engage with a projected wall using a physical soccer [&hellip;]<\/p>","protected":false},"author":1,"featured_media":7679,"parent":0,"menu_order":0,"comment_status":"closed","ping_status":"closed","template":"page-custom.php","meta":{"om_disable_all_campaigns":false,"_monsterinsights_skip_tracking":false,"_monsterinsights_sitenote_active":false,"_monsterinsights_sitenote_note":"","_monsterinsights_sitenote_category":0,"_uf_show_specific_survey":0,"_uf_disable_surveys":false,"footnotes":""},"class_list":["post-7678","page","type-page","status-publish","has-post-thumbnail","hentry"],"acf":{"full_width":false,"header_transparent":false,"header_white":false},"aioseo_notices":[],"yoast_head":"<!-- This site is optimized with the Yoast SEO plugin v26.9 - https:\/\/yoast.com\/product\/yoast-seo-wordpress\/ -->\n<title>Interactive Football Wall - Sertek Exhibitions<\/title>\n<meta name=\"description\" content=\"Interactive Football Wall is a combination of physical activity and technology, allowing visitors to experience football in a creative way.\" \/>\n<meta name=\"robots\" content=\"index, follow, max-snippet:-1, max-image-preview:large, max-video-preview:-1\" \/>\n<link rel=\"canonical\" href=\"https:\/\/sertek.com.tr\/es\/muro-de-futbol-interactivo\/\" \/>\n<meta property=\"og:locale\" content=\"es_ES\" \/>\n<meta property=\"og:type\" content=\"article\" \/>\n<meta property=\"og:title\" content=\"Interactive Football Wall - Sertek Exhibitions\" \/>\n<meta property=\"og:description\" content=\"Interactive Football Wall is a combination of physical activity and technology, allowing visitors to experience football in a creative way.\" \/>\n<meta property=\"og:url\" content=\"https:\/\/sertek.com.tr\/es\/muro-de-futbol-interactivo\/\" \/>\n<meta property=\"og:site_name\" content=\"Sertek Exhibitions\" \/>\n<meta property=\"article:modified_time\" content=\"2024-09-14T21:51:13+00:00\" \/>\n<meta property=\"og:image\" content=\"https:\/\/sertek.com.tr\/wp-content\/uploads\/2024\/09\/football_wall.png\" \/>\n\t<meta property=\"og:image:width\" content=\"1280\" \/>\n\t<meta property=\"og:image:height\" content=\"720\" \/>\n\t<meta property=\"og:image:type\" content=\"image\/png\" \/>\n<meta name=\"twitter:card\" content=\"summary_large_image\" \/>\n<meta name=\"twitter:label1\" content=\"Tiempo de lectura\" \/>\n\t<meta name=\"twitter:data1\" content=\"2 minutos\" \/>\n<script type=\"application\/ld+json\" class=\"yoast-schema-graph\">{\"@context\":\"https:\/\/schema.org\",\"@graph\":[{\"@type\":\"WebPage\",\"@id\":\"https:\/\/sertek.com.tr\/en\/interactive-football-wall\/\",\"url\":\"https:\/\/sertek.com.tr\/en\/interactive-football-wall\/\",\"name\":\"Interactive Football Wall - Sertek Exhibitions\",\"isPartOf\":{\"@id\":\"https:\/\/sertek.com.tr\/en\/#website\"},\"primaryImageOfPage\":{\"@id\":\"https:\/\/sertek.com.tr\/en\/interactive-football-wall\/#primaryimage\"},\"image\":{\"@id\":\"https:\/\/sertek.com.tr\/en\/interactive-football-wall\/#primaryimage\"},\"thumbnailUrl\":\"https:\/\/sertek.com.tr\/wp-content\/uploads\/2024\/09\/football_wall.png\",\"datePublished\":\"2024-09-14T21:50:13+00:00\",\"dateModified\":\"2024-09-14T21:51:13+00:00\",\"description\":\"Interactive Football Wall is a combination of physical activity and technology, allowing visitors to experience football in a creative way.\",\"breadcrumb\":{\"@id\":\"https:\/\/sertek.com.tr\/en\/interactive-football-wall\/#breadcrumb\"},\"inLanguage\":\"es\",\"potentialAction\":[{\"@type\":\"ReadAction\",\"target\":[\"https:\/\/sertek.com.tr\/en\/interactive-football-wall\/\"]}]},{\"@type\":\"ImageObject\",\"inLanguage\":\"es\",\"@id\":\"https:\/\/sertek.com.tr\/en\/interactive-football-wall\/#primaryimage\",\"url\":\"https:\/\/sertek.com.tr\/wp-content\/uploads\/2024\/09\/football_wall.png\",\"contentUrl\":\"https:\/\/sertek.com.tr\/wp-content\/uploads\/2024\/09\/football_wall.png\",\"width\":1280,\"height\":720,\"caption\":\"interactive football wall\"},{\"@type\":\"BreadcrumbList\",\"@id\":\"https:\/\/sertek.com.tr\/en\/interactive-football-wall\/#breadcrumb\",\"itemListElement\":[{\"@type\":\"ListItem\",\"position\":1,\"name\":\"Home\",\"item\":\"https:\/\/sertek.com.tr\/\"},{\"@type\":\"ListItem\",\"position\":2,\"name\":\"Interactive Football Wall\"}]},{\"@type\":\"WebSite\",\"@id\":\"https:\/\/sertek.com.tr\/en\/#website\",\"url\":\"https:\/\/sertek.com.tr\/en\/\",\"name\":\"Sertek Exhibitions\",\"description\":\"Sertek Exhibitons\",\"publisher\":{\"@id\":\"https:\/\/sertek.com.tr\/en\/#organization\"},\"potentialAction\":[{\"@type\":\"SearchAction\",\"target\":{\"@type\":\"EntryPoint\",\"urlTemplate\":\"https:\/\/sertek.com.tr\/en\/?s={search_term_string}\"},\"query-input\":{\"@type\":\"PropertyValueSpecification\",\"valueRequired\":true,\"valueName\":\"search_term_string\"}}],\"inLanguage\":\"es\"},{\"@type\":\"Organization\",\"@id\":\"https:\/\/sertek.com.tr\/en\/#organization\",\"name\":\"Sertek Exhibitions\",\"url\":\"https:\/\/sertek.com.tr\/en\/\",\"logo\":{\"@type\":\"ImageObject\",\"inLanguage\":\"es\",\"@id\":\"https:\/\/sertek.com.tr\/en\/#\/schema\/logo\/image\/\",\"url\":\"https:\/\/sertek.com.tr\/wp-content\/uploads\/2023\/06\/SertekLogo-1.png\",\"contentUrl\":\"https:\/\/sertek.com.tr\/wp-content\/uploads\/2023\/06\/SertekLogo-1.png\",\"width\":300,\"height\":49,\"caption\":\"Sertek Exhibitions\"},\"image\":{\"@id\":\"https:\/\/sertek.com.tr\/en\/#\/schema\/logo\/image\/\"},\"sameAs\":[\"https:\/\/www.linkedin.com\/company\/sertek-exhibitions\/\"]}]}<\/script>\n<!-- \/ Yoast SEO plugin. -->","yoast_head_json":{"title":"Interactive Football Wall - Sertek Exhibitions","description":"Interactive Football Wall is a combination of physical activity and technology, allowing visitors to experience football in a creative way.","robots":{"index":"index","follow":"follow","max-snippet":"max-snippet:-1","max-image-preview":"max-image-preview:large","max-video-preview":"max-video-preview:-1"},"canonical":"https:\/\/sertek.com.tr\/es\/muro-de-futbol-interactivo\/","og_locale":"es_ES","og_type":"article","og_title":"Interactive Football Wall - Sertek Exhibitions","og_description":"Interactive Football Wall is a combination of physical activity and technology, allowing visitors to experience football in a creative way.","og_url":"https:\/\/sertek.com.tr\/es\/muro-de-futbol-interactivo\/","og_site_name":"Sertek Exhibitions","article_modified_time":"2024-09-14T21:51:13+00:00","og_image":[{"width":1280,"height":720,"url":"https:\/\/sertek.com.tr\/wp-content\/uploads\/2024\/09\/football_wall.png","type":"image\/png"}],"twitter_card":"summary_large_image","twitter_misc":{"Tiempo de lectura":"2 minutos"},"schema":{"@context":"https:\/\/schema.org","@graph":[{"@type":"WebPage","@id":"https:\/\/sertek.com.tr\/en\/interactive-football-wall\/","url":"https:\/\/sertek.com.tr\/en\/interactive-football-wall\/","name":"Interactive Football Wall - Sertek Exhibitions","isPartOf":{"@id":"https:\/\/sertek.com.tr\/en\/#website"},"primaryImageOfPage":{"@id":"https:\/\/sertek.com.tr\/en\/interactive-football-wall\/#primaryimage"},"image":{"@id":"https:\/\/sertek.com.tr\/en\/interactive-football-wall\/#primaryimage"},"thumbnailUrl":"https:\/\/sertek.com.tr\/wp-content\/uploads\/2024\/09\/football_wall.png","datePublished":"2024-09-14T21:50:13+00:00","dateModified":"2024-09-14T21:51:13+00:00","description":"Interactive Football Wall is a combination of physical activity and technology, allowing visitors to experience football in a creative way.","breadcrumb":{"@id":"https:\/\/sertek.com.tr\/en\/interactive-football-wall\/#breadcrumb"},"inLanguage":"es","potentialAction":[{"@type":"ReadAction","target":["https:\/\/sertek.com.tr\/en\/interactive-football-wall\/"]}]},{"@type":"ImageObject","inLanguage":"es","@id":"https:\/\/sertek.com.tr\/en\/interactive-football-wall\/#primaryimage","url":"https:\/\/sertek.com.tr\/wp-content\/uploads\/2024\/09\/football_wall.png","contentUrl":"https:\/\/sertek.com.tr\/wp-content\/uploads\/2024\/09\/football_wall.png","width":1280,"height":720,"caption":"interactive football wall"},{"@type":"BreadcrumbList","@id":"https:\/\/sertek.com.tr\/en\/interactive-football-wall\/#breadcrumb","itemListElement":[{"@type":"ListItem","position":1,"name":"Home","item":"https:\/\/sertek.com.tr\/"},{"@type":"ListItem","position":2,"name":"Interactive Football Wall"}]},{"@type":"WebSite","@id":"https:\/\/sertek.com.tr\/en\/#website","url":"https:\/\/sertek.com.tr\/en\/","name":"Sertek Exhibitions","description":"Sertek Exhibitons","publisher":{"@id":"https:\/\/sertek.com.tr\/en\/#organization"},"potentialAction":[{"@type":"SearchAction","target":{"@type":"EntryPoint","urlTemplate":"https:\/\/sertek.com.tr\/en\/?s={search_term_string}"},"query-input":{"@type":"PropertyValueSpecification","valueRequired":true,"valueName":"search_term_string"}}],"inLanguage":"es"},{"@type":"Organization","@id":"https:\/\/sertek.com.tr\/en\/#organization","name":"Sertek Exhibitions","url":"https:\/\/sertek.com.tr\/en\/","logo":{"@type":"ImageObject","inLanguage":"es","@id":"https:\/\/sertek.com.tr\/en\/#\/schema\/logo\/image\/","url":"https:\/\/sertek.com.tr\/wp-content\/uploads\/2023\/06\/SertekLogo-1.png","contentUrl":"https:\/\/sertek.com.tr\/wp-content\/uploads\/2023\/06\/SertekLogo-1.png","width":300,"height":49,"caption":"Sertek Exhibitions"},"image":{"@id":"https:\/\/sertek.com.tr\/en\/#\/schema\/logo\/image\/"},"sameAs":["https:\/\/www.linkedin.com\/company\/sertek-exhibitions\/"]}]}},"jetpack_sharing_enabled":true,"_links":{"self":[{"href":"https:\/\/sertek.com.tr\/es\/wp-json\/wp\/v2\/pages\/7678","targetHints":{"allow":["GET"]}}],"collection":[{"href":"https:\/\/sertek.com.tr\/es\/wp-json\/wp\/v2\/pages"}],"about":[{"href":"https:\/\/sertek.com.tr\/es\/wp-json\/wp\/v2\/types\/page"}],"author":[{"embeddable":true,"href":"https:\/\/sertek.com.tr\/es\/wp-json\/wp\/v2\/users\/1"}],"replies":[{"embeddable":true,"href":"https:\/\/sertek.com.tr\/es\/wp-json\/wp\/v2\/comments?post=7678"}],"version-history":[{"count":12,"href":"https:\/\/sertek.com.tr\/es\/wp-json\/wp\/v2\/pages\/7678\/revisions"}],"predecessor-version":[{"id":7691,"href":"https:\/\/sertek.com.tr\/es\/wp-json\/wp\/v2\/pages\/7678\/revisions\/7691"}],"wp:featuredmedia":[{"embeddable":true,"href":"https:\/\/sertek.com.tr\/es\/wp-json\/wp\/v2\/media\/7679"}],"wp:attachment":[{"href":"https:\/\/sertek.com.tr\/es\/wp-json\/wp\/v2\/media?parent=7678"}],"curies":[{"name":"wp","href":"https:\/\/api.w.org\/{rel}","templated":true}]}}