{"id":1718,"date":"2022-10-21T13:36:10","date_gmt":"2022-10-21T13:36:10","guid":{"rendered":"https:\/\/theme.madsparrow.me\/most\/?page_id=1718"},"modified":"2023-10-19T20:34:25","modified_gmt":"2023-10-19T20:34:25","slug":"sand-art-exhibit","status":"publish","type":"page","link":"https:\/\/sertek.com.tr\/tr\/kum-sanati-sergisi\/","title":{"rendered":"Kum Sanat\u0131 Sergisi"},"content":{"rendered":"<div data-elementor-type=\"wp-page\" data-elementor-id=\"1718\" class=\"elementor elementor-1718\" data-elementor-settings=\"{&quot;ha_cmc_init_switcher&quot;:&quot;no&quot;}\">\n\t\t\t\t\t\t<section class=\"elementor-section elementor-top-section elementor-element elementor-element-9f5181a elementor-section-boxed elementor-section-height-default elementor-section-height-default\" data-id=\"9f5181a\" data-element_type=\"section\" data-settings=\"{&quot;_ha_eqh_enable&quot;:false}\">\n\t\t\t\t\t\t<div class=\"elementor-container elementor-column-gap-extended\">\n\t\t\t\t\t<div class=\"elementor-column elementor-col-100 elementor-top-column elementor-element elementor-element-e397ea5\" data-id=\"e397ea5\" data-element_type=\"column\">\n\t\t\t<div class=\"elementor-widget-wrap elementor-element-populated\">\n\t\t\t\t\t\t<section class=\"elementor-section elementor-inner-section elementor-element elementor-element-69eb3a0 elementor-section-full_width elementor-section-height-default elementor-section-height-default\" data-id=\"69eb3a0\" data-element_type=\"section\" data-settings=\"{&quot;background_background&quot;:&quot;classic&quot;,&quot;_ha_eqh_enable&quot;:false}\">\n\t\t\t\t\t\t<div class=\"elementor-container elementor-column-gap-wide\">\n\t\t\t\t\t<div class=\"elementor-column elementor-col-50 elementor-inner-column elementor-element elementor-element-d2f0e81 has-sticky-column\" data-id=\"d2f0e81\" data-element_type=\"column\">\n\t\t\t<div class=\"elementor-widget-wrap elementor-element-populated\">\n\t\t\t\t\t\t<div class=\"elementor-element elementor-element-2831e30 elementor-widget__width-inherit elementor-arrows-position-inside elementor-pagination-position-outside elementor-widget elementor-widget-image-carousel\" data-id=\"2831e30\" data-element_type=\"widget\" data-settings=\"{&quot;slides_to_show&quot;:&quot;1&quot;,&quot;navigation&quot;:&quot;both&quot;,&quot;autoplay&quot;:&quot;yes&quot;,&quot;pause_on_hover&quot;:&quot;yes&quot;,&quot;pause_on_interaction&quot;:&quot;yes&quot;,&quot;autoplay_speed&quot;:5000,&quot;infinite&quot;:&quot;yes&quot;,&quot;effect&quot;:&quot;slide&quot;,&quot;speed&quot;:500}\" data-widget_type=\"image-carousel.default\">\n\t\t\t\t<div class=\"elementor-widget-container\">\n\t\t\t\t\t\t\t<div class=\"elementor-image-carousel-wrapper swiper\" role=\"region\" aria-roledescription=\"carousel\" aria-label=\"Resim D\u00f6ng\u00fcs\u00fc\" dir=\"ltr\">\n\t\t\t<div class=\"elementor-image-carousel swiper-wrapper\" aria-live=\"off\">\n\t\t\t\t\t\t\t\t<div class=\"swiper-slide\" role=\"group\" aria-roledescription=\"slide\" aria-label=\"1 \/ 4\"><figure class=\"swiper-slide-inner\"><img decoding=\"async\" class=\"swiper-slide-image\" src=\"https:\/\/sertek.com.tr\/wp-content\/uploads\/elementor\/thumbs\/Sandart-qbxm8o1cogocqqkjpdyu56c3ppi0rwm5sdfxbo4rrc.jpg\" alt=\"sandart sergisi\" \/><\/figure><\/div><div class=\"swiper-slide\" role=\"group\" aria-roledescription=\"slide\" aria-label=\"2 \/ 4\"><figure class=\"swiper-slide-inner\"><img decoding=\"async\" class=\"swiper-slide-image\" src=\"https:\/\/sertek.com.tr\/wp-content\/uploads\/elementor\/thumbs\/sandart-2-qbxm8n3ihmn2f4lwuvk7kokn4bmnk7ifg8sfue65xk.jpeg\" alt=\"sandart-2\" \/><\/figure><\/div><div class=\"swiper-slide\" role=\"group\" aria-roledescription=\"slide\" aria-label=\"3 \/ 4\"><figure class=\"swiper-slide-inner\"><img decoding=\"async\" class=\"swiper-slide-image\" src=\"https:\/\/sertek.com.tr\/wp-content\/uploads\/elementor\/thumbs\/Sandart_2-qbxm8m5oasls3ina0d5l06t6ixraciep444yd47k3s.jpg\" alt=\"Sandart sergisi\" \/><\/figure><\/div><div class=\"swiper-slide\" role=\"group\" aria-roledescription=\"slide\" aria-label=\"4 \/ 4\"><figure class=\"swiper-slide-inner\"><img decoding=\"async\" class=\"swiper-slide-image\" src=\"https:\/\/sertek.com.tr\/wp-content\/uploads\/elementor\/thumbs\/Sandart_1-qbxm8m5oasls3ina0d5l06t6ixraciep444yd47k3s.jpg\" alt=\"Sandart etkile\u015fimli\" \/><\/figure><\/div>\t\t\t<\/div>\n\t\t\t\t\t\t\t\t\t\t\t\t<div class=\"elementor-swiper-button elementor-swiper-button-prev\" role=\"button\" tabindex=\"0\">\n\t\t\t\t\t\t<i aria-hidden=\"true\" class=\"eicon-chevron-left\"><\/i>\t\t\t\t\t<\/div>\n\t\t\t\t\t<div class=\"elementor-swiper-button elementor-swiper-button-next\" role=\"button\" tabindex=\"0\">\n\t\t\t\t\t\t<i aria-hidden=\"true\" class=\"eicon-chevron-right\"><\/i>\t\t\t\t\t<\/div>\n\t\t\t\t\n\t\t\t\t\t\t\t\t\t<div class=\"swiper-pagination\"><\/div>\n\t\t\t\t\t\t\t\t\t<\/div>\n\t\t\t\t\t\t<\/div>\n\t\t\t\t<\/div>\n\t\t\t\t\t<\/div>\n\t\t<\/div>\n\t\t\t\t<div class=\"elementor-column elementor-col-50 elementor-inner-column elementor-element elementor-element-f3f7ad4\" data-id=\"f3f7ad4\" data-element_type=\"column\">\n\t\t\t<div class=\"elementor-widget-wrap elementor-element-populated\">\n\t\t\t\t\t\t<div class=\"elementor-element elementor-element-6aa4c96 elementor-widget elementor-widget-heading\" data-id=\"6aa4c96\" data-element_type=\"widget\" data-widget_type=\"heading.default\">\n\t\t\t\t<div class=\"elementor-widget-container\">\n\t\t\t\t\t<h1 class=\"elementor-heading-title elementor-size-default\">Kum Sanat\u0131 Sergisi<\/h1>\t\t\t\t<\/div>\n\t\t\t\t<\/div>\n\t\t\t\t<div class=\"elementor-element elementor-element-7a4bf61 elementor-widget elementor-widget-text-editor\" data-id=\"7a4bf61\" data-element_type=\"widget\" data-widget_type=\"text-editor.default\">\n\t\t\t\t<div class=\"elementor-widget-container\">\n\t\t\t\t\t\t\t\t\t<p>Kum Sanat\u0131, bilim ve sanat aras\u0131ndaki bo\u015flu\u011fu kapatan bir sergidir. Bu benzersiz etkile\u015fimli sergi, ziyaret\u00e7ileri hem g\u00f6zlemci hem de ge\u00e7ici g\u00fczelli\u011fin yarat\u0131c\u0131s\u0131 olmaya davet ediyor. Ziyaret\u00e7iler serginin unsurlar\u0131yla etkile\u015fime girdik\u00e7e, do\u011fal olaylar\u0131n sanatsal potansiyeline dair derin bir takdir kazan\u0131yorlar. Ziyaret\u00e7iler sanat\u00e7\u0131 olurken, ge\u00e7ici g\u00fczelli\u011fin \u00f6z\u00fcn\u00fc yakalayan b\u00fcy\u00fcleyici sanat eserleri yontarak kum, su ve havan\u0131n narin dans\u0131yla b\u00fcy\u00fclenmeye haz\u0131r olun. Bu benzersiz deneyim, kat\u0131l\u0131mc\u0131lar\u0131 kum par\u00e7ac\u0131klar\u0131n\u0131n b\u00fcy\u00fcleyici d\u00fcnyas\u0131na dalmaya ve do\u011fal unsurlar\u0131n etkile\u015fimiyle karma\u015f\u0131k desenler olu\u015fturmaya davet ediyor.<\/p>\t\t\t\t\t\t\t\t<\/div>\n\t\t\t\t<\/div>\n\t\t\t\t<div class=\"elementor-element elementor-element-6d1f201 elementor-widget-divider--view-line elementor-widget elementor-widget-divider\" data-id=\"6d1f201\" data-element_type=\"widget\" data-widget_type=\"divider.default\">\n\t\t\t\t<div class=\"elementor-widget-container\">\n\t\t\t\t\t\t\t<div class=\"elementor-divider\">\n\t\t\t<span class=\"elementor-divider-separator\">\n\t\t\t\t\t\t<\/span>\n\t\t<\/div>\n\t\t\t\t\t\t<\/div>\n\t\t\t\t<\/div>\n\t\t\t\t<div class=\"elementor-element elementor-element-8dcb773 elementor-widget elementor-widget-heading\" data-id=\"8dcb773\" data-element_type=\"widget\" data-widget_type=\"heading.default\">\n\t\t\t\t<div class=\"elementor-widget-container\">\n\t\t\t\t\t<h2 class=\"elementor-heading-title elementor-size-default\">Ziyaret\u00e7i Deneyimi<\/h2>\t\t\t\t<\/div>\n\t\t\t\t<\/div>\n\t\t\t\t<div class=\"elementor-element elementor-element-22e2a78 elementor-widget elementor-widget-text-editor\" data-id=\"22e2a78\" data-element_type=\"widget\" data-widget_type=\"text-editor.default\">\n\t\t\t\t<div class=\"elementor-widget-container\">\n\t\t\t\t\t\t\t\t\t<p>Ziyaret\u00e7iler Kum Sanat\u0131 sergisine yakla\u015ft\u0131klar\u0131nda dairesel bir pencereyle kar\u015f\u0131la\u015f\u0131rlar. Pencere, kum ve suyun hassas bir dengesiyle doludur. Dairesel pencere, ziyaret\u00e7ileri sanatsal s\u00fcre\u00e7te aktif kat\u0131l\u0131mc\u0131lar olmaya davet ederek d\u00f6n\u00fc\u015f i\u00e7in ask\u0131ya al\u0131nm\u0131\u015ft\u0131r.<\/p><p>Dairesel pencerenin hafif\u00e7e d\u00f6nd\u00fcr\u00fclmesiyle ziyaret\u00e7iler dikkate de\u011fer bir d\u00f6n\u00fc\u015f\u00fcm ba\u015flat\u0131r. Pencere ters \u00e7evrildik\u00e7e, kum par\u00e7ac\u0131klar\u0131 hapsolmu\u015f hava kabarc\u0131klar\u0131 taraf\u0131ndan y\u00f6nlendirilerek suyun i\u00e7inden kademeli olarak a\u015fa\u011f\u0131 iner. Kum par\u00e7ac\u0131klar\u0131 ve hava kabarc\u0131klar\u0131 aras\u0131ndaki etkile\u015fim b\u00fcy\u00fcleyici bir dansa yol a\u00e7ar. Bu, duyular\u0131 b\u00fcy\u00fcleyen bir hareket ve doku senfonisidir.<\/p><p>Ziyaret\u00e7iler heykel \u00fczerinde sanatsal kontrol uygulayarak d\u00fc\u015fen kum par\u00e7ac\u0131klar\u0131n\u0131n desenini ve hareketini etkilerler. Sonu\u00e7, benzersiz ve ge\u00e7ici bir \u015faheserdir. Bu, kum al\u00e7ald\u0131k\u00e7a, de\u011fi\u015ftik\u00e7e ve do\u011fan\u0131n karma\u015f\u0131k tasar\u0131mlar\u0131n\u0131 an\u0131msatan karma\u015f\u0131k desenler olu\u015fturduk\u00e7a s\u00fcrekli olarak evrimle\u015fen ge\u00e7ici bir heykeldir.<\/p>\t\t\t\t\t\t\t\t<\/div>\n\t\t\t\t<\/div>\n\t\t\t\t<div class=\"elementor-element elementor-element-d41972f elementor-widget-divider--view-line elementor-widget elementor-widget-divider\" data-id=\"d41972f\" data-element_type=\"widget\" data-widget_type=\"divider.default\">\n\t\t\t\t<div class=\"elementor-widget-container\">\n\t\t\t\t\t\t\t<div class=\"elementor-divider\">\n\t\t\t<span class=\"elementor-divider-separator\">\n\t\t\t\t\t\t<\/span>\n\t\t<\/div>\n\t\t\t\t\t\t<\/div>\n\t\t\t\t<\/div>\n\t\t\t\t<div class=\"elementor-element elementor-element-079d7be elementor-widget elementor-widget-heading\" data-id=\"079d7be\" data-element_type=\"widget\" data-widget_type=\"heading.default\">\n\t\t\t\t<div class=\"elementor-widget-container\">\n\t\t\t\t\t<h2 class=\"elementor-heading-title elementor-size-default\">\u00d6ne \u00c7\u0131kan \u00d6zellikler<\/h2>\t\t\t\t<\/div>\n\t\t\t\t<\/div>\n\t\t\t\t<div class=\"elementor-element elementor-element-e8d7da7 elementor-widget elementor-widget-text-editor\" data-id=\"e8d7da7\" data-element_type=\"widget\" data-widget_type=\"text-editor.default\">\n\t\t\t\t<div class=\"elementor-widget-container\">\n\t\t\t\t\t\t\t\t\t<ol>\n<li>\n<p><strong>Sanat Olarak Do\u011fal Olaylar:<\/strong> Kum Sanat\u0131, do\u011fal olaylarla sanatsal ifade aras\u0131ndaki uyumu kutluyor. Ziyaret\u00e7iler, hareket halindeki kum par\u00e7ac\u0131klar\u0131n\u0131n g\u00fczelli\u011fine ve hava kabarc\u0131klar\u0131yla etkile\u015fime girdiklerinde ortaya \u00e7\u0131kan \u00e7arp\u0131c\u0131 desenlere tan\u0131k oluyor.<\/p>\n<\/li>\n<li>\n<p><strong><a href=\"https:\/\/www.livescience.com\/47446-fluid-dynamics.html\" target=\"_blank\" rel=\"noopener\">Ak\u0131\u015fkanlar Dinami\u011fi<\/a> ve Estetik:<\/strong> Sergi, ziyaret\u00e7ilere ak\u0131\u015fkan dinamiklerini g\u00f6rsel olarak \u00e7arp\u0131c\u0131 bir \u015fekilde tan\u0131t\u0131yor. Kum par\u00e7ac\u0131klar\u0131n\u0131n hava kabarc\u0131klar\u0131yla nas\u0131l etkile\u015fime girdi\u011fini g\u00f6zlemliyorlar. Deneyim, esteti\u011fi bilimsel ilkelerle birle\u015ftiren b\u00fcy\u00fcleyici desenler gibi hissettiriyor.<\/p>\n<\/li>\n<li>\n<p><strong>\u0130nteraktif \u015eekillendirme:<\/strong> Ziyaret\u00e7iler ge\u00e7ici sanat\u0131n heykelt\u0131ra\u015flar\u0131na d\u00f6n\u00fc\u015f\u00fcyor. Dairesel pencereyi d\u00f6nd\u00fcrerek ve kumun hareketini etkileyerek sanat\u0131 ger\u00e7ek zamanl\u0131 olarak \u015fekillendirmenin e\u015fsiz tatminini ya\u015f\u0131yorlar.<\/p>\n<\/li>\n<li>\n<p><strong>Ge\u00e7icili\u011fi Anlamak:<\/strong> Kum desenlerinin ge\u00e7ici do\u011fas\u0131, g\u00fczelli\u011fin ge\u00e7icili\u011fini dokunakl\u0131 bir \u015fekilde hat\u0131rlat\u0131yor. Ziyaret\u00e7iler sanat\u0131n ve ya\u015fam\u0131n ge\u00e7ici do\u011fas\u0131na dair bir takdir kazan\u0131r.<\/p>\n<\/li>\n<li>\n<p><strong>Duyusal Etkile\u015fim:<\/strong> Kum Sanat\u0131 birden fazla duyuyu harekete ge\u00e7irir: g\u00f6rme, dokunma ve hareket. Ziyaret\u00e7iler pencereyi d\u00f6nd\u00fcrmenin dokunsal hissini deneyimler. Hareket halindeki kum par\u00e7ac\u0131klar\u0131n\u0131n g\u00f6rsel zevki ve hava kabarc\u0131klar\u0131n\u0131n i\u015fitsel y\u00f6n\u00fc birbirine kar\u0131\u015f\u0131r.<\/p>\n<\/li>\n<\/ol>\t\t\t\t\t\t\t\t<\/div>\n\t\t\t\t<\/div>\n\t\t\t\t<div class=\"elementor-element elementor-element-97d900f elementor-widget-divider--view-line elementor-widget elementor-widget-divider\" data-id=\"97d900f\" data-element_type=\"widget\" data-widget_type=\"divider.default\">\n\t\t\t\t<div class=\"elementor-widget-container\">\n\t\t\t\t\t\t\t<div class=\"elementor-divider\">\n\t\t\t<span class=\"elementor-divider-separator\">\n\t\t\t\t\t\t<\/span>\n\t\t<\/div>\n\t\t\t\t\t\t<\/div>\n\t\t\t\t<\/div>\n\t\t\t\t<div class=\"elementor-element elementor-element-6ff8202 elementor-widget elementor-widget-heading\" data-id=\"6ff8202\" data-element_type=\"widget\" data-widget_type=\"heading.default\">\n\t\t\t\t<div class=\"elementor-widget-container\">\n\t\t\t\t\t<h2 class=\"elementor-heading-title elementor-size-default\">Hedef Ya\u015f<\/h2>\t\t\t\t<\/div>\n\t\t\t\t<\/div>\n\t\t\t\t<div class=\"elementor-element elementor-element-1bc7fdc elementor-icon-list--layout-traditional elementor-list-item-link-full_width elementor-widget elementor-widget-icon-list\" data-id=\"1bc7fdc\" data-element_type=\"widget\" data-widget_type=\"icon-list.default\">\n\t\t\t\t<div class=\"elementor-widget-container\">\n\t\t\t\t\t\t\t<ul class=\"elementor-icon-list-items\">\n\t\t\t\t\t\t\t<li class=\"elementor-icon-list-item\">\n\t\t\t\t\t\t\t\t\t\t\t<span class=\"elementor-icon-list-icon\">\n\t\t\t\t\t\t\t<i aria-hidden=\"true\" class=\"fas fa-check\"><\/i>\t\t\t\t\t\t<\/span>\n\t\t\t\t\t\t\t\t\t\t<span class=\"elementor-icon-list-text\">Her ya\u015ftan<\/span>\n\t\t\t\t\t\t\t\t\t<\/li>\n\t\t\t\t\t\t<\/ul>\n\t\t\t\t\t\t<\/div>\n\t\t\t\t<\/div>\n\t\t\t\t<div class=\"elementor-element elementor-element-bfd4039 elementor-widget-divider--view-line elementor-widget elementor-widget-divider\" data-id=\"bfd4039\" data-element_type=\"widget\" data-widget_type=\"divider.default\">\n\t\t\t\t<div class=\"elementor-widget-container\">\n\t\t\t\t\t\t\t<div class=\"elementor-divider\">\n\t\t\t<span class=\"elementor-divider-separator\">\n\t\t\t\t\t\t<\/span>\n\t\t<\/div>\n\t\t\t\t\t\t<\/div>\n\t\t\t\t<\/div>\n\t\t\t\t<div class=\"elementor-element elementor-element-db1534f elementor-widget elementor-widget-heading\" data-id=\"db1534f\" data-element_type=\"widget\" data-widget_type=\"heading.default\">\n\t\t\t\t<div class=\"elementor-widget-container\">\n\t\t\t\t\t<h2 class=\"elementor-heading-title elementor-size-default\">Uygulanabilir Temalar<\/h2>\t\t\t\t<\/div>\n\t\t\t\t<\/div>\n\t\t\t\t<div class=\"elementor-element elementor-element-a62382e elementor-icon-list--layout-traditional elementor-list-item-link-full_width elementor-widget elementor-widget-icon-list\" data-id=\"a62382e\" data-element_type=\"widget\" data-widget_type=\"icon-list.default\">\n\t\t\t\t<div class=\"elementor-widget-container\">\n\t\t\t\t\t\t\t<ul class=\"elementor-icon-list-items\">\n\t\t\t\t\t\t\t<li class=\"elementor-icon-list-item\">\n\t\t\t\t\t\t\t\t\t\t\t<a href=\"https:\/\/sertek.com.tr\/tr\/sanat-temali-sergiler\/\">\n\n\t\t\t\t\t\t\t\t\t\t\t\t<span class=\"elementor-icon-list-icon\">\n\t\t\t\t\t\t\t<i aria-hidden=\"true\" class=\"fas fa-paint-brush\"><\/i>\t\t\t\t\t\t<\/span>\n\t\t\t\t\t\t\t\t\t\t<span class=\"elementor-icon-list-text\">Sanat<\/span>\n\t\t\t\t\t\t\t\t\t\t\t<\/a>\n\t\t\t\t\t\t\t\t\t<\/li>\n\t\t\t\t\t\t\t\t<li class=\"elementor-icon-list-item\">\n\t\t\t\t\t\t\t\t\t\t\t<a href=\"https:\/\/sertek.com.tr\/tr\/fizik-temali-sergiler\/\">\n\n\t\t\t\t\t\t\t\t\t\t\t\t<span class=\"elementor-icon-list-icon\">\n\t\t\t\t\t\t\t<i aria-hidden=\"true\" class=\"fab fa-react\"><\/i>\t\t\t\t\t\t<\/span>\n\t\t\t\t\t\t\t\t\t\t<span class=\"elementor-icon-list-text\">Fizik<\/span>\n\t\t\t\t\t\t\t\t\t\t\t<\/a>\n\t\t\t\t\t\t\t\t\t<\/li>\n\t\t\t\t\t\t<\/ul>\n\t\t\t\t\t\t<\/div>\n\t\t\t\t<\/div>\n\t\t\t\t\t<\/div>\n\t\t<\/div>\n\t\t\t\t\t<\/div>\n\t\t<\/section>\n\t\t\t\t<div class=\"elementor-element elementor-element-b458126 elementor-widget elementor-widget-spacer\" data-id=\"b458126\" data-element_type=\"widget\" data-widget_type=\"spacer.default\">\n\t\t\t\t<div class=\"elementor-widget-container\">\n\t\t\t\t\t\t\t<div class=\"elementor-spacer\">\n\t\t\t<div class=\"elementor-spacer-inner\"><\/div>\n\t\t<\/div>\n\t\t\t\t\t\t<\/div>\n\t\t\t\t<\/div>\n\t\t\t\t\t<\/div>\n\t\t<\/div>\n\t\t\t\t\t<\/div>\n\t\t<\/section>\n\t\t\t\t<\/div>","protected":false},"excerpt":{"rendered":"<p>Kum Sanat\u0131 Sergisi Kum Sanat\u0131, bilim ile sanat aras\u0131nda k\u00f6pr\u00fc kuran bir sergidir. Bu benzersiz etkile\u015fimli sergi, ziyaret\u00e7ileri hem [\u2026]<\/p>","protected":false},"author":1,"featured_media":5181,"parent":0,"menu_order":0,"comment_status":"closed","ping_status":"closed","template":"page-custom.php","meta":{"om_disable_all_campaigns":false,"_monsterinsights_skip_tracking":false,"_monsterinsights_sitenote_active":false,"_monsterinsights_sitenote_note":"","_monsterinsights_sitenote_category":0,"_uf_show_specific_survey":0,"_uf_disable_surveys":false,"footnotes":""},"class_list":["post-1718","page","type-page","status-publish","has-post-thumbnail","hentry"],"acf":{"full_width":false,"header_transparent":false,"header_white":false},"aioseo_notices":[],"yoast_head":"<!-- This site is optimized with the Yoast SEO plugin v26.9 - https:\/\/yoast.com\/product\/yoast-seo-wordpress\/ -->\n<title>Sand Art Exhibit - Sertek Exhibitions<\/title>\n<meta name=\"description\" content=\"As visitors interact with the sand art exhibit elements, they gain a profound appreciation for the artistic potential of natural phenomena.\" \/>\n<meta name=\"robots\" content=\"index, follow, max-snippet:-1, max-image-preview:large, max-video-preview:-1\" \/>\n<link rel=\"canonical\" href=\"https:\/\/sertek.com.tr\/tr\/kum-sanati-sergisi\/\" \/>\n<meta property=\"og:locale\" content=\"tr_TR\" \/>\n<meta property=\"og:type\" content=\"article\" \/>\n<meta property=\"og:title\" content=\"Sand Art Exhibit - Sertek Exhibitions\" \/>\n<meta property=\"og:description\" content=\"As visitors interact with the sand art exhibit elements, they gain a profound appreciation for the artistic potential of natural phenomena.\" \/>\n<meta property=\"og:url\" content=\"https:\/\/sertek.com.tr\/tr\/kum-sanati-sergisi\/\" \/>\n<meta property=\"og:site_name\" content=\"Sertek Exhibitions\" \/>\n<meta property=\"article:modified_time\" content=\"2023-10-19T20:34:25+00:00\" \/>\n<meta property=\"og:image\" content=\"https:\/\/sertek.com.tr\/wp-content\/uploads\/2023\/07\/Sandart.jpg\" \/>\n\t<meta property=\"og:image:width\" content=\"960\" \/>\n\t<meta property=\"og:image:height\" content=\"657\" \/>\n\t<meta property=\"og:image:type\" content=\"image\/jpeg\" \/>\n<meta name=\"twitter:card\" content=\"summary_large_image\" \/>\n<meta name=\"twitter:label1\" content=\"Tahmini okuma s\u00fcresi\" \/>\n\t<meta name=\"twitter:data1\" content=\"4 dakika\" \/>\n<script type=\"application\/ld+json\" class=\"yoast-schema-graph\">{\"@context\":\"https:\/\/schema.org\",\"@graph\":[{\"@type\":\"WebPage\",\"@id\":\"https:\/\/sertek.com.tr\/en\/sand-art-exhibit\/\",\"url\":\"https:\/\/sertek.com.tr\/en\/sand-art-exhibit\/\",\"name\":\"Sand Art Exhibit - Sertek Exhibitions\",\"isPartOf\":{\"@id\":\"https:\/\/sertek.com.tr\/en\/#website\"},\"primaryImageOfPage\":{\"@id\":\"https:\/\/sertek.com.tr\/en\/sand-art-exhibit\/#primaryimage\"},\"image\":{\"@id\":\"https:\/\/sertek.com.tr\/en\/sand-art-exhibit\/#primaryimage\"},\"thumbnailUrl\":\"https:\/\/sertek.com.tr\/wp-content\/uploads\/2023\/07\/Sandart.jpg\",\"datePublished\":\"2022-10-21T13:36:10+00:00\",\"dateModified\":\"2023-10-19T20:34:25+00:00\",\"description\":\"As visitors interact with the sand art exhibit elements, they gain a profound appreciation for the artistic potential of natural phenomena.\",\"breadcrumb\":{\"@id\":\"https:\/\/sertek.com.tr\/en\/sand-art-exhibit\/#breadcrumb\"},\"inLanguage\":\"tr\",\"potentialAction\":[{\"@type\":\"ReadAction\",\"target\":[\"https:\/\/sertek.com.tr\/en\/sand-art-exhibit\/\"]}]},{\"@type\":\"ImageObject\",\"inLanguage\":\"tr\",\"@id\":\"https:\/\/sertek.com.tr\/en\/sand-art-exhibit\/#primaryimage\",\"url\":\"https:\/\/sertek.com.tr\/wp-content\/uploads\/2023\/07\/Sandart.jpg\",\"contentUrl\":\"https:\/\/sertek.com.tr\/wp-content\/uploads\/2023\/07\/Sandart.jpg\",\"width\":960,\"height\":657,\"caption\":\"sandart exhibit\"},{\"@type\":\"BreadcrumbList\",\"@id\":\"https:\/\/sertek.com.tr\/en\/sand-art-exhibit\/#breadcrumb\",\"itemListElement\":[{\"@type\":\"ListItem\",\"position\":1,\"name\":\"Home\",\"item\":\"https:\/\/sertek.com.tr\/\"},{\"@type\":\"ListItem\",\"position\":2,\"name\":\"Sand Art Exhibit\"}]},{\"@type\":\"WebSite\",\"@id\":\"https:\/\/sertek.com.tr\/en\/#website\",\"url\":\"https:\/\/sertek.com.tr\/en\/\",\"name\":\"Sertek Exhibitions\",\"description\":\"Sertek Exhibitons\",\"publisher\":{\"@id\":\"https:\/\/sertek.com.tr\/en\/#organization\"},\"potentialAction\":[{\"@type\":\"SearchAction\",\"target\":{\"@type\":\"EntryPoint\",\"urlTemplate\":\"https:\/\/sertek.com.tr\/en\/?s={search_term_string}\"},\"query-input\":{\"@type\":\"PropertyValueSpecification\",\"valueRequired\":true,\"valueName\":\"search_term_string\"}}],\"inLanguage\":\"tr\"},{\"@type\":\"Organization\",\"@id\":\"https:\/\/sertek.com.tr\/en\/#organization\",\"name\":\"Sertek Exhibitions\",\"url\":\"https:\/\/sertek.com.tr\/en\/\",\"logo\":{\"@type\":\"ImageObject\",\"inLanguage\":\"tr\",\"@id\":\"https:\/\/sertek.com.tr\/en\/#\/schema\/logo\/image\/\",\"url\":\"https:\/\/sertek.com.tr\/wp-content\/uploads\/2023\/06\/SertekLogo-1.png\",\"contentUrl\":\"https:\/\/sertek.com.tr\/wp-content\/uploads\/2023\/06\/SertekLogo-1.png\",\"width\":300,\"height\":49,\"caption\":\"Sertek Exhibitions\"},\"image\":{\"@id\":\"https:\/\/sertek.com.tr\/en\/#\/schema\/logo\/image\/\"},\"sameAs\":[\"https:\/\/www.linkedin.com\/company\/sertek-exhibitions\/\"]}]}<\/script>\n<!-- \/ Yoast SEO plugin. -->","yoast_head_json":{"title":"Sand Art Exhibit - Sertek Exhibitions","description":"As visitors interact with the sand art exhibit elements, they gain a profound appreciation for the artistic potential of natural phenomena.","robots":{"index":"index","follow":"follow","max-snippet":"max-snippet:-1","max-image-preview":"max-image-preview:large","max-video-preview":"max-video-preview:-1"},"canonical":"https:\/\/sertek.com.tr\/tr\/kum-sanati-sergisi\/","og_locale":"tr_TR","og_type":"article","og_title":"Sand Art Exhibit - Sertek Exhibitions","og_description":"As visitors interact with the sand art exhibit elements, they gain a profound appreciation for the artistic potential of natural phenomena.","og_url":"https:\/\/sertek.com.tr\/tr\/kum-sanati-sergisi\/","og_site_name":"Sertek Exhibitions","article_modified_time":"2023-10-19T20:34:25+00:00","og_image":[{"width":960,"height":657,"url":"https:\/\/sertek.com.tr\/wp-content\/uploads\/2023\/07\/Sandart.jpg","type":"image\/jpeg"}],"twitter_card":"summary_large_image","twitter_misc":{"Tahmini okuma s\u00fcresi":"4 dakika"},"schema":{"@context":"https:\/\/schema.org","@graph":[{"@type":"WebPage","@id":"https:\/\/sertek.com.tr\/en\/sand-art-exhibit\/","url":"https:\/\/sertek.com.tr\/en\/sand-art-exhibit\/","name":"Sand Art Exhibit - Sertek Exhibitions","isPartOf":{"@id":"https:\/\/sertek.com.tr\/en\/#website"},"primaryImageOfPage":{"@id":"https:\/\/sertek.com.tr\/en\/sand-art-exhibit\/#primaryimage"},"image":{"@id":"https:\/\/sertek.com.tr\/en\/sand-art-exhibit\/#primaryimage"},"thumbnailUrl":"https:\/\/sertek.com.tr\/wp-content\/uploads\/2023\/07\/Sandart.jpg","datePublished":"2022-10-21T13:36:10+00:00","dateModified":"2023-10-19T20:34:25+00:00","description":"As visitors interact with the sand art exhibit elements, they gain a profound appreciation for the artistic potential of natural phenomena.","breadcrumb":{"@id":"https:\/\/sertek.com.tr\/en\/sand-art-exhibit\/#breadcrumb"},"inLanguage":"tr","potentialAction":[{"@type":"ReadAction","target":["https:\/\/sertek.com.tr\/en\/sand-art-exhibit\/"]}]},{"@type":"ImageObject","inLanguage":"tr","@id":"https:\/\/sertek.com.tr\/en\/sand-art-exhibit\/#primaryimage","url":"https:\/\/sertek.com.tr\/wp-content\/uploads\/2023\/07\/Sandart.jpg","contentUrl":"https:\/\/sertek.com.tr\/wp-content\/uploads\/2023\/07\/Sandart.jpg","width":960,"height":657,"caption":"sandart exhibit"},{"@type":"BreadcrumbList","@id":"https:\/\/sertek.com.tr\/en\/sand-art-exhibit\/#breadcrumb","itemListElement":[{"@type":"ListItem","position":1,"name":"Home","item":"https:\/\/sertek.com.tr\/"},{"@type":"ListItem","position":2,"name":"Sand Art Exhibit"}]},{"@type":"WebSite","@id":"https:\/\/sertek.com.tr\/en\/#website","url":"https:\/\/sertek.com.tr\/en\/","name":"Sertek Exhibitions","description":"Sertek Exhibitons","publisher":{"@id":"https:\/\/sertek.com.tr\/en\/#organization"},"potentialAction":[{"@type":"SearchAction","target":{"@type":"EntryPoint","urlTemplate":"https:\/\/sertek.com.tr\/en\/?s={search_term_string}"},"query-input":{"@type":"PropertyValueSpecification","valueRequired":true,"valueName":"search_term_string"}}],"inLanguage":"tr"},{"@type":"Organization","@id":"https:\/\/sertek.com.tr\/en\/#organization","name":"Sertek Exhibitions","url":"https:\/\/sertek.com.tr\/en\/","logo":{"@type":"ImageObject","inLanguage":"tr","@id":"https:\/\/sertek.com.tr\/en\/#\/schema\/logo\/image\/","url":"https:\/\/sertek.com.tr\/wp-content\/uploads\/2023\/06\/SertekLogo-1.png","contentUrl":"https:\/\/sertek.com.tr\/wp-content\/uploads\/2023\/06\/SertekLogo-1.png","width":300,"height":49,"caption":"Sertek Exhibitions"},"image":{"@id":"https:\/\/sertek.com.tr\/en\/#\/schema\/logo\/image\/"},"sameAs":["https:\/\/www.linkedin.com\/company\/sertek-exhibitions\/"]}]}},"jetpack_sharing_enabled":true,"_links":{"self":[{"href":"https:\/\/sertek.com.tr\/tr\/wp-json\/wp\/v2\/pages\/1718","targetHints":{"allow":["GET"]}}],"collection":[{"href":"https:\/\/sertek.com.tr\/tr\/wp-json\/wp\/v2\/pages"}],"about":[{"href":"https:\/\/sertek.com.tr\/tr\/wp-json\/wp\/v2\/types\/page"}],"author":[{"embeddable":true,"href":"https:\/\/sertek.com.tr\/tr\/wp-json\/wp\/v2\/users\/1"}],"replies":[{"embeddable":true,"href":"https:\/\/sertek.com.tr\/tr\/wp-json\/wp\/v2\/comments?post=1718"}],"version-history":[{"count":20,"href":"https:\/\/sertek.com.tr\/tr\/wp-json\/wp\/v2\/pages\/1718\/revisions"}],"predecessor-version":[{"id":7208,"href":"https:\/\/sertek.com.tr\/tr\/wp-json\/wp\/v2\/pages\/1718\/revisions\/7208"}],"wp:featuredmedia":[{"embeddable":true,"href":"https:\/\/sertek.com.tr\/tr\/wp-json\/wp\/v2\/media\/5181"}],"wp:attachment":[{"href":"https:\/\/sertek.com.tr\/tr\/wp-json\/wp\/v2\/media?parent=1718"}],"curies":[{"name":"wp","href":"https:\/\/api.w.org\/{rel}","templated":true}]}}