{"id":3892,"date":"2023-07-14T07:13:25","date_gmt":"2023-07-14T07:13:25","guid":{"rendered":"https:\/\/sertekexhibitions.com\/?page_id=3892"},"modified":"2023-10-22T20:13:56","modified_gmt":"2023-10-22T20:13:56","slug":"sand-pendulum-exhibit","status":"publish","type":"page","link":"https:\/\/sertek.com.tr\/tr\/kum-sarkac-sergi\/","title":{"rendered":"Kum Sarka\u00e7 Sergisi"},"content":{"rendered":"<div data-elementor-type=\"wp-page\" data-elementor-id=\"3892\" class=\"elementor elementor-3892\" data-elementor-settings=\"{&quot;ha_cmc_init_switcher&quot;:&quot;no&quot;}\">\n\t\t\t\t\t\t<section class=\"elementor-section elementor-top-section elementor-element elementor-element-9f5181a elementor-section-boxed elementor-section-height-default elementor-section-height-default\" data-id=\"9f5181a\" data-element_type=\"section\" data-settings=\"{&quot;_ha_eqh_enable&quot;:false}\">\n\t\t\t\t\t\t<div class=\"elementor-container elementor-column-gap-extended\">\n\t\t\t\t\t<div class=\"elementor-column elementor-col-100 elementor-top-column elementor-element elementor-element-e397ea5\" data-id=\"e397ea5\" data-element_type=\"column\">\n\t\t\t<div class=\"elementor-widget-wrap elementor-element-populated\">\n\t\t\t\t\t\t<section class=\"elementor-section elementor-inner-section elementor-element elementor-element-4919871 elementor-section-full_width elementor-section-height-default elementor-section-height-default\" data-id=\"4919871\" data-element_type=\"section\" data-settings=\"{&quot;background_background&quot;:&quot;classic&quot;,&quot;_ha_eqh_enable&quot;:false}\">\n\t\t\t\t\t\t<div class=\"elementor-container elementor-column-gap-wide\">\n\t\t\t\t\t<div class=\"elementor-column elementor-col-50 elementor-inner-column elementor-element elementor-element-1f6fa72 has-sticky-column\" data-id=\"1f6fa72\" data-element_type=\"column\">\n\t\t\t<div class=\"elementor-widget-wrap elementor-element-populated\">\n\t\t\t\t\t\t<div class=\"elementor-element elementor-element-c906c57 elementor-widget elementor-widget-video\" data-id=\"c906c57\" data-element_type=\"widget\" data-settings=\"{&quot;youtube_url&quot;:&quot;https:\\\/\\\/youtube.com\\\/embed\\\/q4FjlEs91_0?feature=share&quot;,&quot;video_type&quot;:&quot;youtube&quot;,&quot;controls&quot;:&quot;yes&quot;}\" data-widget_type=\"video.default\">\n\t\t\t\t<div class=\"elementor-widget-container\">\n\t\t\t\t\t\t\t<div class=\"elementor-wrapper elementor-open-inline\">\n\t\t\t<div class=\"elementor-video\"><\/div>\t\t<\/div>\n\t\t\t\t\t\t<\/div>\n\t\t\t\t<\/div>\n\t\t\t\t<div class=\"elementor-element elementor-element-27e78b3 elementor-widget__width-inherit elementor-arrows-position-inside elementor-pagination-position-outside elementor-widget elementor-widget-image-carousel\" data-id=\"27e78b3\" data-element_type=\"widget\" data-settings=\"{&quot;slides_to_show&quot;:&quot;1&quot;,&quot;navigation&quot;:&quot;both&quot;,&quot;autoplay&quot;:&quot;yes&quot;,&quot;pause_on_hover&quot;:&quot;yes&quot;,&quot;pause_on_interaction&quot;:&quot;yes&quot;,&quot;autoplay_speed&quot;:5000,&quot;infinite&quot;:&quot;yes&quot;,&quot;effect&quot;:&quot;slide&quot;,&quot;speed&quot;:500}\" data-widget_type=\"image-carousel.default\">\n\t\t\t\t<div class=\"elementor-widget-container\">\n\t\t\t\t\t\t\t<div class=\"elementor-image-carousel-wrapper swiper\" role=\"region\" aria-roledescription=\"carousel\" aria-label=\"Resim D\u00f6ng\u00fcs\u00fc\" dir=\"ltr\">\n\t\t\t<div class=\"elementor-image-carousel swiper-wrapper\" aria-live=\"off\">\n\t\t\t\t\t\t\t\t<div class=\"swiper-slide\" role=\"group\" aria-roledescription=\"slide\" aria-label=\"1 \/ 2\"><figure class=\"swiper-slide-inner\"><img decoding=\"async\" class=\"swiper-slide-image\" src=\"https:\/\/sertek.com.tr\/wp-content\/uploads\/elementor\/thumbs\/sand-pandellum1-qbxm8m5oasls3ina0d5l06t6ixraciep444yd47k3s.jpeg\" alt=\"kum sarka\u00e7\" \/><\/figure><\/div><div class=\"swiper-slide\" role=\"group\" aria-roledescription=\"slide\" aria-label=\"2 \/ 2\"><figure class=\"swiper-slide-inner\"><img decoding=\"async\" class=\"swiper-slide-image\" src=\"https:\/\/sertek.com.tr\/wp-content\/uploads\/elementor\/thumbs\/Sand_Pandelum-e1690028757620-qbxm8n3ihmn2f4lwuvk7kokn4bmnk7ifg8sfue65xk.jpg\" alt=\"Sand_Pandelum\" \/><\/figure><\/div>\t\t\t<\/div>\n\t\t\t\t\t\t\t\t\t\t\t\t<div class=\"elementor-swiper-button elementor-swiper-button-prev\" role=\"button\" tabindex=\"0\">\n\t\t\t\t\t\t<i aria-hidden=\"true\" class=\"eicon-chevron-left\"><\/i>\t\t\t\t\t<\/div>\n\t\t\t\t\t<div class=\"elementor-swiper-button elementor-swiper-button-next\" role=\"button\" tabindex=\"0\">\n\t\t\t\t\t\t<i aria-hidden=\"true\" class=\"eicon-chevron-right\"><\/i>\t\t\t\t\t<\/div>\n\t\t\t\t\n\t\t\t\t\t\t\t\t\t<div class=\"swiper-pagination\"><\/div>\n\t\t\t\t\t\t\t\t\t<\/div>\n\t\t\t\t\t\t<\/div>\n\t\t\t\t<\/div>\n\t\t\t\t\t<\/div>\n\t\t<\/div>\n\t\t\t\t<div class=\"elementor-column elementor-col-50 elementor-inner-column elementor-element elementor-element-5c2211b\" data-id=\"5c2211b\" data-element_type=\"column\">\n\t\t\t<div class=\"elementor-widget-wrap elementor-element-populated\">\n\t\t\t\t\t\t<div class=\"elementor-element elementor-element-ce56936 elementor-widget elementor-widget-heading\" data-id=\"ce56936\" data-element_type=\"widget\" data-widget_type=\"heading.default\">\n\t\t\t\t<div class=\"elementor-widget-container\">\n\t\t\t\t\t<h1 class=\"elementor-heading-title elementor-size-default\">Kum Sarka\u00e7 Sergisi<\/h1>\t\t\t\t<\/div>\n\t\t\t\t<\/div>\n\t\t\t\t<div class=\"elementor-element elementor-element-05e4a8d elementor-widget elementor-widget-text-editor\" data-id=\"05e4a8d\" data-element_type=\"widget\" data-widget_type=\"text-editor.default\">\n\t\t\t\t<div class=\"elementor-widget-container\">\n\t\t\t\t\t\t\t\t\t<p>Kum Sarka\u00e7 sergisi, sanat ve bilimin b\u00fcy\u00fcleyici bir birle\u015fimidir. Bu interaktif ortamda yarat\u0131c\u0131l\u0131k, kum desenlerinin zarif dans\u0131yla u\u00e7uyor. Ziyaret\u00e7iler hem sanat\u00e7\u0131 hem de bilim insan\u0131 olma f\u0131rsat\u0131n\u0131 benimsedik\u00e7e, do\u011fal s\u00fcre\u00e7lerin g\u00fczelli\u011fine ve geometrik sanat\u0131n karma\u015f\u0131k d\u00fcnyas\u0131na kar\u015f\u0131 derin bir takdirle ayr\u0131l\u0131yorlar. Kumun zarif dans\u0131yla \u00e7arp\u0131c\u0131 geometrik desenler yaratan bu uygulamal\u0131 deneyim, kat\u0131l\u0131mc\u0131lar\u0131 yarat\u0131c\u0131l\u0131klar\u0131n\u0131 a\u00e7\u0131\u011fa \u00e7\u0131karmaya ve d\u00fc\u015fen kumun olu\u015fturdu\u011fu karma\u015f\u0131k \u015fekillere hayran kalmaya davet ediyor.<\/p>\t\t\t\t\t\t\t\t<\/div>\n\t\t\t\t<\/div>\n\t\t\t\t<div class=\"elementor-element elementor-element-6f1add9 elementor-widget-divider--view-line elementor-widget elementor-widget-divider\" data-id=\"6f1add9\" data-element_type=\"widget\" data-widget_type=\"divider.default\">\n\t\t\t\t<div class=\"elementor-widget-container\">\n\t\t\t\t\t\t\t<div class=\"elementor-divider\">\n\t\t\t<span class=\"elementor-divider-separator\">\n\t\t\t\t\t\t<\/span>\n\t\t<\/div>\n\t\t\t\t\t\t<\/div>\n\t\t\t\t<\/div>\n\t\t\t\t<div class=\"elementor-element elementor-element-e9daf90 elementor-widget elementor-widget-heading\" data-id=\"e9daf90\" data-element_type=\"widget\" data-widget_type=\"heading.default\">\n\t\t\t\t<div class=\"elementor-widget-container\">\n\t\t\t\t\t<h2 class=\"elementor-heading-title elementor-size-default\">Ziyaret\u00e7i Deneyimi<\/h2>\t\t\t\t<\/div>\n\t\t\t\t<\/div>\n\t\t\t\t<div class=\"elementor-element elementor-element-b6f10a6 elementor-widget elementor-widget-text-editor\" data-id=\"b6f10a6\" data-element_type=\"widget\" data-widget_type=\"text-editor.default\">\n\t\t\t\t<div class=\"elementor-widget-container\">\n\t\t\t\t\t\t\t\t\t<p>Ziyaret\u00e7iler Kum Sarka\u00e7 sergisine yakla\u015ft\u0131klar\u0131nda, bir masan\u0131n \u00fczerinde as\u0131l\u0131 duran kumla dolu bir kova taraf\u0131ndan kar\u015f\u0131lan\u0131yorlar. Sanatsal ifade olas\u0131l\u0131\u011f\u0131 ilgilerini \u00e7ekerek kovay\u0131 hevesle bir kenara \u00e7ekip b\u0131rak\u0131yorlar, b\u00f6ylece kumun a\u015fa\u011f\u0131 do\u011fru akmas\u0131na ve masan\u0131n y\u00fczeyinde karma\u015f\u0131k desenler olu\u015fturmas\u0131na izin veriyorlar.<\/p><p>Kum \u00e7a\u011flayan gibi, fizi\u011fin do\u011fal yasalar\u0131n\u0131 takip ederek b\u00fcy\u00fcleyici ve s\u00fcrekli de\u011fi\u015fen geometrik desenler yarat\u0131yor. Ziyaret\u00e7iler, a\u015fa\u011f\u0131daki kum \u00fczerinde benzersiz bir iz b\u0131rakan sarkac\u0131n yumu\u015fak hareketinden etkileniyor.<\/p><p>Kat\u0131l\u0131mc\u0131lar, modelleri etkilemek i\u00e7in sarkac\u0131n h\u0131z\u0131n\u0131 ve y\u00fcksekli\u011fini ayarlayarak farkl\u0131 kova b\u0131rakma tekniklerini deneme \u00f6zg\u00fcrl\u00fc\u011f\u00fcne sahiptir. Bu etkile\u015fimli s\u00fcre\u00e7, her tasar\u0131m\u0131n kendili\u011findenli\u011fini ve bireyselli\u011fini benimseyerek, ziyaret\u00e7ilerin sanat\u0131n ortak yarat\u0131c\u0131lar\u0131 olmalar\u0131n\u0131 sa\u011fl\u0131yor.<\/p>\t\t\t\t\t\t\t\t<\/div>\n\t\t\t\t<\/div>\n\t\t\t\t<div class=\"elementor-element elementor-element-1c2f5e8 elementor-widget-divider--view-line elementor-widget elementor-widget-divider\" data-id=\"1c2f5e8\" data-element_type=\"widget\" data-widget_type=\"divider.default\">\n\t\t\t\t<div class=\"elementor-widget-container\">\n\t\t\t\t\t\t\t<div class=\"elementor-divider\">\n\t\t\t<span class=\"elementor-divider-separator\">\n\t\t\t\t\t\t<\/span>\n\t\t<\/div>\n\t\t\t\t\t\t<\/div>\n\t\t\t\t<\/div>\n\t\t\t\t<div class=\"elementor-element elementor-element-b0ba663 elementor-widget elementor-widget-heading\" data-id=\"b0ba663\" data-element_type=\"widget\" data-widget_type=\"heading.default\">\n\t\t\t\t<div class=\"elementor-widget-container\">\n\t\t\t\t\t<h2 class=\"elementor-heading-title elementor-size-default\">\u00d6ne \u00c7\u0131kan \u00d6zellikler<\/h2>\t\t\t\t<\/div>\n\t\t\t\t<\/div>\n\t\t\t\t<div class=\"elementor-element elementor-element-df9eb2e elementor-widget elementor-widget-text-editor\" data-id=\"df9eb2e\" data-element_type=\"widget\" data-widget_type=\"text-editor.default\">\n\t\t\t\t<div class=\"elementor-widget-container\">\n\t\t\t\t\t\t\t\t\t<ol><li><p><strong><a href=\"https:\/\/www.physicsclassroom.com\/class\/waves\/Lesson-0\/Pendulum-Motion\" target=\"_blank\" rel=\"noopener\">Sarka\u00e7 Hareketi Fizi\u011fi<\/a>:<\/strong> Sand Pendulum, ziyaret\u00e7ilere sarka\u00e7 hareketinin fizi\u011fi konusunda uygulamal\u0131 bir deneyim sunuyor. Kumun zarif yollar\u0131n\u0131 g\u00f6zlemleyerek sal\u0131n\u0131mlar\u0131 ve uyumlu hareketleri y\u00f6neten ilkeler hakk\u0131nda fikir sahibi olurlar.<\/p><\/li><li><p><strong>Geometri ve Simetri:<\/strong> Sergide geometrik \u015fekillerin ve simetrik desenlerin g\u00fczelli\u011fi sergileniyor. Ziyaret\u00e7iler sarkac\u0131n hareketinin yaratt\u0131\u011f\u0131 \u00e7izgi ve e\u011frilerin senfonisine tan\u0131k olarak matematiksel kavramlara olan takdirlerini derinle\u015ftiriyor.<\/p><\/li><li><p><strong>Sanatsal \u0130fadenin Ak\u0131\u015fkanl\u0131\u011f\u0131:<\/strong> Sand Pendulum, ziyaret\u00e7ilerin yarat\u0131c\u0131l\u0131klar\u0131n\u0131 ak\u0131c\u0131 ve spontane bir s\u00fcre\u00e7le ifade etmelerini te\u015fvik ediyor. Kat\u0131l\u0131mc\u0131lar, her tasar\u0131m\u0131n kendi eylemlerinin benzersiz bir yans\u0131mas\u0131 oldu\u011fu yap\u0131land\u0131r\u0131lmam\u0131\u015f sanat\u0131n g\u00fczelli\u011fini ke\u015ffederler.<\/p><\/li><li><p><strong>Kaotik Sistemleri Anlamak:<\/strong> Sergi, basit eylemlerden karma\u015f\u0131k kal\u0131plar\u0131n nas\u0131l ortaya \u00e7\u0131kt\u0131\u011f\u0131n\u0131 g\u00f6steriyor. Ziyaret\u00e7iler kaotik sistemlere ve g\u00f6r\u00fcn\u00fc\u015fte rastgele eylemlerin nas\u0131l \u00e7arp\u0131c\u0131 ve tutarl\u0131 desenlere yol a\u00e7abilece\u011fine dair bir anlay\u0131\u015f kazan\u0131r.<\/p><\/li><li><p><strong>Sanat ve Bilim Kesi\u015fiyor:<\/strong> Sand Pendulum sanat ve bilimin kesi\u015fimini sergiliyor. Bilimin sanatsal ifadeyi nas\u0131l geli\u015ftirebilece\u011fine dair ilham verici bir \u00f6rnek sunarak yarat\u0131c\u0131l\u0131k ve fizik aras\u0131ndaki bo\u015flu\u011fu dolduruyor.<\/p><\/li><\/ol>\t\t\t\t\t\t\t\t<\/div>\n\t\t\t\t<\/div>\n\t\t\t\t<div class=\"elementor-element elementor-element-d7bed37 elementor-widget-divider--view-line elementor-widget elementor-widget-divider\" data-id=\"d7bed37\" data-element_type=\"widget\" data-widget_type=\"divider.default\">\n\t\t\t\t<div class=\"elementor-widget-container\">\n\t\t\t\t\t\t\t<div class=\"elementor-divider\">\n\t\t\t<span class=\"elementor-divider-separator\">\n\t\t\t\t\t\t<\/span>\n\t\t<\/div>\n\t\t\t\t\t\t<\/div>\n\t\t\t\t<\/div>\n\t\t\t\t<div class=\"elementor-element elementor-element-a383bf5 elementor-widget elementor-widget-heading\" data-id=\"a383bf5\" data-element_type=\"widget\" data-widget_type=\"heading.default\">\n\t\t\t\t<div class=\"elementor-widget-container\">\n\t\t\t\t\t<h2 class=\"elementor-heading-title elementor-size-default\">Hedef Ya\u015f<\/h2>\t\t\t\t<\/div>\n\t\t\t\t<\/div>\n\t\t\t\t<div class=\"elementor-element elementor-element-ffb14f1 elementor-icon-list--layout-traditional elementor-list-item-link-full_width elementor-widget elementor-widget-icon-list\" data-id=\"ffb14f1\" data-element_type=\"widget\" data-widget_type=\"icon-list.default\">\n\t\t\t\t<div class=\"elementor-widget-container\">\n\t\t\t\t\t\t\t<ul class=\"elementor-icon-list-items\">\n\t\t\t\t\t\t\t<li class=\"elementor-icon-list-item\">\n\t\t\t\t\t\t\t\t\t\t\t<span class=\"elementor-icon-list-icon\">\n\t\t\t\t\t\t\t<i aria-hidden=\"true\" class=\"fas fa-check\"><\/i>\t\t\t\t\t\t<\/span>\n\t\t\t\t\t\t\t\t\t\t<span class=\"elementor-icon-list-text\">Her ya\u015ftan<\/span>\n\t\t\t\t\t\t\t\t\t<\/li>\n\t\t\t\t\t\t<\/ul>\n\t\t\t\t\t\t<\/div>\n\t\t\t\t<\/div>\n\t\t\t\t<div class=\"elementor-element elementor-element-b4fd6dd elementor-widget-divider--view-line elementor-widget elementor-widget-divider\" data-id=\"b4fd6dd\" data-element_type=\"widget\" data-widget_type=\"divider.default\">\n\t\t\t\t<div class=\"elementor-widget-container\">\n\t\t\t\t\t\t\t<div class=\"elementor-divider\">\n\t\t\t<span class=\"elementor-divider-separator\">\n\t\t\t\t\t\t<\/span>\n\t\t<\/div>\n\t\t\t\t\t\t<\/div>\n\t\t\t\t<\/div>\n\t\t\t\t<div class=\"elementor-element elementor-element-dfccd32 elementor-widget elementor-widget-heading\" data-id=\"dfccd32\" data-element_type=\"widget\" data-widget_type=\"heading.default\">\n\t\t\t\t<div class=\"elementor-widget-container\">\n\t\t\t\t\t<h2 class=\"elementor-heading-title elementor-size-default\">Uygulanabilir Temalar<\/h2>\t\t\t\t<\/div>\n\t\t\t\t<\/div>\n\t\t\t\t<div class=\"elementor-element elementor-element-e5fd227 elementor-icon-list--layout-traditional elementor-list-item-link-full_width elementor-widget elementor-widget-icon-list\" data-id=\"e5fd227\" data-element_type=\"widget\" data-widget_type=\"icon-list.default\">\n\t\t\t\t<div class=\"elementor-widget-container\">\n\t\t\t\t\t\t\t<ul class=\"elementor-icon-list-items\">\n\t\t\t\t\t\t\t<li class=\"elementor-icon-list-item\">\n\t\t\t\t\t\t\t\t\t\t\t<a href=\"https:\/\/sertek.com.tr\/tr\/fizik-temali-sergiler\/\">\n\n\t\t\t\t\t\t\t\t\t\t\t\t<span class=\"elementor-icon-list-icon\">\n\t\t\t\t\t\t\t<i aria-hidden=\"true\" class=\"fab fa-react\"><\/i>\t\t\t\t\t\t<\/span>\n\t\t\t\t\t\t\t\t\t\t<span class=\"elementor-icon-list-text\">Fizik<\/span>\n\t\t\t\t\t\t\t\t\t\t\t<\/a>\n\t\t\t\t\t\t\t\t\t<\/li>\n\t\t\t\t\t\t\t\t<li class=\"elementor-icon-list-item\">\n\t\t\t\t\t\t\t\t\t\t\t<a href=\"https:\/\/sertek.com.tr\/tr\/sanat-temali-sergiler\/\">\n\n\t\t\t\t\t\t\t\t\t\t\t\t<span class=\"elementor-icon-list-icon\">\n\t\t\t\t\t\t\t<i aria-hidden=\"true\" class=\"fas fa-paint-brush\"><\/i>\t\t\t\t\t\t<\/span>\n\t\t\t\t\t\t\t\t\t\t<span class=\"elementor-icon-list-text\">Sanat<\/span>\n\t\t\t\t\t\t\t\t\t\t\t<\/a>\n\t\t\t\t\t\t\t\t\t<\/li>\n\t\t\t\t\t\t<\/ul>\n\t\t\t\t\t\t<\/div>\n\t\t\t\t<\/div>\n\t\t\t\t\t<\/div>\n\t\t<\/div>\n\t\t\t\t\t<\/div>\n\t\t<\/section>\n\t\t\t\t<div class=\"elementor-element elementor-element-b458126 elementor-widget elementor-widget-spacer\" data-id=\"b458126\" data-element_type=\"widget\" data-widget_type=\"spacer.default\">\n\t\t\t\t<div class=\"elementor-widget-container\">\n\t\t\t\t\t\t\t<div class=\"elementor-spacer\">\n\t\t\t<div class=\"elementor-spacer-inner\"><\/div>\n\t\t<\/div>\n\t\t\t\t\t\t<\/div>\n\t\t\t\t<\/div>\n\t\t\t\t\t<\/div>\n\t\t<\/div>\n\t\t\t\t\t<\/div>\n\t\t<\/section>\n\t\t\t\t<\/div>","protected":false},"excerpt":{"rendered":"<p>https:\/\/youtube.com\/watch?v=q4FjlEs91_0%3Ffeature%3Dshare Sand Pendulum Exhibit Sand Pendulum exhibit is a captivating fusion of artistry and science. In this interactive, creativity takes flight in the graceful [&hellip;]<\/p>","protected":false},"author":2,"featured_media":6542,"parent":0,"menu_order":0,"comment_status":"closed","ping_status":"closed","template":"page-custom.php","meta":{"om_disable_all_campaigns":false,"_monsterinsights_skip_tracking":false,"_monsterinsights_sitenote_active":false,"_monsterinsights_sitenote_note":"","_monsterinsights_sitenote_category":0,"_uf_show_specific_survey":0,"_uf_disable_surveys":false,"footnotes":""},"class_list":["post-3892","page","type-page","status-publish","has-post-thumbnail","hentry"],"acf":{"full_width":false,"header_transparent":false,"header_white":false},"aioseo_notices":[],"yoast_head":"<!-- This site is optimized with the Yoast SEO plugin v26.9 - https:\/\/yoast.com\/product\/yoast-seo-wordpress\/ -->\n<title>Sand Pendulum Exhibit - Sertek Exhibitions<\/title>\n<meta name=\"description\" content=\"Sand Pendulum exhibit for science centers demonstrate the pendulum motion via the graceful dance of sand patterns.\" \/>\n<meta name=\"robots\" content=\"index, follow, max-snippet:-1, max-image-preview:large, max-video-preview:-1\" \/>\n<link rel=\"canonical\" href=\"https:\/\/sertek.com.tr\/tr\/kum-sarkac-sergi\/\" \/>\n<meta property=\"og:locale\" content=\"tr_TR\" \/>\n<meta property=\"og:type\" content=\"article\" \/>\n<meta property=\"og:title\" content=\"Sand Pendulum Exhibit - Sertek Exhibitions\" \/>\n<meta property=\"og:description\" content=\"Sand Pendulum exhibit for science centers demonstrate the pendulum motion via the graceful dance of sand patterns.\" \/>\n<meta property=\"og:url\" content=\"https:\/\/sertek.com.tr\/tr\/kum-sarkac-sergi\/\" \/>\n<meta property=\"og:site_name\" content=\"Sertek Exhibitions\" \/>\n<meta property=\"article:modified_time\" content=\"2023-10-22T20:13:56+00:00\" \/>\n<meta property=\"og:image\" content=\"https:\/\/sertek.com.tr\/wp-content\/uploads\/2023\/09\/sand-pandellum1.jpeg\" \/>\n\t<meta property=\"og:image:width\" content=\"1400\" \/>\n\t<meta property=\"og:image:height\" content=\"1050\" \/>\n\t<meta property=\"og:image:type\" content=\"image\/jpeg\" \/>\n<meta name=\"twitter:card\" content=\"summary_large_image\" \/>\n<meta name=\"twitter:label1\" content=\"Tahmini okuma s\u00fcresi\" \/>\n\t<meta name=\"twitter:data1\" content=\"3 dakika\" \/>\n<script type=\"application\/ld+json\" class=\"yoast-schema-graph\">{\"@context\":\"https:\/\/schema.org\",\"@graph\":[{\"@type\":\"WebPage\",\"@id\":\"https:\/\/sertek.com.tr\/en\/sand-pendulum-exhibit\/\",\"url\":\"https:\/\/sertek.com.tr\/en\/sand-pendulum-exhibit\/\",\"name\":\"Sand Pendulum Exhibit - Sertek Exhibitions\",\"isPartOf\":{\"@id\":\"https:\/\/sertek.com.tr\/en\/#website\"},\"primaryImageOfPage\":{\"@id\":\"https:\/\/sertek.com.tr\/en\/sand-pendulum-exhibit\/#primaryimage\"},\"image\":{\"@id\":\"https:\/\/sertek.com.tr\/en\/sand-pendulum-exhibit\/#primaryimage\"},\"thumbnailUrl\":\"https:\/\/sertek.com.tr\/wp-content\/uploads\/2023\/09\/sand-pandellum1.jpeg\",\"datePublished\":\"2023-07-14T07:13:25+00:00\",\"dateModified\":\"2023-10-22T20:13:56+00:00\",\"description\":\"Sand Pendulum exhibit for science centers demonstrate the pendulum motion via the graceful dance of sand patterns.\",\"breadcrumb\":{\"@id\":\"https:\/\/sertek.com.tr\/en\/sand-pendulum-exhibit\/#breadcrumb\"},\"inLanguage\":\"tr\",\"potentialAction\":[{\"@type\":\"ReadAction\",\"target\":[\"https:\/\/sertek.com.tr\/en\/sand-pendulum-exhibit\/\"]}]},{\"@type\":\"ImageObject\",\"inLanguage\":\"tr\",\"@id\":\"https:\/\/sertek.com.tr\/en\/sand-pendulum-exhibit\/#primaryimage\",\"url\":\"https:\/\/sertek.com.tr\/wp-content\/uploads\/2023\/09\/sand-pandellum1.jpeg\",\"contentUrl\":\"https:\/\/sertek.com.tr\/wp-content\/uploads\/2023\/09\/sand-pandellum1.jpeg\",\"width\":1400,\"height\":1050,\"caption\":\"sand pendulum\"},{\"@type\":\"BreadcrumbList\",\"@id\":\"https:\/\/sertek.com.tr\/en\/sand-pendulum-exhibit\/#breadcrumb\",\"itemListElement\":[{\"@type\":\"ListItem\",\"position\":1,\"name\":\"Home\",\"item\":\"https:\/\/sertek.com.tr\/\"},{\"@type\":\"ListItem\",\"position\":2,\"name\":\"Sand Pendulum Exhibit\"}]},{\"@type\":\"WebSite\",\"@id\":\"https:\/\/sertek.com.tr\/en\/#website\",\"url\":\"https:\/\/sertek.com.tr\/en\/\",\"name\":\"Sertek Exhibitions\",\"description\":\"Sertek Exhibitons\",\"publisher\":{\"@id\":\"https:\/\/sertek.com.tr\/en\/#organization\"},\"potentialAction\":[{\"@type\":\"SearchAction\",\"target\":{\"@type\":\"EntryPoint\",\"urlTemplate\":\"https:\/\/sertek.com.tr\/en\/?s={search_term_string}\"},\"query-input\":{\"@type\":\"PropertyValueSpecification\",\"valueRequired\":true,\"valueName\":\"search_term_string\"}}],\"inLanguage\":\"tr\"},{\"@type\":\"Organization\",\"@id\":\"https:\/\/sertek.com.tr\/en\/#organization\",\"name\":\"Sertek Exhibitions\",\"url\":\"https:\/\/sertek.com.tr\/en\/\",\"logo\":{\"@type\":\"ImageObject\",\"inLanguage\":\"tr\",\"@id\":\"https:\/\/sertek.com.tr\/en\/#\/schema\/logo\/image\/\",\"url\":\"https:\/\/sertek.com.tr\/wp-content\/uploads\/2023\/06\/SertekLogo-1.png\",\"contentUrl\":\"https:\/\/sertek.com.tr\/wp-content\/uploads\/2023\/06\/SertekLogo-1.png\",\"width\":300,\"height\":49,\"caption\":\"Sertek Exhibitions\"},\"image\":{\"@id\":\"https:\/\/sertek.com.tr\/en\/#\/schema\/logo\/image\/\"},\"sameAs\":[\"https:\/\/www.linkedin.com\/company\/sertek-exhibitions\/\"]}]}<\/script>\n<!-- \/ Yoast SEO plugin. -->","yoast_head_json":{"title":"Sand Pendulum Exhibit - Sertek Exhibitions","description":"Sand Pendulum exhibit for science centers demonstrate the pendulum motion via the graceful dance of sand patterns.","robots":{"index":"index","follow":"follow","max-snippet":"max-snippet:-1","max-image-preview":"max-image-preview:large","max-video-preview":"max-video-preview:-1"},"canonical":"https:\/\/sertek.com.tr\/tr\/kum-sarkac-sergi\/","og_locale":"tr_TR","og_type":"article","og_title":"Sand Pendulum Exhibit - Sertek Exhibitions","og_description":"Sand Pendulum exhibit for science centers demonstrate the pendulum motion via the graceful dance of sand patterns.","og_url":"https:\/\/sertek.com.tr\/tr\/kum-sarkac-sergi\/","og_site_name":"Sertek Exhibitions","article_modified_time":"2023-10-22T20:13:56+00:00","og_image":[{"width":1400,"height":1050,"url":"https:\/\/sertek.com.tr\/wp-content\/uploads\/2023\/09\/sand-pandellum1.jpeg","type":"image\/jpeg"}],"twitter_card":"summary_large_image","twitter_misc":{"Tahmini okuma s\u00fcresi":"3 dakika"},"schema":{"@context":"https:\/\/schema.org","@graph":[{"@type":"WebPage","@id":"https:\/\/sertek.com.tr\/en\/sand-pendulum-exhibit\/","url":"https:\/\/sertek.com.tr\/en\/sand-pendulum-exhibit\/","name":"Sand Pendulum Exhibit - Sertek Exhibitions","isPartOf":{"@id":"https:\/\/sertek.com.tr\/en\/#website"},"primaryImageOfPage":{"@id":"https:\/\/sertek.com.tr\/en\/sand-pendulum-exhibit\/#primaryimage"},"image":{"@id":"https:\/\/sertek.com.tr\/en\/sand-pendulum-exhibit\/#primaryimage"},"thumbnailUrl":"https:\/\/sertek.com.tr\/wp-content\/uploads\/2023\/09\/sand-pandellum1.jpeg","datePublished":"2023-07-14T07:13:25+00:00","dateModified":"2023-10-22T20:13:56+00:00","description":"Sand Pendulum exhibit for science centers demonstrate the pendulum motion via the graceful dance of sand patterns.","breadcrumb":{"@id":"https:\/\/sertek.com.tr\/en\/sand-pendulum-exhibit\/#breadcrumb"},"inLanguage":"tr","potentialAction":[{"@type":"ReadAction","target":["https:\/\/sertek.com.tr\/en\/sand-pendulum-exhibit\/"]}]},{"@type":"ImageObject","inLanguage":"tr","@id":"https:\/\/sertek.com.tr\/en\/sand-pendulum-exhibit\/#primaryimage","url":"https:\/\/sertek.com.tr\/wp-content\/uploads\/2023\/09\/sand-pandellum1.jpeg","contentUrl":"https:\/\/sertek.com.tr\/wp-content\/uploads\/2023\/09\/sand-pandellum1.jpeg","width":1400,"height":1050,"caption":"sand pendulum"},{"@type":"BreadcrumbList","@id":"https:\/\/sertek.com.tr\/en\/sand-pendulum-exhibit\/#breadcrumb","itemListElement":[{"@type":"ListItem","position":1,"name":"Home","item":"https:\/\/sertek.com.tr\/"},{"@type":"ListItem","position":2,"name":"Sand Pendulum Exhibit"}]},{"@type":"WebSite","@id":"https:\/\/sertek.com.tr\/en\/#website","url":"https:\/\/sertek.com.tr\/en\/","name":"Sertek Exhibitions","description":"Sertek Exhibitons","publisher":{"@id":"https:\/\/sertek.com.tr\/en\/#organization"},"potentialAction":[{"@type":"SearchAction","target":{"@type":"EntryPoint","urlTemplate":"https:\/\/sertek.com.tr\/en\/?s={search_term_string}"},"query-input":{"@type":"PropertyValueSpecification","valueRequired":true,"valueName":"search_term_string"}}],"inLanguage":"tr"},{"@type":"Organization","@id":"https:\/\/sertek.com.tr\/en\/#organization","name":"Sertek Exhibitions","url":"https:\/\/sertek.com.tr\/en\/","logo":{"@type":"ImageObject","inLanguage":"tr","@id":"https:\/\/sertek.com.tr\/en\/#\/schema\/logo\/image\/","url":"https:\/\/sertek.com.tr\/wp-content\/uploads\/2023\/06\/SertekLogo-1.png","contentUrl":"https:\/\/sertek.com.tr\/wp-content\/uploads\/2023\/06\/SertekLogo-1.png","width":300,"height":49,"caption":"Sertek Exhibitions"},"image":{"@id":"https:\/\/sertek.com.tr\/en\/#\/schema\/logo\/image\/"},"sameAs":["https:\/\/www.linkedin.com\/company\/sertek-exhibitions\/"]}]}},"jetpack_sharing_enabled":true,"_links":{"self":[{"href":"https:\/\/sertek.com.tr\/tr\/wp-json\/wp\/v2\/pages\/3892","targetHints":{"allow":["GET"]}}],"collection":[{"href":"https:\/\/sertek.com.tr\/tr\/wp-json\/wp\/v2\/pages"}],"about":[{"href":"https:\/\/sertek.com.tr\/tr\/wp-json\/wp\/v2\/types\/page"}],"author":[{"embeddable":true,"href":"https:\/\/sertek.com.tr\/tr\/wp-json\/wp\/v2\/users\/2"}],"replies":[{"embeddable":true,"href":"https:\/\/sertek.com.tr\/tr\/wp-json\/wp\/v2\/comments?post=3892"}],"version-history":[{"count":20,"href":"https:\/\/sertek.com.tr\/tr\/wp-json\/wp\/v2\/pages\/3892\/revisions"}],"predecessor-version":[{"id":7211,"href":"https:\/\/sertek.com.tr\/tr\/wp-json\/wp\/v2\/pages\/3892\/revisions\/7211"}],"wp:featuredmedia":[{"embeddable":true,"href":"https:\/\/sertek.com.tr\/tr\/wp-json\/wp\/v2\/media\/6542"}],"wp:attachment":[{"href":"https:\/\/sertek.com.tr\/tr\/wp-json\/wp\/v2\/media?parent=3892"}],"curies":[{"name":"wp","href":"https:\/\/api.w.org\/{rel}","templated":true}]}}