{"id":3942,"date":"2023-07-14T07:32:42","date_gmt":"2023-07-14T07:32:42","guid":{"rendered":"https:\/\/sertekexhibitions.com\/?page_id=3942"},"modified":"2023-10-03T19:57:15","modified_gmt":"2023-10-03T19:57:15","slug":"digital-graffiti-exhibit","status":"publish","type":"page","link":"https:\/\/sertek.com.tr\/tr\/dijital-graffiti-sergisi\/","title":{"rendered":"Dijital Grafiti Duvar\u0131"},"content":{"rendered":"<div data-elementor-type=\"wp-page\" data-elementor-id=\"3942\" class=\"elementor elementor-3942\" data-elementor-settings=\"{&quot;ha_cmc_init_switcher&quot;:&quot;no&quot;}\">\n\t\t\t\t\t\t<section class=\"elementor-section elementor-top-section elementor-element elementor-element-9f5181a elementor-section-boxed elementor-section-height-default elementor-section-height-default\" data-id=\"9f5181a\" data-element_type=\"section\" data-settings=\"{&quot;_ha_eqh_enable&quot;:false}\">\n\t\t\t\t\t\t<div class=\"elementor-container elementor-column-gap-extended\">\n\t\t\t\t\t<div class=\"elementor-column elementor-col-100 elementor-top-column elementor-element elementor-element-e397ea5\" data-id=\"e397ea5\" data-element_type=\"column\">\n\t\t\t<div class=\"elementor-widget-wrap elementor-element-populated\">\n\t\t\t\t\t\t<section class=\"elementor-section elementor-inner-section elementor-element elementor-element-4a3900e elementor-section-full_width elementor-section-height-default elementor-section-height-default\" data-id=\"4a3900e\" data-element_type=\"section\" data-settings=\"{&quot;background_background&quot;:&quot;classic&quot;,&quot;_ha_eqh_enable&quot;:false}\">\n\t\t\t\t\t\t<div class=\"elementor-container elementor-column-gap-wide\">\n\t\t\t\t\t<div class=\"elementor-column elementor-col-50 elementor-inner-column elementor-element elementor-element-c032f0a has-sticky-column\" data-id=\"c032f0a\" data-element_type=\"column\">\n\t\t\t<div class=\"elementor-widget-wrap elementor-element-populated\">\n\t\t\t\t\t\t<div class=\"elementor-element elementor-element-898c304 elementor-widget elementor-widget-video\" data-id=\"898c304\" data-element_type=\"widget\" data-settings=\"{&quot;youtube_url&quot;:&quot;https:\\\/\\\/youtu.be\\\/xPpc-F8AEAo&quot;,&quot;video_type&quot;:&quot;youtube&quot;,&quot;controls&quot;:&quot;yes&quot;}\" data-widget_type=\"video.default\">\n\t\t\t\t<div class=\"elementor-widget-container\">\n\t\t\t\t\t\t\t<div class=\"elementor-wrapper elementor-open-inline\">\n\t\t\t<div class=\"elementor-video\"><\/div>\t\t<\/div>\n\t\t\t\t\t\t<\/div>\n\t\t\t\t<\/div>\n\t\t\t\t<div class=\"elementor-element elementor-element-e699d95 elementor-widget__width-inherit elementor-arrows-position-inside elementor-pagination-position-outside elementor-widget elementor-widget-image-carousel\" data-id=\"e699d95\" data-element_type=\"widget\" data-settings=\"{&quot;slides_to_show&quot;:&quot;1&quot;,&quot;navigation&quot;:&quot;both&quot;,&quot;autoplay&quot;:&quot;yes&quot;,&quot;pause_on_hover&quot;:&quot;yes&quot;,&quot;pause_on_interaction&quot;:&quot;yes&quot;,&quot;autoplay_speed&quot;:5000,&quot;infinite&quot;:&quot;yes&quot;,&quot;effect&quot;:&quot;slide&quot;,&quot;speed&quot;:500}\" data-widget_type=\"image-carousel.default\">\n\t\t\t\t<div class=\"elementor-widget-container\">\n\t\t\t\t\t\t\t<div class=\"elementor-image-carousel-wrapper swiper\" role=\"region\" aria-roledescription=\"carousel\" aria-label=\"Resim D\u00f6ng\u00fcs\u00fc\" dir=\"ltr\">\n\t\t\t<div class=\"elementor-image-carousel swiper-wrapper\" aria-live=\"off\">\n\t\t\t\t\t\t\t\t<div class=\"swiper-slide\" role=\"group\" aria-roledescription=\"slide\" aria-label=\"1 \/ 2\"><figure class=\"swiper-slide-inner\"><img decoding=\"async\" class=\"swiper-slide-image\" src=\"https:\/\/sertek.com.tr\/wp-content\/uploads\/elementor\/thumbs\/Digital-Graffiti-e1690202051819-qbxm8n3ihmn2f4lwuvk7kokn4bmnk7ifg8sfue65xk.jpg\" alt=\"Dijital Grafiti\" \/><\/figure><\/div><div class=\"swiper-slide\" role=\"group\" aria-roledescription=\"slide\" aria-label=\"2 \/ 2\"><figure class=\"swiper-slide-inner\"><img decoding=\"async\" class=\"swiper-slide-image\" src=\"https:\/\/sertek.com.tr\/wp-content\/uploads\/elementor\/thumbs\/grafitti-qbxm8m5oasls3ina0d5l06t6ixraciep444yd47k3s.jpg\" alt=\"Dijital Grafiti Duvar\u0131\" \/><\/figure><\/div>\t\t\t<\/div>\n\t\t\t\t\t\t\t\t\t\t\t\t<div class=\"elementor-swiper-button elementor-swiper-button-prev\" role=\"button\" tabindex=\"0\">\n\t\t\t\t\t\t<i aria-hidden=\"true\" class=\"eicon-chevron-left\"><\/i>\t\t\t\t\t<\/div>\n\t\t\t\t\t<div class=\"elementor-swiper-button elementor-swiper-button-next\" role=\"button\" tabindex=\"0\">\n\t\t\t\t\t\t<i aria-hidden=\"true\" class=\"eicon-chevron-right\"><\/i>\t\t\t\t\t<\/div>\n\t\t\t\t\n\t\t\t\t\t\t\t\t\t<div class=\"swiper-pagination\"><\/div>\n\t\t\t\t\t\t\t\t\t<\/div>\n\t\t\t\t\t\t<\/div>\n\t\t\t\t<\/div>\n\t\t\t\t\t<\/div>\n\t\t<\/div>\n\t\t\t\t<div class=\"elementor-column elementor-col-50 elementor-inner-column elementor-element elementor-element-8b20d9c\" data-id=\"8b20d9c\" data-element_type=\"column\">\n\t\t\t<div class=\"elementor-widget-wrap elementor-element-populated\">\n\t\t\t\t\t\t<div class=\"elementor-element elementor-element-ddaf4d6 elementor-widget elementor-widget-heading\" data-id=\"ddaf4d6\" data-element_type=\"widget\" data-widget_type=\"heading.default\">\n\t\t\t\t<div class=\"elementor-widget-container\">\n\t\t\t\t\t<h1 class=\"elementor-heading-title elementor-size-default\">Dijital Grafiti Duvar\u0131<\/h1>\t\t\t\t<\/div>\n\t\t\t\t<\/div>\n\t\t\t\t<div class=\"elementor-element elementor-element-ecec5ea elementor-widget elementor-widget-text-editor\" data-id=\"ecec5ea\" data-element_type=\"widget\" data-widget_type=\"text-editor.default\">\n\t\t\t\t<div class=\"elementor-widget-container\">\n\t\t\t\t\t\t\t\t\t<p>Dijital Graffiti Duvar\u0131, geleneksel sanat ile ileri teknolojinin birle\u015fimini kutlayan bir sergidir. Ziyaret\u00e7ileri dijital sokak sanat\u0131n\u0131n i\u00e7ine \u00e7ekerek yarat\u0131c\u0131l\u0131\u011f\u0131 besler, denemeyi te\u015fvik eder ve kendini ifade etmek i\u00e7in unutulmaz bir f\u0131rsat sunar. Ziyaret\u00e7ilerin, elektronik sprey kutular\u0131n\u0131 kullanarak devasa 100 in\u00e7lik projeksiyon ekran\u0131nda \u00e7arp\u0131c\u0131 sanat eserleri yaratarak dijital sokak sanat\u00e7\u0131lar\u0131na d\u00f6n\u00fc\u015ft\u00fc\u011f\u00fc \u00e7\u0131\u011f\u0131r a\u00e7an bir deneyime kendinizi kapt\u0131r\u0131n. Sanat ve teknolojinin bu e\u015fsiz kesi\u015fimi, kat\u0131l\u0131mc\u0131lar\u0131 yarat\u0131c\u0131l\u0131klar\u0131n\u0131 a\u00e7\u0131\u011fa \u00e7\u0131karmaya, renkleri denemeye ve dijital tuvalde iz b\u0131rakmaya davet ediyor.<\/p>\t\t\t\t\t\t\t\t<\/div>\n\t\t\t\t<\/div>\n\t\t\t\t<div class=\"elementor-element elementor-element-1dc70f2 elementor-widget-divider--view-line elementor-widget elementor-widget-divider\" data-id=\"1dc70f2\" data-element_type=\"widget\" data-widget_type=\"divider.default\">\n\t\t\t\t<div class=\"elementor-widget-container\">\n\t\t\t\t\t\t\t<div class=\"elementor-divider\">\n\t\t\t<span class=\"elementor-divider-separator\">\n\t\t\t\t\t\t<\/span>\n\t\t<\/div>\n\t\t\t\t\t\t<\/div>\n\t\t\t\t<\/div>\n\t\t\t\t<div class=\"elementor-element elementor-element-ab7916b elementor-widget elementor-widget-heading\" data-id=\"ab7916b\" data-element_type=\"widget\" data-widget_type=\"heading.default\">\n\t\t\t\t<div class=\"elementor-widget-container\">\n\t\t\t\t\t<h2 class=\"elementor-heading-title elementor-size-default\">Ziyaret\u00e7i Deneyimi<\/h2>\t\t\t\t<\/div>\n\t\t\t\t<\/div>\n\t\t\t\t<div class=\"elementor-element elementor-element-ceea48f elementor-widget elementor-widget-text-editor\" data-id=\"ceea48f\" data-element_type=\"widget\" data-widget_type=\"text-editor.default\">\n\t\t\t\t<div class=\"elementor-widget-container\">\n\t\t\t\t\t\t\t\t\t<p>Ziyaret\u00e7iler Dijital Grafiti Duvar\u0131 sergisine yakla\u015ft\u0131klar\u0131nda, sonsuz olas\u0131l\u0131klarla dolu bir tuval olan 100 in\u00e7lik devasa bir projeksiyon ekran\u0131yla kar\u015f\u0131lan\u0131yorlar. Sergi, ger\u00e7ek d\u00fcnyadaki grafiti deneyimini m\u00fckemmel bir \u015fekilde taklit eden fiziksel sprey kutular\u0131 sunuyor. Ziyaret\u00e7iler her biri bir d\u00fc\u011fmeyle donat\u0131lm\u0131\u015f bir kutuyu al\u0131p yarat\u0131c\u0131l\u0131klar\u0131n\u0131 a\u00e7\u0131\u011fa \u00e7\u0131karmaya haz\u0131rlan\u0131yor.<\/p><p>Ziyaret\u00e7iler ellerindeki sprey kutusuyla projeksiyon ekran\u0131n\u0131 i\u015faret edip d\u00fc\u011fmeye bas\u0131yorlar. An\u0131nda ekranda ger\u00e7ek sprey boya etkisini taklit eden bir renk patlamas\u0131 belirir. Ekran, ziyaret\u00e7ilerin \u00f6zg\u00fcrce resim yapabilece\u011fi, \u00e7izebilece\u011fi ve kendilerini ifade edebilece\u011fi dijital bir duvar resmine d\u00f6n\u00fc\u015f\u00fcyor. Karma\u015f\u0131k ayr\u0131nt\u0131lar veya geni\u015f vuru\u015flar olu\u015fturmak i\u00e7in spreyin boyutunu ayarlayarak renkler aras\u0131nda ge\u00e7i\u015f yapabilirler.<\/p><p>\u0130nteraktif deneyim, kat\u0131l\u0131mc\u0131lar\u0131n kendilerini tamamen grafiti sanat\u0131 eylemine kapt\u0131rmalar\u0131na olanak tan\u0131r. Dijital teknoloji ile sanatsal ifadenin birle\u015fimi, sokak sanat\u0131n\u0131n \u00f6z\u00fcn\u00fc dijital alanda yakalayan dinamik ve unutulmaz bir kar\u015f\u0131la\u015fma yarat\u0131yor.<\/p><p>Son bir dokunu\u015f olarak ziyaret\u00e7iler, sanat eserlerinin dijital bir kopyas\u0131n\u0131 yakalama se\u00e7ene\u011fine sahip. Bu dijital hat\u0131ra, Dijital Grafiti alan\u0131ndaki sanatsal \u00e7abalar\u0131n\u0131n somut bir hat\u0131rlat\u0131c\u0131s\u0131 olarak hizmet ediyor.<\/p>\t\t\t\t\t\t\t\t<\/div>\n\t\t\t\t<\/div>\n\t\t\t\t<div class=\"elementor-element elementor-element-a8a77f9 elementor-widget-divider--view-line elementor-widget elementor-widget-divider\" data-id=\"a8a77f9\" data-element_type=\"widget\" data-widget_type=\"divider.default\">\n\t\t\t\t<div class=\"elementor-widget-container\">\n\t\t\t\t\t\t\t<div class=\"elementor-divider\">\n\t\t\t<span class=\"elementor-divider-separator\">\n\t\t\t\t\t\t<\/span>\n\t\t<\/div>\n\t\t\t\t\t\t<\/div>\n\t\t\t\t<\/div>\n\t\t\t\t<div class=\"elementor-element elementor-element-fdf32b3 elementor-widget elementor-widget-heading\" data-id=\"fdf32b3\" data-element_type=\"widget\" data-widget_type=\"heading.default\">\n\t\t\t\t<div class=\"elementor-widget-container\">\n\t\t\t\t\t<h2 class=\"elementor-heading-title elementor-size-default\">\u00d6ne \u00c7\u0131kan \u00d6zellikler<\/h2>\t\t\t\t<\/div>\n\t\t\t\t<\/div>\n\t\t\t\t<div class=\"elementor-element elementor-element-ca42293 elementor-widget elementor-widget-text-editor\" data-id=\"ca42293\" data-element_type=\"widget\" data-widget_type=\"text-editor.default\">\n\t\t\t\t<div class=\"elementor-widget-container\">\n\t\t\t\t\t\t\t\t\t<ol><li><p><strong>Teknoloji Yoluyla Sanatsal \u0130fade:<\/strong> Digital Graffiti, geleneksel sokak sanat\u0131 ile ileri teknoloji aras\u0131ndaki g\u00fc\u00e7l\u00fc sinerjiyi sergiliyor. Ziyaret\u00e7iler, dijital ara\u00e7lar\u0131n sanatsal ifadeyi nas\u0131l geli\u015ftirip yeniden tan\u0131mlayabilece\u011fini ilk elden deneyimliyor.<\/p><\/li><li><p><strong>\u0130nteraktif Yarat\u0131c\u0131 S\u00fcre\u00e7:<\/strong> Sergi, ziyaret\u00e7ileri yarat\u0131c\u0131 s\u00fcrece aktif olarak kat\u0131lmaya te\u015fvik ediyor. Kat\u0131l\u0131mc\u0131lar, fiziksel sprey kutular\u0131 ve dijital projeksiyon arac\u0131l\u0131\u011f\u0131yla kendi sanatsal anlat\u0131lar\u0131n\u0131 olu\u015fturarak ekran\u0131 s\u0131n\u0131rs\u0131z olanaklarla dolu bir tuvale d\u00f6n\u00fc\u015ft\u00fcr\u00fcyor.<\/p><\/li><li><p><a href=\"https:\/\/en.wikipedia.org\/wiki\/Color_theory\" target=\"_blank\" rel=\"noopener\"><strong>Renk Teorisi ve Deneyler:<\/strong><\/a> Bir dizi renk ve sprey boyutu sunan sergi, ziyaret\u00e7ileri renk kombinasyonlar\u0131 ve g\u00f6lgeleme denemeleri yapmaya davet ediyor. Renk teorisi hakk\u0131nda bilgi sahibi oluyorlar ve farkl\u0131 renk tonlar\u0131n\u0131n nas\u0131l duygular\u0131 uyand\u0131r\u0131p mesaj iletebildi\u011fini ke\u015ffediyorlar.<\/p><\/li><li><p><strong>\u0130nce Motor Becerileri ve Hassasiyet:<\/strong> \u00c7e\u015fitli \u00e7izgiler ve \u015fekiller olu\u015fturmak i\u00e7in spreyin boyutunu ayarlamak, ziyaret\u00e7ilerin ince motor becerilerini geli\u015ftirir. Sergi, hassas sanatsal kontrol ve detaylara dikkat i\u00e7in bir platform sa\u011fl\u0131yor.<\/p><\/li><\/ol>\t\t\t\t\t\t\t\t<\/div>\n\t\t\t\t<\/div>\n\t\t\t\t<div class=\"elementor-element elementor-element-17d29c4 elementor-widget-divider--view-line elementor-widget elementor-widget-divider\" data-id=\"17d29c4\" data-element_type=\"widget\" data-widget_type=\"divider.default\">\n\t\t\t\t<div class=\"elementor-widget-container\">\n\t\t\t\t\t\t\t<div class=\"elementor-divider\">\n\t\t\t<span class=\"elementor-divider-separator\">\n\t\t\t\t\t\t<\/span>\n\t\t<\/div>\n\t\t\t\t\t\t<\/div>\n\t\t\t\t<\/div>\n\t\t\t\t<div class=\"elementor-element elementor-element-fc86f64 elementor-widget elementor-widget-heading\" data-id=\"fc86f64\" data-element_type=\"widget\" data-widget_type=\"heading.default\">\n\t\t\t\t<div class=\"elementor-widget-container\">\n\t\t\t\t\t<h2 class=\"elementor-heading-title elementor-size-default\">Hedef Ya\u015f<\/h2>\t\t\t\t<\/div>\n\t\t\t\t<\/div>\n\t\t\t\t<div class=\"elementor-element elementor-element-955a0cf elementor-icon-list--layout-traditional elementor-list-item-link-full_width elementor-widget elementor-widget-icon-list\" data-id=\"955a0cf\" data-element_type=\"widget\" data-widget_type=\"icon-list.default\">\n\t\t\t\t<div class=\"elementor-widget-container\">\n\t\t\t\t\t\t\t<ul class=\"elementor-icon-list-items\">\n\t\t\t\t\t\t\t<li class=\"elementor-icon-list-item\">\n\t\t\t\t\t\t\t\t\t\t\t<span class=\"elementor-icon-list-icon\">\n\t\t\t\t\t\t\t<i aria-hidden=\"true\" class=\"fas fa-check\"><\/i>\t\t\t\t\t\t<\/span>\n\t\t\t\t\t\t\t\t\t\t<span class=\"elementor-icon-list-text\">Her ya\u015ftan<\/span>\n\t\t\t\t\t\t\t\t\t<\/li>\n\t\t\t\t\t\t<\/ul>\n\t\t\t\t\t\t<\/div>\n\t\t\t\t<\/div>\n\t\t\t\t<div class=\"elementor-element elementor-element-71e6ac3 elementor-widget-divider--view-line elementor-widget elementor-widget-divider\" data-id=\"71e6ac3\" data-element_type=\"widget\" data-widget_type=\"divider.default\">\n\t\t\t\t<div class=\"elementor-widget-container\">\n\t\t\t\t\t\t\t<div class=\"elementor-divider\">\n\t\t\t<span class=\"elementor-divider-separator\">\n\t\t\t\t\t\t<\/span>\n\t\t<\/div>\n\t\t\t\t\t\t<\/div>\n\t\t\t\t<\/div>\n\t\t\t\t<div class=\"elementor-element elementor-element-38d055b elementor-widget elementor-widget-heading\" data-id=\"38d055b\" data-element_type=\"widget\" data-widget_type=\"heading.default\">\n\t\t\t\t<div class=\"elementor-widget-container\">\n\t\t\t\t\t<h2 class=\"elementor-heading-title elementor-size-default\">Uygulanabilir Temalar<\/h2>\t\t\t\t<\/div>\n\t\t\t\t<\/div>\n\t\t\t\t<div class=\"elementor-element elementor-element-123f168 elementor-icon-list--layout-traditional elementor-list-item-link-full_width elementor-widget elementor-widget-icon-list\" data-id=\"123f168\" data-element_type=\"widget\" data-widget_type=\"icon-list.default\">\n\t\t\t\t<div class=\"elementor-widget-container\">\n\t\t\t\t\t\t\t<ul class=\"elementor-icon-list-items\">\n\t\t\t\t\t\t\t<li class=\"elementor-icon-list-item\">\n\t\t\t\t\t\t\t\t\t\t\t<a href=\"https:\/\/sertek.com.tr\/tr\/sanat-temali-sergiler\/\">\n\n\t\t\t\t\t\t\t\t\t\t\t\t<span class=\"elementor-icon-list-icon\">\n\t\t\t\t\t\t\t<i aria-hidden=\"true\" class=\"fas fa-paint-brush\"><\/i>\t\t\t\t\t\t<\/span>\n\t\t\t\t\t\t\t\t\t\t<span class=\"elementor-icon-list-text\">Sanat<\/span>\n\t\t\t\t\t\t\t\t\t\t\t<\/a>\n\t\t\t\t\t\t\t\t\t<\/li>\n\t\t\t\t\t\t<\/ul>\n\t\t\t\t\t\t<\/div>\n\t\t\t\t<\/div>\n\t\t\t\t\t<\/div>\n\t\t<\/div>\n\t\t\t\t\t<\/div>\n\t\t<\/section>\n\t\t\t\t<div class=\"elementor-element elementor-element-b458126 elementor-widget elementor-widget-spacer\" data-id=\"b458126\" data-element_type=\"widget\" data-widget_type=\"spacer.default\">\n\t\t\t\t<div class=\"elementor-widget-container\">\n\t\t\t\t\t\t\t<div class=\"elementor-spacer\">\n\t\t\t<div class=\"elementor-spacer-inner\"><\/div>\n\t\t<\/div>\n\t\t\t\t\t\t<\/div>\n\t\t\t\t<\/div>\n\t\t\t\t\t<\/div>\n\t\t<\/div>\n\t\t\t\t\t<\/div>\n\t\t<\/section>\n\t\t\t\t<\/div>","protected":false},"excerpt":{"rendered":"<p>Dijital Grafiti Duvar\u0131 Dijital Grafiti Duvar\u0131, geleneksel sanat\u0131n ve son teknolojiyi birle\u015ftiren bir sergidir. Ziyaret\u00e7ileri [\u2026]<\/p>","protected":false},"author":2,"featured_media":0,"parent":0,"menu_order":0,"comment_status":"closed","ping_status":"closed","template":"page-custom.php","meta":{"om_disable_all_campaigns":false,"_monsterinsights_skip_tracking":false,"_monsterinsights_sitenote_active":false,"_monsterinsights_sitenote_note":"","_monsterinsights_sitenote_category":0,"_uf_show_specific_survey":0,"_uf_disable_surveys":false,"footnotes":""},"class_list":["post-3942","page","type-page","status-publish","hentry"],"acf":{"full_width":false,"header_transparent":false,"header_white":false},"aioseo_notices":[],"yoast_head":"<!-- This site is optimized with the Yoast SEO plugin v26.9 - https:\/\/yoast.com\/product\/yoast-seo-wordpress\/ -->\n<title>Digital Graffiti Wall - Sertek Exhibitions<\/title>\n<meta name=\"description\" content=\"Digital Graffiti Wall is a unique intersection of art and technology, inviting participants to unleash their creativity on the digital canvas\" \/>\n<meta name=\"robots\" content=\"index, follow, max-snippet:-1, max-image-preview:large, max-video-preview:-1\" \/>\n<link rel=\"canonical\" href=\"https:\/\/sertek.com.tr\/tr\/dijital-graffiti-sergisi\/\" \/>\n<meta property=\"og:locale\" content=\"tr_TR\" \/>\n<meta property=\"og:type\" content=\"article\" \/>\n<meta property=\"og:title\" content=\"Digital Graffiti Wall - Sertek Exhibitions\" \/>\n<meta property=\"og:description\" content=\"Digital Graffiti Wall is a unique intersection of art and technology, inviting participants to unleash their creativity on the digital canvas\" \/>\n<meta property=\"og:url\" content=\"https:\/\/sertek.com.tr\/tr\/dijital-graffiti-sergisi\/\" \/>\n<meta property=\"og:site_name\" content=\"Sertek Exhibitions\" \/>\n<meta property=\"article:modified_time\" content=\"2023-10-03T19:57:15+00:00\" \/>\n<meta property=\"og:image\" content=\"https:\/\/sertek.com.tr\/wp-content\/uploads\/elementor\/thumbs\/Digital-Graffiti-e1690202051819-qbxm8n3ihmn2f4lwuvk7kokn4bmnk7ifg8sfue65wq.jpg\" \/>\n<meta name=\"twitter:card\" content=\"summary_large_image\" \/>\n<meta name=\"twitter:label1\" content=\"Tahmini okuma s\u00fcresi\" \/>\n\t<meta name=\"twitter:data1\" content=\"3 dakika\" \/>\n<script type=\"application\/ld+json\" class=\"yoast-schema-graph\">{\"@context\":\"https:\/\/schema.org\",\"@graph\":[{\"@type\":\"WebPage\",\"@id\":\"https:\/\/sertek.com.tr\/en\/digital-graffiti-exhibit\/\",\"url\":\"https:\/\/sertek.com.tr\/en\/digital-graffiti-exhibit\/\",\"name\":\"Digital Graffiti Wall - Sertek Exhibitions\",\"isPartOf\":{\"@id\":\"https:\/\/sertek.com.tr\/en\/#website\"},\"primaryImageOfPage\":{\"@id\":\"https:\/\/sertek.com.tr\/en\/digital-graffiti-exhibit\/#primaryimage\"},\"image\":{\"@id\":\"https:\/\/sertek.com.tr\/en\/digital-graffiti-exhibit\/#primaryimage\"},\"thumbnailUrl\":\"https:\/\/sertek.com.tr\/wp-content\/uploads\/elementor\/thumbs\/Digital-Graffiti-e1690202051819-qbxm8n3ihmn2f4lwuvk7kokn4bmnk7ifg8sfue65wq.jpg\",\"datePublished\":\"2023-07-14T07:32:42+00:00\",\"dateModified\":\"2023-10-03T19:57:15+00:00\",\"description\":\"Digital Graffiti Wall is a unique intersection of art and technology, inviting participants to unleash their creativity on the digital canvas\",\"breadcrumb\":{\"@id\":\"https:\/\/sertek.com.tr\/en\/digital-graffiti-exhibit\/#breadcrumb\"},\"inLanguage\":\"tr\",\"potentialAction\":[{\"@type\":\"ReadAction\",\"target\":[\"https:\/\/sertek.com.tr\/en\/digital-graffiti-exhibit\/\"]}]},{\"@type\":\"ImageObject\",\"inLanguage\":\"tr\",\"@id\":\"https:\/\/sertek.com.tr\/en\/digital-graffiti-exhibit\/#primaryimage\",\"url\":\"https:\/\/sertek.com.tr\/wp-content\/uploads\/elementor\/thumbs\/Digital-Graffiti-e1690202051819-qbxm8n3ihmn2f4lwuvk7kokn4bmnk7ifg8sfue65wq.jpg\",\"contentUrl\":\"https:\/\/sertek.com.tr\/wp-content\/uploads\/elementor\/thumbs\/Digital-Graffiti-e1690202051819-qbxm8n3ihmn2f4lwuvk7kokn4bmnk7ifg8sfue65wq.jpg\"},{\"@type\":\"BreadcrumbList\",\"@id\":\"https:\/\/sertek.com.tr\/en\/digital-graffiti-exhibit\/#breadcrumb\",\"itemListElement\":[{\"@type\":\"ListItem\",\"position\":1,\"name\":\"Home\",\"item\":\"https:\/\/sertek.com.tr\/\"},{\"@type\":\"ListItem\",\"position\":2,\"name\":\"Digital Graffiti Wall\"}]},{\"@type\":\"WebSite\",\"@id\":\"https:\/\/sertek.com.tr\/en\/#website\",\"url\":\"https:\/\/sertek.com.tr\/en\/\",\"name\":\"Sertek Exhibitions\",\"description\":\"Sertek Exhibitons\",\"publisher\":{\"@id\":\"https:\/\/sertek.com.tr\/en\/#organization\"},\"potentialAction\":[{\"@type\":\"SearchAction\",\"target\":{\"@type\":\"EntryPoint\",\"urlTemplate\":\"https:\/\/sertek.com.tr\/en\/?s={search_term_string}\"},\"query-input\":{\"@type\":\"PropertyValueSpecification\",\"valueRequired\":true,\"valueName\":\"search_term_string\"}}],\"inLanguage\":\"tr\"},{\"@type\":\"Organization\",\"@id\":\"https:\/\/sertek.com.tr\/en\/#organization\",\"name\":\"Sertek Exhibitions\",\"url\":\"https:\/\/sertek.com.tr\/en\/\",\"logo\":{\"@type\":\"ImageObject\",\"inLanguage\":\"tr\",\"@id\":\"https:\/\/sertek.com.tr\/en\/#\/schema\/logo\/image\/\",\"url\":\"https:\/\/sertek.com.tr\/wp-content\/uploads\/2023\/06\/SertekLogo-1.png\",\"contentUrl\":\"https:\/\/sertek.com.tr\/wp-content\/uploads\/2023\/06\/SertekLogo-1.png\",\"width\":300,\"height\":49,\"caption\":\"Sertek Exhibitions\"},\"image\":{\"@id\":\"https:\/\/sertek.com.tr\/en\/#\/schema\/logo\/image\/\"},\"sameAs\":[\"https:\/\/www.linkedin.com\/company\/sertek-exhibitions\/\"]}]}<\/script>\n<!-- \/ Yoast SEO plugin. -->","yoast_head_json":{"title":"Digital Graffiti Wall - Sertek Exhibitions","description":"Digital Graffiti Wall is a unique intersection of art and technology, inviting participants to unleash their creativity on the digital canvas","robots":{"index":"index","follow":"follow","max-snippet":"max-snippet:-1","max-image-preview":"max-image-preview:large","max-video-preview":"max-video-preview:-1"},"canonical":"https:\/\/sertek.com.tr\/tr\/dijital-graffiti-sergisi\/","og_locale":"tr_TR","og_type":"article","og_title":"Digital Graffiti Wall - Sertek Exhibitions","og_description":"Digital Graffiti Wall is a unique intersection of art and technology, inviting participants to unleash their creativity on the digital canvas","og_url":"https:\/\/sertek.com.tr\/tr\/dijital-graffiti-sergisi\/","og_site_name":"Sertek Exhibitions","article_modified_time":"2023-10-03T19:57:15+00:00","og_image":[{"url":"https:\/\/sertek.com.tr\/wp-content\/uploads\/elementor\/thumbs\/Digital-Graffiti-e1690202051819-qbxm8n3ihmn2f4lwuvk7kokn4bmnk7ifg8sfue65wq.jpg","type":"","width":"","height":""}],"twitter_card":"summary_large_image","twitter_misc":{"Tahmini okuma s\u00fcresi":"3 dakika"},"schema":{"@context":"https:\/\/schema.org","@graph":[{"@type":"WebPage","@id":"https:\/\/sertek.com.tr\/en\/digital-graffiti-exhibit\/","url":"https:\/\/sertek.com.tr\/en\/digital-graffiti-exhibit\/","name":"Digital Graffiti Wall - Sertek Exhibitions","isPartOf":{"@id":"https:\/\/sertek.com.tr\/en\/#website"},"primaryImageOfPage":{"@id":"https:\/\/sertek.com.tr\/en\/digital-graffiti-exhibit\/#primaryimage"},"image":{"@id":"https:\/\/sertek.com.tr\/en\/digital-graffiti-exhibit\/#primaryimage"},"thumbnailUrl":"https:\/\/sertek.com.tr\/wp-content\/uploads\/elementor\/thumbs\/Digital-Graffiti-e1690202051819-qbxm8n3ihmn2f4lwuvk7kokn4bmnk7ifg8sfue65wq.jpg","datePublished":"2023-07-14T07:32:42+00:00","dateModified":"2023-10-03T19:57:15+00:00","description":"Digital Graffiti Wall is a unique intersection of art and technology, inviting participants to unleash their creativity on the digital canvas","breadcrumb":{"@id":"https:\/\/sertek.com.tr\/en\/digital-graffiti-exhibit\/#breadcrumb"},"inLanguage":"tr","potentialAction":[{"@type":"ReadAction","target":["https:\/\/sertek.com.tr\/en\/digital-graffiti-exhibit\/"]}]},{"@type":"ImageObject","inLanguage":"tr","@id":"https:\/\/sertek.com.tr\/en\/digital-graffiti-exhibit\/#primaryimage","url":"https:\/\/sertek.com.tr\/wp-content\/uploads\/elementor\/thumbs\/Digital-Graffiti-e1690202051819-qbxm8n3ihmn2f4lwuvk7kokn4bmnk7ifg8sfue65wq.jpg","contentUrl":"https:\/\/sertek.com.tr\/wp-content\/uploads\/elementor\/thumbs\/Digital-Graffiti-e1690202051819-qbxm8n3ihmn2f4lwuvk7kokn4bmnk7ifg8sfue65wq.jpg"},{"@type":"BreadcrumbList","@id":"https:\/\/sertek.com.tr\/en\/digital-graffiti-exhibit\/#breadcrumb","itemListElement":[{"@type":"ListItem","position":1,"name":"Home","item":"https:\/\/sertek.com.tr\/"},{"@type":"ListItem","position":2,"name":"Digital Graffiti Wall"}]},{"@type":"WebSite","@id":"https:\/\/sertek.com.tr\/en\/#website","url":"https:\/\/sertek.com.tr\/en\/","name":"Sertek Exhibitions","description":"Sertek Exhibitons","publisher":{"@id":"https:\/\/sertek.com.tr\/en\/#organization"},"potentialAction":[{"@type":"SearchAction","target":{"@type":"EntryPoint","urlTemplate":"https:\/\/sertek.com.tr\/en\/?s={search_term_string}"},"query-input":{"@type":"PropertyValueSpecification","valueRequired":true,"valueName":"search_term_string"}}],"inLanguage":"tr"},{"@type":"Organization","@id":"https:\/\/sertek.com.tr\/en\/#organization","name":"Sertek Exhibitions","url":"https:\/\/sertek.com.tr\/en\/","logo":{"@type":"ImageObject","inLanguage":"tr","@id":"https:\/\/sertek.com.tr\/en\/#\/schema\/logo\/image\/","url":"https:\/\/sertek.com.tr\/wp-content\/uploads\/2023\/06\/SertekLogo-1.png","contentUrl":"https:\/\/sertek.com.tr\/wp-content\/uploads\/2023\/06\/SertekLogo-1.png","width":300,"height":49,"caption":"Sertek Exhibitions"},"image":{"@id":"https:\/\/sertek.com.tr\/en\/#\/schema\/logo\/image\/"},"sameAs":["https:\/\/www.linkedin.com\/company\/sertek-exhibitions\/"]}]}},"jetpack_sharing_enabled":true,"_links":{"self":[{"href":"https:\/\/sertek.com.tr\/tr\/wp-json\/wp\/v2\/pages\/3942","targetHints":{"allow":["GET"]}}],"collection":[{"href":"https:\/\/sertek.com.tr\/tr\/wp-json\/wp\/v2\/pages"}],"about":[{"href":"https:\/\/sertek.com.tr\/tr\/wp-json\/wp\/v2\/types\/page"}],"author":[{"embeddable":true,"href":"https:\/\/sertek.com.tr\/tr\/wp-json\/wp\/v2\/users\/2"}],"replies":[{"embeddable":true,"href":"https:\/\/sertek.com.tr\/tr\/wp-json\/wp\/v2\/comments?post=3942"}],"version-history":[{"count":20,"href":"https:\/\/sertek.com.tr\/tr\/wp-json\/wp\/v2\/pages\/3942\/revisions"}],"predecessor-version":[{"id":7031,"href":"https:\/\/sertek.com.tr\/tr\/wp-json\/wp\/v2\/pages\/3942\/revisions\/7031"}],"wp:attachment":[{"href":"https:\/\/sertek.com.tr\/tr\/wp-json\/wp\/v2\/media?parent=3942"}],"curies":[{"name":"wp","href":"https:\/\/api.w.org\/{rel}","templated":true}]}}