{"id":3968,"date":"2023-07-14T07:53:02","date_gmt":"2023-07-14T07:53:02","guid":{"rendered":"https:\/\/sertekexhibitions.com\/?page_id=3968"},"modified":"2023-11-01T20:15:25","modified_gmt":"2023-11-01T20:15:25","slug":"spiro-wheel-exhibit","status":"publish","type":"page","link":"https:\/\/sertek.com.tr\/tr\/spiro-tekerlek-sergisi\/","title":{"rendered":"Spiro Tekerlek Sergisi"},"content":{"rendered":"<div data-elementor-type=\"wp-page\" data-elementor-id=\"3968\" class=\"elementor elementor-3968\" data-elementor-settings=\"{&quot;ha_cmc_init_switcher&quot;:&quot;no&quot;}\">\n\t\t\t\t\t\t<section class=\"elementor-section elementor-top-section elementor-element elementor-element-9f5181a elementor-section-boxed elementor-section-height-default elementor-section-height-default\" data-id=\"9f5181a\" data-element_type=\"section\" data-settings=\"{&quot;_ha_eqh_enable&quot;:false}\">\n\t\t\t\t\t\t<div class=\"elementor-container elementor-column-gap-extended\">\n\t\t\t\t\t<div class=\"elementor-column elementor-col-100 elementor-top-column elementor-element elementor-element-e397ea5\" data-id=\"e397ea5\" data-element_type=\"column\">\n\t\t\t<div class=\"elementor-widget-wrap elementor-element-populated\">\n\t\t\t\t\t\t<section class=\"elementor-section elementor-inner-section elementor-element elementor-element-a2f656c elementor-section-full_width elementor-section-height-default elementor-section-height-default\" data-id=\"a2f656c\" data-element_type=\"section\" data-settings=\"{&quot;background_background&quot;:&quot;classic&quot;,&quot;_ha_eqh_enable&quot;:false}\">\n\t\t\t\t\t\t<div class=\"elementor-container elementor-column-gap-wide\">\n\t\t\t\t\t<div class=\"elementor-column elementor-col-50 elementor-inner-column elementor-element elementor-element-10898b2 has-sticky-column\" data-id=\"10898b2\" data-element_type=\"column\">\n\t\t\t<div class=\"elementor-widget-wrap elementor-element-populated\">\n\t\t\t\t\t\t<div class=\"elementor-element elementor-element-b74166f elementor-widget elementor-widget-video\" data-id=\"b74166f\" data-element_type=\"widget\" data-settings=\"{&quot;youtube_url&quot;:&quot;https:\\\/\\\/youtu.be\\\/JaIbmDmV5ok&quot;,&quot;autoplay&quot;:&quot;yes&quot;,&quot;loop&quot;:&quot;yes&quot;,&quot;video_type&quot;:&quot;youtube&quot;,&quot;controls&quot;:&quot;yes&quot;}\" data-widget_type=\"video.default\">\n\t\t\t\t<div class=\"elementor-widget-container\">\n\t\t\t\t\t\t\t<div class=\"elementor-wrapper elementor-open-inline\">\n\t\t\t<div class=\"elementor-video\"><\/div>\t\t<\/div>\n\t\t\t\t\t\t<\/div>\n\t\t\t\t<\/div>\n\t\t\t\t<div class=\"elementor-element elementor-element-0569693 elementor-widget__width-inherit elementor-arrows-position-inside elementor-pagination-position-outside elementor-widget elementor-widget-image-carousel\" data-id=\"0569693\" data-element_type=\"widget\" data-settings=\"{&quot;slides_to_show&quot;:&quot;1&quot;,&quot;navigation&quot;:&quot;both&quot;,&quot;autoplay&quot;:&quot;yes&quot;,&quot;pause_on_hover&quot;:&quot;yes&quot;,&quot;pause_on_interaction&quot;:&quot;yes&quot;,&quot;autoplay_speed&quot;:5000,&quot;infinite&quot;:&quot;yes&quot;,&quot;effect&quot;:&quot;slide&quot;,&quot;speed&quot;:500}\" data-widget_type=\"image-carousel.default\">\n\t\t\t\t<div class=\"elementor-widget-container\">\n\t\t\t\t\t\t\t<div class=\"elementor-image-carousel-wrapper swiper\" role=\"region\" aria-roledescription=\"carousel\" aria-label=\"Resim D\u00f6ng\u00fcs\u00fc\" dir=\"ltr\">\n\t\t\t<div class=\"elementor-image-carousel swiper-wrapper\" aria-live=\"off\">\n\t\t\t\t\t\t\t\t<div class=\"swiper-slide\" role=\"group\" aria-roledescription=\"slide\" aria-label=\"1 \/ 4\"><figure class=\"swiper-slide-inner\"><img decoding=\"async\" class=\"swiper-slide-image\" src=\"https:\/\/sertek.com.tr\/wp-content\/uploads\/elementor\/thumbs\/Art--qbxm8m5oasls3ina0d5l06t6ixraciep444yd47k3s.jpeg\" alt=\"Sanat Sergisi\" \/><\/figure><\/div><div class=\"swiper-slide\" role=\"group\" aria-roledescription=\"slide\" aria-label=\"2 \/ 4\"><figure class=\"swiper-slide-inner\"><img decoding=\"async\" class=\"swiper-slide-image\" src=\"https:\/\/sertek.com.tr\/wp-content\/uploads\/elementor\/thumbs\/spiro-wheel-qbxm8m5oasls3ina0d5l06t6ixraciep444yd47k3s.jpeg\" alt=\"Spiro tekerlek sergisi\" \/><\/figure><\/div><div class=\"swiper-slide\" role=\"group\" aria-roledescription=\"slide\" aria-label=\"3 \/ 4\"><figure class=\"swiper-slide-inner\"><img decoding=\"async\" class=\"swiper-slide-image\" src=\"https:\/\/sertek.com.tr\/wp-content\/uploads\/elementor\/thumbs\/AF1QipN7ZuBP-yt6_F2u-dvqJFkQKCjka0Qd7MYYQ6U1s773-k-no-e1690202031982-qbxm8n3ihmn2f4lwuvk7kokn4bmnk7ifg8sfue65xk.jpeg\" alt=\"spirograf sergisi\" \/><\/figure><\/div><div class=\"swiper-slide\" role=\"group\" aria-roledescription=\"slide\" aria-label=\"4 \/ 4\"><figure class=\"swiper-slide-inner\"><img decoding=\"async\" class=\"swiper-slide-image\" src=\"https:\/\/sertek.com.tr\/wp-content\/uploads\/elementor\/thumbs\/Spiro-Wall-qbxm8m5oasls3ina0d5l06t6ixraciep444yd47k3s.jpeg\" alt=\"spirograf\" \/><\/figure><\/div>\t\t\t<\/div>\n\t\t\t\t\t\t\t\t\t\t\t\t<div class=\"elementor-swiper-button elementor-swiper-button-prev\" role=\"button\" tabindex=\"0\">\n\t\t\t\t\t\t<i aria-hidden=\"true\" class=\"eicon-chevron-left\"><\/i>\t\t\t\t\t<\/div>\n\t\t\t\t\t<div class=\"elementor-swiper-button elementor-swiper-button-next\" role=\"button\" tabindex=\"0\">\n\t\t\t\t\t\t<i aria-hidden=\"true\" class=\"eicon-chevron-right\"><\/i>\t\t\t\t\t<\/div>\n\t\t\t\t\n\t\t\t\t\t\t\t\t\t<div class=\"swiper-pagination\"><\/div>\n\t\t\t\t\t\t\t\t\t<\/div>\n\t\t\t\t\t\t<\/div>\n\t\t\t\t<\/div>\n\t\t\t\t\t<\/div>\n\t\t<\/div>\n\t\t\t\t<div class=\"elementor-column elementor-col-50 elementor-inner-column elementor-element elementor-element-574a6fb\" data-id=\"574a6fb\" data-element_type=\"column\">\n\t\t\t<div class=\"elementor-widget-wrap elementor-element-populated\">\n\t\t\t\t\t\t<div class=\"elementor-element elementor-element-31ef6ec elementor-widget elementor-widget-heading\" data-id=\"31ef6ec\" data-element_type=\"widget\" data-widget_type=\"heading.default\">\n\t\t\t\t<div class=\"elementor-widget-container\">\n\t\t\t\t\t<h1 class=\"elementor-heading-title elementor-size-default\">Spiro Tekerlek Sergisi<\/h1>\t\t\t\t<\/div>\n\t\t\t\t<\/div>\n\t\t\t\t<div class=\"elementor-element elementor-element-3e2df96 elementor-widget__width-initial elementor-widget elementor-widget-text-editor\" data-id=\"3e2df96\" data-element_type=\"widget\" data-widget_type=\"text-editor.default\">\n\t\t\t\t<div class=\"elementor-widget-container\">\n\t\t\t\t\t\t\t\t\t<p>Spirograf olarak da bilinen Spiro Wheel, sanat ve matematik aras\u0131ndaki bo\u015flu\u011fu kapatan bir sergidir. Sergi, geometrik yarat\u0131c\u0131l\u0131\u011f\u0131n s\u00fcr\u00fckleyici bir ke\u015ffini sunar. Ziyaret\u00e7iler tekerle\u011fi d\u00f6nd\u00fcr\u00fcp desenlerin ortaya \u00e7\u0131k\u0131\u015f\u0131n\u0131 izlerken, \u015fekillerin ve renklerin uyumlu dans\u0131na dair yeni bir takdir duygusuyla ayr\u0131l\u0131rlar. Ziyaret\u00e7ilerin yarat\u0131c\u0131lar haline geldi\u011fi, karma\u015f\u0131k ve s\u00fcrekli geli\u015fen desenler olu\u015fturmak i\u00e7in sanal bir spirograf\u0131n g\u00fcc\u00fcn\u00fc kulland\u0131\u011f\u0131 bir yolculu\u011fa \u00e7\u0131kmaya haz\u0131r olun. Bu benzersiz deneyim, kat\u0131l\u0131mc\u0131lar\u0131 geometri, renk ve yarat\u0131c\u0131l\u0131k aras\u0131ndaki hassas dengeyi ke\u015ffetmeye ve uyumlu tasar\u0131mlar\u0131n g\u00fczelli\u011fini ortaya \u00e7\u0131karmaya davet ediyor.<\/p>\t\t\t\t\t\t\t\t<\/div>\n\t\t\t\t<\/div>\n\t\t\t\t<div class=\"elementor-element elementor-element-e4e6a8c elementor-widget-divider--view-line elementor-widget elementor-widget-divider\" data-id=\"e4e6a8c\" data-element_type=\"widget\" data-widget_type=\"divider.default\">\n\t\t\t\t<div class=\"elementor-widget-container\">\n\t\t\t\t\t\t\t<div class=\"elementor-divider\">\n\t\t\t<span class=\"elementor-divider-separator\">\n\t\t\t\t\t\t<\/span>\n\t\t<\/div>\n\t\t\t\t\t\t<\/div>\n\t\t\t\t<\/div>\n\t\t\t\t<div class=\"elementor-element elementor-element-1888158 elementor-widget elementor-widget-heading\" data-id=\"1888158\" data-element_type=\"widget\" data-widget_type=\"heading.default\">\n\t\t\t\t<div class=\"elementor-widget-container\">\n\t\t\t\t\t<h2 class=\"elementor-heading-title elementor-size-default\">Ziyaret\u00e7i Deneyimi<\/h2>\t\t\t\t<\/div>\n\t\t\t\t<\/div>\n\t\t\t\t<div class=\"elementor-element elementor-element-28688da elementor-widget elementor-widget-text-editor\" data-id=\"28688da\" data-element_type=\"widget\" data-widget_type=\"text-editor.default\">\n\t\t\t\t<div class=\"elementor-widget-container\">\n\t\t\t\t\t\t\t\t\t<p>Ziyaret\u00e7iler Spiro \u00c7ark\u0131 sergisine yakla\u015ft\u0131klar\u0131nda heyecanla dokunmay\u0131 bekleyen fiziksel bir \u00e7arkla kar\u015f\u0131la\u015f\u0131yorlar. Tekerle\u011fin d\u00f6nd\u00fcr\u00fclmesiyle karma\u015f\u0131k bir dans ba\u015fl\u0131yor; biti\u015fik ekranlarda \u00e7izgiler, k\u0131vr\u0131mlar ve renklerden olu\u015fan bir senfoni ortaya \u00e7\u0131k\u0131yor.<\/p><p>Her biri benzersiz bir tonu temsil eden be\u015f farkl\u0131 renk, g\u00f6r\u00fcnmez bir daire \u00fczerinde farkl\u0131 konumlara konumland\u0131r\u0131lm\u0131\u015ft\u0131r. Ziyaret\u00e7iler \u00e7ark\u0131 d\u00f6nd\u00fcr\u00fcrken bu renkleri se\u00e7erek a\u00e7\u0131p kapatabilme g\u00fcc\u00fcne sahip. Sonu\u00e7, nefes kesen g\u00f6rseller yaratmak i\u00e7in geometri ve rengin i\u00e7 i\u00e7e ge\u00e7ti\u011fi bir tuval, desenlerden olu\u015fan bir kaleydoskoptur.<\/p><p>Sergi ayr\u0131ca renkli noktalar\u0131n yerle\u015fimini belirleyen dairenin yar\u0131\u00e7ap\u0131n\u0131 ayarlama se\u00e7ene\u011fini de sunuyor. Ziyaret\u00e7iler bu parametreyi de\u011fi\u015ftirerek karma\u015f\u0131k desenleri yeni boyutlara d\u00f6n\u00fc\u015ft\u00fcr\u00fcyor ve sonsuz \u015fekil ve ton \u00e7e\u015fitlili\u011fiyle denemeler yap\u0131yor.<\/p><p>Ziyaret\u00e7iler \u00e7ark\u0131 d\u00f6nd\u00fcrd\u00fck\u00e7e olu\u015fturduklar\u0131 desenlerin ak\u0131\u015fkanl\u0131\u011f\u0131na ve hassasiyetine hayret ediyorlar. Sergi, geometri ve sanat aras\u0131ndaki sinerjiyi kutluyor ve kat\u0131l\u0131mc\u0131lar\u0131n spirograf\u0131n tasar\u0131m potansiyelinin s\u0131n\u0131rs\u0131z olanaklar\u0131n\u0131 ke\u015ffetmesine olanak tan\u0131yor.<\/p>\t\t\t\t\t\t\t\t<\/div>\n\t\t\t\t<\/div>\n\t\t\t\t<div class=\"elementor-element elementor-element-cc8aa3f elementor-widget-divider--view-line elementor-widget elementor-widget-divider\" data-id=\"cc8aa3f\" data-element_type=\"widget\" data-widget_type=\"divider.default\">\n\t\t\t\t<div class=\"elementor-widget-container\">\n\t\t\t\t\t\t\t<div class=\"elementor-divider\">\n\t\t\t<span class=\"elementor-divider-separator\">\n\t\t\t\t\t\t<\/span>\n\t\t<\/div>\n\t\t\t\t\t\t<\/div>\n\t\t\t\t<\/div>\n\t\t\t\t<div class=\"elementor-element elementor-element-310b61a elementor-widget elementor-widget-heading\" data-id=\"310b61a\" data-element_type=\"widget\" data-widget_type=\"heading.default\">\n\t\t\t\t<div class=\"elementor-widget-container\">\n\t\t\t\t\t<h2 class=\"elementor-heading-title elementor-size-default\">\u00d6ne \u00c7\u0131kan \u00d6zellikler<\/h2>\t\t\t\t<\/div>\n\t\t\t\t<\/div>\n\t\t\t\t<div class=\"elementor-element elementor-element-5025e95 elementor-widget elementor-widget-text-editor\" data-id=\"5025e95\" data-element_type=\"widget\" data-widget_type=\"text-editor.default\">\n\t\t\t\t<div class=\"elementor-widget-container\">\n\t\t\t\t\t\t\t\t\t<ol><li><p><strong>Geometriyi Ke\u015ffetmek:<\/strong> <a href=\"https:\/\/en.wikipedia.org\/wiki\/Spirograph\" target=\"_blank\" rel=\"noopener\">Spirograh<\/a> ziyaret\u00e7ilere eylem halindeki geometrinin uygulamal\u0131 ke\u015ffini sunar. Renk noktalar\u0131n\u0131n ve daire yar\u0131\u00e7ap\u0131n\u0131n manip\u00fclasyonu yoluyla kat\u0131l\u0131mc\u0131lar, geometrik \u00f6\u011felerin karma\u015f\u0131k ve b\u00fcy\u00fcleyici desenler olu\u015fturmas\u0131n\u0131 \u00f6\u011frenirler.<\/p><\/li><li><p><strong>Renk Kombinasyonlar\u0131:<\/strong> Sergi, renk kombinasyonlar\u0131n\u0131 denemek i\u00e7in bir platform sa\u011fl\u0131yor. Ziyaret\u00e7iler, farkl\u0131 renk d\u00fczenlemelerinin birbirleriyle nas\u0131l etkile\u015fime girdi\u011fine tan\u0131k oluyor ve renk teorisine ili\u015fkin anlay\u0131\u015flar\u0131n\u0131 derinle\u015ftiriyor.<\/p><\/li><li><p><strong>Yarat\u0131c\u0131 Desen Olu\u015fumu:<\/strong> Renkleri a\u00e7\u0131p kapatarak ve daire yar\u0131\u00e7ap\u0131n\u0131 ayarlayarak ziyaret\u00e7iler benzersiz desenlerin yarat\u0131c\u0131lar\u0131 haline gelir. Sergi yarat\u0131c\u0131l\u0131\u011f\u0131 besliyor ve kat\u0131l\u0131mc\u0131lara g\u00f6rsel sanatlarla deneme yapma g\u00fcc\u00fc veriyor.<\/p><\/li><li><p><strong>\u015eekillerin Etkile\u015fimi:<\/strong> Spiro Wheel, renkli noktalar\u0131n koordinasyonu ve daire d\u00f6n\u00fc\u015f\u00fcnden karma\u015f\u0131k desenler ortaya \u00e7\u0131karken, \u015fekil ve formlar\u0131n kar\u015f\u0131l\u0131kl\u0131 etkile\u015fimini sergiliyor. Ziyaret\u00e7iler \u00e7e\u015fitli parametrelerin g\u00f6rsel sonucu nas\u0131l etkiledi\u011fini g\u00f6zlemliyor.<\/p><\/li><li><p><strong>Matematiksel G\u00fczelli\u011fi Takdir Etmek:<\/strong> Sergi, sanatsal kal\u0131plar\u0131n do\u011fas\u0131nda bulunan matematiksel g\u00fczelli\u011fi ortaya \u00e7\u0131kar\u0131yor. Ziyaret\u00e7iler geometrik tasar\u0131mlar\u0131n estetik potansiyelini ve estetik \u00e7ekicili\u011fini takdir ediyor.<\/p><\/li><\/ol>\t\t\t\t\t\t\t\t<\/div>\n\t\t\t\t<\/div>\n\t\t\t\t<div class=\"elementor-element elementor-element-8a65b1d elementor-widget-divider--view-line elementor-widget elementor-widget-divider\" data-id=\"8a65b1d\" data-element_type=\"widget\" data-widget_type=\"divider.default\">\n\t\t\t\t<div class=\"elementor-widget-container\">\n\t\t\t\t\t\t\t<div class=\"elementor-divider\">\n\t\t\t<span class=\"elementor-divider-separator\">\n\t\t\t\t\t\t<\/span>\n\t\t<\/div>\n\t\t\t\t\t\t<\/div>\n\t\t\t\t<\/div>\n\t\t\t\t<div class=\"elementor-element elementor-element-dbe07c0 elementor-widget elementor-widget-heading\" data-id=\"dbe07c0\" data-element_type=\"widget\" data-widget_type=\"heading.default\">\n\t\t\t\t<div class=\"elementor-widget-container\">\n\t\t\t\t\t<h2 class=\"elementor-heading-title elementor-size-default\">Hedef Ya\u015f<\/h2>\t\t\t\t<\/div>\n\t\t\t\t<\/div>\n\t\t\t\t<div class=\"elementor-element elementor-element-2e7c22f elementor-icon-list--layout-traditional elementor-list-item-link-full_width elementor-widget elementor-widget-icon-list\" data-id=\"2e7c22f\" data-element_type=\"widget\" data-widget_type=\"icon-list.default\">\n\t\t\t\t<div class=\"elementor-widget-container\">\n\t\t\t\t\t\t\t<ul class=\"elementor-icon-list-items\">\n\t\t\t\t\t\t\t<li class=\"elementor-icon-list-item\">\n\t\t\t\t\t\t\t\t\t\t\t<span class=\"elementor-icon-list-icon\">\n\t\t\t\t\t\t\t<i aria-hidden=\"true\" class=\"fas fa-check\"><\/i>\t\t\t\t\t\t<\/span>\n\t\t\t\t\t\t\t\t\t\t<span class=\"elementor-icon-list-text\">Her ya\u015ftan<\/span>\n\t\t\t\t\t\t\t\t\t<\/li>\n\t\t\t\t\t\t<\/ul>\n\t\t\t\t\t\t<\/div>\n\t\t\t\t<\/div>\n\t\t\t\t<div class=\"elementor-element elementor-element-c824207 elementor-widget-divider--view-line elementor-widget elementor-widget-divider\" data-id=\"c824207\" data-element_type=\"widget\" data-widget_type=\"divider.default\">\n\t\t\t\t<div class=\"elementor-widget-container\">\n\t\t\t\t\t\t\t<div class=\"elementor-divider\">\n\t\t\t<span class=\"elementor-divider-separator\">\n\t\t\t\t\t\t<\/span>\n\t\t<\/div>\n\t\t\t\t\t\t<\/div>\n\t\t\t\t<\/div>\n\t\t\t\t<div class=\"elementor-element elementor-element-b4ced0a elementor-widget elementor-widget-heading\" data-id=\"b4ced0a\" data-element_type=\"widget\" data-widget_type=\"heading.default\">\n\t\t\t\t<div class=\"elementor-widget-container\">\n\t\t\t\t\t<h2 class=\"elementor-heading-title elementor-size-default\">Uygulanabilir Temalar<\/h2>\t\t\t\t<\/div>\n\t\t\t\t<\/div>\n\t\t\t\t<div class=\"elementor-element elementor-element-09cdc57 elementor-icon-list--layout-traditional elementor-list-item-link-full_width elementor-widget elementor-widget-icon-list\" data-id=\"09cdc57\" data-element_type=\"widget\" data-widget_type=\"icon-list.default\">\n\t\t\t\t<div class=\"elementor-widget-container\">\n\t\t\t\t\t\t\t<ul class=\"elementor-icon-list-items\">\n\t\t\t\t\t\t\t<li class=\"elementor-icon-list-item\">\n\t\t\t\t\t\t\t\t\t\t\t<a href=\"https:\/\/sertek.com.tr\/tr\/sanat-temali-sergiler\/\">\n\n\t\t\t\t\t\t\t\t\t\t\t\t<span class=\"elementor-icon-list-icon\">\n\t\t\t\t\t\t\t<i aria-hidden=\"true\" class=\"fas fa-paint-brush\"><\/i>\t\t\t\t\t\t<\/span>\n\t\t\t\t\t\t\t\t\t\t<span class=\"elementor-icon-list-text\">Sanat<\/span>\n\t\t\t\t\t\t\t\t\t\t\t<\/a>\n\t\t\t\t\t\t\t\t\t<\/li>\n\t\t\t\t\t\t<\/ul>\n\t\t\t\t\t\t<\/div>\n\t\t\t\t<\/div>\n\t\t\t\t\t<\/div>\n\t\t<\/div>\n\t\t\t\t\t<\/div>\n\t\t<\/section>\n\t\t\t\t<div class=\"elementor-element elementor-element-b458126 elementor-widget elementor-widget-spacer\" data-id=\"b458126\" data-element_type=\"widget\" data-widget_type=\"spacer.default\">\n\t\t\t\t<div class=\"elementor-widget-container\">\n\t\t\t\t\t\t\t<div class=\"elementor-spacer\">\n\t\t\t<div class=\"elementor-spacer-inner\"><\/div>\n\t\t<\/div>\n\t\t\t\t\t\t<\/div>\n\t\t\t\t<\/div>\n\t\t\t\t\t<\/div>\n\t\t<\/div>\n\t\t\t\t\t<\/div>\n\t\t<\/section>\n\t\t\t\t<\/div>","protected":false},"excerpt":{"rendered":"<p>Spiro Wheel Sergisi Spiro Wheel, spirograf olarak da bilinir, sanat ve matematik aras\u0131ndaki bo\u015flu\u011fu kapatan bir sergidir. Sergi, [\u2026]<\/p>","protected":false},"author":2,"featured_media":6531,"parent":0,"menu_order":0,"comment_status":"closed","ping_status":"closed","template":"page-custom.php","meta":{"om_disable_all_campaigns":false,"_monsterinsights_skip_tracking":false,"_monsterinsights_sitenote_active":false,"_monsterinsights_sitenote_note":"","_monsterinsights_sitenote_category":0,"_uf_show_specific_survey":0,"_uf_disable_surveys":false,"footnotes":""},"class_list":["post-3968","page","type-page","status-publish","has-post-thumbnail","hentry"],"acf":{"full_width":false,"header_transparent":false,"header_white":false},"aioseo_notices":[],"yoast_head":"<!-- This site is optimized with the Yoast SEO plugin v26.9 - https:\/\/yoast.com\/product\/yoast-seo-wordpress\/ -->\n<title>Spiro Wheel Exhibit - Sertek Exhibitions<\/title>\n<meta name=\"description\" content=\"Spiro Wheel, also known as spirograph, is a science center exhibit that bridges the gap between art and mathematics.\" \/>\n<meta name=\"robots\" content=\"index, follow, max-snippet:-1, max-image-preview:large, max-video-preview:-1\" \/>\n<link rel=\"canonical\" href=\"https:\/\/sertek.com.tr\/tr\/spiro-tekerlek-sergisi\/\" \/>\n<meta property=\"og:locale\" content=\"tr_TR\" \/>\n<meta property=\"og:type\" content=\"article\" \/>\n<meta property=\"og:title\" content=\"Spiro Wheel Exhibit - Sertek Exhibitions\" \/>\n<meta property=\"og:description\" content=\"Spiro Wheel, also known as spirograph, is a science center exhibit that bridges the gap between art and mathematics.\" \/>\n<meta property=\"og:url\" content=\"https:\/\/sertek.com.tr\/tr\/spiro-tekerlek-sergisi\/\" \/>\n<meta property=\"og:site_name\" content=\"Sertek Exhibitions\" \/>\n<meta property=\"article:modified_time\" content=\"2023-11-01T20:15:25+00:00\" \/>\n<meta property=\"og:image\" content=\"https:\/\/sertek.com.tr\/wp-content\/uploads\/2023\/09\/spiro-wheel.jpeg\" \/>\n\t<meta property=\"og:image:width\" content=\"1400\" \/>\n\t<meta property=\"og:image:height\" content=\"1050\" \/>\n\t<meta property=\"og:image:type\" content=\"image\/jpeg\" \/>\n<meta name=\"twitter:card\" content=\"summary_large_image\" \/>\n<meta name=\"twitter:label1\" content=\"Tahmini okuma s\u00fcresi\" \/>\n\t<meta name=\"twitter:data1\" content=\"4 dakika\" \/>\n<script type=\"application\/ld+json\" class=\"yoast-schema-graph\">{\"@context\":\"https:\/\/schema.org\",\"@graph\":[{\"@type\":\"WebPage\",\"@id\":\"https:\/\/sertek.com.tr\/en\/spiro-wheel-exhibit\/\",\"url\":\"https:\/\/sertek.com.tr\/en\/spiro-wheel-exhibit\/\",\"name\":\"Spiro Wheel Exhibit - Sertek Exhibitions\",\"isPartOf\":{\"@id\":\"https:\/\/sertek.com.tr\/en\/#website\"},\"primaryImageOfPage\":{\"@id\":\"https:\/\/sertek.com.tr\/en\/spiro-wheel-exhibit\/#primaryimage\"},\"image\":{\"@id\":\"https:\/\/sertek.com.tr\/en\/spiro-wheel-exhibit\/#primaryimage\"},\"thumbnailUrl\":\"https:\/\/sertek.com.tr\/wp-content\/uploads\/2023\/09\/spiro-wheel.jpeg\",\"datePublished\":\"2023-07-14T07:53:02+00:00\",\"dateModified\":\"2023-11-01T20:15:25+00:00\",\"description\":\"Spiro Wheel, also known as spirograph, is a science center exhibit that bridges the gap between art and mathematics.\",\"breadcrumb\":{\"@id\":\"https:\/\/sertek.com.tr\/en\/spiro-wheel-exhibit\/#breadcrumb\"},\"inLanguage\":\"tr\",\"potentialAction\":[{\"@type\":\"ReadAction\",\"target\":[\"https:\/\/sertek.com.tr\/en\/spiro-wheel-exhibit\/\"]}]},{\"@type\":\"ImageObject\",\"inLanguage\":\"tr\",\"@id\":\"https:\/\/sertek.com.tr\/en\/spiro-wheel-exhibit\/#primaryimage\",\"url\":\"https:\/\/sertek.com.tr\/wp-content\/uploads\/2023\/09\/spiro-wheel.jpeg\",\"contentUrl\":\"https:\/\/sertek.com.tr\/wp-content\/uploads\/2023\/09\/spiro-wheel.jpeg\",\"width\":1400,\"height\":1050,\"caption\":\"Spiro wheel exhibit\"},{\"@type\":\"BreadcrumbList\",\"@id\":\"https:\/\/sertek.com.tr\/en\/spiro-wheel-exhibit\/#breadcrumb\",\"itemListElement\":[{\"@type\":\"ListItem\",\"position\":1,\"name\":\"Home\",\"item\":\"https:\/\/sertek.com.tr\/\"},{\"@type\":\"ListItem\",\"position\":2,\"name\":\"Spiro Wheel Exhibit\"}]},{\"@type\":\"WebSite\",\"@id\":\"https:\/\/sertek.com.tr\/en\/#website\",\"url\":\"https:\/\/sertek.com.tr\/en\/\",\"name\":\"Sertek Exhibitions\",\"description\":\"Sertek Exhibitons\",\"publisher\":{\"@id\":\"https:\/\/sertek.com.tr\/en\/#organization\"},\"potentialAction\":[{\"@type\":\"SearchAction\",\"target\":{\"@type\":\"EntryPoint\",\"urlTemplate\":\"https:\/\/sertek.com.tr\/en\/?s={search_term_string}\"},\"query-input\":{\"@type\":\"PropertyValueSpecification\",\"valueRequired\":true,\"valueName\":\"search_term_string\"}}],\"inLanguage\":\"tr\"},{\"@type\":\"Organization\",\"@id\":\"https:\/\/sertek.com.tr\/en\/#organization\",\"name\":\"Sertek Exhibitions\",\"url\":\"https:\/\/sertek.com.tr\/en\/\",\"logo\":{\"@type\":\"ImageObject\",\"inLanguage\":\"tr\",\"@id\":\"https:\/\/sertek.com.tr\/en\/#\/schema\/logo\/image\/\",\"url\":\"https:\/\/sertek.com.tr\/wp-content\/uploads\/2023\/06\/SertekLogo-1.png\",\"contentUrl\":\"https:\/\/sertek.com.tr\/wp-content\/uploads\/2023\/06\/SertekLogo-1.png\",\"width\":300,\"height\":49,\"caption\":\"Sertek Exhibitions\"},\"image\":{\"@id\":\"https:\/\/sertek.com.tr\/en\/#\/schema\/logo\/image\/\"},\"sameAs\":[\"https:\/\/www.linkedin.com\/company\/sertek-exhibitions\/\"]}]}<\/script>\n<!-- \/ Yoast SEO plugin. -->","yoast_head_json":{"title":"Spiro Wheel Exhibit - Sertek Exhibitions","description":"Spiro Wheel, also known as spirograph, is a science center exhibit that bridges the gap between art and mathematics.","robots":{"index":"index","follow":"follow","max-snippet":"max-snippet:-1","max-image-preview":"max-image-preview:large","max-video-preview":"max-video-preview:-1"},"canonical":"https:\/\/sertek.com.tr\/tr\/spiro-tekerlek-sergisi\/","og_locale":"tr_TR","og_type":"article","og_title":"Spiro Wheel Exhibit - Sertek Exhibitions","og_description":"Spiro Wheel, also known as spirograph, is a science center exhibit that bridges the gap between art and mathematics.","og_url":"https:\/\/sertek.com.tr\/tr\/spiro-tekerlek-sergisi\/","og_site_name":"Sertek Exhibitions","article_modified_time":"2023-11-01T20:15:25+00:00","og_image":[{"width":1400,"height":1050,"url":"https:\/\/sertek.com.tr\/wp-content\/uploads\/2023\/09\/spiro-wheel.jpeg","type":"image\/jpeg"}],"twitter_card":"summary_large_image","twitter_misc":{"Tahmini okuma s\u00fcresi":"4 dakika"},"schema":{"@context":"https:\/\/schema.org","@graph":[{"@type":"WebPage","@id":"https:\/\/sertek.com.tr\/en\/spiro-wheel-exhibit\/","url":"https:\/\/sertek.com.tr\/en\/spiro-wheel-exhibit\/","name":"Spiro Wheel Exhibit - Sertek Exhibitions","isPartOf":{"@id":"https:\/\/sertek.com.tr\/en\/#website"},"primaryImageOfPage":{"@id":"https:\/\/sertek.com.tr\/en\/spiro-wheel-exhibit\/#primaryimage"},"image":{"@id":"https:\/\/sertek.com.tr\/en\/spiro-wheel-exhibit\/#primaryimage"},"thumbnailUrl":"https:\/\/sertek.com.tr\/wp-content\/uploads\/2023\/09\/spiro-wheel.jpeg","datePublished":"2023-07-14T07:53:02+00:00","dateModified":"2023-11-01T20:15:25+00:00","description":"Spiro Wheel, also known as spirograph, is a science center exhibit that bridges the gap between art and mathematics.","breadcrumb":{"@id":"https:\/\/sertek.com.tr\/en\/spiro-wheel-exhibit\/#breadcrumb"},"inLanguage":"tr","potentialAction":[{"@type":"ReadAction","target":["https:\/\/sertek.com.tr\/en\/spiro-wheel-exhibit\/"]}]},{"@type":"ImageObject","inLanguage":"tr","@id":"https:\/\/sertek.com.tr\/en\/spiro-wheel-exhibit\/#primaryimage","url":"https:\/\/sertek.com.tr\/wp-content\/uploads\/2023\/09\/spiro-wheel.jpeg","contentUrl":"https:\/\/sertek.com.tr\/wp-content\/uploads\/2023\/09\/spiro-wheel.jpeg","width":1400,"height":1050,"caption":"Spiro wheel exhibit"},{"@type":"BreadcrumbList","@id":"https:\/\/sertek.com.tr\/en\/spiro-wheel-exhibit\/#breadcrumb","itemListElement":[{"@type":"ListItem","position":1,"name":"Home","item":"https:\/\/sertek.com.tr\/"},{"@type":"ListItem","position":2,"name":"Spiro Wheel Exhibit"}]},{"@type":"WebSite","@id":"https:\/\/sertek.com.tr\/en\/#website","url":"https:\/\/sertek.com.tr\/en\/","name":"Sertek Exhibitions","description":"Sertek Exhibitons","publisher":{"@id":"https:\/\/sertek.com.tr\/en\/#organization"},"potentialAction":[{"@type":"SearchAction","target":{"@type":"EntryPoint","urlTemplate":"https:\/\/sertek.com.tr\/en\/?s={search_term_string}"},"query-input":{"@type":"PropertyValueSpecification","valueRequired":true,"valueName":"search_term_string"}}],"inLanguage":"tr"},{"@type":"Organization","@id":"https:\/\/sertek.com.tr\/en\/#organization","name":"Sertek Exhibitions","url":"https:\/\/sertek.com.tr\/en\/","logo":{"@type":"ImageObject","inLanguage":"tr","@id":"https:\/\/sertek.com.tr\/en\/#\/schema\/logo\/image\/","url":"https:\/\/sertek.com.tr\/wp-content\/uploads\/2023\/06\/SertekLogo-1.png","contentUrl":"https:\/\/sertek.com.tr\/wp-content\/uploads\/2023\/06\/SertekLogo-1.png","width":300,"height":49,"caption":"Sertek Exhibitions"},"image":{"@id":"https:\/\/sertek.com.tr\/en\/#\/schema\/logo\/image\/"},"sameAs":["https:\/\/www.linkedin.com\/company\/sertek-exhibitions\/"]}]}},"jetpack_sharing_enabled":true,"_links":{"self":[{"href":"https:\/\/sertek.com.tr\/tr\/wp-json\/wp\/v2\/pages\/3968","targetHints":{"allow":["GET"]}}],"collection":[{"href":"https:\/\/sertek.com.tr\/tr\/wp-json\/wp\/v2\/pages"}],"about":[{"href":"https:\/\/sertek.com.tr\/tr\/wp-json\/wp\/v2\/types\/page"}],"author":[{"embeddable":true,"href":"https:\/\/sertek.com.tr\/tr\/wp-json\/wp\/v2\/users\/2"}],"replies":[{"embeddable":true,"href":"https:\/\/sertek.com.tr\/tr\/wp-json\/wp\/v2\/comments?post=3968"}],"version-history":[{"count":20,"href":"https:\/\/sertek.com.tr\/tr\/wp-json\/wp\/v2\/pages\/3968\/revisions"}],"predecessor-version":[{"id":7239,"href":"https:\/\/sertek.com.tr\/tr\/wp-json\/wp\/v2\/pages\/3968\/revisions\/7239"}],"wp:featuredmedia":[{"embeddable":true,"href":"https:\/\/sertek.com.tr\/tr\/wp-json\/wp\/v2\/media\/6531"}],"wp:attachment":[{"href":"https:\/\/sertek.com.tr\/tr\/wp-json\/wp\/v2\/media?parent=3968"}],"curies":[{"name":"wp","href":"https:\/\/api.w.org\/{rel}","templated":true}]}}