{"id":3985,"date":"2023-07-14T08:03:58","date_gmt":"2023-07-14T08:03:58","guid":{"rendered":"https:\/\/sertekexhibitions.com\/?page_id=3985"},"modified":"2023-09-06T21:13:34","modified_gmt":"2023-09-06T21:13:34","slug":"art-machine-exhibit","status":"publish","type":"page","link":"https:\/\/sertek.com.tr\/tr\/sanat-makinesi-sergisi\/","title":{"rendered":"Sanat Makinesi Sergisi"},"content":{"rendered":"<div data-elementor-type=\"wp-page\" data-elementor-id=\"3985\" class=\"elementor elementor-3985\" data-elementor-settings=\"{&quot;ha_cmc_init_switcher&quot;:&quot;no&quot;}\">\n\t\t\t\t\t\t<section class=\"elementor-section elementor-top-section elementor-element elementor-element-9f5181a elementor-section-boxed elementor-section-height-default elementor-section-height-default\" data-id=\"9f5181a\" data-element_type=\"section\" data-settings=\"{&quot;_ha_eqh_enable&quot;:false}\">\n\t\t\t\t\t\t<div class=\"elementor-container elementor-column-gap-extended\">\n\t\t\t\t\t<div class=\"elementor-column elementor-col-100 elementor-top-column elementor-element elementor-element-e397ea5\" data-id=\"e397ea5\" data-element_type=\"column\">\n\t\t\t<div class=\"elementor-widget-wrap elementor-element-populated\">\n\t\t\t\t\t\t<section class=\"elementor-section elementor-inner-section elementor-element elementor-element-cbcf2e5 elementor-section-full_width elementor-section-height-default elementor-section-height-default\" data-id=\"cbcf2e5\" data-element_type=\"section\" data-settings=\"{&quot;background_background&quot;:&quot;classic&quot;,&quot;_ha_eqh_enable&quot;:false}\">\n\t\t\t\t\t\t<div class=\"elementor-container elementor-column-gap-wide\">\n\t\t\t\t\t<div class=\"elementor-column elementor-col-50 elementor-inner-column elementor-element elementor-element-ded6129 has-sticky-column\" data-id=\"ded6129\" data-element_type=\"column\">\n\t\t\t<div class=\"elementor-widget-wrap elementor-element-populated\">\n\t\t\t\t\t\t<div class=\"elementor-element elementor-element-0ad2a27 elementor-widget__width-inherit elementor-arrows-position-inside elementor-pagination-position-outside elementor-widget elementor-widget-image-carousel\" data-id=\"0ad2a27\" data-element_type=\"widget\" data-settings=\"{&quot;slides_to_show&quot;:&quot;1&quot;,&quot;navigation&quot;:&quot;both&quot;,&quot;autoplay&quot;:&quot;yes&quot;,&quot;pause_on_hover&quot;:&quot;yes&quot;,&quot;pause_on_interaction&quot;:&quot;yes&quot;,&quot;autoplay_speed&quot;:5000,&quot;infinite&quot;:&quot;yes&quot;,&quot;effect&quot;:&quot;slide&quot;,&quot;speed&quot;:500}\" data-widget_type=\"image-carousel.default\">\n\t\t\t\t<div class=\"elementor-widget-container\">\n\t\t\t\t\t\t\t<div class=\"elementor-image-carousel-wrapper swiper\" role=\"region\" aria-roledescription=\"carousel\" aria-label=\"Resim D\u00f6ng\u00fcs\u00fc\" dir=\"ltr\">\n\t\t\t<div class=\"elementor-image-carousel swiper-wrapper\" aria-live=\"off\">\n\t\t\t\t\t\t\t\t<div class=\"swiper-slide\" role=\"group\" aria-roledescription=\"slide\" aria-label=\"1 \/ 6\"><figure class=\"swiper-slide-inner\"><img decoding=\"async\" class=\"swiper-slide-image\" src=\"https:\/\/sertek.com.tr\/wp-content\/uploads\/elementor\/thumbs\/art_theme-qbxm8n3ihmn2f4lwuvk7kokn4bmnk7ifg8sfue65xk.jpg\" alt=\"sanat makinesi sergisi\" \/><\/figure><\/div><div class=\"swiper-slide\" role=\"group\" aria-roledescription=\"slide\" aria-label=\"2 \/ 6\"><figure class=\"swiper-slide-inner\"><img decoding=\"async\" class=\"swiper-slide-image\" src=\"https:\/\/sertek.com.tr\/wp-content\/uploads\/elementor\/thumbs\/art-machine-qbxm8m5oasls3ina0d5l06t6ixraciep444yd47k3s.jpeg\" alt=\"sanat makinesi sergisi\" \/><\/figure><\/div><div class=\"swiper-slide\" role=\"group\" aria-roledescription=\"slide\" aria-label=\"3 \/ 6\"><figure class=\"swiper-slide-inner\"><img decoding=\"async\" class=\"swiper-slide-image\" src=\"https:\/\/sertek.com.tr\/wp-content\/uploads\/elementor\/thumbs\/AF1QipMmDQcLIt_7EqvvbEiLYTkDCbSvB-RVUrh1mUGSs1354-k-no-qbxm8m5oasls3ina0d5l06t6ixraciep444yd47k3s.jpeg\" alt=\"Sanat Sergisi\" \/><\/figure><\/div><div class=\"swiper-slide\" role=\"group\" aria-roledescription=\"slide\" aria-label=\"4 \/ 6\"><figure class=\"swiper-slide-inner\"><img decoding=\"async\" class=\"swiper-slide-image\" src=\"https:\/\/sertek.com.tr\/wp-content\/uploads\/elementor\/thumbs\/AF1QipMpI89nIYzGXJDBprlmAAbP3Eyzluo_GqZawy98s812-k-no-qbxm8n3ihmn2f4lwuvk7kokn4bmnk7ifg8sfue65xk.jpeg\" alt=\"interaktif sanat makinesi\" \/><\/figure><\/div><div class=\"swiper-slide\" role=\"group\" aria-roledescription=\"slide\" aria-label=\"5 \/ 6\"><figure class=\"swiper-slide-inner\"><img decoding=\"async\" class=\"swiper-slide-image\" src=\"https:\/\/sertek.com.tr\/wp-content\/uploads\/elementor\/thumbs\/AF1QipMTl58_b-ZeemrmReRaUGB8lGhijEFJxXcf8Ywks773-k-no-qbxm8m5oasls3ina0d5l06t6ixraciep444yd47k3s.jpeg\" alt=\"interaktif sanat sergisi\" \/><\/figure><\/div><div class=\"swiper-slide\" role=\"group\" aria-roledescription=\"slide\" aria-label=\"6 \/ 6\"><figure class=\"swiper-slide-inner\"><img decoding=\"async\" class=\"swiper-slide-image\" src=\"https:\/\/sertek.com.tr\/wp-content\/uploads\/elementor\/thumbs\/AF1QipNQixvienV5lB9WnrwI65k2Ikr0sQhHSBIfgrE7s812-k-no-qbxm8m5oasls3ina0d5l06t6ixraciep444yd47k3s.jpeg\" alt=\"sanat makinesi\" \/><\/figure><\/div>\t\t\t<\/div>\n\t\t\t\t\t\t\t\t\t\t\t\t<div class=\"elementor-swiper-button elementor-swiper-button-prev\" role=\"button\" tabindex=\"0\">\n\t\t\t\t\t\t<i aria-hidden=\"true\" class=\"eicon-chevron-left\"><\/i>\t\t\t\t\t<\/div>\n\t\t\t\t\t<div class=\"elementor-swiper-button elementor-swiper-button-next\" role=\"button\" tabindex=\"0\">\n\t\t\t\t\t\t<i aria-hidden=\"true\" class=\"eicon-chevron-right\"><\/i>\t\t\t\t\t<\/div>\n\t\t\t\t\n\t\t\t\t\t\t\t\t\t<div class=\"swiper-pagination\"><\/div>\n\t\t\t\t\t\t\t\t\t<\/div>\n\t\t\t\t\t\t<\/div>\n\t\t\t\t<\/div>\n\t\t\t\t\t<\/div>\n\t\t<\/div>\n\t\t\t\t<div class=\"elementor-column elementor-col-50 elementor-inner-column elementor-element elementor-element-224a038\" data-id=\"224a038\" data-element_type=\"column\">\n\t\t\t<div class=\"elementor-widget-wrap elementor-element-populated\">\n\t\t\t\t\t\t<div class=\"elementor-element elementor-element-e600e19 elementor-widget elementor-widget-heading\" data-id=\"e600e19\" data-element_type=\"widget\" data-widget_type=\"heading.default\">\n\t\t\t\t<div class=\"elementor-widget-container\">\n\t\t\t\t\t<h1 class=\"elementor-heading-title elementor-size-default\">Sanat Makinesi Sergisi<\/h1>\t\t\t\t<\/div>\n\t\t\t\t<\/div>\n\t\t\t\t<div class=\"elementor-element elementor-element-74fff9e elementor-widget elementor-widget-text-editor\" data-id=\"74fff9e\" data-element_type=\"widget\" data-widget_type=\"text-editor.default\">\n\t\t\t\t<div class=\"elementor-widget-container\">\n\t\t\t\t\t\t\t\t\t<p>Art Machine, bilim ve sanat\u0131n evlili\u011fini kutlayan, unutulmaz bir renk ke\u015ffi ve yarat\u0131c\u0131 ifade deneyimi sunan bir sergidir. Ziyaret\u00e7iler renkler, kar\u0131\u015f\u0131mlar ve rotasyonlarla deneyler yapt\u0131k\u00e7a, sanatsal yarat\u0131m\u0131n ard\u0131ndaki bilime dair yeni ke\u015ffedilmi\u015f bir takdirle ayr\u0131l\u0131yorlar.<\/p>\t\t\t\t\t\t\t\t<\/div>\n\t\t\t\t<\/div>\n\t\t\t\t<div class=\"elementor-element elementor-element-edc62bf elementor-widget-divider--view-line elementor-widget elementor-widget-divider\" data-id=\"edc62bf\" data-element_type=\"widget\" data-widget_type=\"divider.default\">\n\t\t\t\t<div class=\"elementor-widget-container\">\n\t\t\t\t\t\t\t<div class=\"elementor-divider\">\n\t\t\t<span class=\"elementor-divider-separator\">\n\t\t\t\t\t\t<\/span>\n\t\t<\/div>\n\t\t\t\t\t\t<\/div>\n\t\t\t\t<\/div>\n\t\t\t\t<div class=\"elementor-element elementor-element-f343f4d elementor-widget elementor-widget-heading\" data-id=\"f343f4d\" data-element_type=\"widget\" data-widget_type=\"heading.default\">\n\t\t\t\t<div class=\"elementor-widget-container\">\n\t\t\t\t\t<h2 class=\"elementor-heading-title elementor-size-default\">Ziyaret\u00e7i Deneyimi<\/h2>\t\t\t\t<\/div>\n\t\t\t\t<\/div>\n\t\t\t\t<div class=\"elementor-element elementor-element-c4ef7fb elementor-widget elementor-widget-text-editor\" data-id=\"c4ef7fb\" data-element_type=\"widget\" data-widget_type=\"text-editor.default\">\n\t\t\t\t<div class=\"elementor-widget-container\">\n\t\t\t\t\t\t\t\t\t<p>Ziyaret\u00e7iler Art Machine sergisine yakla\u015ft\u0131klar\u0131nda, her biri benzersiz bir \u015fekilde k\u0131rm\u0131z\u0131, mavi veya sar\u0131 renkte olan, ger\u00e7ek hayattan daha b\u00fcy\u00fck \u00fc\u00e7 boya aleti nesnesi taraf\u0131ndan kar\u015f\u0131lan\u0131yorlar. Ziyaret\u00e7iler, her biri serbest\u00e7e d\u00f6nd\u00fcr\u00fclebilen bu ara\u00e7lar\u0131 merak ve beklenti duygusuyla kavr\u0131yor.<\/p><p>Ziyaret\u00e7iler se\u00e7ilen boyama arac\u0131n\u0131 ekran\u0131n \u00f6n\u00fcne konumland\u0131rarak ilgili d\u00fc\u011fmeye bas\u0131yor. Yans\u0131t\u0131lan ekran, se\u00e7tikleri canl\u0131 renkle an\u0131nda canlan\u0131yor. Ekran, ziyaret\u00e7ilerin yarat\u0131c\u0131l\u0131klar\u0131n\u0131 geli\u015ftirebilecekleri ve d\u00fc\u011fmeye her bas\u0131\u015flar\u0131nda sanal alanda iz b\u0131rakabilecekleri bir tuvale d\u00f6n\u00fc\u015f\u00fcyor.<\/p><p>Ancak yolculuk burada bitmiyor. Sergi ba\u015fka bir ke\u015fif katman\u0131 sunuyor. Ba\u015fka bir d\u00fc\u011fmeye bas\u0131ld\u0131\u011f\u0131nda ziyaret\u00e7iler ekrandaki sanal boya plakas\u0131n\u0131 d\u00f6nd\u00fcr\u00fcyor. Bu dinamik hareket, ziyaret\u00e7ilerin d\u00f6nen paletin merkezi \u00e7ekiminden etkilenen renklerin etkile\u015fimine tan\u0131kl\u0131k etmesiyle bir sanat ve s\u00fcrpriz unsuru sunuyor. Sonu\u00e7, renklerin harmanlanmas\u0131, kar\u0131\u015ft\u0131r\u0131lmas\u0131 ve birle\u015ftirilmesinden olu\u015fan bir senfonidir; renk teorisinin b\u00fcy\u00fcleyici bir ba\u015fyap\u0131t\u0131d\u0131r.<\/p>\t\t\t\t\t\t\t\t<\/div>\n\t\t\t\t<\/div>\n\t\t\t\t<div class=\"elementor-element elementor-element-a088db2 elementor-widget-divider--view-line elementor-widget elementor-widget-divider\" data-id=\"a088db2\" data-element_type=\"widget\" data-widget_type=\"divider.default\">\n\t\t\t\t<div class=\"elementor-widget-container\">\n\t\t\t\t\t\t\t<div class=\"elementor-divider\">\n\t\t\t<span class=\"elementor-divider-separator\">\n\t\t\t\t\t\t<\/span>\n\t\t<\/div>\n\t\t\t\t\t\t<\/div>\n\t\t\t\t<\/div>\n\t\t\t\t<div class=\"elementor-element elementor-element-9bc289f elementor-widget elementor-widget-heading\" data-id=\"9bc289f\" data-element_type=\"widget\" data-widget_type=\"heading.default\">\n\t\t\t\t<div class=\"elementor-widget-container\">\n\t\t\t\t\t<h2 class=\"elementor-heading-title elementor-size-default\">Art Machine&#039;den \u00d6\u011frenilen Dersler<\/h2>\t\t\t\t<\/div>\n\t\t\t\t<\/div>\n\t\t\t\t<div class=\"elementor-element elementor-element-3cf25e0 elementor-widget elementor-widget-text-editor\" data-id=\"3cf25e0\" data-element_type=\"widget\" data-widget_type=\"text-editor.default\">\n\t\t\t\t<div class=\"elementor-widget-container\">\n\t\t\t\t\t\t\t\t\t<ol><li><p><strong><a href=\"https:\/\/en.wikipedia.org\/wiki\/Color_mixing\" target=\"_blank\" rel=\"noopener\">Renk Kar\u0131\u015f\u0131m\u0131 ve Teorisi<\/a>:<\/strong> Art Machine, renk kar\u0131\u015f\u0131m\u0131 ve teorisi hakk\u0131nda bilgi edinmek i\u00e7in ilgi \u00e7ekici bir platform g\u00f6revi g\u00f6r\u00fcyor. Ziyaret\u00e7iler ana renkleri (k\u0131rm\u0131z\u0131, mavi ve sar\u0131) deneyerek bunlar\u0131n nas\u0131l bir araya gelerek ikincil renklerden olu\u015fan bir spektrum olu\u015fturdu\u011funa ilk elden tan\u0131k oluyor.<\/p><\/li><li><p><strong>Sanat\u0131n Uygulamal\u0131 Ke\u015ffi:<\/strong> Sergi uygulamal\u0131 sanatsal ara\u015ft\u0131rmay\u0131 te\u015fvik ediyor. Ziyaret\u00e7iler kendilerini renk se\u00e7imleriyle ifade eden ve etkile\u015fimlerinin dinamik sonu\u00e7lar\u0131na tan\u0131k olan aktif yarat\u0131c\u0131lar haline geliyor.<\/p><\/li><li><p><strong>Yarat\u0131c\u0131 a\u00e7\u0131klama:<\/strong> Ziyaret\u00e7ilerin kendi sanal sanat eserlerini olu\u015fturmalar\u0131na olanak tan\u0131yan sergi, yarat\u0131c\u0131 ifadeyi ve sanatsal kat\u0131l\u0131m\u0131 te\u015fvik ediyor. Kat\u0131l\u0131mc\u0131lara i\u00e7lerindeki sanat\u00e7\u0131lar\u0131 ortaya \u00e7\u0131karma ve sanatsal yarat\u0131m\u0131n tatminini deneyimleme g\u00fcc\u00fc verir.<\/p><\/li><li><p><strong>Renk Hareketini Anlamak:<\/strong> D\u00f6nen sanal boya plakas\u0131, ziyaret\u00e7ilere renk hareketi kavram\u0131n\u0131 ve bunun sanat \u00fczerindeki etkisini tan\u0131t\u0131yor. Renklerin nas\u0131l de\u011fi\u015fti\u011fini ve birle\u015fti\u011fini g\u00f6zlemleyerek g\u00f6rsel kompozisyonlar\u0131n dinamikleri hakk\u0131nda fikir sahibi oluyorlar.<\/p><\/li><\/ol>\t\t\t\t\t\t\t\t<\/div>\n\t\t\t\t<\/div>\n\t\t\t\t<div class=\"elementor-element elementor-element-8d3f585 elementor-widget-divider--view-line elementor-widget elementor-widget-divider\" data-id=\"8d3f585\" data-element_type=\"widget\" data-widget_type=\"divider.default\">\n\t\t\t\t<div class=\"elementor-widget-container\">\n\t\t\t\t\t\t\t<div class=\"elementor-divider\">\n\t\t\t<span class=\"elementor-divider-separator\">\n\t\t\t\t\t\t<\/span>\n\t\t<\/div>\n\t\t\t\t\t\t<\/div>\n\t\t\t\t<\/div>\n\t\t\t\t<div class=\"elementor-element elementor-element-1d541f5 elementor-widget elementor-widget-heading\" data-id=\"1d541f5\" data-element_type=\"widget\" data-widget_type=\"heading.default\">\n\t\t\t\t<div class=\"elementor-widget-container\">\n\t\t\t\t\t<h2 class=\"elementor-heading-title elementor-size-default\">Hedef Ya\u015f<\/h2>\t\t\t\t<\/div>\n\t\t\t\t<\/div>\n\t\t\t\t<div class=\"elementor-element elementor-element-ff80ded elementor-icon-list--layout-traditional elementor-list-item-link-full_width elementor-widget elementor-widget-icon-list\" data-id=\"ff80ded\" data-element_type=\"widget\" data-widget_type=\"icon-list.default\">\n\t\t\t\t<div class=\"elementor-widget-container\">\n\t\t\t\t\t\t\t<ul class=\"elementor-icon-list-items\">\n\t\t\t\t\t\t\t<li class=\"elementor-icon-list-item\">\n\t\t\t\t\t\t\t\t\t\t\t<span class=\"elementor-icon-list-icon\">\n\t\t\t\t\t\t\t<i aria-hidden=\"true\" class=\"fas fa-check\"><\/i>\t\t\t\t\t\t<\/span>\n\t\t\t\t\t\t\t\t\t\t<span class=\"elementor-icon-list-text\">Her ya\u015ftan<\/span>\n\t\t\t\t\t\t\t\t\t<\/li>\n\t\t\t\t\t\t<\/ul>\n\t\t\t\t\t\t<\/div>\n\t\t\t\t<\/div>\n\t\t\t\t<div class=\"elementor-element elementor-element-1ee24ff elementor-widget-divider--view-line elementor-widget elementor-widget-divider\" data-id=\"1ee24ff\" data-element_type=\"widget\" data-widget_type=\"divider.default\">\n\t\t\t\t<div class=\"elementor-widget-container\">\n\t\t\t\t\t\t\t<div class=\"elementor-divider\">\n\t\t\t<span class=\"elementor-divider-separator\">\n\t\t\t\t\t\t<\/span>\n\t\t<\/div>\n\t\t\t\t\t\t<\/div>\n\t\t\t\t<\/div>\n\t\t\t\t<div class=\"elementor-element elementor-element-9d91a2f elementor-widget elementor-widget-heading\" data-id=\"9d91a2f\" data-element_type=\"widget\" data-widget_type=\"heading.default\">\n\t\t\t\t<div class=\"elementor-widget-container\">\n\t\t\t\t\t<h2 class=\"elementor-heading-title elementor-size-default\">Uygulanabilir Temalar<\/h2>\t\t\t\t<\/div>\n\t\t\t\t<\/div>\n\t\t\t\t<div class=\"elementor-element elementor-element-16120bd elementor-icon-list--layout-traditional elementor-list-item-link-full_width elementor-widget elementor-widget-icon-list\" data-id=\"16120bd\" data-element_type=\"widget\" data-widget_type=\"icon-list.default\">\n\t\t\t\t<div class=\"elementor-widget-container\">\n\t\t\t\t\t\t\t<ul class=\"elementor-icon-list-items\">\n\t\t\t\t\t\t\t<li class=\"elementor-icon-list-item\">\n\t\t\t\t\t\t\t\t\t\t\t<a href=\"https:\/\/sertek.com.tr\/tr\/sanat-temali-sergiler\/\">\n\n\t\t\t\t\t\t\t\t\t\t\t\t<span class=\"elementor-icon-list-icon\">\n\t\t\t\t\t\t\t<i aria-hidden=\"true\" class=\"fas fa-paint-brush\"><\/i>\t\t\t\t\t\t<\/span>\n\t\t\t\t\t\t\t\t\t\t<span class=\"elementor-icon-list-text\">Sanat<\/span>\n\t\t\t\t\t\t\t\t\t\t\t<\/a>\n\t\t\t\t\t\t\t\t\t<\/li>\n\t\t\t\t\t\t\t\t<li class=\"elementor-icon-list-item\">\n\t\t\t\t\t\t\t\t\t\t\t<a href=\"https:\/\/sertek.com.tr\/tr\/fizik-temali-sergiler\/\">\n\n\t\t\t\t\t\t\t\t\t\t\t\t<span class=\"elementor-icon-list-icon\">\n\t\t\t\t\t\t\t<i aria-hidden=\"true\" class=\"fab fa-react\"><\/i>\t\t\t\t\t\t<\/span>\n\t\t\t\t\t\t\t\t\t\t<span class=\"elementor-icon-list-text\">Fizik<\/span>\n\t\t\t\t\t\t\t\t\t\t\t<\/a>\n\t\t\t\t\t\t\t\t\t<\/li>\n\t\t\t\t\t\t<\/ul>\n\t\t\t\t\t\t<\/div>\n\t\t\t\t<\/div>\n\t\t\t\t\t<\/div>\n\t\t<\/div>\n\t\t\t\t\t<\/div>\n\t\t<\/section>\n\t\t\t\t<div class=\"elementor-element elementor-element-b458126 elementor-widget elementor-widget-spacer\" data-id=\"b458126\" data-element_type=\"widget\" data-widget_type=\"spacer.default\">\n\t\t\t\t<div class=\"elementor-widget-container\">\n\t\t\t\t\t\t\t<div class=\"elementor-spacer\">\n\t\t\t<div class=\"elementor-spacer-inner\"><\/div>\n\t\t<\/div>\n\t\t\t\t\t\t<\/div>\n\t\t\t\t<\/div>\n\t\t\t\t\t<\/div>\n\t\t<\/div>\n\t\t\t\t\t<\/div>\n\t\t<\/section>\n\t\t\t\t<\/div>","protected":false},"excerpt":{"rendered":"<p>Sanat Makinesi Sergisi Sanat Makinesi, bilim ve sanat\u0131n evlili\u011fini kutlayan, unutulmaz bir renk ke\u015ffi ve deneyimi sunan bir sergidir [\u2026]<\/p>","protected":false},"author":2,"featured_media":0,"parent":0,"menu_order":0,"comment_status":"closed","ping_status":"closed","template":"page-custom.php","meta":{"om_disable_all_campaigns":false,"_monsterinsights_skip_tracking":false,"_monsterinsights_sitenote_active":false,"_monsterinsights_sitenote_note":"","_monsterinsights_sitenote_category":0,"_uf_show_specific_survey":0,"_uf_disable_surveys":false,"footnotes":""},"class_list":["post-3985","page","type-page","status-publish","hentry"],"acf":{"full_width":false,"header_transparent":false,"header_white":false},"aioseo_notices":[],"yoast_head":"<!-- This site is optimized with the Yoast SEO plugin v26.9 - https:\/\/yoast.com\/product\/yoast-seo-wordpress\/ -->\n<title>Art Machine Exhibit - Sertek Exhibitions<\/title>\n<meta name=\"description\" content=\"Art Machine is an exhibit which offers an unforgettable experience of color exploration and creative expression.\" \/>\n<meta name=\"robots\" content=\"index, follow, max-snippet:-1, max-image-preview:large, max-video-preview:-1\" \/>\n<link rel=\"canonical\" href=\"https:\/\/sertek.com.tr\/tr\/sanat-makinesi-sergisi\/\" \/>\n<meta property=\"og:locale\" content=\"tr_TR\" \/>\n<meta property=\"og:type\" content=\"article\" \/>\n<meta property=\"og:title\" content=\"Art Machine Exhibit - Sertek Exhibitions\" \/>\n<meta property=\"og:description\" content=\"Art Machine is an exhibit which offers an unforgettable experience of color exploration and creative expression.\" \/>\n<meta property=\"og:url\" content=\"https:\/\/sertek.com.tr\/tr\/sanat-makinesi-sergisi\/\" \/>\n<meta property=\"og:site_name\" content=\"Sertek Exhibitions\" \/>\n<meta property=\"article:modified_time\" content=\"2023-09-06T21:13:34+00:00\" \/>\n<meta property=\"og:image\" content=\"https:\/\/sertek.com.tr\/wp-content\/uploads\/elementor\/thumbs\/art_theme-qbxm8n3ihmn2f4lwuvk7kokn4bmnk7ifg8sfue65xk.jpg\" \/>\n<meta name=\"twitter:card\" content=\"summary_large_image\" \/>\n<meta name=\"twitter:label1\" content=\"Tahmini okuma s\u00fcresi\" \/>\n\t<meta name=\"twitter:data1\" content=\"4 dakika\" \/>\n<script type=\"application\/ld+json\" class=\"yoast-schema-graph\">{\"@context\":\"https:\/\/schema.org\",\"@graph\":[{\"@type\":\"WebPage\",\"@id\":\"https:\/\/sertek.com.tr\/art-machine-exhibit\/\",\"url\":\"https:\/\/sertek.com.tr\/art-machine-exhibit\/\",\"name\":\"Art Machine Exhibit - Sertek Exhibitions\",\"isPartOf\":{\"@id\":\"https:\/\/sertek.com.tr\/en\/#website\"},\"primaryImageOfPage\":{\"@id\":\"https:\/\/sertek.com.tr\/art-machine-exhibit\/#primaryimage\"},\"image\":{\"@id\":\"https:\/\/sertek.com.tr\/art-machine-exhibit\/#primaryimage\"},\"thumbnailUrl\":\"https:\/\/sertek.com.tr\/wp-content\/uploads\/elementor\/thumbs\/art_theme-qbxm8n3ihmn2f4lwuvk7kokn4bmnk7ifg8sfue65xk.jpg\",\"datePublished\":\"2023-07-14T08:03:58+00:00\",\"dateModified\":\"2023-09-06T21:13:34+00:00\",\"description\":\"Art Machine is an exhibit which offers an unforgettable experience of color exploration and creative expression.\",\"breadcrumb\":{\"@id\":\"https:\/\/sertek.com.tr\/art-machine-exhibit\/#breadcrumb\"},\"inLanguage\":\"tr\",\"potentialAction\":[{\"@type\":\"ReadAction\",\"target\":[\"https:\/\/sertek.com.tr\/art-machine-exhibit\/\"]}]},{\"@type\":\"ImageObject\",\"inLanguage\":\"tr\",\"@id\":\"https:\/\/sertek.com.tr\/art-machine-exhibit\/#primaryimage\",\"url\":\"https:\/\/sertek.com.tr\/wp-content\/uploads\/elementor\/thumbs\/art_theme-qbxm8n3ihmn2f4lwuvk7kokn4bmnk7ifg8sfue65xk.jpg\",\"contentUrl\":\"https:\/\/sertek.com.tr\/wp-content\/uploads\/elementor\/thumbs\/art_theme-qbxm8n3ihmn2f4lwuvk7kokn4bmnk7ifg8sfue65xk.jpg\"},{\"@type\":\"BreadcrumbList\",\"@id\":\"https:\/\/sertek.com.tr\/art-machine-exhibit\/#breadcrumb\",\"itemListElement\":[{\"@type\":\"ListItem\",\"position\":1,\"name\":\"Home\",\"item\":\"https:\/\/sertek.com.tr\/\"},{\"@type\":\"ListItem\",\"position\":2,\"name\":\"Art Machine Exhibit\"}]},{\"@type\":\"WebSite\",\"@id\":\"https:\/\/sertek.com.tr\/en\/#website\",\"url\":\"https:\/\/sertek.com.tr\/en\/\",\"name\":\"Sertek Exhibitions\",\"description\":\"Sertek Exhibitons\",\"publisher\":{\"@id\":\"https:\/\/sertek.com.tr\/en\/#organization\"},\"potentialAction\":[{\"@type\":\"SearchAction\",\"target\":{\"@type\":\"EntryPoint\",\"urlTemplate\":\"https:\/\/sertek.com.tr\/en\/?s={search_term_string}\"},\"query-input\":{\"@type\":\"PropertyValueSpecification\",\"valueRequired\":true,\"valueName\":\"search_term_string\"}}],\"inLanguage\":\"tr\"},{\"@type\":\"Organization\",\"@id\":\"https:\/\/sertek.com.tr\/en\/#organization\",\"name\":\"Sertek Exhibitions\",\"url\":\"https:\/\/sertek.com.tr\/en\/\",\"logo\":{\"@type\":\"ImageObject\",\"inLanguage\":\"tr\",\"@id\":\"https:\/\/sertek.com.tr\/en\/#\/schema\/logo\/image\/\",\"url\":\"https:\/\/sertek.com.tr\/wp-content\/uploads\/2023\/06\/SertekLogo-1.png\",\"contentUrl\":\"https:\/\/sertek.com.tr\/wp-content\/uploads\/2023\/06\/SertekLogo-1.png\",\"width\":300,\"height\":49,\"caption\":\"Sertek Exhibitions\"},\"image\":{\"@id\":\"https:\/\/sertek.com.tr\/en\/#\/schema\/logo\/image\/\"},\"sameAs\":[\"https:\/\/www.linkedin.com\/company\/sertek-exhibitions\/\"]}]}<\/script>\n<!-- \/ Yoast SEO plugin. -->","yoast_head_json":{"title":"Art Machine Exhibit - Sertek Exhibitions","description":"Art Machine is an exhibit which offers an unforgettable experience of color exploration and creative expression.","robots":{"index":"index","follow":"follow","max-snippet":"max-snippet:-1","max-image-preview":"max-image-preview:large","max-video-preview":"max-video-preview:-1"},"canonical":"https:\/\/sertek.com.tr\/tr\/sanat-makinesi-sergisi\/","og_locale":"tr_TR","og_type":"article","og_title":"Art Machine Exhibit - Sertek Exhibitions","og_description":"Art Machine is an exhibit which offers an unforgettable experience of color exploration and creative expression.","og_url":"https:\/\/sertek.com.tr\/tr\/sanat-makinesi-sergisi\/","og_site_name":"Sertek Exhibitions","article_modified_time":"2023-09-06T21:13:34+00:00","og_image":[{"url":"https:\/\/sertek.com.tr\/wp-content\/uploads\/elementor\/thumbs\/art_theme-qbxm8n3ihmn2f4lwuvk7kokn4bmnk7ifg8sfue65xk.jpg","type":"","width":"","height":""}],"twitter_card":"summary_large_image","twitter_misc":{"Tahmini okuma s\u00fcresi":"4 dakika"},"schema":{"@context":"https:\/\/schema.org","@graph":[{"@type":"WebPage","@id":"https:\/\/sertek.com.tr\/art-machine-exhibit\/","url":"https:\/\/sertek.com.tr\/art-machine-exhibit\/","name":"Art Machine Exhibit - Sertek Exhibitions","isPartOf":{"@id":"https:\/\/sertek.com.tr\/en\/#website"},"primaryImageOfPage":{"@id":"https:\/\/sertek.com.tr\/art-machine-exhibit\/#primaryimage"},"image":{"@id":"https:\/\/sertek.com.tr\/art-machine-exhibit\/#primaryimage"},"thumbnailUrl":"https:\/\/sertek.com.tr\/wp-content\/uploads\/elementor\/thumbs\/art_theme-qbxm8n3ihmn2f4lwuvk7kokn4bmnk7ifg8sfue65xk.jpg","datePublished":"2023-07-14T08:03:58+00:00","dateModified":"2023-09-06T21:13:34+00:00","description":"Art Machine is an exhibit which offers an unforgettable experience of color exploration and creative expression.","breadcrumb":{"@id":"https:\/\/sertek.com.tr\/art-machine-exhibit\/#breadcrumb"},"inLanguage":"tr","potentialAction":[{"@type":"ReadAction","target":["https:\/\/sertek.com.tr\/art-machine-exhibit\/"]}]},{"@type":"ImageObject","inLanguage":"tr","@id":"https:\/\/sertek.com.tr\/art-machine-exhibit\/#primaryimage","url":"https:\/\/sertek.com.tr\/wp-content\/uploads\/elementor\/thumbs\/art_theme-qbxm8n3ihmn2f4lwuvk7kokn4bmnk7ifg8sfue65xk.jpg","contentUrl":"https:\/\/sertek.com.tr\/wp-content\/uploads\/elementor\/thumbs\/art_theme-qbxm8n3ihmn2f4lwuvk7kokn4bmnk7ifg8sfue65xk.jpg"},{"@type":"BreadcrumbList","@id":"https:\/\/sertek.com.tr\/art-machine-exhibit\/#breadcrumb","itemListElement":[{"@type":"ListItem","position":1,"name":"Home","item":"https:\/\/sertek.com.tr\/"},{"@type":"ListItem","position":2,"name":"Art Machine Exhibit"}]},{"@type":"WebSite","@id":"https:\/\/sertek.com.tr\/en\/#website","url":"https:\/\/sertek.com.tr\/en\/","name":"Sertek Exhibitions","description":"Sertek Exhibitons","publisher":{"@id":"https:\/\/sertek.com.tr\/en\/#organization"},"potentialAction":[{"@type":"SearchAction","target":{"@type":"EntryPoint","urlTemplate":"https:\/\/sertek.com.tr\/en\/?s={search_term_string}"},"query-input":{"@type":"PropertyValueSpecification","valueRequired":true,"valueName":"search_term_string"}}],"inLanguage":"tr"},{"@type":"Organization","@id":"https:\/\/sertek.com.tr\/en\/#organization","name":"Sertek Exhibitions","url":"https:\/\/sertek.com.tr\/en\/","logo":{"@type":"ImageObject","inLanguage":"tr","@id":"https:\/\/sertek.com.tr\/en\/#\/schema\/logo\/image\/","url":"https:\/\/sertek.com.tr\/wp-content\/uploads\/2023\/06\/SertekLogo-1.png","contentUrl":"https:\/\/sertek.com.tr\/wp-content\/uploads\/2023\/06\/SertekLogo-1.png","width":300,"height":49,"caption":"Sertek Exhibitions"},"image":{"@id":"https:\/\/sertek.com.tr\/en\/#\/schema\/logo\/image\/"},"sameAs":["https:\/\/www.linkedin.com\/company\/sertek-exhibitions\/"]}]}},"jetpack_sharing_enabled":true,"_links":{"self":[{"href":"https:\/\/sertek.com.tr\/tr\/wp-json\/wp\/v2\/pages\/3985","targetHints":{"allow":["GET"]}}],"collection":[{"href":"https:\/\/sertek.com.tr\/tr\/wp-json\/wp\/v2\/pages"}],"about":[{"href":"https:\/\/sertek.com.tr\/tr\/wp-json\/wp\/v2\/types\/page"}],"author":[{"embeddable":true,"href":"https:\/\/sertek.com.tr\/tr\/wp-json\/wp\/v2\/users\/2"}],"replies":[{"embeddable":true,"href":"https:\/\/sertek.com.tr\/tr\/wp-json\/wp\/v2\/comments?post=3985"}],"version-history":[{"count":20,"href":"https:\/\/sertek.com.tr\/tr\/wp-json\/wp\/v2\/pages\/3985\/revisions"}],"predecessor-version":[{"id":6673,"href":"https:\/\/sertek.com.tr\/tr\/wp-json\/wp\/v2\/pages\/3985\/revisions\/6673"}],"wp:attachment":[{"href":"https:\/\/sertek.com.tr\/tr\/wp-json\/wp\/v2\/media?parent=3985"}],"curies":[{"name":"wp","href":"https:\/\/api.w.org\/{rel}","templated":true}]}}