{"id":4314,"date":"2023-07-22T06:25:04","date_gmt":"2023-07-22T06:25:04","guid":{"rendered":"https:\/\/sertekexhibitions.com\/?page_id=4314"},"modified":"2023-10-04T19:26:36","modified_gmt":"2023-10-04T19:26:36","slug":"foggy-soap-bubbles-exhibit","status":"publish","type":"page","link":"https:\/\/sertek.com.tr\/tr\/sisli-sabun-kopukleri-sergi\/","title":{"rendered":"Sisli Sabun K\u00f6p\u00fc\u011f\u00fc Sergisi"},"content":{"rendered":"<div data-elementor-type=\"wp-page\" data-elementor-id=\"4314\" class=\"elementor elementor-4314\" data-elementor-settings=\"{&quot;ha_cmc_init_switcher&quot;:&quot;no&quot;}\">\n\t\t\t\t\t\t<section class=\"elementor-section elementor-top-section elementor-element elementor-element-9f5181a elementor-section-boxed elementor-section-height-default elementor-section-height-default\" data-id=\"9f5181a\" data-element_type=\"section\" data-settings=\"{&quot;_ha_eqh_enable&quot;:false}\">\n\t\t\t\t\t\t<div class=\"elementor-container elementor-column-gap-extended\">\n\t\t\t\t\t<div class=\"elementor-column elementor-col-100 elementor-top-column elementor-element elementor-element-e397ea5\" data-id=\"e397ea5\" data-element_type=\"column\">\n\t\t\t<div class=\"elementor-widget-wrap elementor-element-populated\">\n\t\t\t\t\t\t<section class=\"elementor-section elementor-inner-section elementor-element elementor-element-37ec45f elementor-section-full_width elementor-section-height-default elementor-section-height-default\" data-id=\"37ec45f\" data-element_type=\"section\" data-settings=\"{&quot;background_background&quot;:&quot;classic&quot;,&quot;_ha_eqh_enable&quot;:false}\">\n\t\t\t\t\t\t<div class=\"elementor-container elementor-column-gap-wide\">\n\t\t\t\t\t<div class=\"elementor-column elementor-col-50 elementor-inner-column elementor-element elementor-element-4673e72 has-sticky-column\" data-id=\"4673e72\" data-element_type=\"column\">\n\t\t\t<div class=\"elementor-widget-wrap elementor-element-populated\">\n\t\t\t\t\t\t<div class=\"elementor-element elementor-element-085fe4c elementor-widget__width-inherit elementor-arrows-position-inside elementor-pagination-position-outside elementor-widget elementor-widget-image-carousel\" data-id=\"085fe4c\" data-element_type=\"widget\" data-settings=\"{&quot;slides_to_show&quot;:&quot;1&quot;,&quot;navigation&quot;:&quot;both&quot;,&quot;autoplay&quot;:&quot;yes&quot;,&quot;pause_on_hover&quot;:&quot;yes&quot;,&quot;pause_on_interaction&quot;:&quot;yes&quot;,&quot;autoplay_speed&quot;:5000,&quot;infinite&quot;:&quot;yes&quot;,&quot;effect&quot;:&quot;slide&quot;,&quot;speed&quot;:500}\" data-widget_type=\"image-carousel.default\">\n\t\t\t\t<div class=\"elementor-widget-container\">\n\t\t\t\t\t\t\t<div class=\"elementor-image-carousel-wrapper swiper\" role=\"region\" aria-roledescription=\"carousel\" aria-label=\"Resim D\u00f6ng\u00fcs\u00fc\" dir=\"ltr\">\n\t\t\t<div class=\"elementor-image-carousel swiper-wrapper\" aria-live=\"off\">\n\t\t\t\t\t\t\t\t<div class=\"swiper-slide\" role=\"group\" aria-roledescription=\"slide\" aria-label=\"1 \/ 1\"><figure class=\"swiper-slide-inner\"><img decoding=\"async\" class=\"swiper-slide-image\" src=\"https:\/\/sertek.com.tr\/wp-content\/uploads\/elementor\/thumbs\/Foggy-Soap-Bubbles-2-qbxm8n3ihmn2f4lwuvk7kokn4bmnk7ifg8sfue65xk.jpg\" alt=\"Sisli Sabun K\u00f6p\u00fc\u011f\u00fc-2\" \/><\/figure><\/div>\t\t\t<\/div>\n\t\t\t\t\t<\/div>\n\t\t\t\t\t\t<\/div>\n\t\t\t\t<\/div>\n\t\t\t\t\t<\/div>\n\t\t<\/div>\n\t\t\t\t<div class=\"elementor-column elementor-col-50 elementor-inner-column elementor-element elementor-element-c26c85c\" data-id=\"c26c85c\" data-element_type=\"column\">\n\t\t\t<div class=\"elementor-widget-wrap elementor-element-populated\">\n\t\t\t\t\t\t<div class=\"elementor-element elementor-element-5a22d92 elementor-widget elementor-widget-heading\" data-id=\"5a22d92\" data-element_type=\"widget\" data-widget_type=\"heading.default\">\n\t\t\t\t<div class=\"elementor-widget-container\">\n\t\t\t\t\t<h1 class=\"elementor-heading-title elementor-size-default\">Sisli Sabun K\u00f6p\u00fc\u011f\u00fc Sergisi<\/h1>\t\t\t\t<\/div>\n\t\t\t\t<\/div>\n\t\t\t\t<div class=\"elementor-element elementor-element-ea690a4 elementor-widget elementor-widget-text-editor\" data-id=\"ea690a4\" data-element_type=\"widget\" data-widget_type=\"text-editor.default\">\n\t\t\t\t<div class=\"elementor-widget-container\">\n\t\t\t\t\t\t\t\t\t<p>Sertek'in bilim merkezleri, bilim m\u00fczeleri, \u00e7ocuk m\u00fczeleri, interaktif \u00f6\u011frenme merkezleri ve temal\u0131 ortamlar\u0131 b\u00fcy\u00fclemek i\u00e7in tasarlad\u0131\u011f\u0131 b\u00fcy\u00fcleyici eser Sisli Sabun K\u00f6p\u00fc\u011f\u00fc sergisiyle kar\u015f\u0131n\u0131zday\u0131z. Bu etkile\u015fimli enstalasyon, her ya\u015ftan ziyaret\u00e7iyi sis ve ilgin\u00e7 baloncuklarla dolu bir d\u00fcnyaya dalmaya davet ediyor ve ke\u015fif ve ke\u015fif odakl\u0131 e\u011fitim ortamlar\u0131n\u0131n yan\u0131 s\u0131ra s\u00fcr\u00fckleyici deneyimler yaratmay\u0131 ama\u00e7layan temal\u0131 turistik mekanlar i\u00e7in b\u00fcy\u00fcleyici bir katk\u0131 sunuyor.<\/p>\t\t\t\t\t\t\t\t<\/div>\n\t\t\t\t<\/div>\n\t\t\t\t<div class=\"elementor-element elementor-element-5132665 elementor-widget-divider--view-line elementor-widget elementor-widget-divider\" data-id=\"5132665\" data-element_type=\"widget\" data-widget_type=\"divider.default\">\n\t\t\t\t<div class=\"elementor-widget-container\">\n\t\t\t\t\t\t\t<div class=\"elementor-divider\">\n\t\t\t<span class=\"elementor-divider-separator\">\n\t\t\t\t\t\t<\/span>\n\t\t<\/div>\n\t\t\t\t\t\t<\/div>\n\t\t\t\t<\/div>\n\t\t\t\t<div class=\"elementor-element elementor-element-5275f1d elementor-widget elementor-widget-heading\" data-id=\"5275f1d\" data-element_type=\"widget\" data-widget_type=\"heading.default\">\n\t\t\t\t<div class=\"elementor-widget-container\">\n\t\t\t\t\t<h2 class=\"elementor-heading-title elementor-size-default\">Ziyaret\u00e7i Deneyimi<\/h2>\t\t\t\t<\/div>\n\t\t\t\t<\/div>\n\t\t\t\t<div class=\"elementor-element elementor-element-ca9e499 elementor-widget elementor-widget-text-editor\" data-id=\"ca9e499\" data-element_type=\"widget\" data-widget_type=\"text-editor.default\">\n\t\t\t\t<div class=\"elementor-widget-container\">\n\t\t\t\t\t\t\t\t\t<p>Sisli Sabun K\u00f6p\u00fc\u011f\u00fc sergisiyle kar\u015f\u0131la\u015ft\u0131\u011f\u0131n\u0131zda sisli bir harikalar diyar\u0131na ad\u0131m at\u0131n. Bu b\u00fcy\u00fcleyici deneyim, ziyaret\u00e7ilerin \u00e7e\u015fitli boyutlarda kendi sisli sabun k\u00f6p\u00fcklerini olu\u015fturmak i\u00e7in bir dizi hortum kullanarak baloncuk zanaatkarlar\u0131 olmalar\u0131n\u0131 sa\u011flar. Sergiyle ilgilenirken, sis ve sabunun birle\u015fip s\u0131radanl\u0131\u011fa meydan okuyan ruhani baloncuklar yaratmas\u0131n\u0131 hayranl\u0131kla izleyin.<\/p><p>Her biri baloncuk yapma maceran\u0131za benzersiz bir dokunu\u015f sunan \u00e7e\u015fitli hortumlar aras\u0131ndan se\u00e7im yap\u0131n. Basit bir s\u0131kma veya hafif bir nefes ile, d\u00fcnya d\u0131\u015f\u0131 bir sisle par\u0131ldayan baloncuklar\u0131n olu\u015fumuna tan\u0131k olun. Minyat\u00fcr k\u00fcrelerden geni\u015f k\u00fcrelere kadar olas\u0131l\u0131klar hayal g\u00fcc\u00fcn\u00fcz kadar s\u0131n\u0131rs\u0131zd\u0131r.<\/p><p>Sisli Sabun K\u00f6p\u00fc\u011f\u00fc sergisi, balon yapma eylemini interaktif bir yolculu\u011fa d\u00f6n\u00fc\u015ft\u00fcrerek gen\u00e7 ve ya\u015fl\u0131 ziyaret\u00e7ilerin merak\u0131n\u0131 ve hayranl\u0131\u011f\u0131n\u0131 \u00e7ekiyor. \u0130ster sisli kreasyonlar\u0131n\u0131z\u0131 yaratman\u0131n keyfi ister sis ve sabunun b\u00fcy\u00fcleyici etkile\u015fimine tan\u0131k olman\u0131n heyecan\u0131 olsun, bu sergi duyular\u0131 harekete ge\u00e7iren ve merak uyand\u0131ran bir deneyim sunuyor.<\/p>\t\t\t\t\t\t\t\t<\/div>\n\t\t\t\t<\/div>\n\t\t\t\t<div class=\"elementor-element elementor-element-39c5a34 elementor-widget-divider--view-line elementor-widget elementor-widget-divider\" data-id=\"39c5a34\" data-element_type=\"widget\" data-widget_type=\"divider.default\">\n\t\t\t\t<div class=\"elementor-widget-container\">\n\t\t\t\t\t\t\t<div class=\"elementor-divider\">\n\t\t\t<span class=\"elementor-divider-separator\">\n\t\t\t\t\t\t<\/span>\n\t\t<\/div>\n\t\t\t\t\t\t<\/div>\n\t\t\t\t<\/div>\n\t\t\t\t<div class=\"elementor-element elementor-element-4537736 elementor-widget elementor-widget-heading\" data-id=\"4537736\" data-element_type=\"widget\" data-widget_type=\"heading.default\">\n\t\t\t\t<div class=\"elementor-widget-container\">\n\t\t\t\t\t<h2 class=\"elementor-heading-title elementor-size-default\">\u00d6ne \u00c7\u0131kan \u00d6zellikler<\/h2>\t\t\t\t<\/div>\n\t\t\t\t<\/div>\n\t\t\t\t<div class=\"elementor-element elementor-element-13a226d elementor-widget elementor-widget-text-editor\" data-id=\"13a226d\" data-element_type=\"widget\" data-widget_type=\"text-editor.default\">\n\t\t\t\t<div class=\"elementor-widget-container\">\n\t\t\t\t\t\t\t\t\t<ol><li><a href=\"https:\/\/en.wikipedia.org\/wiki\/Experiential_learning\" target=\"_blank\" rel=\"noopener\"><strong>Uygulamal\u0131 Ke\u015fif:<\/strong><\/a> Sisli Sabun K\u00f6p\u00fc\u011f\u00fc sergisi, uygulamal\u0131 ke\u015ffetmenin g\u00fcc\u00fcn\u00fc \u00f6rnekliyor. Ziyaret\u00e7iler, hortumlarla aktif olarak ilgilenerek ve sonucu g\u00f6zlemleyerek hava ak\u0131\u015f\u0131, y\u00fczey gerilimi ve kabarc\u0131k dinami\u011fi gibi bilimsel kavramlar\u0131 deneysel ve somut bir \u015fekilde kavrarlar.<\/li><li><strong>A\u00e7\u0131k U\u00e7lu Deneyim:<\/strong> Ziyaret\u00e7ileri kendi sisli sabun k\u00f6p\u00fc\u011f\u00fcn\u00fc yapmaya te\u015fvik etmek, yarat\u0131c\u0131l\u0131\u011f\u0131 ve yarat\u0131c\u0131 d\u00fc\u015f\u00fcnmeyi besler. Sergi, sanatsal ifadeyi bilimsel ilkelerle birle\u015ftirmenin e\u011fitim potansiyelinin alt\u0131n\u0131 \u00e7iziyor.<\/li><li><strong>Disiplinleraras\u0131 Anlay\u0131\u015f:<\/strong> Sis ve sabunun birle\u015fimi sayesinde sergi, sanat ve bilim aras\u0131ndaki u\u00e7urumu kapat\u0131yor. Ziyaret\u00e7iler, farkl\u0131 alanlar\u0131n birbirine ba\u011fl\u0131l\u0131\u011f\u0131n\u0131 ve b\u00fcy\u00fcleyici deneyimler yaratmak i\u00e7in nas\u0131l bir araya gelebileceklerini takdir edecekler.<\/li><li><strong>G\u00f6zlem ve Deney:<\/strong> Sisli Sabun K\u00f6p\u00fc\u011f\u00fc sergisi, ziyaret\u00e7ileri baloncuklar\u0131n olu\u015fumunu ve davran\u0131\u015flar\u0131n\u0131 yak\u0131ndan g\u00f6zlemlemeye te\u015fvik ediyor. Bu uygulamal\u0131 yakla\u015f\u0131m, bilimsel ara\u015ft\u0131rma al\u0131\u015fkanl\u0131\u011f\u0131n\u0131 te\u015fvik eder ve altta yatan s\u00fcre\u00e7ler hakk\u0131nda sorular sorar.<\/li><li><strong>Payla\u015f\u0131lan \u00d6\u011frenme:<\/strong> Serginin etkile\u015fimli do\u011fas\u0131, sosyal etkile\u015fimi ve i\u015fbirlik\u00e7i ke\u015fifleri te\u015fvik ediyor. Ziyaret\u00e7iler birbirlerinin tekniklerinden faydalan\u0131yor, i\u00e7g\u00f6r\u00fclerini payla\u015f\u0131yor ve birlikte sisli sabun k\u00f6p\u00fcklerinin gizemlerini ortaya \u00e7\u0131kar\u0131yor.<\/li><li><strong>\u00c7oklu Duyusal Etkile\u015fim:<\/strong> G\u00f6rme, dokunma ve hatta sisin dokunsal hissi gibi birden fazla duyuyu harekete ge\u00e7irmek, genel \u00f6\u011frenme deneyimini geli\u015ftirir. Sergi, duyusal unsurlar\u0131n bir araya getirilmesinin e\u011fitim i\u00e7eri\u011fini nas\u0131l daha ilgi \u00e7ekici ve ak\u0131lda kal\u0131c\u0131 hale getirebilece\u011fini g\u00f6steriyor.<\/li><\/ol>\t\t\t\t\t\t\t\t<\/div>\n\t\t\t\t<\/div>\n\t\t\t\t<div class=\"elementor-element elementor-element-83d46da elementor-widget-divider--view-line elementor-widget elementor-widget-divider\" data-id=\"83d46da\" data-element_type=\"widget\" data-widget_type=\"divider.default\">\n\t\t\t\t<div class=\"elementor-widget-container\">\n\t\t\t\t\t\t\t<div class=\"elementor-divider\">\n\t\t\t<span class=\"elementor-divider-separator\">\n\t\t\t\t\t\t<\/span>\n\t\t<\/div>\n\t\t\t\t\t\t<\/div>\n\t\t\t\t<\/div>\n\t\t\t\t<div class=\"elementor-element elementor-element-e08f0ee elementor-widget elementor-widget-heading\" data-id=\"e08f0ee\" data-element_type=\"widget\" data-widget_type=\"heading.default\">\n\t\t\t\t<div class=\"elementor-widget-container\">\n\t\t\t\t\t<h2 class=\"elementor-heading-title elementor-size-default\">Hedef Ya\u015f<\/h2>\t\t\t\t<\/div>\n\t\t\t\t<\/div>\n\t\t\t\t<div class=\"elementor-element elementor-element-512f5a6 elementor-icon-list--layout-traditional elementor-list-item-link-full_width elementor-widget elementor-widget-icon-list\" data-id=\"512f5a6\" data-element_type=\"widget\" data-widget_type=\"icon-list.default\">\n\t\t\t\t<div class=\"elementor-widget-container\">\n\t\t\t\t\t\t\t<ul class=\"elementor-icon-list-items\">\n\t\t\t\t\t\t\t<li class=\"elementor-icon-list-item\">\n\t\t\t\t\t\t\t\t\t\t\t<span class=\"elementor-icon-list-icon\">\n\t\t\t\t\t\t\t<i aria-hidden=\"true\" class=\"fas fa-check\"><\/i>\t\t\t\t\t\t<\/span>\n\t\t\t\t\t\t\t\t\t\t<span class=\"elementor-icon-list-text\">Her ya\u015ftan<\/span>\n\t\t\t\t\t\t\t\t\t<\/li>\n\t\t\t\t\t\t<\/ul>\n\t\t\t\t\t\t<\/div>\n\t\t\t\t<\/div>\n\t\t\t\t<div class=\"elementor-element elementor-element-87a1326 elementor-widget-divider--view-line elementor-widget elementor-widget-divider\" data-id=\"87a1326\" data-element_type=\"widget\" data-widget_type=\"divider.default\">\n\t\t\t\t<div class=\"elementor-widget-container\">\n\t\t\t\t\t\t\t<div class=\"elementor-divider\">\n\t\t\t<span class=\"elementor-divider-separator\">\n\t\t\t\t\t\t<\/span>\n\t\t<\/div>\n\t\t\t\t\t\t<\/div>\n\t\t\t\t<\/div>\n\t\t\t\t<div class=\"elementor-element elementor-element-cc9e883 elementor-widget elementor-widget-heading\" data-id=\"cc9e883\" data-element_type=\"widget\" data-widget_type=\"heading.default\">\n\t\t\t\t<div class=\"elementor-widget-container\">\n\t\t\t\t\t<h2 class=\"elementor-heading-title elementor-size-default\">Uygulanabilir Temalar<\/h2>\t\t\t\t<\/div>\n\t\t\t\t<\/div>\n\t\t\t\t<div class=\"elementor-element elementor-element-48fddd5 elementor-icon-list--layout-traditional elementor-list-item-link-full_width elementor-widget elementor-widget-icon-list\" data-id=\"48fddd5\" data-element_type=\"widget\" data-widget_type=\"icon-list.default\">\n\t\t\t\t<div class=\"elementor-widget-container\">\n\t\t\t\t\t\t\t<ul class=\"elementor-icon-list-items\">\n\t\t\t\t\t\t\t<li class=\"elementor-icon-list-item\">\n\t\t\t\t\t\t\t\t\t\t\t<a href=\"https:\/\/sertek.com.tr\/tr\/su-temali-sergiler\/\">\n\n\t\t\t\t\t\t\t\t\t\t\t\t<span class=\"elementor-icon-list-icon\">\n\t\t\t\t\t\t\t<i aria-hidden=\"true\" class=\"fas fa-water\"><\/i>\t\t\t\t\t\t<\/span>\n\t\t\t\t\t\t\t\t\t\t<span class=\"elementor-icon-list-text\">Su<\/span>\n\t\t\t\t\t\t\t\t\t\t\t<\/a>\n\t\t\t\t\t\t\t\t\t<\/li>\n\t\t\t\t\t\t\t\t<li class=\"elementor-icon-list-item\">\n\t\t\t\t\t\t\t\t\t\t\t<a href=\"https:\/\/sertek.com.tr\/tr\/fizik-temali-sergiler\/\">\n\n\t\t\t\t\t\t\t\t\t\t\t\t<span class=\"elementor-icon-list-icon\">\n\t\t\t\t\t\t\t<i aria-hidden=\"true\" class=\"fab fa-react\"><\/i>\t\t\t\t\t\t<\/span>\n\t\t\t\t\t\t\t\t\t\t<span class=\"elementor-icon-list-text\">Fizik<\/span>\n\t\t\t\t\t\t\t\t\t\t\t<\/a>\n\t\t\t\t\t\t\t\t\t<\/li>\n\t\t\t\t\t\t<\/ul>\n\t\t\t\t\t\t<\/div>\n\t\t\t\t<\/div>\n\t\t\t\t\t<\/div>\n\t\t<\/div>\n\t\t\t\t\t<\/div>\n\t\t<\/section>\n\t\t\t\t<div class=\"elementor-element elementor-element-b458126 elementor-widget elementor-widget-spacer\" data-id=\"b458126\" data-element_type=\"widget\" data-widget_type=\"spacer.default\">\n\t\t\t\t<div class=\"elementor-widget-container\">\n\t\t\t\t\t\t\t<div class=\"elementor-spacer\">\n\t\t\t<div class=\"elementor-spacer-inner\"><\/div>\n\t\t<\/div>\n\t\t\t\t\t\t<\/div>\n\t\t\t\t<\/div>\n\t\t\t\t\t<\/div>\n\t\t<\/div>\n\t\t\t\t\t<\/div>\n\t\t<\/section>\n\t\t\t\t<\/div>","protected":false},"excerpt":{"rendered":"<p>Sisli Sabun K\u00f6p\u00fc\u011f\u00fc Sergisi Sertek Sergilerinin bilim merkezleri, bilim m\u00fczeleri, \u00e7ocuk oyun alanlar\u0131 ve daha fazlas\u0131n\u0131 ke\u015ffetmek i\u00e7in tasarlad\u0131\u011f\u0131 b\u00fcy\u00fcleyici bir eser olan Sisli Sabun K\u00f6p\u00fc\u011f\u00fc sergisini tan\u0131t\u0131yoruz.<\/p>","protected":false},"author":2,"featured_media":0,"parent":0,"menu_order":0,"comment_status":"closed","ping_status":"closed","template":"page-custom.php","meta":{"om_disable_all_campaigns":false,"_monsterinsights_skip_tracking":false,"_monsterinsights_sitenote_active":false,"_monsterinsights_sitenote_note":"","_monsterinsights_sitenote_category":0,"_uf_show_specific_survey":0,"_uf_disable_surveys":false,"footnotes":""},"class_list":["post-4314","page","type-page","status-publish","hentry"],"acf":{"full_width":false,"header_transparent":false,"header_white":false},"aioseo_notices":[],"yoast_head":"<!-- This site is optimized with the Yoast SEO plugin v26.9 - https:\/\/yoast.com\/product\/yoast-seo-wordpress\/ -->\n<title>Foggy Soap Bubbles Exhibit - Sertek Exhibitions<\/title>\n<meta name=\"description\" content=\"The Foggy Soap Bubble exhibit transforms the act of bubble-making into an interactive journey for science and children&#039;s museums.\" \/>\n<meta name=\"robots\" content=\"index, follow, max-snippet:-1, max-image-preview:large, max-video-preview:-1\" \/>\n<link rel=\"canonical\" href=\"https:\/\/sertek.com.tr\/tr\/sisli-sabun-kopukleri-sergi\/\" \/>\n<meta property=\"og:locale\" content=\"tr_TR\" \/>\n<meta property=\"og:type\" content=\"article\" \/>\n<meta property=\"og:title\" content=\"Foggy Soap Bubbles Exhibit - Sertek Exhibitions\" \/>\n<meta property=\"og:description\" content=\"The Foggy Soap Bubble exhibit transforms the act of bubble-making into an interactive journey for science and children&#039;s museums.\" \/>\n<meta property=\"og:url\" content=\"https:\/\/sertek.com.tr\/tr\/sisli-sabun-kopukleri-sergi\/\" \/>\n<meta property=\"og:site_name\" content=\"Sertek Exhibitions\" \/>\n<meta property=\"article:modified_time\" content=\"2023-10-04T19:26:36+00:00\" \/>\n<meta property=\"og:image\" content=\"https:\/\/sertek.com.tr\/wp-content\/uploads\/elementor\/thumbs\/Foggy-Soap-Bubbles-2-qbxm8n3ihmn2f4lwuvk7kokn4bmnk7ifg8sfue65xk.jpg\" \/>\n<meta name=\"twitter:card\" content=\"summary_large_image\" \/>\n<meta name=\"twitter:label1\" content=\"Tahmini okuma s\u00fcresi\" \/>\n\t<meta name=\"twitter:data1\" content=\"3 dakika\" \/>\n<script type=\"application\/ld+json\" class=\"yoast-schema-graph\">{\"@context\":\"https:\/\/schema.org\",\"@graph\":[{\"@type\":\"WebPage\",\"@id\":\"https:\/\/sertek.com.tr\/en\/foggy-soap-bubbles-exhibit\/\",\"url\":\"https:\/\/sertek.com.tr\/en\/foggy-soap-bubbles-exhibit\/\",\"name\":\"Foggy Soap Bubbles Exhibit - Sertek Exhibitions\",\"isPartOf\":{\"@id\":\"https:\/\/sertek.com.tr\/en\/#website\"},\"primaryImageOfPage\":{\"@id\":\"https:\/\/sertek.com.tr\/en\/foggy-soap-bubbles-exhibit\/#primaryimage\"},\"image\":{\"@id\":\"https:\/\/sertek.com.tr\/en\/foggy-soap-bubbles-exhibit\/#primaryimage\"},\"thumbnailUrl\":\"https:\/\/sertek.com.tr\/wp-content\/uploads\/elementor\/thumbs\/Foggy-Soap-Bubbles-2-qbxm8n3ihmn2f4lwuvk7kokn4bmnk7ifg8sfue65xk.jpg\",\"datePublished\":\"2023-07-22T06:25:04+00:00\",\"dateModified\":\"2023-10-04T19:26:36+00:00\",\"description\":\"The Foggy Soap Bubble exhibit transforms the act of bubble-making into an interactive journey for science and children's museums.\",\"breadcrumb\":{\"@id\":\"https:\/\/sertek.com.tr\/en\/foggy-soap-bubbles-exhibit\/#breadcrumb\"},\"inLanguage\":\"tr\",\"potentialAction\":[{\"@type\":\"ReadAction\",\"target\":[\"https:\/\/sertek.com.tr\/en\/foggy-soap-bubbles-exhibit\/\"]}]},{\"@type\":\"ImageObject\",\"inLanguage\":\"tr\",\"@id\":\"https:\/\/sertek.com.tr\/en\/foggy-soap-bubbles-exhibit\/#primaryimage\",\"url\":\"https:\/\/sertek.com.tr\/wp-content\/uploads\/elementor\/thumbs\/Foggy-Soap-Bubbles-2-qbxm8n3ihmn2f4lwuvk7kokn4bmnk7ifg8sfue65xk.jpg\",\"contentUrl\":\"https:\/\/sertek.com.tr\/wp-content\/uploads\/elementor\/thumbs\/Foggy-Soap-Bubbles-2-qbxm8n3ihmn2f4lwuvk7kokn4bmnk7ifg8sfue65xk.jpg\"},{\"@type\":\"BreadcrumbList\",\"@id\":\"https:\/\/sertek.com.tr\/en\/foggy-soap-bubbles-exhibit\/#breadcrumb\",\"itemListElement\":[{\"@type\":\"ListItem\",\"position\":1,\"name\":\"Home\",\"item\":\"https:\/\/sertek.com.tr\/\"},{\"@type\":\"ListItem\",\"position\":2,\"name\":\"Foggy Soap Bubbles Exhibit\"}]},{\"@type\":\"WebSite\",\"@id\":\"https:\/\/sertek.com.tr\/en\/#website\",\"url\":\"https:\/\/sertek.com.tr\/en\/\",\"name\":\"Sertek Exhibitions\",\"description\":\"Sertek Exhibitons\",\"publisher\":{\"@id\":\"https:\/\/sertek.com.tr\/en\/#organization\"},\"potentialAction\":[{\"@type\":\"SearchAction\",\"target\":{\"@type\":\"EntryPoint\",\"urlTemplate\":\"https:\/\/sertek.com.tr\/en\/?s={search_term_string}\"},\"query-input\":{\"@type\":\"PropertyValueSpecification\",\"valueRequired\":true,\"valueName\":\"search_term_string\"}}],\"inLanguage\":\"tr\"},{\"@type\":\"Organization\",\"@id\":\"https:\/\/sertek.com.tr\/en\/#organization\",\"name\":\"Sertek Exhibitions\",\"url\":\"https:\/\/sertek.com.tr\/en\/\",\"logo\":{\"@type\":\"ImageObject\",\"inLanguage\":\"tr\",\"@id\":\"https:\/\/sertek.com.tr\/en\/#\/schema\/logo\/image\/\",\"url\":\"https:\/\/sertek.com.tr\/wp-content\/uploads\/2023\/06\/SertekLogo-1.png\",\"contentUrl\":\"https:\/\/sertek.com.tr\/wp-content\/uploads\/2023\/06\/SertekLogo-1.png\",\"width\":300,\"height\":49,\"caption\":\"Sertek Exhibitions\"},\"image\":{\"@id\":\"https:\/\/sertek.com.tr\/en\/#\/schema\/logo\/image\/\"},\"sameAs\":[\"https:\/\/www.linkedin.com\/company\/sertek-exhibitions\/\"]}]}<\/script>\n<!-- \/ Yoast SEO plugin. -->","yoast_head_json":{"title":"Foggy Soap Bubbles Exhibit - Sertek Exhibitions","description":"The Foggy Soap Bubble exhibit transforms the act of bubble-making into an interactive journey for science and children's museums.","robots":{"index":"index","follow":"follow","max-snippet":"max-snippet:-1","max-image-preview":"max-image-preview:large","max-video-preview":"max-video-preview:-1"},"canonical":"https:\/\/sertek.com.tr\/tr\/sisli-sabun-kopukleri-sergi\/","og_locale":"tr_TR","og_type":"article","og_title":"Foggy Soap Bubbles Exhibit - Sertek Exhibitions","og_description":"The Foggy Soap Bubble exhibit transforms the act of bubble-making into an interactive journey for science and children's museums.","og_url":"https:\/\/sertek.com.tr\/tr\/sisli-sabun-kopukleri-sergi\/","og_site_name":"Sertek Exhibitions","article_modified_time":"2023-10-04T19:26:36+00:00","og_image":[{"url":"https:\/\/sertek.com.tr\/wp-content\/uploads\/elementor\/thumbs\/Foggy-Soap-Bubbles-2-qbxm8n3ihmn2f4lwuvk7kokn4bmnk7ifg8sfue65xk.jpg","type":"","width":"","height":""}],"twitter_card":"summary_large_image","twitter_misc":{"Tahmini okuma s\u00fcresi":"3 dakika"},"schema":{"@context":"https:\/\/schema.org","@graph":[{"@type":"WebPage","@id":"https:\/\/sertek.com.tr\/en\/foggy-soap-bubbles-exhibit\/","url":"https:\/\/sertek.com.tr\/en\/foggy-soap-bubbles-exhibit\/","name":"Foggy Soap Bubbles Exhibit - Sertek Exhibitions","isPartOf":{"@id":"https:\/\/sertek.com.tr\/en\/#website"},"primaryImageOfPage":{"@id":"https:\/\/sertek.com.tr\/en\/foggy-soap-bubbles-exhibit\/#primaryimage"},"image":{"@id":"https:\/\/sertek.com.tr\/en\/foggy-soap-bubbles-exhibit\/#primaryimage"},"thumbnailUrl":"https:\/\/sertek.com.tr\/wp-content\/uploads\/elementor\/thumbs\/Foggy-Soap-Bubbles-2-qbxm8n3ihmn2f4lwuvk7kokn4bmnk7ifg8sfue65xk.jpg","datePublished":"2023-07-22T06:25:04+00:00","dateModified":"2023-10-04T19:26:36+00:00","description":"The Foggy Soap Bubble exhibit transforms the act of bubble-making into an interactive journey for science and children's museums.","breadcrumb":{"@id":"https:\/\/sertek.com.tr\/en\/foggy-soap-bubbles-exhibit\/#breadcrumb"},"inLanguage":"tr","potentialAction":[{"@type":"ReadAction","target":["https:\/\/sertek.com.tr\/en\/foggy-soap-bubbles-exhibit\/"]}]},{"@type":"ImageObject","inLanguage":"tr","@id":"https:\/\/sertek.com.tr\/en\/foggy-soap-bubbles-exhibit\/#primaryimage","url":"https:\/\/sertek.com.tr\/wp-content\/uploads\/elementor\/thumbs\/Foggy-Soap-Bubbles-2-qbxm8n3ihmn2f4lwuvk7kokn4bmnk7ifg8sfue65xk.jpg","contentUrl":"https:\/\/sertek.com.tr\/wp-content\/uploads\/elementor\/thumbs\/Foggy-Soap-Bubbles-2-qbxm8n3ihmn2f4lwuvk7kokn4bmnk7ifg8sfue65xk.jpg"},{"@type":"BreadcrumbList","@id":"https:\/\/sertek.com.tr\/en\/foggy-soap-bubbles-exhibit\/#breadcrumb","itemListElement":[{"@type":"ListItem","position":1,"name":"Home","item":"https:\/\/sertek.com.tr\/"},{"@type":"ListItem","position":2,"name":"Foggy Soap Bubbles Exhibit"}]},{"@type":"WebSite","@id":"https:\/\/sertek.com.tr\/en\/#website","url":"https:\/\/sertek.com.tr\/en\/","name":"Sertek Exhibitions","description":"Sertek Exhibitons","publisher":{"@id":"https:\/\/sertek.com.tr\/en\/#organization"},"potentialAction":[{"@type":"SearchAction","target":{"@type":"EntryPoint","urlTemplate":"https:\/\/sertek.com.tr\/en\/?s={search_term_string}"},"query-input":{"@type":"PropertyValueSpecification","valueRequired":true,"valueName":"search_term_string"}}],"inLanguage":"tr"},{"@type":"Organization","@id":"https:\/\/sertek.com.tr\/en\/#organization","name":"Sertek Exhibitions","url":"https:\/\/sertek.com.tr\/en\/","logo":{"@type":"ImageObject","inLanguage":"tr","@id":"https:\/\/sertek.com.tr\/en\/#\/schema\/logo\/image\/","url":"https:\/\/sertek.com.tr\/wp-content\/uploads\/2023\/06\/SertekLogo-1.png","contentUrl":"https:\/\/sertek.com.tr\/wp-content\/uploads\/2023\/06\/SertekLogo-1.png","width":300,"height":49,"caption":"Sertek Exhibitions"},"image":{"@id":"https:\/\/sertek.com.tr\/en\/#\/schema\/logo\/image\/"},"sameAs":["https:\/\/www.linkedin.com\/company\/sertek-exhibitions\/"]}]}},"jetpack_sharing_enabled":true,"_links":{"self":[{"href":"https:\/\/sertek.com.tr\/tr\/wp-json\/wp\/v2\/pages\/4314","targetHints":{"allow":["GET"]}}],"collection":[{"href":"https:\/\/sertek.com.tr\/tr\/wp-json\/wp\/v2\/pages"}],"about":[{"href":"https:\/\/sertek.com.tr\/tr\/wp-json\/wp\/v2\/types\/page"}],"author":[{"embeddable":true,"href":"https:\/\/sertek.com.tr\/tr\/wp-json\/wp\/v2\/users\/2"}],"replies":[{"embeddable":true,"href":"https:\/\/sertek.com.tr\/tr\/wp-json\/wp\/v2\/comments?post=4314"}],"version-history":[{"count":20,"href":"https:\/\/sertek.com.tr\/tr\/wp-json\/wp\/v2\/pages\/4314\/revisions"}],"predecessor-version":[{"id":7043,"href":"https:\/\/sertek.com.tr\/tr\/wp-json\/wp\/v2\/pages\/4314\/revisions\/7043"}],"wp:attachment":[{"href":"https:\/\/sertek.com.tr\/tr\/wp-json\/wp\/v2\/media?parent=4314"}],"curies":[{"name":"wp","href":"https:\/\/api.w.org\/{rel}","templated":true}]}}