{"id":4322,"date":"2023-07-22T06:25:32","date_gmt":"2023-07-22T06:25:32","guid":{"rendered":"https:\/\/sertekexhibitions.com\/?page_id=4322"},"modified":"2023-10-03T20:14:14","modified_gmt":"2023-10-03T20:14:14","slug":"misty-soap-bubbles-exhibit","status":"publish","type":"page","link":"https:\/\/sertek.com.tr\/tr\/sisli-kabarcik-sergisi\/","title":{"rendered":"Sisli Sabun K\u00f6p\u00fc\u011f\u00fc Sergisi"},"content":{"rendered":"<div data-elementor-type=\"wp-page\" data-elementor-id=\"4322\" class=\"elementor elementor-4322\" data-elementor-settings=\"{&quot;ha_cmc_init_switcher&quot;:&quot;no&quot;}\">\n\t\t\t\t\t\t<section class=\"elementor-section elementor-top-section elementor-element elementor-element-9f5181a elementor-section-boxed elementor-section-height-default elementor-section-height-default\" data-id=\"9f5181a\" data-element_type=\"section\" data-settings=\"{&quot;_ha_eqh_enable&quot;:false}\">\n\t\t\t\t\t\t<div class=\"elementor-container elementor-column-gap-extended\">\n\t\t\t\t\t<div class=\"elementor-column elementor-col-100 elementor-top-column elementor-element elementor-element-e397ea5\" data-id=\"e397ea5\" data-element_type=\"column\">\n\t\t\t<div class=\"elementor-widget-wrap elementor-element-populated\">\n\t\t\t\t\t\t<section class=\"elementor-section elementor-inner-section elementor-element elementor-element-197f268 elementor-section-full_width elementor-section-height-default elementor-section-height-default\" data-id=\"197f268\" data-element_type=\"section\" data-settings=\"{&quot;background_background&quot;:&quot;classic&quot;,&quot;_ha_eqh_enable&quot;:false}\">\n\t\t\t\t\t\t<div class=\"elementor-container elementor-column-gap-wide\">\n\t\t\t\t\t<div class=\"elementor-column elementor-col-50 elementor-inner-column elementor-element elementor-element-c9fe58e has-sticky-column\" data-id=\"c9fe58e\" data-element_type=\"column\">\n\t\t\t<div class=\"elementor-widget-wrap elementor-element-populated\">\n\t\t\t\t\t\t<div class=\"elementor-element elementor-element-710bad0 elementor-widget elementor-widget-video\" data-id=\"710bad0\" data-element_type=\"widget\" data-settings=\"{&quot;youtube_url&quot;:&quot;https:\\\/\\\/youtu.be\\\/9rXSryA6Qfg&quot;,&quot;video_type&quot;:&quot;youtube&quot;,&quot;controls&quot;:&quot;yes&quot;}\" data-widget_type=\"video.default\">\n\t\t\t\t<div class=\"elementor-widget-container\">\n\t\t\t\t\t\t\t<div class=\"elementor-wrapper elementor-open-inline\">\n\t\t\t<div class=\"elementor-video\"><\/div>\t\t<\/div>\n\t\t\t\t\t\t<\/div>\n\t\t\t\t<\/div>\n\t\t\t\t<div class=\"elementor-element elementor-element-729b4d0 elementor-widget__width-inherit elementor-arrows-position-inside elementor-pagination-position-outside elementor-widget elementor-widget-image-carousel\" data-id=\"729b4d0\" data-element_type=\"widget\" data-settings=\"{&quot;slides_to_show&quot;:&quot;1&quot;,&quot;navigation&quot;:&quot;both&quot;,&quot;autoplay&quot;:&quot;yes&quot;,&quot;pause_on_hover&quot;:&quot;yes&quot;,&quot;pause_on_interaction&quot;:&quot;yes&quot;,&quot;autoplay_speed&quot;:5000,&quot;infinite&quot;:&quot;yes&quot;,&quot;effect&quot;:&quot;slide&quot;,&quot;speed&quot;:500}\" data-widget_type=\"image-carousel.default\">\n\t\t\t\t<div class=\"elementor-widget-container\">\n\t\t\t\t\t\t\t<div class=\"elementor-image-carousel-wrapper swiper\" role=\"region\" aria-roledescription=\"carousel\" aria-label=\"Resim D\u00f6ng\u00fcs\u00fc\" dir=\"ltr\">\n\t\t\t<div class=\"elementor-image-carousel swiper-wrapper\" aria-live=\"off\">\n\t\t\t\t\t\t\t\t<div class=\"swiper-slide\" role=\"group\" aria-roledescription=\"slide\" aria-label=\"1 \/ 1\"><figure class=\"swiper-slide-inner\"><img decoding=\"async\" class=\"swiper-slide-image\" src=\"https:\/\/sertek.com.tr\/wp-content\/uploads\/elementor\/thumbs\/Misty-Soap-Bubbles-2-qbxm8n3ihmn2f4lwuvk7kokn4bmnk7ifg8sfue65xk.jpg\" alt=\"Puslu Sabun K\u00f6p\u00fc\u011f\u00fc-2\" \/><\/figure><\/div>\t\t\t<\/div>\n\t\t\t\t\t<\/div>\n\t\t\t\t\t\t<\/div>\n\t\t\t\t<\/div>\n\t\t\t\t\t<\/div>\n\t\t<\/div>\n\t\t\t\t<div class=\"elementor-column elementor-col-50 elementor-inner-column elementor-element elementor-element-4810540\" data-id=\"4810540\" data-element_type=\"column\">\n\t\t\t<div class=\"elementor-widget-wrap elementor-element-populated\">\n\t\t\t\t\t\t<div class=\"elementor-element elementor-element-7dc70a8 elementor-widget elementor-widget-heading\" data-id=\"7dc70a8\" data-element_type=\"widget\" data-widget_type=\"heading.default\">\n\t\t\t\t<div class=\"elementor-widget-container\">\n\t\t\t\t\t<h1 class=\"elementor-heading-title elementor-size-default\">Sisli Sabun K\u00f6p\u00fc\u011f\u00fc Sergisi<\/h1>\t\t\t\t<\/div>\n\t\t\t\t<\/div>\n\t\t\t\t<div class=\"elementor-element elementor-element-8c199e2 elementor-widget elementor-widget-text-editor\" data-id=\"8c199e2\" data-element_type=\"widget\" data-widget_type=\"text-editor.default\">\n\t\t\t\t<div class=\"elementor-widget-container\">\n\t\t\t\t\t\t\t\t\t<p>Sisli Sabun K\u00f6p\u00fc\u011f\u00fc sergisi, Sertek Exhibitions&#039;\u0131n bilim merkezlerine, bilim m\u00fczelerine, \u00e7ocuk m\u00fczelerine, etkile\u015fimli \u00f6\u011frenme merkezlerine ve temal\u0131 ortamlara bir merak dokunu\u015fu katmak i\u00e7in tasarlanm\u0131\u015f b\u00fcy\u00fcleyici bir yarat\u0131m\u0131d\u0131r. Bu etkile\u015fimli enstalasyon, her ya\u015ftan ziyaret\u00e7iyi, hayal g\u00fcc\u00fcn\u00fcn her boyuttaki sisli sabun k\u00f6p\u00fc\u011f\u00fcnde u\u00e7u\u015ftu\u011fu bir d\u00fcnyaya ad\u0131m atmaya davet ediyor.\u00a0<span style=\"font-family: 'Plus Jakarta Sans'; font-size: 16px; font-style: normal; font-variant-caps: normal; color: var(--color-contrast-higher);\">B\u00fcy\u00fcl\u00fc bir yolculu\u011fa \u00e7\u0131kmaya haz\u0131r olun!<\/span><\/p>\t\t\t\t\t\t\t\t<\/div>\n\t\t\t\t<\/div>\n\t\t\t\t<div class=\"elementor-element elementor-element-e827850 elementor-widget-divider--view-line elementor-widget elementor-widget-divider\" data-id=\"e827850\" data-element_type=\"widget\" data-widget_type=\"divider.default\">\n\t\t\t\t<div class=\"elementor-widget-container\">\n\t\t\t\t\t\t\t<div class=\"elementor-divider\">\n\t\t\t<span class=\"elementor-divider-separator\">\n\t\t\t\t\t\t<\/span>\n\t\t<\/div>\n\t\t\t\t\t\t<\/div>\n\t\t\t\t<\/div>\n\t\t\t\t<div class=\"elementor-element elementor-element-d4a86d6 elementor-widget elementor-widget-heading\" data-id=\"d4a86d6\" data-element_type=\"widget\" data-widget_type=\"heading.default\">\n\t\t\t\t<div class=\"elementor-widget-container\">\n\t\t\t\t\t<h2 class=\"elementor-heading-title elementor-size-default\">Ziyaret\u00e7i Deneyimi<\/h2>\t\t\t\t<\/div>\n\t\t\t\t<\/div>\n\t\t\t\t<div class=\"elementor-element elementor-element-f743499 elementor-widget elementor-widget-text-editor\" data-id=\"f743499\" data-element_type=\"widget\" data-widget_type=\"text-editor.default\">\n\t\t\t\t<div class=\"elementor-widget-container\">\n\t\t\t\t\t\t\t\t\t<p>Ziyaret\u00e7iler Misty Soap Bubble sergisinin alan\u0131na girdiklerinde, yarat\u0131c\u0131l\u0131\u011f\u0131n s\u0131n\u0131r tan\u0131mad\u0131\u011f\u0131 bir d\u00fcnya ke\u015ffedecekler. Her ya\u015ftan ziyaret\u00e7i baloncuk zanaatkar\u0131 olmaya davet ediliyor. Ziyaret\u00e7iler, puslu sabun baloncuklar\u0131na hayat veren bir dizi hortum kullan\u0131yor. Her nazik nefes al\u0131p s\u0131kmada, uhrevi baloncuklar canlan\u0131yor, duyular\u0131 b\u00fcy\u00fcl\u00fcyor ve hayret uyand\u0131r\u0131yor.<\/p>\n<p>Ziyaret\u00e7iler, her biri baloncuk yapma maceralar\u0131na benzersiz dokunu\u015funu katan bir dizi hortum aras\u0131ndan se\u00e7im yaparken olas\u0131l\u0131klar d\u00fcnyas\u0131na dalarlar. Sis ve sabunun birlikte dans ederek yer \u00e7ekimine ve hayal g\u00fcc\u00fcne meydan okuyan \u0131\u015f\u0131lt\u0131l\u0131 baloncuklar yaratmas\u0131n\u0131 hayranl\u0131kla izlerler. Avu\u00e7 i\u00e7lerine s\u0131\u011fan narin k\u00fcrelerden g\u00f6ky\u00fcz\u00fcne uzanan devasa k\u00fcrelere kadar, yarat\u0131c\u0131l\u0131klar\u0131 i\u00e7in tuval s\u0131n\u0131rs\u0131zd\u0131r.<\/p>\n<p>Sisli Sabun K\u00f6p\u00fc\u011f\u00fc sergisi, basit baloncuk yapma eylemini etkile\u015fimli bir yolculu\u011fa d\u00f6n\u00fc\u015ft\u00fcrerek gen\u00e7 ve ya\u015fl\u0131 ziyaret\u00e7ileri ortak bir hayret duygusunda birle\u015ftiriyor. Ziyaret\u00e7iler sisli yarat\u0131mlar\u0131n\u0131 yapmaktan zevk al\u0131yor veya sis ve sabunun b\u00fcy\u00fcleyici etkile\u015fimine hayran kal\u0131yor olsun, bu sergi hayal g\u00fcc\u00fcn\u00fc ate\u015fleyen bir deneyim vaat ediyor.<\/p>\t\t\t\t\t\t\t\t<\/div>\n\t\t\t\t<\/div>\n\t\t\t\t<div class=\"elementor-element elementor-element-0e4aa85 elementor-widget-divider--view-line elementor-widget elementor-widget-divider\" data-id=\"0e4aa85\" data-element_type=\"widget\" data-widget_type=\"divider.default\">\n\t\t\t\t<div class=\"elementor-widget-container\">\n\t\t\t\t\t\t\t<div class=\"elementor-divider\">\n\t\t\t<span class=\"elementor-divider-separator\">\n\t\t\t\t\t\t<\/span>\n\t\t<\/div>\n\t\t\t\t\t\t<\/div>\n\t\t\t\t<\/div>\n\t\t\t\t<div class=\"elementor-element elementor-element-d8c1384 elementor-widget elementor-widget-heading\" data-id=\"d8c1384\" data-element_type=\"widget\" data-widget_type=\"heading.default\">\n\t\t\t\t<div class=\"elementor-widget-container\">\n\t\t\t\t\t<h2 class=\"elementor-heading-title elementor-size-default\">\u00d6ne \u00c7\u0131kan \u00d6zellikler<\/h2>\t\t\t\t<\/div>\n\t\t\t\t<\/div>\n\t\t\t\t<div class=\"elementor-element elementor-element-b219bec elementor-widget elementor-widget-text-editor\" data-id=\"b219bec\" data-element_type=\"widget\" data-widget_type=\"text-editor.default\">\n\t\t\t\t<div class=\"elementor-widget-container\">\n\t\t\t\t\t\t\t\t\t<ol><li><a href=\"https:\/\/en.wikipedia.org\/wiki\/Experiential_learning\" target=\"_blank\" rel=\"noopener\"><strong>Uygulamal\u0131 Ke\u015fif:<\/strong> <\/a>Misty Soap Bubble sergisi, uygulamal\u0131 ke\u015ffin g\u00fcc\u00fcn\u00fc savunuyor. Ziyaret\u00e7iler hortumlarla aktif olarak etkile\u015fime giriyor ve hava ak\u0131\u015f\u0131n\u0131n, y\u00fczey geriliminin ve kabarc\u0131k dinamiklerinin bilimsel harikalar\u0131na, hepsi elle tutulur ve deneyimsel bir \u015fekilde, ilk elden tan\u0131kl\u0131k ediyor.<\/li><li><strong>A\u00e7\u0131k U\u00e7lu Deneyim:<\/strong> Ziyaret\u00e7ileri kendi sisli sabun k\u00f6p\u00fcklerini yapmaya te\u015fvik ederek sergi, yarat\u0131c\u0131l\u0131\u011f\u0131 besliyor ve hayal g\u00fcc\u00fcne dayal\u0131 d\u00fc\u015f\u00fcnmeyi te\u015fvik ediyor. Sanat ve bilim i\u00e7 i\u00e7e ge\u00e7ti\u011finde ortaya \u00e7\u0131kabilecek e\u011fitimsel sihri sergiliyor.<\/li><li><strong>Disiplinleraras\u0131 Anlay\u0131\u015f:<\/strong> Sis ve sabunun b\u00fcy\u00fcleyici birle\u015fimiyle sergi, sanat ve bilim alemleri aras\u0131nda k\u00f6pr\u00fc kuruyor. Ziyaret\u00e7ilerin, farkl\u0131 alanlar\u0131n b\u00fcy\u00fcleyici deneyimler yaratmak i\u00e7in nas\u0131l uyumlu bir \u015fekilde bir araya gelebilece\u011fini takdir etmelerini sa\u011fl\u0131yor.<\/li><li><strong>G\u00f6zlem ve Deney:<\/strong> Misty Soap Bubble sergisi ziyaret\u00e7ileri baloncuklar\u0131n olu\u015fumunu ve davran\u0131\u015f\u0131n\u0131 yak\u0131ndan g\u00f6zlemlemeye te\u015fvik eder. Bu uygulamal\u0131 yakla\u015f\u0131m bilimsel ara\u015ft\u0131rma al\u0131\u015fkanl\u0131\u011f\u0131n\u0131 geli\u015ftirir ve altta yatan s\u00fcre\u00e7ler hakk\u0131nda sorular sormaya te\u015fvik eder.<\/li><li><strong>Payla\u015f\u0131lan \u00d6\u011frenme:<\/strong> Serginin etkile\u015fimli yap\u0131s\u0131 sosyal etkile\u015fimi ve i\u015fbirlik\u00e7i ke\u015ffi te\u015fvik ediyor. Ziyaret\u00e7iler topluca birbirlerinin tekniklerinden \u00f6\u011freniyor, i\u00e7g\u00f6r\u00fclerini payla\u015f\u0131yor ve sisli sabun k\u00f6p\u00fcklerinin gizemlerini \u00e7\u00f6zmek i\u00e7in bir yolculu\u011fa \u00e7\u0131k\u0131yorlar.<\/li><li><strong>\u00c7oklu Duyusal Etkile\u015fim:<\/strong> Birden fazla duyuyu harekete ge\u00e7irmek -g\u00f6rme, dokunma ve hatta sisin dokunsal hissi- \u00f6\u011frenme deneyimini d\u00f6n\u00fc\u015ft\u00fcr\u00fcr. Sergi, duyusal unsurlar\u0131n dahil edilmesinin e\u011fitim i\u00e7eri\u011fine nas\u0131l hayat verebilece\u011fini, onu daha ilgi \u00e7ekici ve ak\u0131lda kal\u0131c\u0131 hale getirebilece\u011fini sergiliyor.<\/li><\/ol>\t\t\t\t\t\t\t\t<\/div>\n\t\t\t\t<\/div>\n\t\t\t\t<div class=\"elementor-element elementor-element-7b20962 elementor-widget-divider--view-line elementor-widget elementor-widget-divider\" data-id=\"7b20962\" data-element_type=\"widget\" data-widget_type=\"divider.default\">\n\t\t\t\t<div class=\"elementor-widget-container\">\n\t\t\t\t\t\t\t<div class=\"elementor-divider\">\n\t\t\t<span class=\"elementor-divider-separator\">\n\t\t\t\t\t\t<\/span>\n\t\t<\/div>\n\t\t\t\t\t\t<\/div>\n\t\t\t\t<\/div>\n\t\t\t\t<div class=\"elementor-element elementor-element-add1a4c elementor-widget elementor-widget-heading\" data-id=\"add1a4c\" data-element_type=\"widget\" data-widget_type=\"heading.default\">\n\t\t\t\t<div class=\"elementor-widget-container\">\n\t\t\t\t\t<h2 class=\"elementor-heading-title elementor-size-default\">Hedef Ya\u015f<\/h2>\t\t\t\t<\/div>\n\t\t\t\t<\/div>\n\t\t\t\t<div class=\"elementor-element elementor-element-ddcd8e1 elementor-icon-list--layout-traditional elementor-list-item-link-full_width elementor-widget elementor-widget-icon-list\" data-id=\"ddcd8e1\" data-element_type=\"widget\" data-widget_type=\"icon-list.default\">\n\t\t\t\t<div class=\"elementor-widget-container\">\n\t\t\t\t\t\t\t<ul class=\"elementor-icon-list-items\">\n\t\t\t\t\t\t\t<li class=\"elementor-icon-list-item\">\n\t\t\t\t\t\t\t\t\t\t\t<span class=\"elementor-icon-list-icon\">\n\t\t\t\t\t\t\t<i aria-hidden=\"true\" class=\"fas fa-check\"><\/i>\t\t\t\t\t\t<\/span>\n\t\t\t\t\t\t\t\t\t\t<span class=\"elementor-icon-list-text\">Her ya\u015ftan<\/span>\n\t\t\t\t\t\t\t\t\t<\/li>\n\t\t\t\t\t\t<\/ul>\n\t\t\t\t\t\t<\/div>\n\t\t\t\t<\/div>\n\t\t\t\t<div class=\"elementor-element elementor-element-bf2aa59 elementor-widget-divider--view-line elementor-widget elementor-widget-divider\" data-id=\"bf2aa59\" data-element_type=\"widget\" data-widget_type=\"divider.default\">\n\t\t\t\t<div class=\"elementor-widget-container\">\n\t\t\t\t\t\t\t<div class=\"elementor-divider\">\n\t\t\t<span class=\"elementor-divider-separator\">\n\t\t\t\t\t\t<\/span>\n\t\t<\/div>\n\t\t\t\t\t\t<\/div>\n\t\t\t\t<\/div>\n\t\t\t\t<div class=\"elementor-element elementor-element-b0d7dba elementor-widget elementor-widget-heading\" data-id=\"b0d7dba\" data-element_type=\"widget\" data-widget_type=\"heading.default\">\n\t\t\t\t<div class=\"elementor-widget-container\">\n\t\t\t\t\t<h2 class=\"elementor-heading-title elementor-size-default\">Uygulanabilir Temalar<\/h2>\t\t\t\t<\/div>\n\t\t\t\t<\/div>\n\t\t\t\t<div class=\"elementor-element elementor-element-14325eb elementor-icon-list--layout-traditional elementor-list-item-link-full_width elementor-widget elementor-widget-icon-list\" data-id=\"14325eb\" data-element_type=\"widget\" data-widget_type=\"icon-list.default\">\n\t\t\t\t<div class=\"elementor-widget-container\">\n\t\t\t\t\t\t\t<ul class=\"elementor-icon-list-items\">\n\t\t\t\t\t\t\t<li class=\"elementor-icon-list-item\">\n\t\t\t\t\t\t\t\t\t\t\t<a href=\"https:\/\/sertek.com.tr\/tr\/su-temali-sergiler\/\">\n\n\t\t\t\t\t\t\t\t\t\t\t\t<span class=\"elementor-icon-list-icon\">\n\t\t\t\t\t\t\t<i aria-hidden=\"true\" class=\"fas fa-water\"><\/i>\t\t\t\t\t\t<\/span>\n\t\t\t\t\t\t\t\t\t\t<span class=\"elementor-icon-list-text\">Su<\/span>\n\t\t\t\t\t\t\t\t\t\t\t<\/a>\n\t\t\t\t\t\t\t\t\t<\/li>\n\t\t\t\t\t\t\t\t<li class=\"elementor-icon-list-item\">\n\t\t\t\t\t\t\t\t\t\t\t<a href=\"https:\/\/sertek.com.tr\/tr\/fizik-temali-sergiler\/\">\n\n\t\t\t\t\t\t\t\t\t\t\t\t<span class=\"elementor-icon-list-icon\">\n\t\t\t\t\t\t\t<i aria-hidden=\"true\" class=\"fab fa-react\"><\/i>\t\t\t\t\t\t<\/span>\n\t\t\t\t\t\t\t\t\t\t<span class=\"elementor-icon-list-text\">Fizik<\/span>\n\t\t\t\t\t\t\t\t\t\t\t<\/a>\n\t\t\t\t\t\t\t\t\t<\/li>\n\t\t\t\t\t\t<\/ul>\n\t\t\t\t\t\t<\/div>\n\t\t\t\t<\/div>\n\t\t\t\t\t<\/div>\n\t\t<\/div>\n\t\t\t\t\t<\/div>\n\t\t<\/section>\n\t\t\t\t<div class=\"elementor-element elementor-element-b458126 elementor-widget elementor-widget-spacer\" data-id=\"b458126\" data-element_type=\"widget\" data-widget_type=\"spacer.default\">\n\t\t\t\t<div class=\"elementor-widget-container\">\n\t\t\t\t\t\t\t<div class=\"elementor-spacer\">\n\t\t\t<div class=\"elementor-spacer-inner\"><\/div>\n\t\t<\/div>\n\t\t\t\t\t\t<\/div>\n\t\t\t\t<\/div>\n\t\t\t\t\t<\/div>\n\t\t<\/div>\n\t\t\t\t\t<\/div>\n\t\t<\/section>\n\t\t\t\t<\/div>","protected":false},"excerpt":{"rendered":"<p>T\u00fcrk\u00e7e: https:\/\/youtu.be\/9rXSryA6Qfg Misty Soap Bubbles Sergisi Misty Soap Bubbles sergisi, Sertek Exhibitions&#039;\u0131n, sanata bir merak dokunu\u015fu katmak i\u00e7in tasarlad\u0131\u011f\u0131 b\u00fcy\u00fcleyici bir yarat\u0131md\u0131r.<\/p>","protected":false},"author":2,"featured_media":0,"parent":0,"menu_order":0,"comment_status":"closed","ping_status":"closed","template":"page-custom.php","meta":{"om_disable_all_campaigns":false,"_monsterinsights_skip_tracking":false,"_monsterinsights_sitenote_active":false,"_monsterinsights_sitenote_note":"","_monsterinsights_sitenote_category":0,"_uf_show_specific_survey":0,"_uf_disable_surveys":false,"footnotes":""},"class_list":["post-4322","page","type-page","status-publish","hentry"],"acf":{"full_width":false,"header_transparent":false,"header_white":false},"aioseo_notices":[],"yoast_head":"<!-- This site is optimized with the Yoast SEO plugin v26.9 - https:\/\/yoast.com\/product\/yoast-seo-wordpress\/ -->\n<title>Misty Soap Bubbles Exhibit - Sertek Exhibitions<\/title>\n<meta name=\"description\" content=\"Soap bubbles exhibit invites visitors of all ages to step into a world where imagination takes flight through misty soap bubbles of all sizes.\" \/>\n<meta name=\"robots\" content=\"index, follow, max-snippet:-1, max-image-preview:large, max-video-preview:-1\" \/>\n<link rel=\"canonical\" href=\"https:\/\/sertek.com.tr\/tr\/sisli-kabarcik-sergisi\/\" \/>\n<meta property=\"og:locale\" content=\"tr_TR\" \/>\n<meta property=\"og:type\" content=\"article\" \/>\n<meta property=\"og:title\" content=\"Misty Soap Bubbles Exhibit - Sertek Exhibitions\" \/>\n<meta property=\"og:description\" content=\"Soap bubbles exhibit invites visitors of all ages to step into a world where imagination takes flight through misty soap bubbles of all sizes.\" \/>\n<meta property=\"og:url\" content=\"https:\/\/sertek.com.tr\/tr\/sisli-kabarcik-sergisi\/\" \/>\n<meta property=\"og:site_name\" content=\"Sertek Exhibitions\" \/>\n<meta property=\"article:modified_time\" content=\"2023-10-03T20:14:14+00:00\" \/>\n<meta property=\"og:image\" content=\"https:\/\/sertek.com.tr\/wp-content\/uploads\/elementor\/thumbs\/Misty-Soap-Bubbles-2-qbxm8n3ihmn2f4lwuvk7kokn4bmnk7ifg8sfue65xk.jpg\" \/>\n<meta name=\"twitter:card\" content=\"summary_large_image\" \/>\n<meta name=\"twitter:label1\" content=\"Tahmini okuma s\u00fcresi\" \/>\n\t<meta name=\"twitter:data1\" content=\"3 dakika\" \/>\n<script type=\"application\/ld+json\" class=\"yoast-schema-graph\">{\"@context\":\"https:\/\/schema.org\",\"@graph\":[{\"@type\":\"WebPage\",\"@id\":\"https:\/\/sertek.com.tr\/en\/misty-soap-bubbles-exhibit\/\",\"url\":\"https:\/\/sertek.com.tr\/en\/misty-soap-bubbles-exhibit\/\",\"name\":\"Misty Soap Bubbles Exhibit - Sertek Exhibitions\",\"isPartOf\":{\"@id\":\"https:\/\/sertek.com.tr\/en\/#website\"},\"primaryImageOfPage\":{\"@id\":\"https:\/\/sertek.com.tr\/en\/misty-soap-bubbles-exhibit\/#primaryimage\"},\"image\":{\"@id\":\"https:\/\/sertek.com.tr\/en\/misty-soap-bubbles-exhibit\/#primaryimage\"},\"thumbnailUrl\":\"https:\/\/sertek.com.tr\/wp-content\/uploads\/elementor\/thumbs\/Misty-Soap-Bubbles-2-qbxm8n3ihmn2f4lwuvk7kokn4bmnk7ifg8sfue65xk.jpg\",\"datePublished\":\"2023-07-22T06:25:32+00:00\",\"dateModified\":\"2023-10-03T20:14:14+00:00\",\"description\":\"Soap bubbles exhibit invites visitors of all ages to step into a world where imagination takes flight through misty soap bubbles of all sizes.\",\"breadcrumb\":{\"@id\":\"https:\/\/sertek.com.tr\/en\/misty-soap-bubbles-exhibit\/#breadcrumb\"},\"inLanguage\":\"tr\",\"potentialAction\":[{\"@type\":\"ReadAction\",\"target\":[\"https:\/\/sertek.com.tr\/en\/misty-soap-bubbles-exhibit\/\"]}]},{\"@type\":\"ImageObject\",\"inLanguage\":\"tr\",\"@id\":\"https:\/\/sertek.com.tr\/en\/misty-soap-bubbles-exhibit\/#primaryimage\",\"url\":\"https:\/\/sertek.com.tr\/wp-content\/uploads\/elementor\/thumbs\/Misty-Soap-Bubbles-2-qbxm8n3ihmn2f4lwuvk7kokn4bmnk7ifg8sfue65xk.jpg\",\"contentUrl\":\"https:\/\/sertek.com.tr\/wp-content\/uploads\/elementor\/thumbs\/Misty-Soap-Bubbles-2-qbxm8n3ihmn2f4lwuvk7kokn4bmnk7ifg8sfue65xk.jpg\"},{\"@type\":\"BreadcrumbList\",\"@id\":\"https:\/\/sertek.com.tr\/en\/misty-soap-bubbles-exhibit\/#breadcrumb\",\"itemListElement\":[{\"@type\":\"ListItem\",\"position\":1,\"name\":\"Home\",\"item\":\"https:\/\/sertek.com.tr\/\"},{\"@type\":\"ListItem\",\"position\":2,\"name\":\"Misty Soap Bubbles Exhibit\"}]},{\"@type\":\"WebSite\",\"@id\":\"https:\/\/sertek.com.tr\/en\/#website\",\"url\":\"https:\/\/sertek.com.tr\/en\/\",\"name\":\"Sertek Exhibitions\",\"description\":\"Sertek Exhibitons\",\"publisher\":{\"@id\":\"https:\/\/sertek.com.tr\/en\/#organization\"},\"potentialAction\":[{\"@type\":\"SearchAction\",\"target\":{\"@type\":\"EntryPoint\",\"urlTemplate\":\"https:\/\/sertek.com.tr\/en\/?s={search_term_string}\"},\"query-input\":{\"@type\":\"PropertyValueSpecification\",\"valueRequired\":true,\"valueName\":\"search_term_string\"}}],\"inLanguage\":\"tr\"},{\"@type\":\"Organization\",\"@id\":\"https:\/\/sertek.com.tr\/en\/#organization\",\"name\":\"Sertek Exhibitions\",\"url\":\"https:\/\/sertek.com.tr\/en\/\",\"logo\":{\"@type\":\"ImageObject\",\"inLanguage\":\"tr\",\"@id\":\"https:\/\/sertek.com.tr\/en\/#\/schema\/logo\/image\/\",\"url\":\"https:\/\/sertek.com.tr\/wp-content\/uploads\/2023\/06\/SertekLogo-1.png\",\"contentUrl\":\"https:\/\/sertek.com.tr\/wp-content\/uploads\/2023\/06\/SertekLogo-1.png\",\"width\":300,\"height\":49,\"caption\":\"Sertek Exhibitions\"},\"image\":{\"@id\":\"https:\/\/sertek.com.tr\/en\/#\/schema\/logo\/image\/\"},\"sameAs\":[\"https:\/\/www.linkedin.com\/company\/sertek-exhibitions\/\"]}]}<\/script>\n<!-- \/ Yoast SEO plugin. -->","yoast_head_json":{"title":"Misty Soap Bubbles Exhibit - Sertek Exhibitions","description":"Soap bubbles exhibit invites visitors of all ages to step into a world where imagination takes flight through misty soap bubbles of all sizes.","robots":{"index":"index","follow":"follow","max-snippet":"max-snippet:-1","max-image-preview":"max-image-preview:large","max-video-preview":"max-video-preview:-1"},"canonical":"https:\/\/sertek.com.tr\/tr\/sisli-kabarcik-sergisi\/","og_locale":"tr_TR","og_type":"article","og_title":"Misty Soap Bubbles Exhibit - Sertek Exhibitions","og_description":"Soap bubbles exhibit invites visitors of all ages to step into a world where imagination takes flight through misty soap bubbles of all sizes.","og_url":"https:\/\/sertek.com.tr\/tr\/sisli-kabarcik-sergisi\/","og_site_name":"Sertek Exhibitions","article_modified_time":"2023-10-03T20:14:14+00:00","og_image":[{"url":"https:\/\/sertek.com.tr\/wp-content\/uploads\/elementor\/thumbs\/Misty-Soap-Bubbles-2-qbxm8n3ihmn2f4lwuvk7kokn4bmnk7ifg8sfue65xk.jpg","type":"","width":"","height":""}],"twitter_card":"summary_large_image","twitter_misc":{"Tahmini okuma s\u00fcresi":"3 dakika"},"schema":{"@context":"https:\/\/schema.org","@graph":[{"@type":"WebPage","@id":"https:\/\/sertek.com.tr\/en\/misty-soap-bubbles-exhibit\/","url":"https:\/\/sertek.com.tr\/en\/misty-soap-bubbles-exhibit\/","name":"Misty Soap Bubbles Exhibit - Sertek Exhibitions","isPartOf":{"@id":"https:\/\/sertek.com.tr\/en\/#website"},"primaryImageOfPage":{"@id":"https:\/\/sertek.com.tr\/en\/misty-soap-bubbles-exhibit\/#primaryimage"},"image":{"@id":"https:\/\/sertek.com.tr\/en\/misty-soap-bubbles-exhibit\/#primaryimage"},"thumbnailUrl":"https:\/\/sertek.com.tr\/wp-content\/uploads\/elementor\/thumbs\/Misty-Soap-Bubbles-2-qbxm8n3ihmn2f4lwuvk7kokn4bmnk7ifg8sfue65xk.jpg","datePublished":"2023-07-22T06:25:32+00:00","dateModified":"2023-10-03T20:14:14+00:00","description":"Soap bubbles exhibit invites visitors of all ages to step into a world where imagination takes flight through misty soap bubbles of all sizes.","breadcrumb":{"@id":"https:\/\/sertek.com.tr\/en\/misty-soap-bubbles-exhibit\/#breadcrumb"},"inLanguage":"tr","potentialAction":[{"@type":"ReadAction","target":["https:\/\/sertek.com.tr\/en\/misty-soap-bubbles-exhibit\/"]}]},{"@type":"ImageObject","inLanguage":"tr","@id":"https:\/\/sertek.com.tr\/en\/misty-soap-bubbles-exhibit\/#primaryimage","url":"https:\/\/sertek.com.tr\/wp-content\/uploads\/elementor\/thumbs\/Misty-Soap-Bubbles-2-qbxm8n3ihmn2f4lwuvk7kokn4bmnk7ifg8sfue65xk.jpg","contentUrl":"https:\/\/sertek.com.tr\/wp-content\/uploads\/elementor\/thumbs\/Misty-Soap-Bubbles-2-qbxm8n3ihmn2f4lwuvk7kokn4bmnk7ifg8sfue65xk.jpg"},{"@type":"BreadcrumbList","@id":"https:\/\/sertek.com.tr\/en\/misty-soap-bubbles-exhibit\/#breadcrumb","itemListElement":[{"@type":"ListItem","position":1,"name":"Home","item":"https:\/\/sertek.com.tr\/"},{"@type":"ListItem","position":2,"name":"Misty Soap Bubbles Exhibit"}]},{"@type":"WebSite","@id":"https:\/\/sertek.com.tr\/en\/#website","url":"https:\/\/sertek.com.tr\/en\/","name":"Sertek Exhibitions","description":"Sertek Exhibitons","publisher":{"@id":"https:\/\/sertek.com.tr\/en\/#organization"},"potentialAction":[{"@type":"SearchAction","target":{"@type":"EntryPoint","urlTemplate":"https:\/\/sertek.com.tr\/en\/?s={search_term_string}"},"query-input":{"@type":"PropertyValueSpecification","valueRequired":true,"valueName":"search_term_string"}}],"inLanguage":"tr"},{"@type":"Organization","@id":"https:\/\/sertek.com.tr\/en\/#organization","name":"Sertek Exhibitions","url":"https:\/\/sertek.com.tr\/en\/","logo":{"@type":"ImageObject","inLanguage":"tr","@id":"https:\/\/sertek.com.tr\/en\/#\/schema\/logo\/image\/","url":"https:\/\/sertek.com.tr\/wp-content\/uploads\/2023\/06\/SertekLogo-1.png","contentUrl":"https:\/\/sertek.com.tr\/wp-content\/uploads\/2023\/06\/SertekLogo-1.png","width":300,"height":49,"caption":"Sertek Exhibitions"},"image":{"@id":"https:\/\/sertek.com.tr\/en\/#\/schema\/logo\/image\/"},"sameAs":["https:\/\/www.linkedin.com\/company\/sertek-exhibitions\/"]}]}},"jetpack_sharing_enabled":true,"_links":{"self":[{"href":"https:\/\/sertek.com.tr\/tr\/wp-json\/wp\/v2\/pages\/4322","targetHints":{"allow":["GET"]}}],"collection":[{"href":"https:\/\/sertek.com.tr\/tr\/wp-json\/wp\/v2\/pages"}],"about":[{"href":"https:\/\/sertek.com.tr\/tr\/wp-json\/wp\/v2\/types\/page"}],"author":[{"embeddable":true,"href":"https:\/\/sertek.com.tr\/tr\/wp-json\/wp\/v2\/users\/2"}],"replies":[{"embeddable":true,"href":"https:\/\/sertek.com.tr\/tr\/wp-json\/wp\/v2\/comments?post=4322"}],"version-history":[{"count":20,"href":"https:\/\/sertek.com.tr\/tr\/wp-json\/wp\/v2\/pages\/4322\/revisions"}],"predecessor-version":[{"id":7037,"href":"https:\/\/sertek.com.tr\/tr\/wp-json\/wp\/v2\/pages\/4322\/revisions\/7037"}],"wp:attachment":[{"href":"https:\/\/sertek.com.tr\/tr\/wp-json\/wp\/v2\/media?parent=4322"}],"curies":[{"name":"wp","href":"https:\/\/api.w.org\/{rel}","templated":true}]}}