{"id":4403,"date":"2023-07-22T06:50:50","date_gmt":"2023-07-22T06:50:50","guid":{"rendered":"https:\/\/sertekexhibitions.com\/?page_id=4403"},"modified":"2023-11-07T19:54:27","modified_gmt":"2023-11-07T19:54:27","slug":"water-consumption-exhibit","status":"publish","type":"page","link":"https:\/\/sertek.com.tr\/tr\/su-tuketimi-sergisi\/","title":{"rendered":"Su T\u00fcketim Sergisi"},"content":{"rendered":"<div data-elementor-type=\"wp-page\" data-elementor-id=\"4403\" class=\"elementor elementor-4403\" data-elementor-settings=\"{&quot;ha_cmc_init_switcher&quot;:&quot;no&quot;}\">\n\t\t\t\t\t\t<section class=\"elementor-section elementor-top-section elementor-element elementor-element-9f5181a elementor-section-boxed elementor-section-height-default elementor-section-height-default\" data-id=\"9f5181a\" data-element_type=\"section\" data-settings=\"{&quot;_ha_eqh_enable&quot;:false}\">\n\t\t\t\t\t\t<div class=\"elementor-container elementor-column-gap-extended\">\n\t\t\t\t\t<div class=\"elementor-column elementor-col-100 elementor-top-column elementor-element elementor-element-e397ea5\" data-id=\"e397ea5\" data-element_type=\"column\">\n\t\t\t<div class=\"elementor-widget-wrap elementor-element-populated\">\n\t\t\t\t\t\t<section class=\"elementor-section elementor-inner-section elementor-element elementor-element-168ee6b elementor-section-full_width elementor-section-height-default elementor-section-height-default\" data-id=\"168ee6b\" data-element_type=\"section\" data-settings=\"{&quot;background_background&quot;:&quot;classic&quot;,&quot;_ha_eqh_enable&quot;:false}\">\n\t\t\t\t\t\t<div class=\"elementor-container elementor-column-gap-wide\">\n\t\t\t\t\t<div class=\"elementor-column elementor-col-50 elementor-inner-column elementor-element elementor-element-b3fab0f has-sticky-column\" data-id=\"b3fab0f\" data-element_type=\"column\">\n\t\t\t<div class=\"elementor-widget-wrap elementor-element-populated\">\n\t\t\t\t\t\t<div class=\"elementor-element elementor-element-638187d elementor-widget__width-inherit elementor-arrows-position-inside elementor-pagination-position-outside elementor-widget elementor-widget-image-carousel\" data-id=\"638187d\" data-element_type=\"widget\" data-settings=\"{&quot;slides_to_show&quot;:&quot;1&quot;,&quot;navigation&quot;:&quot;both&quot;,&quot;autoplay&quot;:&quot;yes&quot;,&quot;pause_on_hover&quot;:&quot;yes&quot;,&quot;pause_on_interaction&quot;:&quot;yes&quot;,&quot;autoplay_speed&quot;:5000,&quot;infinite&quot;:&quot;yes&quot;,&quot;effect&quot;:&quot;slide&quot;,&quot;speed&quot;:500}\" data-widget_type=\"image-carousel.default\">\n\t\t\t\t<div class=\"elementor-widget-container\">\n\t\t\t\t\t\t\t<div class=\"elementor-image-carousel-wrapper swiper\" role=\"region\" aria-roledescription=\"carousel\" aria-label=\"Resim D\u00f6ng\u00fcs\u00fc\" dir=\"ltr\">\n\t\t\t<div class=\"elementor-image-carousel swiper-wrapper\" aria-live=\"off\">\n\t\t\t\t\t\t\t\t<div class=\"swiper-slide\" role=\"group\" aria-roledescription=\"slide\" aria-label=\"1 \/ 1\"><figure class=\"swiper-slide-inner\"><img decoding=\"async\" class=\"swiper-slide-image\" src=\"https:\/\/sertek.com.tr\/wp-content\/uploads\/elementor\/thumbs\/43334333_171111190487472_4014052095731756762_n-qf0x7mat11crni0jgnlixy886qx4uqw7sam6m9t3t4.jpg\" alt=\"su t\u00fcketimi sergisi\" \/><\/figure><\/div>\t\t\t<\/div>\n\t\t\t\t\t<\/div>\n\t\t\t\t\t\t<\/div>\n\t\t\t\t<\/div>\n\t\t\t\t\t<\/div>\n\t\t<\/div>\n\t\t\t\t<div class=\"elementor-column elementor-col-50 elementor-inner-column elementor-element elementor-element-d20b3f1\" data-id=\"d20b3f1\" data-element_type=\"column\">\n\t\t\t<div class=\"elementor-widget-wrap elementor-element-populated\">\n\t\t\t\t\t\t<div class=\"elementor-element elementor-element-fdc4ac9 elementor-widget elementor-widget-heading\" data-id=\"fdc4ac9\" data-element_type=\"widget\" data-widget_type=\"heading.default\">\n\t\t\t\t<div class=\"elementor-widget-container\">\n\t\t\t\t\t<h1 class=\"elementor-heading-title elementor-size-default\">Su t\u00fcketimi<\/h1>\t\t\t\t<\/div>\n\t\t\t\t<\/div>\n\t\t\t\t<div class=\"elementor-element elementor-element-dbc5ed9 elementor-widget elementor-widget-text-editor\" data-id=\"dbc5ed9\" data-element_type=\"widget\" data-widget_type=\"text-editor.default\">\n\t\t\t\t<div class=\"elementor-widget-container\">\n\t\t\t\t\t\t\t\t\t<p>Su T\u00fcketimi sergisi, su t\u00fcketiminin \u00f6nemini ke\u015ffetmeye y\u00f6nelik bir davettir. <a href=\"https:\/\/www.volusia.org\/services\/growth-and-resource-management\/environmental-management\/natural-resources\/water-conservation\/25-ways-to-save-water.stml\" target=\"_blank\" rel=\"noopener\">su tasarrufu<\/a>. Etkile\u015fimli sergi, d\u00fc\u015f\u00fcnceyi k\u0131\u015fk\u0131rtmak ve de\u011fi\u015fime ilham vermek i\u00e7in tasarlanm\u0131\u015ft\u0131r. Ziyaret\u00e7ileri su t\u00fcketim al\u0131\u015fkanl\u0131klar\u0131n\u0131 d\u00fc\u015f\u00fcnmeye ve daha \u00e7evre dostu se\u00e7imler yapmaya te\u015fvik eder. Bu etkile\u015fimli sergi, ziyaret\u00e7ileri \u00e7e\u015fitli g\u00fcnl\u00fck aktiviteler i\u00e7in gereken \u00f6nemli miktardaki suyu d\u00fc\u015f\u00fcnmeye te\u015fvik ederek su kullan\u0131m\u0131 konusunda fark\u0131ndal\u0131k ve fark\u0131ndal\u0131k yarat\u0131r.<\/p>\n<p>Su t\u00fcketimi sergisi bir masa ve duvara monte edilmi\u015f bir sergiden olu\u015fuyor. Duvar b\u00f6l\u00fcm\u00fc, her biri \u00e7e\u015fitli aktiviteler i\u00e7in gereken su hacmini temsil eden \u00e7ok say\u0131da 5 litrelik su \u015fi\u015fesiyle s\u00fcslenmi\u015f. Masan\u0131n \u00fczerinde, di\u015f f\u0131r\u00e7as\u0131 gibi g\u00fcnl\u00fck su t\u00fcketim kaynaklar\u0131na benzeyen nesneler sergileniyor. Ziyaret\u00e7iler, bir nesnenin \u00f6n\u00fcndeki d\u00fc\u011fmeye basarak ayd\u0131nlat\u0131c\u0131 bir deneyimi etkinle\u015ftiriyor.<\/p>\t\t\t\t\t\t\t\t<\/div>\n\t\t\t\t<\/div>\n\t\t\t\t<div class=\"elementor-element elementor-element-734d4c8 elementor-widget-divider--view-line elementor-widget elementor-widget-divider\" data-id=\"734d4c8\" data-element_type=\"widget\" data-widget_type=\"divider.default\">\n\t\t\t\t<div class=\"elementor-widget-container\">\n\t\t\t\t\t\t\t<div class=\"elementor-divider\">\n\t\t\t<span class=\"elementor-divider-separator\">\n\t\t\t\t\t\t<\/span>\n\t\t<\/div>\n\t\t\t\t\t\t<\/div>\n\t\t\t\t<\/div>\n\t\t\t\t<div class=\"elementor-element elementor-element-fab83ea elementor-widget elementor-widget-heading\" data-id=\"fab83ea\" data-element_type=\"widget\" data-widget_type=\"heading.default\">\n\t\t\t\t<div class=\"elementor-widget-container\">\n\t\t\t\t\t<h2 class=\"elementor-heading-title elementor-size-default\">Ziyaret\u00e7i Deneyimi<\/h2>\t\t\t\t<\/div>\n\t\t\t\t<\/div>\n\t\t\t\t<div class=\"elementor-element elementor-element-680c6bc elementor-widget elementor-widget-text-editor\" data-id=\"680c6bc\" data-element_type=\"widget\" data-widget_type=\"text-editor.default\">\n\t\t\t\t<div class=\"elementor-widget-container\">\n\t\t\t\t\t\t\t\t\t<p>Ziyaret\u00e7iler Su T\u00fcketimi Etkile\u015fimli Alan\u0131&#039;na yakla\u015ft\u0131klar\u0131nda, her biri farkl\u0131 g\u00fcnl\u00fck aktiviteler i\u00e7in gereken su miktar\u0131n\u0131 temsil eden 5 litrelik su \u015fi\u015feleriyle s\u00fcslenmi\u015f bir duvarla kar\u015f\u0131la\u015f\u0131rlar. Masan\u0131n \u00fczerine, di\u015f f\u0131r\u00e7as\u0131 veya \u00e7ama\u015f\u0131r makinesi gibi su t\u00fcketim kaynaklar\u0131na benzeyen nesneler yerle\u015ftirilir.<\/p><p>Ziyaret\u00e7iler bir nesnenin \u00f6n\u00fcndeki d\u00fc\u011fmeye basarak g\u00f6z a\u00e7\u0131c\u0131 bir deneyimi etkinle\u015ftirir. Bu aktiviteye kar\u015f\u0131l\u0131k gelen su \u015fi\u015fesi parlamaya ba\u015flar ve bu belirli g\u00f6rev i\u00e7in t\u00fcketilen ortalama su miktar\u0131n\u0131 g\u00f6sterir. Ziyaret\u00e7iler yayg\u0131n eylemlerle ili\u015fkili elle tutulur su hacmine tan\u0131kl\u0131k ettik\u00e7e g\u00f6rsel etki \u00e7arp\u0131c\u0131d\u0131r.<\/p><p>\u0130nteraktif etkinlik, ziyaret\u00e7ileri su kullan\u0131m\u0131 konusunda ele\u015ftirel d\u00fc\u015f\u00fcnmeye te\u015fvik ederek, fark\u0131ndal\u0131k yarat\u0131yor ve bu de\u011ferli kayna\u011f\u0131n korunmas\u0131n\u0131n \u00f6nemi hakk\u0131nda konu\u015fmalar ba\u015flat\u0131yor.<\/p>\t\t\t\t\t\t\t\t<\/div>\n\t\t\t\t<\/div>\n\t\t\t\t<div class=\"elementor-element elementor-element-aa620e7 elementor-widget-divider--view-line elementor-widget elementor-widget-divider\" data-id=\"aa620e7\" data-element_type=\"widget\" data-widget_type=\"divider.default\">\n\t\t\t\t<div class=\"elementor-widget-container\">\n\t\t\t\t\t\t\t<div class=\"elementor-divider\">\n\t\t\t<span class=\"elementor-divider-separator\">\n\t\t\t\t\t\t<\/span>\n\t\t<\/div>\n\t\t\t\t\t\t<\/div>\n\t\t\t\t<\/div>\n\t\t\t\t<div class=\"elementor-element elementor-element-3509e1e elementor-widget elementor-widget-heading\" data-id=\"3509e1e\" data-element_type=\"widget\" data-widget_type=\"heading.default\">\n\t\t\t\t<div class=\"elementor-widget-container\">\n\t\t\t\t\t<h2 class=\"elementor-heading-title elementor-size-default\">\u00d6ne \u00c7\u0131kan \u00d6zellikler<\/h2>\t\t\t\t<\/div>\n\t\t\t\t<\/div>\n\t\t\t\t<div class=\"elementor-element elementor-element-e7d3e2f elementor-widget elementor-widget-text-editor\" data-id=\"e7d3e2f\" data-element_type=\"widget\" data-widget_type=\"text-editor.default\">\n\t\t\t\t<div class=\"elementor-widget-container\">\n\t\t\t\t\t\t\t\t\t<ol><li><p><strong>Su Fark\u0131ndal\u0131\u011f\u0131:<\/strong> Ziyaret\u00e7iler, g\u00fcnl\u00fck aktiviteler s\u0131ras\u0131nda t\u00fcketilen su miktar\u0131 hakk\u0131nda daha derin bir anlay\u0131\u015fa sahip oluyorlar.<\/p><\/li><li><p><strong>G\u00f6rsel Etki:<\/strong> Sergide, her aktivite i\u00e7in gereken su miktar\u0131n\u0131 g\u00f6stermek amac\u0131yla su \u015fi\u015felerinin g\u00f6rsel temsili kullan\u0131l\u0131yor ve bu sayede g\u00fc\u00e7l\u00fc ve ak\u0131lda kal\u0131c\u0131 bir g\u00f6rsel etki yarat\u0131l\u0131yor.<\/p><\/li><li><p><strong>Bilin\u00e7li T\u00fcketim:<\/strong> Ziyaret\u00e7ileri suyun korunmas\u0131n\u0131n \u00f6nemini g\u00f6z \u00f6n\u00fcnde bulundurmaya ve g\u00fcnl\u00fck rutinlerinde daha bilin\u00e7li se\u00e7imler yapmaya te\u015fvik eder.<\/p><\/li><li><p><strong>Etkile\u015fimli Deneyim:<\/strong> Ziyaret\u00e7iler sergide aktif olarak yer al\u0131yor, objelerle etkile\u015fim kuruyor ve sergilenen su \u015fi\u015fesinin yanmas\u0131n\u0131 g\u00f6zlemliyorlar.<\/p><\/li><\/ol>\t\t\t\t\t\t\t\t<\/div>\n\t\t\t\t<\/div>\n\t\t\t\t<div class=\"elementor-element elementor-element-7c65235 elementor-widget-divider--view-line elementor-widget elementor-widget-divider\" data-id=\"7c65235\" data-element_type=\"widget\" data-widget_type=\"divider.default\">\n\t\t\t\t<div class=\"elementor-widget-container\">\n\t\t\t\t\t\t\t<div class=\"elementor-divider\">\n\t\t\t<span class=\"elementor-divider-separator\">\n\t\t\t\t\t\t<\/span>\n\t\t<\/div>\n\t\t\t\t\t\t<\/div>\n\t\t\t\t<\/div>\n\t\t\t\t<div class=\"elementor-element elementor-element-702439d elementor-widget elementor-widget-heading\" data-id=\"702439d\" data-element_type=\"widget\" data-widget_type=\"heading.default\">\n\t\t\t\t<div class=\"elementor-widget-container\">\n\t\t\t\t\t<h2 class=\"elementor-heading-title elementor-size-default\">Hedef Ya\u015f<\/h2>\t\t\t\t<\/div>\n\t\t\t\t<\/div>\n\t\t\t\t<div class=\"elementor-element elementor-element-45728a9 elementor-icon-list--layout-traditional elementor-list-item-link-full_width elementor-widget elementor-widget-icon-list\" data-id=\"45728a9\" data-element_type=\"widget\" data-widget_type=\"icon-list.default\">\n\t\t\t\t<div class=\"elementor-widget-container\">\n\t\t\t\t\t\t\t<ul class=\"elementor-icon-list-items\">\n\t\t\t\t\t\t\t<li class=\"elementor-icon-list-item\">\n\t\t\t\t\t\t\t\t\t\t\t<span class=\"elementor-icon-list-icon\">\n\t\t\t\t\t\t\t<i aria-hidden=\"true\" class=\"fas fa-check\"><\/i>\t\t\t\t\t\t<\/span>\n\t\t\t\t\t\t\t\t\t\t<span class=\"elementor-icon-list-text\">Her ya\u015ftan.<\/span>\n\t\t\t\t\t\t\t\t\t<\/li>\n\t\t\t\t\t\t<\/ul>\n\t\t\t\t\t\t<\/div>\n\t\t\t\t<\/div>\n\t\t\t\t<div class=\"elementor-element elementor-element-477164e elementor-widget-divider--view-line elementor-widget elementor-widget-divider\" data-id=\"477164e\" data-element_type=\"widget\" data-widget_type=\"divider.default\">\n\t\t\t\t<div class=\"elementor-widget-container\">\n\t\t\t\t\t\t\t<div class=\"elementor-divider\">\n\t\t\t<span class=\"elementor-divider-separator\">\n\t\t\t\t\t\t<\/span>\n\t\t<\/div>\n\t\t\t\t\t\t<\/div>\n\t\t\t\t<\/div>\n\t\t\t\t<div class=\"elementor-element elementor-element-a0f2014 elementor-widget elementor-widget-heading\" data-id=\"a0f2014\" data-element_type=\"widget\" data-widget_type=\"heading.default\">\n\t\t\t\t<div class=\"elementor-widget-container\">\n\t\t\t\t\t<h2 class=\"elementor-heading-title elementor-size-default\">Uygulanabilir Temalar<\/h2>\t\t\t\t<\/div>\n\t\t\t\t<\/div>\n\t\t\t\t<div class=\"elementor-element elementor-element-77d70bf elementor-icon-list--layout-traditional elementor-list-item-link-full_width elementor-widget elementor-widget-icon-list\" data-id=\"77d70bf\" data-element_type=\"widget\" data-widget_type=\"icon-list.default\">\n\t\t\t\t<div class=\"elementor-widget-container\">\n\t\t\t\t\t\t\t<ul class=\"elementor-icon-list-items\">\n\t\t\t\t\t\t\t<li class=\"elementor-icon-list-item\">\n\t\t\t\t\t\t\t\t\t\t\t<a href=\"https:\/\/sertek.com.tr\/tr\/su-temali-sergiler\/\">\n\n\t\t\t\t\t\t\t\t\t\t\t\t<span class=\"elementor-icon-list-icon\">\n\t\t\t\t\t\t\t<i aria-hidden=\"true\" class=\"fas fa-water\"><\/i>\t\t\t\t\t\t<\/span>\n\t\t\t\t\t\t\t\t\t\t<span class=\"elementor-icon-list-text\">Su<\/span>\n\t\t\t\t\t\t\t\t\t\t\t<\/a>\n\t\t\t\t\t\t\t\t\t<\/li>\n\t\t\t\t\t\t\t\t<li class=\"elementor-icon-list-item\">\n\t\t\t\t\t\t\t\t\t\t\t<a href=\"https:\/\/sertek.com.tr\/tr\/doga-temali-sergiler\/\">\n\n\t\t\t\t\t\t\t\t\t\t\t\t<span class=\"elementor-icon-list-icon\">\n\t\t\t\t\t\t\t<i aria-hidden=\"true\" class=\"fab fa-envira\"><\/i>\t\t\t\t\t\t<\/span>\n\t\t\t\t\t\t\t\t\t\t<span class=\"elementor-icon-list-text\">Do\u011fa<\/span>\n\t\t\t\t\t\t\t\t\t\t\t<\/a>\n\t\t\t\t\t\t\t\t\t<\/li>\n\t\t\t\t\t\t<\/ul>\n\t\t\t\t\t\t<\/div>\n\t\t\t\t<\/div>\n\t\t\t\t\t<\/div>\n\t\t<\/div>\n\t\t\t\t\t<\/div>\n\t\t<\/section>\n\t\t\t\t<div class=\"elementor-element elementor-element-b458126 elementor-widget elementor-widget-spacer\" data-id=\"b458126\" data-element_type=\"widget\" data-widget_type=\"spacer.default\">\n\t\t\t\t<div class=\"elementor-widget-container\">\n\t\t\t\t\t\t\t<div class=\"elementor-spacer\">\n\t\t\t<div class=\"elementor-spacer-inner\"><\/div>\n\t\t<\/div>\n\t\t\t\t\t\t<\/div>\n\t\t\t\t<\/div>\n\t\t\t\t\t<\/div>\n\t\t<\/div>\n\t\t\t\t\t<\/div>\n\t\t<\/section>\n\t\t\t\t<\/div>","protected":false},"excerpt":{"rendered":"<p>Su T\u00fcketimi Su T\u00fcketimi sergisi, suyun korunmas\u0131n\u0131n \u00f6nemini ke\u015ffetmeye bir davettir. Etkile\u015fimli sergi, d\u00fc\u015f\u00fcnceyi ve [\u2026]<\/p>","protected":false},"author":2,"featured_media":7252,"parent":0,"menu_order":0,"comment_status":"closed","ping_status":"closed","template":"page-custom.php","meta":{"om_disable_all_campaigns":false,"_monsterinsights_skip_tracking":false,"_monsterinsights_sitenote_active":false,"_monsterinsights_sitenote_note":"","_monsterinsights_sitenote_category":0,"_uf_show_specific_survey":0,"_uf_disable_surveys":false,"footnotes":""},"class_list":["post-4403","page","type-page","status-publish","has-post-thumbnail","hentry"],"acf":{"full_width":false,"header_transparent":false,"header_white":false},"aioseo_notices":[],"yoast_head":"<!-- This site is optimized with the Yoast SEO plugin v26.9 - https:\/\/yoast.com\/product\/yoast-seo-wordpress\/ -->\n<title>Water Consumption Exhibit - Sertek Exhibitions<\/title>\n<meta name=\"description\" content=\"The Water Consumption exhibit is an invitation to explore the significance of water conservation for science centers and children&#039;s museums.\" \/>\n<meta name=\"robots\" content=\"index, follow, max-snippet:-1, max-image-preview:large, max-video-preview:-1\" \/>\n<link rel=\"canonical\" href=\"https:\/\/sertek.com.tr\/tr\/su-tuketimi-sergisi\/\" \/>\n<meta property=\"og:locale\" content=\"tr_TR\" \/>\n<meta property=\"og:type\" content=\"article\" \/>\n<meta property=\"og:title\" content=\"Water Consumption Exhibit - Sertek Exhibitions\" \/>\n<meta property=\"og:description\" content=\"The Water Consumption exhibit is an invitation to explore the significance of water conservation for science centers and children&#039;s museums.\" \/>\n<meta property=\"og:url\" content=\"https:\/\/sertek.com.tr\/tr\/su-tuketimi-sergisi\/\" \/>\n<meta property=\"og:site_name\" content=\"Sertek Exhibitions\" \/>\n<meta property=\"article:modified_time\" content=\"2023-11-07T19:54:27+00:00\" \/>\n<meta property=\"og:image\" content=\"https:\/\/sertek.com.tr\/wp-content\/uploads\/2023\/11\/43334333_171111190487472_4014052095731756762_n.jpg\" \/>\n\t<meta property=\"og:image:width\" content=\"1080\" \/>\n\t<meta property=\"og:image:height\" content=\"1080\" \/>\n\t<meta property=\"og:image:type\" content=\"image\/jpeg\" \/>\n<meta name=\"twitter:card\" content=\"summary_large_image\" \/>\n<meta name=\"twitter:label1\" content=\"Tahmini okuma s\u00fcresi\" \/>\n\t<meta name=\"twitter:data1\" content=\"2 dakika\" \/>\n<script type=\"application\/ld+json\" class=\"yoast-schema-graph\">{\"@context\":\"https:\/\/schema.org\",\"@graph\":[{\"@type\":\"WebPage\",\"@id\":\"https:\/\/sertek.com.tr\/en\/water-consumption-exhibit\/\",\"url\":\"https:\/\/sertek.com.tr\/en\/water-consumption-exhibit\/\",\"name\":\"Water Consumption Exhibit - Sertek Exhibitions\",\"isPartOf\":{\"@id\":\"https:\/\/sertek.com.tr\/en\/#website\"},\"primaryImageOfPage\":{\"@id\":\"https:\/\/sertek.com.tr\/en\/water-consumption-exhibit\/#primaryimage\"},\"image\":{\"@id\":\"https:\/\/sertek.com.tr\/en\/water-consumption-exhibit\/#primaryimage\"},\"thumbnailUrl\":\"https:\/\/sertek.com.tr\/wp-content\/uploads\/2023\/11\/43334333_171111190487472_4014052095731756762_n.jpg\",\"datePublished\":\"2023-07-22T06:50:50+00:00\",\"dateModified\":\"2023-11-07T19:54:27+00:00\",\"description\":\"The Water Consumption exhibit is an invitation to explore the significance of water conservation for science centers and children's museums.\",\"breadcrumb\":{\"@id\":\"https:\/\/sertek.com.tr\/en\/water-consumption-exhibit\/#breadcrumb\"},\"inLanguage\":\"tr\",\"potentialAction\":[{\"@type\":\"ReadAction\",\"target\":[\"https:\/\/sertek.com.tr\/en\/water-consumption-exhibit\/\"]}]},{\"@type\":\"ImageObject\",\"inLanguage\":\"tr\",\"@id\":\"https:\/\/sertek.com.tr\/en\/water-consumption-exhibit\/#primaryimage\",\"url\":\"https:\/\/sertek.com.tr\/wp-content\/uploads\/2023\/11\/43334333_171111190487472_4014052095731756762_n.jpg\",\"contentUrl\":\"https:\/\/sertek.com.tr\/wp-content\/uploads\/2023\/11\/43334333_171111190487472_4014052095731756762_n.jpg\",\"width\":1080,\"height\":1080,\"caption\":\"water consumption exhibit\"},{\"@type\":\"BreadcrumbList\",\"@id\":\"https:\/\/sertek.com.tr\/en\/water-consumption-exhibit\/#breadcrumb\",\"itemListElement\":[{\"@type\":\"ListItem\",\"position\":1,\"name\":\"Home\",\"item\":\"https:\/\/sertek.com.tr\/\"},{\"@type\":\"ListItem\",\"position\":2,\"name\":\"Water Consumption Exhibit\"}]},{\"@type\":\"WebSite\",\"@id\":\"https:\/\/sertek.com.tr\/en\/#website\",\"url\":\"https:\/\/sertek.com.tr\/en\/\",\"name\":\"Sertek Exhibitions\",\"description\":\"Sertek Exhibitons\",\"publisher\":{\"@id\":\"https:\/\/sertek.com.tr\/en\/#organization\"},\"potentialAction\":[{\"@type\":\"SearchAction\",\"target\":{\"@type\":\"EntryPoint\",\"urlTemplate\":\"https:\/\/sertek.com.tr\/en\/?s={search_term_string}\"},\"query-input\":{\"@type\":\"PropertyValueSpecification\",\"valueRequired\":true,\"valueName\":\"search_term_string\"}}],\"inLanguage\":\"tr\"},{\"@type\":\"Organization\",\"@id\":\"https:\/\/sertek.com.tr\/en\/#organization\",\"name\":\"Sertek Exhibitions\",\"url\":\"https:\/\/sertek.com.tr\/en\/\",\"logo\":{\"@type\":\"ImageObject\",\"inLanguage\":\"tr\",\"@id\":\"https:\/\/sertek.com.tr\/en\/#\/schema\/logo\/image\/\",\"url\":\"https:\/\/sertek.com.tr\/wp-content\/uploads\/2023\/06\/SertekLogo-1.png\",\"contentUrl\":\"https:\/\/sertek.com.tr\/wp-content\/uploads\/2023\/06\/SertekLogo-1.png\",\"width\":300,\"height\":49,\"caption\":\"Sertek Exhibitions\"},\"image\":{\"@id\":\"https:\/\/sertek.com.tr\/en\/#\/schema\/logo\/image\/\"},\"sameAs\":[\"https:\/\/www.linkedin.com\/company\/sertek-exhibitions\/\"]}]}<\/script>\n<!-- \/ Yoast SEO plugin. -->","yoast_head_json":{"title":"Water Consumption Exhibit - Sertek Exhibitions","description":"The Water Consumption exhibit is an invitation to explore the significance of water conservation for science centers and children's museums.","robots":{"index":"index","follow":"follow","max-snippet":"max-snippet:-1","max-image-preview":"max-image-preview:large","max-video-preview":"max-video-preview:-1"},"canonical":"https:\/\/sertek.com.tr\/tr\/su-tuketimi-sergisi\/","og_locale":"tr_TR","og_type":"article","og_title":"Water Consumption Exhibit - Sertek Exhibitions","og_description":"The Water Consumption exhibit is an invitation to explore the significance of water conservation for science centers and children's museums.","og_url":"https:\/\/sertek.com.tr\/tr\/su-tuketimi-sergisi\/","og_site_name":"Sertek Exhibitions","article_modified_time":"2023-11-07T19:54:27+00:00","og_image":[{"width":1080,"height":1080,"url":"https:\/\/sertek.com.tr\/wp-content\/uploads\/2023\/11\/43334333_171111190487472_4014052095731756762_n.jpg","type":"image\/jpeg"}],"twitter_card":"summary_large_image","twitter_misc":{"Tahmini okuma s\u00fcresi":"2 dakika"},"schema":{"@context":"https:\/\/schema.org","@graph":[{"@type":"WebPage","@id":"https:\/\/sertek.com.tr\/en\/water-consumption-exhibit\/","url":"https:\/\/sertek.com.tr\/en\/water-consumption-exhibit\/","name":"Water Consumption Exhibit - Sertek Exhibitions","isPartOf":{"@id":"https:\/\/sertek.com.tr\/en\/#website"},"primaryImageOfPage":{"@id":"https:\/\/sertek.com.tr\/en\/water-consumption-exhibit\/#primaryimage"},"image":{"@id":"https:\/\/sertek.com.tr\/en\/water-consumption-exhibit\/#primaryimage"},"thumbnailUrl":"https:\/\/sertek.com.tr\/wp-content\/uploads\/2023\/11\/43334333_171111190487472_4014052095731756762_n.jpg","datePublished":"2023-07-22T06:50:50+00:00","dateModified":"2023-11-07T19:54:27+00:00","description":"The Water Consumption exhibit is an invitation to explore the significance of water conservation for science centers and children's museums.","breadcrumb":{"@id":"https:\/\/sertek.com.tr\/en\/water-consumption-exhibit\/#breadcrumb"},"inLanguage":"tr","potentialAction":[{"@type":"ReadAction","target":["https:\/\/sertek.com.tr\/en\/water-consumption-exhibit\/"]}]},{"@type":"ImageObject","inLanguage":"tr","@id":"https:\/\/sertek.com.tr\/en\/water-consumption-exhibit\/#primaryimage","url":"https:\/\/sertek.com.tr\/wp-content\/uploads\/2023\/11\/43334333_171111190487472_4014052095731756762_n.jpg","contentUrl":"https:\/\/sertek.com.tr\/wp-content\/uploads\/2023\/11\/43334333_171111190487472_4014052095731756762_n.jpg","width":1080,"height":1080,"caption":"water consumption exhibit"},{"@type":"BreadcrumbList","@id":"https:\/\/sertek.com.tr\/en\/water-consumption-exhibit\/#breadcrumb","itemListElement":[{"@type":"ListItem","position":1,"name":"Home","item":"https:\/\/sertek.com.tr\/"},{"@type":"ListItem","position":2,"name":"Water Consumption Exhibit"}]},{"@type":"WebSite","@id":"https:\/\/sertek.com.tr\/en\/#website","url":"https:\/\/sertek.com.tr\/en\/","name":"Sertek Exhibitions","description":"Sertek Exhibitons","publisher":{"@id":"https:\/\/sertek.com.tr\/en\/#organization"},"potentialAction":[{"@type":"SearchAction","target":{"@type":"EntryPoint","urlTemplate":"https:\/\/sertek.com.tr\/en\/?s={search_term_string}"},"query-input":{"@type":"PropertyValueSpecification","valueRequired":true,"valueName":"search_term_string"}}],"inLanguage":"tr"},{"@type":"Organization","@id":"https:\/\/sertek.com.tr\/en\/#organization","name":"Sertek Exhibitions","url":"https:\/\/sertek.com.tr\/en\/","logo":{"@type":"ImageObject","inLanguage":"tr","@id":"https:\/\/sertek.com.tr\/en\/#\/schema\/logo\/image\/","url":"https:\/\/sertek.com.tr\/wp-content\/uploads\/2023\/06\/SertekLogo-1.png","contentUrl":"https:\/\/sertek.com.tr\/wp-content\/uploads\/2023\/06\/SertekLogo-1.png","width":300,"height":49,"caption":"Sertek Exhibitions"},"image":{"@id":"https:\/\/sertek.com.tr\/en\/#\/schema\/logo\/image\/"},"sameAs":["https:\/\/www.linkedin.com\/company\/sertek-exhibitions\/"]}]}},"jetpack_sharing_enabled":true,"_links":{"self":[{"href":"https:\/\/sertek.com.tr\/tr\/wp-json\/wp\/v2\/pages\/4403","targetHints":{"allow":["GET"]}}],"collection":[{"href":"https:\/\/sertek.com.tr\/tr\/wp-json\/wp\/v2\/pages"}],"about":[{"href":"https:\/\/sertek.com.tr\/tr\/wp-json\/wp\/v2\/types\/page"}],"author":[{"embeddable":true,"href":"https:\/\/sertek.com.tr\/tr\/wp-json\/wp\/v2\/users\/2"}],"replies":[{"embeddable":true,"href":"https:\/\/sertek.com.tr\/tr\/wp-json\/wp\/v2\/comments?post=4403"}],"version-history":[{"count":20,"href":"https:\/\/sertek.com.tr\/tr\/wp-json\/wp\/v2\/pages\/4403\/revisions"}],"predecessor-version":[{"id":7255,"href":"https:\/\/sertek.com.tr\/tr\/wp-json\/wp\/v2\/pages\/4403\/revisions\/7255"}],"wp:featuredmedia":[{"embeddable":true,"href":"https:\/\/sertek.com.tr\/tr\/wp-json\/wp\/v2\/media\/7252"}],"wp:attachment":[{"href":"https:\/\/sertek.com.tr\/tr\/wp-json\/wp\/v2\/media?parent=4403"}],"curies":[{"name":"wp","href":"https:\/\/api.w.org\/{rel}","templated":true}]}}