{"id":4408,"date":"2023-07-22T06:53:41","date_gmt":"2023-07-22T06:53:41","guid":{"rendered":"https:\/\/sertekexhibitions.com\/?page_id=4408"},"modified":"2023-09-28T20:57:40","modified_gmt":"2023-09-28T20:57:40","slug":"flow-wall-exhibit","status":"publish","type":"page","link":"https:\/\/sertek.com.tr\/tr\/akis-duvari-sergisi\/","title":{"rendered":"Ak\u0131\u015f Duvar\u0131 Sergisi"},"content":{"rendered":"<div data-elementor-type=\"wp-page\" data-elementor-id=\"4408\" class=\"elementor elementor-4408\" data-elementor-settings=\"{&quot;ha_cmc_init_switcher&quot;:&quot;no&quot;}\">\n\t\t\t\t\t\t<section class=\"elementor-section elementor-top-section elementor-element elementor-element-9f5181a elementor-section-boxed elementor-section-height-default elementor-section-height-default\" data-id=\"9f5181a\" data-element_type=\"section\" data-settings=\"{&quot;_ha_eqh_enable&quot;:false}\">\n\t\t\t\t\t\t<div class=\"elementor-container elementor-column-gap-extended\">\n\t\t\t\t\t<div class=\"elementor-column elementor-col-100 elementor-top-column elementor-element elementor-element-e397ea5\" data-id=\"e397ea5\" data-element_type=\"column\">\n\t\t\t<div class=\"elementor-widget-wrap elementor-element-populated\">\n\t\t\t\t\t\t<section class=\"elementor-section elementor-inner-section elementor-element elementor-element-19b834e elementor-section-full_width elementor-section-height-default elementor-section-height-default\" data-id=\"19b834e\" data-element_type=\"section\" data-settings=\"{&quot;background_background&quot;:&quot;classic&quot;,&quot;_ha_eqh_enable&quot;:false}\">\n\t\t\t\t\t\t<div class=\"elementor-container elementor-column-gap-wide\">\n\t\t\t\t\t<div class=\"elementor-column elementor-col-50 elementor-inner-column elementor-element elementor-element-5f20e00 has-sticky-column\" data-id=\"5f20e00\" data-element_type=\"column\">\n\t\t\t<div class=\"elementor-widget-wrap elementor-element-populated\">\n\t\t\t\t\t\t<div class=\"elementor-element elementor-element-cdcc038 elementor-widget elementor-widget-video\" data-id=\"cdcc038\" data-element_type=\"widget\" data-settings=\"{&quot;youtube_url&quot;:&quot;https:\\\/\\\/youtu.be\\\/9u1sON5_CI4?si=uFNd6vBJnrN0muj0&quot;,&quot;video_type&quot;:&quot;youtube&quot;,&quot;controls&quot;:&quot;yes&quot;}\" data-widget_type=\"video.default\">\n\t\t\t\t<div class=\"elementor-widget-container\">\n\t\t\t\t\t\t\t<div class=\"elementor-wrapper elementor-open-inline\">\n\t\t\t<div class=\"elementor-video\"><\/div>\t\t<\/div>\n\t\t\t\t\t\t<\/div>\n\t\t\t\t<\/div>\n\t\t\t\t<div class=\"elementor-element elementor-element-4b7e5f6 elementor-widget__width-inherit elementor-arrows-position-inside elementor-pagination-position-outside elementor-widget elementor-widget-image-carousel\" data-id=\"4b7e5f6\" data-element_type=\"widget\" data-settings=\"{&quot;slides_to_show&quot;:&quot;1&quot;,&quot;navigation&quot;:&quot;both&quot;,&quot;autoplay&quot;:&quot;yes&quot;,&quot;pause_on_hover&quot;:&quot;yes&quot;,&quot;pause_on_interaction&quot;:&quot;yes&quot;,&quot;autoplay_speed&quot;:5000,&quot;infinite&quot;:&quot;yes&quot;,&quot;effect&quot;:&quot;slide&quot;,&quot;speed&quot;:500}\" data-widget_type=\"image-carousel.default\">\n\t\t\t\t<div class=\"elementor-widget-container\">\n\t\t\t\t\t\t\t<div class=\"elementor-image-carousel-wrapper swiper\" role=\"region\" aria-roledescription=\"carousel\" aria-label=\"Resim D\u00f6ng\u00fcs\u00fc\" dir=\"ltr\">\n\t\t\t<div class=\"elementor-image-carousel swiper-wrapper\" aria-live=\"off\">\n\t\t\t\t\t\t\t\t<div class=\"swiper-slide\" role=\"group\" aria-roledescription=\"slide\" aria-label=\"1 \/ 1\"><figure class=\"swiper-slide-inner\"><img decoding=\"async\" class=\"swiper-slide-image\" src=\"https:\/\/sertek.com.tr\/wp-content\/uploads\/elementor\/thumbs\/Flow-Wall-qbxm8n3ihmn2f4lwuvk7kokn4bmnk7ifg8sfue65xk.jpg\" alt=\"ak\u0131\u015f duvar\u0131 sergisi\" \/><\/figure><\/div>\t\t\t<\/div>\n\t\t\t\t\t<\/div>\n\t\t\t\t\t\t<\/div>\n\t\t\t\t<\/div>\n\t\t\t\t\t<\/div>\n\t\t<\/div>\n\t\t\t\t<div class=\"elementor-column elementor-col-50 elementor-inner-column elementor-element elementor-element-b95e94a\" data-id=\"b95e94a\" data-element_type=\"column\">\n\t\t\t<div class=\"elementor-widget-wrap elementor-element-populated\">\n\t\t\t\t\t\t<div class=\"elementor-element elementor-element-c41ae26 elementor-widget elementor-widget-heading\" data-id=\"c41ae26\" data-element_type=\"widget\" data-widget_type=\"heading.default\">\n\t\t\t\t<div class=\"elementor-widget-container\">\n\t\t\t\t\t<h1 class=\"elementor-heading-title elementor-size-default\">Ak\u0131\u015f Duvar\u0131 Sergisi<\/h1>\t\t\t\t<\/div>\n\t\t\t\t<\/div>\n\t\t\t\t<div class=\"elementor-element elementor-element-7515f47 elementor-widget elementor-widget-text-editor\" data-id=\"7515f47\" data-element_type=\"widget\" data-widget_type=\"text-editor.default\">\n\t\t\t\t<div class=\"elementor-widget-container\">\n\t\t\t\t\t\t\t\t\t<p>Ak\u0131\u015f Duvar\u0131 sergisi, bir ke\u015fif ve \u00e7evre bilinci yolculu\u011funa \u00e7\u0131kmaya davettir. Teknolojinin ekolojiyle bulu\u015ftu\u011fu, g\u00f6lgelerin g\u00fcc\u00fcn\u00fcn kurak manzaralar\u0131 canl\u0131 \u015fehirlere d\u00f6n\u00fc\u015ft\u00fcrd\u00fc\u011f\u00fc bu interaktif deneyimi Sertek Fuarlar\u0131&#039;nda bize kat\u0131l\u0131n ve ziyaret\u00e7ilerinize tan\u0131t\u0131n. G\u00f6lgelerin b\u00fcy\u00fcs\u00fcn\u00fc deneyimleyin, su tasarrufu hakk\u0131nda bilgi edinin ve insan eylemleri ile \u00e7evresel refah aras\u0131ndaki derin ba\u011flant\u0131lar\u0131 ke\u015ffedin.<\/p><p>Flow Wall, teknoloji, yarat\u0131c\u0131l\u0131k ve \u00e7evre bilincinin ola\u011fan\u00fcst\u00fc bir birle\u015fimidir. Ziyaret\u00e7ilerin v\u00fccutlar\u0131n\u0131 tan\u0131yan ve takip eden, yans\u0131t\u0131lan \u015fehir sahnesinde sanal g\u00f6lgeler olu\u015fturan bir derinlik kameras\u0131na sahiptir. Bu sanal g\u00f6lgeler, sanal ortamda suyu elle tutulur bir nesneymi\u015f gibi ta\u015f\u0131malar\u0131na ve manip\u00fcle etmelerine olanak tan\u0131yan fiziksel \u00f6zelliklere sahiptir.<\/p>\t\t\t\t\t\t\t\t<\/div>\n\t\t\t\t<\/div>\n\t\t\t\t<div class=\"elementor-element elementor-element-f5e58c1 elementor-widget-divider--view-line elementor-widget elementor-widget-divider\" data-id=\"f5e58c1\" data-element_type=\"widget\" data-widget_type=\"divider.default\">\n\t\t\t\t<div class=\"elementor-widget-container\">\n\t\t\t\t\t\t\t<div class=\"elementor-divider\">\n\t\t\t<span class=\"elementor-divider-separator\">\n\t\t\t\t\t\t<\/span>\n\t\t<\/div>\n\t\t\t\t\t\t<\/div>\n\t\t\t\t<\/div>\n\t\t\t\t<div class=\"elementor-element elementor-element-e6daf6c elementor-widget elementor-widget-heading\" data-id=\"e6daf6c\" data-element_type=\"widget\" data-widget_type=\"heading.default\">\n\t\t\t\t<div class=\"elementor-widget-container\">\n\t\t\t\t\t<h2 class=\"elementor-heading-title elementor-size-default\">Ziyaret\u00e7i Deneyimi<\/h2>\t\t\t\t<\/div>\n\t\t\t\t<\/div>\n\t\t\t\t<div class=\"elementor-element elementor-element-4f69ccb elementor-widget elementor-widget-text-editor\" data-id=\"4f69ccb\" data-element_type=\"widget\" data-widget_type=\"text-editor.default\">\n\t\t\t\t<div class=\"elementor-widget-container\">\n\t\t\t\t\t\t\t\t\t<p>Flow Wall sergisine ad\u0131m att\u0131\u011f\u0131n\u0131zda, \u015fefkat ve beceriklilik misyonunun hayati bir kat\u0131l\u0131mc\u0131s\u0131 olursunuz. Sergi, v\u00fccut hareketlerinizi alg\u0131lamak ve yorumlamak i\u00e7in en son teknolojiden yararlan\u0131yor. Basit bir dalga, eri\u015fim veya hareketle k\u0131tl\u0131kla kar\u015f\u0131 kar\u015f\u0131ya olan sanal bir \u015fehre su sa\u011flama g\u00fcc\u00fcne sahipsiniz.<\/p><p>Eylemlerinizin etkisine ger\u00e7ek zamanl\u0131 olarak tan\u0131k olurken amac\u0131n\u0131z\u0131n co\u015fkusunu hissedin. Ekranlarda temsil edilen sanal \u015fehir, acilen ihtiya\u00e7 duydu\u011fu de\u011ferli kayna\u011f\u0131 alarak jestlerinize yan\u0131t veriyor. Sezgisel ve ilgi \u00e7ekici etkile\u015fimler sayesinde ziyaret\u00e7iler, acil k\u00fcresel zorluklar\u0131n \u00fcstesinden gelmede her bireyin oynayabilece\u011fi derin rol\u00fc deneyimliyor.<\/p><p>Flow Wall sergisi s\u00fcr\u00fckleyici bir deneyimden daha fazlas\u0131d\u0131r; bu bir eylem \u00e7a\u011fr\u0131s\u0131d\u0131r. Ziyaret\u00e7ilerin de\u011fi\u015fimi etkileme kapasitelerinin fark\u0131na varmalar\u0131n\u0131 sa\u011flar ve gezegene ve sakinlerine kar\u015f\u0131 sorumluluk duygusunu te\u015fvik eder.<\/p>\t\t\t\t\t\t\t\t<\/div>\n\t\t\t\t<\/div>\n\t\t\t\t<div class=\"elementor-element elementor-element-7e8789a elementor-widget-divider--view-line elementor-widget elementor-widget-divider\" data-id=\"7e8789a\" data-element_type=\"widget\" data-widget_type=\"divider.default\">\n\t\t\t\t<div class=\"elementor-widget-container\">\n\t\t\t\t\t\t\t<div class=\"elementor-divider\">\n\t\t\t<span class=\"elementor-divider-separator\">\n\t\t\t\t\t\t<\/span>\n\t\t<\/div>\n\t\t\t\t\t\t<\/div>\n\t\t\t\t<\/div>\n\t\t\t\t<div class=\"elementor-element elementor-element-f10ccb8 elementor-widget elementor-widget-heading\" data-id=\"f10ccb8\" data-element_type=\"widget\" data-widget_type=\"heading.default\">\n\t\t\t\t<div class=\"elementor-widget-container\">\n\t\t\t\t\t<h2 class=\"elementor-heading-title elementor-size-default\">\u00d6ne \u00c7\u0131kan \u00d6zellikler<\/h2>\t\t\t\t<\/div>\n\t\t\t\t<\/div>\n\t\t\t\t<div class=\"elementor-element elementor-element-a6bfd85 elementor-widget elementor-widget-text-editor\" data-id=\"a6bfd85\" data-element_type=\"widget\" data-widget_type=\"text-editor.default\">\n\t\t\t\t<div class=\"elementor-widget-container\">\n\t\t\t\t\t\t\t\t\t<ol><li><strong>Eylem Yoluyla G\u00fc\u00e7lendirme:<\/strong> Ak\u0131\u015f Duvar\u0131 sergisi bireysel eylemin g\u00fcc\u00fcn\u00fc g\u00f6steriyor. Ziyaret\u00e7iler, jestlerinin k\u00fcresel zorluklar\u0131n \u00fcstesinden gelmede \u00f6nemli bir etkiye sahip olabilece\u011fini, g\u00fc\u00e7lenme ve sorumluluk duygusunu geli\u015ftirebilece\u011fini \u00f6\u011freniyor.<\/li><li><strong>K\u00fcresel Kaynak Bilinci:<\/strong> Sergi, suyun k\u00fcresel bir kaynak olarak kritik \u00f6nemi konusunda fark\u0131ndal\u0131k yarat\u0131yor. Ziyaret\u00e7ileri yak\u0131n \u00e7evrelerinin \u00f6tesinde d\u00fc\u015f\u00fcnmeye ve d\u00fcnya \u00e7ap\u0131ndaki su k\u0131tl\u0131\u011f\u0131 ve bollu\u011funun birbirine ba\u011fl\u0131l\u0131\u011f\u0131n\u0131 d\u00fc\u015f\u00fcnmeye te\u015fvik ediyor.<\/li><li><strong>Kataliz\u00f6r Olarak Teknoloji:<\/strong> Sergi, en son teknolojiden faydalanarak inovasyonun olumlu de\u011fi\u015fim i\u00e7in nas\u0131l bir kataliz\u00f6r olabilece\u011fini g\u00f6steriyor. Ziyaret\u00e7ileri karma\u015f\u0131k sorunlar\u0131n \u00e7\u00f6z\u00fcm\u00fcnde teknolojinin potansiyelini ke\u015ffetmeye te\u015fvik eder.<\/li><li><a href=\"https:\/\/aese.psu.edu\/research\/centers\/cecd\/engagement-toolbox\/engagement\/what-is-community-engagement\" target=\"_blank\" rel=\"noopener\"><strong>Toplum kat\u0131l\u0131m\u0131:<\/strong> <\/a>Flow Wall topluluk kat\u0131l\u0131m\u0131 duygusunu te\u015fvik eder. Ziyaret\u00e7iler i\u015fbirli\u011fi yap\u0131p deneyimlerini payla\u015farak kolektif eylemin anlaml\u0131 etkiye yol a\u00e7abilece\u011fi mesaj\u0131n\u0131 g\u00fc\u00e7lendiriyor.<\/li><li><strong>Ya\u015fam Boyu Savunuculuk:<\/strong> Sergi, sorumlu kaynak y\u00f6netimi ve \u015fefkatli eylem i\u00e7in ya\u015fam boyu savunuculu\u011fa ilham veriyor. Ziyaret\u00e7iler daha iyi bir gelecek yaratmada oynayabilecekleri rol\u00fc daha iyi anlayarak ayr\u0131l\u0131yor.<\/li><li><strong>D\u00f6n\u00fc\u015ft\u00fcr\u00fcc\u00fc Deneyimler:<\/strong> Flow Wall, d\u00f6n\u00fc\u015ft\u00fcr\u00fcc\u00fc ve unutulmaz bir deneyim sunar. Ziyaret\u00e7ileri d\u00fcnyadaki olumlu de\u011fi\u015fime katk\u0131da bulunma kapasiteleri \u00fczerinde d\u00fc\u015f\u00fcnmeye te\u015fvik eder.<\/li><\/ol>\t\t\t\t\t\t\t\t<\/div>\n\t\t\t\t<\/div>\n\t\t\t\t<div class=\"elementor-element elementor-element-4d71003 elementor-widget-divider--view-line elementor-widget elementor-widget-divider\" data-id=\"4d71003\" data-element_type=\"widget\" data-widget_type=\"divider.default\">\n\t\t\t\t<div class=\"elementor-widget-container\">\n\t\t\t\t\t\t\t<div class=\"elementor-divider\">\n\t\t\t<span class=\"elementor-divider-separator\">\n\t\t\t\t\t\t<\/span>\n\t\t<\/div>\n\t\t\t\t\t\t<\/div>\n\t\t\t\t<\/div>\n\t\t\t\t<div class=\"elementor-element elementor-element-9482ccf elementor-widget elementor-widget-heading\" data-id=\"9482ccf\" data-element_type=\"widget\" data-widget_type=\"heading.default\">\n\t\t\t\t<div class=\"elementor-widget-container\">\n\t\t\t\t\t<h2 class=\"elementor-heading-title elementor-size-default\">Hedef Ya\u015f<\/h2>\t\t\t\t<\/div>\n\t\t\t\t<\/div>\n\t\t\t\t<div class=\"elementor-element elementor-element-5ddf250 elementor-icon-list--layout-traditional elementor-list-item-link-full_width elementor-widget elementor-widget-icon-list\" data-id=\"5ddf250\" data-element_type=\"widget\" data-widget_type=\"icon-list.default\">\n\t\t\t\t<div class=\"elementor-widget-container\">\n\t\t\t\t\t\t\t<ul class=\"elementor-icon-list-items\">\n\t\t\t\t\t\t\t<li class=\"elementor-icon-list-item\">\n\t\t\t\t\t\t\t\t\t\t\t<span class=\"elementor-icon-list-icon\">\n\t\t\t\t\t\t\t<i aria-hidden=\"true\" class=\"fas fa-check\"><\/i>\t\t\t\t\t\t<\/span>\n\t\t\t\t\t\t\t\t\t\t<span class=\"elementor-icon-list-text\">Her ya\u015ftan.<\/span>\n\t\t\t\t\t\t\t\t\t<\/li>\n\t\t\t\t\t\t<\/ul>\n\t\t\t\t\t\t<\/div>\n\t\t\t\t<\/div>\n\t\t\t\t<div class=\"elementor-element elementor-element-e911de4 elementor-widget-divider--view-line elementor-widget elementor-widget-divider\" data-id=\"e911de4\" data-element_type=\"widget\" data-widget_type=\"divider.default\">\n\t\t\t\t<div class=\"elementor-widget-container\">\n\t\t\t\t\t\t\t<div class=\"elementor-divider\">\n\t\t\t<span class=\"elementor-divider-separator\">\n\t\t\t\t\t\t<\/span>\n\t\t<\/div>\n\t\t\t\t\t\t<\/div>\n\t\t\t\t<\/div>\n\t\t\t\t<div class=\"elementor-element elementor-element-68a909b elementor-widget elementor-widget-heading\" data-id=\"68a909b\" data-element_type=\"widget\" data-widget_type=\"heading.default\">\n\t\t\t\t<div class=\"elementor-widget-container\">\n\t\t\t\t\t<h2 class=\"elementor-heading-title elementor-size-default\">Uygulanabilir Temalar<\/h2>\t\t\t\t<\/div>\n\t\t\t\t<\/div>\n\t\t\t\t<div class=\"elementor-element elementor-element-2afe7f6 elementor-icon-list--layout-traditional elementor-list-item-link-full_width elementor-widget elementor-widget-icon-list\" data-id=\"2afe7f6\" data-element_type=\"widget\" data-widget_type=\"icon-list.default\">\n\t\t\t\t<div class=\"elementor-widget-container\">\n\t\t\t\t\t\t\t<ul class=\"elementor-icon-list-items\">\n\t\t\t\t\t\t\t<li class=\"elementor-icon-list-item\">\n\t\t\t\t\t\t\t\t\t\t\t<a href=\"https:\/\/sertek.com.tr\/tr\/su-temali-sergiler\/\">\n\n\t\t\t\t\t\t\t\t\t\t\t\t<span class=\"elementor-icon-list-icon\">\n\t\t\t\t\t\t\t<i aria-hidden=\"true\" class=\"fas fa-water\"><\/i>\t\t\t\t\t\t<\/span>\n\t\t\t\t\t\t\t\t\t\t<span class=\"elementor-icon-list-text\">Su<\/span>\n\t\t\t\t\t\t\t\t\t\t\t<\/a>\n\t\t\t\t\t\t\t\t\t<\/li>\n\t\t\t\t\t\t\t\t<li class=\"elementor-icon-list-item\">\n\t\t\t\t\t\t\t\t\t\t\t<a href=\"https:\/\/sertek.com.tr\/tr\/doga-temali-sergiler\/\">\n\n\t\t\t\t\t\t\t\t\t\t\t\t<span class=\"elementor-icon-list-icon\">\n\t\t\t\t\t\t\t<i aria-hidden=\"true\" class=\"fab fa-envira\"><\/i>\t\t\t\t\t\t<\/span>\n\t\t\t\t\t\t\t\t\t\t<span class=\"elementor-icon-list-text\">Do\u011fa<\/span>\n\t\t\t\t\t\t\t\t\t\t\t<\/a>\n\t\t\t\t\t\t\t\t\t<\/li>\n\t\t\t\t\t\t<\/ul>\n\t\t\t\t\t\t<\/div>\n\t\t\t\t<\/div>\n\t\t\t\t\t<\/div>\n\t\t<\/div>\n\t\t\t\t\t<\/div>\n\t\t<\/section>\n\t\t\t\t<div class=\"elementor-element elementor-element-b458126 elementor-widget elementor-widget-spacer\" data-id=\"b458126\" data-element_type=\"widget\" data-widget_type=\"spacer.default\">\n\t\t\t\t<div class=\"elementor-widget-container\">\n\t\t\t\t\t\t\t<div class=\"elementor-spacer\">\n\t\t\t<div class=\"elementor-spacer-inner\"><\/div>\n\t\t<\/div>\n\t\t\t\t\t\t<\/div>\n\t\t\t\t<\/div>\n\t\t\t\t\t<\/div>\n\t\t<\/div>\n\t\t\t\t\t<\/div>\n\t\t<\/section>\n\t\t\t\t<\/div>","protected":false},"excerpt":{"rendered":"<p>Flow Wall Sergisi Flow Wall sergisi, ke\u015fif ve \u00e7evre bilinci yolculu\u011funa \u00e7\u0131kman\u0131z i\u00e7in bir davettir. Sertek&#039;te bize kat\u0131l\u0131n [\u2026]<\/p>","protected":false},"author":2,"featured_media":4677,"parent":0,"menu_order":0,"comment_status":"closed","ping_status":"closed","template":"page-custom.php","meta":{"om_disable_all_campaigns":false,"_monsterinsights_skip_tracking":false,"_monsterinsights_sitenote_active":false,"_monsterinsights_sitenote_note":"","_monsterinsights_sitenote_category":0,"_uf_show_specific_survey":0,"_uf_disable_surveys":false,"footnotes":""},"class_list":["post-4408","page","type-page","status-publish","has-post-thumbnail","hentry"],"acf":{"full_width":false,"header_transparent":false,"header_white":false},"aioseo_notices":[],"yoast_head":"<!-- This site is optimized with the Yoast SEO plugin v26.9 - https:\/\/yoast.com\/product\/yoast-seo-wordpress\/ -->\n<title>Flow Wall Exhibit - Sertek Exhibitions<\/title>\n<meta name=\"description\" content=\"Flow Wall exhibit is an extraordinary fusion of technology, creativity, and environmental awareness for science centers and children museums.\" \/>\n<meta name=\"robots\" content=\"index, follow, max-snippet:-1, max-image-preview:large, max-video-preview:-1\" \/>\n<link rel=\"canonical\" href=\"https:\/\/sertek.com.tr\/tr\/akis-duvari-sergisi\/\" \/>\n<meta property=\"og:locale\" content=\"tr_TR\" \/>\n<meta property=\"og:type\" content=\"article\" \/>\n<meta property=\"og:title\" content=\"Flow Wall Exhibit - Sertek Exhibitions\" \/>\n<meta property=\"og:description\" content=\"Flow Wall exhibit is an extraordinary fusion of technology, creativity, and environmental awareness for science centers and children museums.\" \/>\n<meta property=\"og:url\" content=\"https:\/\/sertek.com.tr\/tr\/akis-duvari-sergisi\/\" \/>\n<meta property=\"og:site_name\" content=\"Sertek Exhibitions\" \/>\n<meta property=\"article:modified_time\" content=\"2023-09-28T20:57:40+00:00\" \/>\n<meta property=\"og:image\" content=\"https:\/\/sertek.com.tr\/wp-content\/uploads\/2023\/07\/Flow-Wall.jpg\" \/>\n\t<meta property=\"og:image:width\" content=\"991\" \/>\n\t<meta property=\"og:image:height\" content=\"665\" \/>\n\t<meta property=\"og:image:type\" content=\"image\/jpeg\" \/>\n<meta name=\"twitter:card\" content=\"summary_large_image\" \/>\n<meta name=\"twitter:label1\" content=\"Tahmini okuma s\u00fcresi\" \/>\n\t<meta name=\"twitter:data1\" content=\"3 dakika\" \/>\n<script type=\"application\/ld+json\" class=\"yoast-schema-graph\">{\"@context\":\"https:\/\/schema.org\",\"@graph\":[{\"@type\":\"WebPage\",\"@id\":\"https:\/\/sertek.com.tr\/en\/flow-wall-exhibit\/\",\"url\":\"https:\/\/sertek.com.tr\/en\/flow-wall-exhibit\/\",\"name\":\"Flow Wall Exhibit - Sertek Exhibitions\",\"isPartOf\":{\"@id\":\"https:\/\/sertek.com.tr\/en\/#website\"},\"primaryImageOfPage\":{\"@id\":\"https:\/\/sertek.com.tr\/en\/flow-wall-exhibit\/#primaryimage\"},\"image\":{\"@id\":\"https:\/\/sertek.com.tr\/en\/flow-wall-exhibit\/#primaryimage\"},\"thumbnailUrl\":\"https:\/\/sertek.com.tr\/wp-content\/uploads\/2023\/07\/Flow-Wall.jpg\",\"datePublished\":\"2023-07-22T06:53:41+00:00\",\"dateModified\":\"2023-09-28T20:57:40+00:00\",\"description\":\"Flow Wall exhibit is an extraordinary fusion of technology, creativity, and environmental awareness for science centers and children museums.\",\"breadcrumb\":{\"@id\":\"https:\/\/sertek.com.tr\/en\/flow-wall-exhibit\/#breadcrumb\"},\"inLanguage\":\"tr\",\"potentialAction\":[{\"@type\":\"ReadAction\",\"target\":[\"https:\/\/sertek.com.tr\/en\/flow-wall-exhibit\/\"]}]},{\"@type\":\"ImageObject\",\"inLanguage\":\"tr\",\"@id\":\"https:\/\/sertek.com.tr\/en\/flow-wall-exhibit\/#primaryimage\",\"url\":\"https:\/\/sertek.com.tr\/wp-content\/uploads\/2023\/07\/Flow-Wall.jpg\",\"contentUrl\":\"https:\/\/sertek.com.tr\/wp-content\/uploads\/2023\/07\/Flow-Wall.jpg\",\"width\":991,\"height\":665,\"caption\":\"flow wall exhibit\"},{\"@type\":\"BreadcrumbList\",\"@id\":\"https:\/\/sertek.com.tr\/en\/flow-wall-exhibit\/#breadcrumb\",\"itemListElement\":[{\"@type\":\"ListItem\",\"position\":1,\"name\":\"Home\",\"item\":\"https:\/\/sertek.com.tr\/\"},{\"@type\":\"ListItem\",\"position\":2,\"name\":\"Flow Wall Exhibit\"}]},{\"@type\":\"WebSite\",\"@id\":\"https:\/\/sertek.com.tr\/en\/#website\",\"url\":\"https:\/\/sertek.com.tr\/en\/\",\"name\":\"Sertek Exhibitions\",\"description\":\"Sertek Exhibitons\",\"publisher\":{\"@id\":\"https:\/\/sertek.com.tr\/en\/#organization\"},\"potentialAction\":[{\"@type\":\"SearchAction\",\"target\":{\"@type\":\"EntryPoint\",\"urlTemplate\":\"https:\/\/sertek.com.tr\/en\/?s={search_term_string}\"},\"query-input\":{\"@type\":\"PropertyValueSpecification\",\"valueRequired\":true,\"valueName\":\"search_term_string\"}}],\"inLanguage\":\"tr\"},{\"@type\":\"Organization\",\"@id\":\"https:\/\/sertek.com.tr\/en\/#organization\",\"name\":\"Sertek Exhibitions\",\"url\":\"https:\/\/sertek.com.tr\/en\/\",\"logo\":{\"@type\":\"ImageObject\",\"inLanguage\":\"tr\",\"@id\":\"https:\/\/sertek.com.tr\/en\/#\/schema\/logo\/image\/\",\"url\":\"https:\/\/sertek.com.tr\/wp-content\/uploads\/2023\/06\/SertekLogo-1.png\",\"contentUrl\":\"https:\/\/sertek.com.tr\/wp-content\/uploads\/2023\/06\/SertekLogo-1.png\",\"width\":300,\"height\":49,\"caption\":\"Sertek Exhibitions\"},\"image\":{\"@id\":\"https:\/\/sertek.com.tr\/en\/#\/schema\/logo\/image\/\"},\"sameAs\":[\"https:\/\/www.linkedin.com\/company\/sertek-exhibitions\/\"]}]}<\/script>\n<!-- \/ Yoast SEO plugin. -->","yoast_head_json":{"title":"Flow Wall Exhibit - Sertek Exhibitions","description":"Flow Wall exhibit is an extraordinary fusion of technology, creativity, and environmental awareness for science centers and children museums.","robots":{"index":"index","follow":"follow","max-snippet":"max-snippet:-1","max-image-preview":"max-image-preview:large","max-video-preview":"max-video-preview:-1"},"canonical":"https:\/\/sertek.com.tr\/tr\/akis-duvari-sergisi\/","og_locale":"tr_TR","og_type":"article","og_title":"Flow Wall Exhibit - Sertek Exhibitions","og_description":"Flow Wall exhibit is an extraordinary fusion of technology, creativity, and environmental awareness for science centers and children museums.","og_url":"https:\/\/sertek.com.tr\/tr\/akis-duvari-sergisi\/","og_site_name":"Sertek Exhibitions","article_modified_time":"2023-09-28T20:57:40+00:00","og_image":[{"width":991,"height":665,"url":"https:\/\/sertek.com.tr\/wp-content\/uploads\/2023\/07\/Flow-Wall.jpg","type":"image\/jpeg"}],"twitter_card":"summary_large_image","twitter_misc":{"Tahmini okuma s\u00fcresi":"3 dakika"},"schema":{"@context":"https:\/\/schema.org","@graph":[{"@type":"WebPage","@id":"https:\/\/sertek.com.tr\/en\/flow-wall-exhibit\/","url":"https:\/\/sertek.com.tr\/en\/flow-wall-exhibit\/","name":"Flow Wall Exhibit - Sertek Exhibitions","isPartOf":{"@id":"https:\/\/sertek.com.tr\/en\/#website"},"primaryImageOfPage":{"@id":"https:\/\/sertek.com.tr\/en\/flow-wall-exhibit\/#primaryimage"},"image":{"@id":"https:\/\/sertek.com.tr\/en\/flow-wall-exhibit\/#primaryimage"},"thumbnailUrl":"https:\/\/sertek.com.tr\/wp-content\/uploads\/2023\/07\/Flow-Wall.jpg","datePublished":"2023-07-22T06:53:41+00:00","dateModified":"2023-09-28T20:57:40+00:00","description":"Flow Wall exhibit is an extraordinary fusion of technology, creativity, and environmental awareness for science centers and children museums.","breadcrumb":{"@id":"https:\/\/sertek.com.tr\/en\/flow-wall-exhibit\/#breadcrumb"},"inLanguage":"tr","potentialAction":[{"@type":"ReadAction","target":["https:\/\/sertek.com.tr\/en\/flow-wall-exhibit\/"]}]},{"@type":"ImageObject","inLanguage":"tr","@id":"https:\/\/sertek.com.tr\/en\/flow-wall-exhibit\/#primaryimage","url":"https:\/\/sertek.com.tr\/wp-content\/uploads\/2023\/07\/Flow-Wall.jpg","contentUrl":"https:\/\/sertek.com.tr\/wp-content\/uploads\/2023\/07\/Flow-Wall.jpg","width":991,"height":665,"caption":"flow wall exhibit"},{"@type":"BreadcrumbList","@id":"https:\/\/sertek.com.tr\/en\/flow-wall-exhibit\/#breadcrumb","itemListElement":[{"@type":"ListItem","position":1,"name":"Home","item":"https:\/\/sertek.com.tr\/"},{"@type":"ListItem","position":2,"name":"Flow Wall Exhibit"}]},{"@type":"WebSite","@id":"https:\/\/sertek.com.tr\/en\/#website","url":"https:\/\/sertek.com.tr\/en\/","name":"Sertek Exhibitions","description":"Sertek Exhibitons","publisher":{"@id":"https:\/\/sertek.com.tr\/en\/#organization"},"potentialAction":[{"@type":"SearchAction","target":{"@type":"EntryPoint","urlTemplate":"https:\/\/sertek.com.tr\/en\/?s={search_term_string}"},"query-input":{"@type":"PropertyValueSpecification","valueRequired":true,"valueName":"search_term_string"}}],"inLanguage":"tr"},{"@type":"Organization","@id":"https:\/\/sertek.com.tr\/en\/#organization","name":"Sertek Exhibitions","url":"https:\/\/sertek.com.tr\/en\/","logo":{"@type":"ImageObject","inLanguage":"tr","@id":"https:\/\/sertek.com.tr\/en\/#\/schema\/logo\/image\/","url":"https:\/\/sertek.com.tr\/wp-content\/uploads\/2023\/06\/SertekLogo-1.png","contentUrl":"https:\/\/sertek.com.tr\/wp-content\/uploads\/2023\/06\/SertekLogo-1.png","width":300,"height":49,"caption":"Sertek Exhibitions"},"image":{"@id":"https:\/\/sertek.com.tr\/en\/#\/schema\/logo\/image\/"},"sameAs":["https:\/\/www.linkedin.com\/company\/sertek-exhibitions\/"]}]}},"jetpack_sharing_enabled":true,"_links":{"self":[{"href":"https:\/\/sertek.com.tr\/tr\/wp-json\/wp\/v2\/pages\/4408","targetHints":{"allow":["GET"]}}],"collection":[{"href":"https:\/\/sertek.com.tr\/tr\/wp-json\/wp\/v2\/pages"}],"about":[{"href":"https:\/\/sertek.com.tr\/tr\/wp-json\/wp\/v2\/types\/page"}],"author":[{"embeddable":true,"href":"https:\/\/sertek.com.tr\/tr\/wp-json\/wp\/v2\/users\/2"}],"replies":[{"embeddable":true,"href":"https:\/\/sertek.com.tr\/tr\/wp-json\/wp\/v2\/comments?post=4408"}],"version-history":[{"count":20,"href":"https:\/\/sertek.com.tr\/tr\/wp-json\/wp\/v2\/pages\/4408\/revisions"}],"predecessor-version":[{"id":7018,"href":"https:\/\/sertek.com.tr\/tr\/wp-json\/wp\/v2\/pages\/4408\/revisions\/7018"}],"wp:featuredmedia":[{"embeddable":true,"href":"https:\/\/sertek.com.tr\/tr\/wp-json\/wp\/v2\/media\/4677"}],"wp:attachment":[{"href":"https:\/\/sertek.com.tr\/tr\/wp-json\/wp\/v2\/media?parent=4408"}],"curies":[{"name":"wp","href":"https:\/\/api.w.org\/{rel}","templated":true}]}}