{"id":4413,"date":"2023-07-22T06:55:40","date_gmt":"2023-07-22T06:55:40","guid":{"rendered":"https:\/\/sertekexhibitions.com\/?page_id=4413"},"modified":"2023-11-09T19:34:11","modified_gmt":"2023-11-09T19:34:11","slug":"wave-tank-exhibit","status":"publish","type":"page","link":"https:\/\/sertek.com.tr\/tr\/dalga-tanki-sergi\/","title":{"rendered":"Wave Tank Sergisi"},"content":{"rendered":"<div data-elementor-type=\"wp-page\" data-elementor-id=\"4413\" class=\"elementor elementor-4413\" data-elementor-settings=\"{&quot;ha_cmc_init_switcher&quot;:&quot;no&quot;}\">\n\t\t\t\t\t\t<section class=\"elementor-section elementor-top-section elementor-element elementor-element-9f5181a elementor-section-boxed elementor-section-height-default elementor-section-height-default\" data-id=\"9f5181a\" data-element_type=\"section\" data-settings=\"{&quot;_ha_eqh_enable&quot;:false}\">\n\t\t\t\t\t\t<div class=\"elementor-container elementor-column-gap-extended\">\n\t\t\t\t\t<div class=\"elementor-column elementor-col-100 elementor-top-column elementor-element elementor-element-e397ea5\" data-id=\"e397ea5\" data-element_type=\"column\">\n\t\t\t<div class=\"elementor-widget-wrap elementor-element-populated\">\n\t\t\t\t\t\t<section class=\"elementor-section elementor-inner-section elementor-element elementor-element-73b5b0f elementor-section-full_width elementor-section-height-default elementor-section-height-default\" data-id=\"73b5b0f\" data-element_type=\"section\" data-settings=\"{&quot;background_background&quot;:&quot;classic&quot;,&quot;_ha_eqh_enable&quot;:false}\">\n\t\t\t\t\t\t<div class=\"elementor-container elementor-column-gap-wide\">\n\t\t\t\t\t<div class=\"elementor-column elementor-col-50 elementor-inner-column elementor-element elementor-element-a64819d has-sticky-column\" data-id=\"a64819d\" data-element_type=\"column\">\n\t\t\t<div class=\"elementor-widget-wrap elementor-element-populated\">\n\t\t\t\t\t\t<div class=\"elementor-element elementor-element-b0e4fdd elementor-widget__width-inherit elementor-arrows-position-inside elementor-pagination-position-outside elementor-widget elementor-widget-image-carousel\" data-id=\"b0e4fdd\" data-element_type=\"widget\" data-settings=\"{&quot;slides_to_show&quot;:&quot;1&quot;,&quot;navigation&quot;:&quot;both&quot;,&quot;autoplay&quot;:&quot;yes&quot;,&quot;pause_on_hover&quot;:&quot;yes&quot;,&quot;pause_on_interaction&quot;:&quot;yes&quot;,&quot;autoplay_speed&quot;:5000,&quot;infinite&quot;:&quot;yes&quot;,&quot;effect&quot;:&quot;slide&quot;,&quot;speed&quot;:500}\" data-widget_type=\"image-carousel.default\">\n\t\t\t\t<div class=\"elementor-widget-container\">\n\t\t\t\t\t\t\t<div class=\"elementor-image-carousel-wrapper swiper\" role=\"region\" aria-roledescription=\"carousel\" aria-label=\"Resim D\u00f6ng\u00fcs\u00fc\" dir=\"ltr\">\n\t\t\t<div class=\"elementor-image-carousel swiper-wrapper\" aria-live=\"off\">\n\t\t\t\t\t\t\t\t<div class=\"swiper-slide\" role=\"group\" aria-roledescription=\"slide\" aria-label=\"1 \/ 1\"><figure class=\"swiper-slide-inner\"><img decoding=\"async\" class=\"swiper-slide-image\" src=\"https:\/\/sertek.com.tr\/wp-content\/uploads\/elementor\/thumbs\/1-2-e1690026501309-qbxm8n3ihmn2f4lwuvk7kokn4bmnk7ifg8sfue65xk.jpg\" alt=\"dalga tank\u0131 sergisi\" \/><\/figure><\/div>\t\t\t<\/div>\n\t\t\t\t\t<\/div>\n\t\t\t\t\t\t<\/div>\n\t\t\t\t<\/div>\n\t\t\t\t\t<\/div>\n\t\t<\/div>\n\t\t\t\t<div class=\"elementor-column elementor-col-50 elementor-inner-column elementor-element elementor-element-bea6111\" data-id=\"bea6111\" data-element_type=\"column\">\n\t\t\t<div class=\"elementor-widget-wrap elementor-element-populated\">\n\t\t\t\t\t\t<div class=\"elementor-element elementor-element-15aa248 elementor-widget elementor-widget-heading\" data-id=\"15aa248\" data-element_type=\"widget\" data-widget_type=\"heading.default\">\n\t\t\t\t<div class=\"elementor-widget-container\">\n\t\t\t\t\t<h1 class=\"elementor-heading-title elementor-size-default\">Wave Tank Sergisi<\/h1>\t\t\t\t<\/div>\n\t\t\t\t<\/div>\n\t\t\t\t<div class=\"elementor-element elementor-element-6068ec2 elementor-widget elementor-widget-text-editor\" data-id=\"6068ec2\" data-element_type=\"widget\" data-widget_type=\"text-editor.default\">\n\t\t\t\t<div class=\"elementor-widget-container\">\n\t\t\t\t\t\t\t\t\t<p>Wave Tank, dalgalar\u0131n s\u0131rlar\u0131n\u0131 a\u00e7\u0131\u011fa \u00e7\u0131karan, dalga hareketinin b\u00fcy\u00fckl\u00fc\u011f\u00fc ve frekans\u0131n\u0131n uygulamal\u0131 bir ke\u015ffini sunan s\u00fcr\u00fckleyici bir sergidir. Ziyaret\u00e7iler motorlu sistemle etkile\u015fime girdik\u00e7e, dalga davran\u0131\u015f\u0131n\u0131n karma\u015f\u0131kl\u0131klar\u0131 ve do\u011fal d\u00fcnyadaki yayg\u0131nl\u0131\u011f\u0131 konusunda daha derin bir takdir kazan\u0131rlar. Sertek Exhibitions&#039;da bize kat\u0131l\u0131n ve Wave Tank sergisini bilim m\u00fczenize tan\u0131t\u0131n; burada ziyaret\u00e7iler merak dalgalar\u0131na biner ve dalgalar\u0131n b\u00fcy\u00fcleyici d\u00fcnyas\u0131nda heyecan verici bir yolculu\u011fa \u00e7\u0131kar. Bu etkile\u015fimli deneyim, ilgi \u00e7ekici bir motorlu sistem arac\u0131l\u0131\u011f\u0131yla dalgalar\u0131n b\u00fcy\u00fckl\u00fc\u011f\u00fcn\u00fc ve frekans\u0131n\u0131 g\u00f6zlemlemek, manip\u00fcle etmek ve kavramak i\u00e7in benzersiz bir f\u0131rsat sunar.<\/p>\t\t\t\t\t\t\t\t<\/div>\n\t\t\t\t<\/div>\n\t\t\t\t<div class=\"elementor-element elementor-element-23ea328 elementor-widget-divider--view-line elementor-widget elementor-widget-divider\" data-id=\"23ea328\" data-element_type=\"widget\" data-widget_type=\"divider.default\">\n\t\t\t\t<div class=\"elementor-widget-container\">\n\t\t\t\t\t\t\t<div class=\"elementor-divider\">\n\t\t\t<span class=\"elementor-divider-separator\">\n\t\t\t\t\t\t<\/span>\n\t\t<\/div>\n\t\t\t\t\t\t<\/div>\n\t\t\t\t<\/div>\n\t\t\t\t<div class=\"elementor-element elementor-element-d4fca80 elementor-widget elementor-widget-heading\" data-id=\"d4fca80\" data-element_type=\"widget\" data-widget_type=\"heading.default\">\n\t\t\t\t<div class=\"elementor-widget-container\">\n\t\t\t\t\t<h2 class=\"elementor-heading-title elementor-size-default\">Ziyaret\u00e7i Deneyimi<\/h2>\t\t\t\t<\/div>\n\t\t\t\t<\/div>\n\t\t\t\t<div class=\"elementor-element elementor-element-6bc9e5c elementor-widget elementor-widget-text-editor\" data-id=\"6bc9e5c\" data-element_type=\"widget\" data-widget_type=\"text-editor.default\">\n\t\t\t\t<div class=\"elementor-widget-container\">\n\t\t\t\t\t\t\t\t\t<p>Ziyaret\u00e7iler Wave Tank sergisine yakla\u015ft\u0131klar\u0131nda, b\u00fcy\u00fcleyici bir manzarayla kar\u015f\u0131la\u015f\u0131rlar: Suyla dolu bir tank, dalgalar yaratmak i\u00e7in bir nesneyi hareket ettiren motorlu bir sisteme ev sahipli\u011fi yapar. Sergi, ziyaret\u00e7ilere motorun hareketi i\u00e7in farkl\u0131 h\u0131z ve desen se\u00e7enekleri se\u00e7me olana\u011f\u0131 vererek dalgalar\u0131n olu\u015fumunu \u00f6zelle\u015ftirmelerine olanak tan\u0131r.<\/p><p>Ziyaret\u00e7iler motor h\u0131z\u0131n\u0131 ayarlayarak dalga genli\u011finin ve y\u00fcksekli\u011finin buna g\u00f6re nas\u0131l de\u011fi\u015fti\u011fini g\u00f6zlemleyebilirler. Daha h\u0131zl\u0131 motor hareketlerinin daha b\u00fcy\u00fck dalgalar \u00fcretti\u011fine, daha yava\u015f ayarlar\u0131n ise su y\u00fczeyinde daha yumu\u015fak dalgalanmalar \u00fcretti\u011fine tan\u0131k olurlar.<\/p><p>Sergide ayr\u0131ca motorun hareketi i\u00e7in \u00e7e\u015fitli desen se\u00e7enekleri sunuluyor. Ziyaret\u00e7iler, dalga frekans\u0131n\u0131n farkl\u0131 hareketlerle nas\u0131l de\u011fi\u015fti\u011fini anlamak i\u00e7in d\u00fczenli ve d\u00fczensiz desenler aras\u0131nda se\u00e7im yapabilirler. Motorun hareketinin tutarl\u0131l\u0131\u011f\u0131n\u0131n veya rastgeleli\u011finin dalgalar\u0131n tekrar\u0131n\u0131 ve frekans\u0131n\u0131 nas\u0131l etkiledi\u011fini ke\u015ffederler.<\/p><p>Ziyaret\u00e7iler sergiyle etkile\u015fime girdik\u00e7e, dalga dinamiklerinin temel prensipleri hakk\u0131nda fikir edinirler. H\u0131z, desen ve nesne etkile\u015fimleri gibi \u00e7e\u015fitli fakt\u00f6rlerin dalgalar\u0131n yarat\u0131l\u0131\u015f\u0131n\u0131 ve davran\u0131\u015f\u0131n\u0131 nas\u0131l etkiledi\u011fine ilk elden tan\u0131k olurlar.<\/p>\t\t\t\t\t\t\t\t<\/div>\n\t\t\t\t<\/div>\n\t\t\t\t<div class=\"elementor-element elementor-element-b9bc4c2 elementor-widget-divider--view-line elementor-widget elementor-widget-divider\" data-id=\"b9bc4c2\" data-element_type=\"widget\" data-widget_type=\"divider.default\">\n\t\t\t\t<div class=\"elementor-widget-container\">\n\t\t\t\t\t\t\t<div class=\"elementor-divider\">\n\t\t\t<span class=\"elementor-divider-separator\">\n\t\t\t\t\t\t<\/span>\n\t\t<\/div>\n\t\t\t\t\t\t<\/div>\n\t\t\t\t<\/div>\n\t\t\t\t<div class=\"elementor-element elementor-element-a243849 elementor-widget elementor-widget-heading\" data-id=\"a243849\" data-element_type=\"widget\" data-widget_type=\"heading.default\">\n\t\t\t\t<div class=\"elementor-widget-container\">\n\t\t\t\t\t<h2 class=\"elementor-heading-title elementor-size-default\">\u00d6ne \u00c7\u0131kan \u00d6zellikler<\/h2>\t\t\t\t<\/div>\n\t\t\t\t<\/div>\n\t\t\t\t<div class=\"elementor-element elementor-element-ac60d97 elementor-widget elementor-widget-text-editor\" data-id=\"ac60d97\" data-element_type=\"widget\" data-widget_type=\"text-editor.default\">\n\t\t\t\t<div class=\"elementor-widget-container\">\n\t\t\t\t\t\t\t\t\t<ol><li><p><strong>Dalga Hareketinin Prensipleri:<\/strong> Wave Tank ziyaret\u00e7ilere dalga hareketinin deneyimsel bir anlay\u0131\u015f\u0131n\u0131 sunar. G\u00f6zlem ve manip\u00fclasyon yoluyla kat\u0131l\u0131mc\u0131lar dalgalar\u0131n olu\u015fumunu ve davran\u0131\u015f\u0131n\u0131 y\u00f6neten temel prensipleri kavrarlar.<\/p><\/li><li><p><strong>B\u00fcy\u00fckl\u00fck ve Frekans \u00d6zellikleri:<\/strong> Ziyaret\u00e7iler, motorun h\u0131z\u0131n\u0131 ve desenini ayarlayarak dalgalar\u0131n b\u00fcy\u00fckl\u00fck ve frekans \u00f6zelliklerini ke\u015ffederler. Motor hareketi ile dalga \u00f6zellikleri aras\u0131ndaki do\u011frudan ili\u015fkiyi ke\u015ffederler.<\/p><\/li><li><p><strong>Etkile\u015fimler ve Dalga \u015eekilleri:<\/strong> Sergi, ziyaret\u00e7ilerin nesne etkile\u015fimlerini deneyerek dalgalar\u0131n \u015fekillerini ve desenlerini nas\u0131l etkilediklerini g\u00f6zlemlemelerine olanak tan\u0131r. Nesnelerin dalga olu\u015fumunu nas\u0131l etkiledi\u011fine dair i\u00e7g\u00f6r\u00fcler kazan\u0131rlar.<\/p><\/li><li><p><strong><a href=\"https:\/\/www.noaa.gov\/jetstream\/upper-air-charts\/basic-wave-patterns\" target=\"_blank\" rel=\"noopener\">Dalga Desenlerini Ke\u015ffetmek<\/a>:<\/strong> Ziyaret\u00e7iler d\u00fczenli ve d\u00fczensiz desenleri se\u00e7erek farkl\u0131 hareketlerin dalga frekans\u0131n\u0131 nas\u0131l etkiledi\u011fini incelerler. Ritmik ve rastgele dalga olu\u015fumlar\u0131 aras\u0131ndaki fark\u0131 g\u00f6zlemlerler.<\/p><\/li><li><p><strong>Fizikte Uygulamal\u0131 \u00d6\u011frenme:<\/strong> Wave Tank sergisinin uygulamal\u0131 do\u011fas\u0131, fizik kavramlar\u0131n\u0131n deneyimsel \u00f6\u011frenimini te\u015fvik eder. Ziyaret\u00e7iler dalga dinamikleriyle aktif olarak etkile\u015fime girerek bilimsel prensipleri somut ve ili\u015fkilendirilebilir hale getirir.<\/p><\/li><\/ol>\t\t\t\t\t\t\t\t<\/div>\n\t\t\t\t<\/div>\n\t\t\t\t<div class=\"elementor-element elementor-element-984ad38 elementor-widget-divider--view-line elementor-widget elementor-widget-divider\" data-id=\"984ad38\" data-element_type=\"widget\" data-widget_type=\"divider.default\">\n\t\t\t\t<div class=\"elementor-widget-container\">\n\t\t\t\t\t\t\t<div class=\"elementor-divider\">\n\t\t\t<span class=\"elementor-divider-separator\">\n\t\t\t\t\t\t<\/span>\n\t\t<\/div>\n\t\t\t\t\t\t<\/div>\n\t\t\t\t<\/div>\n\t\t\t\t<div class=\"elementor-element elementor-element-e51d70f elementor-widget elementor-widget-heading\" data-id=\"e51d70f\" data-element_type=\"widget\" data-widget_type=\"heading.default\">\n\t\t\t\t<div class=\"elementor-widget-container\">\n\t\t\t\t\t<h2 class=\"elementor-heading-title elementor-size-default\">Hedef Ya\u015f<\/h2>\t\t\t\t<\/div>\n\t\t\t\t<\/div>\n\t\t\t\t<div class=\"elementor-element elementor-element-22d3821 elementor-icon-list--layout-traditional elementor-list-item-link-full_width elementor-widget elementor-widget-icon-list\" data-id=\"22d3821\" data-element_type=\"widget\" data-widget_type=\"icon-list.default\">\n\t\t\t\t<div class=\"elementor-widget-container\">\n\t\t\t\t\t\t\t<ul class=\"elementor-icon-list-items\">\n\t\t\t\t\t\t\t<li class=\"elementor-icon-list-item\">\n\t\t\t\t\t\t\t\t\t\t\t<span class=\"elementor-icon-list-icon\">\n\t\t\t\t\t\t\t<i aria-hidden=\"true\" class=\"fas fa-check\"><\/i>\t\t\t\t\t\t<\/span>\n\t\t\t\t\t\t\t\t\t\t<span class=\"elementor-icon-list-text\">Her ya\u015ftan<\/span>\n\t\t\t\t\t\t\t\t\t<\/li>\n\t\t\t\t\t\t<\/ul>\n\t\t\t\t\t\t<\/div>\n\t\t\t\t<\/div>\n\t\t\t\t<div class=\"elementor-element elementor-element-e0a8263 elementor-widget-divider--view-line elementor-widget elementor-widget-divider\" data-id=\"e0a8263\" data-element_type=\"widget\" data-widget_type=\"divider.default\">\n\t\t\t\t<div class=\"elementor-widget-container\">\n\t\t\t\t\t\t\t<div class=\"elementor-divider\">\n\t\t\t<span class=\"elementor-divider-separator\">\n\t\t\t\t\t\t<\/span>\n\t\t<\/div>\n\t\t\t\t\t\t<\/div>\n\t\t\t\t<\/div>\n\t\t\t\t<div class=\"elementor-element elementor-element-acc9cd0 elementor-widget elementor-widget-heading\" data-id=\"acc9cd0\" data-element_type=\"widget\" data-widget_type=\"heading.default\">\n\t\t\t\t<div class=\"elementor-widget-container\">\n\t\t\t\t\t<h2 class=\"elementor-heading-title elementor-size-default\">Uygulanabilir Temalar<\/h2>\t\t\t\t<\/div>\n\t\t\t\t<\/div>\n\t\t\t\t<div class=\"elementor-element elementor-element-3caa8f9 elementor-icon-list--layout-traditional elementor-list-item-link-full_width elementor-widget elementor-widget-icon-list\" data-id=\"3caa8f9\" data-element_type=\"widget\" data-widget_type=\"icon-list.default\">\n\t\t\t\t<div class=\"elementor-widget-container\">\n\t\t\t\t\t\t\t<ul class=\"elementor-icon-list-items\">\n\t\t\t\t\t\t\t<li class=\"elementor-icon-list-item\">\n\t\t\t\t\t\t\t\t\t\t\t<a href=\"https:\/\/sertek.com.tr\/tr\/fizik-temali-sergiler\/\">\n\n\t\t\t\t\t\t\t\t\t\t\t\t<span class=\"elementor-icon-list-icon\">\n\t\t\t\t\t\t\t<i aria-hidden=\"true\" class=\"fab fa-react\"><\/i>\t\t\t\t\t\t<\/span>\n\t\t\t\t\t\t\t\t\t\t<span class=\"elementor-icon-list-text\">Fizik<\/span>\n\t\t\t\t\t\t\t\t\t\t\t<\/a>\n\t\t\t\t\t\t\t\t\t<\/li>\n\t\t\t\t\t\t\t\t<li class=\"elementor-icon-list-item\">\n\t\t\t\t\t\t\t\t\t\t\t<a href=\"https:\/\/sertek.com.tr\/tr\/su-temali-sergiler\/\">\n\n\t\t\t\t\t\t\t\t\t\t\t\t<span class=\"elementor-icon-list-icon\">\n\t\t\t\t\t\t\t<i aria-hidden=\"true\" class=\"fas fa-water\"><\/i>\t\t\t\t\t\t<\/span>\n\t\t\t\t\t\t\t\t\t\t<span class=\"elementor-icon-list-text\">Su<\/span>\n\t\t\t\t\t\t\t\t\t\t\t<\/a>\n\t\t\t\t\t\t\t\t\t<\/li>\n\t\t\t\t\t\t<\/ul>\n\t\t\t\t\t\t<\/div>\n\t\t\t\t<\/div>\n\t\t\t\t\t<\/div>\n\t\t<\/div>\n\t\t\t\t\t<\/div>\n\t\t<\/section>\n\t\t\t\t<div class=\"elementor-element elementor-element-b458126 elementor-widget elementor-widget-spacer\" data-id=\"b458126\" data-element_type=\"widget\" data-widget_type=\"spacer.default\">\n\t\t\t\t<div class=\"elementor-widget-container\">\n\t\t\t\t\t\t\t<div class=\"elementor-spacer\">\n\t\t\t<div class=\"elementor-spacer-inner\"><\/div>\n\t\t<\/div>\n\t\t\t\t\t\t<\/div>\n\t\t\t\t<\/div>\n\t\t\t\t\t<\/div>\n\t\t<\/div>\n\t\t\t\t\t<\/div>\n\t\t<\/section>\n\t\t\t\t<\/div>","protected":false},"excerpt":{"rendered":"<p>Wave Tank Sergisi Wave Tank, dalgalar\u0131n s\u0131rlar\u0131n\u0131 a\u00e7\u0131\u011fa \u00e7\u0131karan, dalga hareketinin b\u00fcy\u00fckl\u00fc\u011f\u00fc ve [\u2026] hakk\u0131nda uygulamal\u0131 bir ke\u015fif sunan s\u00fcr\u00fckleyici bir sergidir.<\/p>","protected":false},"author":2,"featured_media":0,"parent":0,"menu_order":0,"comment_status":"closed","ping_status":"closed","template":"page-custom.php","meta":{"om_disable_all_campaigns":false,"_monsterinsights_skip_tracking":false,"_monsterinsights_sitenote_active":false,"_monsterinsights_sitenote_note":"","_monsterinsights_sitenote_category":0,"_uf_show_specific_survey":0,"_uf_disable_surveys":false,"footnotes":""},"class_list":["post-4413","page","type-page","status-publish","hentry"],"acf":{"full_width":false,"header_transparent":false,"header_white":false},"aioseo_notices":[],"yoast_head":"<!-- This site is optimized with the Yoast SEO plugin v26.9 - https:\/\/yoast.com\/product\/yoast-seo-wordpress\/ -->\n<title>Wave Tank Exhibit - Sertek Exhibitions<\/title>\n<meta name=\"description\" content=\"Wave Tank exhibit unlocks the secrets of waves, offering a hands-on exploration of wave motion&#039;s magnitude and frequency.\" \/>\n<meta name=\"robots\" content=\"index, follow, max-snippet:-1, max-image-preview:large, max-video-preview:-1\" \/>\n<link rel=\"canonical\" href=\"https:\/\/sertek.com.tr\/tr\/dalga-tanki-sergi\/\" \/>\n<meta property=\"og:locale\" content=\"tr_TR\" \/>\n<meta property=\"og:type\" content=\"article\" \/>\n<meta property=\"og:title\" content=\"Wave Tank Exhibit - Sertek Exhibitions\" \/>\n<meta property=\"og:description\" content=\"Wave Tank exhibit unlocks the secrets of waves, offering a hands-on exploration of wave motion&#039;s magnitude and frequency.\" \/>\n<meta property=\"og:url\" content=\"https:\/\/sertek.com.tr\/tr\/dalga-tanki-sergi\/\" \/>\n<meta property=\"og:site_name\" content=\"Sertek Exhibitions\" \/>\n<meta property=\"article:modified_time\" content=\"2023-11-09T19:34:11+00:00\" \/>\n<meta property=\"og:image\" content=\"https:\/\/sertek.com.tr\/wp-content\/uploads\/elementor\/thumbs\/1-2-e1690026501309-qbxm8n3ihmn2f4lwuvk7kokn4bmnk7ifg8sfue65xk.jpg\" \/>\n<meta name=\"twitter:card\" content=\"summary_large_image\" \/>\n<meta name=\"twitter:label1\" content=\"Tahmini okuma s\u00fcresi\" \/>\n\t<meta name=\"twitter:data1\" content=\"3 dakika\" \/>\n<script type=\"application\/ld+json\" class=\"yoast-schema-graph\">{\"@context\":\"https:\/\/schema.org\",\"@graph\":[{\"@type\":\"WebPage\",\"@id\":\"https:\/\/sertek.com.tr\/en\/wave-tank-exhibit\/\",\"url\":\"https:\/\/sertek.com.tr\/en\/wave-tank-exhibit\/\",\"name\":\"Wave Tank Exhibit - Sertek Exhibitions\",\"isPartOf\":{\"@id\":\"https:\/\/sertek.com.tr\/en\/#website\"},\"primaryImageOfPage\":{\"@id\":\"https:\/\/sertek.com.tr\/en\/wave-tank-exhibit\/#primaryimage\"},\"image\":{\"@id\":\"https:\/\/sertek.com.tr\/en\/wave-tank-exhibit\/#primaryimage\"},\"thumbnailUrl\":\"https:\/\/sertek.com.tr\/wp-content\/uploads\/elementor\/thumbs\/1-2-e1690026501309-qbxm8n3ihmn2f4lwuvk7kokn4bmnk7ifg8sfue65xk.jpg\",\"datePublished\":\"2023-07-22T06:55:40+00:00\",\"dateModified\":\"2023-11-09T19:34:11+00:00\",\"description\":\"Wave Tank exhibit unlocks the secrets of waves, offering a hands-on exploration of wave motion's magnitude and frequency.\",\"breadcrumb\":{\"@id\":\"https:\/\/sertek.com.tr\/en\/wave-tank-exhibit\/#breadcrumb\"},\"inLanguage\":\"tr\",\"potentialAction\":[{\"@type\":\"ReadAction\",\"target\":[\"https:\/\/sertek.com.tr\/en\/wave-tank-exhibit\/\"]}]},{\"@type\":\"ImageObject\",\"inLanguage\":\"tr\",\"@id\":\"https:\/\/sertek.com.tr\/en\/wave-tank-exhibit\/#primaryimage\",\"url\":\"https:\/\/sertek.com.tr\/wp-content\/uploads\/elementor\/thumbs\/1-2-e1690026501309-qbxm8n3ihmn2f4lwuvk7kokn4bmnk7ifg8sfue65xk.jpg\",\"contentUrl\":\"https:\/\/sertek.com.tr\/wp-content\/uploads\/elementor\/thumbs\/1-2-e1690026501309-qbxm8n3ihmn2f4lwuvk7kokn4bmnk7ifg8sfue65xk.jpg\"},{\"@type\":\"BreadcrumbList\",\"@id\":\"https:\/\/sertek.com.tr\/en\/wave-tank-exhibit\/#breadcrumb\",\"itemListElement\":[{\"@type\":\"ListItem\",\"position\":1,\"name\":\"Home\",\"item\":\"https:\/\/sertek.com.tr\/\"},{\"@type\":\"ListItem\",\"position\":2,\"name\":\"Wave Tank Exhibit\"}]},{\"@type\":\"WebSite\",\"@id\":\"https:\/\/sertek.com.tr\/en\/#website\",\"url\":\"https:\/\/sertek.com.tr\/en\/\",\"name\":\"Sertek Exhibitions\",\"description\":\"Sertek Exhibitons\",\"publisher\":{\"@id\":\"https:\/\/sertek.com.tr\/en\/#organization\"},\"potentialAction\":[{\"@type\":\"SearchAction\",\"target\":{\"@type\":\"EntryPoint\",\"urlTemplate\":\"https:\/\/sertek.com.tr\/en\/?s={search_term_string}\"},\"query-input\":{\"@type\":\"PropertyValueSpecification\",\"valueRequired\":true,\"valueName\":\"search_term_string\"}}],\"inLanguage\":\"tr\"},{\"@type\":\"Organization\",\"@id\":\"https:\/\/sertek.com.tr\/en\/#organization\",\"name\":\"Sertek Exhibitions\",\"url\":\"https:\/\/sertek.com.tr\/en\/\",\"logo\":{\"@type\":\"ImageObject\",\"inLanguage\":\"tr\",\"@id\":\"https:\/\/sertek.com.tr\/en\/#\/schema\/logo\/image\/\",\"url\":\"https:\/\/sertek.com.tr\/wp-content\/uploads\/2023\/06\/SertekLogo-1.png\",\"contentUrl\":\"https:\/\/sertek.com.tr\/wp-content\/uploads\/2023\/06\/SertekLogo-1.png\",\"width\":300,\"height\":49,\"caption\":\"Sertek Exhibitions\"},\"image\":{\"@id\":\"https:\/\/sertek.com.tr\/en\/#\/schema\/logo\/image\/\"},\"sameAs\":[\"https:\/\/www.linkedin.com\/company\/sertek-exhibitions\/\"]}]}<\/script>\n<!-- \/ Yoast SEO plugin. -->","yoast_head_json":{"title":"Wave Tank Exhibit - Sertek Exhibitions","description":"Wave Tank exhibit unlocks the secrets of waves, offering a hands-on exploration of wave motion's magnitude and frequency.","robots":{"index":"index","follow":"follow","max-snippet":"max-snippet:-1","max-image-preview":"max-image-preview:large","max-video-preview":"max-video-preview:-1"},"canonical":"https:\/\/sertek.com.tr\/tr\/dalga-tanki-sergi\/","og_locale":"tr_TR","og_type":"article","og_title":"Wave Tank Exhibit - Sertek Exhibitions","og_description":"Wave Tank exhibit unlocks the secrets of waves, offering a hands-on exploration of wave motion's magnitude and frequency.","og_url":"https:\/\/sertek.com.tr\/tr\/dalga-tanki-sergi\/","og_site_name":"Sertek Exhibitions","article_modified_time":"2023-11-09T19:34:11+00:00","og_image":[{"url":"https:\/\/sertek.com.tr\/wp-content\/uploads\/elementor\/thumbs\/1-2-e1690026501309-qbxm8n3ihmn2f4lwuvk7kokn4bmnk7ifg8sfue65xk.jpg","type":"","width":"","height":""}],"twitter_card":"summary_large_image","twitter_misc":{"Tahmini okuma s\u00fcresi":"3 dakika"},"schema":{"@context":"https:\/\/schema.org","@graph":[{"@type":"WebPage","@id":"https:\/\/sertek.com.tr\/en\/wave-tank-exhibit\/","url":"https:\/\/sertek.com.tr\/en\/wave-tank-exhibit\/","name":"Wave Tank Exhibit - Sertek Exhibitions","isPartOf":{"@id":"https:\/\/sertek.com.tr\/en\/#website"},"primaryImageOfPage":{"@id":"https:\/\/sertek.com.tr\/en\/wave-tank-exhibit\/#primaryimage"},"image":{"@id":"https:\/\/sertek.com.tr\/en\/wave-tank-exhibit\/#primaryimage"},"thumbnailUrl":"https:\/\/sertek.com.tr\/wp-content\/uploads\/elementor\/thumbs\/1-2-e1690026501309-qbxm8n3ihmn2f4lwuvk7kokn4bmnk7ifg8sfue65xk.jpg","datePublished":"2023-07-22T06:55:40+00:00","dateModified":"2023-11-09T19:34:11+00:00","description":"Wave Tank exhibit unlocks the secrets of waves, offering a hands-on exploration of wave motion's magnitude and frequency.","breadcrumb":{"@id":"https:\/\/sertek.com.tr\/en\/wave-tank-exhibit\/#breadcrumb"},"inLanguage":"tr","potentialAction":[{"@type":"ReadAction","target":["https:\/\/sertek.com.tr\/en\/wave-tank-exhibit\/"]}]},{"@type":"ImageObject","inLanguage":"tr","@id":"https:\/\/sertek.com.tr\/en\/wave-tank-exhibit\/#primaryimage","url":"https:\/\/sertek.com.tr\/wp-content\/uploads\/elementor\/thumbs\/1-2-e1690026501309-qbxm8n3ihmn2f4lwuvk7kokn4bmnk7ifg8sfue65xk.jpg","contentUrl":"https:\/\/sertek.com.tr\/wp-content\/uploads\/elementor\/thumbs\/1-2-e1690026501309-qbxm8n3ihmn2f4lwuvk7kokn4bmnk7ifg8sfue65xk.jpg"},{"@type":"BreadcrumbList","@id":"https:\/\/sertek.com.tr\/en\/wave-tank-exhibit\/#breadcrumb","itemListElement":[{"@type":"ListItem","position":1,"name":"Home","item":"https:\/\/sertek.com.tr\/"},{"@type":"ListItem","position":2,"name":"Wave Tank Exhibit"}]},{"@type":"WebSite","@id":"https:\/\/sertek.com.tr\/en\/#website","url":"https:\/\/sertek.com.tr\/en\/","name":"Sertek Exhibitions","description":"Sertek Exhibitons","publisher":{"@id":"https:\/\/sertek.com.tr\/en\/#organization"},"potentialAction":[{"@type":"SearchAction","target":{"@type":"EntryPoint","urlTemplate":"https:\/\/sertek.com.tr\/en\/?s={search_term_string}"},"query-input":{"@type":"PropertyValueSpecification","valueRequired":true,"valueName":"search_term_string"}}],"inLanguage":"tr"},{"@type":"Organization","@id":"https:\/\/sertek.com.tr\/en\/#organization","name":"Sertek Exhibitions","url":"https:\/\/sertek.com.tr\/en\/","logo":{"@type":"ImageObject","inLanguage":"tr","@id":"https:\/\/sertek.com.tr\/en\/#\/schema\/logo\/image\/","url":"https:\/\/sertek.com.tr\/wp-content\/uploads\/2023\/06\/SertekLogo-1.png","contentUrl":"https:\/\/sertek.com.tr\/wp-content\/uploads\/2023\/06\/SertekLogo-1.png","width":300,"height":49,"caption":"Sertek Exhibitions"},"image":{"@id":"https:\/\/sertek.com.tr\/en\/#\/schema\/logo\/image\/"},"sameAs":["https:\/\/www.linkedin.com\/company\/sertek-exhibitions\/"]}]}},"jetpack_sharing_enabled":true,"_links":{"self":[{"href":"https:\/\/sertek.com.tr\/tr\/wp-json\/wp\/v2\/pages\/4413","targetHints":{"allow":["GET"]}}],"collection":[{"href":"https:\/\/sertek.com.tr\/tr\/wp-json\/wp\/v2\/pages"}],"about":[{"href":"https:\/\/sertek.com.tr\/tr\/wp-json\/wp\/v2\/types\/page"}],"author":[{"embeddable":true,"href":"https:\/\/sertek.com.tr\/tr\/wp-json\/wp\/v2\/users\/2"}],"replies":[{"embeddable":true,"href":"https:\/\/sertek.com.tr\/tr\/wp-json\/wp\/v2\/comments?post=4413"}],"version-history":[{"count":20,"href":"https:\/\/sertek.com.tr\/tr\/wp-json\/wp\/v2\/pages\/4413\/revisions"}],"predecessor-version":[{"id":7279,"href":"https:\/\/sertek.com.tr\/tr\/wp-json\/wp\/v2\/pages\/4413\/revisions\/7279"}],"wp:attachment":[{"href":"https:\/\/sertek.com.tr\/tr\/wp-json\/wp\/v2\/media?parent=4413"}],"curies":[{"name":"wp","href":"https:\/\/api.w.org\/{rel}","templated":true}]}}