{"id":4425,"date":"2023-07-22T07:05:41","date_gmt":"2023-07-22T07:05:41","guid":{"rendered":"https:\/\/sertekexhibitions.com\/?page_id=4425"},"modified":"2023-09-06T20:49:53","modified_gmt":"2023-09-06T20:49:53","slug":"ar-mars-colony-exhibit","status":"publish","type":"page","link":"https:\/\/sertek.com.tr\/tr\/ar-mars-koloni-sergi\/","title":{"rendered":"AR Mars Kolonisi Sergisi"},"content":{"rendered":"<div data-elementor-type=\"wp-page\" data-elementor-id=\"4425\" class=\"elementor elementor-4425\" data-elementor-settings=\"{&quot;ha_cmc_init_switcher&quot;:&quot;no&quot;}\">\n\t\t\t\t\t\t<section class=\"elementor-section elementor-top-section elementor-element elementor-element-9f5181a elementor-section-boxed elementor-section-height-default elementor-section-height-default\" data-id=\"9f5181a\" data-element_type=\"section\" data-settings=\"{&quot;_ha_eqh_enable&quot;:false}\">\n\t\t\t\t\t\t<div class=\"elementor-container elementor-column-gap-extended\">\n\t\t\t\t\t<div class=\"elementor-column elementor-col-100 elementor-top-column elementor-element elementor-element-e397ea5\" data-id=\"e397ea5\" data-element_type=\"column\">\n\t\t\t<div class=\"elementor-widget-wrap elementor-element-populated\">\n\t\t\t\t\t\t<section class=\"elementor-section elementor-inner-section elementor-element elementor-element-8274943 elementor-section-full_width elementor-section-height-default elementor-section-height-default\" data-id=\"8274943\" data-element_type=\"section\" data-settings=\"{&quot;background_background&quot;:&quot;classic&quot;,&quot;_ha_eqh_enable&quot;:false}\">\n\t\t\t\t\t\t<div class=\"elementor-container elementor-column-gap-wide\">\n\t\t\t\t\t<div class=\"elementor-column elementor-col-50 elementor-inner-column elementor-element elementor-element-4cbc07e has-sticky-column\" data-id=\"4cbc07e\" data-element_type=\"column\">\n\t\t\t<div class=\"elementor-widget-wrap elementor-element-populated\">\n\t\t\t\t\t\t<div class=\"elementor-element elementor-element-1f04f6e elementor-widget elementor-widget-video\" data-id=\"1f04f6e\" data-element_type=\"widget\" data-settings=\"{&quot;youtube_url&quot;:&quot;https:\\\/\\\/youtu.be\\\/aXepHLLMW9Y&quot;,&quot;video_type&quot;:&quot;youtube&quot;,&quot;controls&quot;:&quot;yes&quot;}\" data-widget_type=\"video.default\">\n\t\t\t\t<div class=\"elementor-widget-container\">\n\t\t\t\t\t\t\t<div class=\"elementor-wrapper elementor-open-inline\">\n\t\t\t<div class=\"elementor-video\"><\/div>\t\t<\/div>\n\t\t\t\t\t\t<\/div>\n\t\t\t\t<\/div>\n\t\t\t\t<div class=\"elementor-element elementor-element-e2fb4cc elementor-widget__width-inherit elementor-arrows-position-inside elementor-pagination-position-outside elementor-widget elementor-widget-image-carousel\" data-id=\"e2fb4cc\" data-element_type=\"widget\" data-settings=\"{&quot;slides_to_show&quot;:&quot;1&quot;,&quot;navigation&quot;:&quot;both&quot;,&quot;autoplay&quot;:&quot;yes&quot;,&quot;pause_on_hover&quot;:&quot;yes&quot;,&quot;pause_on_interaction&quot;:&quot;yes&quot;,&quot;autoplay_speed&quot;:5000,&quot;infinite&quot;:&quot;yes&quot;,&quot;effect&quot;:&quot;slide&quot;,&quot;speed&quot;:500}\" data-widget_type=\"image-carousel.default\">\n\t\t\t\t<div class=\"elementor-widget-container\">\n\t\t\t\t\t\t\t<div class=\"elementor-image-carousel-wrapper swiper\" role=\"region\" aria-roledescription=\"carousel\" aria-label=\"Resim D\u00f6ng\u00fcs\u00fc\" dir=\"ltr\">\n\t\t\t<div class=\"elementor-image-carousel swiper-wrapper\" aria-live=\"off\">\n\t\t\t\t\t\t\t\t<div class=\"swiper-slide\" role=\"group\" aria-roledescription=\"slide\" aria-label=\"1 \/ 1\"><figure class=\"swiper-slide-inner\"><img decoding=\"async\" class=\"swiper-slide-image\" src=\"https:\/\/sertek.com.tr\/wp-content\/uploads\/elementor\/thumbs\/AR-MarsColony-qbxm8n3ihmn2f4lwuvk7kokn4bmnk7ifg8sfue65xk.png\" alt=\"Mars sergisi\" \/><\/figure><\/div>\t\t\t<\/div>\n\t\t\t\t\t<\/div>\n\t\t\t\t\t\t<\/div>\n\t\t\t\t<\/div>\n\t\t\t\t\t<\/div>\n\t\t<\/div>\n\t\t\t\t<div class=\"elementor-column elementor-col-50 elementor-inner-column elementor-element elementor-element-b2d72f3\" data-id=\"b2d72f3\" data-element_type=\"column\">\n\t\t\t<div class=\"elementor-widget-wrap elementor-element-populated\">\n\t\t\t\t\t\t<div class=\"elementor-element elementor-element-7266a04 elementor-widget elementor-widget-heading\" data-id=\"7266a04\" data-element_type=\"widget\" data-widget_type=\"heading.default\">\n\t\t\t\t<div class=\"elementor-widget-container\">\n\t\t\t\t\t<h1 class=\"elementor-heading-title elementor-size-default\">AR Mars Kolonisi Sergisi<\/h1>\t\t\t\t<\/div>\n\t\t\t\t<\/div>\n\t\t\t\t<div class=\"elementor-element elementor-element-091ced5 elementor-widget elementor-widget-text-editor\" data-id=\"091ced5\" data-element_type=\"widget\" data-widget_type=\"text-editor.default\">\n\t\t\t\t<div class=\"elementor-widget-container\">\n\t\t\t\t\t\t\t\t\t<p>AR Mars Colony sergisi, etkile\u015fimli yenili\u011fin zirvesini temsil ediyor ve elle tutulur nesneleri sanal projeksiyonlarla birle\u015ftirerek b\u00fcy\u00fcleyici bir art\u0131r\u0131lm\u0131\u015f ger\u00e7eklik deneyimi yarat\u0131yor. Sergi, ziyaret\u00e7ilerin fiziksel nesneleri \u00f6zel olarak tasarlanm\u0131\u015f bir masaya stratejik olarak yerle\u015ftirerek sanal bir Mars kolonisi kurmas\u0131n\u0131 sa\u011flamak i\u00e7in son teknolojiyi kullan\u0131yor. Art\u0131r\u0131lm\u0131\u015f ger\u00e7eklik sayesinde bu nesneler, yans\u0131t\u0131lan Mars kolonisi ortam\u0131nda dinamik, etkile\u015fimli \u00f6\u011felere sorunsuz bir \u015fekilde d\u00f6n\u00fc\u015ft\u00fcr\u00fcl\u00fcyor.<\/p><p>Bu sergi, teknolojinin hayal g\u00fcc\u00fcyle bulu\u015ftu\u011fu bir tuval sunuyor. Ziyaret\u00e7iler koloniler in\u015fa ederken, art\u0131r\u0131lm\u0131\u015f ger\u00e7eklikle etkile\u015fim kurarken ve kozmik ke\u015ffin gidi\u015fat\u0131n\u0131 \u015fekillendirmek i\u00e7in teknolojinin g\u00fcc\u00fcne dair yeni bir takdirle ayr\u0131l\u0131rken inovasyon ve i\u015f birli\u011finin i\u00e7 i\u00e7e ge\u00e7ti\u011fine tan\u0131k olun. AR Mars Colony, fiziksel ve sanal alemleri birle\u015ftirmenin s\u0131n\u0131rs\u0131z olas\u0131l\u0131klar\u0131n\u0131n bir kan\u0131t\u0131d\u0131r. Ziyaret\u00e7ilerin sergilerle etkile\u015fim kurma bi\u00e7imini yeniden tan\u0131mlayarak, uzay ke\u015ffi ba\u011flam\u0131nda \u00f6\u011frenmeyi ve kat\u0131l\u0131m\u0131 geli\u015ftirmek i\u00e7in teknolojinin potansiyeline dair bir pencere sunar.<\/p>\t\t\t\t\t\t\t\t<\/div>\n\t\t\t\t<\/div>\n\t\t\t\t<div class=\"elementor-element elementor-element-aec0eae elementor-widget-divider--view-line elementor-widget elementor-widget-divider\" data-id=\"aec0eae\" data-element_type=\"widget\" data-widget_type=\"divider.default\">\n\t\t\t\t<div class=\"elementor-widget-container\">\n\t\t\t\t\t\t\t<div class=\"elementor-divider\">\n\t\t\t<span class=\"elementor-divider-separator\">\n\t\t\t\t\t\t<\/span>\n\t\t<\/div>\n\t\t\t\t\t\t<\/div>\n\t\t\t\t<\/div>\n\t\t\t\t<div class=\"elementor-element elementor-element-3e33613 elementor-widget elementor-widget-heading\" data-id=\"3e33613\" data-element_type=\"widget\" data-widget_type=\"heading.default\">\n\t\t\t\t<div class=\"elementor-widget-container\">\n\t\t\t\t\t<h2 class=\"elementor-heading-title elementor-size-default\">Ziyaret\u00e7i Deneyimi<\/h2>\t\t\t\t<\/div>\n\t\t\t\t<\/div>\n\t\t\t\t<div class=\"elementor-element elementor-element-3a2d915 elementor-widget elementor-widget-text-editor\" data-id=\"3a2d915\" data-element_type=\"widget\" data-widget_type=\"text-editor.default\">\n\t\t\t\t<div class=\"elementor-widget-container\">\n\t\t\t\t\t\t\t\t\t<p>Ziyaret\u00e7iler AR Mars Kolonisi sergisine yakla\u015ft\u0131k\u00e7a, elle tutulur ve dijital \u00f6\u011felerin f\u00fct\u00fcristik birle\u015fimine kap\u0131l\u0131rlar. Fiziksel nesneleri masaya yerle\u015ftirerek, nesnelerinin yans\u0131t\u0131lan Mars kolonisi i\u00e7inde etkile\u015fimli \u00f6\u011felere d\u00f6n\u00fc\u015fmesine tan\u0131kl\u0131k ederek bir d\u00f6n\u00fc\u015f\u00fcm senfonisi ba\u015flat\u0131rlar.<\/p><p>Sergi, kat\u0131l\u0131mc\u0131lar\u0131 astronotlar\u0131n g\u00f6revlere \u00e7\u0131kt\u0131\u011f\u0131, ara\u00e7lar\u0131n manzaray\u0131 ge\u00e7ti\u011fi ve yap\u0131lar\u0131n Mars ufkuna kar\u015f\u0131 y\u00fckseldi\u011fi bir d\u00fcnyaya dald\u0131r\u0131yor. Sanal kolonilerini i\u015f birli\u011fi i\u00e7inde in\u015fa edip ke\u015ffederken, ziyaret\u00e7iler uzay ke\u015ffinin olanaklar\u0131yla daha derin bir ba\u011flant\u0131 deneyimliyor.<\/p>\t\t\t\t\t\t\t\t<\/div>\n\t\t\t\t<\/div>\n\t\t\t\t<div class=\"elementor-element elementor-element-0b4a3e1 elementor-widget-divider--view-line elementor-widget elementor-widget-divider\" data-id=\"0b4a3e1\" data-element_type=\"widget\" data-widget_type=\"divider.default\">\n\t\t\t\t<div class=\"elementor-widget-container\">\n\t\t\t\t\t\t\t<div class=\"elementor-divider\">\n\t\t\t<span class=\"elementor-divider-separator\">\n\t\t\t\t\t\t<\/span>\n\t\t<\/div>\n\t\t\t\t\t\t<\/div>\n\t\t\t\t<\/div>\n\t\t\t\t<div class=\"elementor-element elementor-element-2ec6503 elementor-widget elementor-widget-heading\" data-id=\"2ec6503\" data-element_type=\"widget\" data-widget_type=\"heading.default\">\n\t\t\t\t<div class=\"elementor-widget-container\">\n\t\t\t\t\t<h2 class=\"elementor-heading-title elementor-size-default\">Mars Colony Sergisinin Temel \u00d6zellikleri<\/h2>\t\t\t\t<\/div>\n\t\t\t\t<\/div>\n\t\t\t\t<div class=\"elementor-element elementor-element-02cf664 elementor-widget elementor-widget-text-editor\" data-id=\"02cf664\" data-element_type=\"widget\" data-widget_type=\"text-editor.default\">\n\t\t\t\t<div class=\"elementor-widget-container\">\n\t\t\t\t\t\t\t\t\t<ul><li><p><strong>Etkile\u015fimli Bina:<\/strong> Sergi, ziyaret\u00e7ileri uzay ke\u015ffinin \u00f6nc\u00fcleri olmaya davet ediyor. Kat\u0131l\u0131mc\u0131lar, her biri uzayla ilgili unsurlara kar\u015f\u0131l\u0131k gelen \u00e7e\u015fitli nesneleri masaya yerle\u015ftirerek sanal bir Mars kolonisi in\u015fa ediyorlar.<\/p><\/li><li><p><strong><a href=\"https:\/\/en.wikipedia.org\/wiki\/Augmented_reality\" target=\"_blank\" rel=\"noopener\">Art\u0131r\u0131lm\u0131\u015f Ger\u00e7eklik<\/a> D\u00f6n\u00fc\u015f\u00fcm:<\/strong> Masan\u0131n \u00fczerinde konumland\u0131r\u0131lm\u0131\u015f bir kamera fiziksel nesneleri ve konumlar\u0131n\u0131 tan\u0131r. Buna kar\u015f\u0131l\u0131k, sergi dinamik olarak kar\u015f\u0131l\u0131k gelen sanal \u00f6\u011feleri nesnelere yans\u0131tarak fiziksel ve dijital d\u00fcnyalar\u0131 birle\u015ftirir.<\/p><\/li><li><p><strong>Dinamik Etkile\u015fimler:<\/strong> Tasarlanan sanal koloni dinamik etkile\u015fimlerle hayata ge\u00e7iyor. \u00d6zellikle, astronotlar manzaray\u0131 dola\u015f\u0131yor, uzay ara\u00e7lar\u0131 yap\u0131lar aras\u0131nda mekik dokuyor ve unsurlar birbirleriyle etkile\u015fime girerek zengin ve ilgi \u00e7ekici bir deneyim yarat\u0131yor.<\/p><\/li><li><p><strong>Ki\u015fiselle\u015ftirilmi\u015f Ke\u015fif:<\/strong> Kat\u0131l\u0131mc\u0131lar, nesneleri benzersiz yap\u0131land\u0131rmalarda konumland\u0131rarak kendi Mars kolonilerini tasarlama \u00f6zg\u00fcrl\u00fc\u011f\u00fcne sahiptir. Sergi, ziyaret\u00e7iler vizyonlar\u0131n\u0131 hayata ge\u00e7irmek i\u00e7in birlikte \u00e7al\u0131\u015f\u0131rken yarat\u0131c\u0131l\u0131\u011f\u0131, ele\u015ftirel d\u00fc\u015f\u00fcnmeyi ve i\u015f birli\u011fini te\u015fvik eder.<\/p><\/li><li><p><strong>E\u011fitimsel Kat\u0131l\u0131m:<\/strong> AR Mars Colony de\u011ferli bir e\u011fitim deneyimi sunar. Kat\u0131l\u0131mc\u0131lar art\u0131r\u0131lm\u0131\u015f ger\u00e7eklikle uygulamal\u0131 etkile\u015fim yoluyla uzay ke\u015ffi, ya\u015fam alanlar\u0131, altyap\u0131 ve ba\u011flant\u0131 hakk\u0131nda bilgi edinir.<\/p><\/li><\/ul>\t\t\t\t\t\t\t\t<\/div>\n\t\t\t\t<\/div>\n\t\t\t\t<div class=\"elementor-element elementor-element-7d0f6ca elementor-widget-divider--view-line elementor-widget elementor-widget-divider\" data-id=\"7d0f6ca\" data-element_type=\"widget\" data-widget_type=\"divider.default\">\n\t\t\t\t<div class=\"elementor-widget-container\">\n\t\t\t\t\t\t\t<div class=\"elementor-divider\">\n\t\t\t<span class=\"elementor-divider-separator\">\n\t\t\t\t\t\t<\/span>\n\t\t<\/div>\n\t\t\t\t\t\t<\/div>\n\t\t\t\t<\/div>\n\t\t\t\t<div class=\"elementor-element elementor-element-7cf24a0 elementor-widget elementor-widget-heading\" data-id=\"7cf24a0\" data-element_type=\"widget\" data-widget_type=\"heading.default\">\n\t\t\t\t<div class=\"elementor-widget-container\">\n\t\t\t\t\t<h2 class=\"elementor-heading-title elementor-size-default\">Hedef Ya\u015f<\/h2>\t\t\t\t<\/div>\n\t\t\t\t<\/div>\n\t\t\t\t<div class=\"elementor-element elementor-element-daac8db elementor-icon-list--layout-traditional elementor-list-item-link-full_width elementor-widget elementor-widget-icon-list\" data-id=\"daac8db\" data-element_type=\"widget\" data-widget_type=\"icon-list.default\">\n\t\t\t\t<div class=\"elementor-widget-container\">\n\t\t\t\t\t\t\t<ul class=\"elementor-icon-list-items\">\n\t\t\t\t\t\t\t<li class=\"elementor-icon-list-item\">\n\t\t\t\t\t\t\t\t\t\t\t<span class=\"elementor-icon-list-icon\">\n\t\t\t\t\t\t\t<i aria-hidden=\"true\" class=\"fas fa-check\"><\/i>\t\t\t\t\t\t<\/span>\n\t\t\t\t\t\t\t\t\t\t<span class=\"elementor-icon-list-text\">7&#039;den itibaren<\/span>\n\t\t\t\t\t\t\t\t\t<\/li>\n\t\t\t\t\t\t<\/ul>\n\t\t\t\t\t\t<\/div>\n\t\t\t\t<\/div>\n\t\t\t\t<div class=\"elementor-element elementor-element-7e15fbb elementor-widget-divider--view-line elementor-widget elementor-widget-divider\" data-id=\"7e15fbb\" data-element_type=\"widget\" data-widget_type=\"divider.default\">\n\t\t\t\t<div class=\"elementor-widget-container\">\n\t\t\t\t\t\t\t<div class=\"elementor-divider\">\n\t\t\t<span class=\"elementor-divider-separator\">\n\t\t\t\t\t\t<\/span>\n\t\t<\/div>\n\t\t\t\t\t\t<\/div>\n\t\t\t\t<\/div>\n\t\t\t\t<div class=\"elementor-element elementor-element-ec11ce9 elementor-widget elementor-widget-heading\" data-id=\"ec11ce9\" data-element_type=\"widget\" data-widget_type=\"heading.default\">\n\t\t\t\t<div class=\"elementor-widget-container\">\n\t\t\t\t\t<h2 class=\"elementor-heading-title elementor-size-default\">Uygulanabilir Temalar<\/h2>\t\t\t\t<\/div>\n\t\t\t\t<\/div>\n\t\t\t\t<div class=\"elementor-element elementor-element-fe015a9 elementor-icon-list--layout-traditional elementor-list-item-link-full_width elementor-widget elementor-widget-icon-list\" data-id=\"fe015a9\" data-element_type=\"widget\" data-widget_type=\"icon-list.default\">\n\t\t\t\t<div class=\"elementor-widget-container\">\n\t\t\t\t\t\t\t<ul class=\"elementor-icon-list-items\">\n\t\t\t\t\t\t\t<li class=\"elementor-icon-list-item\">\n\t\t\t\t\t\t\t\t\t\t\t<a href=\"https:\/\/sertek.com.tr\/tr\/uzay-temali-sergiler\/\">\n\n\t\t\t\t\t\t\t\t\t\t\t\t<span class=\"elementor-icon-list-icon\">\n\t\t\t\t\t\t\t<i aria-hidden=\"true\" class=\"fas fa-space-shuttle\"><\/i>\t\t\t\t\t\t<\/span>\n\t\t\t\t\t\t\t\t\t\t<span class=\"elementor-icon-list-text\">Uzay<\/span>\n\t\t\t\t\t\t\t\t\t\t\t<\/a>\n\t\t\t\t\t\t\t\t\t<\/li>\n\t\t\t\t\t\t<\/ul>\n\t\t\t\t\t\t<\/div>\n\t\t\t\t<\/div>\n\t\t\t\t\t<\/div>\n\t\t<\/div>\n\t\t\t\t\t<\/div>\n\t\t<\/section>\n\t\t\t\t<div class=\"elementor-element elementor-element-b458126 elementor-widget elementor-widget-spacer\" data-id=\"b458126\" data-element_type=\"widget\" data-widget_type=\"spacer.default\">\n\t\t\t\t<div class=\"elementor-widget-container\">\n\t\t\t\t\t\t\t<div class=\"elementor-spacer\">\n\t\t\t<div class=\"elementor-spacer-inner\"><\/div>\n\t\t<\/div>\n\t\t\t\t\t\t<\/div>\n\t\t\t\t<\/div>\n\t\t\t\t\t<\/div>\n\t\t<\/div>\n\t\t\t\t\t<\/div>\n\t\t<\/section>\n\t\t\t\t<\/div>","protected":false},"excerpt":{"rendered":"<p>AR Mars Kolonisi Sergisi AR Mars Kolonisi sergisi, etkile\u015fimli yenili\u011fin zirvesini temsil ediyor ve elle tutulur nesneleri sanal projeksiyonlarla birle\u015ftirerek b\u00fcy\u00fcleyici bir deneyim yarat\u0131yor [\u2026]<\/p>","protected":false},"author":2,"featured_media":0,"parent":0,"menu_order":0,"comment_status":"closed","ping_status":"closed","template":"page-custom.php","meta":{"om_disable_all_campaigns":false,"_monsterinsights_skip_tracking":false,"_monsterinsights_sitenote_active":false,"_monsterinsights_sitenote_note":"","_monsterinsights_sitenote_category":0,"_uf_show_specific_survey":0,"_uf_disable_surveys":false,"footnotes":""},"class_list":["post-4425","page","type-page","status-publish","hentry"],"acf":{"full_width":false,"header_transparent":false,"header_white":false},"aioseo_notices":[],"yoast_head":"<!-- This site is optimized with the Yoast SEO plugin v26.9 - https:\/\/yoast.com\/product\/yoast-seo-wordpress\/ -->\n<title>Mars Exhibit - AR Mars Colony Exhibit - Sertek Exhibitions<\/title>\n<meta name=\"description\" content=\"AR Mars Colony exhibit fuses tangible objects with virtual projections to create a captivating augmented reality experience.\" \/>\n<meta name=\"robots\" content=\"index, follow, max-snippet:-1, max-image-preview:large, max-video-preview:-1\" \/>\n<link rel=\"canonical\" href=\"https:\/\/sertek.com.tr\/tr\/ar-mars-koloni-sergi\/\" \/>\n<meta property=\"og:locale\" content=\"tr_TR\" \/>\n<meta property=\"og:type\" content=\"article\" \/>\n<meta property=\"og:title\" content=\"Mars Exhibit - AR Mars Colony Exhibit - Sertek Exhibitions\" \/>\n<meta property=\"og:description\" content=\"AR Mars Colony exhibit fuses tangible objects with virtual projections to create a captivating augmented reality experience.\" \/>\n<meta property=\"og:url\" content=\"https:\/\/sertek.com.tr\/tr\/ar-mars-koloni-sergi\/\" \/>\n<meta property=\"og:site_name\" content=\"Sertek Exhibitions\" \/>\n<meta property=\"article:modified_time\" content=\"2023-09-06T20:49:53+00:00\" \/>\n<meta property=\"og:image\" content=\"https:\/\/sertek.com.tr\/wp-content\/uploads\/elementor\/thumbs\/AR-MarsColony-qbxm8n3ihmn2f4lwuvk7kokn4bmnk7ifg8sfue65xk.png\" \/>\n<meta name=\"twitter:card\" content=\"summary_large_image\" \/>\n<meta name=\"twitter:label1\" content=\"Tahmini okuma s\u00fcresi\" \/>\n\t<meta name=\"twitter:data1\" content=\"3 dakika\" \/>\n<script type=\"application\/ld+json\" class=\"yoast-schema-graph\">{\"@context\":\"https:\/\/schema.org\",\"@graph\":[{\"@type\":\"WebPage\",\"@id\":\"https:\/\/sertek.com.tr\/en\/ar-mars-colony-exhibit\/\",\"url\":\"https:\/\/sertek.com.tr\/en\/ar-mars-colony-exhibit\/\",\"name\":\"Mars Exhibit - AR Mars Colony Exhibit - Sertek Exhibitions\",\"isPartOf\":{\"@id\":\"https:\/\/sertek.com.tr\/en\/#website\"},\"primaryImageOfPage\":{\"@id\":\"https:\/\/sertek.com.tr\/en\/ar-mars-colony-exhibit\/#primaryimage\"},\"image\":{\"@id\":\"https:\/\/sertek.com.tr\/en\/ar-mars-colony-exhibit\/#primaryimage\"},\"thumbnailUrl\":\"https:\/\/sertek.com.tr\/wp-content\/uploads\/elementor\/thumbs\/AR-MarsColony-qbxm8n3ihmn2f4lwuvk7kokn4bmnk7ifg8sfue65xk.png\",\"datePublished\":\"2023-07-22T07:05:41+00:00\",\"dateModified\":\"2023-09-06T20:49:53+00:00\",\"description\":\"AR Mars Colony exhibit fuses tangible objects with virtual projections to create a captivating augmented reality experience.\",\"breadcrumb\":{\"@id\":\"https:\/\/sertek.com.tr\/en\/ar-mars-colony-exhibit\/#breadcrumb\"},\"inLanguage\":\"tr\",\"potentialAction\":[{\"@type\":\"ReadAction\",\"target\":[\"https:\/\/sertek.com.tr\/en\/ar-mars-colony-exhibit\/\"]}]},{\"@type\":\"ImageObject\",\"inLanguage\":\"tr\",\"@id\":\"https:\/\/sertek.com.tr\/en\/ar-mars-colony-exhibit\/#primaryimage\",\"url\":\"https:\/\/sertek.com.tr\/wp-content\/uploads\/elementor\/thumbs\/AR-MarsColony-qbxm8n3ihmn2f4lwuvk7kokn4bmnk7ifg8sfue65xk.png\",\"contentUrl\":\"https:\/\/sertek.com.tr\/wp-content\/uploads\/elementor\/thumbs\/AR-MarsColony-qbxm8n3ihmn2f4lwuvk7kokn4bmnk7ifg8sfue65xk.png\"},{\"@type\":\"BreadcrumbList\",\"@id\":\"https:\/\/sertek.com.tr\/en\/ar-mars-colony-exhibit\/#breadcrumb\",\"itemListElement\":[{\"@type\":\"ListItem\",\"position\":1,\"name\":\"Home\",\"item\":\"https:\/\/sertek.com.tr\/\"},{\"@type\":\"ListItem\",\"position\":2,\"name\":\"AR Mars Colony Exhibit\"}]},{\"@type\":\"WebSite\",\"@id\":\"https:\/\/sertek.com.tr\/en\/#website\",\"url\":\"https:\/\/sertek.com.tr\/en\/\",\"name\":\"Sertek Exhibitions\",\"description\":\"Sertek Exhibitons\",\"publisher\":{\"@id\":\"https:\/\/sertek.com.tr\/en\/#organization\"},\"potentialAction\":[{\"@type\":\"SearchAction\",\"target\":{\"@type\":\"EntryPoint\",\"urlTemplate\":\"https:\/\/sertek.com.tr\/en\/?s={search_term_string}\"},\"query-input\":{\"@type\":\"PropertyValueSpecification\",\"valueRequired\":true,\"valueName\":\"search_term_string\"}}],\"inLanguage\":\"tr\"},{\"@type\":\"Organization\",\"@id\":\"https:\/\/sertek.com.tr\/en\/#organization\",\"name\":\"Sertek Exhibitions\",\"url\":\"https:\/\/sertek.com.tr\/en\/\",\"logo\":{\"@type\":\"ImageObject\",\"inLanguage\":\"tr\",\"@id\":\"https:\/\/sertek.com.tr\/en\/#\/schema\/logo\/image\/\",\"url\":\"https:\/\/sertek.com.tr\/wp-content\/uploads\/2023\/06\/SertekLogo-1.png\",\"contentUrl\":\"https:\/\/sertek.com.tr\/wp-content\/uploads\/2023\/06\/SertekLogo-1.png\",\"width\":300,\"height\":49,\"caption\":\"Sertek Exhibitions\"},\"image\":{\"@id\":\"https:\/\/sertek.com.tr\/en\/#\/schema\/logo\/image\/\"},\"sameAs\":[\"https:\/\/www.linkedin.com\/company\/sertek-exhibitions\/\"]}]}<\/script>\n<!-- \/ Yoast SEO plugin. -->","yoast_head_json":{"title":"Mars Exhibit - AR Mars Colony Exhibit - Sertek Exhibitions","description":"AR Mars Colony exhibit fuses tangible objects with virtual projections to create a captivating augmented reality experience.","robots":{"index":"index","follow":"follow","max-snippet":"max-snippet:-1","max-image-preview":"max-image-preview:large","max-video-preview":"max-video-preview:-1"},"canonical":"https:\/\/sertek.com.tr\/tr\/ar-mars-koloni-sergi\/","og_locale":"tr_TR","og_type":"article","og_title":"Mars Exhibit - AR Mars Colony Exhibit - Sertek Exhibitions","og_description":"AR Mars Colony exhibit fuses tangible objects with virtual projections to create a captivating augmented reality experience.","og_url":"https:\/\/sertek.com.tr\/tr\/ar-mars-koloni-sergi\/","og_site_name":"Sertek Exhibitions","article_modified_time":"2023-09-06T20:49:53+00:00","og_image":[{"url":"https:\/\/sertek.com.tr\/wp-content\/uploads\/elementor\/thumbs\/AR-MarsColony-qbxm8n3ihmn2f4lwuvk7kokn4bmnk7ifg8sfue65xk.png","type":"","width":"","height":""}],"twitter_card":"summary_large_image","twitter_misc":{"Tahmini okuma s\u00fcresi":"3 dakika"},"schema":{"@context":"https:\/\/schema.org","@graph":[{"@type":"WebPage","@id":"https:\/\/sertek.com.tr\/en\/ar-mars-colony-exhibit\/","url":"https:\/\/sertek.com.tr\/en\/ar-mars-colony-exhibit\/","name":"Mars Exhibit - AR Mars Colony Exhibit - Sertek Exhibitions","isPartOf":{"@id":"https:\/\/sertek.com.tr\/en\/#website"},"primaryImageOfPage":{"@id":"https:\/\/sertek.com.tr\/en\/ar-mars-colony-exhibit\/#primaryimage"},"image":{"@id":"https:\/\/sertek.com.tr\/en\/ar-mars-colony-exhibit\/#primaryimage"},"thumbnailUrl":"https:\/\/sertek.com.tr\/wp-content\/uploads\/elementor\/thumbs\/AR-MarsColony-qbxm8n3ihmn2f4lwuvk7kokn4bmnk7ifg8sfue65xk.png","datePublished":"2023-07-22T07:05:41+00:00","dateModified":"2023-09-06T20:49:53+00:00","description":"AR Mars Colony exhibit fuses tangible objects with virtual projections to create a captivating augmented reality experience.","breadcrumb":{"@id":"https:\/\/sertek.com.tr\/en\/ar-mars-colony-exhibit\/#breadcrumb"},"inLanguage":"tr","potentialAction":[{"@type":"ReadAction","target":["https:\/\/sertek.com.tr\/en\/ar-mars-colony-exhibit\/"]}]},{"@type":"ImageObject","inLanguage":"tr","@id":"https:\/\/sertek.com.tr\/en\/ar-mars-colony-exhibit\/#primaryimage","url":"https:\/\/sertek.com.tr\/wp-content\/uploads\/elementor\/thumbs\/AR-MarsColony-qbxm8n3ihmn2f4lwuvk7kokn4bmnk7ifg8sfue65xk.png","contentUrl":"https:\/\/sertek.com.tr\/wp-content\/uploads\/elementor\/thumbs\/AR-MarsColony-qbxm8n3ihmn2f4lwuvk7kokn4bmnk7ifg8sfue65xk.png"},{"@type":"BreadcrumbList","@id":"https:\/\/sertek.com.tr\/en\/ar-mars-colony-exhibit\/#breadcrumb","itemListElement":[{"@type":"ListItem","position":1,"name":"Home","item":"https:\/\/sertek.com.tr\/"},{"@type":"ListItem","position":2,"name":"AR Mars Colony Exhibit"}]},{"@type":"WebSite","@id":"https:\/\/sertek.com.tr\/en\/#website","url":"https:\/\/sertek.com.tr\/en\/","name":"Sertek Exhibitions","description":"Sertek Exhibitons","publisher":{"@id":"https:\/\/sertek.com.tr\/en\/#organization"},"potentialAction":[{"@type":"SearchAction","target":{"@type":"EntryPoint","urlTemplate":"https:\/\/sertek.com.tr\/en\/?s={search_term_string}"},"query-input":{"@type":"PropertyValueSpecification","valueRequired":true,"valueName":"search_term_string"}}],"inLanguage":"tr"},{"@type":"Organization","@id":"https:\/\/sertek.com.tr\/en\/#organization","name":"Sertek Exhibitions","url":"https:\/\/sertek.com.tr\/en\/","logo":{"@type":"ImageObject","inLanguage":"tr","@id":"https:\/\/sertek.com.tr\/en\/#\/schema\/logo\/image\/","url":"https:\/\/sertek.com.tr\/wp-content\/uploads\/2023\/06\/SertekLogo-1.png","contentUrl":"https:\/\/sertek.com.tr\/wp-content\/uploads\/2023\/06\/SertekLogo-1.png","width":300,"height":49,"caption":"Sertek Exhibitions"},"image":{"@id":"https:\/\/sertek.com.tr\/en\/#\/schema\/logo\/image\/"},"sameAs":["https:\/\/www.linkedin.com\/company\/sertek-exhibitions\/"]}]}},"jetpack_sharing_enabled":true,"_links":{"self":[{"href":"https:\/\/sertek.com.tr\/tr\/wp-json\/wp\/v2\/pages\/4425","targetHints":{"allow":["GET"]}}],"collection":[{"href":"https:\/\/sertek.com.tr\/tr\/wp-json\/wp\/v2\/pages"}],"about":[{"href":"https:\/\/sertek.com.tr\/tr\/wp-json\/wp\/v2\/types\/page"}],"author":[{"embeddable":true,"href":"https:\/\/sertek.com.tr\/tr\/wp-json\/wp\/v2\/users\/2"}],"replies":[{"embeddable":true,"href":"https:\/\/sertek.com.tr\/tr\/wp-json\/wp\/v2\/comments?post=4425"}],"version-history":[{"count":20,"href":"https:\/\/sertek.com.tr\/tr\/wp-json\/wp\/v2\/pages\/4425\/revisions"}],"predecessor-version":[{"id":6654,"href":"https:\/\/sertek.com.tr\/tr\/wp-json\/wp\/v2\/pages\/4425\/revisions\/6654"}],"wp:attachment":[{"href":"https:\/\/sertek.com.tr\/tr\/wp-json\/wp\/v2\/media?parent=4425"}],"curies":[{"name":"wp","href":"https:\/\/api.w.org\/{rel}","templated":true}]}}