{"id":4433,"date":"2023-07-22T07:08:21","date_gmt":"2023-07-22T07:08:21","guid":{"rendered":"https:\/\/sertekexhibitions.com\/?page_id=4433"},"modified":"2023-10-07T13:00:50","modified_gmt":"2023-10-07T13:00:50","slug":"gravity-well-exhibit","status":"publish","type":"page","link":"https:\/\/sertek.com.tr\/tr\/yercekimi-kuyusu-sergisi\/","title":{"rendered":"Yer\u00e7ekimi Kuyusu Sergisi"},"content":{"rendered":"<div data-elementor-type=\"wp-page\" data-elementor-id=\"4433\" class=\"elementor elementor-4433\" data-elementor-settings=\"{&quot;ha_cmc_init_switcher&quot;:&quot;no&quot;}\">\n\t\t\t\t\t\t<section class=\"elementor-section elementor-top-section elementor-element elementor-element-9f5181a elementor-section-boxed elementor-section-height-default elementor-section-height-default\" data-id=\"9f5181a\" data-element_type=\"section\" data-settings=\"{&quot;_ha_eqh_enable&quot;:false}\">\n\t\t\t\t\t\t<div class=\"elementor-container elementor-column-gap-extended\">\n\t\t\t\t\t<div class=\"elementor-column elementor-col-100 elementor-top-column elementor-element elementor-element-e397ea5\" data-id=\"e397ea5\" data-element_type=\"column\">\n\t\t\t<div class=\"elementor-widget-wrap elementor-element-populated\">\n\t\t\t\t\t\t<section class=\"elementor-section elementor-inner-section elementor-element elementor-element-6100d1e elementor-section-full_width elementor-section-height-default elementor-section-height-default\" data-id=\"6100d1e\" data-element_type=\"section\" data-settings=\"{&quot;background_background&quot;:&quot;classic&quot;,&quot;_ha_eqh_enable&quot;:false}\">\n\t\t\t\t\t\t<div class=\"elementor-container elementor-column-gap-wide\">\n\t\t\t\t\t<div class=\"elementor-column elementor-col-50 elementor-inner-column elementor-element elementor-element-7543c53 has-sticky-column\" data-id=\"7543c53\" data-element_type=\"column\">\n\t\t\t<div class=\"elementor-widget-wrap elementor-element-populated\">\n\t\t\t\t\t\t<div class=\"elementor-element elementor-element-1c128c1 elementor-widget elementor-widget-spacer\" data-id=\"1c128c1\" data-element_type=\"widget\" data-widget_type=\"spacer.default\">\n\t\t\t\t<div class=\"elementor-widget-container\">\n\t\t\t\t\t\t\t<div class=\"elementor-spacer\">\n\t\t\t<div class=\"elementor-spacer-inner\"><\/div>\n\t\t<\/div>\n\t\t\t\t\t\t<\/div>\n\t\t\t\t<\/div>\n\t\t\t\t<div class=\"elementor-element elementor-element-da35396 elementor-widget__width-inherit elementor-arrows-position-inside elementor-pagination-position-outside elementor-widget elementor-widget-image-carousel\" data-id=\"da35396\" data-element_type=\"widget\" data-settings=\"{&quot;slides_to_show&quot;:&quot;1&quot;,&quot;navigation&quot;:&quot;both&quot;,&quot;autoplay&quot;:&quot;yes&quot;,&quot;pause_on_hover&quot;:&quot;yes&quot;,&quot;pause_on_interaction&quot;:&quot;yes&quot;,&quot;autoplay_speed&quot;:5000,&quot;infinite&quot;:&quot;yes&quot;,&quot;effect&quot;:&quot;slide&quot;,&quot;speed&quot;:500}\" data-widget_type=\"image-carousel.default\">\n\t\t\t\t<div class=\"elementor-widget-container\">\n\t\t\t\t\t\t\t<div class=\"elementor-image-carousel-wrapper swiper\" role=\"region\" aria-roledescription=\"carousel\" aria-label=\"Resim D\u00f6ng\u00fcs\u00fc\" dir=\"ltr\">\n\t\t\t<div class=\"elementor-image-carousel swiper-wrapper\" aria-live=\"off\">\n\t\t\t\t\t\t\t\t<div class=\"swiper-slide\" role=\"group\" aria-roledescription=\"slide\" aria-label=\"1 \/ 1\"><figure class=\"swiper-slide-inner\"><img decoding=\"async\" class=\"swiper-slide-image\" src=\"https:\/\/sertek.com.tr\/wp-content\/uploads\/elementor\/thumbs\/Kocaeli-Seka-Park-Bilim-Merkezi-904856879-scaled-qbxm8n3h9rv79psgs1dhzpkagtv86c9w5xp3py7wy0.jpg\" alt=\"Kocaeli-Seka-Park-Bilim-Merkezi-904856879\" \/><\/figure><\/div>\t\t\t<\/div>\n\t\t\t\t\t<\/div>\n\t\t\t\t\t\t<\/div>\n\t\t\t\t<\/div>\n\t\t\t\t\t<\/div>\n\t\t<\/div>\n\t\t\t\t<div class=\"elementor-column elementor-col-50 elementor-inner-column elementor-element elementor-element-101c33a\" data-id=\"101c33a\" data-element_type=\"column\">\n\t\t\t<div class=\"elementor-widget-wrap elementor-element-populated\">\n\t\t\t\t\t\t<div class=\"elementor-element elementor-element-d63c7e3 elementor-widget elementor-widget-heading\" data-id=\"d63c7e3\" data-element_type=\"widget\" data-widget_type=\"heading.default\">\n\t\t\t\t<div class=\"elementor-widget-container\">\n\t\t\t\t\t<h1 class=\"elementor-heading-title elementor-size-default\">Yer\u00e7ekimi Kuyusu Sergisi<\/h1>\t\t\t\t<\/div>\n\t\t\t\t<\/div>\n\t\t\t\t<div class=\"elementor-element elementor-element-8c4f602 elementor-widget__width-initial elementor-widget elementor-widget-text-editor\" data-id=\"8c4f602\" data-element_type=\"widget\" data-widget_type=\"text-editor.default\">\n\t\t\t\t<div class=\"elementor-widget-container\">\n\t\t\t\t\t\t\t\t\t<p>Gravity Well Sergisi, ziyaret\u00e7ileri kozmosu y\u00f6neten gizli g\u00fc\u00e7leri a\u00e7\u0131\u011fa \u00e7\u0131kararak bir ke\u015fif yolculu\u011funa \u00e7\u0131kmaya davet ediyor. Gravity Well Sergisi, yer\u00e7ekiminin gizemli g\u00fc\u00e7lerini \u00f6n plana \u00e7\u0131kararak soyut kavramlar\u0131 elle tutulur deneyimlere d\u00f6n\u00fc\u015ft\u00fcr\u00fcyor. Kozmosun karma\u015f\u0131kl\u0131klar\u0131n\u0131 \u00e7\u00f6zmede e\u011fitim ve kat\u0131l\u0131m\u0131n g\u00fcc\u00fcne bir tan\u0131kl\u0131kt\u0131r.<\/p>\t\t\t\t\t\t\t\t<\/div>\n\t\t\t\t<\/div>\n\t\t\t\t<div class=\"elementor-element elementor-element-a99e0cd elementor-widget-divider--view-line elementor-widget elementor-widget-divider\" data-id=\"a99e0cd\" data-element_type=\"widget\" data-widget_type=\"divider.default\">\n\t\t\t\t<div class=\"elementor-widget-container\">\n\t\t\t\t\t\t\t<div class=\"elementor-divider\">\n\t\t\t<span class=\"elementor-divider-separator\">\n\t\t\t\t\t\t<\/span>\n\t\t<\/div>\n\t\t\t\t\t\t<\/div>\n\t\t\t\t<\/div>\n\t\t\t\t<div class=\"elementor-element elementor-element-b3fa6f2 elementor-widget elementor-widget-heading\" data-id=\"b3fa6f2\" data-element_type=\"widget\" data-widget_type=\"heading.default\">\n\t\t\t\t<div class=\"elementor-widget-container\">\n\t\t\t\t\t<h2 class=\"elementor-heading-title elementor-size-default\">Ziyaret\u00e7i Deneyimi<\/h2>\t\t\t\t<\/div>\n\t\t\t\t<\/div>\n\t\t\t\t<div class=\"elementor-element elementor-element-c0abbfb elementor-widget elementor-widget-text-editor\" data-id=\"c0abbfb\" data-element_type=\"widget\" data-widget_type=\"text-editor.default\">\n\t\t\t\t<div class=\"elementor-widget-container\">\n\t\t\t\t\t\t\t\t\t<p>Ziyaret\u00e7iler Gravity Well Sergisine yakla\u015ft\u0131k\u00e7a, kozmik g\u00fc\u00e7lerin hayranl\u0131k uyand\u0131ran alemine ta\u015f\u0131n\u0131rlar. Ziyaret\u00e7iler, toplar\u0131 istedikleri y\u00f6n ve h\u0131z se\u00e7imiyle serbest b\u0131rakmaya te\u015fvik edilir. Sergi, ziyaret\u00e7ilerin evreni y\u00f6neten temel prensipleri \u00f6z\u00fcmsemesine olanak tan\u0131yan, i\u00e7 g\u00f6zlem i\u00e7in dingin bir ortam yarat\u0131r.<\/p><p>Eylem halindeki g\u00f6k mekani\u011finin g\u00fczelli\u011fine tan\u0131k olun, y\u00f6r\u00fcnge dinamiklerinin inceliklerini d\u00fc\u015f\u00fcn\u00fcn ve yer\u00e7ekimi kuvvetinin t\u00fcm kozmosu nas\u0131l etkiledi\u011fini anlay\u0131n. Serginin sadeli\u011fi d\u00fc\u015f\u00fcnceli bir ke\u015ffi te\u015fvik eder. Ziyaret\u00e7iler, kozmik baleyi d\u00fczenleyen g\u00f6r\u00fcnmez kuvvete kar\u015f\u0131 daha derin bir takdirle ba\u015f ba\u015fa kal\u0131rlar.<\/p>\t\t\t\t\t\t\t\t<\/div>\n\t\t\t\t<\/div>\n\t\t\t\t<div class=\"elementor-element elementor-element-0f905ef elementor-widget-divider--view-line elementor-widget elementor-widget-divider\" data-id=\"0f905ef\" data-element_type=\"widget\" data-widget_type=\"divider.default\">\n\t\t\t\t<div class=\"elementor-widget-container\">\n\t\t\t\t\t\t\t<div class=\"elementor-divider\">\n\t\t\t<span class=\"elementor-divider-separator\">\n\t\t\t\t\t\t<\/span>\n\t\t<\/div>\n\t\t\t\t\t\t<\/div>\n\t\t\t\t<\/div>\n\t\t\t\t<div class=\"elementor-element elementor-element-5f891f2 elementor-widget elementor-widget-heading\" data-id=\"5f891f2\" data-element_type=\"widget\" data-widget_type=\"heading.default\">\n\t\t\t\t<div class=\"elementor-widget-container\">\n\t\t\t\t\t<h2 class=\"elementor-heading-title elementor-size-default\">\u00d6ne \u00c7\u0131kan \u00d6zellikler<\/h2>\t\t\t\t<\/div>\n\t\t\t\t<\/div>\n\t\t\t\t<div class=\"elementor-element elementor-element-302d14c elementor-widget elementor-widget-text-editor\" data-id=\"302d14c\" data-element_type=\"widget\" data-widget_type=\"text-editor.default\">\n\t\t\t\t<div class=\"elementor-widget-container\">\n\t\t\t\t\t\t\t\t\t<ol><li><p><strong>Yer\u00e7ekiminin Evrensel Etkisi:<\/strong> Yer \u00e7ekiminin, d\u00fc\u015fen bir yapraktan, gezegenlerin y\u0131ld\u0131zlar\u0131n\u0131n etraf\u0131ndaki g\u00f6rkemli y\u00f6r\u00fcngelerine kadar her \u015feyi etkileyen, her yerde mevcut bir kuvvet oldu\u011funu ke\u015ffedin.<\/p><\/li><li><p><a href=\"https:\/\/physics.info\/orbital-mechanics-1\/\" target=\"_blank\" rel=\"noopener\"><strong>Y\u00f6r\u00fcnge Mekani\u011fi:<\/strong><\/a> Yer\u00e7ekiminin \u00e7ekiminin g\u00f6k cisimlerinin zarif y\u00f6r\u00fcngelerini nas\u0131l y\u00f6netti\u011fini \u00f6\u011frenin. Gezegenler ve uydular gibi nesnelerin ebeveyn g\u00f6vdelerinin etraf\u0131nda uyumlu bir dansla nas\u0131l d\u00f6nd\u00fc\u011f\u00fcn\u00fc ke\u015ffedin.<\/p><\/li><li><p><strong>Kozmik Olaylar:<\/strong> Yer\u00e7ekiminin etkisi alt\u0131ndaki kozmik fenomenlerin b\u00fcy\u00fcleyici d\u00fcnyas\u0131na dal\u0131n. Yer\u00e7ekiminin gelgitlerin ak\u0131\u015f\u0131n\u0131 ve ini\u015fini, galaksilerin birle\u015fmesini ve y\u0131ld\u0131zlar\u0131n do\u011fu\u015funu nas\u0131l belirledi\u011fini anlay\u0131n.<\/p><\/li><li><p><strong>Gelgit Etkileri:<\/strong> Gelgit kuvvetleri kavram\u0131n\u0131, bunlar\u0131n D\u00fcnya okyanuslar\u0131n\u0131 nas\u0131l \u015fekillendirdi\u011fini ve uydular ile gezegenler aras\u0131ndaki etkile\u015fimler gibi g\u00f6ksel olaylardaki rol\u00fcn\u00fc ke\u015ffedin.<\/p><\/li><li><p><strong>Uzay Ara\u015ft\u0131rmalar\u0131na Etkisi:<\/strong> Y\u00f6r\u00fcngeleri \u00e7izmekten uzay ara\u00e7lar\u0131n\u0131n bulu\u015fmas\u0131n\u0131 ve g\u00fcvenli ini\u015fini sa\u011flamaya kadar, yer \u00e7ekimini anlaman\u0131n uzay ke\u015ffi i\u00e7in ne kadar \u00f6nemli oldu\u011funu \u00f6\u011frenin.<\/p><\/li><\/ol>\t\t\t\t\t\t\t\t<\/div>\n\t\t\t\t<\/div>\n\t\t\t\t<div class=\"elementor-element elementor-element-a77ff59 elementor-widget-divider--view-line elementor-widget elementor-widget-divider\" data-id=\"a77ff59\" data-element_type=\"widget\" data-widget_type=\"divider.default\">\n\t\t\t\t<div class=\"elementor-widget-container\">\n\t\t\t\t\t\t\t<div class=\"elementor-divider\">\n\t\t\t<span class=\"elementor-divider-separator\">\n\t\t\t\t\t\t<\/span>\n\t\t<\/div>\n\t\t\t\t\t\t<\/div>\n\t\t\t\t<\/div>\n\t\t\t\t<div class=\"elementor-element elementor-element-dae7149 elementor-widget elementor-widget-heading\" data-id=\"dae7149\" data-element_type=\"widget\" data-widget_type=\"heading.default\">\n\t\t\t\t<div class=\"elementor-widget-container\">\n\t\t\t\t\t<h2 class=\"elementor-heading-title elementor-size-default\">Hedef Ya\u015f<\/h2>\t\t\t\t<\/div>\n\t\t\t\t<\/div>\n\t\t\t\t<div class=\"elementor-element elementor-element-3f39b68 elementor-icon-list--layout-traditional elementor-list-item-link-full_width elementor-widget elementor-widget-icon-list\" data-id=\"3f39b68\" data-element_type=\"widget\" data-widget_type=\"icon-list.default\">\n\t\t\t\t<div class=\"elementor-widget-container\">\n\t\t\t\t\t\t\t<ul class=\"elementor-icon-list-items\">\n\t\t\t\t\t\t\t<li class=\"elementor-icon-list-item\">\n\t\t\t\t\t\t\t\t\t\t\t<span class=\"elementor-icon-list-icon\">\n\t\t\t\t\t\t\t<i aria-hidden=\"true\" class=\"fas fa-times\"><\/i>\t\t\t\t\t\t<\/span>\n\t\t\t\t\t\t\t\t\t\t<span class=\"elementor-icon-list-text\">17 ya\u015f alt\u0131.<\/span>\n\t\t\t\t\t\t\t\t\t<\/li>\n\t\t\t\t\t\t<\/ul>\n\t\t\t\t\t\t<\/div>\n\t\t\t\t<\/div>\n\t\t\t\t<div class=\"elementor-element elementor-element-bc81ceb elementor-widget-divider--view-line elementor-widget elementor-widget-divider\" data-id=\"bc81ceb\" data-element_type=\"widget\" data-widget_type=\"divider.default\">\n\t\t\t\t<div class=\"elementor-widget-container\">\n\t\t\t\t\t\t\t<div class=\"elementor-divider\">\n\t\t\t<span class=\"elementor-divider-separator\">\n\t\t\t\t\t\t<\/span>\n\t\t<\/div>\n\t\t\t\t\t\t<\/div>\n\t\t\t\t<\/div>\n\t\t\t\t<div class=\"elementor-element elementor-element-8e40c61 elementor-widget elementor-widget-heading\" data-id=\"8e40c61\" data-element_type=\"widget\" data-widget_type=\"heading.default\">\n\t\t\t\t<div class=\"elementor-widget-container\">\n\t\t\t\t\t<h2 class=\"elementor-heading-title elementor-size-default\">Uygulanabilir Temalar<\/h2>\t\t\t\t<\/div>\n\t\t\t\t<\/div>\n\t\t\t\t<div class=\"elementor-element elementor-element-95186e0 elementor-icon-list--layout-traditional elementor-list-item-link-full_width elementor-widget elementor-widget-icon-list\" data-id=\"95186e0\" data-element_type=\"widget\" data-widget_type=\"icon-list.default\">\n\t\t\t\t<div class=\"elementor-widget-container\">\n\t\t\t\t\t\t\t<ul class=\"elementor-icon-list-items\">\n\t\t\t\t\t\t\t<li class=\"elementor-icon-list-item\">\n\t\t\t\t\t\t\t\t\t\t\t<a href=\"https:\/\/sertek.com.tr\/tr\/uzay-temali-sergiler\/\">\n\n\t\t\t\t\t\t\t\t\t\t\t\t<span class=\"elementor-icon-list-icon\">\n\t\t\t\t\t\t\t<i aria-hidden=\"true\" class=\"fas fa-space-shuttle\"><\/i>\t\t\t\t\t\t<\/span>\n\t\t\t\t\t\t\t\t\t\t<span class=\"elementor-icon-list-text\">Uzay<\/span>\n\t\t\t\t\t\t\t\t\t\t\t<\/a>\n\t\t\t\t\t\t\t\t\t<\/li>\n\t\t\t\t\t\t<\/ul>\n\t\t\t\t\t\t<\/div>\n\t\t\t\t<\/div>\n\t\t\t\t\t<\/div>\n\t\t<\/div>\n\t\t\t\t\t<\/div>\n\t\t<\/section>\n\t\t\t\t<div class=\"elementor-element elementor-element-b458126 elementor-widget elementor-widget-spacer\" data-id=\"b458126\" data-element_type=\"widget\" data-widget_type=\"spacer.default\">\n\t\t\t\t<div class=\"elementor-widget-container\">\n\t\t\t\t\t\t\t<div class=\"elementor-spacer\">\n\t\t\t<div class=\"elementor-spacer-inner\"><\/div>\n\t\t<\/div>\n\t\t\t\t\t\t<\/div>\n\t\t\t\t<\/div>\n\t\t\t\t\t<\/div>\n\t\t<\/div>\n\t\t\t\t\t<\/div>\n\t\t<\/section>\n\t\t\t\t<\/div>","protected":false},"excerpt":{"rendered":"<p>Gravity Well Exhibit The Gravity Well Exhibit invites visitors to embark on a journey of discovery, unveiling the hidden forces that govern the cosmos. [&hellip;]<\/p>","protected":false},"author":2,"featured_media":0,"parent":0,"menu_order":0,"comment_status":"closed","ping_status":"closed","template":"page-custom.php","meta":{"om_disable_all_campaigns":false,"_monsterinsights_skip_tracking":false,"_monsterinsights_sitenote_active":false,"_monsterinsights_sitenote_note":"","_monsterinsights_sitenote_category":0,"_uf_show_specific_survey":0,"_uf_disable_surveys":false,"footnotes":""},"class_list":["post-4433","page","type-page","status-publish","hentry"],"acf":{"full_width":false,"header_transparent":false,"header_white":false},"aioseo_notices":[],"yoast_head":"<!-- This site is optimized with the Yoast SEO plugin v26.9 - https:\/\/yoast.com\/product\/yoast-seo-wordpress\/ -->\n<title>Gravity Well Exhibit - Sertek Exhibitions<\/title>\n<meta name=\"description\" content=\"The Gravity Well Exhibit brings the enigmatic forces of gravity into the spotlight, transforming abstract concepts into tangible experiences.\" \/>\n<meta name=\"robots\" content=\"index, follow, max-snippet:-1, max-image-preview:large, max-video-preview:-1\" \/>\n<link rel=\"canonical\" href=\"https:\/\/sertek.com.tr\/tr\/yercekimi-kuyusu-sergisi\/\" \/>\n<meta property=\"og:locale\" content=\"tr_TR\" \/>\n<meta property=\"og:type\" content=\"article\" \/>\n<meta property=\"og:title\" content=\"Gravity Well Exhibit - Sertek Exhibitions\" \/>\n<meta property=\"og:description\" content=\"The Gravity Well Exhibit brings the enigmatic forces of gravity into the spotlight, transforming abstract concepts into tangible experiences.\" \/>\n<meta property=\"og:url\" content=\"https:\/\/sertek.com.tr\/tr\/yercekimi-kuyusu-sergisi\/\" \/>\n<meta property=\"og:site_name\" content=\"Sertek Exhibitions\" \/>\n<meta property=\"article:modified_time\" content=\"2023-10-07T13:00:50+00:00\" \/>\n<meta property=\"og:image\" content=\"https:\/\/sertek.com.tr\/wp-content\/uploads\/elementor\/thumbs\/Kocaeli-Seka-Park-Bilim-Merkezi-904856879-scaled-qbxm8n3h9rv79psgs1dhzpkagtv86c9w5xp3py7wy0.jpg\" \/>\n<meta name=\"twitter:card\" content=\"summary_large_image\" \/>\n<meta name=\"twitter:label1\" content=\"Tahmini okuma s\u00fcresi\" \/>\n\t<meta name=\"twitter:data1\" content=\"2 dakika\" \/>\n<script type=\"application\/ld+json\" class=\"yoast-schema-graph\">{\"@context\":\"https:\/\/schema.org\",\"@graph\":[{\"@type\":\"WebPage\",\"@id\":\"https:\/\/sertek.com.tr\/en\/gravity-well-exhibit\/\",\"url\":\"https:\/\/sertek.com.tr\/en\/gravity-well-exhibit\/\",\"name\":\"Gravity Well Exhibit - Sertek Exhibitions\",\"isPartOf\":{\"@id\":\"https:\/\/sertek.com.tr\/en\/#website\"},\"primaryImageOfPage\":{\"@id\":\"https:\/\/sertek.com.tr\/en\/gravity-well-exhibit\/#primaryimage\"},\"image\":{\"@id\":\"https:\/\/sertek.com.tr\/en\/gravity-well-exhibit\/#primaryimage\"},\"thumbnailUrl\":\"https:\/\/sertek.com.tr\/wp-content\/uploads\/elementor\/thumbs\/Kocaeli-Seka-Park-Bilim-Merkezi-904856879-scaled-qbxm8n3h9rv79psgs1dhzpkagtv86c9w5xp3py7wy0.jpg\",\"datePublished\":\"2023-07-22T07:08:21+00:00\",\"dateModified\":\"2023-10-07T13:00:50+00:00\",\"description\":\"The Gravity Well Exhibit brings the enigmatic forces of gravity into the spotlight, transforming abstract concepts into tangible experiences.\",\"breadcrumb\":{\"@id\":\"https:\/\/sertek.com.tr\/en\/gravity-well-exhibit\/#breadcrumb\"},\"inLanguage\":\"tr\",\"potentialAction\":[{\"@type\":\"ReadAction\",\"target\":[\"https:\/\/sertek.com.tr\/en\/gravity-well-exhibit\/\"]}]},{\"@type\":\"ImageObject\",\"inLanguage\":\"tr\",\"@id\":\"https:\/\/sertek.com.tr\/en\/gravity-well-exhibit\/#primaryimage\",\"url\":\"https:\/\/sertek.com.tr\/wp-content\/uploads\/elementor\/thumbs\/Kocaeli-Seka-Park-Bilim-Merkezi-904856879-scaled-qbxm8n3h9rv79psgs1dhzpkagtv86c9w5xp3py7wy0.jpg\",\"contentUrl\":\"https:\/\/sertek.com.tr\/wp-content\/uploads\/elementor\/thumbs\/Kocaeli-Seka-Park-Bilim-Merkezi-904856879-scaled-qbxm8n3h9rv79psgs1dhzpkagtv86c9w5xp3py7wy0.jpg\"},{\"@type\":\"BreadcrumbList\",\"@id\":\"https:\/\/sertek.com.tr\/en\/gravity-well-exhibit\/#breadcrumb\",\"itemListElement\":[{\"@type\":\"ListItem\",\"position\":1,\"name\":\"Home\",\"item\":\"https:\/\/sertek.com.tr\/\"},{\"@type\":\"ListItem\",\"position\":2,\"name\":\"Gravity Well Exhibit\"}]},{\"@type\":\"WebSite\",\"@id\":\"https:\/\/sertek.com.tr\/en\/#website\",\"url\":\"https:\/\/sertek.com.tr\/en\/\",\"name\":\"Sertek Exhibitions\",\"description\":\"Sertek Exhibitons\",\"publisher\":{\"@id\":\"https:\/\/sertek.com.tr\/en\/#organization\"},\"potentialAction\":[{\"@type\":\"SearchAction\",\"target\":{\"@type\":\"EntryPoint\",\"urlTemplate\":\"https:\/\/sertek.com.tr\/en\/?s={search_term_string}\"},\"query-input\":{\"@type\":\"PropertyValueSpecification\",\"valueRequired\":true,\"valueName\":\"search_term_string\"}}],\"inLanguage\":\"tr\"},{\"@type\":\"Organization\",\"@id\":\"https:\/\/sertek.com.tr\/en\/#organization\",\"name\":\"Sertek Exhibitions\",\"url\":\"https:\/\/sertek.com.tr\/en\/\",\"logo\":{\"@type\":\"ImageObject\",\"inLanguage\":\"tr\",\"@id\":\"https:\/\/sertek.com.tr\/en\/#\/schema\/logo\/image\/\",\"url\":\"https:\/\/sertek.com.tr\/wp-content\/uploads\/2023\/06\/SertekLogo-1.png\",\"contentUrl\":\"https:\/\/sertek.com.tr\/wp-content\/uploads\/2023\/06\/SertekLogo-1.png\",\"width\":300,\"height\":49,\"caption\":\"Sertek Exhibitions\"},\"image\":{\"@id\":\"https:\/\/sertek.com.tr\/en\/#\/schema\/logo\/image\/\"},\"sameAs\":[\"https:\/\/www.linkedin.com\/company\/sertek-exhibitions\/\"]}]}<\/script>\n<!-- \/ Yoast SEO plugin. -->","yoast_head_json":{"title":"Gravity Well Exhibit - Sertek Exhibitions","description":"The Gravity Well Exhibit brings the enigmatic forces of gravity into the spotlight, transforming abstract concepts into tangible experiences.","robots":{"index":"index","follow":"follow","max-snippet":"max-snippet:-1","max-image-preview":"max-image-preview:large","max-video-preview":"max-video-preview:-1"},"canonical":"https:\/\/sertek.com.tr\/tr\/yercekimi-kuyusu-sergisi\/","og_locale":"tr_TR","og_type":"article","og_title":"Gravity Well Exhibit - Sertek Exhibitions","og_description":"The Gravity Well Exhibit brings the enigmatic forces of gravity into the spotlight, transforming abstract concepts into tangible experiences.","og_url":"https:\/\/sertek.com.tr\/tr\/yercekimi-kuyusu-sergisi\/","og_site_name":"Sertek Exhibitions","article_modified_time":"2023-10-07T13:00:50+00:00","og_image":[{"url":"https:\/\/sertek.com.tr\/wp-content\/uploads\/elementor\/thumbs\/Kocaeli-Seka-Park-Bilim-Merkezi-904856879-scaled-qbxm8n3h9rv79psgs1dhzpkagtv86c9w5xp3py7wy0.jpg","type":"","width":"","height":""}],"twitter_card":"summary_large_image","twitter_misc":{"Tahmini okuma s\u00fcresi":"2 dakika"},"schema":{"@context":"https:\/\/schema.org","@graph":[{"@type":"WebPage","@id":"https:\/\/sertek.com.tr\/en\/gravity-well-exhibit\/","url":"https:\/\/sertek.com.tr\/en\/gravity-well-exhibit\/","name":"Gravity Well Exhibit - Sertek Exhibitions","isPartOf":{"@id":"https:\/\/sertek.com.tr\/en\/#website"},"primaryImageOfPage":{"@id":"https:\/\/sertek.com.tr\/en\/gravity-well-exhibit\/#primaryimage"},"image":{"@id":"https:\/\/sertek.com.tr\/en\/gravity-well-exhibit\/#primaryimage"},"thumbnailUrl":"https:\/\/sertek.com.tr\/wp-content\/uploads\/elementor\/thumbs\/Kocaeli-Seka-Park-Bilim-Merkezi-904856879-scaled-qbxm8n3h9rv79psgs1dhzpkagtv86c9w5xp3py7wy0.jpg","datePublished":"2023-07-22T07:08:21+00:00","dateModified":"2023-10-07T13:00:50+00:00","description":"The Gravity Well Exhibit brings the enigmatic forces of gravity into the spotlight, transforming abstract concepts into tangible experiences.","breadcrumb":{"@id":"https:\/\/sertek.com.tr\/en\/gravity-well-exhibit\/#breadcrumb"},"inLanguage":"tr","potentialAction":[{"@type":"ReadAction","target":["https:\/\/sertek.com.tr\/en\/gravity-well-exhibit\/"]}]},{"@type":"ImageObject","inLanguage":"tr","@id":"https:\/\/sertek.com.tr\/en\/gravity-well-exhibit\/#primaryimage","url":"https:\/\/sertek.com.tr\/wp-content\/uploads\/elementor\/thumbs\/Kocaeli-Seka-Park-Bilim-Merkezi-904856879-scaled-qbxm8n3h9rv79psgs1dhzpkagtv86c9w5xp3py7wy0.jpg","contentUrl":"https:\/\/sertek.com.tr\/wp-content\/uploads\/elementor\/thumbs\/Kocaeli-Seka-Park-Bilim-Merkezi-904856879-scaled-qbxm8n3h9rv79psgs1dhzpkagtv86c9w5xp3py7wy0.jpg"},{"@type":"BreadcrumbList","@id":"https:\/\/sertek.com.tr\/en\/gravity-well-exhibit\/#breadcrumb","itemListElement":[{"@type":"ListItem","position":1,"name":"Home","item":"https:\/\/sertek.com.tr\/"},{"@type":"ListItem","position":2,"name":"Gravity Well Exhibit"}]},{"@type":"WebSite","@id":"https:\/\/sertek.com.tr\/en\/#website","url":"https:\/\/sertek.com.tr\/en\/","name":"Sertek Exhibitions","description":"Sertek Exhibitons","publisher":{"@id":"https:\/\/sertek.com.tr\/en\/#organization"},"potentialAction":[{"@type":"SearchAction","target":{"@type":"EntryPoint","urlTemplate":"https:\/\/sertek.com.tr\/en\/?s={search_term_string}"},"query-input":{"@type":"PropertyValueSpecification","valueRequired":true,"valueName":"search_term_string"}}],"inLanguage":"tr"},{"@type":"Organization","@id":"https:\/\/sertek.com.tr\/en\/#organization","name":"Sertek Exhibitions","url":"https:\/\/sertek.com.tr\/en\/","logo":{"@type":"ImageObject","inLanguage":"tr","@id":"https:\/\/sertek.com.tr\/en\/#\/schema\/logo\/image\/","url":"https:\/\/sertek.com.tr\/wp-content\/uploads\/2023\/06\/SertekLogo-1.png","contentUrl":"https:\/\/sertek.com.tr\/wp-content\/uploads\/2023\/06\/SertekLogo-1.png","width":300,"height":49,"caption":"Sertek Exhibitions"},"image":{"@id":"https:\/\/sertek.com.tr\/en\/#\/schema\/logo\/image\/"},"sameAs":["https:\/\/www.linkedin.com\/company\/sertek-exhibitions\/"]}]}},"jetpack_sharing_enabled":true,"_links":{"self":[{"href":"https:\/\/sertek.com.tr\/tr\/wp-json\/wp\/v2\/pages\/4433","targetHints":{"allow":["GET"]}}],"collection":[{"href":"https:\/\/sertek.com.tr\/tr\/wp-json\/wp\/v2\/pages"}],"about":[{"href":"https:\/\/sertek.com.tr\/tr\/wp-json\/wp\/v2\/types\/page"}],"author":[{"embeddable":true,"href":"https:\/\/sertek.com.tr\/tr\/wp-json\/wp\/v2\/users\/2"}],"replies":[{"embeddable":true,"href":"https:\/\/sertek.com.tr\/tr\/wp-json\/wp\/v2\/comments?post=4433"}],"version-history":[{"count":20,"href":"https:\/\/sertek.com.tr\/tr\/wp-json\/wp\/v2\/pages\/4433\/revisions"}],"predecessor-version":[{"id":7061,"href":"https:\/\/sertek.com.tr\/tr\/wp-json\/wp\/v2\/pages\/4433\/revisions\/7061"}],"wp:attachment":[{"href":"https:\/\/sertek.com.tr\/tr\/wp-json\/wp\/v2\/media?parent=4433"}],"curies":[{"name":"wp","href":"https:\/\/api.w.org\/{rel}","templated":true}]}}