{"id":4455,"date":"2023-07-22T07:18:42","date_gmt":"2023-07-22T07:18:42","guid":{"rendered":"https:\/\/sertekexhibitions.com\/?page_id=4455"},"modified":"2024-09-10T20:45:20","modified_gmt":"2024-09-10T20:45:20","slug":"moonwalk-exhibit","status":"publish","type":"page","link":"https:\/\/sertek.com.tr\/tr\/ay-yuruyusu-sergisi\/","title":{"rendered":"Ay Y\u00fcr\u00fcy\u00fc\u015f\u00fc Sergisi"},"content":{"rendered":"<div data-elementor-type=\"wp-page\" data-elementor-id=\"4455\" class=\"elementor elementor-4455\" data-elementor-settings=\"{&quot;ha_cmc_init_switcher&quot;:&quot;no&quot;}\">\n\t\t\t\t\t\t<section class=\"elementor-section elementor-top-section elementor-element elementor-element-9f5181a elementor-section-boxed elementor-section-height-default elementor-section-height-default\" data-id=\"9f5181a\" data-element_type=\"section\" data-settings=\"{&quot;_ha_eqh_enable&quot;:false}\">\n\t\t\t\t\t\t<div class=\"elementor-container elementor-column-gap-extended\">\n\t\t\t\t\t<div class=\"elementor-column elementor-col-100 elementor-top-column elementor-element elementor-element-e397ea5\" data-id=\"e397ea5\" data-element_type=\"column\">\n\t\t\t<div class=\"elementor-widget-wrap elementor-element-populated\">\n\t\t\t\t\t\t<section class=\"elementor-section elementor-inner-section elementor-element elementor-element-06fc066 elementor-section-full_width elementor-section-height-default elementor-section-height-default\" data-id=\"06fc066\" data-element_type=\"section\" data-settings=\"{&quot;background_background&quot;:&quot;classic&quot;,&quot;_ha_eqh_enable&quot;:false}\">\n\t\t\t\t\t\t<div class=\"elementor-container elementor-column-gap-wide\">\n\t\t\t\t\t<div class=\"elementor-column elementor-col-50 elementor-inner-column elementor-element elementor-element-d417cc9 has-sticky-column\" data-id=\"d417cc9\" data-element_type=\"column\">\n\t\t\t<div class=\"elementor-widget-wrap elementor-element-populated\">\n\t\t\t\t\t\t<div class=\"elementor-element elementor-element-193f076 elementor-widget elementor-widget-video\" data-id=\"193f076\" data-element_type=\"widget\" data-settings=\"{&quot;youtube_url&quot;:&quot;https:\\\/\\\/www.youtube.com\\\/watch?v=w_-EXSI5LEg&quot;,&quot;video_type&quot;:&quot;youtube&quot;,&quot;controls&quot;:&quot;yes&quot;}\" data-widget_type=\"video.default\">\n\t\t\t\t<div class=\"elementor-widget-container\">\n\t\t\t\t\t\t\t<div class=\"elementor-wrapper elementor-open-inline\">\n\t\t\t<div class=\"elementor-video\"><\/div>\t\t<\/div>\n\t\t\t\t\t\t<\/div>\n\t\t\t\t<\/div>\n\t\t\t\t<div class=\"elementor-element elementor-element-50a2c18 elementor-widget elementor-widget-spacer\" data-id=\"50a2c18\" data-element_type=\"widget\" data-widget_type=\"spacer.default\">\n\t\t\t\t<div class=\"elementor-widget-container\">\n\t\t\t\t\t\t\t<div class=\"elementor-spacer\">\n\t\t\t<div class=\"elementor-spacer-inner\"><\/div>\n\t\t<\/div>\n\t\t\t\t\t\t<\/div>\n\t\t\t\t<\/div>\n\t\t\t\t<div class=\"elementor-element elementor-element-e9647e7 elementor-widget__width-inherit elementor-arrows-position-inside elementor-pagination-position-outside elementor-widget elementor-widget-image-carousel\" data-id=\"e9647e7\" data-element_type=\"widget\" data-settings=\"{&quot;slides_to_show&quot;:&quot;1&quot;,&quot;navigation&quot;:&quot;both&quot;,&quot;autoplay&quot;:&quot;yes&quot;,&quot;pause_on_hover&quot;:&quot;yes&quot;,&quot;pause_on_interaction&quot;:&quot;yes&quot;,&quot;autoplay_speed&quot;:5000,&quot;infinite&quot;:&quot;yes&quot;,&quot;effect&quot;:&quot;slide&quot;,&quot;speed&quot;:500}\" data-widget_type=\"image-carousel.default\">\n\t\t\t\t<div class=\"elementor-widget-container\">\n\t\t\t\t\t\t\t<div class=\"elementor-image-carousel-wrapper swiper\" role=\"region\" aria-roledescription=\"carousel\" aria-label=\"Resim D\u00f6ng\u00fcs\u00fc\" dir=\"ltr\">\n\t\t\t<div class=\"elementor-image-carousel swiper-wrapper\" aria-live=\"off\">\n\t\t\t\t\t\t\t\t<div class=\"swiper-slide\" role=\"group\" aria-roledescription=\"slide\" aria-label=\"1 \/ 1\"><figure class=\"swiper-slide-inner\"><img decoding=\"async\" class=\"swiper-slide-image\" src=\"https:\/\/sertek.com.tr\/wp-content\/uploads\/elementor\/thumbs\/1-13-qtx3sdoseh5ognibsvh856l9lky9e0zjc4kvkpdvgo.jpg\" alt=\"ay y\u00fcr\u00fcy\u00fc\u015f\u00fc sergisi\" \/><\/figure><\/div>\t\t\t<\/div>\n\t\t\t\t\t<\/div>\n\t\t\t\t\t\t<\/div>\n\t\t\t\t<\/div>\n\t\t\t\t\t<\/div>\n\t\t<\/div>\n\t\t\t\t<div class=\"elementor-column elementor-col-50 elementor-inner-column elementor-element elementor-element-0a12e46\" data-id=\"0a12e46\" data-element_type=\"column\">\n\t\t\t<div class=\"elementor-widget-wrap elementor-element-populated\">\n\t\t\t\t\t\t<div class=\"elementor-element elementor-element-91378ae elementor-widget elementor-widget-heading\" data-id=\"91378ae\" data-element_type=\"widget\" data-widget_type=\"heading.default\">\n\t\t\t\t<div class=\"elementor-widget-container\">\n\t\t\t\t\t<h1 class=\"elementor-heading-title elementor-size-default\">Ay Y\u00fcr\u00fcy\u00fc\u015f\u00fc Sergisi<\/h1>\t\t\t\t<\/div>\n\t\t\t\t<\/div>\n\t\t\t\t<div class=\"elementor-element elementor-element-99c3f40 elementor-widget elementor-widget-text-editor\" data-id=\"99c3f40\" data-element_type=\"widget\" data-widget_type=\"text-editor.default\">\n\t\t\t\t<div class=\"elementor-widget-container\">\n\t\t\t\t\t\t\t\t\t<p>Moonwalk Sergisi, Ay&#039;da y\u00fcr\u00fcme hissini sim\u00fcle eden s\u00fcr\u00fckleyici bir ortam ve fiziksel etkile\u015fimin birle\u015fimidir. Ay eserleriyle \u00e7evrili ve bungee ipleriyle desteklenen ziyaret\u00e7iler, Ay arazisine ad\u0131m atmaya davet edilir. Ger\u00e7ekten bu d\u00fcnyadan olmayan bir kar\u015f\u0131la\u015fma ya\u015farlar. Moonwalk Sergisi, fiziksel his ve s\u00fcr\u00fckleyici \u00f6\u011frenmenin benzersiz bir kar\u0131\u015f\u0131m\u0131n\u0131 sunarak ziyaret\u00e7ilere Ay&#039;\u0131 ke\u015ffetmenin nas\u0131l bir his olabilece\u011finin tad\u0131n\u0131 sunar. Bu benzersiz deneyim, kat\u0131l\u0131mc\u0131lara &quot;bedenler \u00fczerinde&quot; bir ay y\u00fcr\u00fcy\u00fc\u015f\u00fcne kat\u0131lma ve kendilerini en yak\u0131n g\u00f6ksel kom\u015fumuzun gizemlerine kapt\u0131rma f\u0131rsat\u0131 sunar.<\/p>\t\t\t\t\t\t\t\t<\/div>\n\t\t\t\t<\/div>\n\t\t\t\t<div class=\"elementor-element elementor-element-888f9d0 elementor-widget-divider--view-line elementor-widget elementor-widget-divider\" data-id=\"888f9d0\" data-element_type=\"widget\" data-widget_type=\"divider.default\">\n\t\t\t\t<div class=\"elementor-widget-container\">\n\t\t\t\t\t\t\t<div class=\"elementor-divider\">\n\t\t\t<span class=\"elementor-divider-separator\">\n\t\t\t\t\t\t<\/span>\n\t\t<\/div>\n\t\t\t\t\t\t<\/div>\n\t\t\t\t<\/div>\n\t\t\t\t<div class=\"elementor-element elementor-element-66ad02e elementor-widget elementor-widget-heading\" data-id=\"66ad02e\" data-element_type=\"widget\" data-widget_type=\"heading.default\">\n\t\t\t\t<div class=\"elementor-widget-container\">\n\t\t\t\t\t<h2 class=\"elementor-heading-title elementor-size-default\">Ziyaret\u00e7i Deneyimi<\/h2>\t\t\t\t<\/div>\n\t\t\t\t<\/div>\n\t\t\t\t<div class=\"elementor-element elementor-element-27e3f59 elementor-widget elementor-widget-text-editor\" data-id=\"27e3f59\" data-element_type=\"widget\" data-widget_type=\"text-editor.default\">\n\t\t\t\t<div class=\"elementor-widget-container\">\n\t\t\t\t\t\t\t\t\t<p>Ziyaret\u00e7iler Moonwalk Sergisi&#039;ne ad\u0131m att\u0131klar\u0131nda kendilerini ay y\u00fczeyine \u0131\u015f\u0131nlanm\u0131\u015f hissederler. Ortam, uzay ke\u015ffinin ambiyans\u0131n\u0131 \u00e7a\u011fr\u0131\u015ft\u0131ran eserler ve g\u00f6rsellerle \u00e7evrilidir. Ay yer\u00e7ekimini taklit eden bungee iplerinde y\u00fcr\u00fcme hissi, deneyime bir ger\u00e7ek\u00e7ilik katman\u0131 ekler. Bu, ziyaret\u00e7ilerin d\u00fc\u015f\u00fck yer\u00e7ekimli bir ortamda hareket etmenin zorluklar\u0131n\u0131 ve heyecan\u0131n\u0131 ger\u00e7ekten hissetmelerini sa\u011flar.<\/p><p>Ay y\u00fcr\u00fcy\u00fc\u015f\u00fc sergisi, geleneksel g\u00f6sterilerin \u00f6tesine ge\u00e7erek Ay ile elle tutulur ve unutulmaz bir kar\u015f\u0131la\u015fma sunuyor. Ziyaret\u00e7ileri ay g\u00f6revlerinin ba\u015far\u0131lar\u0131 ve hala ke\u015ffedilmeyi bekleyen engin gizemler \u00fczerinde d\u00fc\u015f\u00fcnmeye davet ederek bir hayret ve merak duygusu yarat\u0131yor.<\/p>\t\t\t\t\t\t\t\t<\/div>\n\t\t\t\t<\/div>\n\t\t\t\t<div class=\"elementor-element elementor-element-a623e3c elementor-widget-divider--view-line elementor-widget elementor-widget-divider\" data-id=\"a623e3c\" data-element_type=\"widget\" data-widget_type=\"divider.default\">\n\t\t\t\t<div class=\"elementor-widget-container\">\n\t\t\t\t\t\t\t<div class=\"elementor-divider\">\n\t\t\t<span class=\"elementor-divider-separator\">\n\t\t\t\t\t\t<\/span>\n\t\t<\/div>\n\t\t\t\t\t\t<\/div>\n\t\t\t\t<\/div>\n\t\t\t\t<div class=\"elementor-element elementor-element-dc1ce6b elementor-widget elementor-widget-heading\" data-id=\"dc1ce6b\" data-element_type=\"widget\" data-widget_type=\"heading.default\">\n\t\t\t\t<div class=\"elementor-widget-container\">\n\t\t\t\t\t<h2 class=\"elementor-heading-title elementor-size-default\">\u00d6ne \u00c7\u0131kan \u00d6zellikler<\/h2>\t\t\t\t<\/div>\n\t\t\t\t<\/div>\n\t\t\t\t<div class=\"elementor-element elementor-element-99def7c elementor-widget elementor-widget-text-editor\" data-id=\"99def7c\" data-element_type=\"widget\" data-widget_type=\"text-editor.default\">\n\t\t\t\t<div class=\"elementor-widget-container\">\n\t\t\t\t\t\t\t\t\t<ol><li><p><a href=\"https:\/\/en.wikipedia.org\/wiki\/Weightlessness\" target=\"_blank\" rel=\"noopener\"><strong>D\u00fc\u015f\u00fck Yer\u00e7ekimli Ke\u015fif:<\/strong><\/a> Ay&#039;\u0131n d\u00fc\u015f\u00fck yer\u00e7ekimli ortam\u0131n\u0131 sim\u00fcle eden bungee ipleriyle desteklenen ay arazisine ad\u0131m at\u0131n. Ay&#039;\u0131n y\u00fczeyinde y\u00fcr\u00fcyormu\u015f gibi z\u0131plama ve kayman\u0131n benzersiz hissini deneyimleyin.<\/p><\/li><li><p><strong>Bedenler \u00dczerinde Deneyim:<\/strong> Ziyaret\u00e7ilerin sadece g\u00f6zlem yapmad\u0131\u011f\u0131, ayn\u0131 zamanda ay ortam\u0131n\u0131 fiziksel olarak deneyimledi\u011fi &quot;v\u00fccutlar \u00fczerinde&quot; bir ay y\u00fcr\u00fcy\u00fc\u015f\u00fcne kat\u0131l\u0131n. Astronotlar\u0131n ay gezisi s\u0131ras\u0131nda deneyimledi\u011fi hareket \u00f6zg\u00fcrl\u00fc\u011f\u00fcn\u00fc ve hafifli\u011fi hissedin.<\/p><\/li><li><p><strong>S\u00fcr\u00fckleyici Ay Ortam\u0131:<\/strong> Kendinizi Ay&#039;\u0131n engebeli, uhrevi manzaras\u0131na g\u00f6t\u00fcren ay eserleri ve g\u00f6rselleriyle \u00e7evreleyin. Kendinizi ay ke\u015ffinin ambiyans\u0131na b\u0131rak\u0131n.<\/p><\/li><\/ol>\t\t\t\t\t\t\t\t<\/div>\n\t\t\t\t<\/div>\n\t\t\t\t<div class=\"elementor-element elementor-element-5c1b3c3 elementor-widget-divider--view-line elementor-widget elementor-widget-divider\" data-id=\"5c1b3c3\" data-element_type=\"widget\" data-widget_type=\"divider.default\">\n\t\t\t\t<div class=\"elementor-widget-container\">\n\t\t\t\t\t\t\t<div class=\"elementor-divider\">\n\t\t\t<span class=\"elementor-divider-separator\">\n\t\t\t\t\t\t<\/span>\n\t\t<\/div>\n\t\t\t\t\t\t<\/div>\n\t\t\t\t<\/div>\n\t\t\t\t<div class=\"elementor-element elementor-element-bb180ef elementor-widget elementor-widget-heading\" data-id=\"bb180ef\" data-element_type=\"widget\" data-widget_type=\"heading.default\">\n\t\t\t\t<div class=\"elementor-widget-container\">\n\t\t\t\t\t<h2 class=\"elementor-heading-title elementor-size-default\">Hedef Ya\u015f<\/h2>\t\t\t\t<\/div>\n\t\t\t\t<\/div>\n\t\t\t\t<div class=\"elementor-element elementor-element-afcc709 elementor-icon-list--layout-traditional elementor-list-item-link-full_width elementor-widget elementor-widget-icon-list\" data-id=\"afcc709\" data-element_type=\"widget\" data-widget_type=\"icon-list.default\">\n\t\t\t\t<div class=\"elementor-widget-container\">\n\t\t\t\t\t\t\t<ul class=\"elementor-icon-list-items\">\n\t\t\t\t\t\t\t<li class=\"elementor-icon-list-item\">\n\t\t\t\t\t\t\t\t\t\t\t<span class=\"elementor-icon-list-icon\">\n\t\t\t\t\t\t\t<i aria-hidden=\"true\" class=\"fas fa-check\"><\/i>\t\t\t\t\t\t<\/span>\n\t\t\t\t\t\t\t\t\t\t<span class=\"elementor-icon-list-text\">7&#039;den itibaren<\/span>\n\t\t\t\t\t\t\t\t\t<\/li>\n\t\t\t\t\t\t<\/ul>\n\t\t\t\t\t\t<\/div>\n\t\t\t\t<\/div>\n\t\t\t\t<div class=\"elementor-element elementor-element-b0cbe74 elementor-widget-divider--view-line elementor-widget elementor-widget-divider\" data-id=\"b0cbe74\" data-element_type=\"widget\" data-widget_type=\"divider.default\">\n\t\t\t\t<div class=\"elementor-widget-container\">\n\t\t\t\t\t\t\t<div class=\"elementor-divider\">\n\t\t\t<span class=\"elementor-divider-separator\">\n\t\t\t\t\t\t<\/span>\n\t\t<\/div>\n\t\t\t\t\t\t<\/div>\n\t\t\t\t<\/div>\n\t\t\t\t<div class=\"elementor-element elementor-element-d1ca1b9 elementor-widget elementor-widget-heading\" data-id=\"d1ca1b9\" data-element_type=\"widget\" data-widget_type=\"heading.default\">\n\t\t\t\t<div class=\"elementor-widget-container\">\n\t\t\t\t\t<h2 class=\"elementor-heading-title elementor-size-default\">Uygulanabilir Temalar<\/h2>\t\t\t\t<\/div>\n\t\t\t\t<\/div>\n\t\t\t\t<div class=\"elementor-element elementor-element-33f0f6e elementor-icon-list--layout-traditional elementor-list-item-link-full_width elementor-widget elementor-widget-icon-list\" data-id=\"33f0f6e\" data-element_type=\"widget\" data-widget_type=\"icon-list.default\">\n\t\t\t\t<div class=\"elementor-widget-container\">\n\t\t\t\t\t\t\t<ul class=\"elementor-icon-list-items\">\n\t\t\t\t\t\t\t<li class=\"elementor-icon-list-item\">\n\t\t\t\t\t\t\t\t\t\t\t<a href=\"https:\/\/sertek.com.tr\/tr\/uzay-temali-sergiler\/\">\n\n\t\t\t\t\t\t\t\t\t\t\t\t<span class=\"elementor-icon-list-icon\">\n\t\t\t\t\t\t\t<i aria-hidden=\"true\" class=\"fas fa-space-shuttle\"><\/i>\t\t\t\t\t\t<\/span>\n\t\t\t\t\t\t\t\t\t\t<span class=\"elementor-icon-list-text\">Uzay<\/span>\n\t\t\t\t\t\t\t\t\t\t\t<\/a>\n\t\t\t\t\t\t\t\t\t<\/li>\n\t\t\t\t\t\t<\/ul>\n\t\t\t\t\t\t<\/div>\n\t\t\t\t<\/div>\n\t\t\t\t\t<\/div>\n\t\t<\/div>\n\t\t\t\t\t<\/div>\n\t\t<\/section>\n\t\t\t\t<div class=\"elementor-element elementor-element-b458126 elementor-widget elementor-widget-spacer\" data-id=\"b458126\" data-element_type=\"widget\" data-widget_type=\"spacer.default\">\n\t\t\t\t<div class=\"elementor-widget-container\">\n\t\t\t\t\t\t\t<div class=\"elementor-spacer\">\n\t\t\t<div class=\"elementor-spacer-inner\"><\/div>\n\t\t<\/div>\n\t\t\t\t\t\t<\/div>\n\t\t\t\t<\/div>\n\t\t\t\t\t<\/div>\n\t\t<\/div>\n\t\t\t\t\t<\/div>\n\t\t<\/section>\n\t\t\t\t<\/div>","protected":false},"excerpt":{"rendered":"<p>Moonwalk Sergisi Moonwalk Sergisi, s\u00fcr\u00fckleyici ortam ve fiziksel etkile\u015fimin bir birle\u015fimi olup, Ay&#039;da y\u00fcr\u00fcme hissini sim\u00fcle eder. [\u2026] ile \u00e7evrili<\/p>","protected":false},"author":2,"featured_media":4689,"parent":0,"menu_order":0,"comment_status":"closed","ping_status":"closed","template":"page-custom.php","meta":{"om_disable_all_campaigns":false,"_monsterinsights_skip_tracking":false,"_monsterinsights_sitenote_active":false,"_monsterinsights_sitenote_note":"","_monsterinsights_sitenote_category":0,"_uf_show_specific_survey":0,"_uf_disable_surveys":false,"footnotes":""},"class_list":["post-4455","page","type-page","status-publish","has-post-thumbnail","hentry"],"acf":{"full_width":false,"header_transparent":false,"header_white":false},"aioseo_notices":[],"yoast_head":"<!-- This site is optimized with the Yoast SEO plugin v26.9 - https:\/\/yoast.com\/product\/yoast-seo-wordpress\/ -->\n<title>Moonwalk Exhibit - Sertek Exhibitions<\/title>\n<meta name=\"description\" content=\"The Moonwalk Exhibit is a fusion of immersive environment and physical interaction, simulating the sensation of walking on the Moon.\" \/>\n<meta name=\"robots\" content=\"index, follow, max-snippet:-1, max-image-preview:large, max-video-preview:-1\" \/>\n<link rel=\"canonical\" href=\"https:\/\/sertek.com.tr\/tr\/ay-yuruyusu-sergisi\/\" \/>\n<meta property=\"og:locale\" content=\"tr_TR\" \/>\n<meta property=\"og:type\" content=\"article\" \/>\n<meta property=\"og:title\" content=\"Moonwalk Exhibit - Sertek Exhibitions\" \/>\n<meta property=\"og:description\" content=\"The Moonwalk Exhibit is a fusion of immersive environment and physical interaction, simulating the sensation of walking on the Moon.\" \/>\n<meta property=\"og:url\" content=\"https:\/\/sertek.com.tr\/tr\/ay-yuruyusu-sergisi\/\" \/>\n<meta property=\"og:site_name\" content=\"Sertek Exhibitions\" \/>\n<meta property=\"article:modified_time\" content=\"2024-09-10T20:45:20+00:00\" \/>\n<meta property=\"og:image\" content=\"https:\/\/sertek.com.tr\/wp-content\/uploads\/2023\/07\/Moonwalk-e1690027237421-1024x785.png\" \/>\n\t<meta property=\"og:image:width\" content=\"1024\" \/>\n\t<meta property=\"og:image:height\" content=\"785\" \/>\n\t<meta property=\"og:image:type\" content=\"image\/png\" \/>\n<meta name=\"twitter:card\" content=\"summary_large_image\" \/>\n<meta name=\"twitter:label1\" content=\"Tahmini okuma s\u00fcresi\" \/>\n\t<meta name=\"twitter:data1\" content=\"2 dakika\" \/>\n<script type=\"application\/ld+json\" class=\"yoast-schema-graph\">{\"@context\":\"https:\/\/schema.org\",\"@graph\":[{\"@type\":\"WebPage\",\"@id\":\"https:\/\/sertek.com.tr\/moonwalk-exhibit\/\",\"url\":\"https:\/\/sertek.com.tr\/moonwalk-exhibit\/\",\"name\":\"Moonwalk Exhibit - Sertek Exhibitions\",\"isPartOf\":{\"@id\":\"https:\/\/sertek.com.tr\/en\/#website\"},\"primaryImageOfPage\":{\"@id\":\"https:\/\/sertek.com.tr\/moonwalk-exhibit\/#primaryimage\"},\"image\":{\"@id\":\"https:\/\/sertek.com.tr\/moonwalk-exhibit\/#primaryimage\"},\"thumbnailUrl\":\"https:\/\/sertek.com.tr\/wp-content\/uploads\/2023\/07\/Moonwalk-e1690027237421.png\",\"datePublished\":\"2023-07-22T07:18:42+00:00\",\"dateModified\":\"2024-09-10T20:45:20+00:00\",\"description\":\"The Moonwalk Exhibit is a fusion of immersive environment and physical interaction, simulating the sensation of walking on the Moon.\",\"breadcrumb\":{\"@id\":\"https:\/\/sertek.com.tr\/moonwalk-exhibit\/#breadcrumb\"},\"inLanguage\":\"tr\",\"potentialAction\":[{\"@type\":\"ReadAction\",\"target\":[\"https:\/\/sertek.com.tr\/moonwalk-exhibit\/\"]}]},{\"@type\":\"ImageObject\",\"inLanguage\":\"tr\",\"@id\":\"https:\/\/sertek.com.tr\/moonwalk-exhibit\/#primaryimage\",\"url\":\"https:\/\/sertek.com.tr\/wp-content\/uploads\/2023\/07\/Moonwalk-e1690027237421.png\",\"contentUrl\":\"https:\/\/sertek.com.tr\/wp-content\/uploads\/2023\/07\/Moonwalk-e1690027237421.png\",\"width\":1407,\"height\":1078,\"caption\":\"moonwalk exhibit\"},{\"@type\":\"BreadcrumbList\",\"@id\":\"https:\/\/sertek.com.tr\/moonwalk-exhibit\/#breadcrumb\",\"itemListElement\":[{\"@type\":\"ListItem\",\"position\":1,\"name\":\"Home\",\"item\":\"https:\/\/sertek.com.tr\/\"},{\"@type\":\"ListItem\",\"position\":2,\"name\":\"Moonwalk Exhibit\"}]},{\"@type\":\"WebSite\",\"@id\":\"https:\/\/sertek.com.tr\/en\/#website\",\"url\":\"https:\/\/sertek.com.tr\/en\/\",\"name\":\"Sertek Exhibitions\",\"description\":\"Sertek Exhibitons\",\"publisher\":{\"@id\":\"https:\/\/sertek.com.tr\/en\/#organization\"},\"potentialAction\":[{\"@type\":\"SearchAction\",\"target\":{\"@type\":\"EntryPoint\",\"urlTemplate\":\"https:\/\/sertek.com.tr\/en\/?s={search_term_string}\"},\"query-input\":{\"@type\":\"PropertyValueSpecification\",\"valueRequired\":true,\"valueName\":\"search_term_string\"}}],\"inLanguage\":\"tr\"},{\"@type\":\"Organization\",\"@id\":\"https:\/\/sertek.com.tr\/en\/#organization\",\"name\":\"Sertek Exhibitions\",\"url\":\"https:\/\/sertek.com.tr\/en\/\",\"logo\":{\"@type\":\"ImageObject\",\"inLanguage\":\"tr\",\"@id\":\"https:\/\/sertek.com.tr\/en\/#\/schema\/logo\/image\/\",\"url\":\"https:\/\/sertek.com.tr\/wp-content\/uploads\/2023\/06\/SertekLogo-1.png\",\"contentUrl\":\"https:\/\/sertek.com.tr\/wp-content\/uploads\/2023\/06\/SertekLogo-1.png\",\"width\":300,\"height\":49,\"caption\":\"Sertek Exhibitions\"},\"image\":{\"@id\":\"https:\/\/sertek.com.tr\/en\/#\/schema\/logo\/image\/\"},\"sameAs\":[\"https:\/\/www.linkedin.com\/company\/sertek-exhibitions\/\"]}]}<\/script>\n<!-- \/ Yoast SEO plugin. -->","yoast_head_json":{"title":"Moonwalk Exhibit - Sertek Exhibitions","description":"The Moonwalk Exhibit is a fusion of immersive environment and physical interaction, simulating the sensation of walking on the Moon.","robots":{"index":"index","follow":"follow","max-snippet":"max-snippet:-1","max-image-preview":"max-image-preview:large","max-video-preview":"max-video-preview:-1"},"canonical":"https:\/\/sertek.com.tr\/tr\/ay-yuruyusu-sergisi\/","og_locale":"tr_TR","og_type":"article","og_title":"Moonwalk Exhibit - Sertek Exhibitions","og_description":"The Moonwalk Exhibit is a fusion of immersive environment and physical interaction, simulating the sensation of walking on the Moon.","og_url":"https:\/\/sertek.com.tr\/tr\/ay-yuruyusu-sergisi\/","og_site_name":"Sertek Exhibitions","article_modified_time":"2024-09-10T20:45:20+00:00","og_image":[{"width":1024,"height":785,"url":"https:\/\/sertek.com.tr\/wp-content\/uploads\/2023\/07\/Moonwalk-e1690027237421-1024x785.png","type":"image\/png"}],"twitter_card":"summary_large_image","twitter_misc":{"Tahmini okuma s\u00fcresi":"2 dakika"},"schema":{"@context":"https:\/\/schema.org","@graph":[{"@type":"WebPage","@id":"https:\/\/sertek.com.tr\/moonwalk-exhibit\/","url":"https:\/\/sertek.com.tr\/moonwalk-exhibit\/","name":"Moonwalk Exhibit - Sertek Exhibitions","isPartOf":{"@id":"https:\/\/sertek.com.tr\/en\/#website"},"primaryImageOfPage":{"@id":"https:\/\/sertek.com.tr\/moonwalk-exhibit\/#primaryimage"},"image":{"@id":"https:\/\/sertek.com.tr\/moonwalk-exhibit\/#primaryimage"},"thumbnailUrl":"https:\/\/sertek.com.tr\/wp-content\/uploads\/2023\/07\/Moonwalk-e1690027237421.png","datePublished":"2023-07-22T07:18:42+00:00","dateModified":"2024-09-10T20:45:20+00:00","description":"The Moonwalk Exhibit is a fusion of immersive environment and physical interaction, simulating the sensation of walking on the Moon.","breadcrumb":{"@id":"https:\/\/sertek.com.tr\/moonwalk-exhibit\/#breadcrumb"},"inLanguage":"tr","potentialAction":[{"@type":"ReadAction","target":["https:\/\/sertek.com.tr\/moonwalk-exhibit\/"]}]},{"@type":"ImageObject","inLanguage":"tr","@id":"https:\/\/sertek.com.tr\/moonwalk-exhibit\/#primaryimage","url":"https:\/\/sertek.com.tr\/wp-content\/uploads\/2023\/07\/Moonwalk-e1690027237421.png","contentUrl":"https:\/\/sertek.com.tr\/wp-content\/uploads\/2023\/07\/Moonwalk-e1690027237421.png","width":1407,"height":1078,"caption":"moonwalk exhibit"},{"@type":"BreadcrumbList","@id":"https:\/\/sertek.com.tr\/moonwalk-exhibit\/#breadcrumb","itemListElement":[{"@type":"ListItem","position":1,"name":"Home","item":"https:\/\/sertek.com.tr\/"},{"@type":"ListItem","position":2,"name":"Moonwalk Exhibit"}]},{"@type":"WebSite","@id":"https:\/\/sertek.com.tr\/en\/#website","url":"https:\/\/sertek.com.tr\/en\/","name":"Sertek Exhibitions","description":"Sertek Exhibitons","publisher":{"@id":"https:\/\/sertek.com.tr\/en\/#organization"},"potentialAction":[{"@type":"SearchAction","target":{"@type":"EntryPoint","urlTemplate":"https:\/\/sertek.com.tr\/en\/?s={search_term_string}"},"query-input":{"@type":"PropertyValueSpecification","valueRequired":true,"valueName":"search_term_string"}}],"inLanguage":"tr"},{"@type":"Organization","@id":"https:\/\/sertek.com.tr\/en\/#organization","name":"Sertek Exhibitions","url":"https:\/\/sertek.com.tr\/en\/","logo":{"@type":"ImageObject","inLanguage":"tr","@id":"https:\/\/sertek.com.tr\/en\/#\/schema\/logo\/image\/","url":"https:\/\/sertek.com.tr\/wp-content\/uploads\/2023\/06\/SertekLogo-1.png","contentUrl":"https:\/\/sertek.com.tr\/wp-content\/uploads\/2023\/06\/SertekLogo-1.png","width":300,"height":49,"caption":"Sertek Exhibitions"},"image":{"@id":"https:\/\/sertek.com.tr\/en\/#\/schema\/logo\/image\/"},"sameAs":["https:\/\/www.linkedin.com\/company\/sertek-exhibitions\/"]}]}},"jetpack_sharing_enabled":true,"_links":{"self":[{"href":"https:\/\/sertek.com.tr\/tr\/wp-json\/wp\/v2\/pages\/4455","targetHints":{"allow":["GET"]}}],"collection":[{"href":"https:\/\/sertek.com.tr\/tr\/wp-json\/wp\/v2\/pages"}],"about":[{"href":"https:\/\/sertek.com.tr\/tr\/wp-json\/wp\/v2\/types\/page"}],"author":[{"embeddable":true,"href":"https:\/\/sertek.com.tr\/tr\/wp-json\/wp\/v2\/users\/2"}],"replies":[{"embeddable":true,"href":"https:\/\/sertek.com.tr\/tr\/wp-json\/wp\/v2\/comments?post=4455"}],"version-history":[{"count":20,"href":"https:\/\/sertek.com.tr\/tr\/wp-json\/wp\/v2\/pages\/4455\/revisions"}],"predecessor-version":[{"id":7562,"href":"https:\/\/sertek.com.tr\/tr\/wp-json\/wp\/v2\/pages\/4455\/revisions\/7562"}],"wp:featuredmedia":[{"embeddable":true,"href":"https:\/\/sertek.com.tr\/tr\/wp-json\/wp\/v2\/media\/4689"}],"wp:attachment":[{"href":"https:\/\/sertek.com.tr\/tr\/wp-json\/wp\/v2\/media?parent=4455"}],"curies":[{"name":"wp","href":"https:\/\/api.w.org\/{rel}","templated":true}]}}