{"id":4460,"date":"2023-07-22T07:21:21","date_gmt":"2023-07-22T07:21:21","guid":{"rendered":"https:\/\/sertekexhibitions.com\/?page_id=4460"},"modified":"2023-11-01T20:09:11","modified_gmt":"2023-11-01T20:09:11","slug":"spaceship-exhibit","status":"publish","type":"page","link":"https:\/\/sertek.com.tr\/tr\/uzay-gemisi-sergisi\/","title":{"rendered":"Uzay Gemisi Sergisi"},"content":{"rendered":"<div data-elementor-type=\"wp-page\" data-elementor-id=\"4460\" class=\"elementor elementor-4460\" data-elementor-settings=\"{&quot;ha_cmc_init_switcher&quot;:&quot;no&quot;}\">\n\t\t\t\t\t\t<section class=\"elementor-section elementor-top-section elementor-element elementor-element-9f5181a elementor-section-boxed elementor-section-height-default elementor-section-height-default\" data-id=\"9f5181a\" data-element_type=\"section\" data-settings=\"{&quot;_ha_eqh_enable&quot;:false}\">\n\t\t\t\t\t\t<div class=\"elementor-container elementor-column-gap-extended\">\n\t\t\t\t\t<div class=\"elementor-column elementor-col-100 elementor-top-column elementor-element elementor-element-e397ea5\" data-id=\"e397ea5\" data-element_type=\"column\">\n\t\t\t<div class=\"elementor-widget-wrap elementor-element-populated\">\n\t\t\t\t\t\t<section class=\"elementor-section elementor-inner-section elementor-element elementor-element-7913216 elementor-section-full_width elementor-section-height-default elementor-section-height-default\" data-id=\"7913216\" data-element_type=\"section\" data-settings=\"{&quot;background_background&quot;:&quot;classic&quot;,&quot;_ha_eqh_enable&quot;:false}\">\n\t\t\t\t\t\t<div class=\"elementor-container elementor-column-gap-wide\">\n\t\t\t\t\t<div class=\"elementor-column elementor-col-50 elementor-inner-column elementor-element elementor-element-ab484d0 has-sticky-column\" data-id=\"ab484d0\" data-element_type=\"column\">\n\t\t\t<div class=\"elementor-widget-wrap elementor-element-populated\">\n\t\t\t\t\t\t<div class=\"elementor-element elementor-element-496c07b elementor-widget__width-inherit elementor-arrows-position-inside elementor-pagination-position-outside elementor-widget elementor-widget-image-carousel\" data-id=\"496c07b\" data-element_type=\"widget\" data-settings=\"{&quot;slides_to_show&quot;:&quot;1&quot;,&quot;navigation&quot;:&quot;both&quot;,&quot;autoplay&quot;:&quot;yes&quot;,&quot;pause_on_hover&quot;:&quot;yes&quot;,&quot;pause_on_interaction&quot;:&quot;yes&quot;,&quot;autoplay_speed&quot;:5000,&quot;infinite&quot;:&quot;yes&quot;,&quot;effect&quot;:&quot;slide&quot;,&quot;speed&quot;:500}\" data-widget_type=\"image-carousel.default\">\n\t\t\t\t<div class=\"elementor-widget-container\">\n\t\t\t\t\t\t\t<div class=\"elementor-image-carousel-wrapper swiper\" role=\"region\" aria-roledescription=\"carousel\" aria-label=\"Resim D\u00f6ng\u00fcs\u00fc\" dir=\"ltr\">\n\t\t\t<div class=\"elementor-image-carousel swiper-wrapper\" aria-live=\"off\">\n\t\t\t\t\t\t\t\t<div class=\"swiper-slide\" role=\"group\" aria-roledescription=\"slide\" aria-label=\"1 \/ 2\"><figure class=\"swiper-slide-inner\"><img decoding=\"async\" class=\"swiper-slide-image\" src=\"https:\/\/sertek.com.tr\/wp-content\/uploads\/elementor\/thumbs\/IMG_2314-qbxm8n3h9rv79psgs1dhzpkagtv86c9w5xp3py7wy0.png\" alt=\"IMG_2314\" \/><\/figure><\/div><div class=\"swiper-slide\" role=\"group\" aria-roledescription=\"slide\" aria-label=\"2 \/ 2\"><figure class=\"swiper-slide-inner\"><img decoding=\"async\" class=\"swiper-slide-image\" src=\"https:\/\/sertek.com.tr\/wp-content\/uploads\/elementor\/thumbs\/IMG_2312-qbxm8m5n2xtwy3ttxiyvf7stvfzuyn65tt1m8o9b48.png\" alt=\"uzay gemisi sergisi\" \/><\/figure><\/div>\t\t\t<\/div>\n\t\t\t\t\t\t\t\t\t\t\t\t<div class=\"elementor-swiper-button elementor-swiper-button-prev\" role=\"button\" tabindex=\"0\">\n\t\t\t\t\t\t<i aria-hidden=\"true\" class=\"eicon-chevron-left\"><\/i>\t\t\t\t\t<\/div>\n\t\t\t\t\t<div class=\"elementor-swiper-button elementor-swiper-button-next\" role=\"button\" tabindex=\"0\">\n\t\t\t\t\t\t<i aria-hidden=\"true\" class=\"eicon-chevron-right\"><\/i>\t\t\t\t\t<\/div>\n\t\t\t\t\n\t\t\t\t\t\t\t\t\t<div class=\"swiper-pagination\"><\/div>\n\t\t\t\t\t\t\t\t\t<\/div>\n\t\t\t\t\t\t<\/div>\n\t\t\t\t<\/div>\n\t\t\t\t\t<\/div>\n\t\t<\/div>\n\t\t\t\t<div class=\"elementor-column elementor-col-50 elementor-inner-column elementor-element elementor-element-6aaa5e3\" data-id=\"6aaa5e3\" data-element_type=\"column\">\n\t\t\t<div class=\"elementor-widget-wrap elementor-element-populated\">\n\t\t\t\t\t\t<div class=\"elementor-element elementor-element-ab59ff1 elementor-widget elementor-widget-heading\" data-id=\"ab59ff1\" data-element_type=\"widget\" data-widget_type=\"heading.default\">\n\t\t\t\t<div class=\"elementor-widget-container\">\n\t\t\t\t\t<h1 class=\"elementor-heading-title elementor-size-default\">Uzay Gemisi Sergisi<\/h1>\t\t\t\t<\/div>\n\t\t\t\t<\/div>\n\t\t\t\t<div class=\"elementor-element elementor-element-843f4f3 elementor-widget elementor-widget-text-editor\" data-id=\"843f4f3\" data-element_type=\"widget\" data-widget_type=\"text-editor.default\">\n\t\t\t\t<div class=\"elementor-widget-container\">\n\t\t\t\t\t\t\t\t\t<p>Uzay Gemisi Sergisi, ziyaret\u00e7ilere bir uzay gemisini u\u00e7urma hissi sunan geli\u015fmi\u015f teknoloji ve s\u00fcr\u00fckleyici tasar\u0131m\u0131n bir birle\u015fimidir. Kavisli merkezi ekran ve sanal manzaralar yans\u0131tan yan pencerelerle, iki ziyaret\u00e7i ayn\u0131 anda bu d\u00fcnyan\u0131n d\u0131\u015f\u0131nda bir yolculu\u011fa \u00e7\u0131kabilir. Sergi, uzay yolculu\u011fu fantezilerinizi ger\u00e7ekle\u015ftirmenizi davet ediyor. Etkile\u015fimli sergi ayr\u0131ca y\u0131ld\u0131zlar aras\u0131nda gezinmeyi ve y\u0131ld\u0131zlar aras\u0131 ke\u015ffin heyecan\u0131n\u0131 deneyimlemeyi de sunuyor. Uzay Gemisi Sergisi, e\u011fitim ve maceran\u0131n ola\u011fan\u00fcst\u00fc bir kar\u0131\u015f\u0131m\u0131n\u0131 sunuyor. Bu, ziyaret\u00e7ilerin kontroll\u00fc ve s\u00fcr\u00fckleyici bir ortamda uzay yolculu\u011fu hayallerini ger\u00e7ekle\u015ftirmelerini sa\u011fl\u0131yor.<\/p>\t\t\t\t\t\t\t\t<\/div>\n\t\t\t\t<\/div>\n\t\t\t\t<div class=\"elementor-element elementor-element-0bc7747 elementor-widget-divider--view-line elementor-widget elementor-widget-divider\" data-id=\"0bc7747\" data-element_type=\"widget\" data-widget_type=\"divider.default\">\n\t\t\t\t<div class=\"elementor-widget-container\">\n\t\t\t\t\t\t\t<div class=\"elementor-divider\">\n\t\t\t<span class=\"elementor-divider-separator\">\n\t\t\t\t\t\t<\/span>\n\t\t<\/div>\n\t\t\t\t\t\t<\/div>\n\t\t\t\t<\/div>\n\t\t\t\t<div class=\"elementor-element elementor-element-0746e11 elementor-widget elementor-widget-heading\" data-id=\"0746e11\" data-element_type=\"widget\" data-widget_type=\"heading.default\">\n\t\t\t\t<div class=\"elementor-widget-container\">\n\t\t\t\t\t<h2 class=\"elementor-heading-title elementor-size-default\">Ziyaret\u00e7i Deneyimi<\/h2>\t\t\t\t<\/div>\n\t\t\t\t<\/div>\n\t\t\t\t<div class=\"elementor-element elementor-element-618ee0d elementor-widget elementor-widget-text-editor\" data-id=\"618ee0d\" data-element_type=\"widget\" data-widget_type=\"text-editor.default\">\n\t\t\t\t<div class=\"elementor-widget-container\">\n\t\t\t\t\t\t\t\t\t<p>Ziyaret\u00e7iler i\u00e7eri ad\u0131m att\u0131\u011f\u0131nda <a href=\"https:\/\/en.wikipedia.org\/wiki\/Spacecraft\" target=\"_blank\" rel=\"noopener\">Uzay gemisi<\/a> Sergi, f\u00fct\u00fcristik bir uzay arac\u0131n\u0131n d\u00fcmenine ta\u015f\u0131n\u0131rlar. Elleri kontrollerde iken var\u0131\u015f noktalar\u0131n\u0131 se\u00e7ebilir, h\u0131z\u0131 ayarlayabilir ve u\u00e7u\u015f parametrelerini merkezi ekranda g\u00f6zlemleyebilirler. Yanlardaki sanal pencereler, evrende kozmik bir yolculuk hissi uyand\u0131ran muhte\u015fem manzaralar sunar.<\/p><p>Sergi, salt g\u00f6zlemlemenin \u00f6tesine ge\u00e7iyor; kozmosla aktif bir etkile\u015fim. Uzay gemisinin titre\u015fimleri ve etkile\u015fimli unsurlar, ziyaret\u00e7ilere uzay yolculu\u011funun zorluklar\u0131 ve harikalar\u0131 hakk\u0131nda bir fikir veren \u00e7ok duyulu bir deneyim yarat\u0131yor.<\/p>\t\t\t\t\t\t\t\t<\/div>\n\t\t\t\t<\/div>\n\t\t\t\t<div class=\"elementor-element elementor-element-f8e6ad3 elementor-widget-divider--view-line elementor-widget elementor-widget-divider\" data-id=\"f8e6ad3\" data-element_type=\"widget\" data-widget_type=\"divider.default\">\n\t\t\t\t<div class=\"elementor-widget-container\">\n\t\t\t\t\t\t\t<div class=\"elementor-divider\">\n\t\t\t<span class=\"elementor-divider-separator\">\n\t\t\t\t\t\t<\/span>\n\t\t<\/div>\n\t\t\t\t\t\t<\/div>\n\t\t\t\t<\/div>\n\t\t\t\t<div class=\"elementor-element elementor-element-4a09e3a elementor-widget elementor-widget-heading\" data-id=\"4a09e3a\" data-element_type=\"widget\" data-widget_type=\"heading.default\">\n\t\t\t\t<div class=\"elementor-widget-container\">\n\t\t\t\t\t<h2 class=\"elementor-heading-title elementor-size-default\">Ana \u00d6zellikler<\/h2>\t\t\t\t<\/div>\n\t\t\t\t<\/div>\n\t\t\t\t<div class=\"elementor-element elementor-element-2559a92 elementor-widget elementor-widget-text-editor\" data-id=\"2559a92\" data-element_type=\"widget\" data-widget_type=\"text-editor.default\">\n\t\t\t\t<div class=\"elementor-widget-container\">\n\t\t\t\t\t\t\t\t\t<ol><li><p><strong>Kozmik Pilotluk:<\/strong> Bir uzay arac\u0131 pilotu rol\u00fcne b\u00fcr\u00fcn\u00fcn. Sanal seferiniz i\u00e7in \u00fc\u00e7 farkl\u0131 hedef gezegen aras\u0131ndan se\u00e7im yaparak kozmosta gezinirken yolculu\u011fun kontrol\u00fcn\u00fc elinize al\u0131n.<\/p><\/li><li><p><strong>Etkile\u015fimli Ke\u015fif:<\/strong> Ger\u00e7ek zamanl\u0131 u\u00e7u\u015f parametrelerini g\u00f6r\u00fcnt\u00fcleyen 49 in\u00e7lik kavisli ekranla etkile\u015fime ge\u00e7in ve uzay geminizi y\u0131ld\u0131zlar aras\u0131 alemde y\u00f6nlendirmek i\u00e7in gereken ara\u00e7lar\u0131 edinin.<\/p><\/li><li><p><strong>Y\u0131ld\u0131zlara Sanal Pencereler:<\/strong> Uzay geminiz D\u00fcnya&#039;dan havalan\u0131p uzay\u0131n derinliklerinde yol al\u0131rken yan camlardan (asl\u0131nda sanal ekranlardan) d\u0131\u015far\u0131 bak\u0131n ve nefes kesici kozmik manzaralara tan\u0131k olun.<\/p><\/li><li><p><strong>Ayarlanabilir H\u0131z ve Hissiyat:<\/strong> Uzay gemisinin h\u0131z\u0131n\u0131 ayarlayarak yolculu\u011funuzu \u00f6zelle\u015ftirin. Deneyime ger\u00e7ek\u00e7i bir dokunu\u015f katan titre\u015fimler arac\u0131l\u0131\u011f\u0131yla yolculu\u011fun co\u015fkusunu hissedin.<\/p><\/li><li><p><strong>E\u011fitim Bilgileri:<\/strong> G\u00f6k mekani\u011fi ve uzay yolculu\u011fu hakk\u0131nda fikir edinin. Yolculu\u011funuzdaki gezegenler ve y\u0131ld\u0131zlararas\u0131 ke\u015ffin zorluklar\u0131 hakk\u0131nda bilgi edinin.<\/p><\/li><\/ol>\t\t\t\t\t\t\t\t<\/div>\n\t\t\t\t<\/div>\n\t\t\t\t<div class=\"elementor-element elementor-element-7c2cde2 elementor-widget-divider--view-line elementor-widget elementor-widget-divider\" data-id=\"7c2cde2\" data-element_type=\"widget\" data-widget_type=\"divider.default\">\n\t\t\t\t<div class=\"elementor-widget-container\">\n\t\t\t\t\t\t\t<div class=\"elementor-divider\">\n\t\t\t<span class=\"elementor-divider-separator\">\n\t\t\t\t\t\t<\/span>\n\t\t<\/div>\n\t\t\t\t\t\t<\/div>\n\t\t\t\t<\/div>\n\t\t\t\t<div class=\"elementor-element elementor-element-043a76b elementor-widget elementor-widget-heading\" data-id=\"043a76b\" data-element_type=\"widget\" data-widget_type=\"heading.default\">\n\t\t\t\t<div class=\"elementor-widget-container\">\n\t\t\t\t\t<h2 class=\"elementor-heading-title elementor-size-default\">Hedef Ya\u015f<\/h2>\t\t\t\t<\/div>\n\t\t\t\t<\/div>\n\t\t\t\t<div class=\"elementor-element elementor-element-909e31d elementor-icon-list--layout-traditional elementor-list-item-link-full_width elementor-widget elementor-widget-icon-list\" data-id=\"909e31d\" data-element_type=\"widget\" data-widget_type=\"icon-list.default\">\n\t\t\t\t<div class=\"elementor-widget-container\">\n\t\t\t\t\t\t\t<ul class=\"elementor-icon-list-items\">\n\t\t\t\t\t\t\t<li class=\"elementor-icon-list-item\">\n\t\t\t\t\t\t\t\t\t\t\t<span class=\"elementor-icon-list-icon\">\n\t\t\t\t\t\t\t<i aria-hidden=\"true\" class=\"fas fa-check\"><\/i>\t\t\t\t\t\t<\/span>\n\t\t\t\t\t\t\t\t\t\t<span class=\"elementor-icon-list-text\">Her ya\u015ftan.<\/span>\n\t\t\t\t\t\t\t\t\t<\/li>\n\t\t\t\t\t\t<\/ul>\n\t\t\t\t\t\t<\/div>\n\t\t\t\t<\/div>\n\t\t\t\t<div class=\"elementor-element elementor-element-9a6f441 elementor-widget-divider--view-line elementor-widget elementor-widget-divider\" data-id=\"9a6f441\" data-element_type=\"widget\" data-widget_type=\"divider.default\">\n\t\t\t\t<div class=\"elementor-widget-container\">\n\t\t\t\t\t\t\t<div class=\"elementor-divider\">\n\t\t\t<span class=\"elementor-divider-separator\">\n\t\t\t\t\t\t<\/span>\n\t\t<\/div>\n\t\t\t\t\t\t<\/div>\n\t\t\t\t<\/div>\n\t\t\t\t<div class=\"elementor-element elementor-element-757710f elementor-widget elementor-widget-heading\" data-id=\"757710f\" data-element_type=\"widget\" data-widget_type=\"heading.default\">\n\t\t\t\t<div class=\"elementor-widget-container\">\n\t\t\t\t\t<h2 class=\"elementor-heading-title elementor-size-default\">Uygulanabilir Temalar<\/h2>\t\t\t\t<\/div>\n\t\t\t\t<\/div>\n\t\t\t\t<div class=\"elementor-element elementor-element-a3d6c5c elementor-icon-list--layout-traditional elementor-list-item-link-full_width elementor-widget elementor-widget-icon-list\" data-id=\"a3d6c5c\" data-element_type=\"widget\" data-widget_type=\"icon-list.default\">\n\t\t\t\t<div class=\"elementor-widget-container\">\n\t\t\t\t\t\t\t<ul class=\"elementor-icon-list-items\">\n\t\t\t\t\t\t\t<li class=\"elementor-icon-list-item\">\n\t\t\t\t\t\t\t\t\t\t\t<a href=\"https:\/\/sertek.com.tr\/tr\/uzay-temali-sergiler\/\">\n\n\t\t\t\t\t\t\t\t\t\t\t\t<span class=\"elementor-icon-list-icon\">\n\t\t\t\t\t\t\t<i aria-hidden=\"true\" class=\"fas fa-space-shuttle\"><\/i>\t\t\t\t\t\t<\/span>\n\t\t\t\t\t\t\t\t\t\t<span class=\"elementor-icon-list-text\">Uzay<\/span>\n\t\t\t\t\t\t\t\t\t\t\t<\/a>\n\t\t\t\t\t\t\t\t\t<\/li>\n\t\t\t\t\t\t<\/ul>\n\t\t\t\t\t\t<\/div>\n\t\t\t\t<\/div>\n\t\t\t\t\t<\/div>\n\t\t<\/div>\n\t\t\t\t\t<\/div>\n\t\t<\/section>\n\t\t\t\t<div class=\"elementor-element elementor-element-b458126 elementor-widget elementor-widget-spacer\" data-id=\"b458126\" data-element_type=\"widget\" data-widget_type=\"spacer.default\">\n\t\t\t\t<div class=\"elementor-widget-container\">\n\t\t\t\t\t\t\t<div class=\"elementor-spacer\">\n\t\t\t<div class=\"elementor-spacer-inner\"><\/div>\n\t\t<\/div>\n\t\t\t\t\t\t<\/div>\n\t\t\t\t<\/div>\n\t\t\t\t\t<\/div>\n\t\t<\/div>\n\t\t\t\t\t<\/div>\n\t\t<\/section>\n\t\t\t\t<\/div>","protected":false},"excerpt":{"rendered":"<p>Spaceship Exhibit The Spaceship Exhibit is a fusion of advanced technology and immersive design, offering visitors the sensation of piloting a spaceship. With a [&hellip;]<\/p>","protected":false},"author":2,"featured_media":5758,"parent":0,"menu_order":0,"comment_status":"closed","ping_status":"closed","template":"page-custom.php","meta":{"om_disable_all_campaigns":false,"_monsterinsights_skip_tracking":false,"_monsterinsights_sitenote_active":false,"_monsterinsights_sitenote_note":"","_monsterinsights_sitenote_category":0,"_uf_show_specific_survey":0,"_uf_disable_surveys":false,"footnotes":""},"class_list":["post-4460","page","type-page","status-publish","has-post-thumbnail","hentry"],"acf":{"full_width":false,"header_transparent":false,"header_white":false},"aioseo_notices":[],"yoast_head":"<!-- This site is optimized with the Yoast SEO plugin v26.9 - https:\/\/yoast.com\/product\/yoast-seo-wordpress\/ -->\n<title>Spaceship Exhibit - Sertek Exhibitions<\/title>\n<meta name=\"description\" content=\"The Spaceship Exhibit is a fusion of advanced technology and immersive design, offering visitors the sensation of piloting a spaceship.\" \/>\n<meta name=\"robots\" content=\"index, follow, max-snippet:-1, max-image-preview:large, max-video-preview:-1\" \/>\n<link rel=\"canonical\" href=\"https:\/\/sertek.com.tr\/tr\/uzay-gemisi-sergisi\/\" \/>\n<meta property=\"og:locale\" content=\"tr_TR\" \/>\n<meta property=\"og:type\" content=\"article\" \/>\n<meta property=\"og:title\" content=\"Spaceship Exhibit - Sertek Exhibitions\" \/>\n<meta property=\"og:description\" content=\"The Spaceship Exhibit is a fusion of advanced technology and immersive design, offering visitors the sensation of piloting a spaceship.\" \/>\n<meta property=\"og:url\" content=\"https:\/\/sertek.com.tr\/tr\/uzay-gemisi-sergisi\/\" \/>\n<meta property=\"og:site_name\" content=\"Sertek Exhibitions\" \/>\n<meta property=\"article:modified_time\" content=\"2023-11-01T20:09:11+00:00\" \/>\n<meta property=\"og:image\" content=\"https:\/\/sertek.com.tr\/wp-content\/uploads\/2023\/08\/IMG_2312-1024x768.png\" \/>\n\t<meta property=\"og:image:width\" content=\"1024\" \/>\n\t<meta property=\"og:image:height\" content=\"768\" \/>\n\t<meta property=\"og:image:type\" content=\"image\/png\" \/>\n<meta name=\"twitter:card\" content=\"summary_large_image\" \/>\n<meta name=\"twitter:label1\" content=\"Tahmini okuma s\u00fcresi\" \/>\n\t<meta name=\"twitter:data1\" content=\"3 dakika\" \/>\n<script type=\"application\/ld+json\" class=\"yoast-schema-graph\">{\"@context\":\"https:\/\/schema.org\",\"@graph\":[{\"@type\":\"WebPage\",\"@id\":\"https:\/\/sertek.com.tr\/en\/spaceship-exhibit\/\",\"url\":\"https:\/\/sertek.com.tr\/en\/spaceship-exhibit\/\",\"name\":\"Spaceship Exhibit - Sertek Exhibitions\",\"isPartOf\":{\"@id\":\"https:\/\/sertek.com.tr\/en\/#website\"},\"primaryImageOfPage\":{\"@id\":\"https:\/\/sertek.com.tr\/en\/spaceship-exhibit\/#primaryimage\"},\"image\":{\"@id\":\"https:\/\/sertek.com.tr\/en\/spaceship-exhibit\/#primaryimage\"},\"thumbnailUrl\":\"https:\/\/sertek.com.tr\/wp-content\/uploads\/2023\/08\/IMG_2312.png\",\"datePublished\":\"2023-07-22T07:21:21+00:00\",\"dateModified\":\"2023-11-01T20:09:11+00:00\",\"description\":\"The Spaceship Exhibit is a fusion of advanced technology and immersive design, offering visitors the sensation of piloting a spaceship.\",\"breadcrumb\":{\"@id\":\"https:\/\/sertek.com.tr\/en\/spaceship-exhibit\/#breadcrumb\"},\"inLanguage\":\"tr\",\"potentialAction\":[{\"@type\":\"ReadAction\",\"target\":[\"https:\/\/sertek.com.tr\/en\/spaceship-exhibit\/\"]}]},{\"@type\":\"ImageObject\",\"inLanguage\":\"tr\",\"@id\":\"https:\/\/sertek.com.tr\/en\/spaceship-exhibit\/#primaryimage\",\"url\":\"https:\/\/sertek.com.tr\/wp-content\/uploads\/2023\/08\/IMG_2312.png\",\"contentUrl\":\"https:\/\/sertek.com.tr\/wp-content\/uploads\/2023\/08\/IMG_2312.png\",\"width\":4032,\"height\":3024,\"caption\":\"spaceship exhibit\"},{\"@type\":\"BreadcrumbList\",\"@id\":\"https:\/\/sertek.com.tr\/en\/spaceship-exhibit\/#breadcrumb\",\"itemListElement\":[{\"@type\":\"ListItem\",\"position\":1,\"name\":\"Home\",\"item\":\"https:\/\/sertek.com.tr\/\"},{\"@type\":\"ListItem\",\"position\":2,\"name\":\"Spaceship Exhibit\"}]},{\"@type\":\"WebSite\",\"@id\":\"https:\/\/sertek.com.tr\/en\/#website\",\"url\":\"https:\/\/sertek.com.tr\/en\/\",\"name\":\"Sertek Exhibitions\",\"description\":\"Sertek Exhibitons\",\"publisher\":{\"@id\":\"https:\/\/sertek.com.tr\/en\/#organization\"},\"potentialAction\":[{\"@type\":\"SearchAction\",\"target\":{\"@type\":\"EntryPoint\",\"urlTemplate\":\"https:\/\/sertek.com.tr\/en\/?s={search_term_string}\"},\"query-input\":{\"@type\":\"PropertyValueSpecification\",\"valueRequired\":true,\"valueName\":\"search_term_string\"}}],\"inLanguage\":\"tr\"},{\"@type\":\"Organization\",\"@id\":\"https:\/\/sertek.com.tr\/en\/#organization\",\"name\":\"Sertek Exhibitions\",\"url\":\"https:\/\/sertek.com.tr\/en\/\",\"logo\":{\"@type\":\"ImageObject\",\"inLanguage\":\"tr\",\"@id\":\"https:\/\/sertek.com.tr\/en\/#\/schema\/logo\/image\/\",\"url\":\"https:\/\/sertek.com.tr\/wp-content\/uploads\/2023\/06\/SertekLogo-1.png\",\"contentUrl\":\"https:\/\/sertek.com.tr\/wp-content\/uploads\/2023\/06\/SertekLogo-1.png\",\"width\":300,\"height\":49,\"caption\":\"Sertek Exhibitions\"},\"image\":{\"@id\":\"https:\/\/sertek.com.tr\/en\/#\/schema\/logo\/image\/\"},\"sameAs\":[\"https:\/\/www.linkedin.com\/company\/sertek-exhibitions\/\"]}]}<\/script>\n<!-- \/ Yoast SEO plugin. -->","yoast_head_json":{"title":"Spaceship Exhibit - Sertek Exhibitions","description":"The Spaceship Exhibit is a fusion of advanced technology and immersive design, offering visitors the sensation of piloting a spaceship.","robots":{"index":"index","follow":"follow","max-snippet":"max-snippet:-1","max-image-preview":"max-image-preview:large","max-video-preview":"max-video-preview:-1"},"canonical":"https:\/\/sertek.com.tr\/tr\/uzay-gemisi-sergisi\/","og_locale":"tr_TR","og_type":"article","og_title":"Spaceship Exhibit - Sertek Exhibitions","og_description":"The Spaceship Exhibit is a fusion of advanced technology and immersive design, offering visitors the sensation of piloting a spaceship.","og_url":"https:\/\/sertek.com.tr\/tr\/uzay-gemisi-sergisi\/","og_site_name":"Sertek Exhibitions","article_modified_time":"2023-11-01T20:09:11+00:00","og_image":[{"width":1024,"height":768,"url":"https:\/\/sertek.com.tr\/wp-content\/uploads\/2023\/08\/IMG_2312-1024x768.png","type":"image\/png"}],"twitter_card":"summary_large_image","twitter_misc":{"Tahmini okuma s\u00fcresi":"3 dakika"},"schema":{"@context":"https:\/\/schema.org","@graph":[{"@type":"WebPage","@id":"https:\/\/sertek.com.tr\/en\/spaceship-exhibit\/","url":"https:\/\/sertek.com.tr\/en\/spaceship-exhibit\/","name":"Spaceship Exhibit - Sertek Exhibitions","isPartOf":{"@id":"https:\/\/sertek.com.tr\/en\/#website"},"primaryImageOfPage":{"@id":"https:\/\/sertek.com.tr\/en\/spaceship-exhibit\/#primaryimage"},"image":{"@id":"https:\/\/sertek.com.tr\/en\/spaceship-exhibit\/#primaryimage"},"thumbnailUrl":"https:\/\/sertek.com.tr\/wp-content\/uploads\/2023\/08\/IMG_2312.png","datePublished":"2023-07-22T07:21:21+00:00","dateModified":"2023-11-01T20:09:11+00:00","description":"The Spaceship Exhibit is a fusion of advanced technology and immersive design, offering visitors the sensation of piloting a spaceship.","breadcrumb":{"@id":"https:\/\/sertek.com.tr\/en\/spaceship-exhibit\/#breadcrumb"},"inLanguage":"tr","potentialAction":[{"@type":"ReadAction","target":["https:\/\/sertek.com.tr\/en\/spaceship-exhibit\/"]}]},{"@type":"ImageObject","inLanguage":"tr","@id":"https:\/\/sertek.com.tr\/en\/spaceship-exhibit\/#primaryimage","url":"https:\/\/sertek.com.tr\/wp-content\/uploads\/2023\/08\/IMG_2312.png","contentUrl":"https:\/\/sertek.com.tr\/wp-content\/uploads\/2023\/08\/IMG_2312.png","width":4032,"height":3024,"caption":"spaceship exhibit"},{"@type":"BreadcrumbList","@id":"https:\/\/sertek.com.tr\/en\/spaceship-exhibit\/#breadcrumb","itemListElement":[{"@type":"ListItem","position":1,"name":"Home","item":"https:\/\/sertek.com.tr\/"},{"@type":"ListItem","position":2,"name":"Spaceship Exhibit"}]},{"@type":"WebSite","@id":"https:\/\/sertek.com.tr\/en\/#website","url":"https:\/\/sertek.com.tr\/en\/","name":"Sertek Exhibitions","description":"Sertek Exhibitons","publisher":{"@id":"https:\/\/sertek.com.tr\/en\/#organization"},"potentialAction":[{"@type":"SearchAction","target":{"@type":"EntryPoint","urlTemplate":"https:\/\/sertek.com.tr\/en\/?s={search_term_string}"},"query-input":{"@type":"PropertyValueSpecification","valueRequired":true,"valueName":"search_term_string"}}],"inLanguage":"tr"},{"@type":"Organization","@id":"https:\/\/sertek.com.tr\/en\/#organization","name":"Sertek Exhibitions","url":"https:\/\/sertek.com.tr\/en\/","logo":{"@type":"ImageObject","inLanguage":"tr","@id":"https:\/\/sertek.com.tr\/en\/#\/schema\/logo\/image\/","url":"https:\/\/sertek.com.tr\/wp-content\/uploads\/2023\/06\/SertekLogo-1.png","contentUrl":"https:\/\/sertek.com.tr\/wp-content\/uploads\/2023\/06\/SertekLogo-1.png","width":300,"height":49,"caption":"Sertek Exhibitions"},"image":{"@id":"https:\/\/sertek.com.tr\/en\/#\/schema\/logo\/image\/"},"sameAs":["https:\/\/www.linkedin.com\/company\/sertek-exhibitions\/"]}]}},"jetpack_sharing_enabled":true,"_links":{"self":[{"href":"https:\/\/sertek.com.tr\/tr\/wp-json\/wp\/v2\/pages\/4460","targetHints":{"allow":["GET"]}}],"collection":[{"href":"https:\/\/sertek.com.tr\/tr\/wp-json\/wp\/v2\/pages"}],"about":[{"href":"https:\/\/sertek.com.tr\/tr\/wp-json\/wp\/v2\/types\/page"}],"author":[{"embeddable":true,"href":"https:\/\/sertek.com.tr\/tr\/wp-json\/wp\/v2\/users\/2"}],"replies":[{"embeddable":true,"href":"https:\/\/sertek.com.tr\/tr\/wp-json\/wp\/v2\/comments?post=4460"}],"version-history":[{"count":20,"href":"https:\/\/sertek.com.tr\/tr\/wp-json\/wp\/v2\/pages\/4460\/revisions"}],"predecessor-version":[{"id":7236,"href":"https:\/\/sertek.com.tr\/tr\/wp-json\/wp\/v2\/pages\/4460\/revisions\/7236"}],"wp:featuredmedia":[{"embeddable":true,"href":"https:\/\/sertek.com.tr\/tr\/wp-json\/wp\/v2\/media\/5758"}],"wp:attachment":[{"href":"https:\/\/sertek.com.tr\/tr\/wp-json\/wp\/v2\/media?parent=4460"}],"curies":[{"name":"wp","href":"https:\/\/api.w.org\/{rel}","templated":true}]}}