{"id":4465,"date":"2023-07-22T07:24:29","date_gmt":"2023-07-22T07:24:29","guid":{"rendered":"https:\/\/sertekexhibitions.com\/?page_id=4465"},"modified":"2023-08-26T12:11:29","modified_gmt":"2023-08-26T12:11:29","slug":"lightning-exhibit","status":"publish","type":"page","link":"https:\/\/sertek.com.tr\/tr\/yildirim-sergisi\/","title":{"rendered":"Y\u0131ld\u0131r\u0131m Sergisi"},"content":{"rendered":"<div data-elementor-type=\"wp-page\" data-elementor-id=\"4465\" class=\"elementor elementor-4465\" data-elementor-settings=\"{&quot;ha_cmc_init_switcher&quot;:&quot;no&quot;}\">\n\t\t\t\t\t\t<section class=\"elementor-section elementor-top-section elementor-element elementor-element-9f5181a elementor-section-boxed elementor-section-height-default elementor-section-height-default\" data-id=\"9f5181a\" data-element_type=\"section\" data-settings=\"{&quot;_ha_eqh_enable&quot;:false}\">\n\t\t\t\t\t\t<div class=\"elementor-container elementor-column-gap-extended\">\n\t\t\t\t\t<div class=\"elementor-column elementor-col-100 elementor-top-column elementor-element elementor-element-e397ea5\" data-id=\"e397ea5\" data-element_type=\"column\">\n\t\t\t<div class=\"elementor-widget-wrap elementor-element-populated\">\n\t\t\t\t\t\t<section class=\"elementor-section elementor-inner-section elementor-element elementor-element-b894f85 elementor-section-full_width elementor-section-height-default elementor-section-height-default\" data-id=\"b894f85\" data-element_type=\"section\" data-settings=\"{&quot;background_background&quot;:&quot;classic&quot;,&quot;_ha_eqh_enable&quot;:false}\">\n\t\t\t\t\t\t<div class=\"elementor-container elementor-column-gap-wide\">\n\t\t\t\t\t<div class=\"elementor-column elementor-col-50 elementor-inner-column elementor-element elementor-element-573a3ed has-sticky-column\" data-id=\"573a3ed\" data-element_type=\"column\">\n\t\t\t<div class=\"elementor-widget-wrap elementor-element-populated\">\n\t\t\t\t\t\t<div class=\"elementor-element elementor-element-d057a79 elementor-widget__width-inherit elementor-arrows-position-inside elementor-pagination-position-outside elementor-widget elementor-widget-image-carousel\" data-id=\"d057a79\" data-element_type=\"widget\" data-settings=\"{&quot;slides_to_show&quot;:&quot;1&quot;,&quot;navigation&quot;:&quot;both&quot;,&quot;autoplay&quot;:&quot;yes&quot;,&quot;pause_on_hover&quot;:&quot;yes&quot;,&quot;pause_on_interaction&quot;:&quot;yes&quot;,&quot;autoplay_speed&quot;:5000,&quot;infinite&quot;:&quot;yes&quot;,&quot;effect&quot;:&quot;slide&quot;,&quot;speed&quot;:500}\" data-widget_type=\"image-carousel.default\">\n\t\t\t\t<div class=\"elementor-widget-container\">\n\t\t\t\t\t\t\t<div class=\"elementor-image-carousel-wrapper swiper\" role=\"region\" aria-roledescription=\"carousel\" aria-label=\"Resim D\u00f6ng\u00fcs\u00fc\" dir=\"ltr\">\n\t\t\t<div class=\"elementor-image-carousel swiper-wrapper\" aria-live=\"off\">\n\t\t\t\t\t\t\t\t<div class=\"swiper-slide\" role=\"group\" aria-roledescription=\"slide\" aria-label=\"1 \/ 3\"><figure class=\"swiper-slide-inner\"><img decoding=\"async\" class=\"swiper-slide-image\" src=\"https:\/\/sertek.com.tr\/wp-content\/uploads\/elementor\/thumbs\/20161129_121635-scaled-e1690027661263-qbxm8n3ihmn2f4lwuvk7kokn4bmnk7ifg8sfue65xk.jpg\" alt=\"20161129_121635\" \/><\/figure><\/div><div class=\"swiper-slide\" role=\"group\" aria-roledescription=\"slide\" aria-label=\"2 \/ 3\"><figure class=\"swiper-slide-inner\"><img decoding=\"async\" class=\"swiper-slide-image\" src=\"https:\/\/sertek.com.tr\/wp-content\/uploads\/elementor\/thumbs\/20161129_121640-scaled-qbxm8n3ihmn2f4lwuvk7kokn4bmnk7ifg8sfue65xk.jpg\" alt=\"20161129_121640\" \/><\/figure><\/div><div class=\"swiper-slide\" role=\"group\" aria-roledescription=\"slide\" aria-label=\"3 \/ 3\"><figure class=\"swiper-slide-inner\"><img decoding=\"async\" class=\"swiper-slide-image\" src=\"https:\/\/sertek.com.tr\/wp-content\/uploads\/elementor\/thumbs\/lightning-qbxm8m5oasls3ina0d5l06t6ixraciep444yd47k3s.jpg\" alt=\"y\u0131ld\u0131r\u0131m\" \/><\/figure><\/div>\t\t\t<\/div>\n\t\t\t\t\t\t\t\t\t\t\t\t<div class=\"elementor-swiper-button elementor-swiper-button-prev\" role=\"button\" tabindex=\"0\">\n\t\t\t\t\t\t<i aria-hidden=\"true\" class=\"eicon-chevron-left\"><\/i>\t\t\t\t\t<\/div>\n\t\t\t\t\t<div class=\"elementor-swiper-button elementor-swiper-button-next\" role=\"button\" tabindex=\"0\">\n\t\t\t\t\t\t<i aria-hidden=\"true\" class=\"eicon-chevron-right\"><\/i>\t\t\t\t\t<\/div>\n\t\t\t\t\n\t\t\t\t\t\t\t\t\t<div class=\"swiper-pagination\"><\/div>\n\t\t\t\t\t\t\t\t\t<\/div>\n\t\t\t\t\t\t<\/div>\n\t\t\t\t<\/div>\n\t\t\t\t\t<\/div>\n\t\t<\/div>\n\t\t\t\t<div class=\"elementor-column elementor-col-50 elementor-inner-column elementor-element elementor-element-6aaef06\" data-id=\"6aaef06\" data-element_type=\"column\">\n\t\t\t<div class=\"elementor-widget-wrap elementor-element-populated\">\n\t\t\t\t\t\t<div class=\"elementor-element elementor-element-e39290b elementor-widget elementor-widget-heading\" data-id=\"e39290b\" data-element_type=\"widget\" data-widget_type=\"heading.default\">\n\t\t\t\t<div class=\"elementor-widget-container\">\n\t\t\t\t\t<h1 class=\"elementor-heading-title elementor-size-default\">Y\u0131ld\u0131r\u0131m<\/h1>\t\t\t\t<\/div>\n\t\t\t\t<\/div>\n\t\t\t\t<div class=\"elementor-element elementor-element-f7448a1 elementor-widget elementor-widget-text-editor\" data-id=\"f7448a1\" data-element_type=\"widget\" data-widget_type=\"text-editor.default\">\n\t\t\t\t<div class=\"elementor-widget-container\">\n\t\t\t\t\t\t\t\t\t<p>Sertek Fuarc\u0131l\u0131k&#039;\u0131n her ya\u015ftan ziyaret\u00e7iyi hayranl\u0131k uyand\u0131ran plazma plakalarla bulu\u015fturdu\u011fu dinamik bir yarat\u0131m olan Lightning sergisi ile plazman\u0131n b\u00fcy\u00fcleyici g\u00fcc\u00fcn\u00fc a\u00e7\u0131\u011fa \u00e7\u0131kar\u0131n. D\u00fczle\u015ftirilmi\u015f plazma toplar\u0131na benzeyen bu plakalar, ziyaret\u00e7ilerin ger\u00e7ek\u00e7i y\u0131ld\u0131r\u0131m \u0131\u015f\u0131nlar\u0131na dokunmas\u0131na olanak tan\u0131yan heyecan verici bir deneyim sunuyor.<\/p>\t\t\t\t\t\t\t\t<\/div>\n\t\t\t\t<\/div>\n\t\t\t\t<div class=\"elementor-element elementor-element-e46f3a1 elementor-widget-divider--view-line elementor-widget elementor-widget-divider\" data-id=\"e46f3a1\" data-element_type=\"widget\" data-widget_type=\"divider.default\">\n\t\t\t\t<div class=\"elementor-widget-container\">\n\t\t\t\t\t\t\t<div class=\"elementor-divider\">\n\t\t\t<span class=\"elementor-divider-separator\">\n\t\t\t\t\t\t<\/span>\n\t\t<\/div>\n\t\t\t\t\t\t<\/div>\n\t\t\t\t<\/div>\n\t\t\t\t<div class=\"elementor-element elementor-element-7bc816d elementor-widget elementor-widget-heading\" data-id=\"7bc816d\" data-element_type=\"widget\" data-widget_type=\"heading.default\">\n\t\t\t\t<div class=\"elementor-widget-container\">\n\t\t\t\t\t<h2 class=\"elementor-heading-title elementor-size-default\">Ziyaret\u00e7i Deneyimi<\/h2>\t\t\t\t<\/div>\n\t\t\t\t<\/div>\n\t\t\t\t<div class=\"elementor-element elementor-element-cdd3c0a elementor-widget elementor-widget-text-editor\" data-id=\"cdd3c0a\" data-element_type=\"widget\" data-widget_type=\"text-editor.default\">\n\t\t\t\t<div class=\"elementor-widget-container\">\n\t\t\t\t\t\t\t\t\t<p>Lightning sergisine yakla\u015ft\u0131\u011f\u0131n\u0131zda, plazma plakalar\u0131n b\u00fcy\u00fcleyici g\u00f6sterisine hayran kalacaks\u0131n\u0131z. Bu yenilik\u00e7i yap\u0131lar, geleneksel k\u00fcre \u015feklindeki plazma toplar\u0131n\u0131 d\u00fcz, etkile\u015fimli y\u00fczeylerle de\u011fi\u015ftirerek onlar\u0131 benzersiz ve son derece ilgi \u00e7ekici bir cazibe haline getiriyor.<\/p><p>Her ya\u015ftan ziyaret\u00e7inin plazma plakalar\u0131n \u00fcretti\u011fi ger\u00e7ek\u00e7i y\u0131ld\u0131r\u0131m \u0131\u015f\u0131nlar\u0131na uzan\u0131p dokunmas\u0131 te\u015fvik ediliyor. Ger\u00e7ekten heyecan verici bir deneyim yaratan, y\u0131ld\u0131r\u0131m benzeri desenlerle etkile\u015fime girdi\u011finizde enerji art\u0131\u015f\u0131n\u0131 hissedin.<\/p>\t\t\t\t\t\t\t\t<\/div>\n\t\t\t\t<\/div>\n\t\t\t\t<div class=\"elementor-element elementor-element-01cdeb6 elementor-widget-divider--view-line elementor-widget elementor-widget-divider\" data-id=\"01cdeb6\" data-element_type=\"widget\" data-widget_type=\"divider.default\">\n\t\t\t\t<div class=\"elementor-widget-container\">\n\t\t\t\t\t\t\t<div class=\"elementor-divider\">\n\t\t\t<span class=\"elementor-divider-separator\">\n\t\t\t\t\t\t<\/span>\n\t\t<\/div>\n\t\t\t\t\t\t<\/div>\n\t\t\t\t<\/div>\n\t\t\t\t<div class=\"elementor-element elementor-element-da54442 elementor-widget elementor-widget-heading\" data-id=\"da54442\" data-element_type=\"widget\" data-widget_type=\"heading.default\">\n\t\t\t\t<div class=\"elementor-widget-container\">\n\t\t\t\t\t<h2 class=\"elementor-heading-title elementor-size-default\">\u00d6ne \u00c7\u0131kan \u00d6zellikler<\/h2>\t\t\t\t<\/div>\n\t\t\t\t<\/div>\n\t\t\t\t<div class=\"elementor-element elementor-element-0a3ecba elementor-widget elementor-widget-text-editor\" data-id=\"0a3ecba\" data-element_type=\"widget\" data-widget_type=\"text-editor.default\">\n\t\t\t\t<div class=\"elementor-widget-container\">\n\t\t\t\t\t\t\t\t\t<ol><li><strong>Plazma Olaylar\u0131:<\/strong> Y\u0131ld\u0131r\u0131m, ziyaret\u00e7ilere, maddenin benzersiz \u00f6zelliklere sahip bir hali olan plazman\u0131n b\u00fcy\u00fcleyici d\u00fcnyas\u0131n\u0131 ke\u015ffetmeleri i\u00e7in heyecan verici bir f\u0131rsat sunuyor.<\/li><li><strong>Uygulamal\u0131 Bilim:<\/strong> Ziyaret\u00e7iler plazma plakalarla etkile\u015fime girdik\u00e7e bilimsel kavramlarla aktif olarak etkile\u015fime giriyor ve elektrik de\u015farj\u0131 ve davran\u0131\u015f\u0131 hakk\u0131nda dokunsal bir anlay\u0131\u015f kazan\u0131yor.<\/li><li><strong>\u0130nteraktif \u00f6\u011frenmek:<\/strong> Sergi, uygulamal\u0131, etkile\u015fimli \u00f6\u011frenmeyi te\u015fvik ederek bilimi her ya\u015ftan ziyaret\u00e7i i\u00e7in eri\u015filebilir ve e\u011flenceli hale getiriyor.<\/li><li><strong>Fiziksel Etkile\u015fim:<\/strong> Y\u0131ld\u0131r\u0131m, fiziksel kat\u0131l\u0131m\u0131 te\u015fvik ederek ziyaret\u00e7ilerin plazman\u0131n g\u00fcc\u00fcn\u00fc ve etkilerini hissetmelerine olanak tan\u0131yarak do\u011fal d\u00fcnyayla daha derin bir ba\u011flant\u0131 kurulmas\u0131n\u0131 te\u015fvik ediyor.<\/li><li><strong>Merak i\u00e7in \u0130lham:<\/strong> Sergi, plazmayla s\u00fcr\u00fckleyici bir deneyim sunarak merak uyand\u0131r\u0131yor ve bilimin b\u00fcy\u00fcleyici alan\u0131na daha derin bir ilgiyi te\u015fvik ediyor.<\/li><\/ol>\t\t\t\t\t\t\t\t<\/div>\n\t\t\t\t<\/div>\n\t\t\t\t<div class=\"elementor-element elementor-element-cbc3903 elementor-widget-divider--view-line elementor-widget elementor-widget-divider\" data-id=\"cbc3903\" data-element_type=\"widget\" data-widget_type=\"divider.default\">\n\t\t\t\t<div class=\"elementor-widget-container\">\n\t\t\t\t\t\t\t<div class=\"elementor-divider\">\n\t\t\t<span class=\"elementor-divider-separator\">\n\t\t\t\t\t\t<\/span>\n\t\t<\/div>\n\t\t\t\t\t\t<\/div>\n\t\t\t\t<\/div>\n\t\t\t\t<div class=\"elementor-element elementor-element-2a3d61d elementor-widget elementor-widget-heading\" data-id=\"2a3d61d\" data-element_type=\"widget\" data-widget_type=\"heading.default\">\n\t\t\t\t<div class=\"elementor-widget-container\">\n\t\t\t\t\t<h2 class=\"elementor-heading-title elementor-size-default\">Hedef Ya\u015f<\/h2>\t\t\t\t<\/div>\n\t\t\t\t<\/div>\n\t\t\t\t<div class=\"elementor-element elementor-element-55fb856 elementor-icon-list--layout-traditional elementor-list-item-link-full_width elementor-widget elementor-widget-icon-list\" data-id=\"55fb856\" data-element_type=\"widget\" data-widget_type=\"icon-list.default\">\n\t\t\t\t<div class=\"elementor-widget-container\">\n\t\t\t\t\t\t\t<ul class=\"elementor-icon-list-items\">\n\t\t\t\t\t\t\t<li class=\"elementor-icon-list-item\">\n\t\t\t\t\t\t\t\t\t\t\t<span class=\"elementor-icon-list-icon\">\n\t\t\t\t\t\t\t<i aria-hidden=\"true\" class=\"fas fa-check\"><\/i>\t\t\t\t\t\t<\/span>\n\t\t\t\t\t\t\t\t\t\t<span class=\"elementor-icon-list-text\">Her ya\u015ftan.<\/span>\n\t\t\t\t\t\t\t\t\t<\/li>\n\t\t\t\t\t\t<\/ul>\n\t\t\t\t\t\t<\/div>\n\t\t\t\t<\/div>\n\t\t\t\t<div class=\"elementor-element elementor-element-c7c6e77 elementor-widget-divider--view-line elementor-widget elementor-widget-divider\" data-id=\"c7c6e77\" data-element_type=\"widget\" data-widget_type=\"divider.default\">\n\t\t\t\t<div class=\"elementor-widget-container\">\n\t\t\t\t\t\t\t<div class=\"elementor-divider\">\n\t\t\t<span class=\"elementor-divider-separator\">\n\t\t\t\t\t\t<\/span>\n\t\t<\/div>\n\t\t\t\t\t\t<\/div>\n\t\t\t\t<\/div>\n\t\t\t\t<div class=\"elementor-element elementor-element-b107424 elementor-widget elementor-widget-heading\" data-id=\"b107424\" data-element_type=\"widget\" data-widget_type=\"heading.default\">\n\t\t\t\t<div class=\"elementor-widget-container\">\n\t\t\t\t\t<h2 class=\"elementor-heading-title elementor-size-default\">Uygulanabilir Temalar<\/h2>\t\t\t\t<\/div>\n\t\t\t\t<\/div>\n\t\t\t\t<div class=\"elementor-element elementor-element-50a6a92 elementor-icon-list--layout-traditional elementor-list-item-link-full_width elementor-widget elementor-widget-icon-list\" data-id=\"50a6a92\" data-element_type=\"widget\" data-widget_type=\"icon-list.default\">\n\t\t\t\t<div class=\"elementor-widget-container\">\n\t\t\t\t\t\t\t<ul class=\"elementor-icon-list-items\">\n\t\t\t\t\t\t\t<li class=\"elementor-icon-list-item\">\n\t\t\t\t\t\t\t\t\t\t\t<span class=\"elementor-icon-list-icon\">\n\t\t\t\t\t\t\t<i aria-hidden=\"true\" class=\"fas fa-space-shuttle\"><\/i>\t\t\t\t\t\t<\/span>\n\t\t\t\t\t\t\t\t\t\t<span class=\"elementor-icon-list-text\">Uzay<\/span>\n\t\t\t\t\t\t\t\t\t<\/li>\n\t\t\t\t\t\t<\/ul>\n\t\t\t\t\t\t<\/div>\n\t\t\t\t<\/div>\n\t\t\t\t\t<\/div>\n\t\t<\/div>\n\t\t\t\t\t<\/div>\n\t\t<\/section>\n\t\t\t\t<div class=\"elementor-element elementor-element-b458126 elementor-widget elementor-widget-spacer\" data-id=\"b458126\" data-element_type=\"widget\" data-widget_type=\"spacer.default\">\n\t\t\t\t<div class=\"elementor-widget-container\">\n\t\t\t\t\t\t\t<div class=\"elementor-spacer\">\n\t\t\t<div class=\"elementor-spacer-inner\"><\/div>\n\t\t<\/div>\n\t\t\t\t\t\t<\/div>\n\t\t\t\t<\/div>\n\t\t\t\t\t<\/div>\n\t\t<\/div>\n\t\t\t\t\t<\/div>\n\t\t<\/section>\n\t\t\t\t<\/div>","protected":false},"excerpt":{"rendered":"<p>Lightning Sertek Exhibitions&#039;\u0131n her ya\u015ftan ziyaret\u00e7iyi davet eden dinamik bir yarat\u0131s\u0131 olan Lightning sergisiyle plazman\u0131n b\u00fcy\u00fcleyici g\u00fcc\u00fcn\u00fc a\u00e7\u0131\u011fa \u00e7\u0131kar\u0131n.<\/p>","protected":false},"author":2,"featured_media":0,"parent":0,"menu_order":0,"comment_status":"closed","ping_status":"closed","template":"page-custom.php","meta":{"om_disable_all_campaigns":false,"_monsterinsights_skip_tracking":false,"_monsterinsights_sitenote_active":false,"_monsterinsights_sitenote_note":"","_monsterinsights_sitenote_category":0,"_uf_show_specific_survey":0,"_uf_disable_surveys":false,"footnotes":""},"class_list":["post-4465","page","type-page","status-publish","hentry"],"acf":{"full_width":false,"header_transparent":false,"header_white":false},"aioseo_notices":[],"yoast_head":"<!-- This site is optimized with the Yoast SEO plugin v26.9 - https:\/\/yoast.com\/product\/yoast-seo-wordpress\/ -->\n<title>Lightning Exhibit - Sertek Exhibitions<\/title>\n<meta name=\"robots\" content=\"index, follow, max-snippet:-1, max-image-preview:large, max-video-preview:-1\" \/>\n<link rel=\"canonical\" href=\"https:\/\/sertek.com.tr\/tr\/yildirim-sergisi\/\" \/>\n<meta property=\"og:locale\" content=\"tr_TR\" \/>\n<meta property=\"og:type\" content=\"article\" \/>\n<meta property=\"og:title\" content=\"Lightning Exhibit - Sertek Exhibitions\" \/>\n<meta property=\"og:description\" content=\"Lightning Unleash the captivating power of plasma with the Lightning exhibit, a dynamic creation by Sertek Exhibitions that invites visitors of all ages to [&hellip;]\" \/>\n<meta property=\"og:url\" content=\"https:\/\/sertek.com.tr\/tr\/yildirim-sergisi\/\" \/>\n<meta property=\"og:site_name\" content=\"Sertek Exhibitions\" \/>\n<meta property=\"article:modified_time\" content=\"2023-08-26T12:11:29+00:00\" \/>\n<meta property=\"og:image\" content=\"https:\/\/sertekexhibitions.com\/wp-content\/uploads\/elementor\/thumbs\/20161129_121635-scaled-e1690027661263-q9sd764ygldc3etkkjriiz73f1wfnc3akrqlyjcdc8.jpg\" \/>\n<meta name=\"twitter:card\" content=\"summary_large_image\" \/>\n<meta name=\"twitter:label1\" content=\"Tahmini okuma s\u00fcresi\" \/>\n\t<meta name=\"twitter:data1\" content=\"3 dakika\" \/>\n<script type=\"application\/ld+json\" class=\"yoast-schema-graph\">{\"@context\":\"https:\/\/schema.org\",\"@graph\":[{\"@type\":\"WebPage\",\"@id\":\"https:\/\/sertek.com.tr\/lightning-exhibit\/\",\"url\":\"https:\/\/sertek.com.tr\/lightning-exhibit\/\",\"name\":\"Lightning Exhibit - Sertek Exhibitions\",\"isPartOf\":{\"@id\":\"https:\/\/sertek.com.tr\/en\/#website\"},\"primaryImageOfPage\":{\"@id\":\"https:\/\/sertek.com.tr\/lightning-exhibit\/#primaryimage\"},\"image\":{\"@id\":\"https:\/\/sertek.com.tr\/lightning-exhibit\/#primaryimage\"},\"thumbnailUrl\":\"https:\/\/sertekexhibitions.com\/wp-content\/uploads\/elementor\/thumbs\/20161129_121635-scaled-e1690027661263-q9sd764ygldc3etkkjriiz73f1wfnc3akrqlyjcdc8.jpg\",\"datePublished\":\"2023-07-22T07:24:29+00:00\",\"dateModified\":\"2023-08-26T12:11:29+00:00\",\"breadcrumb\":{\"@id\":\"https:\/\/sertek.com.tr\/lightning-exhibit\/#breadcrumb\"},\"inLanguage\":\"tr\",\"potentialAction\":[{\"@type\":\"ReadAction\",\"target\":[\"https:\/\/sertek.com.tr\/lightning-exhibit\/\"]}]},{\"@type\":\"ImageObject\",\"inLanguage\":\"tr\",\"@id\":\"https:\/\/sertek.com.tr\/lightning-exhibit\/#primaryimage\",\"url\":\"https:\/\/sertekexhibitions.com\/wp-content\/uploads\/elementor\/thumbs\/20161129_121635-scaled-e1690027661263-q9sd764ygldc3etkkjriiz73f1wfnc3akrqlyjcdc8.jpg\",\"contentUrl\":\"https:\/\/sertekexhibitions.com\/wp-content\/uploads\/elementor\/thumbs\/20161129_121635-scaled-e1690027661263-q9sd764ygldc3etkkjriiz73f1wfnc3akrqlyjcdc8.jpg\"},{\"@type\":\"BreadcrumbList\",\"@id\":\"https:\/\/sertek.com.tr\/lightning-exhibit\/#breadcrumb\",\"itemListElement\":[{\"@type\":\"ListItem\",\"position\":1,\"name\":\"Home\",\"item\":\"https:\/\/sertek.com.tr\/\"},{\"@type\":\"ListItem\",\"position\":2,\"name\":\"Lightning Exhibit\"}]},{\"@type\":\"WebSite\",\"@id\":\"https:\/\/sertek.com.tr\/en\/#website\",\"url\":\"https:\/\/sertek.com.tr\/en\/\",\"name\":\"Sertek Exhibitions\",\"description\":\"Sertek Exhibitons\",\"publisher\":{\"@id\":\"https:\/\/sertek.com.tr\/en\/#organization\"},\"potentialAction\":[{\"@type\":\"SearchAction\",\"target\":{\"@type\":\"EntryPoint\",\"urlTemplate\":\"https:\/\/sertek.com.tr\/en\/?s={search_term_string}\"},\"query-input\":{\"@type\":\"PropertyValueSpecification\",\"valueRequired\":true,\"valueName\":\"search_term_string\"}}],\"inLanguage\":\"tr\"},{\"@type\":\"Organization\",\"@id\":\"https:\/\/sertek.com.tr\/en\/#organization\",\"name\":\"Sertek Exhibitions\",\"url\":\"https:\/\/sertek.com.tr\/en\/\",\"logo\":{\"@type\":\"ImageObject\",\"inLanguage\":\"tr\",\"@id\":\"https:\/\/sertek.com.tr\/en\/#\/schema\/logo\/image\/\",\"url\":\"https:\/\/sertek.com.tr\/wp-content\/uploads\/2023\/06\/SertekLogo-1.png\",\"contentUrl\":\"https:\/\/sertek.com.tr\/wp-content\/uploads\/2023\/06\/SertekLogo-1.png\",\"width\":300,\"height\":49,\"caption\":\"Sertek Exhibitions\"},\"image\":{\"@id\":\"https:\/\/sertek.com.tr\/en\/#\/schema\/logo\/image\/\"},\"sameAs\":[\"https:\/\/www.linkedin.com\/company\/sertek-exhibitions\/\"]}]}<\/script>\n<!-- \/ Yoast SEO plugin. -->","yoast_head_json":{"title":"Lightning Exhibit - Sertek Exhibitions","robots":{"index":"index","follow":"follow","max-snippet":"max-snippet:-1","max-image-preview":"max-image-preview:large","max-video-preview":"max-video-preview:-1"},"canonical":"https:\/\/sertek.com.tr\/tr\/yildirim-sergisi\/","og_locale":"tr_TR","og_type":"article","og_title":"Lightning Exhibit - Sertek Exhibitions","og_description":"Lightning Unleash the captivating power of plasma with the Lightning exhibit, a dynamic creation by Sertek Exhibitions that invites visitors of all ages to [&hellip;]","og_url":"https:\/\/sertek.com.tr\/tr\/yildirim-sergisi\/","og_site_name":"Sertek Exhibitions","article_modified_time":"2023-08-26T12:11:29+00:00","og_image":[{"url":"https:\/\/sertekexhibitions.com\/wp-content\/uploads\/elementor\/thumbs\/20161129_121635-scaled-e1690027661263-q9sd764ygldc3etkkjriiz73f1wfnc3akrqlyjcdc8.jpg","type":"","width":"","height":""}],"twitter_card":"summary_large_image","twitter_misc":{"Tahmini okuma s\u00fcresi":"3 dakika"},"schema":{"@context":"https:\/\/schema.org","@graph":[{"@type":"WebPage","@id":"https:\/\/sertek.com.tr\/lightning-exhibit\/","url":"https:\/\/sertek.com.tr\/lightning-exhibit\/","name":"Lightning Exhibit - Sertek Exhibitions","isPartOf":{"@id":"https:\/\/sertek.com.tr\/en\/#website"},"primaryImageOfPage":{"@id":"https:\/\/sertek.com.tr\/lightning-exhibit\/#primaryimage"},"image":{"@id":"https:\/\/sertek.com.tr\/lightning-exhibit\/#primaryimage"},"thumbnailUrl":"https:\/\/sertekexhibitions.com\/wp-content\/uploads\/elementor\/thumbs\/20161129_121635-scaled-e1690027661263-q9sd764ygldc3etkkjriiz73f1wfnc3akrqlyjcdc8.jpg","datePublished":"2023-07-22T07:24:29+00:00","dateModified":"2023-08-26T12:11:29+00:00","breadcrumb":{"@id":"https:\/\/sertek.com.tr\/lightning-exhibit\/#breadcrumb"},"inLanguage":"tr","potentialAction":[{"@type":"ReadAction","target":["https:\/\/sertek.com.tr\/lightning-exhibit\/"]}]},{"@type":"ImageObject","inLanguage":"tr","@id":"https:\/\/sertek.com.tr\/lightning-exhibit\/#primaryimage","url":"https:\/\/sertekexhibitions.com\/wp-content\/uploads\/elementor\/thumbs\/20161129_121635-scaled-e1690027661263-q9sd764ygldc3etkkjriiz73f1wfnc3akrqlyjcdc8.jpg","contentUrl":"https:\/\/sertekexhibitions.com\/wp-content\/uploads\/elementor\/thumbs\/20161129_121635-scaled-e1690027661263-q9sd764ygldc3etkkjriiz73f1wfnc3akrqlyjcdc8.jpg"},{"@type":"BreadcrumbList","@id":"https:\/\/sertek.com.tr\/lightning-exhibit\/#breadcrumb","itemListElement":[{"@type":"ListItem","position":1,"name":"Home","item":"https:\/\/sertek.com.tr\/"},{"@type":"ListItem","position":2,"name":"Lightning Exhibit"}]},{"@type":"WebSite","@id":"https:\/\/sertek.com.tr\/en\/#website","url":"https:\/\/sertek.com.tr\/en\/","name":"Sertek Exhibitions","description":"Sertek Exhibitons","publisher":{"@id":"https:\/\/sertek.com.tr\/en\/#organization"},"potentialAction":[{"@type":"SearchAction","target":{"@type":"EntryPoint","urlTemplate":"https:\/\/sertek.com.tr\/en\/?s={search_term_string}"},"query-input":{"@type":"PropertyValueSpecification","valueRequired":true,"valueName":"search_term_string"}}],"inLanguage":"tr"},{"@type":"Organization","@id":"https:\/\/sertek.com.tr\/en\/#organization","name":"Sertek Exhibitions","url":"https:\/\/sertek.com.tr\/en\/","logo":{"@type":"ImageObject","inLanguage":"tr","@id":"https:\/\/sertek.com.tr\/en\/#\/schema\/logo\/image\/","url":"https:\/\/sertek.com.tr\/wp-content\/uploads\/2023\/06\/SertekLogo-1.png","contentUrl":"https:\/\/sertek.com.tr\/wp-content\/uploads\/2023\/06\/SertekLogo-1.png","width":300,"height":49,"caption":"Sertek Exhibitions"},"image":{"@id":"https:\/\/sertek.com.tr\/en\/#\/schema\/logo\/image\/"},"sameAs":["https:\/\/www.linkedin.com\/company\/sertek-exhibitions\/"]}]}},"jetpack_sharing_enabled":true,"_links":{"self":[{"href":"https:\/\/sertek.com.tr\/tr\/wp-json\/wp\/v2\/pages\/4465","targetHints":{"allow":["GET"]}}],"collection":[{"href":"https:\/\/sertek.com.tr\/tr\/wp-json\/wp\/v2\/pages"}],"about":[{"href":"https:\/\/sertek.com.tr\/tr\/wp-json\/wp\/v2\/types\/page"}],"author":[{"embeddable":true,"href":"https:\/\/sertek.com.tr\/tr\/wp-json\/wp\/v2\/users\/2"}],"replies":[{"embeddable":true,"href":"https:\/\/sertek.com.tr\/tr\/wp-json\/wp\/v2\/comments?post=4465"}],"version-history":[{"count":20,"href":"https:\/\/sertek.com.tr\/tr\/wp-json\/wp\/v2\/pages\/4465\/revisions"}],"predecessor-version":[{"id":6323,"href":"https:\/\/sertek.com.tr\/tr\/wp-json\/wp\/v2\/pages\/4465\/revisions\/6323"}],"wp:attachment":[{"href":"https:\/\/sertek.com.tr\/tr\/wp-json\/wp\/v2\/media?parent=4465"}],"curies":[{"name":"wp","href":"https:\/\/api.w.org\/{rel}","templated":true}]}}