{"id":4475,"date":"2023-07-22T07:32:28","date_gmt":"2023-07-22T07:32:28","guid":{"rendered":"https:\/\/sertekexhibitions.com\/?page_id=4475"},"modified":"2023-11-10T20:49:27","modified_gmt":"2023-11-10T20:49:27","slug":"solar-system-scale-exhibit","status":"publish","type":"page","link":"https:\/\/sertek.com.tr\/tr\/gunes-sistemi-olceginde-sergi\/","title":{"rendered":"G\u00fcne\u015f Sistemi \u00d6l\u00e7ekli Sergi"},"content":{"rendered":"<div data-elementor-type=\"wp-page\" data-elementor-id=\"4475\" class=\"elementor elementor-4475\" data-elementor-settings=\"{&quot;ha_cmc_init_switcher&quot;:&quot;no&quot;}\">\n\t\t\t\t\t\t<section class=\"elementor-section elementor-top-section elementor-element elementor-element-9f5181a elementor-section-boxed elementor-section-height-default elementor-section-height-default\" data-id=\"9f5181a\" data-element_type=\"section\" data-settings=\"{&quot;_ha_eqh_enable&quot;:false}\">\n\t\t\t\t\t\t<div class=\"elementor-container elementor-column-gap-extended\">\n\t\t\t\t\t<div class=\"elementor-column elementor-col-100 elementor-top-column elementor-element elementor-element-e397ea5\" data-id=\"e397ea5\" data-element_type=\"column\">\n\t\t\t<div class=\"elementor-widget-wrap elementor-element-populated\">\n\t\t\t\t\t\t<section class=\"elementor-section elementor-inner-section elementor-element elementor-element-abac089 elementor-section-full_width elementor-section-height-default elementor-section-height-default\" data-id=\"abac089\" data-element_type=\"section\" data-settings=\"{&quot;background_background&quot;:&quot;classic&quot;,&quot;_ha_eqh_enable&quot;:false}\">\n\t\t\t\t\t\t<div class=\"elementor-container elementor-column-gap-wide\">\n\t\t\t\t\t<div class=\"elementor-column elementor-col-50 elementor-inner-column elementor-element elementor-element-29de097 has-sticky-column\" data-id=\"29de097\" data-element_type=\"column\">\n\t\t\t<div class=\"elementor-widget-wrap elementor-element-populated\">\n\t\t\t\t\t\t<div class=\"elementor-element elementor-element-6c85274 elementor-widget elementor-widget-video\" data-id=\"6c85274\" data-element_type=\"widget\" data-settings=\"{&quot;youtube_url&quot;:&quot;https:\\\/\\\/youtu.be\\\/JXi2iUqTxYI&quot;,&quot;video_type&quot;:&quot;youtube&quot;,&quot;controls&quot;:&quot;yes&quot;}\" data-widget_type=\"video.default\">\n\t\t\t\t<div class=\"elementor-widget-container\">\n\t\t\t\t\t\t\t<div class=\"elementor-wrapper elementor-open-inline\">\n\t\t\t<div class=\"elementor-video\"><\/div>\t\t<\/div>\n\t\t\t\t\t\t<\/div>\n\t\t\t\t<\/div>\n\t\t\t\t<div class=\"elementor-element elementor-element-b30d218 elementor-widget__width-inherit elementor-arrows-position-inside elementor-pagination-position-outside elementor-widget elementor-widget-image-carousel\" data-id=\"b30d218\" data-element_type=\"widget\" data-settings=\"{&quot;slides_to_show&quot;:&quot;1&quot;,&quot;navigation&quot;:&quot;both&quot;,&quot;autoplay&quot;:&quot;yes&quot;,&quot;pause_on_hover&quot;:&quot;yes&quot;,&quot;pause_on_interaction&quot;:&quot;yes&quot;,&quot;autoplay_speed&quot;:5000,&quot;infinite&quot;:&quot;yes&quot;,&quot;effect&quot;:&quot;slide&quot;,&quot;speed&quot;:500}\" data-widget_type=\"image-carousel.default\">\n\t\t\t\t<div class=\"elementor-widget-container\">\n\t\t\t\t\t\t\t<div class=\"elementor-image-carousel-wrapper swiper\" role=\"region\" aria-roledescription=\"carousel\" aria-label=\"Resim D\u00f6ng\u00fcs\u00fc\" dir=\"ltr\">\n\t\t\t<div class=\"elementor-image-carousel swiper-wrapper\" aria-live=\"off\">\n\t\t\t\t\t\t\t\t<div class=\"swiper-slide\" role=\"group\" aria-roledescription=\"slide\" aria-label=\"1 \/ 2\"><figure class=\"swiper-slide-inner\"><img decoding=\"async\" class=\"swiper-slide-image\" src=\"https:\/\/sertek.com.tr\/wp-content\/uploads\/elementor\/thumbs\/IMG_1444-qbxm8n3ihmn2f4lwuvk7kokn4bmnk7ifg8sfue65xk.png\" alt=\"g\u00fcne\u015f \u00f6l\u00e7e\u011finde sergi\" \/><\/figure><\/div><div class=\"swiper-slide\" role=\"group\" aria-roledescription=\"slide\" aria-label=\"2 \/ 2\"><figure class=\"swiper-slide-inner\"><img decoding=\"async\" class=\"swiper-slide-image\" src=\"https:\/\/sertek.com.tr\/wp-content\/uploads\/elementor\/thumbs\/weight_scale-qbxm8n3ihmn2f4lwuvk7kokn4bmnk7ifg8sfue65xk.jpeg\" alt=\"g\u00fcne\u015f enerjili a\u011f\u0131rl\u0131k \u00f6l\u00e7e\u011fi sergisi\" \/><\/figure><\/div>\t\t\t<\/div>\n\t\t\t\t\t\t\t\t\t\t\t\t<div class=\"elementor-swiper-button elementor-swiper-button-prev\" role=\"button\" tabindex=\"0\">\n\t\t\t\t\t\t<i aria-hidden=\"true\" class=\"eicon-chevron-left\"><\/i>\t\t\t\t\t<\/div>\n\t\t\t\t\t<div class=\"elementor-swiper-button elementor-swiper-button-next\" role=\"button\" tabindex=\"0\">\n\t\t\t\t\t\t<i aria-hidden=\"true\" class=\"eicon-chevron-right\"><\/i>\t\t\t\t\t<\/div>\n\t\t\t\t\n\t\t\t\t\t\t\t\t\t<div class=\"swiper-pagination\"><\/div>\n\t\t\t\t\t\t\t\t\t<\/div>\n\t\t\t\t\t\t<\/div>\n\t\t\t\t<\/div>\n\t\t\t\t\t<\/div>\n\t\t<\/div>\n\t\t\t\t<div class=\"elementor-column elementor-col-50 elementor-inner-column elementor-element elementor-element-a000849\" data-id=\"a000849\" data-element_type=\"column\">\n\t\t\t<div class=\"elementor-widget-wrap elementor-element-populated\">\n\t\t\t\t\t\t<div class=\"elementor-element elementor-element-f05013c elementor-widget elementor-widget-heading\" data-id=\"f05013c\" data-element_type=\"widget\" data-widget_type=\"heading.default\">\n\t\t\t\t<div class=\"elementor-widget-container\">\n\t\t\t\t\t<h1 class=\"elementor-heading-title elementor-size-default\">G\u00fcne\u015f Sistemi A\u011f\u0131rl\u0131k \u00d6l\u00e7e\u011fi Sergisi<\/h1>\t\t\t\t<\/div>\n\t\t\t\t<\/div>\n\t\t\t\t<div class=\"elementor-element elementor-element-8f359e2 elementor-widget elementor-widget-text-editor\" data-id=\"8f359e2\" data-element_type=\"widget\" data-widget_type=\"text-editor.default\">\n\t\t\t\t<div class=\"elementor-widget-container\">\n\t\t\t\t\t\t\t\t\t<p>G\u00fcne\u015f Sistemi \u00d6l\u00e7e\u011fi Sergisi, gezegensel yer\u00e7ekiminin gizemlerini canland\u0131rarak ziyaret\u00e7ilere g\u00fcne\u015f sistemimizi \u015fekillendiren kuvvetler hakk\u0131nda elle tutulur ve kar\u015f\u0131la\u015ft\u0131rmal\u0131 bir deneyim sunuyor. Sergi, teknoloji ve e\u011fitimin ustaca bir birle\u015fimi. Ziyaret\u00e7ileri elektronik bir teraziye \u00e7\u0131k\u0131p g\u00fcne\u015f sistemimizdeki gezegenlerin farkl\u0131 yer\u00e7ekimsel \u00e7ekimlerini ke\u015ffetmeye davet ediyor. Sizi g\u00fcne\u015f sistemimizdeki \u00e7e\u015fitli gezegenlere g\u00f6t\u00fcren elektronik bir teraziye \u00e7\u0131k\u0131n. Bu, farkl\u0131 yer\u00e7ekimi kuvvetlerini ilk elden hissetmenizi sa\u011flar.<\/p>\t\t\t\t\t\t\t\t<\/div>\n\t\t\t\t<\/div>\n\t\t\t\t<div class=\"elementor-element elementor-element-42dd054 elementor-widget-divider--view-line elementor-widget elementor-widget-divider\" data-id=\"42dd054\" data-element_type=\"widget\" data-widget_type=\"divider.default\">\n\t\t\t\t<div class=\"elementor-widget-container\">\n\t\t\t\t\t\t\t<div class=\"elementor-divider\">\n\t\t\t<span class=\"elementor-divider-separator\">\n\t\t\t\t\t\t<\/span>\n\t\t<\/div>\n\t\t\t\t\t\t<\/div>\n\t\t\t\t<\/div>\n\t\t\t\t<div class=\"elementor-element elementor-element-e0a8545 elementor-widget elementor-widget-heading\" data-id=\"e0a8545\" data-element_type=\"widget\" data-widget_type=\"heading.default\">\n\t\t\t\t<div class=\"elementor-widget-container\">\n\t\t\t\t\t<h2 class=\"elementor-heading-title elementor-size-default\">Ziyaret\u00e7i Deneyimi<\/h2>\t\t\t\t<\/div>\n\t\t\t\t<\/div>\n\t\t\t\t<div class=\"elementor-element elementor-element-2a9a991 elementor-widget elementor-widget-text-editor\" data-id=\"2a9a991\" data-element_type=\"widget\" data-widget_type=\"text-editor.default\">\n\t\t\t\t<div class=\"elementor-widget-container\">\n\t\t\t\t\t\t\t\t\t<p>Ziyaret\u00e7iler G\u00fcne\u015f Sistemi \u00d6l\u00e7e\u011fi Sergisi&#039;nin elektronik terazisine ad\u0131m att\u0131klar\u0131nda, ekranlar arac\u0131l\u0131\u011f\u0131yla farkl\u0131 gezegenlerin y\u00fczeylerine ta\u015f\u0131n\u0131rlar. A\u011f\u0131rl\u0131klar\u0131n\u0131 ve astronotun s\u0131\u00e7rama y\u00fcksekli\u011fini g\u00f6zlemleyerek, yer \u00e7ekiminin g\u00fcne\u015f sistemimizde nas\u0131l farkl\u0131la\u015ft\u0131\u011f\u0131na dair i\u00e7g\u00fcd\u00fcsel bir anlay\u0131\u015f kazan\u0131rlar.<\/p><p>Sergi, geleneksel g\u00f6sterimlerin \u00f6tesine ge\u00e7erek evrenimizdeki temel g\u00fc\u00e7leri kavramak i\u00e7in s\u00fcr\u00fckleyici ve etkile\u015fimli bir yol sunuyor. Di\u011fer gezegenlerin ko\u015fullar\u0131n\u0131 ve bunlar\u0131n kendi D\u00fcnya deneyimimizle nas\u0131l ili\u015fkili oldu\u011funu d\u00fc\u015f\u00fcnmek i\u00e7in e\u015fsiz bir f\u0131rsat sunuyor.<\/p>\t\t\t\t\t\t\t\t<\/div>\n\t\t\t\t<\/div>\n\t\t\t\t<div class=\"elementor-element elementor-element-0e0e9d8 elementor-widget-divider--view-line elementor-widget elementor-widget-divider\" data-id=\"0e0e9d8\" data-element_type=\"widget\" data-widget_type=\"divider.default\">\n\t\t\t\t<div class=\"elementor-widget-container\">\n\t\t\t\t\t\t\t<div class=\"elementor-divider\">\n\t\t\t<span class=\"elementor-divider-separator\">\n\t\t\t\t\t\t<\/span>\n\t\t<\/div>\n\t\t\t\t\t\t<\/div>\n\t\t\t\t<\/div>\n\t\t\t\t<div class=\"elementor-element elementor-element-f8df5db elementor-widget elementor-widget-heading\" data-id=\"f8df5db\" data-element_type=\"widget\" data-widget_type=\"heading.default\">\n\t\t\t\t<div class=\"elementor-widget-container\">\n\t\t\t\t\t<h2 class=\"elementor-heading-title elementor-size-default\">\u00d6ne \u00c7\u0131kan \u00d6zellikler<\/h2>\t\t\t\t<\/div>\n\t\t\t\t<\/div>\n\t\t\t\t<div class=\"elementor-element elementor-element-02ff77e elementor-widget elementor-widget-text-editor\" data-id=\"02ff77e\" data-element_type=\"widget\" data-widget_type=\"text-editor.default\">\n\t\t\t\t<div class=\"elementor-widget-container\">\n\t\t\t\t\t\t\t\t\t<ol><li><p><strong>Gezegensel \u00c7ekim:<\/strong> Yer\u00e7ekimi kavram\u0131n\u0131 elle tutulur bir d\u00fczeyde ke\u015ffedin. Yer\u00e7ekimi kuvvetlerinin g\u00fcne\u015f sistemimizdeki gezegenler aras\u0131nda nas\u0131l farkl\u0131la\u015ft\u0131\u011f\u0131n\u0131 ve nesnelerin ve bireylerin a\u011f\u0131rl\u0131\u011f\u0131n\u0131 nas\u0131l etkiledi\u011fini anlay\u0131n.<\/p><\/li><li><p><a href=\"https:\/\/www.britannica.com\/science\/gravity-physics\/Interaction-between-celestial-bodies\" target=\"_blank\" rel=\"noopener\"><strong>Kar\u015f\u0131la\u015ft\u0131rmal\u0131 G\u00f6ksel Kuvvetler:<\/strong> <\/a>Farkl\u0131 gezegenlerde farkl\u0131 yer\u00e7ekimi seviyelerine katk\u0131da bulunan fakt\u00f6rler hakk\u0131nda fikir edinin. K\u00fctle ve yar\u0131\u00e7ap gibi fakt\u00f6rlerin her g\u00f6k cismi \u00fczerinde deneyimlenen yer\u00e7ekimi \u00e7ekimini nas\u0131l belirledi\u011fini \u00f6\u011frenin.<\/p><\/li><li><p><strong>\u0130nsan Hareketi \u00dczerindeki Etkisi:<\/strong> Her ekranda astronotlar\u0131n yer \u00e7ekiminin hareketlerini nas\u0131l etkiledi\u011fini g\u00f6steren bir animasyona tan\u0131k olun. Bir astronotun z\u0131plama y\u00fcksekli\u011finin bir gezegenin yer \u00e7ekimi kuvvetine dair nas\u0131l fikir verdi\u011fini \u00f6\u011frenin.<\/p><\/li><li><p><strong>Ger\u00e7ek\u00e7i Gezegen Ortamlar\u0131:<\/strong> Yer\u00e7ekimindeki farkl\u0131l\u0131klar\u0131n farkl\u0131 gezegenlerdeki ortamlar\u0131 ve ko\u015fullar\u0131 nas\u0131l \u015fekillendirdi\u011fini anlay\u0131n. Ya\u015fam\u0131n daha g\u00fc\u00e7l\u00fc veya daha zay\u0131f yer\u00e7ekimi kuvvetlerine sahip yerlerde nas\u0131l farkl\u0131la\u015fabilece\u011fine dair bir bak\u0131\u015f a\u00e7\u0131s\u0131 kazan\u0131n.<\/p><\/li><li><p><strong>E\u011fitimsel Kat\u0131l\u0131m:<\/strong> G\u00f6k cisimlerinde yer \u00e7ekiminin rol\u00fcn\u00fcn ard\u0131ndaki mekani\u011fi ke\u015ffedin. Gezegensel ko\u015fullar, uzay ke\u015ffi ve yer \u00e7ekiminin y\u00f6r\u00fcngedeki uydulardan ay ini\u015flerine kadar her \u015feyi nas\u0131l etkiledi\u011fi hakk\u0131nda fikir edinin.<\/p><\/li><\/ol>\t\t\t\t\t\t\t\t<\/div>\n\t\t\t\t<\/div>\n\t\t\t\t<div class=\"elementor-element elementor-element-dc146e4 elementor-widget-divider--view-line elementor-widget elementor-widget-divider\" data-id=\"dc146e4\" data-element_type=\"widget\" data-widget_type=\"divider.default\">\n\t\t\t\t<div class=\"elementor-widget-container\">\n\t\t\t\t\t\t\t<div class=\"elementor-divider\">\n\t\t\t<span class=\"elementor-divider-separator\">\n\t\t\t\t\t\t<\/span>\n\t\t<\/div>\n\t\t\t\t\t\t<\/div>\n\t\t\t\t<\/div>\n\t\t\t\t<div class=\"elementor-element elementor-element-592f770 elementor-widget elementor-widget-heading\" data-id=\"592f770\" data-element_type=\"widget\" data-widget_type=\"heading.default\">\n\t\t\t\t<div class=\"elementor-widget-container\">\n\t\t\t\t\t<h2 class=\"elementor-heading-title elementor-size-default\">Hedef Ya\u015f<\/h2>\t\t\t\t<\/div>\n\t\t\t\t<\/div>\n\t\t\t\t<div class=\"elementor-element elementor-element-6393bfc elementor-icon-list--layout-traditional elementor-list-item-link-full_width elementor-widget elementor-widget-icon-list\" data-id=\"6393bfc\" data-element_type=\"widget\" data-widget_type=\"icon-list.default\">\n\t\t\t\t<div class=\"elementor-widget-container\">\n\t\t\t\t\t\t\t<ul class=\"elementor-icon-list-items\">\n\t\t\t\t\t\t\t<li class=\"elementor-icon-list-item\">\n\t\t\t\t\t\t\t\t\t\t\t<span class=\"elementor-icon-list-icon\">\n\t\t\t\t\t\t\t<i aria-hidden=\"true\" class=\"fas fa-check\"><\/i>\t\t\t\t\t\t<\/span>\n\t\t\t\t\t\t\t\t\t\t<span class=\"elementor-icon-list-text\">Her ya\u015ftan.<\/span>\n\t\t\t\t\t\t\t\t\t<\/li>\n\t\t\t\t\t\t<\/ul>\n\t\t\t\t\t\t<\/div>\n\t\t\t\t<\/div>\n\t\t\t\t<div class=\"elementor-element elementor-element-7894e68 elementor-widget-divider--view-line elementor-widget elementor-widget-divider\" data-id=\"7894e68\" data-element_type=\"widget\" data-widget_type=\"divider.default\">\n\t\t\t\t<div class=\"elementor-widget-container\">\n\t\t\t\t\t\t\t<div class=\"elementor-divider\">\n\t\t\t<span class=\"elementor-divider-separator\">\n\t\t\t\t\t\t<\/span>\n\t\t<\/div>\n\t\t\t\t\t\t<\/div>\n\t\t\t\t<\/div>\n\t\t\t\t<div class=\"elementor-element elementor-element-0a72aa2 elementor-widget elementor-widget-heading\" data-id=\"0a72aa2\" data-element_type=\"widget\" data-widget_type=\"heading.default\">\n\t\t\t\t<div class=\"elementor-widget-container\">\n\t\t\t\t\t<h2 class=\"elementor-heading-title elementor-size-default\">Uygulanabilir Temalar<\/h2>\t\t\t\t<\/div>\n\t\t\t\t<\/div>\n\t\t\t\t<div class=\"elementor-element elementor-element-57f0698 elementor-icon-list--layout-traditional elementor-list-item-link-full_width elementor-widget elementor-widget-icon-list\" data-id=\"57f0698\" data-element_type=\"widget\" data-widget_type=\"icon-list.default\">\n\t\t\t\t<div class=\"elementor-widget-container\">\n\t\t\t\t\t\t\t<ul class=\"elementor-icon-list-items\">\n\t\t\t\t\t\t\t<li class=\"elementor-icon-list-item\">\n\t\t\t\t\t\t\t\t\t\t\t<a href=\"https:\/\/sertek.com.tr\/tr\/uzay-temali-sergiler\/\">\n\n\t\t\t\t\t\t\t\t\t\t\t\t<span class=\"elementor-icon-list-icon\">\n\t\t\t\t\t\t\t<i aria-hidden=\"true\" class=\"fas fa-space-shuttle\"><\/i>\t\t\t\t\t\t<\/span>\n\t\t\t\t\t\t\t\t\t\t<span class=\"elementor-icon-list-text\">Uzay<\/span>\n\t\t\t\t\t\t\t\t\t\t\t<\/a>\n\t\t\t\t\t\t\t\t\t<\/li>\n\t\t\t\t\t\t<\/ul>\n\t\t\t\t\t\t<\/div>\n\t\t\t\t<\/div>\n\t\t\t\t\t<\/div>\n\t\t<\/div>\n\t\t\t\t\t<\/div>\n\t\t<\/section>\n\t\t\t\t<div class=\"elementor-element elementor-element-b458126 elementor-widget elementor-widget-spacer\" data-id=\"b458126\" data-element_type=\"widget\" data-widget_type=\"spacer.default\">\n\t\t\t\t<div class=\"elementor-widget-container\">\n\t\t\t\t\t\t\t<div class=\"elementor-spacer\">\n\t\t\t<div class=\"elementor-spacer-inner\"><\/div>\n\t\t<\/div>\n\t\t\t\t\t\t<\/div>\n\t\t\t\t<\/div>\n\t\t\t\t\t<\/div>\n\t\t<\/div>\n\t\t\t\t\t<\/div>\n\t\t<\/section>\n\t\t\t\t<\/div>","protected":false},"excerpt":{"rendered":"<p>G\u00fcne\u015f Sistemi A\u011f\u0131rl\u0131k \u00d6l\u00e7e\u011fi Sergisi G\u00fcne\u015f Sistemi A\u011f\u0131rl\u0131k \u00d6l\u00e7e\u011fi Sergisi, gezegensel yer\u00e7ekiminin gizemlerini canland\u0131rarak ziyaret\u00e7ilere elle tutulur ve kar\u015f\u0131la\u015ft\u0131rmal\u0131 bir deneyim sunuyor [\u2026]<\/p>","protected":false},"author":2,"featured_media":4692,"parent":0,"menu_order":0,"comment_status":"closed","ping_status":"closed","template":"page-custom.php","meta":{"om_disable_all_campaigns":false,"_monsterinsights_skip_tracking":false,"_monsterinsights_sitenote_active":false,"_monsterinsights_sitenote_note":"","_monsterinsights_sitenote_category":0,"_uf_show_specific_survey":0,"_uf_disable_surveys":false,"footnotes":""},"class_list":["post-4475","page","type-page","status-publish","has-post-thumbnail","hentry"],"acf":{"full_width":false,"header_transparent":false,"header_white":false},"aioseo_notices":[],"yoast_head":"<!-- This site is optimized with the Yoast SEO plugin v26.9 - https:\/\/yoast.com\/product\/yoast-seo-wordpress\/ -->\n<title>Solar System Scale Exhibit - Sertek Exhibitions<\/title>\n<meta name=\"description\" content=\"The Solar System Scale Exhibit offers visitors a tangible and comparative experience of the forces shaping our solar system.\" \/>\n<meta name=\"robots\" content=\"index, follow, max-snippet:-1, max-image-preview:large, max-video-preview:-1\" \/>\n<link rel=\"canonical\" href=\"https:\/\/sertek.com.tr\/tr\/gunes-sistemi-olceginde-sergi\/\" \/>\n<meta property=\"og:locale\" content=\"tr_TR\" \/>\n<meta property=\"og:type\" content=\"article\" \/>\n<meta property=\"og:title\" content=\"Solar System Scale Exhibit - Sertek Exhibitions\" \/>\n<meta property=\"og:description\" content=\"The Solar System Scale Exhibit offers visitors a tangible and comparative experience of the forces shaping our solar system.\" \/>\n<meta property=\"og:url\" content=\"https:\/\/sertek.com.tr\/tr\/gunes-sistemi-olceginde-sergi\/\" \/>\n<meta property=\"og:site_name\" content=\"Sertek Exhibitions\" \/>\n<meta property=\"article:modified_time\" content=\"2023-11-10T20:49:27+00:00\" \/>\n<meta property=\"og:image\" content=\"https:\/\/sertek.com.tr\/wp-content\/uploads\/2023\/07\/IMG_1444-1024x768.png\" \/>\n\t<meta property=\"og:image:width\" content=\"1024\" \/>\n\t<meta property=\"og:image:height\" content=\"768\" \/>\n\t<meta property=\"og:image:type\" content=\"image\/png\" \/>\n<meta name=\"twitter:card\" content=\"summary_large_image\" \/>\n<meta name=\"twitter:label1\" content=\"Tahmini okuma s\u00fcresi\" \/>\n\t<meta name=\"twitter:data1\" content=\"2 dakika\" \/>\n<script type=\"application\/ld+json\" class=\"yoast-schema-graph\">{\"@context\":\"https:\/\/schema.org\",\"@graph\":[{\"@type\":\"WebPage\",\"@id\":\"https:\/\/sertek.com.tr\/solar-system-scale-exhibit\/\",\"url\":\"https:\/\/sertek.com.tr\/solar-system-scale-exhibit\/\",\"name\":\"Solar System Scale Exhibit - Sertek Exhibitions\",\"isPartOf\":{\"@id\":\"https:\/\/sertek.com.tr\/en\/#website\"},\"primaryImageOfPage\":{\"@id\":\"https:\/\/sertek.com.tr\/solar-system-scale-exhibit\/#primaryimage\"},\"image\":{\"@id\":\"https:\/\/sertek.com.tr\/solar-system-scale-exhibit\/#primaryimage\"},\"thumbnailUrl\":\"https:\/\/sertek.com.tr\/wp-content\/uploads\/2023\/07\/IMG_1444.png\",\"datePublished\":\"2023-07-22T07:32:28+00:00\",\"dateModified\":\"2023-11-10T20:49:27+00:00\",\"description\":\"The Solar System Scale Exhibit offers visitors a tangible and comparative experience of the forces shaping our solar system.\",\"breadcrumb\":{\"@id\":\"https:\/\/sertek.com.tr\/solar-system-scale-exhibit\/#breadcrumb\"},\"inLanguage\":\"tr\",\"potentialAction\":[{\"@type\":\"ReadAction\",\"target\":[\"https:\/\/sertek.com.tr\/solar-system-scale-exhibit\/\"]}]},{\"@type\":\"ImageObject\",\"inLanguage\":\"tr\",\"@id\":\"https:\/\/sertek.com.tr\/solar-system-scale-exhibit\/#primaryimage\",\"url\":\"https:\/\/sertek.com.tr\/wp-content\/uploads\/2023\/07\/IMG_1444.png\",\"contentUrl\":\"https:\/\/sertek.com.tr\/wp-content\/uploads\/2023\/07\/IMG_1444.png\",\"width\":4032,\"height\":3024,\"caption\":\"solar scale exhibit\"},{\"@type\":\"BreadcrumbList\",\"@id\":\"https:\/\/sertek.com.tr\/solar-system-scale-exhibit\/#breadcrumb\",\"itemListElement\":[{\"@type\":\"ListItem\",\"position\":1,\"name\":\"Home\",\"item\":\"https:\/\/sertek.com.tr\/\"},{\"@type\":\"ListItem\",\"position\":2,\"name\":\"Solar System Scale Exhibit\"}]},{\"@type\":\"WebSite\",\"@id\":\"https:\/\/sertek.com.tr\/en\/#website\",\"url\":\"https:\/\/sertek.com.tr\/en\/\",\"name\":\"Sertek Exhibitions\",\"description\":\"Sertek Exhibitons\",\"publisher\":{\"@id\":\"https:\/\/sertek.com.tr\/en\/#organization\"},\"potentialAction\":[{\"@type\":\"SearchAction\",\"target\":{\"@type\":\"EntryPoint\",\"urlTemplate\":\"https:\/\/sertek.com.tr\/en\/?s={search_term_string}\"},\"query-input\":{\"@type\":\"PropertyValueSpecification\",\"valueRequired\":true,\"valueName\":\"search_term_string\"}}],\"inLanguage\":\"tr\"},{\"@type\":\"Organization\",\"@id\":\"https:\/\/sertek.com.tr\/en\/#organization\",\"name\":\"Sertek Exhibitions\",\"url\":\"https:\/\/sertek.com.tr\/en\/\",\"logo\":{\"@type\":\"ImageObject\",\"inLanguage\":\"tr\",\"@id\":\"https:\/\/sertek.com.tr\/en\/#\/schema\/logo\/image\/\",\"url\":\"https:\/\/sertek.com.tr\/wp-content\/uploads\/2023\/06\/SertekLogo-1.png\",\"contentUrl\":\"https:\/\/sertek.com.tr\/wp-content\/uploads\/2023\/06\/SertekLogo-1.png\",\"width\":300,\"height\":49,\"caption\":\"Sertek Exhibitions\"},\"image\":{\"@id\":\"https:\/\/sertek.com.tr\/en\/#\/schema\/logo\/image\/\"},\"sameAs\":[\"https:\/\/www.linkedin.com\/company\/sertek-exhibitions\/\"]}]}<\/script>\n<!-- \/ Yoast SEO plugin. -->","yoast_head_json":{"title":"Solar System Scale Exhibit - Sertek Exhibitions","description":"The Solar System Scale Exhibit offers visitors a tangible and comparative experience of the forces shaping our solar system.","robots":{"index":"index","follow":"follow","max-snippet":"max-snippet:-1","max-image-preview":"max-image-preview:large","max-video-preview":"max-video-preview:-1"},"canonical":"https:\/\/sertek.com.tr\/tr\/gunes-sistemi-olceginde-sergi\/","og_locale":"tr_TR","og_type":"article","og_title":"Solar System Scale Exhibit - Sertek Exhibitions","og_description":"The Solar System Scale Exhibit offers visitors a tangible and comparative experience of the forces shaping our solar system.","og_url":"https:\/\/sertek.com.tr\/tr\/gunes-sistemi-olceginde-sergi\/","og_site_name":"Sertek Exhibitions","article_modified_time":"2023-11-10T20:49:27+00:00","og_image":[{"width":1024,"height":768,"url":"https:\/\/sertek.com.tr\/wp-content\/uploads\/2023\/07\/IMG_1444-1024x768.png","type":"image\/png"}],"twitter_card":"summary_large_image","twitter_misc":{"Tahmini okuma s\u00fcresi":"2 dakika"},"schema":{"@context":"https:\/\/schema.org","@graph":[{"@type":"WebPage","@id":"https:\/\/sertek.com.tr\/solar-system-scale-exhibit\/","url":"https:\/\/sertek.com.tr\/solar-system-scale-exhibit\/","name":"Solar System Scale Exhibit - Sertek Exhibitions","isPartOf":{"@id":"https:\/\/sertek.com.tr\/en\/#website"},"primaryImageOfPage":{"@id":"https:\/\/sertek.com.tr\/solar-system-scale-exhibit\/#primaryimage"},"image":{"@id":"https:\/\/sertek.com.tr\/solar-system-scale-exhibit\/#primaryimage"},"thumbnailUrl":"https:\/\/sertek.com.tr\/wp-content\/uploads\/2023\/07\/IMG_1444.png","datePublished":"2023-07-22T07:32:28+00:00","dateModified":"2023-11-10T20:49:27+00:00","description":"The Solar System Scale Exhibit offers visitors a tangible and comparative experience of the forces shaping our solar system.","breadcrumb":{"@id":"https:\/\/sertek.com.tr\/solar-system-scale-exhibit\/#breadcrumb"},"inLanguage":"tr","potentialAction":[{"@type":"ReadAction","target":["https:\/\/sertek.com.tr\/solar-system-scale-exhibit\/"]}]},{"@type":"ImageObject","inLanguage":"tr","@id":"https:\/\/sertek.com.tr\/solar-system-scale-exhibit\/#primaryimage","url":"https:\/\/sertek.com.tr\/wp-content\/uploads\/2023\/07\/IMG_1444.png","contentUrl":"https:\/\/sertek.com.tr\/wp-content\/uploads\/2023\/07\/IMG_1444.png","width":4032,"height":3024,"caption":"solar scale exhibit"},{"@type":"BreadcrumbList","@id":"https:\/\/sertek.com.tr\/solar-system-scale-exhibit\/#breadcrumb","itemListElement":[{"@type":"ListItem","position":1,"name":"Home","item":"https:\/\/sertek.com.tr\/"},{"@type":"ListItem","position":2,"name":"Solar System Scale Exhibit"}]},{"@type":"WebSite","@id":"https:\/\/sertek.com.tr\/en\/#website","url":"https:\/\/sertek.com.tr\/en\/","name":"Sertek Exhibitions","description":"Sertek Exhibitons","publisher":{"@id":"https:\/\/sertek.com.tr\/en\/#organization"},"potentialAction":[{"@type":"SearchAction","target":{"@type":"EntryPoint","urlTemplate":"https:\/\/sertek.com.tr\/en\/?s={search_term_string}"},"query-input":{"@type":"PropertyValueSpecification","valueRequired":true,"valueName":"search_term_string"}}],"inLanguage":"tr"},{"@type":"Organization","@id":"https:\/\/sertek.com.tr\/en\/#organization","name":"Sertek Exhibitions","url":"https:\/\/sertek.com.tr\/en\/","logo":{"@type":"ImageObject","inLanguage":"tr","@id":"https:\/\/sertek.com.tr\/en\/#\/schema\/logo\/image\/","url":"https:\/\/sertek.com.tr\/wp-content\/uploads\/2023\/06\/SertekLogo-1.png","contentUrl":"https:\/\/sertek.com.tr\/wp-content\/uploads\/2023\/06\/SertekLogo-1.png","width":300,"height":49,"caption":"Sertek Exhibitions"},"image":{"@id":"https:\/\/sertek.com.tr\/en\/#\/schema\/logo\/image\/"},"sameAs":["https:\/\/www.linkedin.com\/company\/sertek-exhibitions\/"]}]}},"jetpack_sharing_enabled":true,"_links":{"self":[{"href":"https:\/\/sertek.com.tr\/tr\/wp-json\/wp\/v2\/pages\/4475","targetHints":{"allow":["GET"]}}],"collection":[{"href":"https:\/\/sertek.com.tr\/tr\/wp-json\/wp\/v2\/pages"}],"about":[{"href":"https:\/\/sertek.com.tr\/tr\/wp-json\/wp\/v2\/types\/page"}],"author":[{"embeddable":true,"href":"https:\/\/sertek.com.tr\/tr\/wp-json\/wp\/v2\/users\/2"}],"replies":[{"embeddable":true,"href":"https:\/\/sertek.com.tr\/tr\/wp-json\/wp\/v2\/comments?post=4475"}],"version-history":[{"count":20,"href":"https:\/\/sertek.com.tr\/tr\/wp-json\/wp\/v2\/pages\/4475\/revisions"}],"predecessor-version":[{"id":7291,"href":"https:\/\/sertek.com.tr\/tr\/wp-json\/wp\/v2\/pages\/4475\/revisions\/7291"}],"wp:featuredmedia":[{"embeddable":true,"href":"https:\/\/sertek.com.tr\/tr\/wp-json\/wp\/v2\/media\/4692"}],"wp:attachment":[{"href":"https:\/\/sertek.com.tr\/tr\/wp-json\/wp\/v2\/media?parent=4475"}],"curies":[{"name":"wp","href":"https:\/\/api.w.org\/{rel}","templated":true}]}}