{"id":4505,"date":"2023-07-22T07:47:11","date_gmt":"2023-07-22T07:47:11","guid":{"rendered":"https:\/\/sertekexhibitions.com\/?page_id=4505"},"modified":"2023-10-04T20:15:34","modified_gmt":"2023-10-04T20:15:34","slug":"gears-exhibit","status":"publish","type":"page","link":"https:\/\/sertek.com.tr\/tr\/disliler-sergi\/","title":{"rendered":"Di\u015fliler Sergisi"},"content":{"rendered":"<div data-elementor-type=\"wp-page\" data-elementor-id=\"4505\" class=\"elementor elementor-4505\" data-elementor-settings=\"{&quot;ha_cmc_init_switcher&quot;:&quot;no&quot;}\">\n\t\t\t\t\t\t<section class=\"elementor-section elementor-top-section elementor-element elementor-element-9f5181a elementor-section-boxed elementor-section-height-default elementor-section-height-default\" data-id=\"9f5181a\" data-element_type=\"section\" data-settings=\"{&quot;_ha_eqh_enable&quot;:false}\">\n\t\t\t\t\t\t<div class=\"elementor-container elementor-column-gap-extended\">\n\t\t\t\t\t<div class=\"elementor-column elementor-col-100 elementor-top-column elementor-element elementor-element-e397ea5\" data-id=\"e397ea5\" data-element_type=\"column\">\n\t\t\t<div class=\"elementor-widget-wrap elementor-element-populated\">\n\t\t\t\t\t\t<section class=\"elementor-section elementor-inner-section elementor-element elementor-element-5b053f6 elementor-section-full_width elementor-section-height-default elementor-section-height-default\" data-id=\"5b053f6\" data-element_type=\"section\" data-settings=\"{&quot;background_background&quot;:&quot;classic&quot;,&quot;_ha_eqh_enable&quot;:false}\">\n\t\t\t\t\t\t<div class=\"elementor-container elementor-column-gap-wide\">\n\t\t\t\t\t<div class=\"elementor-column elementor-col-50 elementor-inner-column elementor-element elementor-element-1a889d5 has-sticky-column\" data-id=\"1a889d5\" data-element_type=\"column\">\n\t\t\t<div class=\"elementor-widget-wrap elementor-element-populated\">\n\t\t\t\t\t\t<div class=\"elementor-element elementor-element-96483f7 elementor-widget__width-inherit elementor-arrows-position-inside elementor-pagination-position-outside elementor-widget elementor-widget-image-carousel\" data-id=\"96483f7\" data-element_type=\"widget\" data-settings=\"{&quot;slides_to_show&quot;:&quot;1&quot;,&quot;navigation&quot;:&quot;both&quot;,&quot;autoplay&quot;:&quot;yes&quot;,&quot;pause_on_hover&quot;:&quot;yes&quot;,&quot;pause_on_interaction&quot;:&quot;yes&quot;,&quot;autoplay_speed&quot;:5000,&quot;infinite&quot;:&quot;yes&quot;,&quot;effect&quot;:&quot;slide&quot;,&quot;speed&quot;:500}\" data-widget_type=\"image-carousel.default\">\n\t\t\t\t<div class=\"elementor-widget-container\">\n\t\t\t\t\t\t\t<div class=\"elementor-image-carousel-wrapper swiper\" role=\"region\" aria-roledescription=\"carousel\" aria-label=\"Resim D\u00f6ng\u00fcs\u00fc\" dir=\"ltr\">\n\t\t\t<div class=\"elementor-image-carousel swiper-wrapper\" aria-live=\"off\">\n\t\t\t\t\t\t\t\t<div class=\"swiper-slide\" role=\"group\" aria-roledescription=\"slide\" aria-label=\"1 \/ 2\"><figure class=\"swiper-slide-inner\"><img decoding=\"async\" class=\"swiper-slide-image\" src=\"https:\/\/sertek.com.tr\/wp-content\/uploads\/elementor\/thumbs\/mechanics_theme-qbxm8n3ihmn2f4lwuvk7kokn4bmnk7ifg8sfue65xk.jpg\" alt=\"mekanik_tema\" \/><\/figure><\/div><div class=\"swiper-slide\" role=\"group\" aria-roledescription=\"slide\" aria-label=\"2 \/ 2\"><figure class=\"swiper-slide-inner\"><img decoding=\"async\" class=\"swiper-slide-image\" src=\"https:\/\/sertek.com.tr\/wp-content\/uploads\/elementor\/thumbs\/Gears-qbxm8n3ihmn2f4lwuvk7kokn4bmnk7ifg8sfue65xk.jpeg\" alt=\"Di\u015fliler\" \/><\/figure><\/div>\t\t\t<\/div>\n\t\t\t\t\t\t\t\t\t\t\t\t<div class=\"elementor-swiper-button elementor-swiper-button-prev\" role=\"button\" tabindex=\"0\">\n\t\t\t\t\t\t<i aria-hidden=\"true\" class=\"eicon-chevron-left\"><\/i>\t\t\t\t\t<\/div>\n\t\t\t\t\t<div class=\"elementor-swiper-button elementor-swiper-button-next\" role=\"button\" tabindex=\"0\">\n\t\t\t\t\t\t<i aria-hidden=\"true\" class=\"eicon-chevron-right\"><\/i>\t\t\t\t\t<\/div>\n\t\t\t\t\n\t\t\t\t\t\t\t\t\t<div class=\"swiper-pagination\"><\/div>\n\t\t\t\t\t\t\t\t\t<\/div>\n\t\t\t\t\t\t<\/div>\n\t\t\t\t<\/div>\n\t\t\t\t\t<\/div>\n\t\t<\/div>\n\t\t\t\t<div class=\"elementor-column elementor-col-50 elementor-inner-column elementor-element elementor-element-7cefdfb\" data-id=\"7cefdfb\" data-element_type=\"column\">\n\t\t\t<div class=\"elementor-widget-wrap elementor-element-populated\">\n\t\t\t\t\t\t<div class=\"elementor-element elementor-element-81268ad elementor-widget elementor-widget-heading\" data-id=\"81268ad\" data-element_type=\"widget\" data-widget_type=\"heading.default\">\n\t\t\t\t<div class=\"elementor-widget-container\">\n\t\t\t\t\t<h1 class=\"elementor-heading-title elementor-size-default\">Di\u015fliler Sergisi<\/h1>\t\t\t\t<\/div>\n\t\t\t\t<\/div>\n\t\t\t\t<div class=\"elementor-element elementor-element-f8193c2 elementor-widget elementor-widget-text-editor\" data-id=\"f8193c2\" data-element_type=\"widget\" data-widget_type=\"text-editor.default\">\n\t\t\t\t<div class=\"elementor-widget-container\">\n\t\t\t\t\t\t\t\t\t<p>Gears sergisi mekani\u011fin harikalar\u0131n\u0131 g\u00f6zler \u00f6n\u00fcne seriyor ve ziyaret\u00e7ileri di\u015fli sistemleri ve uygulamalar\u0131 hakk\u0131nda b\u00fcy\u00fcleyici bir ke\u015ffe \u00e7\u0131kar\u0131yor. Ziyaret\u00e7iler di\u015flilerle etkile\u015fime girdik\u00e7e ve bu karma\u015f\u0131k mekanizmalar\u0131n ard\u0131ndaki prensipleri ke\u015ffettik\u00e7e, makine m\u00fchendisli\u011finin zarafeti ve yarat\u0131c\u0131l\u0131\u011f\u0131na dair yeni bir takdir duygusuyla ayr\u0131l\u0131yor. Her ya\u015ftan ziyaret\u00e7i, di\u015fli sistemlerinin b\u00fcy\u00fcleyici d\u00fcnyas\u0131na dalarak oranlar\u0131n ve renklerin b\u00fcy\u00fcs\u00fcn\u00fc ke\u015ffediyor. Bu uygulamal\u0131 deneyim, merak uyand\u0131ran ve m\u00fchendislik ve mekani\u011fin harikalar\u0131na kar\u015f\u0131 bir tutkuyu ate\u015fleyen ilgi \u00e7ekici ve e\u011fitici bir yolculuk sunuyor.<\/p>\t\t\t\t\t\t\t\t<\/div>\n\t\t\t\t<\/div>\n\t\t\t\t<div class=\"elementor-element elementor-element-6f8875f elementor-widget-divider--view-line elementor-widget elementor-widget-divider\" data-id=\"6f8875f\" data-element_type=\"widget\" data-widget_type=\"divider.default\">\n\t\t\t\t<div class=\"elementor-widget-container\">\n\t\t\t\t\t\t\t<div class=\"elementor-divider\">\n\t\t\t<span class=\"elementor-divider-separator\">\n\t\t\t\t\t\t<\/span>\n\t\t<\/div>\n\t\t\t\t\t\t<\/div>\n\t\t\t\t<\/div>\n\t\t\t\t<div class=\"elementor-element elementor-element-c42c4ca elementor-widget elementor-widget-heading\" data-id=\"c42c4ca\" data-element_type=\"widget\" data-widget_type=\"heading.default\">\n\t\t\t\t<div class=\"elementor-widget-container\">\n\t\t\t\t\t<h2 class=\"elementor-heading-title elementor-size-default\">Ziyaret\u00e7i Deneyimi<\/h2>\t\t\t\t<\/div>\n\t\t\t\t<\/div>\n\t\t\t\t<div class=\"elementor-element elementor-element-66406b9 elementor-widget elementor-widget-text-editor\" data-id=\"66406b9\" data-element_type=\"widget\" data-widget_type=\"text-editor.default\">\n\t\t\t\t<div class=\"elementor-widget-container\">\n\t\t\t\t\t\t\t\t\t<p>Ziyaret\u00e7iler Gears sergisine yakla\u015ft\u0131k\u00e7a, \u00e7e\u015fitli boyut ve renklerde bir dizi di\u015fliye \u00e7ekilecekler. Her blok farkl\u0131 di\u015fli oranlar\u0131n\u0131 temsil eder. Sergi, ziyaret\u00e7ileri farkl\u0131 boyutlardaki di\u015fliler aras\u0131ndaki etkile\u015fimi ke\u015ffetmeye ve de\u011fi\u015fen di\u015fli oranlar\u0131n\u0131n h\u0131z ve kuvveti nas\u0131l etkiledi\u011fini anlamaya te\u015fvik eder.<\/p><p>\u0130lgin\u00e7 bir \u015fekilde, baz\u0131 di\u015flilerin \u00fcst\u00fcnde ziyaret\u00e7iler \u00e7ocuklar\u0131n bay\u0131ld\u0131\u011f\u0131 tan\u0131d\u0131k g\u00fcnl\u00fck nesnelerin lazerle kesilmi\u015f \u015fekillerini ke\u015ffedecekler. Bu e\u011flenceli ekleme, gen\u00e7 zihinleri sergiyle etkile\u015fime girmeye, mekanikler ve g\u00fcnl\u00fck ya\u015famlar\u0131nda kar\u015f\u0131la\u015ft\u0131klar\u0131 nesneler aras\u0131nda ba\u011flant\u0131lar kurmaya te\u015fvik ediyor.<\/p><p>Ziyaret\u00e7iler basit bir b\u00fckme veya d\u00f6nd\u00fcrmeyle di\u015flileri harekete ge\u00e7irir ve di\u015flilerin birbirine ge\u00e7ip d\u00f6nerkenki karma\u015f\u0131k dans\u0131na hayran kal\u0131rlar. Z\u0131t boyutlardaki di\u015flileri birbirine ba\u011flayarak deney yapabilir, di\u015fli oranlar\u0131n\u0131n mekanik sistemin davran\u0131\u015f\u0131 \u00fczerindeki etkisini g\u00f6rselle\u015ftirebilirler. Ziyaret\u00e7iler di\u015flileri hareket ettirirken makine m\u00fchendisli\u011finin temel prensipleri hakk\u0131nda de\u011ferli bilgiler edinirler.<\/p>\t\t\t\t\t\t\t\t<\/div>\n\t\t\t\t<\/div>\n\t\t\t\t<div class=\"elementor-element elementor-element-b0eaf62 elementor-widget-divider--view-line elementor-widget elementor-widget-divider\" data-id=\"b0eaf62\" data-element_type=\"widget\" data-widget_type=\"divider.default\">\n\t\t\t\t<div class=\"elementor-widget-container\">\n\t\t\t\t\t\t\t<div class=\"elementor-divider\">\n\t\t\t<span class=\"elementor-divider-separator\">\n\t\t\t\t\t\t<\/span>\n\t\t<\/div>\n\t\t\t\t\t\t<\/div>\n\t\t\t\t<\/div>\n\t\t\t\t<div class=\"elementor-element elementor-element-a98cdef elementor-widget elementor-widget-heading\" data-id=\"a98cdef\" data-element_type=\"widget\" data-widget_type=\"heading.default\">\n\t\t\t\t<div class=\"elementor-widget-container\">\n\t\t\t\t\t<h2 class=\"elementor-heading-title elementor-size-default\">\u00d6ne \u00c7\u0131kan \u00d6zellikler<\/h2>\t\t\t\t<\/div>\n\t\t\t\t<\/div>\n\t\t\t\t<div class=\"elementor-element elementor-element-967c071 elementor-widget elementor-widget-text-editor\" data-id=\"967c071\" data-element_type=\"widget\" data-widget_type=\"text-editor.default\">\n\t\t\t\t<div class=\"elementor-widget-container\">\n\t\t\t\t\t\t\t\t\t<ul><li><p><a href=\"https:\/\/www.sciencedirect.com\/topics\/engineering\/gear-ratio\" target=\"_blank\" rel=\"noopener\"><strong>Di\u015fli Oranlar\u0131n\u0131n Anla\u015f\u0131lmas\u0131:<\/strong><\/a> Gears, ziyaret\u00e7ileri di\u015fli oranlar\u0131 kavram\u0131yla tan\u0131\u015ft\u0131r\u0131r. Sergi, farkl\u0131 boyutlardaki di\u015flilerin d\u00f6n\u00fc\u015f h\u0131z\u0131n\u0131 ve kuvvetini de\u011fi\u015ftirmek i\u00e7in nas\u0131l etkile\u015fime girdi\u011fini g\u00f6sterir. Kat\u0131l\u0131mc\u0131lar, uygulamal\u0131 ke\u015fif yoluyla di\u015fli boyutu ile genel mekanik sistem \u00fczerindeki etkisi aras\u0131ndaki do\u011frudan ili\u015fkiyi g\u00f6zlemler.<\/p><\/li><li><p><strong>Harekette Mekanik Prensipler:<\/strong> Serginin di\u015flileriyle aktif olarak etkile\u015fim kurarak ziyaret\u00e7iler, hareket, iletim ve kuvvet aktar\u0131m\u0131n\u0131 y\u00f6neten temel mekanik prensipleri \u00f6\u011frenirler. Di\u015flilerin d\u00f6nme hareketini nas\u0131l d\u00f6n\u00fc\u015ft\u00fcrd\u00fc\u011f\u00fcne ilk elden tan\u0131kl\u0131k ederek, makine m\u00fchendisli\u011finin g\u00fczelli\u011fine dair bir takdir kazan\u0131rlar.<\/p><\/li><li><p><strong>G\u00fcnl\u00fck Uygulamalar\u0131 Ke\u015ffetmek:<\/strong> Di\u015flilerin \u00fczerine tan\u0131d\u0131k lazer kesim \u015fekillerinin eklenmesi mekani\u011fi g\u00fcnl\u00fck nesnelerle birle\u015ftirir. Bu, sergi ile ger\u00e7ek ya\u015fam uygulamalar\u0131 aras\u0131nda elle tutulur bir ba\u011f sa\u011flar. Etkile\u015fimli, teori ile pratik aras\u0131ndaki bo\u015flu\u011fu kapat\u0131r ve mekani\u011fin d\u00fcnyam\u0131z\u0131n \u00e7e\u015fitli y\u00f6nlerine nas\u0131l n\u00fcfuz etti\u011fini g\u00f6sterir.<\/p><\/li><li><p><strong>Uygulamal\u0131 \u00d6\u011frenmeyi Te\u015fvik Etmek:<\/strong> Gears, ziyaret\u00e7ileri aktif \u00f6\u011frenenler olmaya te\u015fvik ederek onlar\u0131 di\u015flilerle u\u011fra\u015fmaya ve farkl\u0131 yap\u0131land\u0131rmalar\u0131 ke\u015ffetmeye davet eder. Bu uygulamal\u0131 yakla\u015f\u0131m, anlay\u0131\u015f\u0131 derinle\u015ftirir ve bilginin kal\u0131c\u0131l\u0131\u011f\u0131n\u0131 art\u0131rarak \u00f6\u011frenmeye y\u00f6nelik \u00f6m\u00fcr boyu s\u00fcrecek bir sevgiyi te\u015fvik eder.<\/p><\/li><li><p><strong>Problem \u00c7\u00f6zme Becerilerinin Geli\u015ftirilmesi:<\/strong> Serginin etkile\u015fimli yap\u0131s\u0131, ziyaret\u00e7ileri di\u015fli kombinasyonlar\u0131n\u0131 denerken problem \u00e7\u00f6zme egzersizlerine kat\u0131lmaya te\u015fvik eder. Kat\u0131l\u0131mc\u0131lar, belirli sonu\u00e7lara ula\u015fmak i\u00e7in sistemi analiz etmeyi ve ayarlamay\u0131 \u00f6\u011frenir ve ele\u015ftirel d\u00fc\u015f\u00fcnme becerilerini besler.<\/p><\/li><\/ul>\t\t\t\t\t\t\t\t<\/div>\n\t\t\t\t<\/div>\n\t\t\t\t<div class=\"elementor-element elementor-element-52b6c2d elementor-widget-divider--view-line elementor-widget elementor-widget-divider\" data-id=\"52b6c2d\" data-element_type=\"widget\" data-widget_type=\"divider.default\">\n\t\t\t\t<div class=\"elementor-widget-container\">\n\t\t\t\t\t\t\t<div class=\"elementor-divider\">\n\t\t\t<span class=\"elementor-divider-separator\">\n\t\t\t\t\t\t<\/span>\n\t\t<\/div>\n\t\t\t\t\t\t<\/div>\n\t\t\t\t<\/div>\n\t\t\t\t<div class=\"elementor-element elementor-element-4683f50 elementor-widget elementor-widget-heading\" data-id=\"4683f50\" data-element_type=\"widget\" data-widget_type=\"heading.default\">\n\t\t\t\t<div class=\"elementor-widget-container\">\n\t\t\t\t\t<h2 class=\"elementor-heading-title elementor-size-default\">Hedef Ya\u015f<\/h2>\t\t\t\t<\/div>\n\t\t\t\t<\/div>\n\t\t\t\t<div class=\"elementor-element elementor-element-2195606 elementor-icon-list--layout-traditional elementor-list-item-link-full_width elementor-widget elementor-widget-icon-list\" data-id=\"2195606\" data-element_type=\"widget\" data-widget_type=\"icon-list.default\">\n\t\t\t\t<div class=\"elementor-widget-container\">\n\t\t\t\t\t\t\t<ul class=\"elementor-icon-list-items\">\n\t\t\t\t\t\t\t<li class=\"elementor-icon-list-item\">\n\t\t\t\t\t\t\t\t\t\t\t<span class=\"elementor-icon-list-icon\">\n\t\t\t\t\t\t\t<i aria-hidden=\"true\" class=\"fas fa-check\"><\/i>\t\t\t\t\t\t<\/span>\n\t\t\t\t\t\t\t\t\t\t<span class=\"elementor-icon-list-text\">Her ya\u015ftan<\/span>\n\t\t\t\t\t\t\t\t\t<\/li>\n\t\t\t\t\t\t<\/ul>\n\t\t\t\t\t\t<\/div>\n\t\t\t\t<\/div>\n\t\t\t\t<div class=\"elementor-element elementor-element-0c8cfed elementor-widget-divider--view-line elementor-widget elementor-widget-divider\" data-id=\"0c8cfed\" data-element_type=\"widget\" data-widget_type=\"divider.default\">\n\t\t\t\t<div class=\"elementor-widget-container\">\n\t\t\t\t\t\t\t<div class=\"elementor-divider\">\n\t\t\t<span class=\"elementor-divider-separator\">\n\t\t\t\t\t\t<\/span>\n\t\t<\/div>\n\t\t\t\t\t\t<\/div>\n\t\t\t\t<\/div>\n\t\t\t\t<div class=\"elementor-element elementor-element-691e9e8 elementor-widget elementor-widget-heading\" data-id=\"691e9e8\" data-element_type=\"widget\" data-widget_type=\"heading.default\">\n\t\t\t\t<div class=\"elementor-widget-container\">\n\t\t\t\t\t<h2 class=\"elementor-heading-title elementor-size-default\">Uygulanabilir Temalar<\/h2>\t\t\t\t<\/div>\n\t\t\t\t<\/div>\n\t\t\t\t<div class=\"elementor-element elementor-element-2063240 elementor-icon-list--layout-traditional elementor-list-item-link-full_width elementor-widget elementor-widget-icon-list\" data-id=\"2063240\" data-element_type=\"widget\" data-widget_type=\"icon-list.default\">\n\t\t\t\t<div class=\"elementor-widget-container\">\n\t\t\t\t\t\t\t<ul class=\"elementor-icon-list-items\">\n\t\t\t\t\t\t\t<li class=\"elementor-icon-list-item\">\n\t\t\t\t\t\t\t\t\t\t\t<a href=\"https:\/\/sertek.com.tr\/tr\/fizik-temali-sergiler\/\">\n\n\t\t\t\t\t\t\t\t\t\t\t\t<span class=\"elementor-icon-list-icon\">\n\t\t\t\t\t\t\t<i aria-hidden=\"true\" class=\"fab fa-react\"><\/i>\t\t\t\t\t\t<\/span>\n\t\t\t\t\t\t\t\t\t\t<span class=\"elementor-icon-list-text\">Fizik<\/span>\n\t\t\t\t\t\t\t\t\t\t\t<\/a>\n\t\t\t\t\t\t\t\t\t<\/li>\n\t\t\t\t\t\t\t\t<li class=\"elementor-icon-list-item\">\n\t\t\t\t\t\t\t\t\t\t\t<a href=\"https:\/\/sertek.com.tr\/tr\/mekanik-temali-sergiler\/\">\n\n\t\t\t\t\t\t\t\t\t\t\t\t<span class=\"elementor-icon-list-icon\">\n\t\t\t\t\t\t\t<i aria-hidden=\"true\" class=\"fas fa-tools\"><\/i>\t\t\t\t\t\t<\/span>\n\t\t\t\t\t\t\t\t\t\t<span class=\"elementor-icon-list-text\">Mekanik<\/span>\n\t\t\t\t\t\t\t\t\t\t\t<\/a>\n\t\t\t\t\t\t\t\t\t<\/li>\n\t\t\t\t\t\t<\/ul>\n\t\t\t\t\t\t<\/div>\n\t\t\t\t<\/div>\n\t\t\t\t\t<\/div>\n\t\t<\/div>\n\t\t\t\t\t<\/div>\n\t\t<\/section>\n\t\t\t\t<div class=\"elementor-element elementor-element-b458126 elementor-widget elementor-widget-spacer\" data-id=\"b458126\" data-element_type=\"widget\" data-widget_type=\"spacer.default\">\n\t\t\t\t<div class=\"elementor-widget-container\">\n\t\t\t\t\t\t\t<div class=\"elementor-spacer\">\n\t\t\t<div class=\"elementor-spacer-inner\"><\/div>\n\t\t<\/div>\n\t\t\t\t\t\t<\/div>\n\t\t\t\t<\/div>\n\t\t\t\t\t<\/div>\n\t\t<\/div>\n\t\t\t\t\t<\/div>\n\t\t<\/section>\n\t\t\t\t<\/div>","protected":false},"excerpt":{"rendered":"<p>Di\u015fliler Sergisi Di\u015fliler sergisi mekani\u011fin harikalar\u0131n\u0131 g\u00f6zler \u00f6n\u00fcne seriyor ve ziyaret\u00e7ileri di\u015fli sistemleri ve uygulamalar\u0131 hakk\u0131nda b\u00fcy\u00fcleyici bir ke\u015ffe \u00e7\u0131kar\u0131yor. Ziyaret\u00e7iler [\u2026]<\/p>","protected":false},"author":2,"featured_media":0,"parent":0,"menu_order":0,"comment_status":"closed","ping_status":"closed","template":"page-custom.php","meta":{"om_disable_all_campaigns":false,"_monsterinsights_skip_tracking":false,"_monsterinsights_sitenote_active":false,"_monsterinsights_sitenote_note":"","_monsterinsights_sitenote_category":0,"_uf_show_specific_survey":0,"_uf_disable_surveys":false,"footnotes":""},"class_list":["post-4505","page","type-page","status-publish","hentry"],"acf":{"full_width":false,"header_transparent":false,"header_white":false},"aioseo_notices":[],"yoast_head":"<!-- This site is optimized with the Yoast SEO plugin v26.9 - https:\/\/yoast.com\/product\/yoast-seo-wordpress\/ -->\n<title>Gears Exhibit - Sertek Exhibitions<\/title>\n<meta name=\"description\" content=\"Gears exhibit unveils the wonders of mechanics, engaging visitors in a captivating exploration of gear systems and their applications.\" \/>\n<meta name=\"robots\" content=\"index, follow, max-snippet:-1, max-image-preview:large, max-video-preview:-1\" \/>\n<link rel=\"canonical\" href=\"https:\/\/sertek.com.tr\/tr\/disliler-sergi\/\" \/>\n<meta property=\"og:locale\" content=\"tr_TR\" \/>\n<meta property=\"og:type\" content=\"article\" \/>\n<meta property=\"og:title\" content=\"Gears Exhibit - Sertek Exhibitions\" \/>\n<meta property=\"og:description\" content=\"Gears exhibit unveils the wonders of mechanics, engaging visitors in a captivating exploration of gear systems and their applications.\" \/>\n<meta property=\"og:url\" content=\"https:\/\/sertek.com.tr\/tr\/disliler-sergi\/\" \/>\n<meta property=\"og:site_name\" content=\"Sertek Exhibitions\" \/>\n<meta property=\"article:modified_time\" content=\"2023-10-04T20:15:34+00:00\" \/>\n<meta property=\"og:image\" content=\"https:\/\/sertek.com.tr\/wp-content\/uploads\/elementor\/thumbs\/mechanics_theme-qbxm8n3ihmn2f4lwuvk7kokn4bmnk7ifg8sfue65xk.jpg\" \/>\n<meta name=\"twitter:card\" content=\"summary_large_image\" \/>\n<meta name=\"twitter:label1\" content=\"Tahmini okuma s\u00fcresi\" \/>\n\t<meta name=\"twitter:data1\" content=\"3 dakika\" \/>\n<script type=\"application\/ld+json\" class=\"yoast-schema-graph\">{\"@context\":\"https:\/\/schema.org\",\"@graph\":[{\"@type\":\"WebPage\",\"@id\":\"https:\/\/sertek.com.tr\/en\/gears-exhibit\/\",\"url\":\"https:\/\/sertek.com.tr\/en\/gears-exhibit\/\",\"name\":\"Gears Exhibit - Sertek Exhibitions\",\"isPartOf\":{\"@id\":\"https:\/\/sertek.com.tr\/en\/#website\"},\"primaryImageOfPage\":{\"@id\":\"https:\/\/sertek.com.tr\/en\/gears-exhibit\/#primaryimage\"},\"image\":{\"@id\":\"https:\/\/sertek.com.tr\/en\/gears-exhibit\/#primaryimage\"},\"thumbnailUrl\":\"https:\/\/sertek.com.tr\/wp-content\/uploads\/elementor\/thumbs\/mechanics_theme-qbxm8n3ihmn2f4lwuvk7kokn4bmnk7ifg8sfue65xk.jpg\",\"datePublished\":\"2023-07-22T07:47:11+00:00\",\"dateModified\":\"2023-10-04T20:15:34+00:00\",\"description\":\"Gears exhibit unveils the wonders of mechanics, engaging visitors in a captivating exploration of gear systems and their applications.\",\"breadcrumb\":{\"@id\":\"https:\/\/sertek.com.tr\/en\/gears-exhibit\/#breadcrumb\"},\"inLanguage\":\"tr\",\"potentialAction\":[{\"@type\":\"ReadAction\",\"target\":[\"https:\/\/sertek.com.tr\/en\/gears-exhibit\/\"]}]},{\"@type\":\"ImageObject\",\"inLanguage\":\"tr\",\"@id\":\"https:\/\/sertek.com.tr\/en\/gears-exhibit\/#primaryimage\",\"url\":\"https:\/\/sertek.com.tr\/wp-content\/uploads\/elementor\/thumbs\/mechanics_theme-qbxm8n3ihmn2f4lwuvk7kokn4bmnk7ifg8sfue65xk.jpg\",\"contentUrl\":\"https:\/\/sertek.com.tr\/wp-content\/uploads\/elementor\/thumbs\/mechanics_theme-qbxm8n3ihmn2f4lwuvk7kokn4bmnk7ifg8sfue65xk.jpg\"},{\"@type\":\"BreadcrumbList\",\"@id\":\"https:\/\/sertek.com.tr\/en\/gears-exhibit\/#breadcrumb\",\"itemListElement\":[{\"@type\":\"ListItem\",\"position\":1,\"name\":\"Home\",\"item\":\"https:\/\/sertek.com.tr\/\"},{\"@type\":\"ListItem\",\"position\":2,\"name\":\"Gears Exhibit\"}]},{\"@type\":\"WebSite\",\"@id\":\"https:\/\/sertek.com.tr\/en\/#website\",\"url\":\"https:\/\/sertek.com.tr\/en\/\",\"name\":\"Sertek Exhibitions\",\"description\":\"Sertek Exhibitons\",\"publisher\":{\"@id\":\"https:\/\/sertek.com.tr\/en\/#organization\"},\"potentialAction\":[{\"@type\":\"SearchAction\",\"target\":{\"@type\":\"EntryPoint\",\"urlTemplate\":\"https:\/\/sertek.com.tr\/en\/?s={search_term_string}\"},\"query-input\":{\"@type\":\"PropertyValueSpecification\",\"valueRequired\":true,\"valueName\":\"search_term_string\"}}],\"inLanguage\":\"tr\"},{\"@type\":\"Organization\",\"@id\":\"https:\/\/sertek.com.tr\/en\/#organization\",\"name\":\"Sertek Exhibitions\",\"url\":\"https:\/\/sertek.com.tr\/en\/\",\"logo\":{\"@type\":\"ImageObject\",\"inLanguage\":\"tr\",\"@id\":\"https:\/\/sertek.com.tr\/en\/#\/schema\/logo\/image\/\",\"url\":\"https:\/\/sertek.com.tr\/wp-content\/uploads\/2023\/06\/SertekLogo-1.png\",\"contentUrl\":\"https:\/\/sertek.com.tr\/wp-content\/uploads\/2023\/06\/SertekLogo-1.png\",\"width\":300,\"height\":49,\"caption\":\"Sertek Exhibitions\"},\"image\":{\"@id\":\"https:\/\/sertek.com.tr\/en\/#\/schema\/logo\/image\/\"},\"sameAs\":[\"https:\/\/www.linkedin.com\/company\/sertek-exhibitions\/\"]}]}<\/script>\n<!-- \/ Yoast SEO plugin. -->","yoast_head_json":{"title":"Gears Exhibit - Sertek Exhibitions","description":"Gears exhibit unveils the wonders of mechanics, engaging visitors in a captivating exploration of gear systems and their applications.","robots":{"index":"index","follow":"follow","max-snippet":"max-snippet:-1","max-image-preview":"max-image-preview:large","max-video-preview":"max-video-preview:-1"},"canonical":"https:\/\/sertek.com.tr\/tr\/disliler-sergi\/","og_locale":"tr_TR","og_type":"article","og_title":"Gears Exhibit - Sertek Exhibitions","og_description":"Gears exhibit unveils the wonders of mechanics, engaging visitors in a captivating exploration of gear systems and their applications.","og_url":"https:\/\/sertek.com.tr\/tr\/disliler-sergi\/","og_site_name":"Sertek Exhibitions","article_modified_time":"2023-10-04T20:15:34+00:00","og_image":[{"url":"https:\/\/sertek.com.tr\/wp-content\/uploads\/elementor\/thumbs\/mechanics_theme-qbxm8n3ihmn2f4lwuvk7kokn4bmnk7ifg8sfue65xk.jpg","type":"","width":"","height":""}],"twitter_card":"summary_large_image","twitter_misc":{"Tahmini okuma s\u00fcresi":"3 dakika"},"schema":{"@context":"https:\/\/schema.org","@graph":[{"@type":"WebPage","@id":"https:\/\/sertek.com.tr\/en\/gears-exhibit\/","url":"https:\/\/sertek.com.tr\/en\/gears-exhibit\/","name":"Gears Exhibit - Sertek Exhibitions","isPartOf":{"@id":"https:\/\/sertek.com.tr\/en\/#website"},"primaryImageOfPage":{"@id":"https:\/\/sertek.com.tr\/en\/gears-exhibit\/#primaryimage"},"image":{"@id":"https:\/\/sertek.com.tr\/en\/gears-exhibit\/#primaryimage"},"thumbnailUrl":"https:\/\/sertek.com.tr\/wp-content\/uploads\/elementor\/thumbs\/mechanics_theme-qbxm8n3ihmn2f4lwuvk7kokn4bmnk7ifg8sfue65xk.jpg","datePublished":"2023-07-22T07:47:11+00:00","dateModified":"2023-10-04T20:15:34+00:00","description":"Gears exhibit unveils the wonders of mechanics, engaging visitors in a captivating exploration of gear systems and their applications.","breadcrumb":{"@id":"https:\/\/sertek.com.tr\/en\/gears-exhibit\/#breadcrumb"},"inLanguage":"tr","potentialAction":[{"@type":"ReadAction","target":["https:\/\/sertek.com.tr\/en\/gears-exhibit\/"]}]},{"@type":"ImageObject","inLanguage":"tr","@id":"https:\/\/sertek.com.tr\/en\/gears-exhibit\/#primaryimage","url":"https:\/\/sertek.com.tr\/wp-content\/uploads\/elementor\/thumbs\/mechanics_theme-qbxm8n3ihmn2f4lwuvk7kokn4bmnk7ifg8sfue65xk.jpg","contentUrl":"https:\/\/sertek.com.tr\/wp-content\/uploads\/elementor\/thumbs\/mechanics_theme-qbxm8n3ihmn2f4lwuvk7kokn4bmnk7ifg8sfue65xk.jpg"},{"@type":"BreadcrumbList","@id":"https:\/\/sertek.com.tr\/en\/gears-exhibit\/#breadcrumb","itemListElement":[{"@type":"ListItem","position":1,"name":"Home","item":"https:\/\/sertek.com.tr\/"},{"@type":"ListItem","position":2,"name":"Gears Exhibit"}]},{"@type":"WebSite","@id":"https:\/\/sertek.com.tr\/en\/#website","url":"https:\/\/sertek.com.tr\/en\/","name":"Sertek Exhibitions","description":"Sertek Exhibitons","publisher":{"@id":"https:\/\/sertek.com.tr\/en\/#organization"},"potentialAction":[{"@type":"SearchAction","target":{"@type":"EntryPoint","urlTemplate":"https:\/\/sertek.com.tr\/en\/?s={search_term_string}"},"query-input":{"@type":"PropertyValueSpecification","valueRequired":true,"valueName":"search_term_string"}}],"inLanguage":"tr"},{"@type":"Organization","@id":"https:\/\/sertek.com.tr\/en\/#organization","name":"Sertek Exhibitions","url":"https:\/\/sertek.com.tr\/en\/","logo":{"@type":"ImageObject","inLanguage":"tr","@id":"https:\/\/sertek.com.tr\/en\/#\/schema\/logo\/image\/","url":"https:\/\/sertek.com.tr\/wp-content\/uploads\/2023\/06\/SertekLogo-1.png","contentUrl":"https:\/\/sertek.com.tr\/wp-content\/uploads\/2023\/06\/SertekLogo-1.png","width":300,"height":49,"caption":"Sertek Exhibitions"},"image":{"@id":"https:\/\/sertek.com.tr\/en\/#\/schema\/logo\/image\/"},"sameAs":["https:\/\/www.linkedin.com\/company\/sertek-exhibitions\/"]}]}},"jetpack_sharing_enabled":true,"_links":{"self":[{"href":"https:\/\/sertek.com.tr\/tr\/wp-json\/wp\/v2\/pages\/4505","targetHints":{"allow":["GET"]}}],"collection":[{"href":"https:\/\/sertek.com.tr\/tr\/wp-json\/wp\/v2\/pages"}],"about":[{"href":"https:\/\/sertek.com.tr\/tr\/wp-json\/wp\/v2\/types\/page"}],"author":[{"embeddable":true,"href":"https:\/\/sertek.com.tr\/tr\/wp-json\/wp\/v2\/users\/2"}],"replies":[{"embeddable":true,"href":"https:\/\/sertek.com.tr\/tr\/wp-json\/wp\/v2\/comments?post=4505"}],"version-history":[{"count":20,"href":"https:\/\/sertek.com.tr\/tr\/wp-json\/wp\/v2\/pages\/4505\/revisions"}],"predecessor-version":[{"id":7055,"href":"https:\/\/sertek.com.tr\/tr\/wp-json\/wp\/v2\/pages\/4505\/revisions\/7055"}],"wp:attachment":[{"href":"https:\/\/sertek.com.tr\/tr\/wp-json\/wp\/v2\/media?parent=4505"}],"curies":[{"name":"wp","href":"https:\/\/api.w.org\/{rel}","templated":true}]}}