{"id":4516,"date":"2023-07-22T07:52:22","date_gmt":"2023-07-22T07:52:22","guid":{"rendered":"https:\/\/sertekexhibitions.com\/?page_id=4516"},"modified":"2023-08-22T11:07:16","modified_gmt":"2023-08-22T11:07:16","slug":"paddle-exhibit","status":"publish","type":"page","link":"https:\/\/sertek.com.tr\/tr\/kurek-sergisi\/","title":{"rendered":"K\u00fcrek Sergisi"},"content":{"rendered":"<div data-elementor-type=\"wp-page\" data-elementor-id=\"4516\" class=\"elementor elementor-4516\" data-elementor-settings=\"{&quot;ha_cmc_init_switcher&quot;:&quot;no&quot;}\">\n\t\t\t\t\t\t<section class=\"elementor-section elementor-top-section elementor-element elementor-element-9f5181a elementor-section-boxed elementor-section-height-default elementor-section-height-default\" data-id=\"9f5181a\" data-element_type=\"section\" data-settings=\"{&quot;_ha_eqh_enable&quot;:false}\">\n\t\t\t\t\t\t<div class=\"elementor-container elementor-column-gap-extended\">\n\t\t\t\t\t<div class=\"elementor-column elementor-col-100 elementor-top-column elementor-element elementor-element-e397ea5\" data-id=\"e397ea5\" data-element_type=\"column\">\n\t\t\t<div class=\"elementor-widget-wrap elementor-element-populated\">\n\t\t\t\t\t\t<section class=\"elementor-section elementor-inner-section elementor-element elementor-element-de91e54 elementor-section-full_width elementor-section-height-default elementor-section-height-default\" data-id=\"de91e54\" data-element_type=\"section\" data-settings=\"{&quot;background_background&quot;:&quot;classic&quot;,&quot;_ha_eqh_enable&quot;:false}\">\n\t\t\t\t\t\t<div class=\"elementor-container elementor-column-gap-wide\">\n\t\t\t\t\t<div class=\"elementor-column elementor-col-50 elementor-inner-column elementor-element elementor-element-ae3fb45 has-sticky-column\" data-id=\"ae3fb45\" data-element_type=\"column\">\n\t\t\t<div class=\"elementor-widget-wrap elementor-element-populated\">\n\t\t\t\t\t\t<div class=\"elementor-element elementor-element-bd5d5cb elementor-widget__width-inherit elementor-arrows-position-inside elementor-pagination-position-outside elementor-widget elementor-widget-image-carousel\" data-id=\"bd5d5cb\" data-element_type=\"widget\" data-settings=\"{&quot;slides_to_show&quot;:&quot;1&quot;,&quot;navigation&quot;:&quot;both&quot;,&quot;autoplay&quot;:&quot;yes&quot;,&quot;pause_on_hover&quot;:&quot;yes&quot;,&quot;pause_on_interaction&quot;:&quot;yes&quot;,&quot;autoplay_speed&quot;:5000,&quot;infinite&quot;:&quot;yes&quot;,&quot;effect&quot;:&quot;slide&quot;,&quot;speed&quot;:500}\" data-widget_type=\"image-carousel.default\">\n\t\t\t\t<div class=\"elementor-widget-container\">\n\t\t\t\t\t\t\t<div class=\"elementor-image-carousel-wrapper swiper\" role=\"region\" aria-roledescription=\"carousel\" aria-label=\"Resim D\u00f6ng\u00fcs\u00fc\" dir=\"ltr\">\n\t\t\t<div class=\"elementor-image-carousel swiper-wrapper\" aria-live=\"off\">\n\t\t\t\t\t\t\t\t<div class=\"swiper-slide\" role=\"group\" aria-roledescription=\"slide\" aria-label=\"1 \/ 2\"><figure class=\"swiper-slide-inner\"><img decoding=\"async\" class=\"swiper-slide-image\" src=\"https:\/\/sertek.com.tr\/wp-content\/uploads\/elementor\/thumbs\/Paddle-qbxm8o1cogocqqkjpdyu56c3ppi0rwm5sdfxbo4rrc.jpg\" alt=\"K\u00fcrek\" \/><\/figure><\/div><div class=\"swiper-slide\" role=\"group\" aria-roledescription=\"slide\" aria-label=\"2 \/ 2\"><figure class=\"swiper-slide-inner\"><img decoding=\"async\" class=\"swiper-slide-image\" src=\"https:\/\/sertek.com.tr\/wp-content\/uploads\/elementor\/thumbs\/Paddle-1-qbxm8n3ihmn2f4lwuvk7kokn4bmnk7ifg8sfue65xk.png\" alt=\"K\u00fcrek-1\" \/><\/figure><\/div>\t\t\t<\/div>\n\t\t\t\t\t\t\t\t\t\t\t\t<div class=\"elementor-swiper-button elementor-swiper-button-prev\" role=\"button\" tabindex=\"0\">\n\t\t\t\t\t\t<i aria-hidden=\"true\" class=\"eicon-chevron-left\"><\/i>\t\t\t\t\t<\/div>\n\t\t\t\t\t<div class=\"elementor-swiper-button elementor-swiper-button-next\" role=\"button\" tabindex=\"0\">\n\t\t\t\t\t\t<i aria-hidden=\"true\" class=\"eicon-chevron-right\"><\/i>\t\t\t\t\t<\/div>\n\t\t\t\t\n\t\t\t\t\t\t\t\t\t<div class=\"swiper-pagination\"><\/div>\n\t\t\t\t\t\t\t\t\t<\/div>\n\t\t\t\t\t\t<\/div>\n\t\t\t\t<\/div>\n\t\t\t\t\t<\/div>\n\t\t<\/div>\n\t\t\t\t<div class=\"elementor-column elementor-col-50 elementor-inner-column elementor-element elementor-element-375b3b8\" data-id=\"375b3b8\" data-element_type=\"column\">\n\t\t\t<div class=\"elementor-widget-wrap elementor-element-populated\">\n\t\t\t\t\t\t<div class=\"elementor-element elementor-element-82cb0c1 elementor-widget elementor-widget-heading\" data-id=\"82cb0c1\" data-element_type=\"widget\" data-widget_type=\"heading.default\">\n\t\t\t\t<div class=\"elementor-widget-container\">\n\t\t\t\t\t<h1 class=\"elementor-heading-title elementor-size-default\">K\u00fcrek Sergisi<\/h1>\t\t\t\t<\/div>\n\t\t\t\t<\/div>\n\t\t\t\t<div class=\"elementor-element elementor-element-948b1d1 elementor-widget elementor-widget-text-editor\" data-id=\"948b1d1\" data-element_type=\"widget\" data-widget_type=\"text-editor.default\">\n\t\t\t\t<div class=\"elementor-widget-container\">\n\t\t\t\t\t\t\t\t\t<p>Paddle Interactive, sanat\u0131 ve bilimsel ilkeleri etkile\u015fimli ve e\u011fitici bir deneyimle harmanlayan \u00e7arp\u0131c\u0131 bir s\u0131v\u0131 bilimi vitrinidir. Ziyaret\u00e7iler serginin b\u00fcy\u00fcleyici s\u0131v\u0131 etkile\u015fimleri g\u00f6sterisiyle etkile\u015fime girdik\u00e7e, ak\u0131\u015fkanlar dinami\u011finin harikalar\u0131na dair derin bir takdir kazan\u0131yorlar. Bu etkile\u015fimli deneyimin kalbi de\u011firmen \u00e7ark\u0131na ba\u011fl\u0131 bir kulpta yat\u0131yor. Ziyaret\u00e7iler kolu d\u00f6nd\u00fcrd\u00fck\u00e7e \u00e7ark canlan\u0131yor ve i\u00e7indeki s\u0131v\u0131lar yava\u015f\u00e7a kar\u0131\u015f\u0131yor. Her s\u0131v\u0131 kendine \u00f6zg\u00fc \u00f6zelliklerini koruyor ancak kusursuz bir \u015fekilde birle\u015fiyormu\u015f gibi g\u00f6r\u00fcnerek geleneksel beklentilere meydan okuyan bir yan\u0131lsama yarat\u0131yor. D\u00f6nme sona erdi\u011finde yo\u011funlu\u011fu daha az olan s\u0131v\u0131 zarif bir \u015fekilde yukar\u0131ya do\u011fru s\u00fcz\u00fclerek \u00e7arp\u0131c\u0131 bir tabakala\u015fma g\u00f6r\u00fcnt\u00fcs\u00fc ortaya \u00e7\u0131kar.<\/p>\t\t\t\t\t\t\t\t<\/div>\n\t\t\t\t<\/div>\n\t\t\t\t<div class=\"elementor-element elementor-element-21a1fc5 elementor-widget-divider--view-line elementor-widget elementor-widget-divider\" data-id=\"21a1fc5\" data-element_type=\"widget\" data-widget_type=\"divider.default\">\n\t\t\t\t<div class=\"elementor-widget-container\">\n\t\t\t\t\t\t\t<div class=\"elementor-divider\">\n\t\t\t<span class=\"elementor-divider-separator\">\n\t\t\t\t\t\t<\/span>\n\t\t<\/div>\n\t\t\t\t\t\t<\/div>\n\t\t\t\t<\/div>\n\t\t\t\t<div class=\"elementor-element elementor-element-52a209c elementor-widget elementor-widget-heading\" data-id=\"52a209c\" data-element_type=\"widget\" data-widget_type=\"heading.default\">\n\t\t\t\t<div class=\"elementor-widget-container\">\n\t\t\t\t\t<h2 class=\"elementor-heading-title elementor-size-default\">Ziyaret\u00e7i Deneyimi<\/h2>\t\t\t\t<\/div>\n\t\t\t\t<\/div>\n\t\t\t\t<div class=\"elementor-element elementor-element-5a67905 elementor-widget elementor-widget-text-editor\" data-id=\"5a67905\" data-element_type=\"widget\" data-widget_type=\"text-editor.default\">\n\t\t\t\t<div class=\"elementor-widget-container\">\n\t\t\t\t\t\t\t\t\t<p>Ziyaret\u00e7iler Paddle Interactive sergisine yakla\u015ft\u0131klar\u0131nda, farkl\u0131 yo\u011funluktaki \u00e7e\u015fitli s\u0131v\u0131lara bat\u0131r\u0131lm\u0131\u015f bir de\u011firmen \u00e7ark\u0131na ba\u011fl\u0131 davetkar bir tutamakla kar\u015f\u0131la\u015f\u0131yorlar. Sergiyle ilgilenmeye hevesli bir \u015fekilde kolu kavrarlar ve d\u00f6nd\u00fcrmeye ba\u015flarlar. De\u011firmen \u00e7ark\u0131 tepki vererek s\u0131v\u0131lar\u0131 eritmeden kar\u0131\u015ft\u0131r\u0131r. Farkl\u0131 kimliklerini kaybetmeden zarif bir \u015fekilde hareket eden s\u0131v\u0131lar\u0131n g\u00f6r\u00fcnt\u00fcs\u00fc hayal g\u00fcc\u00fcn\u00fc b\u00fcy\u00fcl\u00fcyor.<\/p><p>D\u00f6nme devam ettik\u00e7e ziyaret\u00e7iler, s\u0131v\u0131lar kar\u0131\u015f\u0131p kar\u0131\u015f\u0131rken renklerin b\u00fcy\u00fcleyici dans\u0131na tan\u0131k oluyor ve bir birlik yan\u0131lsamas\u0131 yarat\u0131yor. G\u00f6r\u00fcn\u00fc\u015fe g\u00f6re s\u0131v\u0131lar kayna\u015fm\u0131\u015f gibi g\u00f6r\u00fcnse de ger\u00e7ekte ayr\u0131 varl\u0131klar olarak kal\u0131yorlar. Bu b\u00fcy\u00fcleyici g\u00f6rsel serginin g\u00fczelli\u011fi merak ve merak uyand\u0131r\u0131yor, ziyaret\u00e7ileri s\u0131v\u0131lar\u0131n gizemli \u00f6zelliklerine hayran b\u0131rak\u0131yor.<\/p><p>D\u00f6n\u00fc\u015f sonunda durma noktas\u0131na geldi\u011finde, tabakala\u015fman\u0131n b\u00fcy\u00fcleyici b\u00fcy\u00fcs\u00fc g\u00f6zlerinin \u00f6n\u00fcnde ortaya \u00e7\u0131kar. Yo\u011funlu\u011fu az olan s\u0131v\u0131 yukar\u0131ya \u00e7\u0131kar, yo\u011funlu\u011fu daha fazla olan s\u0131v\u0131 ise onun alt\u0131na yerle\u015fir. Bu hayranl\u0131k uyand\u0131ran olay, d\u0131\u015f kuvvetlere tepki olarak s\u0131v\u0131lar\u0131n davran\u0131\u015f\u0131n\u0131 y\u00f6neten temel fizi\u011fin somut bir hat\u0131rlat\u0131c\u0131s\u0131 olarak hizmet ediyor.<\/p>\t\t\t\t\t\t\t\t<\/div>\n\t\t\t\t<\/div>\n\t\t\t\t<div class=\"elementor-element elementor-element-ec4f7bc elementor-widget-divider--view-line elementor-widget elementor-widget-divider\" data-id=\"ec4f7bc\" data-element_type=\"widget\" data-widget_type=\"divider.default\">\n\t\t\t\t<div class=\"elementor-widget-container\">\n\t\t\t\t\t\t\t<div class=\"elementor-divider\">\n\t\t\t<span class=\"elementor-divider-separator\">\n\t\t\t\t\t\t<\/span>\n\t\t<\/div>\n\t\t\t\t\t\t<\/div>\n\t\t\t\t<\/div>\n\t\t\t\t<div class=\"elementor-element elementor-element-fca1089 elementor-widget elementor-widget-heading\" data-id=\"fca1089\" data-element_type=\"widget\" data-widget_type=\"heading.default\">\n\t\t\t\t<div class=\"elementor-widget-container\">\n\t\t\t\t\t<h2 class=\"elementor-heading-title elementor-size-default\">\u00d6ne \u00c7\u0131kan \u00d6zellikler<\/h2>\t\t\t\t<\/div>\n\t\t\t\t<\/div>\n\t\t\t\t<div class=\"elementor-element elementor-element-9157010 elementor-widget elementor-widget-text-editor\" data-id=\"9157010\" data-element_type=\"widget\" data-widget_type=\"text-editor.default\">\n\t\t\t\t<div class=\"elementor-widget-container\">\n\t\t\t\t\t\t\t\t\t<ol><li><p><strong>S\u0131v\u0131lar\u0131n \u00d6zellikleri:<\/strong> Paddle Interactive, ziyaret\u00e7ilere yo\u011funluk ve tabakala\u015fma da dahil olmak \u00fczere s\u0131v\u0131lar\u0131n ay\u0131rt edici \u00f6zelliklerini g\u00f6zlemlemek ve ke\u015ffetmek i\u00e7in e\u015fsiz bir f\u0131rsat sunuyor. Ziyaret\u00e7iler, farkl\u0131 yo\u011funluklardaki s\u0131v\u0131lar\u0131n nas\u0131l etkile\u015fime girdi\u011fini g\u00f6zlemleyerek ak\u0131\u015fkanlar dinami\u011fi hakk\u0131nda daha derin bir anlay\u0131\u015fa sahip oluyor.<\/p><\/li><li><p><strong>S\u0131v\u0131 Kar\u0131\u015f\u0131m\u0131n\u0131n G\u00f6rselle\u015ftirilmesi:<\/strong> Sergi, s\u0131v\u0131n\u0131n \u00e7\u00f6z\u00fcnmeden kar\u0131\u015ft\u0131r\u0131lma s\u00fcrecini canl\u0131 bir \u015fekilde g\u00f6steriyor. Ziyaret\u00e7iler, farkl\u0131 s\u0131v\u0131lar\u0131n kendi bireysel \u00f6zelliklerini korurken nas\u0131l bir araya getirilebildi\u011fine ve s\u0131v\u0131 davran\u0131\u015f\u0131na ili\u015fkin bilgilerini nas\u0131l geni\u015fletebildi\u011fine tan\u0131k oluyor.<\/p><\/li><li><p><strong>Tabakala\u015fmay\u0131 Anlamak:<\/strong> D\u00f6nme durdu\u011funda ziyaret\u00e7iler, farkl\u0131 yo\u011funluklara sahip s\u0131v\u0131lar\u0131n farkl\u0131 katmanlar halinde d\u00fczenlendi\u011fi tabakala\u015fma kavram\u0131n\u0131 ilk elden deneyimliyor. Bu g\u00f6rsel temsil, \u00e7e\u015fitli do\u011fal olaylardaki ak\u0131\u015fkan tabakala\u015fmaya ili\u015fkin anlay\u0131\u015flar\u0131n\u0131 zenginle\u015ftirir.<\/p><\/li><li><p><strong>Uygulamal\u0131 Deney:<\/strong> Paddle Interactive, ziyaret\u00e7ileri s\u0131v\u0131 kar\u0131\u015ft\u0131rma ve g\u00f6zlemleme s\u00fcrecine aktif olarak kat\u0131lmaya davet ediyor. Bu uygulamal\u0131 yakla\u015f\u0131m kat\u0131l\u0131m\u0131 te\u015fvik eder ve \u00f6\u011frenme deneyimini geli\u015ftirir.<\/p><\/li><\/ol>\t\t\t\t\t\t\t\t<\/div>\n\t\t\t\t<\/div>\n\t\t\t\t<div class=\"elementor-element elementor-element-e75acf1 elementor-widget-divider--view-line elementor-widget elementor-widget-divider\" data-id=\"e75acf1\" data-element_type=\"widget\" data-widget_type=\"divider.default\">\n\t\t\t\t<div class=\"elementor-widget-container\">\n\t\t\t\t\t\t\t<div class=\"elementor-divider\">\n\t\t\t<span class=\"elementor-divider-separator\">\n\t\t\t\t\t\t<\/span>\n\t\t<\/div>\n\t\t\t\t\t\t<\/div>\n\t\t\t\t<\/div>\n\t\t\t\t<div class=\"elementor-element elementor-element-16b46cc elementor-widget elementor-widget-heading\" data-id=\"16b46cc\" data-element_type=\"widget\" data-widget_type=\"heading.default\">\n\t\t\t\t<div class=\"elementor-widget-container\">\n\t\t\t\t\t<h2 class=\"elementor-heading-title elementor-size-default\">Hedef Ya\u015f<\/h2>\t\t\t\t<\/div>\n\t\t\t\t<\/div>\n\t\t\t\t<div class=\"elementor-element elementor-element-a9c4b6b elementor-icon-list--layout-traditional elementor-list-item-link-full_width elementor-widget elementor-widget-icon-list\" data-id=\"a9c4b6b\" data-element_type=\"widget\" data-widget_type=\"icon-list.default\">\n\t\t\t\t<div class=\"elementor-widget-container\">\n\t\t\t\t\t\t\t<ul class=\"elementor-icon-list-items\">\n\t\t\t\t\t\t\t<li class=\"elementor-icon-list-item\">\n\t\t\t\t\t\t\t\t\t\t\t<span class=\"elementor-icon-list-icon\">\n\t\t\t\t\t\t\t<i aria-hidden=\"true\" class=\"fas fa-check\"><\/i>\t\t\t\t\t\t<\/span>\n\t\t\t\t\t\t\t\t\t\t<span class=\"elementor-icon-list-text\">Her ya\u015ftan<\/span>\n\t\t\t\t\t\t\t\t\t<\/li>\n\t\t\t\t\t\t<\/ul>\n\t\t\t\t\t\t<\/div>\n\t\t\t\t<\/div>\n\t\t\t\t<div class=\"elementor-element elementor-element-781c1f8 elementor-widget-divider--view-line elementor-widget elementor-widget-divider\" data-id=\"781c1f8\" data-element_type=\"widget\" data-widget_type=\"divider.default\">\n\t\t\t\t<div class=\"elementor-widget-container\">\n\t\t\t\t\t\t\t<div class=\"elementor-divider\">\n\t\t\t<span class=\"elementor-divider-separator\">\n\t\t\t\t\t\t<\/span>\n\t\t<\/div>\n\t\t\t\t\t\t<\/div>\n\t\t\t\t<\/div>\n\t\t\t\t<div class=\"elementor-element elementor-element-afb846f elementor-widget elementor-widget-heading\" data-id=\"afb846f\" data-element_type=\"widget\" data-widget_type=\"heading.default\">\n\t\t\t\t<div class=\"elementor-widget-container\">\n\t\t\t\t\t<h2 class=\"elementor-heading-title elementor-size-default\">Uygulanabilir Temalar<\/h2>\t\t\t\t<\/div>\n\t\t\t\t<\/div>\n\t\t\t\t<div class=\"elementor-element elementor-element-557a677 elementor-icon-list--layout-traditional elementor-list-item-link-full_width elementor-widget elementor-widget-icon-list\" data-id=\"557a677\" data-element_type=\"widget\" data-widget_type=\"icon-list.default\">\n\t\t\t\t<div class=\"elementor-widget-container\">\n\t\t\t\t\t\t\t<ul class=\"elementor-icon-list-items\">\n\t\t\t\t\t\t\t<li class=\"elementor-icon-list-item\">\n\t\t\t\t\t\t\t\t\t\t\t<span class=\"elementor-icon-list-icon\">\n\t\t\t\t\t\t\t<i aria-hidden=\"true\" class=\"fab fa-react\"><\/i>\t\t\t\t\t\t<\/span>\n\t\t\t\t\t\t\t\t\t\t<span class=\"elementor-icon-list-text\">Fizik<\/span>\n\t\t\t\t\t\t\t\t\t<\/li>\n\t\t\t\t\t\t\t\t<li class=\"elementor-icon-list-item\">\n\t\t\t\t\t\t\t\t\t\t\t<span class=\"elementor-icon-list-icon\">\n\t\t\t\t\t\t\t<i aria-hidden=\"true\" class=\"fas fa-water\"><\/i>\t\t\t\t\t\t<\/span>\n\t\t\t\t\t\t\t\t\t\t<span class=\"elementor-icon-list-text\">Su<\/span>\n\t\t\t\t\t\t\t\t\t<\/li>\n\t\t\t\t\t\t\t\t<li class=\"elementor-icon-list-item\">\n\t\t\t\t\t\t\t\t\t\t\t<span class=\"elementor-icon-list-icon\">\n\t\t\t\t\t\t\t<i aria-hidden=\"true\" class=\"hm hm-tools\"><\/i>\t\t\t\t\t\t<\/span>\n\t\t\t\t\t\t\t\t\t\t<span class=\"elementor-icon-list-text\">Tamirci<\/span>\n\t\t\t\t\t\t\t\t\t<\/li>\n\t\t\t\t\t\t<\/ul>\n\t\t\t\t\t\t<\/div>\n\t\t\t\t<\/div>\n\t\t\t\t\t<\/div>\n\t\t<\/div>\n\t\t\t\t\t<\/div>\n\t\t<\/section>\n\t\t\t\t<div class=\"elementor-element elementor-element-b458126 elementor-widget elementor-widget-spacer\" data-id=\"b458126\" data-element_type=\"widget\" data-widget_type=\"spacer.default\">\n\t\t\t\t<div class=\"elementor-widget-container\">\n\t\t\t\t\t\t\t<div class=\"elementor-spacer\">\n\t\t\t<div class=\"elementor-spacer-inner\"><\/div>\n\t\t<\/div>\n\t\t\t\t\t\t<\/div>\n\t\t\t\t<\/div>\n\t\t\t\t\t<\/div>\n\t\t<\/div>\n\t\t\t\t\t<\/div>\n\t\t<\/section>\n\t\t\t\t<\/div>","protected":false},"excerpt":{"rendered":"<p>Paddle Exhibit Paddle Interactive, sanat\u00e7\u0131l\u0131\u011f\u0131 ve bilimsel prensipleri etkile\u015fimli ve e\u011fitici bir deneyime d\u00f6n\u00fc\u015ft\u00fcren, s\u0131v\u0131 biliminin \u00e7arp\u0131c\u0131 bir sergisidir. Ziyaret\u00e7iler [\u2026]<\/p>","protected":false},"author":2,"featured_media":0,"parent":0,"menu_order":0,"comment_status":"closed","ping_status":"closed","template":"page-custom.php","meta":{"om_disable_all_campaigns":false,"_monsterinsights_skip_tracking":false,"_monsterinsights_sitenote_active":false,"_monsterinsights_sitenote_note":"","_monsterinsights_sitenote_category":0,"_uf_show_specific_survey":0,"_uf_disable_surveys":false,"footnotes":""},"class_list":["post-4516","page","type-page","status-publish","hentry"],"acf":{"full_width":false,"header_transparent":false,"header_white":false},"aioseo_notices":[],"yoast_head":"<!-- This site is optimized with the Yoast SEO plugin v26.9 - https:\/\/yoast.com\/product\/yoast-seo-wordpress\/ -->\n<title>Paddle Exhibit - Sertek Exhibitions<\/title>\n<meta name=\"robots\" content=\"index, follow, max-snippet:-1, max-image-preview:large, max-video-preview:-1\" \/>\n<link rel=\"canonical\" href=\"https:\/\/sertek.com.tr\/tr\/kurek-sergisi\/\" \/>\n<meta property=\"og:locale\" content=\"tr_TR\" \/>\n<meta property=\"og:type\" content=\"article\" \/>\n<meta property=\"og:title\" content=\"Paddle Exhibit - Sertek Exhibitions\" \/>\n<meta property=\"og:description\" content=\"Paddle Exhibit Paddle Interactive is a stunning showcase of liquid science, blending artistry and scientific principles into an interactive and educational experience. As visitors [&hellip;]\" \/>\n<meta property=\"og:url\" content=\"https:\/\/sertek.com.tr\/tr\/kurek-sergisi\/\" \/>\n<meta property=\"og:site_name\" content=\"Sertek Exhibitions\" \/>\n<meta property=\"article:modified_time\" content=\"2023-08-22T11:07:16+00:00\" \/>\n<meta property=\"og:image\" content=\"https:\/\/sertekexhibitions.com\/wp-content\/uploads\/elementor\/thumbs\/Paddle-q9sdxp4zc9onr8ado0kgwa7eyj5cvtekw2jxjo0dqg.jpg\" \/>\n<meta name=\"twitter:card\" content=\"summary_large_image\" \/>\n<meta name=\"twitter:label1\" content=\"Tahmini okuma s\u00fcresi\" \/>\n\t<meta name=\"twitter:data1\" content=\"3 dakika\" \/>\n<script type=\"application\/ld+json\" class=\"yoast-schema-graph\">{\"@context\":\"https:\/\/schema.org\",\"@graph\":[{\"@type\":\"WebPage\",\"@id\":\"https:\/\/sertek.com.tr\/paddle-exhibit\/\",\"url\":\"https:\/\/sertek.com.tr\/paddle-exhibit\/\",\"name\":\"Paddle Exhibit - Sertek Exhibitions\",\"isPartOf\":{\"@id\":\"https:\/\/sertek.com.tr\/en\/#website\"},\"primaryImageOfPage\":{\"@id\":\"https:\/\/sertek.com.tr\/paddle-exhibit\/#primaryimage\"},\"image\":{\"@id\":\"https:\/\/sertek.com.tr\/paddle-exhibit\/#primaryimage\"},\"thumbnailUrl\":\"https:\/\/sertekexhibitions.com\/wp-content\/uploads\/elementor\/thumbs\/Paddle-q9sdxp4zc9onr8ado0kgwa7eyj5cvtekw2jxjo0dqg.jpg\",\"datePublished\":\"2023-07-22T07:52:22+00:00\",\"dateModified\":\"2023-08-22T11:07:16+00:00\",\"breadcrumb\":{\"@id\":\"https:\/\/sertek.com.tr\/paddle-exhibit\/#breadcrumb\"},\"inLanguage\":\"tr\",\"potentialAction\":[{\"@type\":\"ReadAction\",\"target\":[\"https:\/\/sertek.com.tr\/paddle-exhibit\/\"]}]},{\"@type\":\"ImageObject\",\"inLanguage\":\"tr\",\"@id\":\"https:\/\/sertek.com.tr\/paddle-exhibit\/#primaryimage\",\"url\":\"https:\/\/sertekexhibitions.com\/wp-content\/uploads\/elementor\/thumbs\/Paddle-q9sdxp4zc9onr8ado0kgwa7eyj5cvtekw2jxjo0dqg.jpg\",\"contentUrl\":\"https:\/\/sertekexhibitions.com\/wp-content\/uploads\/elementor\/thumbs\/Paddle-q9sdxp4zc9onr8ado0kgwa7eyj5cvtekw2jxjo0dqg.jpg\"},{\"@type\":\"BreadcrumbList\",\"@id\":\"https:\/\/sertek.com.tr\/paddle-exhibit\/#breadcrumb\",\"itemListElement\":[{\"@type\":\"ListItem\",\"position\":1,\"name\":\"Home\",\"item\":\"https:\/\/sertek.com.tr\/\"},{\"@type\":\"ListItem\",\"position\":2,\"name\":\"Paddle Exhibit\"}]},{\"@type\":\"WebSite\",\"@id\":\"https:\/\/sertek.com.tr\/en\/#website\",\"url\":\"https:\/\/sertek.com.tr\/en\/\",\"name\":\"Sertek Exhibitions\",\"description\":\"Sertek Exhibitons\",\"publisher\":{\"@id\":\"https:\/\/sertek.com.tr\/en\/#organization\"},\"potentialAction\":[{\"@type\":\"SearchAction\",\"target\":{\"@type\":\"EntryPoint\",\"urlTemplate\":\"https:\/\/sertek.com.tr\/en\/?s={search_term_string}\"},\"query-input\":{\"@type\":\"PropertyValueSpecification\",\"valueRequired\":true,\"valueName\":\"search_term_string\"}}],\"inLanguage\":\"tr\"},{\"@type\":\"Organization\",\"@id\":\"https:\/\/sertek.com.tr\/en\/#organization\",\"name\":\"Sertek Exhibitions\",\"url\":\"https:\/\/sertek.com.tr\/en\/\",\"logo\":{\"@type\":\"ImageObject\",\"inLanguage\":\"tr\",\"@id\":\"https:\/\/sertek.com.tr\/en\/#\/schema\/logo\/image\/\",\"url\":\"https:\/\/sertek.com.tr\/wp-content\/uploads\/2023\/06\/SertekLogo-1.png\",\"contentUrl\":\"https:\/\/sertek.com.tr\/wp-content\/uploads\/2023\/06\/SertekLogo-1.png\",\"width\":300,\"height\":49,\"caption\":\"Sertek Exhibitions\"},\"image\":{\"@id\":\"https:\/\/sertek.com.tr\/en\/#\/schema\/logo\/image\/\"},\"sameAs\":[\"https:\/\/www.linkedin.com\/company\/sertek-exhibitions\/\"]}]}<\/script>\n<!-- \/ Yoast SEO plugin. -->","yoast_head_json":{"title":"Paddle Exhibit - Sertek Exhibitions","robots":{"index":"index","follow":"follow","max-snippet":"max-snippet:-1","max-image-preview":"max-image-preview:large","max-video-preview":"max-video-preview:-1"},"canonical":"https:\/\/sertek.com.tr\/tr\/kurek-sergisi\/","og_locale":"tr_TR","og_type":"article","og_title":"Paddle Exhibit - Sertek Exhibitions","og_description":"Paddle Exhibit Paddle Interactive is a stunning showcase of liquid science, blending artistry and scientific principles into an interactive and educational experience. As visitors [&hellip;]","og_url":"https:\/\/sertek.com.tr\/tr\/kurek-sergisi\/","og_site_name":"Sertek Exhibitions","article_modified_time":"2023-08-22T11:07:16+00:00","og_image":[{"url":"https:\/\/sertekexhibitions.com\/wp-content\/uploads\/elementor\/thumbs\/Paddle-q9sdxp4zc9onr8ado0kgwa7eyj5cvtekw2jxjo0dqg.jpg","type":"","width":"","height":""}],"twitter_card":"summary_large_image","twitter_misc":{"Tahmini okuma s\u00fcresi":"3 dakika"},"schema":{"@context":"https:\/\/schema.org","@graph":[{"@type":"WebPage","@id":"https:\/\/sertek.com.tr\/paddle-exhibit\/","url":"https:\/\/sertek.com.tr\/paddle-exhibit\/","name":"Paddle Exhibit - Sertek Exhibitions","isPartOf":{"@id":"https:\/\/sertek.com.tr\/en\/#website"},"primaryImageOfPage":{"@id":"https:\/\/sertek.com.tr\/paddle-exhibit\/#primaryimage"},"image":{"@id":"https:\/\/sertek.com.tr\/paddle-exhibit\/#primaryimage"},"thumbnailUrl":"https:\/\/sertekexhibitions.com\/wp-content\/uploads\/elementor\/thumbs\/Paddle-q9sdxp4zc9onr8ado0kgwa7eyj5cvtekw2jxjo0dqg.jpg","datePublished":"2023-07-22T07:52:22+00:00","dateModified":"2023-08-22T11:07:16+00:00","breadcrumb":{"@id":"https:\/\/sertek.com.tr\/paddle-exhibit\/#breadcrumb"},"inLanguage":"tr","potentialAction":[{"@type":"ReadAction","target":["https:\/\/sertek.com.tr\/paddle-exhibit\/"]}]},{"@type":"ImageObject","inLanguage":"tr","@id":"https:\/\/sertek.com.tr\/paddle-exhibit\/#primaryimage","url":"https:\/\/sertekexhibitions.com\/wp-content\/uploads\/elementor\/thumbs\/Paddle-q9sdxp4zc9onr8ado0kgwa7eyj5cvtekw2jxjo0dqg.jpg","contentUrl":"https:\/\/sertekexhibitions.com\/wp-content\/uploads\/elementor\/thumbs\/Paddle-q9sdxp4zc9onr8ado0kgwa7eyj5cvtekw2jxjo0dqg.jpg"},{"@type":"BreadcrumbList","@id":"https:\/\/sertek.com.tr\/paddle-exhibit\/#breadcrumb","itemListElement":[{"@type":"ListItem","position":1,"name":"Home","item":"https:\/\/sertek.com.tr\/"},{"@type":"ListItem","position":2,"name":"Paddle Exhibit"}]},{"@type":"WebSite","@id":"https:\/\/sertek.com.tr\/en\/#website","url":"https:\/\/sertek.com.tr\/en\/","name":"Sertek Exhibitions","description":"Sertek Exhibitons","publisher":{"@id":"https:\/\/sertek.com.tr\/en\/#organization"},"potentialAction":[{"@type":"SearchAction","target":{"@type":"EntryPoint","urlTemplate":"https:\/\/sertek.com.tr\/en\/?s={search_term_string}"},"query-input":{"@type":"PropertyValueSpecification","valueRequired":true,"valueName":"search_term_string"}}],"inLanguage":"tr"},{"@type":"Organization","@id":"https:\/\/sertek.com.tr\/en\/#organization","name":"Sertek Exhibitions","url":"https:\/\/sertek.com.tr\/en\/","logo":{"@type":"ImageObject","inLanguage":"tr","@id":"https:\/\/sertek.com.tr\/en\/#\/schema\/logo\/image\/","url":"https:\/\/sertek.com.tr\/wp-content\/uploads\/2023\/06\/SertekLogo-1.png","contentUrl":"https:\/\/sertek.com.tr\/wp-content\/uploads\/2023\/06\/SertekLogo-1.png","width":300,"height":49,"caption":"Sertek Exhibitions"},"image":{"@id":"https:\/\/sertek.com.tr\/en\/#\/schema\/logo\/image\/"},"sameAs":["https:\/\/www.linkedin.com\/company\/sertek-exhibitions\/"]}]}},"jetpack_sharing_enabled":true,"_links":{"self":[{"href":"https:\/\/sertek.com.tr\/tr\/wp-json\/wp\/v2\/pages\/4516","targetHints":{"allow":["GET"]}}],"collection":[{"href":"https:\/\/sertek.com.tr\/tr\/wp-json\/wp\/v2\/pages"}],"about":[{"href":"https:\/\/sertek.com.tr\/tr\/wp-json\/wp\/v2\/types\/page"}],"author":[{"embeddable":true,"href":"https:\/\/sertek.com.tr\/tr\/wp-json\/wp\/v2\/users\/2"}],"replies":[{"embeddable":true,"href":"https:\/\/sertek.com.tr\/tr\/wp-json\/wp\/v2\/comments?post=4516"}],"version-history":[{"count":20,"href":"https:\/\/sertek.com.tr\/tr\/wp-json\/wp\/v2\/pages\/4516\/revisions"}],"predecessor-version":[{"id":6267,"href":"https:\/\/sertek.com.tr\/tr\/wp-json\/wp\/v2\/pages\/4516\/revisions\/6267"}],"wp:attachment":[{"href":"https:\/\/sertek.com.tr\/tr\/wp-json\/wp\/v2\/media?parent=4516"}],"curies":[{"name":"wp","href":"https:\/\/api.w.org\/{rel}","templated":true}]}}