{"id":4619,"date":"2023-07-22T10:50:38","date_gmt":"2023-07-22T10:50:38","guid":{"rendered":"https:\/\/sertekexhibitions.com\/?page_id=4619"},"modified":"2023-11-11T09:13:40","modified_gmt":"2023-11-11T09:13:40","slug":"wind-turbine-exhibit","status":"publish","type":"page","link":"https:\/\/sertek.com.tr\/tr\/ruzgar-turbini-sergisi\/","title":{"rendered":"R\u00fczgar T\u00fcrbini Sergisi"},"content":{"rendered":"<div data-elementor-type=\"wp-page\" data-elementor-id=\"4619\" class=\"elementor elementor-4619\" data-elementor-settings=\"{&quot;ha_cmc_init_switcher&quot;:&quot;no&quot;}\">\n\t\t\t\t\t\t<section class=\"elementor-section elementor-top-section elementor-element elementor-element-9f5181a elementor-section-boxed elementor-section-height-default elementor-section-height-default\" data-id=\"9f5181a\" data-element_type=\"section\" data-settings=\"{&quot;_ha_eqh_enable&quot;:false}\">\n\t\t\t\t\t\t<div class=\"elementor-container elementor-column-gap-extended\">\n\t\t\t\t\t<div class=\"elementor-column elementor-col-100 elementor-top-column elementor-element elementor-element-e397ea5\" data-id=\"e397ea5\" data-element_type=\"column\">\n\t\t\t<div class=\"elementor-widget-wrap elementor-element-populated\">\n\t\t\t\t\t\t<section class=\"elementor-section elementor-inner-section elementor-element elementor-element-9683f23 elementor-section-full_width elementor-section-height-default elementor-section-height-default\" data-id=\"9683f23\" data-element_type=\"section\" data-settings=\"{&quot;background_background&quot;:&quot;classic&quot;,&quot;_ha_eqh_enable&quot;:false}\">\n\t\t\t\t\t\t<div class=\"elementor-container elementor-column-gap-wide\">\n\t\t\t\t\t<div class=\"elementor-column elementor-col-50 elementor-inner-column elementor-element elementor-element-87a1ff1 has-sticky-column\" data-id=\"87a1ff1\" data-element_type=\"column\">\n\t\t\t<div class=\"elementor-widget-wrap elementor-element-populated\">\n\t\t\t\t\t\t<div class=\"elementor-element elementor-element-c79143a elementor-widget__width-inherit elementor-arrows-position-inside elementor-pagination-position-outside elementor-widget elementor-widget-image-carousel\" data-id=\"c79143a\" data-element_type=\"widget\" data-settings=\"{&quot;slides_to_show&quot;:&quot;1&quot;,&quot;navigation&quot;:&quot;both&quot;,&quot;autoplay&quot;:&quot;yes&quot;,&quot;pause_on_hover&quot;:&quot;yes&quot;,&quot;pause_on_interaction&quot;:&quot;yes&quot;,&quot;autoplay_speed&quot;:5000,&quot;infinite&quot;:&quot;yes&quot;,&quot;effect&quot;:&quot;slide&quot;,&quot;speed&quot;:500}\" data-widget_type=\"image-carousel.default\">\n\t\t\t\t<div class=\"elementor-widget-container\">\n\t\t\t\t\t\t\t<div class=\"elementor-image-carousel-wrapper swiper\" role=\"region\" aria-roledescription=\"carousel\" aria-label=\"Resim D\u00f6ng\u00fcs\u00fc\" dir=\"ltr\">\n\t\t\t<div class=\"elementor-image-carousel swiper-wrapper\" aria-live=\"off\">\n\t\t\t\t\t\t\t\t<div class=\"swiper-slide\" role=\"group\" aria-roledescription=\"slide\" aria-label=\"1 \/ 1\"><figure class=\"swiper-slide-inner\"><img decoding=\"async\" class=\"swiper-slide-image\" src=\"https:\/\/sertek.com.tr\/wp-content\/uploads\/elementor\/thumbs\/Turbine-qbxm8n3ihmn2f4lwuvk7kokn4bmnk7ifg8sfue65xk.jpg\" alt=\"r\u00fczgar t\u00fcrbini sergisi\" \/><\/figure><\/div>\t\t\t<\/div>\n\t\t\t\t\t<\/div>\n\t\t\t\t\t\t<\/div>\n\t\t\t\t<\/div>\n\t\t\t\t\t<\/div>\n\t\t<\/div>\n\t\t\t\t<div class=\"elementor-column elementor-col-50 elementor-inner-column elementor-element elementor-element-d9400b3\" data-id=\"d9400b3\" data-element_type=\"column\">\n\t\t\t<div class=\"elementor-widget-wrap elementor-element-populated\">\n\t\t\t\t\t\t<div class=\"elementor-element elementor-element-acce276 elementor-widget elementor-widget-heading\" data-id=\"acce276\" data-element_type=\"widget\" data-widget_type=\"heading.default\">\n\t\t\t\t<div class=\"elementor-widget-container\">\n\t\t\t\t\t<h1 class=\"elementor-heading-title elementor-size-default\">R\u00fczgar T\u00fcrbini<\/h1>\t\t\t\t<\/div>\n\t\t\t\t<\/div>\n\t\t\t\t<div class=\"elementor-element elementor-element-846acbe elementor-widget elementor-widget-text-editor\" data-id=\"846acbe\" data-element_type=\"widget\" data-widget_type=\"text-editor.default\">\n\t\t\t\t<div class=\"elementor-widget-container\">\n\t\t\t\t\t\t\t\t\t<p>R\u00fczgar T\u00fcrbini sergisi, ziyaret\u00e7ilerin r\u00fczgar enerjisi \u00fcretiminin prensiplerini uygulamal\u0131 ve ilgi \u00e7ekici bir \u015fekilde ke\u015ffetmelerine olanak tan\u0131yan yenilik\u00e7i ve etkile\u015fimli bir deneyimdir. Bu serginin merkezinde d\u00f6nen dairesel bir disk ve tepesinde eski moda bir r\u00fczgar t\u00fcrbini bulunur ve r\u00fczgar\u0131n g\u00fcc\u00fcyle elektrik \u00fcretme s\u00fcrecini canland\u0131r\u0131r.<\/p><p>R\u00fczgar T\u00fcrbini Sergisi, e\u011fitim ve etkile\u015fimin b\u00fcy\u00fcleyici bir kar\u0131\u015f\u0131m\u0131d\u0131r. Merkezinde ziyaret\u00e7ilerin serbest\u00e7e d\u00f6nd\u00fcrebilece\u011fi dairesel bir disk bulunur. Diski d\u00f6nd\u00fcrd\u00fck\u00e7e, eski moda bir r\u00fczgar t\u00fcrbini canlan\u0131r ve \u00fcretilen r\u00fczgar enerjisi, serginin \u015faft\u0131nda, zemininde ve tepesinde \u0131\u015f\u0131klar\u0131n ayd\u0131nlat\u0131lmas\u0131yla g\u00f6rsel olarak temsil edilir.<\/p>\t\t\t\t\t\t\t\t<\/div>\n\t\t\t\t<\/div>\n\t\t\t\t<div class=\"elementor-element elementor-element-80d4e15 elementor-widget-divider--view-line elementor-widget elementor-widget-divider\" data-id=\"80d4e15\" data-element_type=\"widget\" data-widget_type=\"divider.default\">\n\t\t\t\t<div class=\"elementor-widget-container\">\n\t\t\t\t\t\t\t<div class=\"elementor-divider\">\n\t\t\t<span class=\"elementor-divider-separator\">\n\t\t\t\t\t\t<\/span>\n\t\t<\/div>\n\t\t\t\t\t\t<\/div>\n\t\t\t\t<\/div>\n\t\t\t\t<div class=\"elementor-element elementor-element-8801031 elementor-widget elementor-widget-heading\" data-id=\"8801031\" data-element_type=\"widget\" data-widget_type=\"heading.default\">\n\t\t\t\t<div class=\"elementor-widget-container\">\n\t\t\t\t\t<h2 class=\"elementor-heading-title elementor-size-default\">Ziyaret\u00e7i Deneyimi<\/h2>\t\t\t\t<\/div>\n\t\t\t\t<\/div>\n\t\t\t\t<div class=\"elementor-element elementor-element-2cd3b44 elementor-widget elementor-widget-text-editor\" data-id=\"2cd3b44\" data-element_type=\"widget\" data-widget_type=\"text-editor.default\">\n\t\t\t\t<div class=\"elementor-widget-container\">\n\t\t\t\t\t\t\t\t\t<p>R\u00fczgar T\u00fcrbini sergisine ad\u0131m att\u0131\u011f\u0131n\u0131zda, iki heybetli dev r\u00fczgar kayna\u011f\u0131yla kar\u015f\u0131la\u015facaks\u0131n\u0131z, bunlar\u0131n y\u00f6netimi sizin emrinizde. Bu y\u00fckselen yap\u0131lar r\u00fczgar enerjisinin inan\u0131lmaz potansiyelini sembolize ediyor ve siz onu a\u00e7\u0131\u011fa \u00e7\u0131karman\u0131n anahtar\u0131n\u0131 tutuyorsunuz.<\/p><p>Serginin kalbinde iki araba modeli ve raylarla s\u00fcslenmi\u015f bir masa yer al\u0131yor. G\u00f6reviniz basit: Bu arabalar\u0131 ileri itmek i\u00e7in r\u00fczgar\u0131n g\u00fcc\u00fcn\u00fc kullan\u0131n. R\u00fczgar kaynaklar\u0131ndan birini bir r\u00fczgar t\u00fcrbinine y\u00f6nlendirdi\u011finizde, canlan\u0131r ve ray boyunca h\u0131zla ilerleyen ve kar\u015f\u0131l\u0131k gelen arabay\u0131 h\u0131zland\u0131ran bir g\u00fc\u00e7 \u00fcretir.<\/p><p>Di\u011fer ziyaret\u00e7ilerle rekabet ederken veya r\u00fczgar m\u00fchendisli\u011fi sanat\u0131nda ustala\u015fmak i\u00e7in kendinize meydan okurken r\u00fczgara kar\u015f\u0131 bir yar\u0131\u015f. Arabalar biti\u015f \u00e7izgisine do\u011fru yar\u0131\u015farak ileri do\u011fru h\u0131zla ilerliyor. Ancak bir fark var: Bir araba hedefine ula\u015ft\u0131\u011f\u0131nda, zarif bir \u015fekilde ba\u015flang\u0131\u00e7 noktas\u0131na geri d\u00f6n\u00fcyor ve ba\u015fka bir heyecan verici yar\u0131\u015f i\u00e7in haz\u0131r oluyor.<\/p><p>R\u00fczgar T\u00fcrbini sergisi, ziyaret\u00e7ilere r\u00fczgar\u0131n g\u00fcc\u00fcyle etkile\u015fime girmenin heyecan verici bir yolunu sunarken, yenilenebilir enerjinin potansiyelini vurgulayan ilgi \u00e7ekici ve e\u011fitici bir deneyim sunuyor.<\/p>\t\t\t\t\t\t\t\t<\/div>\n\t\t\t\t<\/div>\n\t\t\t\t<div class=\"elementor-element elementor-element-d15326e elementor-widget-divider--view-line elementor-widget elementor-widget-divider\" data-id=\"d15326e\" data-element_type=\"widget\" data-widget_type=\"divider.default\">\n\t\t\t\t<div class=\"elementor-widget-container\">\n\t\t\t\t\t\t\t<div class=\"elementor-divider\">\n\t\t\t<span class=\"elementor-divider-separator\">\n\t\t\t\t\t\t<\/span>\n\t\t<\/div>\n\t\t\t\t\t\t<\/div>\n\t\t\t\t<\/div>\n\t\t\t\t<div class=\"elementor-element elementor-element-95b54cd elementor-widget elementor-widget-heading\" data-id=\"95b54cd\" data-element_type=\"widget\" data-widget_type=\"heading.default\">\n\t\t\t\t<div class=\"elementor-widget-container\">\n\t\t\t\t\t<h2 class=\"elementor-heading-title elementor-size-default\">\u00d6ne \u00c7\u0131kan \u00d6zellikler<\/h2>\t\t\t\t<\/div>\n\t\t\t\t<\/div>\n\t\t\t\t<div class=\"elementor-element elementor-element-b4fc99e elementor-widget elementor-widget-text-editor\" data-id=\"b4fc99e\" data-element_type=\"widget\" data-widget_type=\"text-editor.default\">\n\t\t\t\t<div class=\"elementor-widget-container\">\n\t\t\t\t\t\t\t\t\t<ol><li><a href=\"https:\/\/education.nationalgeographic.org\/resource\/renewable-energy-explained\/\" target=\"_blank\" rel=\"noopener\"><strong>Yenilenebilir Enerji Ke\u015ffi:<\/strong><\/a> R\u00fczgar T\u00fcrbini, ziyaret\u00e7ilere r\u00fczgar\u0131n nas\u0131l g\u00fc\u00e7 \u00fcretebilece\u011fini g\u00f6rme ve kontrol etme olana\u011f\u0131 sa\u011flayarak yenilenebilir enerji kavram\u0131n\u0131 tan\u0131t\u0131yor.<\/li><li><strong>Etkile\u015fimli Bilim:<\/strong> Ziyaret\u00e7iler, r\u00fczgar enerjisinin prensiplerini ve uygulamalar\u0131n\u0131 e\u011flenceli ve uygulamal\u0131 bir \u015fekilde ke\u015ffederek etkile\u015fimli \u00f6\u011frenmeye kat\u0131l\u0131yorlar.<\/li><li><strong>Rekabet ve Oyun:<\/strong> Sergi, ziyaret\u00e7iler aras\u0131nda dost\u00e7a rekabeti te\u015fvik ederek, e\u011flenceli ve ke\u015ffedici bir atmosfer yarat\u0131yor.<\/li><li><strong>\u00c7evre bilinci:<\/strong> R\u00fczgar T\u00fcrbini, s\u00fcrd\u00fcr\u00fclebilir enerji kaynaklar\u0131 ve karbon ayak izimizi azaltmadaki \u00f6nemi konusunda fark\u0131ndal\u0131\u011f\u0131 art\u0131r\u0131yor.<\/li><li><strong>Sorun \u00c7\u00f6zme:<\/strong> Ziyaret\u00e7iler, r\u00fczgarla \u00e7al\u0131\u015fan ara\u00e7lar\u0131n\u0131n performans\u0131n\u0131 en iyi hale getirmek i\u00e7in r\u00fczgar y\u00f6n\u00fc ve t\u00fcrbin yerle\u015fimiyle ilgili deneyler yapabiliyor, bu da ele\u015ftirel d\u00fc\u015f\u00fcnme ve problem \u00e7\u00f6zme becerilerini te\u015fvik ediyor.<\/li><\/ol>\t\t\t\t\t\t\t\t<\/div>\n\t\t\t\t<\/div>\n\t\t\t\t<div class=\"elementor-element elementor-element-d6c149e elementor-widget-divider--view-line elementor-widget elementor-widget-divider\" data-id=\"d6c149e\" data-element_type=\"widget\" data-widget_type=\"divider.default\">\n\t\t\t\t<div class=\"elementor-widget-container\">\n\t\t\t\t\t\t\t<div class=\"elementor-divider\">\n\t\t\t<span class=\"elementor-divider-separator\">\n\t\t\t\t\t\t<\/span>\n\t\t<\/div>\n\t\t\t\t\t\t<\/div>\n\t\t\t\t<\/div>\n\t\t\t\t<div class=\"elementor-element elementor-element-0fb29cd elementor-widget elementor-widget-heading\" data-id=\"0fb29cd\" data-element_type=\"widget\" data-widget_type=\"heading.default\">\n\t\t\t\t<div class=\"elementor-widget-container\">\n\t\t\t\t\t<h2 class=\"elementor-heading-title elementor-size-default\">Hedef Ya\u015f<\/h2>\t\t\t\t<\/div>\n\t\t\t\t<\/div>\n\t\t\t\t<div class=\"elementor-element elementor-element-c0d9b83 elementor-icon-list--layout-traditional elementor-list-item-link-full_width elementor-widget elementor-widget-icon-list\" data-id=\"c0d9b83\" data-element_type=\"widget\" data-widget_type=\"icon-list.default\">\n\t\t\t\t<div class=\"elementor-widget-container\">\n\t\t\t\t\t\t\t<ul class=\"elementor-icon-list-items\">\n\t\t\t\t\t\t\t<li class=\"elementor-icon-list-item\">\n\t\t\t\t\t\t\t\t\t\t\t<span class=\"elementor-icon-list-icon\">\n\t\t\t\t\t\t\t<i aria-hidden=\"true\" class=\"fas fa-check\"><\/i>\t\t\t\t\t\t<\/span>\n\t\t\t\t\t\t\t\t\t\t<span class=\"elementor-icon-list-text\">Her ya\u015ftan.<\/span>\n\t\t\t\t\t\t\t\t\t<\/li>\n\t\t\t\t\t\t<\/ul>\n\t\t\t\t\t\t<\/div>\n\t\t\t\t<\/div>\n\t\t\t\t<div class=\"elementor-element elementor-element-601c135 elementor-widget-divider--view-line elementor-widget elementor-widget-divider\" data-id=\"601c135\" data-element_type=\"widget\" data-widget_type=\"divider.default\">\n\t\t\t\t<div class=\"elementor-widget-container\">\n\t\t\t\t\t\t\t<div class=\"elementor-divider\">\n\t\t\t<span class=\"elementor-divider-separator\">\n\t\t\t\t\t\t<\/span>\n\t\t<\/div>\n\t\t\t\t\t\t<\/div>\n\t\t\t\t<\/div>\n\t\t\t\t<div class=\"elementor-element elementor-element-31a2ad2 elementor-widget elementor-widget-heading\" data-id=\"31a2ad2\" data-element_type=\"widget\" data-widget_type=\"heading.default\">\n\t\t\t\t<div class=\"elementor-widget-container\">\n\t\t\t\t\t<h2 class=\"elementor-heading-title elementor-size-default\">Uygulanabilir Temalar<\/h2>\t\t\t\t<\/div>\n\t\t\t\t<\/div>\n\t\t\t\t<div class=\"elementor-element elementor-element-ad2edf8 elementor-icon-list--layout-traditional elementor-list-item-link-full_width elementor-widget elementor-widget-icon-list\" data-id=\"ad2edf8\" data-element_type=\"widget\" data-widget_type=\"icon-list.default\">\n\t\t\t\t<div class=\"elementor-widget-container\">\n\t\t\t\t\t\t\t<ul class=\"elementor-icon-list-items\">\n\t\t\t\t\t\t\t<li class=\"elementor-icon-list-item\">\n\t\t\t\t\t\t\t\t\t\t\t<a href=\"https:\/\/sertek.com.tr\/tr\/enerji-temali-sergiler\/\">\n\n\t\t\t\t\t\t\t\t\t\t\t\t<span class=\"elementor-icon-list-icon\">\n\t\t\t\t\t\t\t<i aria-hidden=\"true\" class=\"fas fa-bolt\"><\/i>\t\t\t\t\t\t<\/span>\n\t\t\t\t\t\t\t\t\t\t<span class=\"elementor-icon-list-text\">Enerji<\/span>\n\t\t\t\t\t\t\t\t\t\t\t<\/a>\n\t\t\t\t\t\t\t\t\t<\/li>\n\t\t\t\t\t\t\t\t<li class=\"elementor-icon-list-item\">\n\t\t\t\t\t\t\t\t\t\t\t<a href=\"https:\/\/sertek.com.tr\/tr\/doga-temali-sergiler\/\">\n\n\t\t\t\t\t\t\t\t\t\t\t\t<span class=\"elementor-icon-list-icon\">\n\t\t\t\t\t\t\t<i aria-hidden=\"true\" class=\"fab fa-envira\"><\/i>\t\t\t\t\t\t<\/span>\n\t\t\t\t\t\t\t\t\t\t<span class=\"elementor-icon-list-text\">Do\u011fa<\/span>\n\t\t\t\t\t\t\t\t\t\t\t<\/a>\n\t\t\t\t\t\t\t\t\t<\/li>\n\t\t\t\t\t\t<\/ul>\n\t\t\t\t\t\t<\/div>\n\t\t\t\t<\/div>\n\t\t\t\t\t<\/div>\n\t\t<\/div>\n\t\t\t\t\t<\/div>\n\t\t<\/section>\n\t\t\t\t<div class=\"elementor-element elementor-element-b458126 elementor-widget elementor-widget-spacer\" data-id=\"b458126\" data-element_type=\"widget\" data-widget_type=\"spacer.default\">\n\t\t\t\t<div class=\"elementor-widget-container\">\n\t\t\t\t\t\t\t<div class=\"elementor-spacer\">\n\t\t\t<div class=\"elementor-spacer-inner\"><\/div>\n\t\t<\/div>\n\t\t\t\t\t\t<\/div>\n\t\t\t\t<\/div>\n\t\t\t\t\t<\/div>\n\t\t<\/div>\n\t\t\t\t\t<\/div>\n\t\t<\/section>\n\t\t\t\t<\/div>","protected":false},"excerpt":{"rendered":"<p>R\u00fczgar T\u00fcrbini R\u00fczgar T\u00fcrbini sergisi, ziyaret\u00e7ilerin r\u00fczgar enerjisi \u00fcretiminin prensiplerini ke\u015ffetmelerine olanak tan\u0131yan yenilik\u00e7i ve etkile\u015fimli bir deneyimdir [\u2026]<\/p>","protected":false},"author":2,"featured_media":4920,"parent":0,"menu_order":0,"comment_status":"closed","ping_status":"closed","template":"page-custom.php","meta":{"om_disable_all_campaigns":false,"_monsterinsights_skip_tracking":false,"_monsterinsights_sitenote_active":false,"_monsterinsights_sitenote_note":"","_monsterinsights_sitenote_category":0,"_uf_show_specific_survey":0,"_uf_disable_surveys":false,"footnotes":""},"class_list":["post-4619","page","type-page","status-publish","has-post-thumbnail","hentry"],"acf":{"full_width":false,"header_transparent":false,"header_white":false},"aioseo_notices":[],"yoast_head":"<!-- This site is optimized with the Yoast SEO plugin v26.9 - https:\/\/yoast.com\/product\/yoast-seo-wordpress\/ -->\n<title>Wind Turbine Exhibit - Sertek Exhibitions<\/title>\n<meta name=\"description\" content=\"Wind Turbine exhibit is an interactive experience that allows visitors to explore the principles of wind energy generation in a engaging way.\" \/>\n<meta name=\"robots\" content=\"index, follow, max-snippet:-1, max-image-preview:large, max-video-preview:-1\" \/>\n<link rel=\"canonical\" href=\"https:\/\/sertek.com.tr\/tr\/ruzgar-turbini-sergisi\/\" \/>\n<meta property=\"og:locale\" content=\"tr_TR\" \/>\n<meta property=\"og:type\" content=\"article\" \/>\n<meta property=\"og:title\" content=\"Wind Turbine Exhibit - Sertek Exhibitions\" \/>\n<meta property=\"og:description\" content=\"Wind Turbine exhibit is an interactive experience that allows visitors to explore the principles of wind energy generation in a engaging way.\" \/>\n<meta property=\"og:url\" content=\"https:\/\/sertek.com.tr\/tr\/ruzgar-turbini-sergisi\/\" \/>\n<meta property=\"og:site_name\" content=\"Sertek Exhibitions\" \/>\n<meta property=\"article:modified_time\" content=\"2023-11-11T09:13:40+00:00\" \/>\n<meta property=\"og:image\" content=\"https:\/\/sertek.com.tr\/wp-content\/uploads\/2023\/07\/Turbine.jpg\" \/>\n\t<meta property=\"og:image:width\" content=\"991\" \/>\n\t<meta property=\"og:image:height\" content=\"665\" \/>\n\t<meta property=\"og:image:type\" content=\"image\/jpeg\" \/>\n<meta name=\"twitter:card\" content=\"summary_large_image\" \/>\n<meta name=\"twitter:label1\" content=\"Tahmini okuma s\u00fcresi\" \/>\n\t<meta name=\"twitter:data1\" content=\"3 dakika\" \/>\n<script type=\"application\/ld+json\" class=\"yoast-schema-graph\">{\"@context\":\"https:\/\/schema.org\",\"@graph\":[{\"@type\":\"WebPage\",\"@id\":\"https:\/\/sertek.com.tr\/en\/wind-turbine-exhibit\/\",\"url\":\"https:\/\/sertek.com.tr\/en\/wind-turbine-exhibit\/\",\"name\":\"Wind Turbine Exhibit - Sertek Exhibitions\",\"isPartOf\":{\"@id\":\"https:\/\/sertek.com.tr\/en\/#website\"},\"primaryImageOfPage\":{\"@id\":\"https:\/\/sertek.com.tr\/en\/wind-turbine-exhibit\/#primaryimage\"},\"image\":{\"@id\":\"https:\/\/sertek.com.tr\/en\/wind-turbine-exhibit\/#primaryimage\"},\"thumbnailUrl\":\"https:\/\/sertek.com.tr\/wp-content\/uploads\/2023\/07\/Turbine.jpg\",\"datePublished\":\"2023-07-22T10:50:38+00:00\",\"dateModified\":\"2023-11-11T09:13:40+00:00\",\"description\":\"Wind Turbine exhibit is an interactive experience that allows visitors to explore the principles of wind energy generation in a engaging way.\",\"breadcrumb\":{\"@id\":\"https:\/\/sertek.com.tr\/en\/wind-turbine-exhibit\/#breadcrumb\"},\"inLanguage\":\"tr\",\"potentialAction\":[{\"@type\":\"ReadAction\",\"target\":[\"https:\/\/sertek.com.tr\/en\/wind-turbine-exhibit\/\"]}]},{\"@type\":\"ImageObject\",\"inLanguage\":\"tr\",\"@id\":\"https:\/\/sertek.com.tr\/en\/wind-turbine-exhibit\/#primaryimage\",\"url\":\"https:\/\/sertek.com.tr\/wp-content\/uploads\/2023\/07\/Turbine.jpg\",\"contentUrl\":\"https:\/\/sertek.com.tr\/wp-content\/uploads\/2023\/07\/Turbine.jpg\",\"width\":991,\"height\":665,\"caption\":\"wind turbine exhibit\"},{\"@type\":\"BreadcrumbList\",\"@id\":\"https:\/\/sertek.com.tr\/en\/wind-turbine-exhibit\/#breadcrumb\",\"itemListElement\":[{\"@type\":\"ListItem\",\"position\":1,\"name\":\"Home\",\"item\":\"https:\/\/sertek.com.tr\/\"},{\"@type\":\"ListItem\",\"position\":2,\"name\":\"Wind Turbine Exhibit\"}]},{\"@type\":\"WebSite\",\"@id\":\"https:\/\/sertek.com.tr\/en\/#website\",\"url\":\"https:\/\/sertek.com.tr\/en\/\",\"name\":\"Sertek Exhibitions\",\"description\":\"Sertek Exhibitons\",\"publisher\":{\"@id\":\"https:\/\/sertek.com.tr\/en\/#organization\"},\"potentialAction\":[{\"@type\":\"SearchAction\",\"target\":{\"@type\":\"EntryPoint\",\"urlTemplate\":\"https:\/\/sertek.com.tr\/en\/?s={search_term_string}\"},\"query-input\":{\"@type\":\"PropertyValueSpecification\",\"valueRequired\":true,\"valueName\":\"search_term_string\"}}],\"inLanguage\":\"tr\"},{\"@type\":\"Organization\",\"@id\":\"https:\/\/sertek.com.tr\/en\/#organization\",\"name\":\"Sertek Exhibitions\",\"url\":\"https:\/\/sertek.com.tr\/en\/\",\"logo\":{\"@type\":\"ImageObject\",\"inLanguage\":\"tr\",\"@id\":\"https:\/\/sertek.com.tr\/en\/#\/schema\/logo\/image\/\",\"url\":\"https:\/\/sertek.com.tr\/wp-content\/uploads\/2023\/06\/SertekLogo-1.png\",\"contentUrl\":\"https:\/\/sertek.com.tr\/wp-content\/uploads\/2023\/06\/SertekLogo-1.png\",\"width\":300,\"height\":49,\"caption\":\"Sertek Exhibitions\"},\"image\":{\"@id\":\"https:\/\/sertek.com.tr\/en\/#\/schema\/logo\/image\/\"},\"sameAs\":[\"https:\/\/www.linkedin.com\/company\/sertek-exhibitions\/\"]}]}<\/script>\n<!-- \/ Yoast SEO plugin. -->","yoast_head_json":{"title":"Wind Turbine Exhibit - Sertek Exhibitions","description":"Wind Turbine exhibit is an interactive experience that allows visitors to explore the principles of wind energy generation in a engaging way.","robots":{"index":"index","follow":"follow","max-snippet":"max-snippet:-1","max-image-preview":"max-image-preview:large","max-video-preview":"max-video-preview:-1"},"canonical":"https:\/\/sertek.com.tr\/tr\/ruzgar-turbini-sergisi\/","og_locale":"tr_TR","og_type":"article","og_title":"Wind Turbine Exhibit - Sertek Exhibitions","og_description":"Wind Turbine exhibit is an interactive experience that allows visitors to explore the principles of wind energy generation in a engaging way.","og_url":"https:\/\/sertek.com.tr\/tr\/ruzgar-turbini-sergisi\/","og_site_name":"Sertek Exhibitions","article_modified_time":"2023-11-11T09:13:40+00:00","og_image":[{"width":991,"height":665,"url":"https:\/\/sertek.com.tr\/wp-content\/uploads\/2023\/07\/Turbine.jpg","type":"image\/jpeg"}],"twitter_card":"summary_large_image","twitter_misc":{"Tahmini okuma s\u00fcresi":"3 dakika"},"schema":{"@context":"https:\/\/schema.org","@graph":[{"@type":"WebPage","@id":"https:\/\/sertek.com.tr\/en\/wind-turbine-exhibit\/","url":"https:\/\/sertek.com.tr\/en\/wind-turbine-exhibit\/","name":"Wind Turbine Exhibit - Sertek Exhibitions","isPartOf":{"@id":"https:\/\/sertek.com.tr\/en\/#website"},"primaryImageOfPage":{"@id":"https:\/\/sertek.com.tr\/en\/wind-turbine-exhibit\/#primaryimage"},"image":{"@id":"https:\/\/sertek.com.tr\/en\/wind-turbine-exhibit\/#primaryimage"},"thumbnailUrl":"https:\/\/sertek.com.tr\/wp-content\/uploads\/2023\/07\/Turbine.jpg","datePublished":"2023-07-22T10:50:38+00:00","dateModified":"2023-11-11T09:13:40+00:00","description":"Wind Turbine exhibit is an interactive experience that allows visitors to explore the principles of wind energy generation in a engaging way.","breadcrumb":{"@id":"https:\/\/sertek.com.tr\/en\/wind-turbine-exhibit\/#breadcrumb"},"inLanguage":"tr","potentialAction":[{"@type":"ReadAction","target":["https:\/\/sertek.com.tr\/en\/wind-turbine-exhibit\/"]}]},{"@type":"ImageObject","inLanguage":"tr","@id":"https:\/\/sertek.com.tr\/en\/wind-turbine-exhibit\/#primaryimage","url":"https:\/\/sertek.com.tr\/wp-content\/uploads\/2023\/07\/Turbine.jpg","contentUrl":"https:\/\/sertek.com.tr\/wp-content\/uploads\/2023\/07\/Turbine.jpg","width":991,"height":665,"caption":"wind turbine exhibit"},{"@type":"BreadcrumbList","@id":"https:\/\/sertek.com.tr\/en\/wind-turbine-exhibit\/#breadcrumb","itemListElement":[{"@type":"ListItem","position":1,"name":"Home","item":"https:\/\/sertek.com.tr\/"},{"@type":"ListItem","position":2,"name":"Wind Turbine Exhibit"}]},{"@type":"WebSite","@id":"https:\/\/sertek.com.tr\/en\/#website","url":"https:\/\/sertek.com.tr\/en\/","name":"Sertek Exhibitions","description":"Sertek Exhibitons","publisher":{"@id":"https:\/\/sertek.com.tr\/en\/#organization"},"potentialAction":[{"@type":"SearchAction","target":{"@type":"EntryPoint","urlTemplate":"https:\/\/sertek.com.tr\/en\/?s={search_term_string}"},"query-input":{"@type":"PropertyValueSpecification","valueRequired":true,"valueName":"search_term_string"}}],"inLanguage":"tr"},{"@type":"Organization","@id":"https:\/\/sertek.com.tr\/en\/#organization","name":"Sertek Exhibitions","url":"https:\/\/sertek.com.tr\/en\/","logo":{"@type":"ImageObject","inLanguage":"tr","@id":"https:\/\/sertek.com.tr\/en\/#\/schema\/logo\/image\/","url":"https:\/\/sertek.com.tr\/wp-content\/uploads\/2023\/06\/SertekLogo-1.png","contentUrl":"https:\/\/sertek.com.tr\/wp-content\/uploads\/2023\/06\/SertekLogo-1.png","width":300,"height":49,"caption":"Sertek Exhibitions"},"image":{"@id":"https:\/\/sertek.com.tr\/en\/#\/schema\/logo\/image\/"},"sameAs":["https:\/\/www.linkedin.com\/company\/sertek-exhibitions\/"]}]}},"jetpack_sharing_enabled":true,"_links":{"self":[{"href":"https:\/\/sertek.com.tr\/tr\/wp-json\/wp\/v2\/pages\/4619","targetHints":{"allow":["GET"]}}],"collection":[{"href":"https:\/\/sertek.com.tr\/tr\/wp-json\/wp\/v2\/pages"}],"about":[{"href":"https:\/\/sertek.com.tr\/tr\/wp-json\/wp\/v2\/types\/page"}],"author":[{"embeddable":true,"href":"https:\/\/sertek.com.tr\/tr\/wp-json\/wp\/v2\/users\/2"}],"replies":[{"embeddable":true,"href":"https:\/\/sertek.com.tr\/tr\/wp-json\/wp\/v2\/comments?post=4619"}],"version-history":[{"count":20,"href":"https:\/\/sertek.com.tr\/tr\/wp-json\/wp\/v2\/pages\/4619\/revisions"}],"predecessor-version":[{"id":7304,"href":"https:\/\/sertek.com.tr\/tr\/wp-json\/wp\/v2\/pages\/4619\/revisions\/7304"}],"wp:featuredmedia":[{"embeddable":true,"href":"https:\/\/sertek.com.tr\/tr\/wp-json\/wp\/v2\/media\/4920"}],"wp:attachment":[{"href":"https:\/\/sertek.com.tr\/tr\/wp-json\/wp\/v2\/media?parent=4619"}],"curies":[{"name":"wp","href":"https:\/\/api.w.org\/{rel}","templated":true}]}}