{"id":4627,"date":"2023-07-22T10:53:14","date_gmt":"2023-07-22T10:53:14","guid":{"rendered":"https:\/\/sertekexhibitions.com\/?page_id=4627"},"modified":"2023-10-28T16:38:40","modified_gmt":"2023-10-28T16:38:40","slug":"smart-grids-exhibit","status":"publish","type":"page","link":"https:\/\/sertek.com.tr\/tr\/akilli-sebekeler-sergisi\/","title":{"rendered":"Ak\u0131ll\u0131 \u015eebekeler Sergisi"},"content":{"rendered":"<div data-elementor-type=\"wp-page\" data-elementor-id=\"4627\" class=\"elementor elementor-4627\" data-elementor-settings=\"{&quot;ha_cmc_init_switcher&quot;:&quot;no&quot;}\">\n\t\t\t\t\t\t<section class=\"elementor-section elementor-top-section elementor-element elementor-element-9f5181a elementor-section-boxed elementor-section-height-default elementor-section-height-default\" data-id=\"9f5181a\" data-element_type=\"section\" data-settings=\"{&quot;_ha_eqh_enable&quot;:false}\">\n\t\t\t\t\t\t<div class=\"elementor-container elementor-column-gap-extended\">\n\t\t\t\t\t<div class=\"elementor-column elementor-col-100 elementor-top-column elementor-element elementor-element-e397ea5\" data-id=\"e397ea5\" data-element_type=\"column\">\n\t\t\t<div class=\"elementor-widget-wrap elementor-element-populated\">\n\t\t\t\t\t\t<section class=\"elementor-section elementor-inner-section elementor-element elementor-element-04ee2d9 elementor-section-full_width elementor-section-height-default elementor-section-height-default\" data-id=\"04ee2d9\" data-element_type=\"section\" data-settings=\"{&quot;background_background&quot;:&quot;classic&quot;,&quot;_ha_eqh_enable&quot;:false}\">\n\t\t\t\t\t\t<div class=\"elementor-container elementor-column-gap-wide\">\n\t\t\t\t\t<div class=\"elementor-column elementor-col-50 elementor-inner-column elementor-element elementor-element-5533d4d has-sticky-column\" data-id=\"5533d4d\" data-element_type=\"column\">\n\t\t\t<div class=\"elementor-widget-wrap elementor-element-populated\">\n\t\t\t\t\t\t<div class=\"elementor-element elementor-element-734f16e elementor-widget__width-inherit elementor-arrows-position-inside elementor-pagination-position-outside elementor-widget elementor-widget-image-carousel\" data-id=\"734f16e\" data-element_type=\"widget\" data-settings=\"{&quot;slides_to_show&quot;:&quot;1&quot;,&quot;navigation&quot;:&quot;both&quot;,&quot;autoplay&quot;:&quot;yes&quot;,&quot;pause_on_hover&quot;:&quot;yes&quot;,&quot;pause_on_interaction&quot;:&quot;yes&quot;,&quot;autoplay_speed&quot;:5000,&quot;infinite&quot;:&quot;yes&quot;,&quot;effect&quot;:&quot;slide&quot;,&quot;speed&quot;:500}\" data-widget_type=\"image-carousel.default\">\n\t\t\t\t<div class=\"elementor-widget-container\">\n\t\t\t\t\t\t\t<div class=\"elementor-image-carousel-wrapper swiper\" role=\"region\" aria-roledescription=\"carousel\" aria-label=\"Resim D\u00f6ng\u00fcs\u00fc\" dir=\"ltr\">\n\t\t\t<div class=\"elementor-image-carousel swiper-wrapper\" aria-live=\"off\">\n\t\t\t\t\t\t\t\t<div class=\"swiper-slide\" role=\"group\" aria-roledescription=\"slide\" aria-label=\"1 \/ 1\"><figure class=\"swiper-slide-inner\"><img decoding=\"async\" class=\"swiper-slide-image\" src=\"https:\/\/sertek.com.tr\/wp-content\/uploads\/elementor\/thumbs\/Smart-Grids-e1690037377280-qbxm8n3ihmn2f4lwuvk7kokn4bmnk7ifg8sfue65xk.jpeg\" alt=\"Ak\u0131ll\u0131 \u015eebekeler\" \/><\/figure><\/div>\t\t\t<\/div>\n\t\t\t\t\t<\/div>\n\t\t\t\t\t\t<\/div>\n\t\t\t\t<\/div>\n\t\t\t\t\t<\/div>\n\t\t<\/div>\n\t\t\t\t<div class=\"elementor-column elementor-col-50 elementor-inner-column elementor-element elementor-element-b691ff2\" data-id=\"b691ff2\" data-element_type=\"column\">\n\t\t\t<div class=\"elementor-widget-wrap elementor-element-populated\">\n\t\t\t\t\t\t<div class=\"elementor-element elementor-element-67564d4 elementor-widget elementor-widget-heading\" data-id=\"67564d4\" data-element_type=\"widget\" data-widget_type=\"heading.default\">\n\t\t\t\t<div class=\"elementor-widget-container\">\n\t\t\t\t\t<h1 class=\"elementor-heading-title elementor-size-default\">Ak\u0131ll\u0131 \u015eebekeler Sergisi<\/h1>\t\t\t\t<\/div>\n\t\t\t\t<\/div>\n\t\t\t\t<div class=\"elementor-element elementor-element-fe6212b elementor-widget elementor-widget-text-editor\" data-id=\"fe6212b\" data-element_type=\"widget\" data-widget_type=\"text-editor.default\">\n\t\t\t\t<div class=\"elementor-widget-container\">\n\t\t\t\t\t\t\t\t\t<p>Ak\u0131ll\u0131 \u015eebekeler sergisi, ziyaret\u00e7ilere enerji y\u00f6netimi ve s\u00fcrd\u00fcr\u00fclebilirlik d\u00fcnyas\u0131na dalmalar\u0131 i\u00e7in uygulamal\u0131 bir f\u0131rsat sunuyor. Ziyaret\u00e7ilerin enerji se\u00e7imlerinin inceliklerini ve sonu\u00e7lar\u0131n\u0131 ke\u015ffetmelerini sa\u011flayan e\u011fitici bir deneyim.<\/p>\n<p>Ak\u0131ll\u0131 \u015eebekeler, enerji y\u00f6netimi ve s\u00fcrd\u00fcr\u00fclebilirli\u011fin s\u00fcr\u00fckleyici bir ke\u015ffidir. Bu etkile\u015fimli sergi, ziyaret\u00e7ilerin sanal bir \u015fehrin enerji t\u00fcketimi hakk\u0131nda kararlar almas\u0131n\u0131 sa\u011flayan bir dokunmatik ekran kiosku etraf\u0131nda olu\u015fturulmu\u015ftur. Ziyaret\u00e7iler enerji t\u00fcketim seviyelerini ayarlad\u0131k\u00e7a, \u00e7e\u015fitli enerji kaynaklar\u0131n\u0131n talebe nas\u0131l yan\u0131t verdi\u011fini g\u00f6zlemleyebilirler.<\/p>\n<p>Ak\u0131ll\u0131 \u015eebekeler etkile\u015fimli ile enerji y\u00f6netiminin dinamik d\u00fcnyas\u0131n\u0131 ke\u015ffedin. Bu etkile\u015fimli, ziyaret\u00e7ileri sanal bir \u015fehrin enerji t\u00fcketimini \u00fcstlenmeye davet ederek, enerji kullan\u0131m\u0131n\u0131n gelece\u011fini \u015fekillendirmede uygulamal\u0131 bir deneyim sunuyor.<\/p>\t\t\t\t\t\t\t\t<\/div>\n\t\t\t\t<\/div>\n\t\t\t\t<div class=\"elementor-element elementor-element-11669c5 elementor-widget-divider--view-line elementor-widget elementor-widget-divider\" data-id=\"11669c5\" data-element_type=\"widget\" data-widget_type=\"divider.default\">\n\t\t\t\t<div class=\"elementor-widget-container\">\n\t\t\t\t\t\t\t<div class=\"elementor-divider\">\n\t\t\t<span class=\"elementor-divider-separator\">\n\t\t\t\t\t\t<\/span>\n\t\t<\/div>\n\t\t\t\t\t\t<\/div>\n\t\t\t\t<\/div>\n\t\t\t\t<div class=\"elementor-element elementor-element-12c22df elementor-widget elementor-widget-heading\" data-id=\"12c22df\" data-element_type=\"widget\" data-widget_type=\"heading.default\">\n\t\t\t\t<div class=\"elementor-widget-container\">\n\t\t\t\t\t<h2 class=\"elementor-heading-title elementor-size-default\">Ziyaret\u00e7i Deneyimi<\/h2>\t\t\t\t<\/div>\n\t\t\t\t<\/div>\n\t\t\t\t<div class=\"elementor-element elementor-element-2071964 elementor-widget elementor-widget-text-editor\" data-id=\"2071964\" data-element_type=\"widget\" data-widget_type=\"text-editor.default\">\n\t\t\t\t<div class=\"elementor-widget-container\">\n\t\t\t\t\t\t\t\t\t<p>Ak\u0131ll\u0131 \u015eebekeler sergisi, ak\u0131ll\u0131 bir \u015febekeyle \u00e7al\u0131\u015fan modern bir evin i\u015fleyi\u015fini sim\u00fcle eden bir s\u00f6zde oyun ortam\u0131 sunar. Ortam tan\u0131d\u0131kt\u0131r: Kontrol edilmeyi bekleyen cihazlar, ayd\u0131nlatma ve ayg\u0131tlarla dolu bir ev.<\/p>\n<p>G\u00f6reviniz basit ama g\u00f6z a\u00e7\u0131c\u0131: \u00c7e\u015fitli ev aletleriyle etkile\u015fim kurun ve ak\u0131ll\u0131 \u015febeke sistemini nas\u0131l etkilediklerini g\u00f6zlemleyin. Birka\u00e7 t\u0131klamayla aletleri a\u00e7\u0131p kapatabilir, evdeki g\u00fc\u00e7 talebini de\u011fi\u015ftirebilirsiniz.<\/p>\n<p>\u0130\u015fte sihir burada ger\u00e7ekle\u015fir. G\u00fc\u00e7 talebinizi art\u0131rd\u0131k\u00e7a, ak\u0131ll\u0131 bir \u015febekenin ger\u00e7ek zamanl\u0131 dinamiklerine tan\u0131k olacaks\u0131n\u0131z. Hidroelektrik ba\u015flang\u0131\u00e7ta yeterli olabilir, ancak talep artt\u0131k\u00e7a, gazla \u00e7al\u0131\u015fan elektrik santralinin canland\u0131\u011f\u0131n\u0131, bacalar\u0131n\u0131n siyah duman \u00e7\u0131kard\u0131\u011f\u0131n\u0131 fark edeceksiniz; bu, y\u00fcksek enerji t\u00fcketiminin \u00e7evresel sonu\u00e7lar\u0131n\u0131n \u00e7arp\u0131c\u0131 bir hat\u0131rlat\u0131c\u0131s\u0131d\u0131r.<\/p>\n<p>Ak\u0131ll\u0131 \u015eebekeler sergisi dinamik ve e\u011fitici bir deneyim sunuyor. Ziyaret\u00e7ileri enerji y\u00f6netimi d\u00fcnyas\u0131na dald\u0131ran etkile\u015fimli sergi, ak\u0131ll\u0131 \u015febekelerin s\u00fcrd\u00fcr\u00fclebilirli\u011fe ula\u015fmadaki kritik rol\u00fcn\u00fc vurguluyor.<\/p>\t\t\t\t\t\t\t\t<\/div>\n\t\t\t\t<\/div>\n\t\t\t\t<div class=\"elementor-element elementor-element-a005608 elementor-widget-divider--view-line elementor-widget elementor-widget-divider\" data-id=\"a005608\" data-element_type=\"widget\" data-widget_type=\"divider.default\">\n\t\t\t\t<div class=\"elementor-widget-container\">\n\t\t\t\t\t\t\t<div class=\"elementor-divider\">\n\t\t\t<span class=\"elementor-divider-separator\">\n\t\t\t\t\t\t<\/span>\n\t\t<\/div>\n\t\t\t\t\t\t<\/div>\n\t\t\t\t<\/div>\n\t\t\t\t<div class=\"elementor-element elementor-element-d73324e elementor-widget elementor-widget-heading\" data-id=\"d73324e\" data-element_type=\"widget\" data-widget_type=\"heading.default\">\n\t\t\t\t<div class=\"elementor-widget-container\">\n\t\t\t\t\t<h2 class=\"elementor-heading-title elementor-size-default\">\u00d6ne \u00c7\u0131kan \u00d6zellikler<\/h2>\t\t\t\t<\/div>\n\t\t\t\t<\/div>\n\t\t\t\t<div class=\"elementor-element elementor-element-e0fdeb2 elementor-widget elementor-widget-text-editor\" data-id=\"e0fdeb2\" data-element_type=\"widget\" data-widget_type=\"text-editor.default\">\n\t\t\t\t<div class=\"elementor-widget-container\">\n\t\t\t\t\t\t\t\t\t<ol><li><a href=\"https:\/\/impacx.io\/blog\/smart-energy-management\/#:~:text=Smart%20energy%20management%20is%20a,conditioners%20or%20using%20smart%20appliances.\" target=\"_blank\" rel=\"noopener\"><strong>Ak\u0131ll\u0131 Enerji Y\u00f6netimi:<\/strong><\/a> Ak\u0131ll\u0131 \u015eebekeler, ziyaret\u00e7ilere ak\u0131ll\u0131 enerji da\u011f\u0131t\u0131m\u0131 kavram\u0131n\u0131 ve bunun ger\u00e7ek zamanl\u0131 olarak g\u00fc\u00e7 kullan\u0131m\u0131n\u0131 nas\u0131l optimize etti\u011fini tan\u0131t\u0131yor.<\/li><li><strong>\u00c7evresel Etki:<\/strong> Ziyaret\u00e7iler, enerji t\u00fcketim tercihlerinin \u00e7evreyi nas\u0131l do\u011frudan etkiledi\u011fini birinci elden g\u00f6rerek, eko-bilin\u00e7 kazan\u0131yor.<\/li><li><strong>Kaynak Tahsisi:<\/strong> Sergi, enerji kaynaklar\u0131 aras\u0131ndaki hassas dengeyi ve talebin artt\u0131\u011f\u0131 d\u00f6nemlerde s\u00fcrd\u00fcr\u00fclebilir alternatiflere olan ihtiyac\u0131 g\u00f6zler \u00f6n\u00fcne seriyor.<\/li><li><strong>\u0130nteraktif \u00f6\u011frenmek:<\/strong> Ak\u0131ll\u0131 \u015eebekeler, ziyaret\u00e7ileri uygulamal\u0131 ke\u015fifler yoluyla harekete ge\u00e7irerek karma\u015f\u0131k enerji kavramlar\u0131n\u0131 eri\u015filebilir ve ili\u015fkilendirilebilir hale getirir.<\/li><li><strong>S\u00fcrd\u00fcr\u00fclebilirli\u011fin Te\u015fviki:<\/strong> Ak\u0131ll\u0131 \u015febekelerin faydalar\u0131n\u0131 g\u00f6zler \u00f6n\u00fcne seren sergi, ziyaret\u00e7ileri g\u00fcnl\u00fck ya\u015famlar\u0131nda enerji verimlili\u011fi uygulamalar\u0131n\u0131 benimsemeye te\u015fvik ediyor.<\/li><\/ol><p>Ak\u0131ll\u0131 \u015eebekeler sergisi, bilim merkezleri, bilim m\u00fczeleri, etkile\u015fimli \u00f6\u011frenme merkezleri, e\u011fitim alanlar\u0131 ve temal\u0131 ortamlar i\u00e7in ideal bir ektir. Se\u00e7imlerinizin s\u00fcrd\u00fcr\u00fclebilirli\u011fin gelece\u011fini \u015fekillendirdi\u011fi ak\u0131ll\u0131 enerji y\u00f6netimi alan\u0131na ad\u0131m at\u0131n. Ak\u0131ll\u0131 \u015febekelerin g\u00fcc\u00fcn\u00fc ke\u015ffedin ve birlikte daha ye\u015fil, daha temiz bir yar\u0131n in\u015fa edelim.<\/p>\t\t\t\t\t\t\t\t<\/div>\n\t\t\t\t<\/div>\n\t\t\t\t<div class=\"elementor-element elementor-element-8c9d4f7 elementor-widget-divider--view-line elementor-widget elementor-widget-divider\" data-id=\"8c9d4f7\" data-element_type=\"widget\" data-widget_type=\"divider.default\">\n\t\t\t\t<div class=\"elementor-widget-container\">\n\t\t\t\t\t\t\t<div class=\"elementor-divider\">\n\t\t\t<span class=\"elementor-divider-separator\">\n\t\t\t\t\t\t<\/span>\n\t\t<\/div>\n\t\t\t\t\t\t<\/div>\n\t\t\t\t<\/div>\n\t\t\t\t<div class=\"elementor-element elementor-element-318de6b elementor-widget elementor-widget-heading\" data-id=\"318de6b\" data-element_type=\"widget\" data-widget_type=\"heading.default\">\n\t\t\t\t<div class=\"elementor-widget-container\">\n\t\t\t\t\t<h2 class=\"elementor-heading-title elementor-size-default\">Hedef Ya\u015f<\/h2>\t\t\t\t<\/div>\n\t\t\t\t<\/div>\n\t\t\t\t<div class=\"elementor-element elementor-element-9154765 elementor-icon-list--layout-traditional elementor-list-item-link-full_width elementor-widget elementor-widget-icon-list\" data-id=\"9154765\" data-element_type=\"widget\" data-widget_type=\"icon-list.default\">\n\t\t\t\t<div class=\"elementor-widget-container\">\n\t\t\t\t\t\t\t<ul class=\"elementor-icon-list-items\">\n\t\t\t\t\t\t\t<li class=\"elementor-icon-list-item\">\n\t\t\t\t\t\t\t\t\t\t\t<span class=\"elementor-icon-list-icon\">\n\t\t\t\t\t\t\t<i aria-hidden=\"true\" class=\"fas fa-check\"><\/i>\t\t\t\t\t\t<\/span>\n\t\t\t\t\t\t\t\t\t\t<span class=\"elementor-icon-list-text\">8+<\/span>\n\t\t\t\t\t\t\t\t\t<\/li>\n\t\t\t\t\t\t<\/ul>\n\t\t\t\t\t\t<\/div>\n\t\t\t\t<\/div>\n\t\t\t\t<div class=\"elementor-element elementor-element-1c42117 elementor-widget-divider--view-line elementor-widget elementor-widget-divider\" data-id=\"1c42117\" data-element_type=\"widget\" data-widget_type=\"divider.default\">\n\t\t\t\t<div class=\"elementor-widget-container\">\n\t\t\t\t\t\t\t<div class=\"elementor-divider\">\n\t\t\t<span class=\"elementor-divider-separator\">\n\t\t\t\t\t\t<\/span>\n\t\t<\/div>\n\t\t\t\t\t\t<\/div>\n\t\t\t\t<\/div>\n\t\t\t\t<div class=\"elementor-element elementor-element-9a1ad82 elementor-widget elementor-widget-heading\" data-id=\"9a1ad82\" data-element_type=\"widget\" data-widget_type=\"heading.default\">\n\t\t\t\t<div class=\"elementor-widget-container\">\n\t\t\t\t\t<h2 class=\"elementor-heading-title elementor-size-default\">Uygulanabilir Temalar<\/h2>\t\t\t\t<\/div>\n\t\t\t\t<\/div>\n\t\t\t\t<div class=\"elementor-element elementor-element-a88d1e0 elementor-icon-list--layout-traditional elementor-list-item-link-full_width elementor-widget elementor-widget-icon-list\" data-id=\"a88d1e0\" data-element_type=\"widget\" data-widget_type=\"icon-list.default\">\n\t\t\t\t<div class=\"elementor-widget-container\">\n\t\t\t\t\t\t\t<ul class=\"elementor-icon-list-items\">\n\t\t\t\t\t\t\t<li class=\"elementor-icon-list-item\">\n\t\t\t\t\t\t\t\t\t\t\t<a href=\"https:\/\/sertek.com.tr\/tr\/enerji-temali-sergiler\/\">\n\n\t\t\t\t\t\t\t\t\t\t\t\t<span class=\"elementor-icon-list-icon\">\n\t\t\t\t\t\t\t<i aria-hidden=\"true\" class=\"fas fa-atom\"><\/i>\t\t\t\t\t\t<\/span>\n\t\t\t\t\t\t\t\t\t\t<span class=\"elementor-icon-list-text\">Enerji<\/span>\n\t\t\t\t\t\t\t\t\t\t\t<\/a>\n\t\t\t\t\t\t\t\t\t<\/li>\n\t\t\t\t\t\t\t\t<li class=\"elementor-icon-list-item\">\n\t\t\t\t\t\t\t\t\t\t\t<a href=\"https:\/\/sertek.com.tr\/tr\/doga-temali-sergiler\/\">\n\n\t\t\t\t\t\t\t\t\t\t\t\t<span class=\"elementor-icon-list-icon\">\n\t\t\t\t\t\t\t<i aria-hidden=\"true\" class=\"fas fa-check\"><\/i>\t\t\t\t\t\t<\/span>\n\t\t\t\t\t\t\t\t\t\t<span class=\"elementor-icon-list-text\">Do\u011fa<\/span>\n\t\t\t\t\t\t\t\t\t\t\t<\/a>\n\t\t\t\t\t\t\t\t\t<\/li>\n\t\t\t\t\t\t<\/ul>\n\t\t\t\t\t\t<\/div>\n\t\t\t\t<\/div>\n\t\t\t\t\t<\/div>\n\t\t<\/div>\n\t\t\t\t\t<\/div>\n\t\t<\/section>\n\t\t\t\t<div class=\"elementor-element elementor-element-b458126 elementor-widget elementor-widget-spacer\" data-id=\"b458126\" data-element_type=\"widget\" data-widget_type=\"spacer.default\">\n\t\t\t\t<div class=\"elementor-widget-container\">\n\t\t\t\t\t\t\t<div class=\"elementor-spacer\">\n\t\t\t<div class=\"elementor-spacer-inner\"><\/div>\n\t\t<\/div>\n\t\t\t\t\t\t<\/div>\n\t\t\t\t<\/div>\n\t\t\t\t\t<\/div>\n\t\t<\/div>\n\t\t\t\t\t<\/div>\n\t\t<\/section>\n\t\t\t\t<\/div>","protected":false},"excerpt":{"rendered":"<p>Ak\u0131ll\u0131 \u015eebekeler Sergisi Ak\u0131ll\u0131 \u015eebekeler sergisi, ziyaret\u00e7ilere enerji y\u00f6netimi ve s\u00fcrd\u00fcr\u00fclebilirlik d\u00fcnyas\u0131n\u0131 derinlemesine inceleme f\u0131rsat\u0131 sunuyor. Bu bir [\u2026]<\/p>","protected":false},"author":2,"featured_media":0,"parent":0,"menu_order":0,"comment_status":"closed","ping_status":"closed","template":"page-custom.php","meta":{"om_disable_all_campaigns":false,"_monsterinsights_skip_tracking":false,"_monsterinsights_sitenote_active":false,"_monsterinsights_sitenote_note":"","_monsterinsights_sitenote_category":0,"_uf_show_specific_survey":0,"_uf_disable_surveys":false,"footnotes":""},"class_list":["post-4627","page","type-page","status-publish","hentry"],"acf":{"full_width":false,"header_transparent":false,"header_white":false},"aioseo_notices":[],"yoast_head":"<!-- This site is optimized with the Yoast SEO plugin v26.9 - https:\/\/yoast.com\/product\/yoast-seo-wordpress\/ -->\n<title>Smart Grids Exhibit - Sertek Exhibitions<\/title>\n<meta name=\"description\" content=\"Smart Grids exhibit is an immersive exploration of energy management and sustainability for science centers and children&#039;s museums.\" \/>\n<meta name=\"robots\" content=\"index, follow, max-snippet:-1, max-image-preview:large, max-video-preview:-1\" \/>\n<link rel=\"canonical\" href=\"https:\/\/sertek.com.tr\/tr\/akilli-sebekeler-sergisi\/\" \/>\n<meta property=\"og:locale\" content=\"tr_TR\" \/>\n<meta property=\"og:type\" content=\"article\" \/>\n<meta property=\"og:title\" content=\"Smart Grids Exhibit - Sertek Exhibitions\" \/>\n<meta property=\"og:description\" content=\"Smart Grids exhibit is an immersive exploration of energy management and sustainability for science centers and children&#039;s museums.\" \/>\n<meta property=\"og:url\" content=\"https:\/\/sertek.com.tr\/tr\/akilli-sebekeler-sergisi\/\" \/>\n<meta property=\"og:site_name\" content=\"Sertek Exhibitions\" \/>\n<meta property=\"article:modified_time\" content=\"2023-10-28T16:38:40+00:00\" \/>\n<meta property=\"og:image\" content=\"https:\/\/sertek.com.tr\/wp-content\/uploads\/elementor\/thumbs\/Smart-Grids-e1690037377280-qbxm8n3ihmn2f4lwuvk7kokn4bmnk7ifg8sfue65xk.jpeg\" \/>\n<meta name=\"twitter:card\" content=\"summary_large_image\" \/>\n<meta name=\"twitter:label1\" content=\"Tahmini okuma s\u00fcresi\" \/>\n\t<meta name=\"twitter:data1\" content=\"3 dakika\" \/>\n<script type=\"application\/ld+json\" class=\"yoast-schema-graph\">{\"@context\":\"https:\/\/schema.org\",\"@graph\":[{\"@type\":\"WebPage\",\"@id\":\"https:\/\/sertek.com.tr\/en\/smart-grids-exhibit\/\",\"url\":\"https:\/\/sertek.com.tr\/en\/smart-grids-exhibit\/\",\"name\":\"Smart Grids Exhibit - Sertek Exhibitions\",\"isPartOf\":{\"@id\":\"https:\/\/sertek.com.tr\/en\/#website\"},\"primaryImageOfPage\":{\"@id\":\"https:\/\/sertek.com.tr\/en\/smart-grids-exhibit\/#primaryimage\"},\"image\":{\"@id\":\"https:\/\/sertek.com.tr\/en\/smart-grids-exhibit\/#primaryimage\"},\"thumbnailUrl\":\"https:\/\/sertek.com.tr\/wp-content\/uploads\/elementor\/thumbs\/Smart-Grids-e1690037377280-qbxm8n3ihmn2f4lwuvk7kokn4bmnk7ifg8sfue65xk.jpeg\",\"datePublished\":\"2023-07-22T10:53:14+00:00\",\"dateModified\":\"2023-10-28T16:38:40+00:00\",\"description\":\"Smart Grids exhibit is an immersive exploration of energy management and sustainability for science centers and children's museums.\",\"breadcrumb\":{\"@id\":\"https:\/\/sertek.com.tr\/en\/smart-grids-exhibit\/#breadcrumb\"},\"inLanguage\":\"tr\",\"potentialAction\":[{\"@type\":\"ReadAction\",\"target\":[\"https:\/\/sertek.com.tr\/en\/smart-grids-exhibit\/\"]}]},{\"@type\":\"ImageObject\",\"inLanguage\":\"tr\",\"@id\":\"https:\/\/sertek.com.tr\/en\/smart-grids-exhibit\/#primaryimage\",\"url\":\"https:\/\/sertek.com.tr\/wp-content\/uploads\/elementor\/thumbs\/Smart-Grids-e1690037377280-qbxm8n3ihmn2f4lwuvk7kokn4bmnk7ifg8sfue65xk.jpeg\",\"contentUrl\":\"https:\/\/sertek.com.tr\/wp-content\/uploads\/elementor\/thumbs\/Smart-Grids-e1690037377280-qbxm8n3ihmn2f4lwuvk7kokn4bmnk7ifg8sfue65xk.jpeg\"},{\"@type\":\"BreadcrumbList\",\"@id\":\"https:\/\/sertek.com.tr\/en\/smart-grids-exhibit\/#breadcrumb\",\"itemListElement\":[{\"@type\":\"ListItem\",\"position\":1,\"name\":\"Home\",\"item\":\"https:\/\/sertek.com.tr\/\"},{\"@type\":\"ListItem\",\"position\":2,\"name\":\"Smart Grids Exhibit\"}]},{\"@type\":\"WebSite\",\"@id\":\"https:\/\/sertek.com.tr\/en\/#website\",\"url\":\"https:\/\/sertek.com.tr\/en\/\",\"name\":\"Sertek Exhibitions\",\"description\":\"Sertek Exhibitons\",\"publisher\":{\"@id\":\"https:\/\/sertek.com.tr\/en\/#organization\"},\"potentialAction\":[{\"@type\":\"SearchAction\",\"target\":{\"@type\":\"EntryPoint\",\"urlTemplate\":\"https:\/\/sertek.com.tr\/en\/?s={search_term_string}\"},\"query-input\":{\"@type\":\"PropertyValueSpecification\",\"valueRequired\":true,\"valueName\":\"search_term_string\"}}],\"inLanguage\":\"tr\"},{\"@type\":\"Organization\",\"@id\":\"https:\/\/sertek.com.tr\/en\/#organization\",\"name\":\"Sertek Exhibitions\",\"url\":\"https:\/\/sertek.com.tr\/en\/\",\"logo\":{\"@type\":\"ImageObject\",\"inLanguage\":\"tr\",\"@id\":\"https:\/\/sertek.com.tr\/en\/#\/schema\/logo\/image\/\",\"url\":\"https:\/\/sertek.com.tr\/wp-content\/uploads\/2023\/06\/SertekLogo-1.png\",\"contentUrl\":\"https:\/\/sertek.com.tr\/wp-content\/uploads\/2023\/06\/SertekLogo-1.png\",\"width\":300,\"height\":49,\"caption\":\"Sertek Exhibitions\"},\"image\":{\"@id\":\"https:\/\/sertek.com.tr\/en\/#\/schema\/logo\/image\/\"},\"sameAs\":[\"https:\/\/www.linkedin.com\/company\/sertek-exhibitions\/\"]}]}<\/script>\n<!-- \/ Yoast SEO plugin. -->","yoast_head_json":{"title":"Smart Grids Exhibit - Sertek Exhibitions","description":"Smart Grids exhibit is an immersive exploration of energy management and sustainability for science centers and children's museums.","robots":{"index":"index","follow":"follow","max-snippet":"max-snippet:-1","max-image-preview":"max-image-preview:large","max-video-preview":"max-video-preview:-1"},"canonical":"https:\/\/sertek.com.tr\/tr\/akilli-sebekeler-sergisi\/","og_locale":"tr_TR","og_type":"article","og_title":"Smart Grids Exhibit - Sertek Exhibitions","og_description":"Smart Grids exhibit is an immersive exploration of energy management and sustainability for science centers and children's museums.","og_url":"https:\/\/sertek.com.tr\/tr\/akilli-sebekeler-sergisi\/","og_site_name":"Sertek Exhibitions","article_modified_time":"2023-10-28T16:38:40+00:00","og_image":[{"url":"https:\/\/sertek.com.tr\/wp-content\/uploads\/elementor\/thumbs\/Smart-Grids-e1690037377280-qbxm8n3ihmn2f4lwuvk7kokn4bmnk7ifg8sfue65xk.jpeg","type":"","width":"","height":""}],"twitter_card":"summary_large_image","twitter_misc":{"Tahmini okuma s\u00fcresi":"3 dakika"},"schema":{"@context":"https:\/\/schema.org","@graph":[{"@type":"WebPage","@id":"https:\/\/sertek.com.tr\/en\/smart-grids-exhibit\/","url":"https:\/\/sertek.com.tr\/en\/smart-grids-exhibit\/","name":"Smart Grids Exhibit - Sertek Exhibitions","isPartOf":{"@id":"https:\/\/sertek.com.tr\/en\/#website"},"primaryImageOfPage":{"@id":"https:\/\/sertek.com.tr\/en\/smart-grids-exhibit\/#primaryimage"},"image":{"@id":"https:\/\/sertek.com.tr\/en\/smart-grids-exhibit\/#primaryimage"},"thumbnailUrl":"https:\/\/sertek.com.tr\/wp-content\/uploads\/elementor\/thumbs\/Smart-Grids-e1690037377280-qbxm8n3ihmn2f4lwuvk7kokn4bmnk7ifg8sfue65xk.jpeg","datePublished":"2023-07-22T10:53:14+00:00","dateModified":"2023-10-28T16:38:40+00:00","description":"Smart Grids exhibit is an immersive exploration of energy management and sustainability for science centers and children's museums.","breadcrumb":{"@id":"https:\/\/sertek.com.tr\/en\/smart-grids-exhibit\/#breadcrumb"},"inLanguage":"tr","potentialAction":[{"@type":"ReadAction","target":["https:\/\/sertek.com.tr\/en\/smart-grids-exhibit\/"]}]},{"@type":"ImageObject","inLanguage":"tr","@id":"https:\/\/sertek.com.tr\/en\/smart-grids-exhibit\/#primaryimage","url":"https:\/\/sertek.com.tr\/wp-content\/uploads\/elementor\/thumbs\/Smart-Grids-e1690037377280-qbxm8n3ihmn2f4lwuvk7kokn4bmnk7ifg8sfue65xk.jpeg","contentUrl":"https:\/\/sertek.com.tr\/wp-content\/uploads\/elementor\/thumbs\/Smart-Grids-e1690037377280-qbxm8n3ihmn2f4lwuvk7kokn4bmnk7ifg8sfue65xk.jpeg"},{"@type":"BreadcrumbList","@id":"https:\/\/sertek.com.tr\/en\/smart-grids-exhibit\/#breadcrumb","itemListElement":[{"@type":"ListItem","position":1,"name":"Home","item":"https:\/\/sertek.com.tr\/"},{"@type":"ListItem","position":2,"name":"Smart Grids Exhibit"}]},{"@type":"WebSite","@id":"https:\/\/sertek.com.tr\/en\/#website","url":"https:\/\/sertek.com.tr\/en\/","name":"Sertek Exhibitions","description":"Sertek Exhibitons","publisher":{"@id":"https:\/\/sertek.com.tr\/en\/#organization"},"potentialAction":[{"@type":"SearchAction","target":{"@type":"EntryPoint","urlTemplate":"https:\/\/sertek.com.tr\/en\/?s={search_term_string}"},"query-input":{"@type":"PropertyValueSpecification","valueRequired":true,"valueName":"search_term_string"}}],"inLanguage":"tr"},{"@type":"Organization","@id":"https:\/\/sertek.com.tr\/en\/#organization","name":"Sertek Exhibitions","url":"https:\/\/sertek.com.tr\/en\/","logo":{"@type":"ImageObject","inLanguage":"tr","@id":"https:\/\/sertek.com.tr\/en\/#\/schema\/logo\/image\/","url":"https:\/\/sertek.com.tr\/wp-content\/uploads\/2023\/06\/SertekLogo-1.png","contentUrl":"https:\/\/sertek.com.tr\/wp-content\/uploads\/2023\/06\/SertekLogo-1.png","width":300,"height":49,"caption":"Sertek Exhibitions"},"image":{"@id":"https:\/\/sertek.com.tr\/en\/#\/schema\/logo\/image\/"},"sameAs":["https:\/\/www.linkedin.com\/company\/sertek-exhibitions\/"]}]}},"jetpack_sharing_enabled":true,"_links":{"self":[{"href":"https:\/\/sertek.com.tr\/tr\/wp-json\/wp\/v2\/pages\/4627","targetHints":{"allow":["GET"]}}],"collection":[{"href":"https:\/\/sertek.com.tr\/tr\/wp-json\/wp\/v2\/pages"}],"about":[{"href":"https:\/\/sertek.com.tr\/tr\/wp-json\/wp\/v2\/types\/page"}],"author":[{"embeddable":true,"href":"https:\/\/sertek.com.tr\/tr\/wp-json\/wp\/v2\/users\/2"}],"replies":[{"embeddable":true,"href":"https:\/\/sertek.com.tr\/tr\/wp-json\/wp\/v2\/comments?post=4627"}],"version-history":[{"count":20,"href":"https:\/\/sertek.com.tr\/tr\/wp-json\/wp\/v2\/pages\/4627\/revisions"}],"predecessor-version":[{"id":7226,"href":"https:\/\/sertek.com.tr\/tr\/wp-json\/wp\/v2\/pages\/4627\/revisions\/7226"}],"wp:attachment":[{"href":"https:\/\/sertek.com.tr\/tr\/wp-json\/wp\/v2\/media?parent=4627"}],"curies":[{"name":"wp","href":"https:\/\/api.w.org\/{rel}","templated":true}]}}