{"id":5022,"date":"2023-07-24T11:02:15","date_gmt":"2023-07-24T11:02:15","guid":{"rendered":"https:\/\/sertekexhibitions.com\/?page_id=5022"},"modified":"2023-10-07T13:50:01","modified_gmt":"2023-10-07T13:50:01","slug":"interactive-floor-exhibit","status":"publish","type":"page","link":"https:\/\/sertek.com.tr\/tr\/interaktif-kat-sergi\/","title":{"rendered":"\u0130nteraktif Zemin Sergisi"},"content":{"rendered":"<div data-elementor-type=\"wp-page\" data-elementor-id=\"5022\" class=\"elementor elementor-5022\" data-elementor-settings=\"{&quot;ha_cmc_init_switcher&quot;:&quot;no&quot;}\">\n\t\t\t\t\t\t<section class=\"elementor-section elementor-top-section elementor-element elementor-element-9f5181a elementor-section-boxed elementor-section-height-default elementor-section-height-default\" data-id=\"9f5181a\" data-element_type=\"section\" data-settings=\"{&quot;_ha_eqh_enable&quot;:false}\">\n\t\t\t\t\t\t<div class=\"elementor-container elementor-column-gap-extended\">\n\t\t\t\t\t<div class=\"elementor-column elementor-col-100 elementor-top-column elementor-element elementor-element-e397ea5\" data-id=\"e397ea5\" data-element_type=\"column\">\n\t\t\t<div class=\"elementor-widget-wrap elementor-element-populated\">\n\t\t\t\t\t\t<section class=\"elementor-section elementor-inner-section elementor-element elementor-element-04ee2d9 elementor-section-full_width elementor-section-height-default elementor-section-height-default\" data-id=\"04ee2d9\" data-element_type=\"section\" data-settings=\"{&quot;background_background&quot;:&quot;classic&quot;,&quot;_ha_eqh_enable&quot;:false}\">\n\t\t\t\t\t\t<div class=\"elementor-container elementor-column-gap-wide\">\n\t\t\t\t\t<div class=\"elementor-column elementor-col-50 elementor-inner-column elementor-element elementor-element-5533d4d has-sticky-column\" data-id=\"5533d4d\" data-element_type=\"column\">\n\t\t\t<div class=\"elementor-widget-wrap elementor-element-populated\">\n\t\t\t\t\t\t<div class=\"elementor-element elementor-element-734f16e elementor-widget__width-inherit elementor-arrows-position-inside elementor-pagination-position-outside elementor-widget elementor-widget-image-carousel\" data-id=\"734f16e\" data-element_type=\"widget\" data-settings=\"{&quot;slides_to_show&quot;:&quot;1&quot;,&quot;navigation&quot;:&quot;both&quot;,&quot;autoplay&quot;:&quot;yes&quot;,&quot;pause_on_hover&quot;:&quot;yes&quot;,&quot;pause_on_interaction&quot;:&quot;yes&quot;,&quot;autoplay_speed&quot;:5000,&quot;infinite&quot;:&quot;yes&quot;,&quot;effect&quot;:&quot;slide&quot;,&quot;speed&quot;:500}\" data-widget_type=\"image-carousel.default\">\n\t\t\t\t<div class=\"elementor-widget-container\">\n\t\t\t\t\t\t\t<div class=\"elementor-image-carousel-wrapper swiper\" role=\"region\" aria-roledescription=\"carousel\" aria-label=\"Resim D\u00f6ng\u00fcs\u00fc\" dir=\"ltr\">\n\t\t\t<div class=\"elementor-image-carousel swiper-wrapper\" aria-live=\"off\">\n\t\t\t\t\t\t\t\t<div class=\"swiper-slide\" role=\"group\" aria-roledescription=\"slide\" aria-label=\"1 \/ 2\"><figure class=\"swiper-slide-inner\"><img decoding=\"async\" class=\"swiper-slide-image\" src=\"https:\/\/sertek.com.tr\/wp-content\/uploads\/elementor\/thumbs\/InteractiveFloor-qbxm8n3ihmn2f4lwuvk7kokn4bmnk7ifg8sfue65xk.png\" alt=\"\u0130nteraktif Zemin\" \/><\/figure><\/div><div class=\"swiper-slide\" role=\"group\" aria-roledescription=\"slide\" aria-label=\"2 \/ 2\"><figure class=\"swiper-slide-inner\"><img decoding=\"async\" class=\"swiper-slide-image\" src=\"https:\/\/sertek.com.tr\/wp-content\/uploads\/elementor\/thumbs\/IMG_1423-qbxm8n3ihmn2f4lwuvk7kokn4bmnk7ifg8sfue65xk.jpg\" alt=\"IMG_1423\" \/><\/figure><\/div>\t\t\t<\/div>\n\t\t\t\t\t\t\t\t\t\t\t\t<div class=\"elementor-swiper-button elementor-swiper-button-prev\" role=\"button\" tabindex=\"0\">\n\t\t\t\t\t\t<i aria-hidden=\"true\" class=\"eicon-chevron-left\"><\/i>\t\t\t\t\t<\/div>\n\t\t\t\t\t<div class=\"elementor-swiper-button elementor-swiper-button-next\" role=\"button\" tabindex=\"0\">\n\t\t\t\t\t\t<i aria-hidden=\"true\" class=\"eicon-chevron-right\"><\/i>\t\t\t\t\t<\/div>\n\t\t\t\t\n\t\t\t\t\t\t\t\t\t<div class=\"swiper-pagination\"><\/div>\n\t\t\t\t\t\t\t\t\t<\/div>\n\t\t\t\t\t\t<\/div>\n\t\t\t\t<\/div>\n\t\t\t\t\t<\/div>\n\t\t<\/div>\n\t\t\t\t<div class=\"elementor-column elementor-col-50 elementor-inner-column elementor-element elementor-element-b691ff2\" data-id=\"b691ff2\" data-element_type=\"column\">\n\t\t\t<div class=\"elementor-widget-wrap elementor-element-populated\">\n\t\t\t\t\t\t<div class=\"elementor-element elementor-element-67564d4 elementor-widget elementor-widget-heading\" data-id=\"67564d4\" data-element_type=\"widget\" data-widget_type=\"heading.default\">\n\t\t\t\t<div class=\"elementor-widget-container\">\n\t\t\t\t\t<h1 class=\"elementor-heading-title elementor-size-default\">\u0130nteraktif Zemin Sergisi<\/h1>\t\t\t\t<\/div>\n\t\t\t\t<\/div>\n\t\t\t\t<div class=\"elementor-element elementor-element-fe6212b elementor-widget elementor-widget-text-editor\" data-id=\"fe6212b\" data-element_type=\"widget\" data-widget_type=\"text-editor.default\">\n\t\t\t\t<div class=\"elementor-widget-container\">\n\t\t\t\t\t\t\t\t\t<p><span style=\"color: var(--color-contrast-higher);\">\u0130nteraktif zemin sergisi\u00a0<\/span>yeniden yorumlama<span style=\"color: var(--color-contrast-higher);\">\u00a0tan\u0131nm\u0131\u015f TV \u015fovunun <a href=\"https:\/\/www.imdb.com\/title\/tt12370124\/\" target=\"_blank\" rel=\"noopener\">Zemin Lav<\/a>.\u00a0<\/span><span style=\"color: var(--color-contrast-higher);\">Sertek Fuarc\u0131l\u0131k&#039;\u0131n heyecan verici ve ikonik sergisi \u0130nteraktif Zemin d\u00fcnyas\u0131na ad\u0131m at\u0131n. Burada ziyaret\u00e7iler bir araya gelerek ekip \u00e7al\u0131\u015fmas\u0131n\u0131n, stratejinin ve dost\u00e7a rekabetin heyecan\u0131n\u0131 ya\u015f\u0131yor.<\/span><\/p><p>Tak\u0131mlar olu\u015fturun, heyecan verici bir maceraya at\u0131l\u0131n ve engelleri a\u015farak ve duvardaki yan\u0131p s\u00f6nen d\u00fc\u011fmelere h\u0131zla basarak puan toplay\u0131n. Ancak bir de\u011fi\u015fiklik var; sahadaki her ad\u0131m, zar zor kazand\u0131\u011f\u0131n\u0131z puanlardan puan d\u00fc\u015f\u00fcr\u00fcyor. Yaln\u0131zca en \u00e7evik ve stratejik kat\u0131l\u0131mc\u0131lar \u015fampiyon olarak ortaya \u00e7\u0131kacak.<\/p>\t\t\t\t\t\t\t\t<\/div>\n\t\t\t\t<\/div>\n\t\t\t\t<div class=\"elementor-element elementor-element-11669c5 elementor-widget-divider--view-line elementor-widget elementor-widget-divider\" data-id=\"11669c5\" data-element_type=\"widget\" data-widget_type=\"divider.default\">\n\t\t\t\t<div class=\"elementor-widget-container\">\n\t\t\t\t\t\t\t<div class=\"elementor-divider\">\n\t\t\t<span class=\"elementor-divider-separator\">\n\t\t\t\t\t\t<\/span>\n\t\t<\/div>\n\t\t\t\t\t\t<\/div>\n\t\t\t\t<\/div>\n\t\t\t\t<div class=\"elementor-element elementor-element-12c22df elementor-widget elementor-widget-heading\" data-id=\"12c22df\" data-element_type=\"widget\" data-widget_type=\"heading.default\">\n\t\t\t\t<div class=\"elementor-widget-container\">\n\t\t\t\t\t<h2 class=\"elementor-heading-title elementor-size-default\">Ziyaret\u00e7i Deneyimi<\/h2>\t\t\t\t<\/div>\n\t\t\t\t<\/div>\n\t\t\t\t<div class=\"elementor-element elementor-element-2071964 elementor-widget elementor-widget-text-editor\" data-id=\"2071964\" data-element_type=\"widget\" data-widget_type=\"text-editor.default\">\n\t\t\t\t<div class=\"elementor-widget-container\">\n\t\t\t\t\t\t\t\t\t<p>Interactive Floor sergisinde hedefiniz \u00e7ok net: tak\u0131m arkada\u015flar\u0131n\u0131zla i\u015fbirli\u011fi yap\u0131n, zamana kar\u015f\u0131 yar\u0131\u015f\u0131n ve m\u00fcmk\u00fcn oldu\u011fu kadar \u00e7ok puan kazanmay\u0131 hedefleyin.<\/p><p>Duvar\u0131 s\u00fcsleyen yan\u0131p s\u00f6nen d\u00fc\u011fmelere stratejik olarak basarak bir dizi heyecan verici engeli \u00e7eviklik ve hassasiyetle a\u015f\u0131n. D\u00fc\u011fmeye her ba\u015far\u0131l\u0131 bas\u0131\u015f, tak\u0131m\u0131n\u0131z\u0131n \u00e7etelesine de\u011ferli puanlar katarak sizi zafere yakla\u015ft\u0131r\u0131yor. Ancak dikkatli olun, \u00e7\u00fcnk\u00fc yere basmak toplam puan\u0131n\u0131zdan d\u00fc\u015f\u00fclecektir.<\/p><p>Siz ve ekibiniz strateji geli\u015ftirirken, zorluklar\u0131n \u00fcstesinden gelirken ve anl\u0131k kararlar al\u0131rken yo\u011funlu\u011fun artt\u0131\u011f\u0131n\u0131 hissedin. Kazanan tak\u0131m, \u00e7eviklik, tak\u0131m \u00e7al\u0131\u015fmas\u0131 ve stratejik planlama konusundaki becerilerini sergileyen en y\u00fcksek puana g\u00f6re belirlenir.<\/p><p>\u0130nteraktif Zemin sergisi, fiziksel aktiviteyi, ekip \u00e7al\u0131\u015fmas\u0131n\u0131 ve h\u0131zl\u0131 karar almay\u0131 te\u015fvik eden heyecan verici ve dinamik bir deneyim sunuyor.<\/p>\t\t\t\t\t\t\t\t<\/div>\n\t\t\t\t<\/div>\n\t\t\t\t<div class=\"elementor-element elementor-element-a005608 elementor-widget-divider--view-line elementor-widget elementor-widget-divider\" data-id=\"a005608\" data-element_type=\"widget\" data-widget_type=\"divider.default\">\n\t\t\t\t<div class=\"elementor-widget-container\">\n\t\t\t\t\t\t\t<div class=\"elementor-divider\">\n\t\t\t<span class=\"elementor-divider-separator\">\n\t\t\t\t\t\t<\/span>\n\t\t<\/div>\n\t\t\t\t\t\t<\/div>\n\t\t\t\t<\/div>\n\t\t\t\t<div class=\"elementor-element elementor-element-d73324e elementor-widget elementor-widget-heading\" data-id=\"d73324e\" data-element_type=\"widget\" data-widget_type=\"heading.default\">\n\t\t\t\t<div class=\"elementor-widget-container\">\n\t\t\t\t\t<h2 class=\"elementor-heading-title elementor-size-default\">\u00d6ne \u00c7\u0131kan \u00d6zellikler<\/h2>\t\t\t\t<\/div>\n\t\t\t\t<\/div>\n\t\t\t\t<div class=\"elementor-element elementor-element-e0fdeb2 elementor-widget elementor-widget-text-editor\" data-id=\"e0fdeb2\" data-element_type=\"widget\" data-widget_type=\"text-editor.default\">\n\t\t\t\t<div class=\"elementor-widget-container\">\n\t\t\t\t\t\t\t\t\t<ol><li><strong>Fiziksel \u00c7eviklik:<\/strong> \u0130nteraktif Zemin, ziyaret\u00e7ilerin engelleri a\u015farken aktif, \u00e7evik ve koordineli kalmalar\u0131n\u0131 te\u015fvik eder.<\/li><li><strong>Tak\u0131m \u00c7al\u0131\u015fmas\u0131 ve \u0130\u015fbirli\u011fi:<\/strong> Ziyaret\u00e7iler zafere do\u011fru birlikte \u00e7al\u0131\u015f\u0131rken ekip \u00e7al\u0131\u015fmas\u0131n\u0131n, ileti\u015fimin ve i\u015fbirli\u011finin de\u011ferini \u00f6\u011freniyorlar.<\/li><li><strong><a href=\"https:\/\/www.simplilearn.com\/benefits-of-strategic-decision-making-article\" target=\"_blank\" rel=\"noopener\">Stratejik Karar Verme<\/a>:<\/strong> Sergi, kat\u0131l\u0131mc\u0131lar\u0131 kendi ayaklar\u0131 \u00fczerinde d\u00fc\u015f\u00fcnmeye, h\u0131zl\u0131 kararlar almaya ve de\u011fi\u015fen durumlara uyum sa\u011flamaya zorluyor.<\/li><li><strong>Puan Bazl\u0131 Puanlama:<\/strong> Interactive Floor, ziyaret\u00e7ilere puana dayal\u0131 puanlama kavram\u0131n\u0131 tan\u0131t\u0131r ve onlara hedef belirleme, ilerleme takibi ve ba\u015far\u0131ya ula\u015fma hakk\u0131nda bilgi verir.<\/li><li><strong>\u0130lgi \u00c7ekici Rekabet:<\/strong>Sergi, fiziksel aktiviteyi heyecan verici bir rekabete d\u00f6n\u00fc\u015ft\u00fcrerek \u00f6\u011frenmeyi keyifli ve unutulmaz bir deneyim haline getiriyor.<\/li><\/ol>\t\t\t\t\t\t\t\t<\/div>\n\t\t\t\t<\/div>\n\t\t\t\t<div class=\"elementor-element elementor-element-8c9d4f7 elementor-widget-divider--view-line elementor-widget elementor-widget-divider\" data-id=\"8c9d4f7\" data-element_type=\"widget\" data-widget_type=\"divider.default\">\n\t\t\t\t<div class=\"elementor-widget-container\">\n\t\t\t\t\t\t\t<div class=\"elementor-divider\">\n\t\t\t<span class=\"elementor-divider-separator\">\n\t\t\t\t\t\t<\/span>\n\t\t<\/div>\n\t\t\t\t\t\t<\/div>\n\t\t\t\t<\/div>\n\t\t\t\t<div class=\"elementor-element elementor-element-318de6b elementor-widget elementor-widget-heading\" data-id=\"318de6b\" data-element_type=\"widget\" data-widget_type=\"heading.default\">\n\t\t\t\t<div class=\"elementor-widget-container\">\n\t\t\t\t\t<h2 class=\"elementor-heading-title elementor-size-default\">Hedef Ya\u015f<\/h2>\t\t\t\t<\/div>\n\t\t\t\t<\/div>\n\t\t\t\t<div class=\"elementor-element elementor-element-9154765 elementor-icon-list--layout-traditional elementor-list-item-link-full_width elementor-widget elementor-widget-icon-list\" data-id=\"9154765\" data-element_type=\"widget\" data-widget_type=\"icon-list.default\">\n\t\t\t\t<div class=\"elementor-widget-container\">\n\t\t\t\t\t\t\t<ul class=\"elementor-icon-list-items\">\n\t\t\t\t\t\t\t<li class=\"elementor-icon-list-item\">\n\t\t\t\t\t\t\t\t\t\t\t<span class=\"elementor-icon-list-icon\">\n\t\t\t\t\t\t\t<i aria-hidden=\"true\" class=\"fas fa-check\"><\/i>\t\t\t\t\t\t<\/span>\n\t\t\t\t\t\t\t\t\t\t<span class=\"elementor-icon-list-text\">Her ya\u015ftan.<\/span>\n\t\t\t\t\t\t\t\t\t<\/li>\n\t\t\t\t\t\t<\/ul>\n\t\t\t\t\t\t<\/div>\n\t\t\t\t<\/div>\n\t\t\t\t<div class=\"elementor-element elementor-element-1c42117 elementor-widget-divider--view-line elementor-widget elementor-widget-divider\" data-id=\"1c42117\" data-element_type=\"widget\" data-widget_type=\"divider.default\">\n\t\t\t\t<div class=\"elementor-widget-container\">\n\t\t\t\t\t\t\t<div class=\"elementor-divider\">\n\t\t\t<span class=\"elementor-divider-separator\">\n\t\t\t\t\t\t<\/span>\n\t\t<\/div>\n\t\t\t\t\t\t<\/div>\n\t\t\t\t<\/div>\n\t\t\t\t<div class=\"elementor-element elementor-element-9a1ad82 elementor-widget elementor-widget-heading\" data-id=\"9a1ad82\" data-element_type=\"widget\" data-widget_type=\"heading.default\">\n\t\t\t\t<div class=\"elementor-widget-container\">\n\t\t\t\t\t<h2 class=\"elementor-heading-title elementor-size-default\">Uygulanabilir Temalar<\/h2>\t\t\t\t<\/div>\n\t\t\t\t<\/div>\n\t\t\t\t<div class=\"elementor-element elementor-element-71be6aa elementor-icon-list--layout-traditional elementor-list-item-link-full_width elementor-widget elementor-widget-icon-list\" data-id=\"71be6aa\" data-element_type=\"widget\" data-widget_type=\"icon-list.default\">\n\t\t\t\t<div class=\"elementor-widget-container\">\n\t\t\t\t\t\t\t<ul class=\"elementor-icon-list-items\">\n\t\t\t\t\t\t\t<li class=\"elementor-icon-list-item\">\n\t\t\t\t\t\t\t\t\t\t\t<a href=\"https:\/\/sertek.com.tr\/tr\/spor-temali-sergiler\/\">\n\n\t\t\t\t\t\t\t\t\t\t\t\t<span class=\"elementor-icon-list-icon\">\n\t\t\t\t\t\t\t<i aria-hidden=\"true\" class=\"fas fa-running\"><\/i>\t\t\t\t\t\t<\/span>\n\t\t\t\t\t\t\t\t\t\t<span class=\"elementor-icon-list-text\">Spor Dallar\u0131<\/span>\n\t\t\t\t\t\t\t\t\t\t\t<\/a>\n\t\t\t\t\t\t\t\t\t<\/li>\n\t\t\t\t\t\t<\/ul>\n\t\t\t\t\t\t<\/div>\n\t\t\t\t<\/div>\n\t\t\t\t\t<\/div>\n\t\t<\/div>\n\t\t\t\t\t<\/div>\n\t\t<\/section>\n\t\t\t\t<div class=\"elementor-element elementor-element-b458126 elementor-widget elementor-widget-spacer\" data-id=\"b458126\" data-element_type=\"widget\" data-widget_type=\"spacer.default\">\n\t\t\t\t<div class=\"elementor-widget-container\">\n\t\t\t\t\t\t\t<div class=\"elementor-spacer\">\n\t\t\t<div class=\"elementor-spacer-inner\"><\/div>\n\t\t<\/div>\n\t\t\t\t\t\t<\/div>\n\t\t\t\t<\/div>\n\t\t\t\t\t<\/div>\n\t\t<\/div>\n\t\t\t\t\t<\/div>\n\t\t<\/section>\n\t\t\t\t<\/div>","protected":false},"excerpt":{"rendered":"<p>Etkile\u015fimli Zemin Sergisi Etkile\u015fimli zemin sergisi, \u00fcnl\u00fc TV program\u0131 Floor is Lava&#039;n\u0131n yeniden yorumlanmas\u0131d\u0131r. Heyecan verici ve [\u2026] Etkile\u015fimli Zemin d\u00fcnyas\u0131na ad\u0131m at\u0131n.<\/p>","protected":false},"author":2,"featured_media":0,"parent":0,"menu_order":0,"comment_status":"closed","ping_status":"closed","template":"page-custom.php","meta":{"om_disable_all_campaigns":false,"_monsterinsights_skip_tracking":false,"_monsterinsights_sitenote_active":false,"_monsterinsights_sitenote_note":"","_monsterinsights_sitenote_category":0,"_uf_show_specific_survey":0,"_uf_disable_surveys":false,"footnotes":""},"class_list":["post-5022","page","type-page","status-publish","hentry"],"acf":{"full_width":false,"header_transparent":false,"header_white":false},"aioseo_notices":[],"yoast_head":"<!-- This site is optimized with the Yoast SEO plugin v26.9 - https:\/\/yoast.com\/product\/yoast-seo-wordpress\/ -->\n<title>Interactive Floor Exhibit - Sertek Exhibitions<\/title>\n<meta name=\"description\" content=\"Interactive floor exhibit is a reinterpretation of well-know TV show Floor is Lava for children&#039;s museums and amusement parks.\" \/>\n<meta name=\"robots\" content=\"index, follow, max-snippet:-1, max-image-preview:large, max-video-preview:-1\" \/>\n<link rel=\"canonical\" href=\"https:\/\/sertek.com.tr\/tr\/interaktif-kat-sergi\/\" \/>\n<meta property=\"og:locale\" content=\"tr_TR\" \/>\n<meta property=\"og:type\" content=\"article\" \/>\n<meta property=\"og:title\" content=\"Interactive Floor Exhibit - Sertek Exhibitions\" \/>\n<meta property=\"og:description\" content=\"Interactive floor exhibit is a reinterpretation of well-know TV show Floor is Lava for children&#039;s museums and amusement parks.\" \/>\n<meta property=\"og:url\" content=\"https:\/\/sertek.com.tr\/tr\/interaktif-kat-sergi\/\" \/>\n<meta property=\"og:site_name\" content=\"Sertek Exhibitions\" \/>\n<meta property=\"article:modified_time\" content=\"2023-10-07T13:50:01+00:00\" \/>\n<meta property=\"og:image\" content=\"https:\/\/sertek.com.tr\/wp-content\/uploads\/elementor\/thumbs\/InteractiveFloor-qbxm8n3ihmn2f4lwuvk7kokn4bmnk7ifg8sfue65xk.png\" \/>\n<meta name=\"twitter:card\" content=\"summary_large_image\" \/>\n<meta name=\"twitter:label1\" content=\"Tahmini okuma s\u00fcresi\" \/>\n\t<meta name=\"twitter:data1\" content=\"3 dakika\" \/>\n<script type=\"application\/ld+json\" class=\"yoast-schema-graph\">{\"@context\":\"https:\/\/schema.org\",\"@graph\":[{\"@type\":\"WebPage\",\"@id\":\"https:\/\/sertek.com.tr\/en\/interactive-floor-exhibit\/\",\"url\":\"https:\/\/sertek.com.tr\/en\/interactive-floor-exhibit\/\",\"name\":\"Interactive Floor Exhibit - Sertek Exhibitions\",\"isPartOf\":{\"@id\":\"https:\/\/sertek.com.tr\/en\/#website\"},\"primaryImageOfPage\":{\"@id\":\"https:\/\/sertek.com.tr\/en\/interactive-floor-exhibit\/#primaryimage\"},\"image\":{\"@id\":\"https:\/\/sertek.com.tr\/en\/interactive-floor-exhibit\/#primaryimage\"},\"thumbnailUrl\":\"https:\/\/sertek.com.tr\/wp-content\/uploads\/elementor\/thumbs\/InteractiveFloor-qbxm8n3ihmn2f4lwuvk7kokn4bmnk7ifg8sfue65xk.png\",\"datePublished\":\"2023-07-24T11:02:15+00:00\",\"dateModified\":\"2023-10-07T13:50:01+00:00\",\"description\":\"Interactive floor exhibit is a reinterpretation of well-know TV show Floor is Lava for children's museums and amusement parks.\",\"breadcrumb\":{\"@id\":\"https:\/\/sertek.com.tr\/en\/interactive-floor-exhibit\/#breadcrumb\"},\"inLanguage\":\"tr\",\"potentialAction\":[{\"@type\":\"ReadAction\",\"target\":[\"https:\/\/sertek.com.tr\/en\/interactive-floor-exhibit\/\"]}]},{\"@type\":\"ImageObject\",\"inLanguage\":\"tr\",\"@id\":\"https:\/\/sertek.com.tr\/en\/interactive-floor-exhibit\/#primaryimage\",\"url\":\"https:\/\/sertek.com.tr\/wp-content\/uploads\/elementor\/thumbs\/InteractiveFloor-qbxm8n3ihmn2f4lwuvk7kokn4bmnk7ifg8sfue65xk.png\",\"contentUrl\":\"https:\/\/sertek.com.tr\/wp-content\/uploads\/elementor\/thumbs\/InteractiveFloor-qbxm8n3ihmn2f4lwuvk7kokn4bmnk7ifg8sfue65xk.png\"},{\"@type\":\"BreadcrumbList\",\"@id\":\"https:\/\/sertek.com.tr\/en\/interactive-floor-exhibit\/#breadcrumb\",\"itemListElement\":[{\"@type\":\"ListItem\",\"position\":1,\"name\":\"Home\",\"item\":\"https:\/\/sertek.com.tr\/\"},{\"@type\":\"ListItem\",\"position\":2,\"name\":\"Interactive Floor Exhibit\"}]},{\"@type\":\"WebSite\",\"@id\":\"https:\/\/sertek.com.tr\/en\/#website\",\"url\":\"https:\/\/sertek.com.tr\/en\/\",\"name\":\"Sertek Exhibitions\",\"description\":\"Sertek Exhibitons\",\"publisher\":{\"@id\":\"https:\/\/sertek.com.tr\/en\/#organization\"},\"potentialAction\":[{\"@type\":\"SearchAction\",\"target\":{\"@type\":\"EntryPoint\",\"urlTemplate\":\"https:\/\/sertek.com.tr\/en\/?s={search_term_string}\"},\"query-input\":{\"@type\":\"PropertyValueSpecification\",\"valueRequired\":true,\"valueName\":\"search_term_string\"}}],\"inLanguage\":\"tr\"},{\"@type\":\"Organization\",\"@id\":\"https:\/\/sertek.com.tr\/en\/#organization\",\"name\":\"Sertek Exhibitions\",\"url\":\"https:\/\/sertek.com.tr\/en\/\",\"logo\":{\"@type\":\"ImageObject\",\"inLanguage\":\"tr\",\"@id\":\"https:\/\/sertek.com.tr\/en\/#\/schema\/logo\/image\/\",\"url\":\"https:\/\/sertek.com.tr\/wp-content\/uploads\/2023\/06\/SertekLogo-1.png\",\"contentUrl\":\"https:\/\/sertek.com.tr\/wp-content\/uploads\/2023\/06\/SertekLogo-1.png\",\"width\":300,\"height\":49,\"caption\":\"Sertek Exhibitions\"},\"image\":{\"@id\":\"https:\/\/sertek.com.tr\/en\/#\/schema\/logo\/image\/\"},\"sameAs\":[\"https:\/\/www.linkedin.com\/company\/sertek-exhibitions\/\"]}]}<\/script>\n<!-- \/ Yoast SEO plugin. -->","yoast_head_json":{"title":"Interactive Floor Exhibit - Sertek Exhibitions","description":"Interactive floor exhibit is a reinterpretation of well-know TV show Floor is Lava for children's museums and amusement parks.","robots":{"index":"index","follow":"follow","max-snippet":"max-snippet:-1","max-image-preview":"max-image-preview:large","max-video-preview":"max-video-preview:-1"},"canonical":"https:\/\/sertek.com.tr\/tr\/interaktif-kat-sergi\/","og_locale":"tr_TR","og_type":"article","og_title":"Interactive Floor Exhibit - Sertek Exhibitions","og_description":"Interactive floor exhibit is a reinterpretation of well-know TV show Floor is Lava for children's museums and amusement parks.","og_url":"https:\/\/sertek.com.tr\/tr\/interaktif-kat-sergi\/","og_site_name":"Sertek Exhibitions","article_modified_time":"2023-10-07T13:50:01+00:00","og_image":[{"url":"https:\/\/sertek.com.tr\/wp-content\/uploads\/elementor\/thumbs\/InteractiveFloor-qbxm8n3ihmn2f4lwuvk7kokn4bmnk7ifg8sfue65xk.png","type":"","width":"","height":""}],"twitter_card":"summary_large_image","twitter_misc":{"Tahmini okuma s\u00fcresi":"3 dakika"},"schema":{"@context":"https:\/\/schema.org","@graph":[{"@type":"WebPage","@id":"https:\/\/sertek.com.tr\/en\/interactive-floor-exhibit\/","url":"https:\/\/sertek.com.tr\/en\/interactive-floor-exhibit\/","name":"Interactive Floor Exhibit - Sertek Exhibitions","isPartOf":{"@id":"https:\/\/sertek.com.tr\/en\/#website"},"primaryImageOfPage":{"@id":"https:\/\/sertek.com.tr\/en\/interactive-floor-exhibit\/#primaryimage"},"image":{"@id":"https:\/\/sertek.com.tr\/en\/interactive-floor-exhibit\/#primaryimage"},"thumbnailUrl":"https:\/\/sertek.com.tr\/wp-content\/uploads\/elementor\/thumbs\/InteractiveFloor-qbxm8n3ihmn2f4lwuvk7kokn4bmnk7ifg8sfue65xk.png","datePublished":"2023-07-24T11:02:15+00:00","dateModified":"2023-10-07T13:50:01+00:00","description":"Interactive floor exhibit is a reinterpretation of well-know TV show Floor is Lava for children's museums and amusement parks.","breadcrumb":{"@id":"https:\/\/sertek.com.tr\/en\/interactive-floor-exhibit\/#breadcrumb"},"inLanguage":"tr","potentialAction":[{"@type":"ReadAction","target":["https:\/\/sertek.com.tr\/en\/interactive-floor-exhibit\/"]}]},{"@type":"ImageObject","inLanguage":"tr","@id":"https:\/\/sertek.com.tr\/en\/interactive-floor-exhibit\/#primaryimage","url":"https:\/\/sertek.com.tr\/wp-content\/uploads\/elementor\/thumbs\/InteractiveFloor-qbxm8n3ihmn2f4lwuvk7kokn4bmnk7ifg8sfue65xk.png","contentUrl":"https:\/\/sertek.com.tr\/wp-content\/uploads\/elementor\/thumbs\/InteractiveFloor-qbxm8n3ihmn2f4lwuvk7kokn4bmnk7ifg8sfue65xk.png"},{"@type":"BreadcrumbList","@id":"https:\/\/sertek.com.tr\/en\/interactive-floor-exhibit\/#breadcrumb","itemListElement":[{"@type":"ListItem","position":1,"name":"Home","item":"https:\/\/sertek.com.tr\/"},{"@type":"ListItem","position":2,"name":"Interactive Floor Exhibit"}]},{"@type":"WebSite","@id":"https:\/\/sertek.com.tr\/en\/#website","url":"https:\/\/sertek.com.tr\/en\/","name":"Sertek Exhibitions","description":"Sertek Exhibitons","publisher":{"@id":"https:\/\/sertek.com.tr\/en\/#organization"},"potentialAction":[{"@type":"SearchAction","target":{"@type":"EntryPoint","urlTemplate":"https:\/\/sertek.com.tr\/en\/?s={search_term_string}"},"query-input":{"@type":"PropertyValueSpecification","valueRequired":true,"valueName":"search_term_string"}}],"inLanguage":"tr"},{"@type":"Organization","@id":"https:\/\/sertek.com.tr\/en\/#organization","name":"Sertek Exhibitions","url":"https:\/\/sertek.com.tr\/en\/","logo":{"@type":"ImageObject","inLanguage":"tr","@id":"https:\/\/sertek.com.tr\/en\/#\/schema\/logo\/image\/","url":"https:\/\/sertek.com.tr\/wp-content\/uploads\/2023\/06\/SertekLogo-1.png","contentUrl":"https:\/\/sertek.com.tr\/wp-content\/uploads\/2023\/06\/SertekLogo-1.png","width":300,"height":49,"caption":"Sertek Exhibitions"},"image":{"@id":"https:\/\/sertek.com.tr\/en\/#\/schema\/logo\/image\/"},"sameAs":["https:\/\/www.linkedin.com\/company\/sertek-exhibitions\/"]}]}},"jetpack_sharing_enabled":true,"_links":{"self":[{"href":"https:\/\/sertek.com.tr\/tr\/wp-json\/wp\/v2\/pages\/5022","targetHints":{"allow":["GET"]}}],"collection":[{"href":"https:\/\/sertek.com.tr\/tr\/wp-json\/wp\/v2\/pages"}],"about":[{"href":"https:\/\/sertek.com.tr\/tr\/wp-json\/wp\/v2\/types\/page"}],"author":[{"embeddable":true,"href":"https:\/\/sertek.com.tr\/tr\/wp-json\/wp\/v2\/users\/2"}],"replies":[{"embeddable":true,"href":"https:\/\/sertek.com.tr\/tr\/wp-json\/wp\/v2\/comments?post=5022"}],"version-history":[{"count":20,"href":"https:\/\/sertek.com.tr\/tr\/wp-json\/wp\/v2\/pages\/5022\/revisions"}],"predecessor-version":[{"id":7067,"href":"https:\/\/sertek.com.tr\/tr\/wp-json\/wp\/v2\/pages\/5022\/revisions\/7067"}],"wp:attachment":[{"href":"https:\/\/sertek.com.tr\/tr\/wp-json\/wp\/v2\/media?parent=5022"}],"curies":[{"name":"wp","href":"https:\/\/api.w.org\/{rel}","templated":true}]}}