{"id":5129,"date":"2023-07-24T12:11:53","date_gmt":"2023-07-24T12:11:53","guid":{"rendered":"https:\/\/sertekexhibitions.com\/?page_id=5129"},"modified":"2023-11-01T20:29:07","modified_gmt":"2023-11-01T20:29:07","slug":"swarm-robot-exhibit","status":"publish","type":"page","link":"https:\/\/sertek.com.tr\/tr\/suru-robot-sergi\/","title":{"rendered":"S\u00fcr\u00fc Robotu Sergisi"},"content":{"rendered":"<div data-elementor-type=\"wp-page\" data-elementor-id=\"5129\" class=\"elementor elementor-5129\" data-elementor-settings=\"{&quot;ha_cmc_init_switcher&quot;:&quot;no&quot;}\">\n\t\t\t\t\t\t<section class=\"elementor-section elementor-top-section elementor-element elementor-element-9f5181a elementor-section-boxed elementor-section-height-default elementor-section-height-default\" data-id=\"9f5181a\" data-element_type=\"section\" data-settings=\"{&quot;_ha_eqh_enable&quot;:false}\">\n\t\t\t\t\t\t<div class=\"elementor-container elementor-column-gap-extended\">\n\t\t\t\t\t<div class=\"elementor-column elementor-col-100 elementor-top-column elementor-element elementor-element-e397ea5\" data-id=\"e397ea5\" data-element_type=\"column\">\n\t\t\t<div class=\"elementor-widget-wrap elementor-element-populated\">\n\t\t\t\t\t\t<section class=\"elementor-section elementor-inner-section elementor-element elementor-element-04ee2d9 elementor-section-full_width elementor-section-height-default elementor-section-height-default\" data-id=\"04ee2d9\" data-element_type=\"section\" data-settings=\"{&quot;background_background&quot;:&quot;classic&quot;,&quot;_ha_eqh_enable&quot;:false}\">\n\t\t\t\t\t\t<div class=\"elementor-container elementor-column-gap-wide\">\n\t\t\t\t\t<div class=\"elementor-column elementor-col-50 elementor-inner-column elementor-element elementor-element-5533d4d has-sticky-column\" data-id=\"5533d4d\" data-element_type=\"column\">\n\t\t\t<div class=\"elementor-widget-wrap elementor-element-populated\">\n\t\t\t\t\t\t<div class=\"elementor-element elementor-element-734f16e elementor-widget__width-inherit elementor-arrows-position-inside elementor-pagination-position-outside elementor-widget elementor-widget-image-carousel\" data-id=\"734f16e\" data-element_type=\"widget\" data-settings=\"{&quot;slides_to_show&quot;:&quot;1&quot;,&quot;navigation&quot;:&quot;both&quot;,&quot;autoplay&quot;:&quot;yes&quot;,&quot;pause_on_hover&quot;:&quot;yes&quot;,&quot;pause_on_interaction&quot;:&quot;yes&quot;,&quot;autoplay_speed&quot;:5000,&quot;infinite&quot;:&quot;yes&quot;,&quot;effect&quot;:&quot;slide&quot;,&quot;speed&quot;:500}\" data-widget_type=\"image-carousel.default\">\n\t\t\t\t<div class=\"elementor-widget-container\">\n\t\t\t\t\t\t\t<div class=\"elementor-image-carousel-wrapper swiper\" role=\"region\" aria-roledescription=\"carousel\" aria-label=\"Resim D\u00f6ng\u00fcs\u00fc\" dir=\"ltr\">\n\t\t\t<div class=\"elementor-image-carousel swiper-wrapper\" aria-live=\"off\">\n\t\t\t\t\t\t\t\t<div class=\"swiper-slide\" role=\"group\" aria-roledescription=\"slide\" aria-label=\"1 \/ 2\"><figure class=\"swiper-slide-inner\"><img decoding=\"async\" class=\"swiper-slide-image\" src=\"https:\/\/sertek.com.tr\/wp-content\/uploads\/elementor\/thumbs\/swarm-qbxm8n3h9rv79psgs1dhzpkagtv86c9w5xp3py7wy0.jpg\" alt=\"s\u00fcr\u00fc\" \/><\/figure><\/div><div class=\"swiper-slide\" role=\"group\" aria-roledescription=\"slide\" aria-label=\"2 \/ 2\"><figure class=\"swiper-slide-inner\"><img decoding=\"async\" class=\"swiper-slide-image\" src=\"https:\/\/sertek.com.tr\/wp-content\/uploads\/elementor\/thumbs\/Swarm-Robots-scaled-qbxm8m5n2xtwy3ttxiyvf7stvfzuyn65tt1m8o9b48.jpg\" alt=\"s\u00fcr\u00fc robot sergisi\" \/><\/figure><\/div>\t\t\t<\/div>\n\t\t\t\t\t\t\t\t\t\t\t\t<div class=\"elementor-swiper-button elementor-swiper-button-prev\" role=\"button\" tabindex=\"0\">\n\t\t\t\t\t\t<i aria-hidden=\"true\" class=\"eicon-chevron-left\"><\/i>\t\t\t\t\t<\/div>\n\t\t\t\t\t<div class=\"elementor-swiper-button elementor-swiper-button-next\" role=\"button\" tabindex=\"0\">\n\t\t\t\t\t\t<i aria-hidden=\"true\" class=\"eicon-chevron-right\"><\/i>\t\t\t\t\t<\/div>\n\t\t\t\t\n\t\t\t\t\t\t\t\t\t<div class=\"swiper-pagination\"><\/div>\n\t\t\t\t\t\t\t\t\t<\/div>\n\t\t\t\t\t\t<\/div>\n\t\t\t\t<\/div>\n\t\t\t\t\t<\/div>\n\t\t<\/div>\n\t\t\t\t<div class=\"elementor-column elementor-col-50 elementor-inner-column elementor-element elementor-element-b691ff2\" data-id=\"b691ff2\" data-element_type=\"column\">\n\t\t\t<div class=\"elementor-widget-wrap elementor-element-populated\">\n\t\t\t\t\t\t<div class=\"elementor-element elementor-element-67564d4 elementor-widget elementor-widget-heading\" data-id=\"67564d4\" data-element_type=\"widget\" data-widget_type=\"heading.default\">\n\t\t\t\t<div class=\"elementor-widget-container\">\n\t\t\t\t\t<h1 class=\"elementor-heading-title elementor-size-default\">S\u00fcr\u00fc Robotu<\/h1>\t\t\t\t<\/div>\n\t\t\t\t<\/div>\n\t\t\t\t<div class=\"elementor-element elementor-element-fe6212b elementor-widget elementor-widget-text-editor\" data-id=\"fe6212b\" data-element_type=\"widget\" data-widget_type=\"text-editor.default\">\n\t\t\t\t<div class=\"elementor-widget-container\">\n\t\t\t\t\t\t\t\t\t<p>Swarm Robot Sergisi, ziyaret\u00e7ilere kilobotlar\u0131n belirli hedeflere ula\u015fmak i\u00e7in birlikte \u00e7al\u0131\u015f\u0131rken sergiledikleri inan\u0131lmaz koordinasyon ve zekaya tan\u0131kl\u0131k etmeleri i\u00e7in e\u015fsiz bir f\u0131rsat sunuyor. Ziyaret\u00e7ileri swarm robotik d\u00fcnyas\u0131na dald\u0131ran e\u011fitici bir deneyim. Swarm Robot Sergisi, kolektif robotiklerin karma\u015f\u0131k d\u00fcnyas\u0131n\u0131 ke\u015ffetmeye bir davettir.<\/p><p>Sergi, teknoloji, e\u011fitim ve hayret vericili\u011fin b\u00fcy\u00fcleyici bir kar\u0131\u015f\u0131m\u0131d\u0131r. Yedi farkl\u0131 s\u00fcr\u00fc davran\u0131\u015f\u0131 sergileyen ve hepsi dokunmatik bir ekran arac\u0131l\u0131\u011f\u0131yla g\u00f6zlemlenebilen k\u00fc\u00e7\u00fck kilobot robotlar\u0131 i\u00e7erir. Bu etkile\u015fimli deneyim, ziyaret\u00e7ilere kolektif robotik d\u00fcnyas\u0131n\u0131 ve onu y\u00f6nlendiren algoritmalar\u0131 ke\u015ffetme f\u0131rsat\u0131 sunar.<\/p>\t\t\t\t\t\t\t\t<\/div>\n\t\t\t\t<\/div>\n\t\t\t\t<div class=\"elementor-element elementor-element-11669c5 elementor-widget-divider--view-line elementor-widget elementor-widget-divider\" data-id=\"11669c5\" data-element_type=\"widget\" data-widget_type=\"divider.default\">\n\t\t\t\t<div class=\"elementor-widget-container\">\n\t\t\t\t\t\t\t<div class=\"elementor-divider\">\n\t\t\t<span class=\"elementor-divider-separator\">\n\t\t\t\t\t\t<\/span>\n\t\t<\/div>\n\t\t\t\t\t\t<\/div>\n\t\t\t\t<\/div>\n\t\t\t\t<div class=\"elementor-element elementor-element-12c22df elementor-widget elementor-widget-heading\" data-id=\"12c22df\" data-element_type=\"widget\" data-widget_type=\"heading.default\">\n\t\t\t\t<div class=\"elementor-widget-container\">\n\t\t\t\t\t<h2 class=\"elementor-heading-title elementor-size-default\">Ziyaret\u00e7i Deneyimi<\/h2>\t\t\t\t<\/div>\n\t\t\t\t<\/div>\n\t\t\t\t<div class=\"elementor-element elementor-element-2071964 elementor-widget elementor-widget-text-editor\" data-id=\"2071964\" data-element_type=\"widget\" data-widget_type=\"text-editor.default\">\n\t\t\t\t<div class=\"elementor-widget-container\">\n\t\t\t\t\t\t\t\t\t<p>Swarm Robot Sergisine yakla\u015ft\u0131\u011f\u0131n\u0131zda, k\u00fc\u00e7\u00fck kilobot robotlar\u0131n canland\u0131\u011f\u0131 bir sahneyle tan\u0131\u015facaks\u0131n\u0131z. Dokunmatik ekran arac\u0131l\u0131\u011f\u0131yla ziyaret\u00e7iler, yedi farkl\u0131 s\u00fcr\u00fc davran\u0131\u015f\u0131ndan birini se\u00e7ebilir ve kilobotlar\u0131n her g\u00f6revi i\u015fbirlik\u00e7i bir \u015fekilde nas\u0131l ger\u00e7ekle\u015ftirdi\u011fini g\u00f6zlemleyebilirler.<\/p><p>Bu sergiyi di\u011ferlerinden ay\u0131ran \u015fey, e\u011fitici y\u00f6n\u00fcd\u00fcr. Ziyaret\u00e7iler yaln\u0131zca kilobotlar\u0131n fiziksel hareketlerini g\u00f6rmekle kalmaz, ayn\u0131 zamanda ekrandaki altta yatan algoritmalar\u0131 da ke\u015ffedebilirler. S\u00fcr\u00fc roboti\u011finin i\u00e7 i\u015fleyi\u015fine dair bu i\u00e7g\u00f6r\u00fc, deneyime bir derinlik katman\u0131 ekler.<\/p><p>Ayr\u0131ca, benzer s\u00fcr\u00fc davran\u0131\u015flar\u0131 sergileyen do\u011fal yarat\u0131klar\u0131n videolar\u0131 sunularak bilim ve do\u011fa aras\u0131ndaki ba\u011flant\u0131 vurgulan\u0131yor. Ve etkile\u015fimli bir dokunu\u015f i\u00e7in ziyaret\u00e7iler serginin ayd\u0131nlatmas\u0131n\u0131 kontrol ederek \u0131\u015f\u0131\u011f\u0131n kilobotlar\u0131n davran\u0131\u015flar\u0131n\u0131 nas\u0131l etkiledi\u011fini g\u00f6zlemleyebiliyor.<\/p><p>\u00a0<\/p><ol><li><strong>Davran\u0131\u015f Se\u00e7imi:<\/strong> Dokunmatik ekrana ge\u00e7in ve yedi b\u00fcy\u00fcleyici s\u00fcr\u00fc davran\u0131\u015f\u0131ndan birini se\u00e7in. Bu davran\u0131\u015flar\u0131n her birinin kendine \u00f6zg\u00fc \u00f6zellikleri vard\u0131r. Se\u00e7ti\u011finiz davran\u0131\u015f kilobotlar\u0131n ger\u00e7ekle\u015ftirece\u011fi g\u00f6revi belirleyecektir.<\/li><li><strong>Senkronize Performans:<\/strong> Se\u00e7ilen g\u00f6revi ba\u015farmak i\u00e7in hareketlerini kusursuz bir \u015fekilde koordine eden 30 kilobotun canlanmas\u0131n\u0131 hayretle izleyin. Bu minik harikalar, ba\u015flang\u0131\u00e7 konumlar\u0131 ne olursa olsun, titre\u015fim motorlar\u0131 arac\u0131l\u0131\u011f\u0131yla ileti\u015fim kurar ve hareket ederler.<\/li><li><strong>Bilimsel ke\u015fif:<\/strong> Kolektif zekan\u0131n ve otonom robotlar aras\u0131ndaki i\u015fbirli\u011finin g\u00fcc\u00fcne dair i\u00e7g\u00f6r\u00fcler kazanarak s\u00fcr\u00fc robotlar\u0131 d\u00fcnyas\u0131na dal\u0131n. Bu davran\u0131\u015flar\u0131n ger\u00e7ek d\u00fcnya senaryolar\u0131n\u0131 nas\u0131l taklit etti\u011fine ilk elden tan\u0131k olun.<\/li><\/ol>\t\t\t\t\t\t\t\t<\/div>\n\t\t\t\t<\/div>\n\t\t\t\t<div class=\"elementor-element elementor-element-a005608 elementor-widget-divider--view-line elementor-widget elementor-widget-divider\" data-id=\"a005608\" data-element_type=\"widget\" data-widget_type=\"divider.default\">\n\t\t\t\t<div class=\"elementor-widget-container\">\n\t\t\t\t\t\t\t<div class=\"elementor-divider\">\n\t\t\t<span class=\"elementor-divider-separator\">\n\t\t\t\t\t\t<\/span>\n\t\t<\/div>\n\t\t\t\t\t\t<\/div>\n\t\t\t\t<\/div>\n\t\t\t\t<div class=\"elementor-element elementor-element-d73324e elementor-widget elementor-widget-heading\" data-id=\"d73324e\" data-element_type=\"widget\" data-widget_type=\"heading.default\">\n\t\t\t\t<div class=\"elementor-widget-container\">\n\t\t\t\t\t<h2 class=\"elementor-heading-title elementor-size-default\">\u00d6ne \u00c7\u0131kan \u00d6zellikler<\/h2>\t\t\t\t<\/div>\n\t\t\t\t<\/div>\n\t\t\t\t<div class=\"elementor-element elementor-element-e0fdeb2 elementor-widget elementor-widget-text-editor\" data-id=\"e0fdeb2\" data-element_type=\"widget\" data-widget_type=\"text-editor.default\">\n\t\t\t\t<div class=\"elementor-widget-container\">\n\t\t\t\t\t\t\t\t\t<ol><li><a href=\"https:\/\/www.undp.org\/acceleratorlabs\/our-work\/collective-intelligence\" target=\"_blank\" rel=\"noopener\"><strong>Kolektif zeka:<\/strong> <\/a>G\u00f6revleri ger\u00e7ekle\u015ftirmek i\u00e7in kilobotlar\u0131n birlikte \u00e7al\u0131\u015ft\u0131\u011f\u0131n\u0131 g\u00f6zlemleyerek kolektif zeka kavram\u0131n\u0131 ke\u015ffedin. Merkezi olmayan sistemlerin karma\u015f\u0131k hedeflere nas\u0131l ula\u015fabilece\u011fini \u00f6\u011frenin.<\/li><li><strong>S\u00fcr\u00fc Davran\u0131\u015flar\u0131:<\/strong> Her biri belirli zorluklara \u00e7\u00f6z\u00fcm bulmak i\u00e7in tasarlanm\u0131\u015f yedi farkl\u0131 s\u00fcr\u00fc davran\u0131\u015f\u0131n\u0131n inceliklerini ke\u015ffedin. Bu davran\u0131\u015flar\u0131n \u00e7e\u015fitli ger\u00e7ek d\u00fcnya ba\u011flamlar\u0131nda nas\u0131l uygulanabilece\u011fini anlay\u0131n.<\/li><li><strong>Otonom Robotik:<\/strong> Otonom robotlar\u0131n yetenekleri ve ortak bir hedefe katk\u0131da bulunurken ba\u011f\u0131ms\u0131z olarak nas\u0131l \u00e7al\u0131\u015fabilecekleri hakk\u0131nda bilgi edinin.<\/li><li><strong>\u0130leti\u015fim ve Koordinasyon:<\/strong> S\u00fcr\u00fc robotlar\u0131 aras\u0131nda etkili ileti\u015fim ve koordinasyonun \u00f6nemine tan\u0131k olun ve robotikte ekip \u00e7al\u0131\u015fmas\u0131n\u0131n \u00f6nemini vurgulay\u0131n.<\/li><\/ol>\t\t\t\t\t\t\t\t<\/div>\n\t\t\t\t<\/div>\n\t\t\t\t<div class=\"elementor-element elementor-element-8c9d4f7 elementor-widget-divider--view-line elementor-widget elementor-widget-divider\" data-id=\"8c9d4f7\" data-element_type=\"widget\" data-widget_type=\"divider.default\">\n\t\t\t\t<div class=\"elementor-widget-container\">\n\t\t\t\t\t\t\t<div class=\"elementor-divider\">\n\t\t\t<span class=\"elementor-divider-separator\">\n\t\t\t\t\t\t<\/span>\n\t\t<\/div>\n\t\t\t\t\t\t<\/div>\n\t\t\t\t<\/div>\n\t\t\t\t<div class=\"elementor-element elementor-element-318de6b elementor-widget elementor-widget-heading\" data-id=\"318de6b\" data-element_type=\"widget\" data-widget_type=\"heading.default\">\n\t\t\t\t<div class=\"elementor-widget-container\">\n\t\t\t\t\t<h2 class=\"elementor-heading-title elementor-size-default\">Hedef Ya\u015f<\/h2>\t\t\t\t<\/div>\n\t\t\t\t<\/div>\n\t\t\t\t<div class=\"elementor-element elementor-element-9154765 elementor-icon-list--layout-traditional elementor-list-item-link-full_width elementor-widget elementor-widget-icon-list\" data-id=\"9154765\" data-element_type=\"widget\" data-widget_type=\"icon-list.default\">\n\t\t\t\t<div class=\"elementor-widget-container\">\n\t\t\t\t\t\t\t<ul class=\"elementor-icon-list-items\">\n\t\t\t\t\t\t\t<li class=\"elementor-icon-list-item\">\n\t\t\t\t\t\t\t\t\t\t\t<span class=\"elementor-icon-list-icon\">\n\t\t\t\t\t\t\t<i aria-hidden=\"true\" class=\"fas fa-check\"><\/i>\t\t\t\t\t\t<\/span>\n\t\t\t\t\t\t\t\t\t\t<span class=\"elementor-icon-list-text\">7+<\/span>\n\t\t\t\t\t\t\t\t\t<\/li>\n\t\t\t\t\t\t<\/ul>\n\t\t\t\t\t\t<\/div>\n\t\t\t\t<\/div>\n\t\t\t\t<div class=\"elementor-element elementor-element-1c42117 elementor-widget-divider--view-line elementor-widget elementor-widget-divider\" data-id=\"1c42117\" data-element_type=\"widget\" data-widget_type=\"divider.default\">\n\t\t\t\t<div class=\"elementor-widget-container\">\n\t\t\t\t\t\t\t<div class=\"elementor-divider\">\n\t\t\t<span class=\"elementor-divider-separator\">\n\t\t\t\t\t\t<\/span>\n\t\t<\/div>\n\t\t\t\t\t\t<\/div>\n\t\t\t\t<\/div>\n\t\t\t\t<div class=\"elementor-element elementor-element-9a1ad82 elementor-widget elementor-widget-heading\" data-id=\"9a1ad82\" data-element_type=\"widget\" data-widget_type=\"heading.default\">\n\t\t\t\t<div class=\"elementor-widget-container\">\n\t\t\t\t\t<h2 class=\"elementor-heading-title elementor-size-default\">Uygulanabilir Temalar<\/h2>\t\t\t\t<\/div>\n\t\t\t\t<\/div>\n\t\t\t\t<div class=\"elementor-element elementor-element-88eadf3 elementor-icon-list--layout-traditional elementor-list-item-link-full_width elementor-widget elementor-widget-icon-list\" data-id=\"88eadf3\" data-element_type=\"widget\" data-widget_type=\"icon-list.default\">\n\t\t\t\t<div class=\"elementor-widget-container\">\n\t\t\t\t\t\t\t<ul class=\"elementor-icon-list-items\">\n\t\t\t\t\t\t\t<li class=\"elementor-icon-list-item\">\n\t\t\t\t\t\t\t\t\t\t\t<a href=\"https:\/\/sertek.com.tr\/tr\/robotik-teknoloji-temali-sergiler\/\">\n\n\t\t\t\t\t\t\t\t\t\t\t\t<span class=\"elementor-icon-list-icon\">\n\t\t\t\t\t\t\t<i aria-hidden=\"true\" class=\"fas fa-robot\"><\/i>\t\t\t\t\t\t<\/span>\n\t\t\t\t\t\t\t\t\t\t<span class=\"elementor-icon-list-text\">Robotik<\/span>\n\t\t\t\t\t\t\t\t\t\t\t<\/a>\n\t\t\t\t\t\t\t\t\t<\/li>\n\t\t\t\t\t\t<\/ul>\n\t\t\t\t\t\t<\/div>\n\t\t\t\t<\/div>\n\t\t\t\t\t<\/div>\n\t\t<\/div>\n\t\t\t\t\t<\/div>\n\t\t<\/section>\n\t\t\t\t<div class=\"elementor-element elementor-element-b458126 elementor-widget elementor-widget-spacer\" data-id=\"b458126\" data-element_type=\"widget\" data-widget_type=\"spacer.default\">\n\t\t\t\t<div class=\"elementor-widget-container\">\n\t\t\t\t\t\t\t<div class=\"elementor-spacer\">\n\t\t\t<div class=\"elementor-spacer-inner\"><\/div>\n\t\t<\/div>\n\t\t\t\t\t\t<\/div>\n\t\t\t\t<\/div>\n\t\t\t\t\t<\/div>\n\t\t<\/div>\n\t\t\t\t\t<\/div>\n\t\t<\/section>\n\t\t\t\t<\/div>","protected":false},"excerpt":{"rendered":"<p>Swarm Robot Swarm Robot Sergisi, ziyaret\u00e7ilere kilobotlar\u0131n birlikte \u00e7al\u0131\u015f\u0131rken sergiledikleri inan\u0131lmaz koordinasyon ve zekaya tan\u0131kl\u0131k etme f\u0131rsat\u0131 sunuyor [\u2026]<\/p>","protected":false},"author":2,"featured_media":5765,"parent":0,"menu_order":0,"comment_status":"closed","ping_status":"closed","template":"page-custom.php","meta":{"om_disable_all_campaigns":false,"_monsterinsights_skip_tracking":false,"_monsterinsights_sitenote_active":false,"_monsterinsights_sitenote_note":"","_monsterinsights_sitenote_category":0,"_uf_show_specific_survey":0,"_uf_disable_surveys":false,"footnotes":""},"class_list":["post-5129","page","type-page","status-publish","has-post-thumbnail","hentry"],"acf":{"full_width":false,"header_transparent":false,"header_white":false},"aioseo_notices":[],"yoast_head":"<!-- This site is optimized with the Yoast SEO plugin v26.9 - https:\/\/yoast.com\/product\/yoast-seo-wordpress\/ -->\n<title>Swarm Robot Exhibit - Sertek Exhibitions<\/title>\n<meta name=\"description\" content=\"The Swarm Robot Exhibit is an invitation to explore the intricate world of collective robotics for science centers and children&#039;s museums.\" \/>\n<meta name=\"robots\" content=\"index, follow, max-snippet:-1, max-image-preview:large, max-video-preview:-1\" \/>\n<link rel=\"canonical\" href=\"https:\/\/sertek.com.tr\/tr\/suru-robot-sergi\/\" \/>\n<meta property=\"og:locale\" content=\"tr_TR\" \/>\n<meta property=\"og:type\" content=\"article\" \/>\n<meta property=\"og:title\" content=\"Swarm Robot Exhibit - Sertek Exhibitions\" \/>\n<meta property=\"og:description\" content=\"The Swarm Robot Exhibit is an invitation to explore the intricate world of collective robotics for science centers and children&#039;s museums.\" \/>\n<meta property=\"og:url\" content=\"https:\/\/sertek.com.tr\/tr\/suru-robot-sergi\/\" \/>\n<meta property=\"og:site_name\" content=\"Sertek Exhibitions\" \/>\n<meta property=\"article:modified_time\" content=\"2023-11-01T20:29:07+00:00\" \/>\n<meta property=\"og:image\" content=\"https:\/\/sertek.com.tr\/wp-content\/uploads\/2023\/08\/Swarm-Robots-scaled.jpg\" \/>\n\t<meta property=\"og:image:width\" content=\"1440\" \/>\n\t<meta property=\"og:image:height\" content=\"2560\" \/>\n\t<meta property=\"og:image:type\" content=\"image\/jpeg\" \/>\n<meta name=\"twitter:card\" content=\"summary_large_image\" \/>\n<meta name=\"twitter:label1\" content=\"Tahmini okuma s\u00fcresi\" \/>\n\t<meta name=\"twitter:data1\" content=\"3 dakika\" \/>\n<script type=\"application\/ld+json\" class=\"yoast-schema-graph\">{\"@context\":\"https:\/\/schema.org\",\"@graph\":[{\"@type\":\"WebPage\",\"@id\":\"https:\/\/sertek.com.tr\/swarm-robot-exhibit\/\",\"url\":\"https:\/\/sertek.com.tr\/swarm-robot-exhibit\/\",\"name\":\"Swarm Robot Exhibit - Sertek Exhibitions\",\"isPartOf\":{\"@id\":\"https:\/\/sertek.com.tr\/en\/#website\"},\"primaryImageOfPage\":{\"@id\":\"https:\/\/sertek.com.tr\/swarm-robot-exhibit\/#primaryimage\"},\"image\":{\"@id\":\"https:\/\/sertek.com.tr\/swarm-robot-exhibit\/#primaryimage\"},\"thumbnailUrl\":\"https:\/\/sertek.com.tr\/wp-content\/uploads\/2023\/08\/Swarm-Robots-scaled.jpg\",\"datePublished\":\"2023-07-24T12:11:53+00:00\",\"dateModified\":\"2023-11-01T20:29:07+00:00\",\"description\":\"The Swarm Robot Exhibit is an invitation to explore the intricate world of collective robotics for science centers and children's museums.\",\"breadcrumb\":{\"@id\":\"https:\/\/sertek.com.tr\/swarm-robot-exhibit\/#breadcrumb\"},\"inLanguage\":\"tr\",\"potentialAction\":[{\"@type\":\"ReadAction\",\"target\":[\"https:\/\/sertek.com.tr\/swarm-robot-exhibit\/\"]}]},{\"@type\":\"ImageObject\",\"inLanguage\":\"tr\",\"@id\":\"https:\/\/sertek.com.tr\/swarm-robot-exhibit\/#primaryimage\",\"url\":\"https:\/\/sertek.com.tr\/wp-content\/uploads\/2023\/08\/Swarm-Robots-scaled.jpg\",\"contentUrl\":\"https:\/\/sertek.com.tr\/wp-content\/uploads\/2023\/08\/Swarm-Robots-scaled.jpg\",\"width\":1440,\"height\":2560,\"caption\":\"swarm robot exhibit\"},{\"@type\":\"BreadcrumbList\",\"@id\":\"https:\/\/sertek.com.tr\/swarm-robot-exhibit\/#breadcrumb\",\"itemListElement\":[{\"@type\":\"ListItem\",\"position\":1,\"name\":\"Home\",\"item\":\"https:\/\/sertek.com.tr\/\"},{\"@type\":\"ListItem\",\"position\":2,\"name\":\"Swarm Robot Exhibit\"}]},{\"@type\":\"WebSite\",\"@id\":\"https:\/\/sertek.com.tr\/en\/#website\",\"url\":\"https:\/\/sertek.com.tr\/en\/\",\"name\":\"Sertek Exhibitions\",\"description\":\"Sertek Exhibitons\",\"publisher\":{\"@id\":\"https:\/\/sertek.com.tr\/en\/#organization\"},\"potentialAction\":[{\"@type\":\"SearchAction\",\"target\":{\"@type\":\"EntryPoint\",\"urlTemplate\":\"https:\/\/sertek.com.tr\/en\/?s={search_term_string}\"},\"query-input\":{\"@type\":\"PropertyValueSpecification\",\"valueRequired\":true,\"valueName\":\"search_term_string\"}}],\"inLanguage\":\"tr\"},{\"@type\":\"Organization\",\"@id\":\"https:\/\/sertek.com.tr\/en\/#organization\",\"name\":\"Sertek Exhibitions\",\"url\":\"https:\/\/sertek.com.tr\/en\/\",\"logo\":{\"@type\":\"ImageObject\",\"inLanguage\":\"tr\",\"@id\":\"https:\/\/sertek.com.tr\/en\/#\/schema\/logo\/image\/\",\"url\":\"https:\/\/sertek.com.tr\/wp-content\/uploads\/2023\/06\/SertekLogo-1.png\",\"contentUrl\":\"https:\/\/sertek.com.tr\/wp-content\/uploads\/2023\/06\/SertekLogo-1.png\",\"width\":300,\"height\":49,\"caption\":\"Sertek Exhibitions\"},\"image\":{\"@id\":\"https:\/\/sertek.com.tr\/en\/#\/schema\/logo\/image\/\"},\"sameAs\":[\"https:\/\/www.linkedin.com\/company\/sertek-exhibitions\/\"]}]}<\/script>\n<!-- \/ Yoast SEO plugin. -->","yoast_head_json":{"title":"Swarm Robot Exhibit - Sertek Exhibitions","description":"The Swarm Robot Exhibit is an invitation to explore the intricate world of collective robotics for science centers and children's museums.","robots":{"index":"index","follow":"follow","max-snippet":"max-snippet:-1","max-image-preview":"max-image-preview:large","max-video-preview":"max-video-preview:-1"},"canonical":"https:\/\/sertek.com.tr\/tr\/suru-robot-sergi\/","og_locale":"tr_TR","og_type":"article","og_title":"Swarm Robot Exhibit - Sertek Exhibitions","og_description":"The Swarm Robot Exhibit is an invitation to explore the intricate world of collective robotics for science centers and children's museums.","og_url":"https:\/\/sertek.com.tr\/tr\/suru-robot-sergi\/","og_site_name":"Sertek Exhibitions","article_modified_time":"2023-11-01T20:29:07+00:00","og_image":[{"width":1440,"height":2560,"url":"https:\/\/sertek.com.tr\/wp-content\/uploads\/2023\/08\/Swarm-Robots-scaled.jpg","type":"image\/jpeg"}],"twitter_card":"summary_large_image","twitter_misc":{"Tahmini okuma s\u00fcresi":"3 dakika"},"schema":{"@context":"https:\/\/schema.org","@graph":[{"@type":"WebPage","@id":"https:\/\/sertek.com.tr\/swarm-robot-exhibit\/","url":"https:\/\/sertek.com.tr\/swarm-robot-exhibit\/","name":"Swarm Robot Exhibit - Sertek Exhibitions","isPartOf":{"@id":"https:\/\/sertek.com.tr\/en\/#website"},"primaryImageOfPage":{"@id":"https:\/\/sertek.com.tr\/swarm-robot-exhibit\/#primaryimage"},"image":{"@id":"https:\/\/sertek.com.tr\/swarm-robot-exhibit\/#primaryimage"},"thumbnailUrl":"https:\/\/sertek.com.tr\/wp-content\/uploads\/2023\/08\/Swarm-Robots-scaled.jpg","datePublished":"2023-07-24T12:11:53+00:00","dateModified":"2023-11-01T20:29:07+00:00","description":"The Swarm Robot Exhibit is an invitation to explore the intricate world of collective robotics for science centers and children's museums.","breadcrumb":{"@id":"https:\/\/sertek.com.tr\/swarm-robot-exhibit\/#breadcrumb"},"inLanguage":"tr","potentialAction":[{"@type":"ReadAction","target":["https:\/\/sertek.com.tr\/swarm-robot-exhibit\/"]}]},{"@type":"ImageObject","inLanguage":"tr","@id":"https:\/\/sertek.com.tr\/swarm-robot-exhibit\/#primaryimage","url":"https:\/\/sertek.com.tr\/wp-content\/uploads\/2023\/08\/Swarm-Robots-scaled.jpg","contentUrl":"https:\/\/sertek.com.tr\/wp-content\/uploads\/2023\/08\/Swarm-Robots-scaled.jpg","width":1440,"height":2560,"caption":"swarm robot exhibit"},{"@type":"BreadcrumbList","@id":"https:\/\/sertek.com.tr\/swarm-robot-exhibit\/#breadcrumb","itemListElement":[{"@type":"ListItem","position":1,"name":"Home","item":"https:\/\/sertek.com.tr\/"},{"@type":"ListItem","position":2,"name":"Swarm Robot Exhibit"}]},{"@type":"WebSite","@id":"https:\/\/sertek.com.tr\/en\/#website","url":"https:\/\/sertek.com.tr\/en\/","name":"Sertek Exhibitions","description":"Sertek Exhibitons","publisher":{"@id":"https:\/\/sertek.com.tr\/en\/#organization"},"potentialAction":[{"@type":"SearchAction","target":{"@type":"EntryPoint","urlTemplate":"https:\/\/sertek.com.tr\/en\/?s={search_term_string}"},"query-input":{"@type":"PropertyValueSpecification","valueRequired":true,"valueName":"search_term_string"}}],"inLanguage":"tr"},{"@type":"Organization","@id":"https:\/\/sertek.com.tr\/en\/#organization","name":"Sertek Exhibitions","url":"https:\/\/sertek.com.tr\/en\/","logo":{"@type":"ImageObject","inLanguage":"tr","@id":"https:\/\/sertek.com.tr\/en\/#\/schema\/logo\/image\/","url":"https:\/\/sertek.com.tr\/wp-content\/uploads\/2023\/06\/SertekLogo-1.png","contentUrl":"https:\/\/sertek.com.tr\/wp-content\/uploads\/2023\/06\/SertekLogo-1.png","width":300,"height":49,"caption":"Sertek Exhibitions"},"image":{"@id":"https:\/\/sertek.com.tr\/en\/#\/schema\/logo\/image\/"},"sameAs":["https:\/\/www.linkedin.com\/company\/sertek-exhibitions\/"]}]}},"jetpack_sharing_enabled":true,"_links":{"self":[{"href":"https:\/\/sertek.com.tr\/tr\/wp-json\/wp\/v2\/pages\/5129","targetHints":{"allow":["GET"]}}],"collection":[{"href":"https:\/\/sertek.com.tr\/tr\/wp-json\/wp\/v2\/pages"}],"about":[{"href":"https:\/\/sertek.com.tr\/tr\/wp-json\/wp\/v2\/types\/page"}],"author":[{"embeddable":true,"href":"https:\/\/sertek.com.tr\/tr\/wp-json\/wp\/v2\/users\/2"}],"replies":[{"embeddable":true,"href":"https:\/\/sertek.com.tr\/tr\/wp-json\/wp\/v2\/comments?post=5129"}],"version-history":[{"count":20,"href":"https:\/\/sertek.com.tr\/tr\/wp-json\/wp\/v2\/pages\/5129\/revisions"}],"predecessor-version":[{"id":7248,"href":"https:\/\/sertek.com.tr\/tr\/wp-json\/wp\/v2\/pages\/5129\/revisions\/7248"}],"wp:featuredmedia":[{"embeddable":true,"href":"https:\/\/sertek.com.tr\/tr\/wp-json\/wp\/v2\/media\/5765"}],"wp:attachment":[{"href":"https:\/\/sertek.com.tr\/tr\/wp-json\/wp\/v2\/media?parent=5129"}],"curies":[{"name":"wp","href":"https:\/\/api.w.org\/{rel}","templated":true}]}}