{"id":5142,"date":"2023-07-24T12:15:20","date_gmt":"2023-07-24T12:15:20","guid":{"rendered":"https:\/\/sertekexhibitions.com\/?page_id=5142"},"modified":"2023-10-13T21:34:31","modified_gmt":"2023-10-13T21:34:31","slug":"projection-mapping-exhibit","status":"publish","type":"page","link":"https:\/\/sertek.com.tr\/tr\/projeksiyon-haritalama-sergi\/","title":{"rendered":"Projeksiyon Haritalama Sergisi"},"content":{"rendered":"<div data-elementor-type=\"wp-page\" data-elementor-id=\"5142\" class=\"elementor elementor-5142\" data-elementor-settings=\"{&quot;ha_cmc_init_switcher&quot;:&quot;no&quot;}\">\n\t\t\t\t\t\t<section class=\"elementor-section elementor-top-section elementor-element elementor-element-9f5181a elementor-section-boxed elementor-section-height-default elementor-section-height-default\" data-id=\"9f5181a\" data-element_type=\"section\" data-settings=\"{&quot;_ha_eqh_enable&quot;:false}\">\n\t\t\t\t\t\t<div class=\"elementor-container elementor-column-gap-extended\">\n\t\t\t\t\t<div class=\"elementor-column elementor-col-100 elementor-top-column elementor-element elementor-element-e397ea5\" data-id=\"e397ea5\" data-element_type=\"column\">\n\t\t\t<div class=\"elementor-widget-wrap elementor-element-populated\">\n\t\t\t\t\t\t<section class=\"elementor-section elementor-inner-section elementor-element elementor-element-04ee2d9 elementor-section-full_width elementor-section-height-default elementor-section-height-default\" data-id=\"04ee2d9\" data-element_type=\"section\" data-settings=\"{&quot;background_background&quot;:&quot;classic&quot;,&quot;_ha_eqh_enable&quot;:false}\">\n\t\t\t\t\t\t<div class=\"elementor-container elementor-column-gap-wide\">\n\t\t\t\t\t<div class=\"elementor-column elementor-col-50 elementor-inner-column elementor-element elementor-element-5533d4d has-sticky-column\" data-id=\"5533d4d\" data-element_type=\"column\">\n\t\t\t<div class=\"elementor-widget-wrap elementor-element-populated\">\n\t\t\t\t\t\t<div class=\"elementor-element elementor-element-734f16e elementor-widget__width-inherit elementor-arrows-position-inside elementor-pagination-position-outside elementor-widget elementor-widget-image-carousel\" data-id=\"734f16e\" data-element_type=\"widget\" data-settings=\"{&quot;slides_to_show&quot;:&quot;1&quot;,&quot;navigation&quot;:&quot;both&quot;,&quot;autoplay&quot;:&quot;yes&quot;,&quot;pause_on_hover&quot;:&quot;yes&quot;,&quot;pause_on_interaction&quot;:&quot;yes&quot;,&quot;autoplay_speed&quot;:5000,&quot;infinite&quot;:&quot;yes&quot;,&quot;effect&quot;:&quot;slide&quot;,&quot;speed&quot;:500}\" data-widget_type=\"image-carousel.default\">\n\t\t\t\t<div class=\"elementor-widget-container\">\n\t\t\t\t\t\t\t<div class=\"elementor-image-carousel-wrapper swiper\" role=\"region\" aria-roledescription=\"carousel\" aria-label=\"Resim D\u00f6ng\u00fcs\u00fc\" dir=\"ltr\">\n\t\t\t<div class=\"elementor-image-carousel swiper-wrapper\" aria-live=\"off\">\n\t\t\t\t\t\t\t\t<div class=\"swiper-slide\" role=\"group\" aria-roledescription=\"slide\" aria-label=\"1 \/ 1\"><figure class=\"swiper-slide-inner\"><img decoding=\"async\" class=\"swiper-slide-image\" src=\"https:\/\/sertek.com.tr\/wp-content\/uploads\/elementor\/thumbs\/projectionMapping-qbxm8n3ihmmhyj9misvr1kqmqh6gabj8uraltfn6w0.jpg\" alt=\"Projeksiyon Haritalamas\u0131\" \/><\/figure><\/div>\t\t\t<\/div>\n\t\t\t\t\t<\/div>\n\t\t\t\t\t\t<\/div>\n\t\t\t\t<\/div>\n\t\t\t\t\t<\/div>\n\t\t<\/div>\n\t\t\t\t<div class=\"elementor-column elementor-col-50 elementor-inner-column elementor-element elementor-element-b691ff2\" data-id=\"b691ff2\" data-element_type=\"column\">\n\t\t\t<div class=\"elementor-widget-wrap elementor-element-populated\">\n\t\t\t\t\t\t<div class=\"elementor-element elementor-element-67564d4 elementor-widget elementor-widget-heading\" data-id=\"67564d4\" data-element_type=\"widget\" data-widget_type=\"heading.default\">\n\t\t\t\t<div class=\"elementor-widget-container\">\n\t\t\t\t\t<h1 class=\"elementor-heading-title elementor-size-default\">Projeksiyon Haritalama Sergisi<\/h1>\t\t\t\t<\/div>\n\t\t\t\t<\/div>\n\t\t\t\t<div class=\"elementor-element elementor-element-fe6212b elementor-widget elementor-widget-text-editor\" data-id=\"fe6212b\" data-element_type=\"widget\" data-widget_type=\"text-editor.default\">\n\t\t\t\t<div class=\"elementor-widget-container\">\n\t\t\t\t\t\t\t\t\t<p>Projeksiyon Haritalama sergisi, teknolojinin nefes kesen g\u00f6rsel deneyimleri d\u00fczenledi\u011fi yenilik\u00e7i bir senfonidir. Teknolojinin sanatsal ifadeyi g\u00fc\u00e7lendirme potansiyelini ve ger\u00e7eklik anlay\u0131\u015f\u0131m\u0131z\u0131 yeniden tan\u0131mlamada yarat\u0131c\u0131l\u0131\u011f\u0131n g\u00fcc\u00fcn\u00fc sergiliyor. Projeksiyon Haritalama, mekanlar\u0131 sonsuz olas\u0131l\u0131klara sahip tuvallere d\u00f6n\u00fc\u015ft\u00fcr\u00fcr. \u00c7evrenizin, sanat ve teknolojinin kalpleri ve zihinleri b\u00fcy\u00fcleyen bir merak ve ilham senfonisi yaratmak i\u00e7in birle\u015fti\u011fi s\u00fcr\u00fckleyici hikayelere d\u00f6n\u00fc\u015fmesini izleyin.<\/p>\t\t\t\t\t\t\t\t<\/div>\n\t\t\t\t<\/div>\n\t\t\t\t<div class=\"elementor-element elementor-element-11669c5 elementor-widget-divider--view-line elementor-widget elementor-widget-divider\" data-id=\"11669c5\" data-element_type=\"widget\" data-widget_type=\"divider.default\">\n\t\t\t\t<div class=\"elementor-widget-container\">\n\t\t\t\t\t\t\t<div class=\"elementor-divider\">\n\t\t\t<span class=\"elementor-divider-separator\">\n\t\t\t\t\t\t<\/span>\n\t\t<\/div>\n\t\t\t\t\t\t<\/div>\n\t\t\t\t<\/div>\n\t\t\t\t<div class=\"elementor-element elementor-element-12c22df elementor-widget elementor-widget-heading\" data-id=\"12c22df\" data-element_type=\"widget\" data-widget_type=\"heading.default\">\n\t\t\t\t<div class=\"elementor-widget-container\">\n\t\t\t\t\t<h2 class=\"elementor-heading-title elementor-size-default\">Ziyaret\u00e7i Deneyimi<\/h2>\t\t\t\t<\/div>\n\t\t\t\t<\/div>\n\t\t\t\t<div class=\"elementor-element elementor-element-2071964 elementor-widget elementor-widget-text-editor\" data-id=\"2071964\" data-element_type=\"widget\" data-widget_type=\"text-editor.default\">\n\t\t\t\t<div class=\"elementor-widget-container\">\n\t\t\t\t\t\t\t\t\t<p>Ziyaret\u00e7iler Projeksiyon Haritalama sergisiyle kar\u015f\u0131la\u015ft\u0131klar\u0131nda, merak ve hayranl\u0131k dolu bir d\u00fcnyaya sar\u0131l\u0131yorlar. Tan\u0131d\u0131k mekanlar\u0131n s\u00fcr\u00fckleyici \u0131\u015f\u0131k ve renk manzaralar\u0131na d\u00f6n\u00fc\u015f\u00fcm\u00fcne tan\u0131k oluyorlar. Yans\u0131t\u0131lan animasyonlar\u0131n fiziksel y\u00fczeylerle etkile\u015fimi, ortam\u0131n dinamik anlat\u0131larla canlanmas\u0131yla bir sihir duygusu yarat\u0131yor.<\/p><p>\u00a0\u0130ster basamakl\u0131 bir \u015felaleye d\u00f6n\u00fc\u015fen bir duvar, ister canlanm\u0131\u015f gibi g\u00f6r\u00fcnen bir heykel olsun, ziyaret\u00e7iler s\u0131radanl\u0131\u011f\u0131n s\u0131n\u0131rlar\u0131n\u0131n \u00f6tesine ta\u015f\u0131n\u0131yor. Projeksiyon Haritalama, fiziksel d\u00fcnyan\u0131n dokusunun sanal ifade i\u00e7in bir tuval haline geldi\u011fi, sanat\u0131 tamamen yeni bir boyutta ke\u015ffetme f\u0131rsat\u0131 sunuyor.<\/p>\t\t\t\t\t\t\t\t<\/div>\n\t\t\t\t<\/div>\n\t\t\t\t<div class=\"elementor-element elementor-element-a005608 elementor-widget-divider--view-line elementor-widget elementor-widget-divider\" data-id=\"a005608\" data-element_type=\"widget\" data-widget_type=\"divider.default\">\n\t\t\t\t<div class=\"elementor-widget-container\">\n\t\t\t\t\t\t\t<div class=\"elementor-divider\">\n\t\t\t<span class=\"elementor-divider-separator\">\n\t\t\t\t\t\t<\/span>\n\t\t<\/div>\n\t\t\t\t\t\t<\/div>\n\t\t\t\t<\/div>\n\t\t\t\t<div class=\"elementor-element elementor-element-d73324e elementor-widget elementor-widget-heading\" data-id=\"d73324e\" data-element_type=\"widget\" data-widget_type=\"heading.default\">\n\t\t\t\t<div class=\"elementor-widget-container\">\n\t\t\t\t\t<h2 class=\"elementor-heading-title elementor-size-default\">Ana \u00d6zellikler<\/h2>\t\t\t\t<\/div>\n\t\t\t\t<\/div>\n\t\t\t\t<div class=\"elementor-element elementor-element-e0fdeb2 elementor-widget elementor-widget-text-editor\" data-id=\"e0fdeb2\" data-element_type=\"widget\" data-widget_type=\"text-editor.default\">\n\t\t\t\t<div class=\"elementor-widget-container\">\n\t\t\t\t\t\t\t\t\t<ul><li><p><strong>Sanal Ortamlar:<\/strong> <a href=\"https:\/\/en.wikipedia.org\/wiki\/Projection_mapping\" target=\"_blank\" rel=\"noopener\">Projeksiyon Haritalamas\u0131<\/a> s\u0131radan mekanlar\u0131 b\u00fcy\u00fcleyici sanal ortamlara d\u00f6n\u00fc\u015ft\u00fcr\u00fcyor. Teknoloji, bir mekan\u0131n ambiyans\u0131n\u0131 ve ruh halini yeniden tan\u0131mlaman\u0131za olanak tan\u0131yarak ziyaret\u00e7ileri tasar\u0131m\u0131n\u0131z\u0131n d\u00fcnyas\u0131na kapt\u0131r\u0131r.<\/p><\/li><li><p><strong>Dinamik Etkile\u015fim:<\/strong> Animasyonlar ve efektler, ortam\u0131n fiziksel unsurlar\u0131yla uyum sa\u011flayacak \u015fekilde titizlikle haz\u0131rlanm\u0131\u015ft\u0131r. Duvarlar, nesneler ve y\u00fczeyler, sanal i\u00e7eri\u011fe b\u00fcy\u00fcleyici \u015fekillerde yan\u0131t veren dinamik tuvallere d\u00f6n\u00fc\u015f\u00fcr.<\/p><\/li><li><p><strong>Sanatsal \u0130fadeler:<\/strong> Projeksiyon Haritalama sanatsal ifadeye yeni bir boyut sunuyor. \u0130\u00e7erik olu\u015fturucular, \u0131\u015f\u0131k ve g\u00f6r\u00fcnt\u00fclerin etkile\u015fimi yoluyla hikayeler anlatabilir, duygular\u0131 uyand\u0131rabilir ve mesajlar iletebilir.<\/p><\/li><li><p><strong>\u0130nteraktif Etkile\u015fim:<\/strong> Projeksiyon Haritalama, etkile\u015fimi entegre ederek izleyicilerin daha derin bir d\u00fczeyde ilgisini \u00e7eker. Ziyaret\u00e7iler anlat\u0131y\u0131 veya i\u00e7eri\u011fi aktif olarak etkileyerek ki\u015fiselle\u015ftirilmi\u015f bir deneyim yaratabilirler.<\/p><\/li><li><p><strong>Mekansal Manip\u00fclasyon:<\/strong> Teknoloji, yans\u0131t\u0131lan i\u00e7eri\u011fin derinlik, \u015fekil ve boyut alg\u0131s\u0131n\u0131 de\u011fi\u015ftirebildi\u011fi mekansal manip\u00fclasyona olanak tan\u0131yor. Bu, b\u00fcy\u00fcleyen ve hayrete d\u00fc\u015f\u00fcren g\u00f6rsel olarak \u00e7arp\u0131c\u0131 yan\u0131lsamalar yarat\u0131r.<\/p><\/li><\/ul>\t\t\t\t\t\t\t\t<\/div>\n\t\t\t\t<\/div>\n\t\t\t\t<div class=\"elementor-element elementor-element-8c9d4f7 elementor-widget-divider--view-line elementor-widget elementor-widget-divider\" data-id=\"8c9d4f7\" data-element_type=\"widget\" data-widget_type=\"divider.default\">\n\t\t\t\t<div class=\"elementor-widget-container\">\n\t\t\t\t\t\t\t<div class=\"elementor-divider\">\n\t\t\t<span class=\"elementor-divider-separator\">\n\t\t\t\t\t\t<\/span>\n\t\t<\/div>\n\t\t\t\t\t\t<\/div>\n\t\t\t\t<\/div>\n\t\t\t\t<div class=\"elementor-element elementor-element-318de6b elementor-widget elementor-widget-heading\" data-id=\"318de6b\" data-element_type=\"widget\" data-widget_type=\"heading.default\">\n\t\t\t\t<div class=\"elementor-widget-container\">\n\t\t\t\t\t<h2 class=\"elementor-heading-title elementor-size-default\">Hedef Ya\u015f<\/h2>\t\t\t\t<\/div>\n\t\t\t\t<\/div>\n\t\t\t\t<div class=\"elementor-element elementor-element-9154765 elementor-icon-list--layout-traditional elementor-list-item-link-full_width elementor-widget elementor-widget-icon-list\" data-id=\"9154765\" data-element_type=\"widget\" data-widget_type=\"icon-list.default\">\n\t\t\t\t<div class=\"elementor-widget-container\">\n\t\t\t\t\t\t\t<ul class=\"elementor-icon-list-items\">\n\t\t\t\t\t\t\t<li class=\"elementor-icon-list-item\">\n\t\t\t\t\t\t\t\t\t\t\t<span class=\"elementor-icon-list-icon\">\n\t\t\t\t\t\t\t<i aria-hidden=\"true\" class=\"fas fa-check\"><\/i>\t\t\t\t\t\t<\/span>\n\t\t\t\t\t\t\t\t\t\t<span class=\"elementor-icon-list-text\">Her ya\u015ftan<\/span>\n\t\t\t\t\t\t\t\t\t<\/li>\n\t\t\t\t\t\t<\/ul>\n\t\t\t\t\t\t<\/div>\n\t\t\t\t<\/div>\n\t\t\t\t<div class=\"elementor-element elementor-element-1c42117 elementor-widget-divider--view-line elementor-widget elementor-widget-divider\" data-id=\"1c42117\" data-element_type=\"widget\" data-widget_type=\"divider.default\">\n\t\t\t\t<div class=\"elementor-widget-container\">\n\t\t\t\t\t\t\t<div class=\"elementor-divider\">\n\t\t\t<span class=\"elementor-divider-separator\">\n\t\t\t\t\t\t<\/span>\n\t\t<\/div>\n\t\t\t\t\t\t<\/div>\n\t\t\t\t<\/div>\n\t\t\t\t<div class=\"elementor-element elementor-element-9a1ad82 elementor-widget elementor-widget-heading\" data-id=\"9a1ad82\" data-element_type=\"widget\" data-widget_type=\"heading.default\">\n\t\t\t\t<div class=\"elementor-widget-container\">\n\t\t\t\t\t<h2 class=\"elementor-heading-title elementor-size-default\">Uygulanabilir Temalar<\/h2>\t\t\t\t<\/div>\n\t\t\t\t<\/div>\n\t\t\t\t<div class=\"elementor-element elementor-element-94881c6 elementor-icon-list--layout-traditional elementor-list-item-link-full_width elementor-widget elementor-widget-icon-list\" data-id=\"94881c6\" data-element_type=\"widget\" data-widget_type=\"icon-list.default\">\n\t\t\t\t<div class=\"elementor-widget-container\">\n\t\t\t\t\t\t\t<ul class=\"elementor-icon-list-items\">\n\t\t\t\t\t\t\t<li class=\"elementor-icon-list-item\">\n\t\t\t\t\t\t\t\t\t\t\t<a href=\"https:\/\/sertek.com.tr\/tr\/sanat-temali-sergiler\/\">\n\n\t\t\t\t\t\t\t\t\t\t\t\t<span class=\"elementor-icon-list-icon\">\n\t\t\t\t\t\t\t<i aria-hidden=\"true\" class=\"fas fa-paint-brush\"><\/i>\t\t\t\t\t\t<\/span>\n\t\t\t\t\t\t\t\t\t\t<span class=\"elementor-icon-list-text\">Sanat<\/span>\n\t\t\t\t\t\t\t\t\t\t\t<\/a>\n\t\t\t\t\t\t\t\t\t<\/li>\n\t\t\t\t\t\t\t\t<li class=\"elementor-icon-list-item\">\n\t\t\t\t\t\t\t\t\t\t\t<a href=\"https:\/\/sertek.com.tr\/tr\/fizik-temali-sergiler\/\">\n\n\t\t\t\t\t\t\t\t\t\t\t\t<span class=\"elementor-icon-list-icon\">\n\t\t\t\t\t\t\t<i aria-hidden=\"true\" class=\"fab fa-react\"><\/i>\t\t\t\t\t\t<\/span>\n\t\t\t\t\t\t\t\t\t\t<span class=\"elementor-icon-list-text\">Fizik<\/span>\n\t\t\t\t\t\t\t\t\t\t\t<\/a>\n\t\t\t\t\t\t\t\t\t<\/li>\n\t\t\t\t\t\t\t\t<li class=\"elementor-icon-list-item\">\n\t\t\t\t\t\t\t\t\t\t\t<a href=\"https:\/\/sertek.com.tr\/tr\/mekanik-temali-sergiler\/\">\n\n\t\t\t\t\t\t\t\t\t\t\t\t<span class=\"elementor-icon-list-icon\">\n\t\t\t\t\t\t\t<i aria-hidden=\"true\" class=\"fas fa-wrench\"><\/i>\t\t\t\t\t\t<\/span>\n\t\t\t\t\t\t\t\t\t\t<span class=\"elementor-icon-list-text\">Mekanik<\/span>\n\t\t\t\t\t\t\t\t\t\t\t<\/a>\n\t\t\t\t\t\t\t\t\t<\/li>\n\t\t\t\t\t\t<\/ul>\n\t\t\t\t\t\t<\/div>\n\t\t\t\t<\/div>\n\t\t\t\t\t<\/div>\n\t\t<\/div>\n\t\t\t\t\t<\/div>\n\t\t<\/section>\n\t\t\t\t<div class=\"elementor-element elementor-element-b458126 elementor-widget elementor-widget-spacer\" data-id=\"b458126\" data-element_type=\"widget\" data-widget_type=\"spacer.default\">\n\t\t\t\t<div class=\"elementor-widget-container\">\n\t\t\t\t\t\t\t<div class=\"elementor-spacer\">\n\t\t\t<div class=\"elementor-spacer-inner\"><\/div>\n\t\t<\/div>\n\t\t\t\t\t\t<\/div>\n\t\t\t\t<\/div>\n\t\t\t\t\t<\/div>\n\t\t<\/div>\n\t\t\t\t\t<\/div>\n\t\t<\/section>\n\t\t\t\t<\/div>","protected":false},"excerpt":{"rendered":"<p>Projeksiyon E\u015fleme Sergisi Projeksiyon E\u015fleme sergisi, teknolojinin nefes kesici g\u00f6rsel deneyimleri d\u00fczenledi\u011fi yenilik\u00e7i bir senfonidir. Teknolojinin [\u2026]<\/p>","protected":false},"author":2,"featured_media":0,"parent":0,"menu_order":0,"comment_status":"closed","ping_status":"closed","template":"page-custom.php","meta":{"om_disable_all_campaigns":false,"_monsterinsights_skip_tracking":false,"_monsterinsights_sitenote_active":false,"_monsterinsights_sitenote_note":"","_monsterinsights_sitenote_category":0,"_uf_show_specific_survey":0,"_uf_disable_surveys":false,"footnotes":""},"class_list":["post-5142","page","type-page","status-publish","hentry"],"acf":{"full_width":false,"header_transparent":false,"header_white":false},"aioseo_notices":[],"yoast_head":"<!-- This site is optimized with the Yoast SEO plugin v26.9 - https:\/\/yoast.com\/product\/yoast-seo-wordpress\/ -->\n<title>Projection Mapping Exhibit - Sertek Exhibitions<\/title>\n<meta name=\"description\" content=\"Projection Mapping exhibit is a symphony where technology orchestrates visual experiences for children&#039;s musuems and science centers.\" \/>\n<meta name=\"robots\" content=\"index, follow, max-snippet:-1, max-image-preview:large, max-video-preview:-1\" \/>\n<link rel=\"canonical\" href=\"https:\/\/sertek.com.tr\/tr\/projeksiyon-haritalama-sergi\/\" \/>\n<meta property=\"og:locale\" content=\"tr_TR\" \/>\n<meta property=\"og:type\" content=\"article\" \/>\n<meta property=\"og:title\" content=\"Projection Mapping Exhibit - Sertek Exhibitions\" \/>\n<meta property=\"og:description\" content=\"Projection Mapping exhibit is a symphony where technology orchestrates visual experiences for children&#039;s musuems and science centers.\" \/>\n<meta property=\"og:url\" content=\"https:\/\/sertek.com.tr\/tr\/projeksiyon-haritalama-sergi\/\" \/>\n<meta property=\"og:site_name\" content=\"Sertek Exhibitions\" \/>\n<meta property=\"article:modified_time\" content=\"2023-10-13T21:34:31+00:00\" \/>\n<meta property=\"og:image\" content=\"https:\/\/sertek.com.tr\/wp-content\/uploads\/elementor\/thumbs\/projectionMapping-qbxm8n3ihmmhyj9misvr1kqmqh6gabj8uraltfn6w0.jpg\" \/>\n<meta name=\"twitter:card\" content=\"summary_large_image\" \/>\n<meta name=\"twitter:label1\" content=\"Tahmini okuma s\u00fcresi\" \/>\n\t<meta name=\"twitter:data1\" content=\"2 dakika\" \/>\n<script type=\"application\/ld+json\" class=\"yoast-schema-graph\">{\"@context\":\"https:\/\/schema.org\",\"@graph\":[{\"@type\":\"WebPage\",\"@id\":\"https:\/\/sertek.com.tr\/projection-mapping-exhibit\/\",\"url\":\"https:\/\/sertek.com.tr\/projection-mapping-exhibit\/\",\"name\":\"Projection Mapping Exhibit - Sertek Exhibitions\",\"isPartOf\":{\"@id\":\"https:\/\/sertek.com.tr\/en\/#website\"},\"primaryImageOfPage\":{\"@id\":\"https:\/\/sertek.com.tr\/projection-mapping-exhibit\/#primaryimage\"},\"image\":{\"@id\":\"https:\/\/sertek.com.tr\/projection-mapping-exhibit\/#primaryimage\"},\"thumbnailUrl\":\"https:\/\/sertek.com.tr\/wp-content\/uploads\/elementor\/thumbs\/projectionMapping-qbxm8n3ihmmhyj9misvr1kqmqh6gabj8uraltfn6w0.jpg\",\"datePublished\":\"2023-07-24T12:15:20+00:00\",\"dateModified\":\"2023-10-13T21:34:31+00:00\",\"description\":\"Projection Mapping exhibit is a symphony where technology orchestrates visual experiences for children's musuems and science centers.\",\"breadcrumb\":{\"@id\":\"https:\/\/sertek.com.tr\/projection-mapping-exhibit\/#breadcrumb\"},\"inLanguage\":\"tr\",\"potentialAction\":[{\"@type\":\"ReadAction\",\"target\":[\"https:\/\/sertek.com.tr\/projection-mapping-exhibit\/\"]}]},{\"@type\":\"ImageObject\",\"inLanguage\":\"tr\",\"@id\":\"https:\/\/sertek.com.tr\/projection-mapping-exhibit\/#primaryimage\",\"url\":\"https:\/\/sertek.com.tr\/wp-content\/uploads\/elementor\/thumbs\/projectionMapping-qbxm8n3ihmmhyj9misvr1kqmqh6gabj8uraltfn6w0.jpg\",\"contentUrl\":\"https:\/\/sertek.com.tr\/wp-content\/uploads\/elementor\/thumbs\/projectionMapping-qbxm8n3ihmmhyj9misvr1kqmqh6gabj8uraltfn6w0.jpg\"},{\"@type\":\"BreadcrumbList\",\"@id\":\"https:\/\/sertek.com.tr\/projection-mapping-exhibit\/#breadcrumb\",\"itemListElement\":[{\"@type\":\"ListItem\",\"position\":1,\"name\":\"Home\",\"item\":\"https:\/\/sertek.com.tr\/\"},{\"@type\":\"ListItem\",\"position\":2,\"name\":\"Projection Mapping Exhibit\"}]},{\"@type\":\"WebSite\",\"@id\":\"https:\/\/sertek.com.tr\/en\/#website\",\"url\":\"https:\/\/sertek.com.tr\/en\/\",\"name\":\"Sertek Exhibitions\",\"description\":\"Sertek Exhibitons\",\"publisher\":{\"@id\":\"https:\/\/sertek.com.tr\/en\/#organization\"},\"potentialAction\":[{\"@type\":\"SearchAction\",\"target\":{\"@type\":\"EntryPoint\",\"urlTemplate\":\"https:\/\/sertek.com.tr\/en\/?s={search_term_string}\"},\"query-input\":{\"@type\":\"PropertyValueSpecification\",\"valueRequired\":true,\"valueName\":\"search_term_string\"}}],\"inLanguage\":\"tr\"},{\"@type\":\"Organization\",\"@id\":\"https:\/\/sertek.com.tr\/en\/#organization\",\"name\":\"Sertek Exhibitions\",\"url\":\"https:\/\/sertek.com.tr\/en\/\",\"logo\":{\"@type\":\"ImageObject\",\"inLanguage\":\"tr\",\"@id\":\"https:\/\/sertek.com.tr\/en\/#\/schema\/logo\/image\/\",\"url\":\"https:\/\/sertek.com.tr\/wp-content\/uploads\/2023\/06\/SertekLogo-1.png\",\"contentUrl\":\"https:\/\/sertek.com.tr\/wp-content\/uploads\/2023\/06\/SertekLogo-1.png\",\"width\":300,\"height\":49,\"caption\":\"Sertek Exhibitions\"},\"image\":{\"@id\":\"https:\/\/sertek.com.tr\/en\/#\/schema\/logo\/image\/\"},\"sameAs\":[\"https:\/\/www.linkedin.com\/company\/sertek-exhibitions\/\"]}]}<\/script>\n<!-- \/ Yoast SEO plugin. -->","yoast_head_json":{"title":"Projection Mapping Exhibit - Sertek Exhibitions","description":"Projection Mapping exhibit is a symphony where technology orchestrates visual experiences for children's musuems and science centers.","robots":{"index":"index","follow":"follow","max-snippet":"max-snippet:-1","max-image-preview":"max-image-preview:large","max-video-preview":"max-video-preview:-1"},"canonical":"https:\/\/sertek.com.tr\/tr\/projeksiyon-haritalama-sergi\/","og_locale":"tr_TR","og_type":"article","og_title":"Projection Mapping Exhibit - Sertek Exhibitions","og_description":"Projection Mapping exhibit is a symphony where technology orchestrates visual experiences for children's musuems and science centers.","og_url":"https:\/\/sertek.com.tr\/tr\/projeksiyon-haritalama-sergi\/","og_site_name":"Sertek Exhibitions","article_modified_time":"2023-10-13T21:34:31+00:00","og_image":[{"url":"https:\/\/sertek.com.tr\/wp-content\/uploads\/elementor\/thumbs\/projectionMapping-qbxm8n3ihmmhyj9misvr1kqmqh6gabj8uraltfn6w0.jpg","type":"","width":"","height":""}],"twitter_card":"summary_large_image","twitter_misc":{"Tahmini okuma s\u00fcresi":"2 dakika"},"schema":{"@context":"https:\/\/schema.org","@graph":[{"@type":"WebPage","@id":"https:\/\/sertek.com.tr\/projection-mapping-exhibit\/","url":"https:\/\/sertek.com.tr\/projection-mapping-exhibit\/","name":"Projection Mapping Exhibit - Sertek Exhibitions","isPartOf":{"@id":"https:\/\/sertek.com.tr\/en\/#website"},"primaryImageOfPage":{"@id":"https:\/\/sertek.com.tr\/projection-mapping-exhibit\/#primaryimage"},"image":{"@id":"https:\/\/sertek.com.tr\/projection-mapping-exhibit\/#primaryimage"},"thumbnailUrl":"https:\/\/sertek.com.tr\/wp-content\/uploads\/elementor\/thumbs\/projectionMapping-qbxm8n3ihmmhyj9misvr1kqmqh6gabj8uraltfn6w0.jpg","datePublished":"2023-07-24T12:15:20+00:00","dateModified":"2023-10-13T21:34:31+00:00","description":"Projection Mapping exhibit is a symphony where technology orchestrates visual experiences for children's musuems and science centers.","breadcrumb":{"@id":"https:\/\/sertek.com.tr\/projection-mapping-exhibit\/#breadcrumb"},"inLanguage":"tr","potentialAction":[{"@type":"ReadAction","target":["https:\/\/sertek.com.tr\/projection-mapping-exhibit\/"]}]},{"@type":"ImageObject","inLanguage":"tr","@id":"https:\/\/sertek.com.tr\/projection-mapping-exhibit\/#primaryimage","url":"https:\/\/sertek.com.tr\/wp-content\/uploads\/elementor\/thumbs\/projectionMapping-qbxm8n3ihmmhyj9misvr1kqmqh6gabj8uraltfn6w0.jpg","contentUrl":"https:\/\/sertek.com.tr\/wp-content\/uploads\/elementor\/thumbs\/projectionMapping-qbxm8n3ihmmhyj9misvr1kqmqh6gabj8uraltfn6w0.jpg"},{"@type":"BreadcrumbList","@id":"https:\/\/sertek.com.tr\/projection-mapping-exhibit\/#breadcrumb","itemListElement":[{"@type":"ListItem","position":1,"name":"Home","item":"https:\/\/sertek.com.tr\/"},{"@type":"ListItem","position":2,"name":"Projection Mapping Exhibit"}]},{"@type":"WebSite","@id":"https:\/\/sertek.com.tr\/en\/#website","url":"https:\/\/sertek.com.tr\/en\/","name":"Sertek Exhibitions","description":"Sertek Exhibitons","publisher":{"@id":"https:\/\/sertek.com.tr\/en\/#organization"},"potentialAction":[{"@type":"SearchAction","target":{"@type":"EntryPoint","urlTemplate":"https:\/\/sertek.com.tr\/en\/?s={search_term_string}"},"query-input":{"@type":"PropertyValueSpecification","valueRequired":true,"valueName":"search_term_string"}}],"inLanguage":"tr"},{"@type":"Organization","@id":"https:\/\/sertek.com.tr\/en\/#organization","name":"Sertek Exhibitions","url":"https:\/\/sertek.com.tr\/en\/","logo":{"@type":"ImageObject","inLanguage":"tr","@id":"https:\/\/sertek.com.tr\/en\/#\/schema\/logo\/image\/","url":"https:\/\/sertek.com.tr\/wp-content\/uploads\/2023\/06\/SertekLogo-1.png","contentUrl":"https:\/\/sertek.com.tr\/wp-content\/uploads\/2023\/06\/SertekLogo-1.png","width":300,"height":49,"caption":"Sertek Exhibitions"},"image":{"@id":"https:\/\/sertek.com.tr\/en\/#\/schema\/logo\/image\/"},"sameAs":["https:\/\/www.linkedin.com\/company\/sertek-exhibitions\/"]}]}},"jetpack_sharing_enabled":true,"_links":{"self":[{"href":"https:\/\/sertek.com.tr\/tr\/wp-json\/wp\/v2\/pages\/5142","targetHints":{"allow":["GET"]}}],"collection":[{"href":"https:\/\/sertek.com.tr\/tr\/wp-json\/wp\/v2\/pages"}],"about":[{"href":"https:\/\/sertek.com.tr\/tr\/wp-json\/wp\/v2\/types\/page"}],"author":[{"embeddable":true,"href":"https:\/\/sertek.com.tr\/tr\/wp-json\/wp\/v2\/users\/2"}],"replies":[{"embeddable":true,"href":"https:\/\/sertek.com.tr\/tr\/wp-json\/wp\/v2\/comments?post=5142"}],"version-history":[{"count":19,"href":"https:\/\/sertek.com.tr\/tr\/wp-json\/wp\/v2\/pages\/5142\/revisions"}],"predecessor-version":[{"id":7148,"href":"https:\/\/sertek.com.tr\/tr\/wp-json\/wp\/v2\/pages\/5142\/revisions\/7148"}],"wp:attachment":[{"href":"https:\/\/sertek.com.tr\/tr\/wp-json\/wp\/v2\/media?parent=5142"}],"curies":[{"name":"wp","href":"https:\/\/api.w.org\/{rel}","templated":true}]}}