{"id":5147,"date":"2023-07-24T12:17:00","date_gmt":"2023-07-24T12:17:00","guid":{"rendered":"https:\/\/sertekexhibitions.com\/?page_id=5147"},"modified":"2023-10-28T16:57:58","modified_gmt":"2023-10-28T16:57:58","slug":"smart-recycling-bin-exhibit","status":"publish","type":"page","link":"https:\/\/sertek.com.tr\/tr\/akilli-geri-donusum-kutusu-sergisi\/","title":{"rendered":"Ak\u0131ll\u0131 Geri D\u00f6n\u00fc\u015f\u00fcm Kutusu Sergisi"},"content":{"rendered":"<div data-elementor-type=\"wp-page\" data-elementor-id=\"5147\" class=\"elementor elementor-5147\" data-elementor-settings=\"{&quot;ha_cmc_init_switcher&quot;:&quot;no&quot;}\">\n\t\t\t\t\t\t<section class=\"elementor-section elementor-top-section elementor-element elementor-element-9f5181a elementor-section-boxed elementor-section-height-default elementor-section-height-default\" data-id=\"9f5181a\" data-element_type=\"section\" data-settings=\"{&quot;_ha_eqh_enable&quot;:false}\">\n\t\t\t\t\t\t<div class=\"elementor-container elementor-column-gap-extended\">\n\t\t\t\t\t<div class=\"elementor-column elementor-col-100 elementor-top-column elementor-element elementor-element-e397ea5\" data-id=\"e397ea5\" data-element_type=\"column\">\n\t\t\t<div class=\"elementor-widget-wrap elementor-element-populated\">\n\t\t\t\t\t\t<section class=\"elementor-section elementor-inner-section elementor-element elementor-element-04ee2d9 elementor-section-full_width elementor-section-height-default elementor-section-height-default\" data-id=\"04ee2d9\" data-element_type=\"section\" data-settings=\"{&quot;background_background&quot;:&quot;classic&quot;,&quot;_ha_eqh_enable&quot;:false}\">\n\t\t\t\t\t\t<div class=\"elementor-container elementor-column-gap-wide\">\n\t\t\t\t\t<div class=\"elementor-column elementor-col-50 elementor-inner-column elementor-element elementor-element-5533d4d has-sticky-column\" data-id=\"5533d4d\" data-element_type=\"column\">\n\t\t\t<div class=\"elementor-widget-wrap elementor-element-populated\">\n\t\t\t\t\t\t<div class=\"elementor-element elementor-element-734f16e elementor-widget__width-inherit elementor-arrows-position-inside elementor-pagination-position-outside elementor-widget elementor-widget-image-carousel\" data-id=\"734f16e\" data-element_type=\"widget\" data-settings=\"{&quot;slides_to_show&quot;:&quot;1&quot;,&quot;navigation&quot;:&quot;both&quot;,&quot;autoplay&quot;:&quot;yes&quot;,&quot;pause_on_hover&quot;:&quot;yes&quot;,&quot;pause_on_interaction&quot;:&quot;yes&quot;,&quot;autoplay_speed&quot;:5000,&quot;infinite&quot;:&quot;yes&quot;,&quot;effect&quot;:&quot;slide&quot;,&quot;speed&quot;:500}\" data-widget_type=\"image-carousel.default\">\n\t\t\t\t<div class=\"elementor-widget-container\">\n\t\t\t\t\t\t\t<div class=\"elementor-image-carousel-wrapper swiper\" role=\"region\" aria-roledescription=\"carousel\" aria-label=\"Resim D\u00f6ng\u00fcs\u00fc\" dir=\"ltr\">\n\t\t\t<div class=\"elementor-image-carousel swiper-wrapper\" aria-live=\"off\">\n\t\t\t\t\t\t\t\t<div class=\"swiper-slide\" role=\"group\" aria-roledescription=\"slide\" aria-label=\"1 \/ 1\"><figure class=\"swiper-slide-inner\"><img decoding=\"async\" class=\"swiper-slide-image\" src=\"https:\/\/sertek.com.tr\/wp-content\/uploads\/elementor\/thumbs\/Smart-Recycling-Bin-scaled-e1690032253156-qbxm8n3ihmn2f4lwuvk7kokn4bmnk7ifg8sfue65xk.jpg\" alt=\"ak\u0131ll\u0131 geri d\u00f6n\u00fc\u015f\u00fcm kutusu\" \/><\/figure><\/div>\t\t\t<\/div>\n\t\t\t\t\t<\/div>\n\t\t\t\t\t\t<\/div>\n\t\t\t\t<\/div>\n\t\t\t\t\t<\/div>\n\t\t<\/div>\n\t\t\t\t<div class=\"elementor-column elementor-col-50 elementor-inner-column elementor-element elementor-element-b691ff2\" data-id=\"b691ff2\" data-element_type=\"column\">\n\t\t\t<div class=\"elementor-widget-wrap elementor-element-populated\">\n\t\t\t\t\t\t<div class=\"elementor-element elementor-element-67564d4 elementor-widget elementor-widget-heading\" data-id=\"67564d4\" data-element_type=\"widget\" data-widget_type=\"heading.default\">\n\t\t\t\t<div class=\"elementor-widget-container\">\n\t\t\t\t\t<h1 class=\"elementor-heading-title elementor-size-default\">Geri D\u00f6n\u00fc\u015f\u00fcm Kutusu Sergisi<\/h1>\t\t\t\t<\/div>\n\t\t\t\t<\/div>\n\t\t\t\t<div class=\"elementor-element elementor-element-fe6212b elementor-widget elementor-widget-text-editor\" data-id=\"fe6212b\" data-element_type=\"widget\" data-widget_type=\"text-editor.default\">\n\t\t\t\t<div class=\"elementor-widget-container\">\n\t\t\t\t\t\t\t\t\t<div class=\"group w-full text-token-text-primary border-b border-black\/10 gizmo:border-0 dark:border-gray-900\/50 gizmo:dark:border-0 bg-gray-50 gizmo:bg-transparent dark:bg-[#444654] gizmo:dark:bg-transparent\" data-testid=\"conversation-turn-125\"><div class=\"p-4 gizmo:py-2 justify-center text-base md:gap-6 md:py-6 m-auto\"><div class=\"flex flex-1 gap-4 text-base mx-auto md:gap-6 gizmo:gap-3 gizmo:md:px-5 gizmo:lg:px-1 gizmo:xl:px-5 md:max-w-2xl lg:max-w-[38rem] gizmo:md:max-w-3xl gizmo:lg:max-w-[40rem] gizmo:xl:max-w-[48rem] xl:max-w-3xl }\"><div class=\"relative flex w-[calc(100%-50px)] flex-col gizmo:w-full lg:w-[calc(100%-115px)] agent-turn\"><div class=\"flex-col gap-1 md:gap-3\"><div class=\"flex flex-grow flex-col gap-3 max-w-full\"><div class=\"min-h-[20px] flex flex-col items-start gap-3 whitespace-pre-wrap break-words overflow-x-auto\" data-message-author-role=\"assistant\" data-message-id=\"09a18e29-cf4b-4b9d-8004-7779391519e6\"><div class=\"markdown prose w-full break-words dark:prose-invert dark\"><p>Geri D\u00f6n\u00fc\u015f\u00fcm Kutusu Sergisi, e\u011flenceyi s\u00fcrd\u00fcr\u00fclebilirlik konusunda de\u011ferli bir dersle birle\u015ftirmeye y\u00f6nelik bir davettir. Sergi, ziyaret\u00e7ilere geri d\u00f6n\u00fc\u015f\u00fcm\u00fcn ve s\u00fcrd\u00fcr\u00fclebilir at\u0131k y\u00f6netiminin \u00f6nemi hakk\u0131nda bilgi vermek i\u00e7in e\u011flenceli ve etkile\u015fimli bir yol sunar. E\u011flenceyi \u00e7evresel sorumluluk konusunda de\u011ferli bir dersle birle\u015ftiren bir deneyimdir.<\/p><p>Geri D\u00f6n\u00fc\u015f\u00fcm Kutusu Sergisi, e\u011flence ve \u00f6\u011frenmenin b\u00fcy\u00fcleyici bir kar\u0131\u015f\u0131m\u0131d\u0131r. Geri d\u00f6n\u00fc\u015f\u00fcm kutusu \u015feklindedir ve i\u00e7inde ki\u015fisel bir geri d\u00f6n\u00fc\u015f\u00fcm kutusu karakteri bar\u0131nd\u0131ran bir LED ekrana sahiptir. Bu karakter canlan\u0131r ve ziyaret\u00e7ileri geri d\u00f6n\u00fc\u015f\u00fcm s\u00fcrecine kat\u0131lmaya te\u015fvik eder.<\/p><p>Geri D\u00f6n\u00fc\u015f\u00fcm Kutusu Sergisi ile \u00f6\u011frenin, kat\u0131l\u0131n ve \u00e7evre \u00fczerinde olumlu bir etki yarat\u0131n.<\/p><\/div><\/div><\/div><\/div><\/div><\/div><\/div><\/div>\t\t\t\t\t\t\t\t<\/div>\n\t\t\t\t<\/div>\n\t\t\t\t<div class=\"elementor-element elementor-element-11669c5 elementor-widget-divider--view-line elementor-widget elementor-widget-divider\" data-id=\"11669c5\" data-element_type=\"widget\" data-widget_type=\"divider.default\">\n\t\t\t\t<div class=\"elementor-widget-container\">\n\t\t\t\t\t\t\t<div class=\"elementor-divider\">\n\t\t\t<span class=\"elementor-divider-separator\">\n\t\t\t\t\t\t<\/span>\n\t\t<\/div>\n\t\t\t\t\t\t<\/div>\n\t\t\t\t<\/div>\n\t\t\t\t<div class=\"elementor-element elementor-element-12c22df elementor-widget elementor-widget-heading\" data-id=\"12c22df\" data-element_type=\"widget\" data-widget_type=\"heading.default\">\n\t\t\t\t<div class=\"elementor-widget-container\">\n\t\t\t\t\t<h2 class=\"elementor-heading-title elementor-size-default\">Ziyaret\u00e7i Deneyimi<\/h2>\t\t\t\t<\/div>\n\t\t\t\t<\/div>\n\t\t\t\t<div class=\"elementor-element elementor-element-2071964 elementor-widget elementor-widget-text-editor\" data-id=\"2071964\" data-element_type=\"widget\" data-widget_type=\"text-editor.default\">\n\t\t\t\t<div class=\"elementor-widget-container\">\n\t\t\t\t\t\t\t\t\t<p>Geri D\u00f6n\u00fc\u015f\u00fcm Kutusu Sergisine yakla\u015f\u0131n ve LED ekranda g\u00f6sterilen canl\u0131 bir geri d\u00f6n\u00fc\u015f\u00fcm kutusu karakteri taraf\u0131ndan kar\u015f\u0131lanacaks\u0131n\u0131z. Karakter, ziyaret\u00e7ileri &quot;beni besle&quot; gibi ilgi \u00e7ekici jestler ve ifadelerle \u00e7a\u011f\u0131r\u0131yor. Ziyaret\u00e7iler, metal, cam ve ka\u011f\u0131t gibi malzemeleri temsil eden farkl\u0131 \u00e7\u00f6p modellerini sergiye yerle\u015ftirerek kat\u0131lmaya te\u015fvik ediliyor.<\/p><p>Bu sergiyi di\u011ferlerinden ay\u0131ran \u015fey, i\u00e7ine yerle\u015ftirilen malzemenin t\u00fcr\u00fcn\u00fc tan\u0131mas\u0131n\u0131 sa\u011flayan teknolojisidir. Geri d\u00f6n\u00fc\u015f\u00fcm kutusu karakteri ger\u00e7ek zamanl\u0131 olarak yan\u0131t verir, malzeme t\u00fcr\u00fcne g\u00f6re geri bildirim ve te\u015fvik sunar. Sorumlu at\u0131k y\u00f6netimi ve geri d\u00f6n\u00fc\u015f\u00fcm\u00fc te\u015fvik eden keyifli ve e\u011fitici bir deneyimdir.<\/p><p>\u00a0<\/p><ol><li><strong>At\u0131k Ay\u0131klama Maceras\u0131:<\/strong> Be\u015f farkl\u0131 at\u0131k t\u00fcr\u00fcyle benzersiz bir at\u0131k ay\u0131rma deneyimine kat\u0131l\u0131n: ka\u011f\u0131t, plastik, metal, elektronik ve cam. Her at\u0131k t\u00fcr\u00fc, bunlar\u0131 \u00e7\u00f6p kutular\u0131na b\u0131rakman\u0131za olanak tan\u0131yan RFID teknolojisiyle donat\u0131lm\u0131\u015ft\u0131r.<\/li><li><strong>\u0130nteraktif \u00f6\u011frenmek:<\/strong> At\u0131klar\u0131 bertaraf ederken, se\u00e7ti\u011finiz at\u0131k t\u00fcr\u00fcne g\u00f6re uyarlanm\u0131\u015f b\u00fcy\u00fcleyici animasyonlara ekran \u00fczerinde tan\u0131k olun. Geri d\u00f6n\u00fc\u015f\u00fcm\u00fcn \u00e7evresel faydalar\u0131 ve sorumlu at\u0131k y\u00f6netiminin s\u00fcrd\u00fcr\u00fclebilir bir gelece\u011fe nas\u0131l katk\u0131da bulundu\u011fu hakk\u0131nda bilgi edinin.<\/li><li><strong>RFID B\u00fcy\u00fcs\u00fc:<\/strong> At\u0131k se\u00e7imlerinizi tan\u0131yan ve ilgili mesajlar\u0131 ileten, geri d\u00f6n\u00fc\u015f\u00fcm\u00fcn olumlu etkisine ili\u015fkin anlay\u0131\u015f\u0131n\u0131z\u0131 derinle\u015ftiren RFID teknolojisinin b\u00fcy\u00fcs\u00fcn\u00fc deneyimleyin.<\/li><\/ol>\t\t\t\t\t\t\t\t<\/div>\n\t\t\t\t<\/div>\n\t\t\t\t<div class=\"elementor-element elementor-element-a005608 elementor-widget-divider--view-line elementor-widget elementor-widget-divider\" data-id=\"a005608\" data-element_type=\"widget\" data-widget_type=\"divider.default\">\n\t\t\t\t<div class=\"elementor-widget-container\">\n\t\t\t\t\t\t\t<div class=\"elementor-divider\">\n\t\t\t<span class=\"elementor-divider-separator\">\n\t\t\t\t\t\t<\/span>\n\t\t<\/div>\n\t\t\t\t\t\t<\/div>\n\t\t\t\t<\/div>\n\t\t\t\t<div class=\"elementor-element elementor-element-d73324e elementor-widget elementor-widget-heading\" data-id=\"d73324e\" data-element_type=\"widget\" data-widget_type=\"heading.default\">\n\t\t\t\t<div class=\"elementor-widget-container\">\n\t\t\t\t\t<h2 class=\"elementor-heading-title elementor-size-default\">\u00d6ne \u00c7\u0131kan \u00d6zellikler<\/h2>\t\t\t\t<\/div>\n\t\t\t\t<\/div>\n\t\t\t\t<div class=\"elementor-element elementor-element-e0fdeb2 elementor-widget elementor-widget-text-editor\" data-id=\"e0fdeb2\" data-element_type=\"widget\" data-widget_type=\"text-editor.default\">\n\t\t\t\t<div class=\"elementor-widget-container\">\n\t\t\t\t\t\t\t\t\t<ol><li><a href=\"https:\/\/unece.org\/environment-policy\/environmental-performance-reviews\/unda-project-1819ae-serbia-raising-awareness\" target=\"_blank\" rel=\"noopener\"><strong>At\u0131k Bilinci:<\/strong><\/a> \u00c7e\u015fitli at\u0131k t\u00fcrleri ve bunlar\u0131n geri d\u00f6n\u00fc\u015f\u00fcm i\u00e7in do\u011fru \u015fekilde s\u0131n\u0131fland\u0131r\u0131lmas\u0131n\u0131n \u00f6nemi hakk\u0131nda daha fazla fark\u0131ndal\u0131k kazan\u0131n.<\/li><li><strong>\u00c7evresel sorumluluk:<\/strong> Sorumlu at\u0131k imhas\u0131n\u0131n daha temiz, daha ye\u015fil bir gezegene nas\u0131l katk\u0131da bulundu\u011funu, at\u0131k depolama sahalar\u0131ndaki y\u00fck\u00fc azaltt\u0131\u011f\u0131n\u0131 ve de\u011ferli kaynaklar\u0131 nas\u0131l korudu\u011funu ke\u015ffedin.<\/li><li><strong>Teknoloji ve S\u00fcrd\u00fcr\u00fclebilirlik:<\/strong> \u00c7evre dostu uygulamalar\u0131 te\u015fvik etmedeki rol\u00fcn\u00fc sergileyen RFID teknolojisi arac\u0131l\u0131\u011f\u0131yla teknoloji ve s\u00fcrd\u00fcr\u00fclebilirli\u011fin kesi\u015fimini ke\u015ffedin.<\/li><li><strong>E\u011fitimsel Kat\u0131l\u0131m:<\/strong> Bireyleri \u00e7evre bilincine sahip se\u00e7imler yapma konusunda e\u011fitme ve onlara ilham verme konusunda etkile\u015fimli \u00f6\u011frenme deneyimlerinin de\u011ferinin fark\u0131na var\u0131n.<\/li><\/ol>\t\t\t\t\t\t\t\t<\/div>\n\t\t\t\t<\/div>\n\t\t\t\t<div class=\"elementor-element elementor-element-8c9d4f7 elementor-widget-divider--view-line elementor-widget elementor-widget-divider\" data-id=\"8c9d4f7\" data-element_type=\"widget\" data-widget_type=\"divider.default\">\n\t\t\t\t<div class=\"elementor-widget-container\">\n\t\t\t\t\t\t\t<div class=\"elementor-divider\">\n\t\t\t<span class=\"elementor-divider-separator\">\n\t\t\t\t\t\t<\/span>\n\t\t<\/div>\n\t\t\t\t\t\t<\/div>\n\t\t\t\t<\/div>\n\t\t\t\t<div class=\"elementor-element elementor-element-318de6b elementor-widget elementor-widget-heading\" data-id=\"318de6b\" data-element_type=\"widget\" data-widget_type=\"heading.default\">\n\t\t\t\t<div class=\"elementor-widget-container\">\n\t\t\t\t\t<h2 class=\"elementor-heading-title elementor-size-default\">Hedef Ya\u015f<\/h2>\t\t\t\t<\/div>\n\t\t\t\t<\/div>\n\t\t\t\t<div class=\"elementor-element elementor-element-9154765 elementor-icon-list--layout-traditional elementor-list-item-link-full_width elementor-widget elementor-widget-icon-list\" data-id=\"9154765\" data-element_type=\"widget\" data-widget_type=\"icon-list.default\">\n\t\t\t\t<div class=\"elementor-widget-container\">\n\t\t\t\t\t\t\t<ul class=\"elementor-icon-list-items\">\n\t\t\t\t\t\t\t<li class=\"elementor-icon-list-item\">\n\t\t\t\t\t\t\t\t\t\t\t<span class=\"elementor-icon-list-icon\">\n\t\t\t\t\t\t\t<i aria-hidden=\"true\" class=\"fas fa-check\"><\/i>\t\t\t\t\t\t<\/span>\n\t\t\t\t\t\t\t\t\t\t<span class=\"elementor-icon-list-text\">Her ya\u015ftan.<\/span>\n\t\t\t\t\t\t\t\t\t<\/li>\n\t\t\t\t\t\t<\/ul>\n\t\t\t\t\t\t<\/div>\n\t\t\t\t<\/div>\n\t\t\t\t<div class=\"elementor-element elementor-element-1c42117 elementor-widget-divider--view-line elementor-widget elementor-widget-divider\" data-id=\"1c42117\" data-element_type=\"widget\" data-widget_type=\"divider.default\">\n\t\t\t\t<div class=\"elementor-widget-container\">\n\t\t\t\t\t\t\t<div class=\"elementor-divider\">\n\t\t\t<span class=\"elementor-divider-separator\">\n\t\t\t\t\t\t<\/span>\n\t\t<\/div>\n\t\t\t\t\t\t<\/div>\n\t\t\t\t<\/div>\n\t\t\t\t<div class=\"elementor-element elementor-element-9a1ad82 elementor-widget elementor-widget-heading\" data-id=\"9a1ad82\" data-element_type=\"widget\" data-widget_type=\"heading.default\">\n\t\t\t\t<div class=\"elementor-widget-container\">\n\t\t\t\t\t<h2 class=\"elementor-heading-title elementor-size-default\">Uygulanabilir Temalar<\/h2>\t\t\t\t<\/div>\n\t\t\t\t<\/div>\n\t\t\t\t<div class=\"elementor-element elementor-element-2fdd259 elementor-icon-list--layout-traditional elementor-list-item-link-full_width elementor-widget elementor-widget-icon-list\" data-id=\"2fdd259\" data-element_type=\"widget\" data-widget_type=\"icon-list.default\">\n\t\t\t\t<div class=\"elementor-widget-container\">\n\t\t\t\t\t\t\t<ul class=\"elementor-icon-list-items\">\n\t\t\t\t\t\t\t<li class=\"elementor-icon-list-item\">\n\t\t\t\t\t\t\t\t\t\t\t<a href=\"https:\/\/sertek.com.tr\/tr\/doga-temali-sergiler\/\">\n\n\t\t\t\t\t\t\t\t\t\t\t\t<span class=\"elementor-icon-list-icon\">\n\t\t\t\t\t\t\t<i aria-hidden=\"true\" class=\"fab fa-envira\"><\/i>\t\t\t\t\t\t<\/span>\n\t\t\t\t\t\t\t\t\t\t<span class=\"elementor-icon-list-text\">Do\u011fa<\/span>\n\t\t\t\t\t\t\t\t\t\t\t<\/a>\n\t\t\t\t\t\t\t\t\t<\/li>\n\t\t\t\t\t\t<\/ul>\n\t\t\t\t\t\t<\/div>\n\t\t\t\t<\/div>\n\t\t\t\t\t<\/div>\n\t\t<\/div>\n\t\t\t\t\t<\/div>\n\t\t<\/section>\n\t\t\t\t<div class=\"elementor-element elementor-element-b458126 elementor-widget elementor-widget-spacer\" data-id=\"b458126\" data-element_type=\"widget\" data-widget_type=\"spacer.default\">\n\t\t\t\t<div class=\"elementor-widget-container\">\n\t\t\t\t\t\t\t<div class=\"elementor-spacer\">\n\t\t\t<div class=\"elementor-spacer-inner\"><\/div>\n\t\t<\/div>\n\t\t\t\t\t\t<\/div>\n\t\t\t\t<\/div>\n\t\t\t\t\t<\/div>\n\t\t<\/div>\n\t\t\t\t\t<\/div>\n\t\t<\/section>\n\t\t\t\t<\/div>","protected":false},"excerpt":{"rendered":"<p>Geri D\u00f6n\u00fc\u015f\u00fcm Kutusu Sergisi Geri D\u00f6n\u00fc\u015f\u00fcm Kutusu Sergisi, e\u011flenceyi s\u00fcrd\u00fcr\u00fclebilirlik konusunda de\u011ferli bir dersle birle\u015ftirmeye y\u00f6nelik bir davettir. Sergi, e\u011flenceli ve [\u2026]<\/p>","protected":false},"author":2,"featured_media":4727,"parent":0,"menu_order":0,"comment_status":"closed","ping_status":"closed","template":"page-custom.php","meta":{"om_disable_all_campaigns":false,"_monsterinsights_skip_tracking":false,"_monsterinsights_sitenote_active":false,"_monsterinsights_sitenote_note":"","_monsterinsights_sitenote_category":0,"_uf_show_specific_survey":0,"_uf_disable_surveys":false,"footnotes":""},"class_list":["post-5147","page","type-page","status-publish","has-post-thumbnail","hentry"],"acf":{"full_width":false,"header_transparent":false,"header_white":false},"aioseo_notices":[],"yoast_head":"<!-- This site is optimized with the Yoast SEO plugin v26.9 - https:\/\/yoast.com\/product\/yoast-seo-wordpress\/ -->\n<title>Smart Recycling Bin Exhibit - Sertek Exhibitions<\/title>\n<meta name=\"description\" content=\"The Recycling Bin Exhibit is shaped like a recycling bin, it features an LED screen that houses a personable recycling bin character.\" \/>\n<meta name=\"robots\" content=\"index, follow, max-snippet:-1, max-image-preview:large, max-video-preview:-1\" \/>\n<link rel=\"canonical\" href=\"https:\/\/sertek.com.tr\/tr\/akilli-geri-donusum-kutusu-sergisi\/\" \/>\n<meta property=\"og:locale\" content=\"tr_TR\" \/>\n<meta property=\"og:type\" content=\"article\" \/>\n<meta property=\"og:title\" content=\"Smart Recycling Bin Exhibit - Sertek Exhibitions\" \/>\n<meta property=\"og:description\" content=\"The Recycling Bin Exhibit is shaped like a recycling bin, it features an LED screen that houses a personable recycling bin character.\" \/>\n<meta property=\"og:url\" content=\"https:\/\/sertek.com.tr\/tr\/akilli-geri-donusum-kutusu-sergisi\/\" \/>\n<meta property=\"og:site_name\" content=\"Sertek Exhibitions\" \/>\n<meta property=\"article:modified_time\" content=\"2023-10-28T16:57:58+00:00\" \/>\n<meta property=\"og:image\" content=\"https:\/\/sertek.com.tr\/wp-content\/uploads\/2023\/07\/Smart-Recycling-Bin-scaled-e1690032253156.jpg\" \/>\n\t<meta property=\"og:image:width\" content=\"1920\" \/>\n\t<meta property=\"og:image:height\" content=\"1243\" \/>\n\t<meta property=\"og:image:type\" content=\"image\/jpeg\" \/>\n<meta name=\"twitter:card\" content=\"summary_large_image\" \/>\n<meta name=\"twitter:label1\" content=\"Tahmini okuma s\u00fcresi\" \/>\n\t<meta name=\"twitter:data1\" content=\"2 dakika\" \/>\n<script type=\"application\/ld+json\" class=\"yoast-schema-graph\">{\"@context\":\"https:\/\/schema.org\",\"@graph\":[{\"@type\":\"WebPage\",\"@id\":\"https:\/\/sertek.com.tr\/en\/smart-recycling-bin-exhibit\/\",\"url\":\"https:\/\/sertek.com.tr\/en\/smart-recycling-bin-exhibit\/\",\"name\":\"Smart Recycling Bin Exhibit - Sertek Exhibitions\",\"isPartOf\":{\"@id\":\"https:\/\/sertek.com.tr\/en\/#website\"},\"primaryImageOfPage\":{\"@id\":\"https:\/\/sertek.com.tr\/en\/smart-recycling-bin-exhibit\/#primaryimage\"},\"image\":{\"@id\":\"https:\/\/sertek.com.tr\/en\/smart-recycling-bin-exhibit\/#primaryimage\"},\"thumbnailUrl\":\"https:\/\/sertek.com.tr\/wp-content\/uploads\/2023\/07\/Smart-Recycling-Bin-scaled-e1690032253156.jpg\",\"datePublished\":\"2023-07-24T12:17:00+00:00\",\"dateModified\":\"2023-10-28T16:57:58+00:00\",\"description\":\"The Recycling Bin Exhibit is shaped like a recycling bin, it features an LED screen that houses a personable recycling bin character.\",\"breadcrumb\":{\"@id\":\"https:\/\/sertek.com.tr\/en\/smart-recycling-bin-exhibit\/#breadcrumb\"},\"inLanguage\":\"tr\",\"potentialAction\":[{\"@type\":\"ReadAction\",\"target\":[\"https:\/\/sertek.com.tr\/en\/smart-recycling-bin-exhibit\/\"]}]},{\"@type\":\"ImageObject\",\"inLanguage\":\"tr\",\"@id\":\"https:\/\/sertek.com.tr\/en\/smart-recycling-bin-exhibit\/#primaryimage\",\"url\":\"https:\/\/sertek.com.tr\/wp-content\/uploads\/2023\/07\/Smart-Recycling-Bin-scaled-e1690032253156.jpg\",\"contentUrl\":\"https:\/\/sertek.com.tr\/wp-content\/uploads\/2023\/07\/Smart-Recycling-Bin-scaled-e1690032253156.jpg\",\"width\":1920,\"height\":1243,\"caption\":\"smart recycling bin\"},{\"@type\":\"BreadcrumbList\",\"@id\":\"https:\/\/sertek.com.tr\/en\/smart-recycling-bin-exhibit\/#breadcrumb\",\"itemListElement\":[{\"@type\":\"ListItem\",\"position\":1,\"name\":\"Home\",\"item\":\"https:\/\/sertek.com.tr\/\"},{\"@type\":\"ListItem\",\"position\":2,\"name\":\"Smart Recycling Bin Exhibit\"}]},{\"@type\":\"WebSite\",\"@id\":\"https:\/\/sertek.com.tr\/en\/#website\",\"url\":\"https:\/\/sertek.com.tr\/en\/\",\"name\":\"Sertek Exhibitions\",\"description\":\"Sertek Exhibitons\",\"publisher\":{\"@id\":\"https:\/\/sertek.com.tr\/en\/#organization\"},\"potentialAction\":[{\"@type\":\"SearchAction\",\"target\":{\"@type\":\"EntryPoint\",\"urlTemplate\":\"https:\/\/sertek.com.tr\/en\/?s={search_term_string}\"},\"query-input\":{\"@type\":\"PropertyValueSpecification\",\"valueRequired\":true,\"valueName\":\"search_term_string\"}}],\"inLanguage\":\"tr\"},{\"@type\":\"Organization\",\"@id\":\"https:\/\/sertek.com.tr\/en\/#organization\",\"name\":\"Sertek Exhibitions\",\"url\":\"https:\/\/sertek.com.tr\/en\/\",\"logo\":{\"@type\":\"ImageObject\",\"inLanguage\":\"tr\",\"@id\":\"https:\/\/sertek.com.tr\/en\/#\/schema\/logo\/image\/\",\"url\":\"https:\/\/sertek.com.tr\/wp-content\/uploads\/2023\/06\/SertekLogo-1.png\",\"contentUrl\":\"https:\/\/sertek.com.tr\/wp-content\/uploads\/2023\/06\/SertekLogo-1.png\",\"width\":300,\"height\":49,\"caption\":\"Sertek Exhibitions\"},\"image\":{\"@id\":\"https:\/\/sertek.com.tr\/en\/#\/schema\/logo\/image\/\"},\"sameAs\":[\"https:\/\/www.linkedin.com\/company\/sertek-exhibitions\/\"]}]}<\/script>\n<!-- \/ Yoast SEO plugin. -->","yoast_head_json":{"title":"Smart Recycling Bin Exhibit - Sertek Exhibitions","description":"The Recycling Bin Exhibit is shaped like a recycling bin, it features an LED screen that houses a personable recycling bin character.","robots":{"index":"index","follow":"follow","max-snippet":"max-snippet:-1","max-image-preview":"max-image-preview:large","max-video-preview":"max-video-preview:-1"},"canonical":"https:\/\/sertek.com.tr\/tr\/akilli-geri-donusum-kutusu-sergisi\/","og_locale":"tr_TR","og_type":"article","og_title":"Smart Recycling Bin Exhibit - Sertek Exhibitions","og_description":"The Recycling Bin Exhibit is shaped like a recycling bin, it features an LED screen that houses a personable recycling bin character.","og_url":"https:\/\/sertek.com.tr\/tr\/akilli-geri-donusum-kutusu-sergisi\/","og_site_name":"Sertek Exhibitions","article_modified_time":"2023-10-28T16:57:58+00:00","og_image":[{"width":1920,"height":1243,"url":"https:\/\/sertek.com.tr\/wp-content\/uploads\/2023\/07\/Smart-Recycling-Bin-scaled-e1690032253156.jpg","type":"image\/jpeg"}],"twitter_card":"summary_large_image","twitter_misc":{"Tahmini okuma s\u00fcresi":"2 dakika"},"schema":{"@context":"https:\/\/schema.org","@graph":[{"@type":"WebPage","@id":"https:\/\/sertek.com.tr\/en\/smart-recycling-bin-exhibit\/","url":"https:\/\/sertek.com.tr\/en\/smart-recycling-bin-exhibit\/","name":"Smart Recycling Bin Exhibit - Sertek Exhibitions","isPartOf":{"@id":"https:\/\/sertek.com.tr\/en\/#website"},"primaryImageOfPage":{"@id":"https:\/\/sertek.com.tr\/en\/smart-recycling-bin-exhibit\/#primaryimage"},"image":{"@id":"https:\/\/sertek.com.tr\/en\/smart-recycling-bin-exhibit\/#primaryimage"},"thumbnailUrl":"https:\/\/sertek.com.tr\/wp-content\/uploads\/2023\/07\/Smart-Recycling-Bin-scaled-e1690032253156.jpg","datePublished":"2023-07-24T12:17:00+00:00","dateModified":"2023-10-28T16:57:58+00:00","description":"The Recycling Bin Exhibit is shaped like a recycling bin, it features an LED screen that houses a personable recycling bin character.","breadcrumb":{"@id":"https:\/\/sertek.com.tr\/en\/smart-recycling-bin-exhibit\/#breadcrumb"},"inLanguage":"tr","potentialAction":[{"@type":"ReadAction","target":["https:\/\/sertek.com.tr\/en\/smart-recycling-bin-exhibit\/"]}]},{"@type":"ImageObject","inLanguage":"tr","@id":"https:\/\/sertek.com.tr\/en\/smart-recycling-bin-exhibit\/#primaryimage","url":"https:\/\/sertek.com.tr\/wp-content\/uploads\/2023\/07\/Smart-Recycling-Bin-scaled-e1690032253156.jpg","contentUrl":"https:\/\/sertek.com.tr\/wp-content\/uploads\/2023\/07\/Smart-Recycling-Bin-scaled-e1690032253156.jpg","width":1920,"height":1243,"caption":"smart recycling bin"},{"@type":"BreadcrumbList","@id":"https:\/\/sertek.com.tr\/en\/smart-recycling-bin-exhibit\/#breadcrumb","itemListElement":[{"@type":"ListItem","position":1,"name":"Home","item":"https:\/\/sertek.com.tr\/"},{"@type":"ListItem","position":2,"name":"Smart Recycling Bin Exhibit"}]},{"@type":"WebSite","@id":"https:\/\/sertek.com.tr\/en\/#website","url":"https:\/\/sertek.com.tr\/en\/","name":"Sertek Exhibitions","description":"Sertek Exhibitons","publisher":{"@id":"https:\/\/sertek.com.tr\/en\/#organization"},"potentialAction":[{"@type":"SearchAction","target":{"@type":"EntryPoint","urlTemplate":"https:\/\/sertek.com.tr\/en\/?s={search_term_string}"},"query-input":{"@type":"PropertyValueSpecification","valueRequired":true,"valueName":"search_term_string"}}],"inLanguage":"tr"},{"@type":"Organization","@id":"https:\/\/sertek.com.tr\/en\/#organization","name":"Sertek Exhibitions","url":"https:\/\/sertek.com.tr\/en\/","logo":{"@type":"ImageObject","inLanguage":"tr","@id":"https:\/\/sertek.com.tr\/en\/#\/schema\/logo\/image\/","url":"https:\/\/sertek.com.tr\/wp-content\/uploads\/2023\/06\/SertekLogo-1.png","contentUrl":"https:\/\/sertek.com.tr\/wp-content\/uploads\/2023\/06\/SertekLogo-1.png","width":300,"height":49,"caption":"Sertek Exhibitions"},"image":{"@id":"https:\/\/sertek.com.tr\/en\/#\/schema\/logo\/image\/"},"sameAs":["https:\/\/www.linkedin.com\/company\/sertek-exhibitions\/"]}]}},"jetpack_sharing_enabled":true,"_links":{"self":[{"href":"https:\/\/sertek.com.tr\/tr\/wp-json\/wp\/v2\/pages\/5147","targetHints":{"allow":["GET"]}}],"collection":[{"href":"https:\/\/sertek.com.tr\/tr\/wp-json\/wp\/v2\/pages"}],"about":[{"href":"https:\/\/sertek.com.tr\/tr\/wp-json\/wp\/v2\/types\/page"}],"author":[{"embeddable":true,"href":"https:\/\/sertek.com.tr\/tr\/wp-json\/wp\/v2\/users\/2"}],"replies":[{"embeddable":true,"href":"https:\/\/sertek.com.tr\/tr\/wp-json\/wp\/v2\/comments?post=5147"}],"version-history":[{"count":20,"href":"https:\/\/sertek.com.tr\/tr\/wp-json\/wp\/v2\/pages\/5147\/revisions"}],"predecessor-version":[{"id":7233,"href":"https:\/\/sertek.com.tr\/tr\/wp-json\/wp\/v2\/pages\/5147\/revisions\/7233"}],"wp:featuredmedia":[{"embeddable":true,"href":"https:\/\/sertek.com.tr\/tr\/wp-json\/wp\/v2\/media\/4727"}],"wp:attachment":[{"href":"https:\/\/sertek.com.tr\/tr\/wp-json\/wp\/v2\/media?parent=5147"}],"curies":[{"name":"wp","href":"https:\/\/api.w.org\/{rel}","templated":true}]}}