{"id":5200,"date":"2023-07-24T12:42:29","date_gmt":"2023-07-24T12:42:29","guid":{"rendered":"https:\/\/sertekexhibitions.com\/?page_id=5200"},"modified":"2023-08-12T19:50:05","modified_gmt":"2023-08-12T19:50:05","slug":"polymer-tiles-exhibit","status":"publish","type":"page","link":"https:\/\/sertek.com.tr\/tr\/polimer-fayans-sergi\/","title":{"rendered":"Polimer Fayans Sergisi"},"content":{"rendered":"<div data-elementor-type=\"wp-page\" data-elementor-id=\"5200\" class=\"elementor elementor-5200\" data-elementor-settings=\"{&quot;ha_cmc_init_switcher&quot;:&quot;no&quot;}\">\n\t\t\t\t\t\t<section class=\"elementor-section elementor-top-section elementor-element elementor-element-9f5181a elementor-section-boxed elementor-section-height-default elementor-section-height-default\" data-id=\"9f5181a\" data-element_type=\"section\" data-settings=\"{&quot;_ha_eqh_enable&quot;:false}\">\n\t\t\t\t\t\t<div class=\"elementor-container elementor-column-gap-extended\">\n\t\t\t\t\t<div class=\"elementor-column elementor-col-100 elementor-top-column elementor-element elementor-element-e397ea5\" data-id=\"e397ea5\" data-element_type=\"column\">\n\t\t\t<div class=\"elementor-widget-wrap elementor-element-populated\">\n\t\t\t\t\t\t<section class=\"elementor-section elementor-inner-section elementor-element elementor-element-a2f656c elementor-section-full_width elementor-section-height-default elementor-section-height-default\" data-id=\"a2f656c\" data-element_type=\"section\" data-settings=\"{&quot;background_background&quot;:&quot;classic&quot;,&quot;_ha_eqh_enable&quot;:false}\">\n\t\t\t\t\t\t<div class=\"elementor-container elementor-column-gap-wide\">\n\t\t\t\t\t<div class=\"elementor-column elementor-col-50 elementor-inner-column elementor-element elementor-element-10898b2 has-sticky-column\" data-id=\"10898b2\" data-element_type=\"column\">\n\t\t\t<div class=\"elementor-widget-wrap elementor-element-populated\">\n\t\t\t\t\t\t<div class=\"elementor-element elementor-element-0569693 elementor-widget__width-inherit elementor-arrows-position-inside elementor-pagination-position-outside elementor-widget elementor-widget-image-carousel\" data-id=\"0569693\" data-element_type=\"widget\" data-settings=\"{&quot;slides_to_show&quot;:&quot;1&quot;,&quot;navigation&quot;:&quot;both&quot;,&quot;autoplay&quot;:&quot;yes&quot;,&quot;pause_on_hover&quot;:&quot;yes&quot;,&quot;pause_on_interaction&quot;:&quot;yes&quot;,&quot;autoplay_speed&quot;:5000,&quot;infinite&quot;:&quot;yes&quot;,&quot;effect&quot;:&quot;slide&quot;,&quot;speed&quot;:500}\" data-widget_type=\"image-carousel.default\">\n\t\t\t\t<div class=\"elementor-widget-container\">\n\t\t\t\t\t\t\t<div class=\"elementor-image-carousel-wrapper swiper\" role=\"region\" aria-roledescription=\"carousel\" aria-label=\"Resim D\u00f6ng\u00fcs\u00fc\" dir=\"ltr\">\n\t\t\t<div class=\"elementor-image-carousel swiper-wrapper\" aria-live=\"off\">\n\t\t\t\t\t\t\t\t<div class=\"swiper-slide\" role=\"group\" aria-roledescription=\"slide\" aria-label=\"1 \/ 1\"><figure class=\"swiper-slide-inner\"><img decoding=\"async\" class=\"swiper-slide-image\" src=\"https:\/\/sertek.com.tr\/wp-content\/uploads\/elementor\/thumbs\/Polymer-Tiles-qbxm8n3ihmn2f4lwuvk7kokn4bmnk7ifg8sfue65xk.png\" alt=\"Polimer Fayanslar\" \/><\/figure><\/div>\t\t\t<\/div>\n\t\t\t\t\t<\/div>\n\t\t\t\t\t\t<\/div>\n\t\t\t\t<\/div>\n\t\t\t\t\t<\/div>\n\t\t<\/div>\n\t\t\t\t<div class=\"elementor-column elementor-col-50 elementor-inner-column elementor-element elementor-element-574a6fb\" data-id=\"574a6fb\" data-element_type=\"column\">\n\t\t\t<div class=\"elementor-widget-wrap elementor-element-populated\">\n\t\t\t\t\t\t<div class=\"elementor-element elementor-element-31ef6ec elementor-widget elementor-widget-heading\" data-id=\"31ef6ec\" data-element_type=\"widget\" data-widget_type=\"heading.default\">\n\t\t\t\t<div class=\"elementor-widget-container\">\n\t\t\t\t\t<h1 class=\"elementor-heading-title elementor-size-default\">Polimer Fayanslar<\/h1>\t\t\t\t<\/div>\n\t\t\t\t<\/div>\n\t\t\t\t<div class=\"elementor-element elementor-element-3e2df96 elementor-widget elementor-widget-text-editor\" data-id=\"3e2df96\" data-element_type=\"widget\" data-widget_type=\"text-editor.default\">\n\t\t\t\t<div class=\"elementor-widget-container\">\n\t\t\t\t\t\t\t\t\t<p>Polymer Tiles, ya\u011f bazl\u0131 polimerlerin \u00e7ok y\u00f6nl\u00fcl\u00fc\u011f\u00fcn\u00fc ve estetik potansiyelini \u00f6ven bir sanat enstalasyonudur. Titizlikle kal\u0131plan\u0131p i\u015flenen bu karolar, \u0131\u015f\u0131kla, renkle ve tasar\u0131mla oynayan karma\u015f\u0131k bir mozaik olu\u015fturur. Bu g\u00f6rsel a\u00e7\u0131dan b\u00fcy\u00fcleyici enstalasyon, g\u00fcnl\u00fck malzemeleri hayranl\u0131k uyand\u0131ran bir sanat g\u00f6sterisine d\u00f6n\u00fc\u015ft\u00fcrerek insan yarat\u0131c\u0131l\u0131\u011f\u0131n\u0131n bir kan\u0131t\u0131 olarak hizmet ediyor.<\/p>\t\t\t\t\t\t\t\t<\/div>\n\t\t\t\t<\/div>\n\t\t\t\t<div class=\"elementor-element elementor-element-e4e6a8c elementor-widget-divider--view-line elementor-widget elementor-widget-divider\" data-id=\"e4e6a8c\" data-element_type=\"widget\" data-widget_type=\"divider.default\">\n\t\t\t\t<div class=\"elementor-widget-container\">\n\t\t\t\t\t\t\t<div class=\"elementor-divider\">\n\t\t\t<span class=\"elementor-divider-separator\">\n\t\t\t\t\t\t<\/span>\n\t\t<\/div>\n\t\t\t\t\t\t<\/div>\n\t\t\t\t<\/div>\n\t\t\t\t<div class=\"elementor-element elementor-element-310b61a elementor-widget elementor-widget-heading\" data-id=\"310b61a\" data-element_type=\"widget\" data-widget_type=\"heading.default\">\n\t\t\t\t<div class=\"elementor-widget-container\">\n\t\t\t\t\t<h2 class=\"elementor-heading-title elementor-size-default\">Ana \u00d6zellikler<\/h2>\t\t\t\t<\/div>\n\t\t\t\t<\/div>\n\t\t\t\t<div class=\"elementor-element elementor-element-5025e95 elementor-widget elementor-widget-text-editor\" data-id=\"5025e95\" data-element_type=\"widget\" data-widget_type=\"text-editor.default\">\n\t\t\t\t<div class=\"elementor-widget-container\">\n\t\t\t\t\t\t\t\t\t<ul><li><p><strong>Yenilik\u00e7i Ortam:<\/strong> Polimer Fayanslar, ya\u011f bazl\u0131 polimerleri al\u0131\u015f\u0131lmad\u0131k bir sanatsal ara\u00e7 olarak kullanarak s\u0131n\u0131rlar\u0131 k\u0131r\u0131yor. Enstalasyon, genellikle end\u00fcstri ve inovasyonla ili\u015fkilendirilen malzemelerin yarat\u0131c\u0131 potansiyelini sergiliyor.<\/p><\/li><li><p><strong>Doku Mozai\u011fi:<\/strong> Enstalasyon, her biri kendine \u00f6zg\u00fc doku, renk ve bi\u00e7ime sahip polimer karolardan olu\u015fan bir mozaikten olu\u015fuyor. D\u00fczenleme, g\u00f6ze \u00e7arpan ve ilgi uyand\u0131ran uyumlu bir \u015fekil etkile\u015fimi yarat\u0131yor.<\/p><\/li><li><p><strong>I\u015f\u0131k Oyunu:<\/strong> Polimer Fayanslar \u0131\u015f\u0131kla b\u00fcy\u00fcleyici \u015fekillerde etkile\u015fime giriyor. Fayanslar\u0131n y\u00fczeyleri \u0131\u015f\u0131k kaynaklar\u0131yla etkile\u015fime girerek, kurulumda hareket ettik\u00e7e de\u011fi\u015fen b\u00fcy\u00fcleyici yans\u0131malar, g\u00f6lgeler ve vurgular \u00fcretiyor.<\/p><\/li><li><p><strong>\u00d6zet \u0130fade:<\/strong> Enstalasyon soyut d\u0131\u015favurumculu\u011fu benimsiyor ve izleyicilerin renkleri, \u015fekilleri ve desenleri yorumlamas\u0131na ve bunlardan anlam \u00e7\u0131karmas\u0131na olanak tan\u0131yor. Her g\u00f6zlemci kurulumla benzersiz bir ba\u011flant\u0131 kurar.<\/p><\/li><\/ul>\t\t\t\t\t\t\t\t<\/div>\n\t\t\t\t<\/div>\n\t\t\t\t<div class=\"elementor-element elementor-element-8a65b1d elementor-widget-divider--view-line elementor-widget elementor-widget-divider\" data-id=\"8a65b1d\" data-element_type=\"widget\" data-widget_type=\"divider.default\">\n\t\t\t\t<div class=\"elementor-widget-container\">\n\t\t\t\t\t\t\t<div class=\"elementor-divider\">\n\t\t\t<span class=\"elementor-divider-separator\">\n\t\t\t\t\t\t<\/span>\n\t\t<\/div>\n\t\t\t\t\t\t<\/div>\n\t\t\t\t<\/div>\n\t\t\t\t\t<\/div>\n\t\t<\/div>\n\t\t\t\t\t<\/div>\n\t\t<\/section>\n\t\t\t\t<div class=\"elementor-element elementor-element-b458126 elementor-widget elementor-widget-spacer\" data-id=\"b458126\" data-element_type=\"widget\" data-widget_type=\"spacer.default\">\n\t\t\t\t<div class=\"elementor-widget-container\">\n\t\t\t\t\t\t\t<div class=\"elementor-spacer\">\n\t\t\t<div class=\"elementor-spacer-inner\"><\/div>\n\t\t<\/div>\n\t\t\t\t\t\t<\/div>\n\t\t\t\t<\/div>\n\t\t\t\t\t<\/div>\n\t\t<\/div>\n\t\t\t\t\t<\/div>\n\t\t<\/section>\n\t\t\t\t<\/div>","protected":false},"excerpt":{"rendered":"<p>Polimer Fayanslar Polimer Fayanslar, petrol bazl\u0131 polimerlerin \u00e7ok y\u00f6nl\u00fcl\u00fc\u011f\u00fcn\u00fc ve estetik potansiyelini kutlayan bir sanat enstalasyonudur. \u00d6zenle kal\u0131planm\u0131\u015f ve i\u015flenmi\u015f bu fayanslar [\u2026]<\/p>","protected":false},"author":2,"featured_media":0,"parent":0,"menu_order":0,"comment_status":"closed","ping_status":"closed","template":"page-custom.php","meta":{"om_disable_all_campaigns":false,"_monsterinsights_skip_tracking":false,"_monsterinsights_sitenote_active":false,"_monsterinsights_sitenote_note":"","_monsterinsights_sitenote_category":0,"_uf_show_specific_survey":0,"_uf_disable_surveys":false,"footnotes":""},"class_list":["post-5200","page","type-page","status-publish","hentry"],"acf":{"full_width":false,"header_transparent":false,"header_white":false},"aioseo_notices":[],"yoast_head":"<!-- This site is optimized with the Yoast SEO plugin v26.9 - https:\/\/yoast.com\/product\/yoast-seo-wordpress\/ -->\n<title>Polymer Tiles Exhibit - Sertek Exhibitions<\/title>\n<meta name=\"robots\" content=\"index, follow, max-snippet:-1, max-image-preview:large, max-video-preview:-1\" \/>\n<link rel=\"canonical\" href=\"https:\/\/sertek.com.tr\/tr\/polimer-fayans-sergi\/\" \/>\n<meta property=\"og:locale\" content=\"tr_TR\" \/>\n<meta property=\"og:type\" content=\"article\" \/>\n<meta property=\"og:title\" content=\"Polymer Tiles Exhibit - Sertek Exhibitions\" \/>\n<meta property=\"og:description\" content=\"Polymer Tiles Polymer Tiles is an art installation that celebrates the versatility and aesthetic potential of oil-based polymers. Meticulously molded and crafted, these tiles [&hellip;]\" \/>\n<meta property=\"og:url\" content=\"https:\/\/sertek.com.tr\/tr\/polimer-fayans-sergi\/\" \/>\n<meta property=\"og:site_name\" content=\"Sertek Exhibitions\" \/>\n<meta property=\"article:modified_time\" content=\"2023-08-12T19:50:05+00:00\" \/>\n<meta property=\"og:image\" content=\"https:\/\/sertekexhibitions.com\/wp-content\/uploads\/elementor\/thumbs\/Polymer-Tiles-q9vvst2yeefkd0lk6427ydgfgjvx1olg6zbbdbotc8.png\" \/>\n<meta name=\"twitter:card\" content=\"summary_large_image\" \/>\n<meta name=\"twitter:label1\" content=\"Tahmini okuma s\u00fcresi\" \/>\n\t<meta name=\"twitter:data1\" content=\"1 dakika\" \/>\n<script type=\"application\/ld+json\" class=\"yoast-schema-graph\">{\"@context\":\"https:\/\/schema.org\",\"@graph\":[{\"@type\":\"WebPage\",\"@id\":\"https:\/\/sertek.com.tr\/polymer-tiles-exhibit\/\",\"url\":\"https:\/\/sertek.com.tr\/polymer-tiles-exhibit\/\",\"name\":\"Polymer Tiles Exhibit - Sertek Exhibitions\",\"isPartOf\":{\"@id\":\"https:\/\/sertek.com.tr\/en\/#website\"},\"primaryImageOfPage\":{\"@id\":\"https:\/\/sertek.com.tr\/polymer-tiles-exhibit\/#primaryimage\"},\"image\":{\"@id\":\"https:\/\/sertek.com.tr\/polymer-tiles-exhibit\/#primaryimage\"},\"thumbnailUrl\":\"https:\/\/sertekexhibitions.com\/wp-content\/uploads\/elementor\/thumbs\/Polymer-Tiles-q9vvst2yeefkd0lk6427ydgfgjvx1olg6zbbdbotc8.png\",\"datePublished\":\"2023-07-24T12:42:29+00:00\",\"dateModified\":\"2023-08-12T19:50:05+00:00\",\"breadcrumb\":{\"@id\":\"https:\/\/sertek.com.tr\/polymer-tiles-exhibit\/#breadcrumb\"},\"inLanguage\":\"tr\",\"potentialAction\":[{\"@type\":\"ReadAction\",\"target\":[\"https:\/\/sertek.com.tr\/polymer-tiles-exhibit\/\"]}]},{\"@type\":\"ImageObject\",\"inLanguage\":\"tr\",\"@id\":\"https:\/\/sertek.com.tr\/polymer-tiles-exhibit\/#primaryimage\",\"url\":\"https:\/\/sertekexhibitions.com\/wp-content\/uploads\/elementor\/thumbs\/Polymer-Tiles-q9vvst2yeefkd0lk6427ydgfgjvx1olg6zbbdbotc8.png\",\"contentUrl\":\"https:\/\/sertekexhibitions.com\/wp-content\/uploads\/elementor\/thumbs\/Polymer-Tiles-q9vvst2yeefkd0lk6427ydgfgjvx1olg6zbbdbotc8.png\"},{\"@type\":\"BreadcrumbList\",\"@id\":\"https:\/\/sertek.com.tr\/polymer-tiles-exhibit\/#breadcrumb\",\"itemListElement\":[{\"@type\":\"ListItem\",\"position\":1,\"name\":\"Home\",\"item\":\"https:\/\/sertek.com.tr\/\"},{\"@type\":\"ListItem\",\"position\":2,\"name\":\"Polymer Tiles Exhibit\"}]},{\"@type\":\"WebSite\",\"@id\":\"https:\/\/sertek.com.tr\/en\/#website\",\"url\":\"https:\/\/sertek.com.tr\/en\/\",\"name\":\"Sertek Exhibitions\",\"description\":\"Sertek Exhibitons\",\"publisher\":{\"@id\":\"https:\/\/sertek.com.tr\/en\/#organization\"},\"potentialAction\":[{\"@type\":\"SearchAction\",\"target\":{\"@type\":\"EntryPoint\",\"urlTemplate\":\"https:\/\/sertek.com.tr\/en\/?s={search_term_string}\"},\"query-input\":{\"@type\":\"PropertyValueSpecification\",\"valueRequired\":true,\"valueName\":\"search_term_string\"}}],\"inLanguage\":\"tr\"},{\"@type\":\"Organization\",\"@id\":\"https:\/\/sertek.com.tr\/en\/#organization\",\"name\":\"Sertek Exhibitions\",\"url\":\"https:\/\/sertek.com.tr\/en\/\",\"logo\":{\"@type\":\"ImageObject\",\"inLanguage\":\"tr\",\"@id\":\"https:\/\/sertek.com.tr\/en\/#\/schema\/logo\/image\/\",\"url\":\"https:\/\/sertek.com.tr\/wp-content\/uploads\/2023\/06\/SertekLogo-1.png\",\"contentUrl\":\"https:\/\/sertek.com.tr\/wp-content\/uploads\/2023\/06\/SertekLogo-1.png\",\"width\":300,\"height\":49,\"caption\":\"Sertek Exhibitions\"},\"image\":{\"@id\":\"https:\/\/sertek.com.tr\/en\/#\/schema\/logo\/image\/\"},\"sameAs\":[\"https:\/\/www.linkedin.com\/company\/sertek-exhibitions\/\"]}]}<\/script>\n<!-- \/ Yoast SEO plugin. -->","yoast_head_json":{"title":"Polymer Tiles Exhibit - Sertek Exhibitions","robots":{"index":"index","follow":"follow","max-snippet":"max-snippet:-1","max-image-preview":"max-image-preview:large","max-video-preview":"max-video-preview:-1"},"canonical":"https:\/\/sertek.com.tr\/tr\/polimer-fayans-sergi\/","og_locale":"tr_TR","og_type":"article","og_title":"Polymer Tiles Exhibit - Sertek Exhibitions","og_description":"Polymer Tiles Polymer Tiles is an art installation that celebrates the versatility and aesthetic potential of oil-based polymers. Meticulously molded and crafted, these tiles [&hellip;]","og_url":"https:\/\/sertek.com.tr\/tr\/polimer-fayans-sergi\/","og_site_name":"Sertek Exhibitions","article_modified_time":"2023-08-12T19:50:05+00:00","og_image":[{"url":"https:\/\/sertekexhibitions.com\/wp-content\/uploads\/elementor\/thumbs\/Polymer-Tiles-q9vvst2yeefkd0lk6427ydgfgjvx1olg6zbbdbotc8.png","type":"","width":"","height":""}],"twitter_card":"summary_large_image","twitter_misc":{"Tahmini okuma s\u00fcresi":"1 dakika"},"schema":{"@context":"https:\/\/schema.org","@graph":[{"@type":"WebPage","@id":"https:\/\/sertek.com.tr\/polymer-tiles-exhibit\/","url":"https:\/\/sertek.com.tr\/polymer-tiles-exhibit\/","name":"Polymer Tiles Exhibit - Sertek Exhibitions","isPartOf":{"@id":"https:\/\/sertek.com.tr\/en\/#website"},"primaryImageOfPage":{"@id":"https:\/\/sertek.com.tr\/polymer-tiles-exhibit\/#primaryimage"},"image":{"@id":"https:\/\/sertek.com.tr\/polymer-tiles-exhibit\/#primaryimage"},"thumbnailUrl":"https:\/\/sertekexhibitions.com\/wp-content\/uploads\/elementor\/thumbs\/Polymer-Tiles-q9vvst2yeefkd0lk6427ydgfgjvx1olg6zbbdbotc8.png","datePublished":"2023-07-24T12:42:29+00:00","dateModified":"2023-08-12T19:50:05+00:00","breadcrumb":{"@id":"https:\/\/sertek.com.tr\/polymer-tiles-exhibit\/#breadcrumb"},"inLanguage":"tr","potentialAction":[{"@type":"ReadAction","target":["https:\/\/sertek.com.tr\/polymer-tiles-exhibit\/"]}]},{"@type":"ImageObject","inLanguage":"tr","@id":"https:\/\/sertek.com.tr\/polymer-tiles-exhibit\/#primaryimage","url":"https:\/\/sertekexhibitions.com\/wp-content\/uploads\/elementor\/thumbs\/Polymer-Tiles-q9vvst2yeefkd0lk6427ydgfgjvx1olg6zbbdbotc8.png","contentUrl":"https:\/\/sertekexhibitions.com\/wp-content\/uploads\/elementor\/thumbs\/Polymer-Tiles-q9vvst2yeefkd0lk6427ydgfgjvx1olg6zbbdbotc8.png"},{"@type":"BreadcrumbList","@id":"https:\/\/sertek.com.tr\/polymer-tiles-exhibit\/#breadcrumb","itemListElement":[{"@type":"ListItem","position":1,"name":"Home","item":"https:\/\/sertek.com.tr\/"},{"@type":"ListItem","position":2,"name":"Polymer Tiles Exhibit"}]},{"@type":"WebSite","@id":"https:\/\/sertek.com.tr\/en\/#website","url":"https:\/\/sertek.com.tr\/en\/","name":"Sertek Exhibitions","description":"Sertek Exhibitons","publisher":{"@id":"https:\/\/sertek.com.tr\/en\/#organization"},"potentialAction":[{"@type":"SearchAction","target":{"@type":"EntryPoint","urlTemplate":"https:\/\/sertek.com.tr\/en\/?s={search_term_string}"},"query-input":{"@type":"PropertyValueSpecification","valueRequired":true,"valueName":"search_term_string"}}],"inLanguage":"tr"},{"@type":"Organization","@id":"https:\/\/sertek.com.tr\/en\/#organization","name":"Sertek Exhibitions","url":"https:\/\/sertek.com.tr\/en\/","logo":{"@type":"ImageObject","inLanguage":"tr","@id":"https:\/\/sertek.com.tr\/en\/#\/schema\/logo\/image\/","url":"https:\/\/sertek.com.tr\/wp-content\/uploads\/2023\/06\/SertekLogo-1.png","contentUrl":"https:\/\/sertek.com.tr\/wp-content\/uploads\/2023\/06\/SertekLogo-1.png","width":300,"height":49,"caption":"Sertek Exhibitions"},"image":{"@id":"https:\/\/sertek.com.tr\/en\/#\/schema\/logo\/image\/"},"sameAs":["https:\/\/www.linkedin.com\/company\/sertek-exhibitions\/"]}]}},"jetpack_sharing_enabled":true,"_links":{"self":[{"href":"https:\/\/sertek.com.tr\/tr\/wp-json\/wp\/v2\/pages\/5200","targetHints":{"allow":["GET"]}}],"collection":[{"href":"https:\/\/sertek.com.tr\/tr\/wp-json\/wp\/v2\/pages"}],"about":[{"href":"https:\/\/sertek.com.tr\/tr\/wp-json\/wp\/v2\/types\/page"}],"author":[{"embeddable":true,"href":"https:\/\/sertek.com.tr\/tr\/wp-json\/wp\/v2\/users\/2"}],"replies":[{"embeddable":true,"href":"https:\/\/sertek.com.tr\/tr\/wp-json\/wp\/v2\/comments?post=5200"}],"version-history":[{"count":7,"href":"https:\/\/sertek.com.tr\/tr\/wp-json\/wp\/v2\/pages\/5200\/revisions"}],"predecessor-version":[{"id":6021,"href":"https:\/\/sertek.com.tr\/tr\/wp-json\/wp\/v2\/pages\/5200\/revisions\/6021"}],"wp:attachment":[{"href":"https:\/\/sertek.com.tr\/tr\/wp-json\/wp\/v2\/media?parent=5200"}],"curies":[{"name":"wp","href":"https:\/\/api.w.org\/{rel}","templated":true}]}}