{"id":6732,"date":"2023-09-09T09:01:19","date_gmt":"2023-09-09T09:01:19","guid":{"rendered":"https:\/\/sertek.com.tr\/?page_id=6732"},"modified":"2023-09-09T18:02:23","modified_gmt":"2023-09-09T18:02:23","slug":"ar-sandbox-exhibit","status":"publish","type":"page","link":"https:\/\/sertek.com.tr\/tr\/ar-kumhavuzu-sergisi\/","title":{"rendered":"AR Kum Havuzu"},"content":{"rendered":"<div data-elementor-type=\"wp-page\" data-elementor-id=\"6732\" class=\"elementor elementor-6732\" data-elementor-settings=\"{&quot;ha_cmc_init_switcher&quot;:&quot;no&quot;}\">\n\t\t\t\t\t\t<section class=\"elementor-section elementor-top-section elementor-element elementor-element-9f5181a elementor-section-boxed elementor-section-height-default elementor-section-height-default\" data-id=\"9f5181a\" data-element_type=\"section\" data-settings=\"{&quot;_ha_eqh_enable&quot;:false}\">\n\t\t\t\t\t\t<div class=\"elementor-container elementor-column-gap-extended\">\n\t\t\t\t\t<div class=\"elementor-column elementor-col-100 elementor-top-column elementor-element elementor-element-e397ea5\" data-id=\"e397ea5\" data-element_type=\"column\">\n\t\t\t<div class=\"elementor-widget-wrap elementor-element-populated\">\n\t\t\t\t\t\t<section class=\"elementor-section elementor-inner-section elementor-element elementor-element-8274943 elementor-section-full_width elementor-section-height-default elementor-section-height-default\" data-id=\"8274943\" data-element_type=\"section\" data-settings=\"{&quot;background_background&quot;:&quot;classic&quot;,&quot;_ha_eqh_enable&quot;:false}\">\n\t\t\t\t\t\t<div class=\"elementor-container elementor-column-gap-wide\">\n\t\t\t\t\t<div class=\"elementor-column elementor-col-50 elementor-inner-column elementor-element elementor-element-4cbc07e has-sticky-column\" data-id=\"4cbc07e\" data-element_type=\"column\">\n\t\t\t<div class=\"elementor-widget-wrap elementor-element-populated\">\n\t\t\t\t\t\t<div class=\"elementor-element elementor-element-1f04f6e elementor-widget elementor-widget-video\" data-id=\"1f04f6e\" data-element_type=\"widget\" data-settings=\"{&quot;youtube_url&quot;:&quot;https:\\\/\\\/youtu.be\\\/sR9sBDTeZGI?si=5dBRc9OrLn2DVYZe&quot;,&quot;video_type&quot;:&quot;youtube&quot;,&quot;controls&quot;:&quot;yes&quot;}\" data-widget_type=\"video.default\">\n\t\t\t\t<div class=\"elementor-widget-container\">\n\t\t\t\t\t\t\t<div class=\"elementor-wrapper elementor-open-inline\">\n\t\t\t<div class=\"elementor-video\"><\/div>\t\t<\/div>\n\t\t\t\t\t\t<\/div>\n\t\t\t\t<\/div>\n\t\t\t\t<div class=\"elementor-element elementor-element-e2fb4cc elementor-widget__width-inherit elementor-arrows-position-inside elementor-pagination-position-outside elementor-widget elementor-widget-image-carousel\" data-id=\"e2fb4cc\" data-element_type=\"widget\" data-settings=\"{&quot;slides_to_show&quot;:&quot;1&quot;,&quot;navigation&quot;:&quot;both&quot;,&quot;autoplay&quot;:&quot;yes&quot;,&quot;pause_on_hover&quot;:&quot;yes&quot;,&quot;pause_on_interaction&quot;:&quot;yes&quot;,&quot;autoplay_speed&quot;:5000,&quot;infinite&quot;:&quot;yes&quot;,&quot;effect&quot;:&quot;slide&quot;,&quot;speed&quot;:500}\" data-widget_type=\"image-carousel.default\">\n\t\t\t\t<div class=\"elementor-widget-container\">\n\t\t\t\t\t\t\t<div class=\"elementor-image-carousel-wrapper swiper\" role=\"region\" aria-roledescription=\"carousel\" aria-label=\"Resim D\u00f6ng\u00fcs\u00fc\" dir=\"ltr\">\n\t\t\t<div class=\"elementor-image-carousel swiper-wrapper\" aria-live=\"off\">\n\t\t\t\t\t\t\t\t<div class=\"swiper-slide\" role=\"group\" aria-roledescription=\"slide\" aria-label=\"1 \/ 4\"><figure class=\"swiper-slide-inner\"><img decoding=\"async\" class=\"swiper-slide-image\" src=\"https:\/\/sertek.com.tr\/wp-content\/uploads\/elementor\/thumbs\/4-scaled-qc5fprhwzs4d17oljh2zy4hcj0rchoayyjj5xnou4o.jpg\" alt=\"AR Kum Havuzu\" \/><\/figure><\/div><div class=\"swiper-slide\" role=\"group\" aria-roledescription=\"slide\" aria-label=\"2 \/ 4\"><figure class=\"swiper-slide-inner\"><img decoding=\"async\" class=\"swiper-slide-image\" src=\"https:\/\/sertek.com.tr\/wp-content\/uploads\/elementor\/thumbs\/sandbox-qc5frvmudd0l5mm06vzs239on8c2t5p890dht2jy4o.jpg\" alt=\"kum havuzu\" \/><\/figure><\/div><div class=\"swiper-slide\" role=\"group\" aria-roledescription=\"slide\" aria-label=\"3 \/ 4\"><figure class=\"swiper-slide-inner\"><img decoding=\"async\" class=\"swiper-slide-image\" src=\"https:\/\/sertek.com.tr\/wp-content\/uploads\/elementor\/thumbs\/6-2-qc5fscjxsdnqylxfg3b2ayzzc60onpkebc48g1uv0o.jpg\" alt=\"3 boyutlu kum havuzu\" \/><\/figure><\/div><div class=\"swiper-slide\" role=\"group\" aria-roledescription=\"slide\" aria-label=\"4 \/ 4\"><figure class=\"swiper-slide-inner\"><img decoding=\"async\" class=\"swiper-slide-image\" src=\"https:\/\/sertek.com.tr\/wp-content\/uploads\/elementor\/thumbs\/AR-Sandbox-1-qc5ftf3bkl4i6mdg71yrn79voyqqfate4mv54e9pxk.jpg\" alt=\"sanal kum havuzu sergisi\" \/><\/figure><\/div>\t\t\t<\/div>\n\t\t\t\t\t\t\t\t\t\t\t\t<div class=\"elementor-swiper-button elementor-swiper-button-prev\" role=\"button\" tabindex=\"0\">\n\t\t\t\t\t\t<i aria-hidden=\"true\" class=\"eicon-chevron-left\"><\/i>\t\t\t\t\t<\/div>\n\t\t\t\t\t<div class=\"elementor-swiper-button elementor-swiper-button-next\" role=\"button\" tabindex=\"0\">\n\t\t\t\t\t\t<i aria-hidden=\"true\" class=\"eicon-chevron-right\"><\/i>\t\t\t\t\t<\/div>\n\t\t\t\t\n\t\t\t\t\t\t\t\t\t<div class=\"swiper-pagination\"><\/div>\n\t\t\t\t\t\t\t\t\t<\/div>\n\t\t\t\t\t\t<\/div>\n\t\t\t\t<\/div>\n\t\t\t\t\t<\/div>\n\t\t<\/div>\n\t\t\t\t<div class=\"elementor-column elementor-col-50 elementor-inner-column elementor-element elementor-element-b2d72f3\" data-id=\"b2d72f3\" data-element_type=\"column\">\n\t\t\t<div class=\"elementor-widget-wrap elementor-element-populated\">\n\t\t\t\t\t\t<div class=\"elementor-element elementor-element-7266a04 elementor-widget elementor-widget-heading\" data-id=\"7266a04\" data-element_type=\"widget\" data-widget_type=\"heading.default\">\n\t\t\t\t<div class=\"elementor-widget-container\">\n\t\t\t\t\t<h1 class=\"elementor-heading-title elementor-size-default\">AR Kum Havuzu<\/h1>\t\t\t\t<\/div>\n\t\t\t\t<\/div>\n\t\t\t\t<div class=\"elementor-element elementor-element-091ced5 elementor-widget elementor-widget-text-editor\" data-id=\"091ced5\" data-element_type=\"widget\" data-widget_type=\"text-editor.default\">\n\t\t\t\t<div class=\"elementor-widget-container\">\n\t\t\t\t\t\t\t\t\t<p>AR Kum Havuzu, en son teknoloji ile uygulamal\u0131 etkile\u015fimin birle\u015fimidir. B\u00fcy\u00fcleyici bir etkile\u015fimli ortam yaratmak i\u00e7in ger\u00e7ek kumu, derinlik kameras\u0131n\u0131 ve projekt\u00f6r\u00fc birle\u015ftirir. Ziyaret\u00e7iler, d\u00fcnyan\u0131n \u00f6zelliklerini \u015fekillendiren ve ya\u011f\u0131\u015f bilimini yepyeni bir \u015fekilde deneyimleyen peyzaj mimarlar\u0131 haline geliyor.<\/p><p>AR Kum Havuzu, uygulamal\u0131 etkile\u015fim ve art\u0131r\u0131lm\u0131\u015f ger\u00e7eklik arac\u0131l\u0131\u011f\u0131yla sizi gezegenimizin co\u011frafyas\u0131n\u0131n ve hava durumu sistemlerinin s\u0131rlar\u0131n\u0131 ke\u015ffetmeye davet ediyor. Soyut kavramlar\u0131 hayata ge\u00e7iren, e\u011fitim, yarat\u0131c\u0131l\u0131k ve teknolojinin e\u015fsiz bir kar\u0131\u015f\u0131m\u0131d\u0131r.<\/p>\t\t\t\t\t\t\t\t<\/div>\n\t\t\t\t<\/div>\n\t\t\t\t<div class=\"elementor-element elementor-element-aec0eae elementor-widget-divider--view-line elementor-widget elementor-widget-divider\" data-id=\"aec0eae\" data-element_type=\"widget\" data-widget_type=\"divider.default\">\n\t\t\t\t<div class=\"elementor-widget-container\">\n\t\t\t\t\t\t\t<div class=\"elementor-divider\">\n\t\t\t<span class=\"elementor-divider-separator\">\n\t\t\t\t\t\t<\/span>\n\t\t<\/div>\n\t\t\t\t\t\t<\/div>\n\t\t\t\t<\/div>\n\t\t\t\t<div class=\"elementor-element elementor-element-3e33613 elementor-widget elementor-widget-heading\" data-id=\"3e33613\" data-element_type=\"widget\" data-widget_type=\"heading.default\">\n\t\t\t\t<div class=\"elementor-widget-container\">\n\t\t\t\t\t<h2 class=\"elementor-heading-title elementor-size-default\">Ziyaret\u00e7i Deneyimi<\/h2>\t\t\t\t<\/div>\n\t\t\t\t<\/div>\n\t\t\t\t<div class=\"elementor-element elementor-element-3a2d915 elementor-widget elementor-widget-text-editor\" data-id=\"3a2d915\" data-element_type=\"widget\" data-widget_type=\"text-editor.default\">\n\t\t\t\t<div class=\"elementor-widget-container\">\n\t\t\t\t\t\t\t\t\t<p>AR Kum Havuzu sergisine yakla\u015ft\u0131\u011f\u0131n\u0131zda ke\u015fif ve yarat\u0131c\u0131l\u0131k d\u00fcnyas\u0131n\u0131n i\u00e7ine \u00e7ekileceksiniz. Da\u011flar\u0131, vadileri ve nehirleri \u015fekillendirirken parmaklar\u0131n\u0131z\u0131n alt\u0131ndaki kumu hissedin. Yarat\u0131l\u0131\u015f\u0131n\u0131z\u0131n topo\u011frafyas\u0131n\u0131 ortaya \u00e7\u0131karan kontur \u00e7izgilerinin ortaya \u00e7\u0131kmas\u0131n\u0131 hayranl\u0131kla izleyin. Elinizi sallayarak ya\u011fmuru \u00e7a\u011f\u0131r\u0131n ve suyun manzara boyunca karma\u015f\u0131k dans\u0131na tan\u0131k olun.<\/p><p>Bu sergi, duyular\u0131n\u0131z\u0131 ve zekan\u0131z\u0131 harekete ge\u00e7iren dinamik ve s\u00fcr\u00fckleyici bir deneyim sunuyor. Hem yarat\u0131c\u0131 hem de g\u00f6zlemci haline geldi\u011finiz, i\u00e7inde ya\u015fad\u0131\u011f\u0131m\u0131z d\u00fcnyaya dair daha derin bir anlay\u0131\u015f kazand\u0131\u011f\u0131n\u0131z e\u011flenceli ama e\u011fitici bir macera.<\/p><p><strong>Ke\u015ffedin, \u00d6\u011frenin, Yarat\u0131n:<\/strong><\/p><p>AR Kum Havuzu, bir ke\u015fif yolculu\u011funa \u00e7\u0131kma davetidir. Co\u011frafya, topo\u011frafya ve meteorolojinin bilim ve oyunun e\u015fsiz bir kar\u0131\u015f\u0131m\u0131yla hayat buldu\u011fu bu sergiyi ziyaret\u00e7ilerinize tan\u0131t\u0131n. Manzaralar\u0131 \u015fekillendirmenin heyecan\u0131n\u0131 ya\u015fay\u0131n, ya\u011f\u0131\u015flar\u0131n etkilerini ke\u015ffedin ve gezegenimizin do\u011fal sistemlerinin g\u00fczelli\u011fi ve karma\u015f\u0131kl\u0131\u011f\u0131 konusunda yeni ke\u015ffedilen takdiri kazan\u0131n.<\/p>\t\t\t\t\t\t\t\t<\/div>\n\t\t\t\t<\/div>\n\t\t\t\t<div class=\"elementor-element elementor-element-0b4a3e1 elementor-widget-divider--view-line elementor-widget elementor-widget-divider\" data-id=\"0b4a3e1\" data-element_type=\"widget\" data-widget_type=\"divider.default\">\n\t\t\t\t<div class=\"elementor-widget-container\">\n\t\t\t\t\t\t\t<div class=\"elementor-divider\">\n\t\t\t<span class=\"elementor-divider-separator\">\n\t\t\t\t\t\t<\/span>\n\t\t<\/div>\n\t\t\t\t\t\t<\/div>\n\t\t\t\t<\/div>\n\t\t\t\t<div class=\"elementor-element elementor-element-2ec6503 elementor-widget elementor-widget-heading\" data-id=\"2ec6503\" data-element_type=\"widget\" data-widget_type=\"heading.default\">\n\t\t\t\t<div class=\"elementor-widget-container\">\n\t\t\t\t\t<h2 class=\"elementor-heading-title elementor-size-default\">AR Kum Havuzunun Temel \u00d6zellikleri<\/h2>\t\t\t\t<\/div>\n\t\t\t\t<\/div>\n\t\t\t\t<div class=\"elementor-element elementor-element-02cf664 elementor-widget elementor-widget-text-editor\" data-id=\"02cf664\" data-element_type=\"widget\" data-widget_type=\"text-editor.default\">\n\t\t\t\t<div class=\"elementor-widget-container\">\n\t\t\t\t\t\t\t\t\t<ol><li><p><strong>Co\u011frafi Ke\u015fif:<\/strong> Kumu kal\u0131play\u0131p \u015fekillendirirken co\u011frafya d\u00fcnyas\u0131na dal\u0131n. Da\u011flar, vadiler ve ovalar yarat\u0131n ve izleyin <a href=\"https:\/\/en.wikipedia.org\/wiki\/Contour_line\" target=\"_blank\" rel=\"noopener\">izohips \u00e7izgileri<\/a> y\u00fcksekli\u011fi ve topo\u011frafyay\u0131 g\u00f6steren kum \u00fczerine yans\u0131<\/p><\/li><li><p><strong>Renkli Y\u00fckseklikler:<\/strong> Her biri co\u011frafi standartlara g\u00f6re renk kodlu olan farkl\u0131 y\u00fckseklik b\u00f6lgelerini ke\u015ffedin. Araziyi \u015fekillendirirken renklerin nas\u0131l de\u011fi\u015fti\u011fine tan\u0131k olun ve gezegenimizin \u00e7e\u015fitli b\u00f6lgelerine dair i\u00e7g\u00f6r\u00fc kazan\u0131n.<\/p><\/li><li><p><strong>Ya\u011f\u0131\u015f Animasyonu:<\/strong> Elinizi kumun \u00fczerinde tutun ve bir meteorolog gibi ya\u011fmuru \u00e7a\u011f\u0131r\u0131n. Ya\u011fmur damlalar\u0131 fizik yasalar\u0131na ba\u011fl\u0131 kalarak ger\u00e7ek\u00e7i bir \u015fekilde d\u00fc\u015f\u00fcp akarken art\u0131r\u0131lm\u0131\u015f ger\u00e7ekli\u011fin b\u00fcy\u00fcs\u00fcn\u00fc deneyimleyin.<\/p><\/li><li><p><strong>Uygulamal\u0131 \u00d6\u011frenme:<\/strong> Her ya\u015fa hitap eden dokunsal ve etkile\u015fimli bir \u00f6\u011frenme deneyimine kat\u0131l\u0131n. AR Sandbox, oyun ve deneyler yoluyla co\u011frafya, topografya ve meteoroloji anlay\u0131\u015f\u0131n\u0131 geli\u015ftirir.<\/p><\/li><li><p><strong>\u0130\u015fbirlik\u00e7i Ara\u015ft\u0131rma:<\/strong> Kum havuzu d\u00fczene\u011fini arkada\u015flar\u0131n\u0131zla ve ailenizle payla\u015f\u0131n, manzaralar\u0131 birlikte \u015fekillendirin ve ortak yarat\u0131c\u0131l\u0131\u011f\u0131n\u0131z\u0131n etkilerini g\u00f6zlemleyin. Bu, \u00f6\u011frenme ve ke\u015ffetme konusunda ortak bir macerad\u0131r.<\/p><\/li><\/ol>\t\t\t\t\t\t\t\t<\/div>\n\t\t\t\t<\/div>\n\t\t\t\t<div class=\"elementor-element elementor-element-7d0f6ca elementor-widget-divider--view-line elementor-widget elementor-widget-divider\" data-id=\"7d0f6ca\" data-element_type=\"widget\" data-widget_type=\"divider.default\">\n\t\t\t\t<div class=\"elementor-widget-container\">\n\t\t\t\t\t\t\t<div class=\"elementor-divider\">\n\t\t\t<span class=\"elementor-divider-separator\">\n\t\t\t\t\t\t<\/span>\n\t\t<\/div>\n\t\t\t\t\t\t<\/div>\n\t\t\t\t<\/div>\n\t\t\t\t<div class=\"elementor-element elementor-element-7cf24a0 elementor-widget elementor-widget-heading\" data-id=\"7cf24a0\" data-element_type=\"widget\" data-widget_type=\"heading.default\">\n\t\t\t\t<div class=\"elementor-widget-container\">\n\t\t\t\t\t<h2 class=\"elementor-heading-title elementor-size-default\">Hedef Ya\u015f<\/h2>\t\t\t\t<\/div>\n\t\t\t\t<\/div>\n\t\t\t\t<div class=\"elementor-element elementor-element-daac8db elementor-icon-list--layout-traditional elementor-list-item-link-full_width elementor-widget elementor-widget-icon-list\" data-id=\"daac8db\" data-element_type=\"widget\" data-widget_type=\"icon-list.default\">\n\t\t\t\t<div class=\"elementor-widget-container\">\n\t\t\t\t\t\t\t<ul class=\"elementor-icon-list-items\">\n\t\t\t\t\t\t\t<li class=\"elementor-icon-list-item\">\n\t\t\t\t\t\t\t\t\t\t\t<span class=\"elementor-icon-list-icon\">\n\t\t\t\t\t\t\t<i aria-hidden=\"true\" class=\"fas fa-check\"><\/i>\t\t\t\t\t\t<\/span>\n\t\t\t\t\t\t\t\t\t\t<span class=\"elementor-icon-list-text\">Her ya\u015ftan<\/span>\n\t\t\t\t\t\t\t\t\t<\/li>\n\t\t\t\t\t\t<\/ul>\n\t\t\t\t\t\t<\/div>\n\t\t\t\t<\/div>\n\t\t\t\t<div class=\"elementor-element elementor-element-7e15fbb elementor-widget-divider--view-line elementor-widget elementor-widget-divider\" data-id=\"7e15fbb\" data-element_type=\"widget\" data-widget_type=\"divider.default\">\n\t\t\t\t<div class=\"elementor-widget-container\">\n\t\t\t\t\t\t\t<div class=\"elementor-divider\">\n\t\t\t<span class=\"elementor-divider-separator\">\n\t\t\t\t\t\t<\/span>\n\t\t<\/div>\n\t\t\t\t\t\t<\/div>\n\t\t\t\t<\/div>\n\t\t\t\t<div class=\"elementor-element elementor-element-ec11ce9 elementor-widget elementor-widget-heading\" data-id=\"ec11ce9\" data-element_type=\"widget\" data-widget_type=\"heading.default\">\n\t\t\t\t<div class=\"elementor-widget-container\">\n\t\t\t\t\t<h2 class=\"elementor-heading-title elementor-size-default\">Uygulanabilir Temalar<\/h2>\t\t\t\t<\/div>\n\t\t\t\t<\/div>\n\t\t\t\t<div class=\"elementor-element elementor-element-fe015a9 elementor-icon-list--layout-traditional elementor-list-item-link-full_width elementor-widget elementor-widget-icon-list\" data-id=\"fe015a9\" data-element_type=\"widget\" data-widget_type=\"icon-list.default\">\n\t\t\t\t<div class=\"elementor-widget-container\">\n\t\t\t\t\t\t\t<ul class=\"elementor-icon-list-items\">\n\t\t\t\t\t\t\t<li class=\"elementor-icon-list-item\">\n\t\t\t\t\t\t\t\t\t\t\t<a href=\"https:\/\/sertek.com.tr\/tr\/doga-temali-sergiler\/\">\n\n\t\t\t\t\t\t\t\t\t\t\t\t<span class=\"elementor-icon-list-icon\">\n\t\t\t\t\t\t\t<i aria-hidden=\"true\" class=\"fab fa-envira\"><\/i>\t\t\t\t\t\t<\/span>\n\t\t\t\t\t\t\t\t\t\t<span class=\"elementor-icon-list-text\">Do\u011fa<\/span>\n\t\t\t\t\t\t\t\t\t\t\t<\/a>\n\t\t\t\t\t\t\t\t\t<\/li>\n\t\t\t\t\t\t<\/ul>\n\t\t\t\t\t\t<\/div>\n\t\t\t\t<\/div>\n\t\t\t\t\t<\/div>\n\t\t<\/div>\n\t\t\t\t\t<\/div>\n\t\t<\/section>\n\t\t\t\t<div class=\"elementor-element elementor-element-b458126 elementor-widget elementor-widget-spacer\" data-id=\"b458126\" data-element_type=\"widget\" data-widget_type=\"spacer.default\">\n\t\t\t\t<div class=\"elementor-widget-container\">\n\t\t\t\t\t\t\t<div class=\"elementor-spacer\">\n\t\t\t<div class=\"elementor-spacer-inner\"><\/div>\n\t\t<\/div>\n\t\t\t\t\t\t<\/div>\n\t\t\t\t<\/div>\n\t\t\t\t\t<\/div>\n\t\t<\/div>\n\t\t\t\t\t<\/div>\n\t\t<\/section>\n\t\t\t\t<\/div>","protected":false},"excerpt":{"rendered":"<p>AR Sandbox Sergisi AR Sandbox, son teknoloji ve uygulamal\u0131 etkile\u015fimin bir birle\u015fimidir. Ger\u00e7ek kum, bir derinlik kameras\u0131 ve bir [\u2026]<\/p>","protected":false},"author":1,"featured_media":6733,"parent":0,"menu_order":0,"comment_status":"closed","ping_status":"closed","template":"page-custom.php","meta":{"om_disable_all_campaigns":false,"_monsterinsights_skip_tracking":false,"_monsterinsights_sitenote_active":false,"_monsterinsights_sitenote_note":"","_monsterinsights_sitenote_category":0,"_uf_show_specific_survey":0,"_uf_disable_surveys":false,"footnotes":""},"class_list":["post-6732","page","type-page","status-publish","has-post-thumbnail","hentry"],"acf":{"full_width":false,"header_transparent":false,"header_white":false},"aioseo_notices":[],"yoast_head":"<!-- This site is optimized with the Yoast SEO plugin v26.9 - https:\/\/yoast.com\/product\/yoast-seo-wordpress\/ -->\n<title>AR Sandbox Exhibit - Sertek Exhibitions<\/title>\n<meta name=\"description\" content=\"The AR Sandbox exhibit invites visitors to explore the secrets of our planet&#039;s geography and weather systems through hands-on engagement.\" \/>\n<meta name=\"robots\" content=\"index, follow, max-snippet:-1, max-image-preview:large, max-video-preview:-1\" \/>\n<link rel=\"canonical\" href=\"https:\/\/sertek.com.tr\/tr\/ar-kumhavuzu-sergisi\/\" \/>\n<meta property=\"og:locale\" content=\"tr_TR\" \/>\n<meta property=\"og:type\" content=\"article\" \/>\n<meta property=\"og:title\" content=\"AR Sandbox Exhibit - Sertek Exhibitions\" \/>\n<meta property=\"og:description\" content=\"The AR Sandbox exhibit invites visitors to explore the secrets of our planet&#039;s geography and weather systems through hands-on engagement.\" \/>\n<meta property=\"og:url\" content=\"https:\/\/sertek.com.tr\/tr\/ar-kumhavuzu-sergisi\/\" \/>\n<meta property=\"og:site_name\" content=\"Sertek Exhibitions\" \/>\n<meta property=\"article:modified_time\" content=\"2023-09-09T18:02:23+00:00\" \/>\n<meta property=\"og:image\" content=\"https:\/\/sertek.com.tr\/wp-content\/uploads\/2023\/09\/4-scaled.jpg\" \/>\n\t<meta property=\"og:image:width\" content=\"1920\" \/>\n\t<meta property=\"og:image:height\" content=\"2560\" \/>\n\t<meta property=\"og:image:type\" content=\"image\/jpeg\" \/>\n<meta name=\"twitter:card\" content=\"summary_large_image\" \/>\n<meta name=\"twitter:label1\" content=\"Tahmini okuma s\u00fcresi\" \/>\n\t<meta name=\"twitter:data1\" content=\"4 dakika\" \/>\n<script type=\"application\/ld+json\" class=\"yoast-schema-graph\">{\"@context\":\"https:\/\/schema.org\",\"@graph\":[{\"@type\":\"WebPage\",\"@id\":\"https:\/\/sertek.com.tr\/ar-sandbox-exhibit\/\",\"url\":\"https:\/\/sertek.com.tr\/ar-sandbox-exhibit\/\",\"name\":\"AR Sandbox Exhibit - Sertek Exhibitions\",\"isPartOf\":{\"@id\":\"https:\/\/sertek.com.tr\/en\/#website\"},\"primaryImageOfPage\":{\"@id\":\"https:\/\/sertek.com.tr\/ar-sandbox-exhibit\/#primaryimage\"},\"image\":{\"@id\":\"https:\/\/sertek.com.tr\/ar-sandbox-exhibit\/#primaryimage\"},\"thumbnailUrl\":\"https:\/\/sertek.com.tr\/wp-content\/uploads\/2023\/09\/4-scaled.jpg\",\"datePublished\":\"2023-09-09T09:01:19+00:00\",\"dateModified\":\"2023-09-09T18:02:23+00:00\",\"description\":\"The AR Sandbox exhibit invites visitors to explore the secrets of our planet's geography and weather systems through hands-on engagement.\",\"breadcrumb\":{\"@id\":\"https:\/\/sertek.com.tr\/ar-sandbox-exhibit\/#breadcrumb\"},\"inLanguage\":\"tr\",\"potentialAction\":[{\"@type\":\"ReadAction\",\"target\":[\"https:\/\/sertek.com.tr\/ar-sandbox-exhibit\/\"]}]},{\"@type\":\"ImageObject\",\"inLanguage\":\"tr\",\"@id\":\"https:\/\/sertek.com.tr\/ar-sandbox-exhibit\/#primaryimage\",\"url\":\"https:\/\/sertek.com.tr\/wp-content\/uploads\/2023\/09\/4-scaled.jpg\",\"contentUrl\":\"https:\/\/sertek.com.tr\/wp-content\/uploads\/2023\/09\/4-scaled.jpg\",\"width\":1920,\"height\":2560,\"caption\":\"AR Sandbox\"},{\"@type\":\"BreadcrumbList\",\"@id\":\"https:\/\/sertek.com.tr\/ar-sandbox-exhibit\/#breadcrumb\",\"itemListElement\":[{\"@type\":\"ListItem\",\"position\":1,\"name\":\"Home\",\"item\":\"https:\/\/sertek.com.tr\/\"},{\"@type\":\"ListItem\",\"position\":2,\"name\":\"AR Sandbox Exhibit\"}]},{\"@type\":\"WebSite\",\"@id\":\"https:\/\/sertek.com.tr\/en\/#website\",\"url\":\"https:\/\/sertek.com.tr\/en\/\",\"name\":\"Sertek Exhibitions\",\"description\":\"Sertek Exhibitons\",\"publisher\":{\"@id\":\"https:\/\/sertek.com.tr\/en\/#organization\"},\"potentialAction\":[{\"@type\":\"SearchAction\",\"target\":{\"@type\":\"EntryPoint\",\"urlTemplate\":\"https:\/\/sertek.com.tr\/en\/?s={search_term_string}\"},\"query-input\":{\"@type\":\"PropertyValueSpecification\",\"valueRequired\":true,\"valueName\":\"search_term_string\"}}],\"inLanguage\":\"tr\"},{\"@type\":\"Organization\",\"@id\":\"https:\/\/sertek.com.tr\/en\/#organization\",\"name\":\"Sertek Exhibitions\",\"url\":\"https:\/\/sertek.com.tr\/en\/\",\"logo\":{\"@type\":\"ImageObject\",\"inLanguage\":\"tr\",\"@id\":\"https:\/\/sertek.com.tr\/en\/#\/schema\/logo\/image\/\",\"url\":\"https:\/\/sertek.com.tr\/wp-content\/uploads\/2023\/06\/SertekLogo-1.png\",\"contentUrl\":\"https:\/\/sertek.com.tr\/wp-content\/uploads\/2023\/06\/SertekLogo-1.png\",\"width\":300,\"height\":49,\"caption\":\"Sertek Exhibitions\"},\"image\":{\"@id\":\"https:\/\/sertek.com.tr\/en\/#\/schema\/logo\/image\/\"},\"sameAs\":[\"https:\/\/www.linkedin.com\/company\/sertek-exhibitions\/\"]}]}<\/script>\n<!-- \/ Yoast SEO plugin. -->","yoast_head_json":{"title":"AR Sandbox Exhibit - Sertek Exhibitions","description":"The AR Sandbox exhibit invites visitors to explore the secrets of our planet's geography and weather systems through hands-on engagement.","robots":{"index":"index","follow":"follow","max-snippet":"max-snippet:-1","max-image-preview":"max-image-preview:large","max-video-preview":"max-video-preview:-1"},"canonical":"https:\/\/sertek.com.tr\/tr\/ar-kumhavuzu-sergisi\/","og_locale":"tr_TR","og_type":"article","og_title":"AR Sandbox Exhibit - Sertek Exhibitions","og_description":"The AR Sandbox exhibit invites visitors to explore the secrets of our planet's geography and weather systems through hands-on engagement.","og_url":"https:\/\/sertek.com.tr\/tr\/ar-kumhavuzu-sergisi\/","og_site_name":"Sertek Exhibitions","article_modified_time":"2023-09-09T18:02:23+00:00","og_image":[{"width":1920,"height":2560,"url":"https:\/\/sertek.com.tr\/wp-content\/uploads\/2023\/09\/4-scaled.jpg","type":"image\/jpeg"}],"twitter_card":"summary_large_image","twitter_misc":{"Tahmini okuma s\u00fcresi":"4 dakika"},"schema":{"@context":"https:\/\/schema.org","@graph":[{"@type":"WebPage","@id":"https:\/\/sertek.com.tr\/ar-sandbox-exhibit\/","url":"https:\/\/sertek.com.tr\/ar-sandbox-exhibit\/","name":"AR Sandbox Exhibit - Sertek Exhibitions","isPartOf":{"@id":"https:\/\/sertek.com.tr\/en\/#website"},"primaryImageOfPage":{"@id":"https:\/\/sertek.com.tr\/ar-sandbox-exhibit\/#primaryimage"},"image":{"@id":"https:\/\/sertek.com.tr\/ar-sandbox-exhibit\/#primaryimage"},"thumbnailUrl":"https:\/\/sertek.com.tr\/wp-content\/uploads\/2023\/09\/4-scaled.jpg","datePublished":"2023-09-09T09:01:19+00:00","dateModified":"2023-09-09T18:02:23+00:00","description":"The AR Sandbox exhibit invites visitors to explore the secrets of our planet's geography and weather systems through hands-on engagement.","breadcrumb":{"@id":"https:\/\/sertek.com.tr\/ar-sandbox-exhibit\/#breadcrumb"},"inLanguage":"tr","potentialAction":[{"@type":"ReadAction","target":["https:\/\/sertek.com.tr\/ar-sandbox-exhibit\/"]}]},{"@type":"ImageObject","inLanguage":"tr","@id":"https:\/\/sertek.com.tr\/ar-sandbox-exhibit\/#primaryimage","url":"https:\/\/sertek.com.tr\/wp-content\/uploads\/2023\/09\/4-scaled.jpg","contentUrl":"https:\/\/sertek.com.tr\/wp-content\/uploads\/2023\/09\/4-scaled.jpg","width":1920,"height":2560,"caption":"AR Sandbox"},{"@type":"BreadcrumbList","@id":"https:\/\/sertek.com.tr\/ar-sandbox-exhibit\/#breadcrumb","itemListElement":[{"@type":"ListItem","position":1,"name":"Home","item":"https:\/\/sertek.com.tr\/"},{"@type":"ListItem","position":2,"name":"AR Sandbox Exhibit"}]},{"@type":"WebSite","@id":"https:\/\/sertek.com.tr\/en\/#website","url":"https:\/\/sertek.com.tr\/en\/","name":"Sertek Exhibitions","description":"Sertek Exhibitons","publisher":{"@id":"https:\/\/sertek.com.tr\/en\/#organization"},"potentialAction":[{"@type":"SearchAction","target":{"@type":"EntryPoint","urlTemplate":"https:\/\/sertek.com.tr\/en\/?s={search_term_string}"},"query-input":{"@type":"PropertyValueSpecification","valueRequired":true,"valueName":"search_term_string"}}],"inLanguage":"tr"},{"@type":"Organization","@id":"https:\/\/sertek.com.tr\/en\/#organization","name":"Sertek Exhibitions","url":"https:\/\/sertek.com.tr\/en\/","logo":{"@type":"ImageObject","inLanguage":"tr","@id":"https:\/\/sertek.com.tr\/en\/#\/schema\/logo\/image\/","url":"https:\/\/sertek.com.tr\/wp-content\/uploads\/2023\/06\/SertekLogo-1.png","contentUrl":"https:\/\/sertek.com.tr\/wp-content\/uploads\/2023\/06\/SertekLogo-1.png","width":300,"height":49,"caption":"Sertek Exhibitions"},"image":{"@id":"https:\/\/sertek.com.tr\/en\/#\/schema\/logo\/image\/"},"sameAs":["https:\/\/www.linkedin.com\/company\/sertek-exhibitions\/"]}]}},"jetpack_sharing_enabled":true,"_links":{"self":[{"href":"https:\/\/sertek.com.tr\/tr\/wp-json\/wp\/v2\/pages\/6732","targetHints":{"allow":["GET"]}}],"collection":[{"href":"https:\/\/sertek.com.tr\/tr\/wp-json\/wp\/v2\/pages"}],"about":[{"href":"https:\/\/sertek.com.tr\/tr\/wp-json\/wp\/v2\/types\/page"}],"author":[{"embeddable":true,"href":"https:\/\/sertek.com.tr\/tr\/wp-json\/wp\/v2\/users\/1"}],"replies":[{"embeddable":true,"href":"https:\/\/sertek.com.tr\/tr\/wp-json\/wp\/v2\/comments?post=6732"}],"version-history":[{"count":6,"href":"https:\/\/sertek.com.tr\/tr\/wp-json\/wp\/v2\/pages\/6732\/revisions"}],"predecessor-version":[{"id":6883,"href":"https:\/\/sertek.com.tr\/tr\/wp-json\/wp\/v2\/pages\/6732\/revisions\/6883"}],"wp:featuredmedia":[{"embeddable":true,"href":"https:\/\/sertek.com.tr\/tr\/wp-json\/wp\/v2\/media\/6733"}],"wp:attachment":[{"href":"https:\/\/sertek.com.tr\/tr\/wp-json\/wp\/v2\/media?parent=6732"}],"curies":[{"name":"wp","href":"https:\/\/api.w.org\/{rel}","templated":true}]}}