{"id":6755,"date":"2023-09-09T10:39:23","date_gmt":"2023-09-09T10:39:23","guid":{"rendered":"https:\/\/sertek.com.tr\/?page_id=6755"},"modified":"2023-10-19T20:13:35","modified_gmt":"2023-10-19T20:13:35","slug":"periodic-table-exhibit","status":"publish","type":"page","link":"https:\/\/sertek.com.tr\/tr\/periyodik-tablo-sergisi\/","title":{"rendered":"Periyodik Tablo Sergisi"},"content":{"rendered":"<div data-elementor-type=\"wp-page\" data-elementor-id=\"6755\" class=\"elementor elementor-6755\" data-elementor-settings=\"{&quot;ha_cmc_init_switcher&quot;:&quot;no&quot;}\">\n\t\t\t\t\t\t<section class=\"elementor-section elementor-top-section elementor-element elementor-element-9f5181a elementor-section-boxed elementor-section-height-default elementor-section-height-default\" data-id=\"9f5181a\" data-element_type=\"section\" data-settings=\"{&quot;_ha_eqh_enable&quot;:false}\">\n\t\t\t\t\t\t<div class=\"elementor-container elementor-column-gap-extended\">\n\t\t\t\t\t<div class=\"elementor-column elementor-col-100 elementor-top-column elementor-element elementor-element-e397ea5\" data-id=\"e397ea5\" data-element_type=\"column\">\n\t\t\t<div class=\"elementor-widget-wrap elementor-element-populated\">\n\t\t\t\t\t\t<section class=\"elementor-section elementor-inner-section elementor-element elementor-element-8274943 elementor-section-full_width elementor-section-height-default elementor-section-height-default\" data-id=\"8274943\" data-element_type=\"section\" data-settings=\"{&quot;background_background&quot;:&quot;classic&quot;,&quot;_ha_eqh_enable&quot;:false}\">\n\t\t\t\t\t\t<div class=\"elementor-container elementor-column-gap-wide\">\n\t\t\t\t\t<div class=\"elementor-column elementor-col-50 elementor-inner-column elementor-element elementor-element-4cbc07e has-sticky-column\" data-id=\"4cbc07e\" data-element_type=\"column\">\n\t\t\t<div class=\"elementor-widget-wrap elementor-element-populated\">\n\t\t\t\t\t\t<div class=\"elementor-element elementor-element-1f04f6e elementor-widget elementor-widget-video\" data-id=\"1f04f6e\" data-element_type=\"widget\" data-settings=\"{&quot;youtube_url&quot;:&quot;https:\\\/\\\/youtu.be\\\/1R0uSN-0O7I?si=Cw34yqHc40_bSM6r&quot;,&quot;video_type&quot;:&quot;youtube&quot;,&quot;controls&quot;:&quot;yes&quot;}\" data-widget_type=\"video.default\">\n\t\t\t\t<div class=\"elementor-widget-container\">\n\t\t\t\t\t\t\t<div class=\"elementor-wrapper elementor-open-inline\">\n\t\t\t<div class=\"elementor-video\"><\/div>\t\t<\/div>\n\t\t\t\t\t\t<\/div>\n\t\t\t\t<\/div>\n\t\t\t\t<div class=\"elementor-element elementor-element-e2fb4cc elementor-widget__width-inherit elementor-arrows-position-inside elementor-pagination-position-outside elementor-widget elementor-widget-image-carousel\" data-id=\"e2fb4cc\" data-element_type=\"widget\" data-settings=\"{&quot;slides_to_show&quot;:&quot;1&quot;,&quot;navigation&quot;:&quot;both&quot;,&quot;autoplay&quot;:&quot;yes&quot;,&quot;pause_on_hover&quot;:&quot;yes&quot;,&quot;pause_on_interaction&quot;:&quot;yes&quot;,&quot;autoplay_speed&quot;:5000,&quot;infinite&quot;:&quot;yes&quot;,&quot;effect&quot;:&quot;slide&quot;,&quot;speed&quot;:500}\" data-widget_type=\"image-carousel.default\">\n\t\t\t\t<div class=\"elementor-widget-container\">\n\t\t\t\t\t\t\t<div class=\"elementor-image-carousel-wrapper swiper\" role=\"region\" aria-roledescription=\"carousel\" aria-label=\"Resim D\u00f6ng\u00fcs\u00fc\" dir=\"ltr\">\n\t\t\t<div class=\"elementor-image-carousel swiper-wrapper\" aria-live=\"off\">\n\t\t\t\t\t\t\t\t<div class=\"swiper-slide\" role=\"group\" aria-roledescription=\"slide\" aria-label=\"1 \/ 3\"><figure class=\"swiper-slide-inner\"><img decoding=\"async\" class=\"swiper-slide-image\" src=\"https:\/\/sertek.com.tr\/wp-content\/uploads\/elementor\/thumbs\/Periodic-Table-qc5i7i57hcyvgzbwirjqhz8m8cfwddkeypr0domq2w.jpeg\" alt=\"Periyodik tablo sergisi\" \/><\/figure><\/div><div class=\"swiper-slide\" role=\"group\" aria-roledescription=\"slide\" aria-label=\"2 \/ 3\"><figure class=\"swiper-slide-inner\"><img decoding=\"async\" class=\"swiper-slide-image\" src=\"https:\/\/sertek.com.tr\/wp-content\/uploads\/elementor\/thumbs\/periodic_table_exhibit-qc5kerv7udhel46pn132rz41q5q9ig9hv2d5dr3hc8.jpg\" alt=\"periodic_table_exhibit\" \/><\/figure><\/div><div class=\"swiper-slide\" role=\"group\" aria-roledescription=\"slide\" aria-label=\"3 \/ 3\"><figure class=\"swiper-slide-inner\"><img decoding=\"async\" class=\"swiper-slide-image\" src=\"https:\/\/sertek.com.tr\/wp-content\/uploads\/elementor\/thumbs\/Peiodic-Table-2-2-qc5kcx4od4y1osvngq8kcxybjsv7bxwjxw1ob3ufm0.jpg\" alt=\"periyodik tablo interaktif\" \/><\/figure><\/div>\t\t\t<\/div>\n\t\t\t\t\t\t\t\t\t\t\t\t<div class=\"elementor-swiper-button elementor-swiper-button-prev\" role=\"button\" tabindex=\"0\">\n\t\t\t\t\t\t<i aria-hidden=\"true\" class=\"eicon-chevron-left\"><\/i>\t\t\t\t\t<\/div>\n\t\t\t\t\t<div class=\"elementor-swiper-button elementor-swiper-button-next\" role=\"button\" tabindex=\"0\">\n\t\t\t\t\t\t<i aria-hidden=\"true\" class=\"eicon-chevron-right\"><\/i>\t\t\t\t\t<\/div>\n\t\t\t\t\n\t\t\t\t\t\t\t\t\t<div class=\"swiper-pagination\"><\/div>\n\t\t\t\t\t\t\t\t\t<\/div>\n\t\t\t\t\t\t<\/div>\n\t\t\t\t<\/div>\n\t\t\t\t\t<\/div>\n\t\t<\/div>\n\t\t\t\t<div class=\"elementor-column elementor-col-50 elementor-inner-column elementor-element elementor-element-b2d72f3\" data-id=\"b2d72f3\" data-element_type=\"column\">\n\t\t\t<div class=\"elementor-widget-wrap elementor-element-populated\">\n\t\t\t\t\t\t<div class=\"elementor-element elementor-element-7266a04 elementor-widget elementor-widget-heading\" data-id=\"7266a04\" data-element_type=\"widget\" data-widget_type=\"heading.default\">\n\t\t\t\t<div class=\"elementor-widget-container\">\n\t\t\t\t\t<h1 class=\"elementor-heading-title elementor-size-default\">Periyodik Tablo Sergisi<\/h1>\t\t\t\t<\/div>\n\t\t\t\t<\/div>\n\t\t\t\t<div class=\"elementor-element elementor-element-091ced5 elementor-widget elementor-widget-text-editor\" data-id=\"091ced5\" data-element_type=\"widget\" data-widget_type=\"text-editor.default\">\n\t\t\t\t<div class=\"elementor-widget-container\">\n\t\t\t\t\t\t\t\t\t<p>Periyodik Tablo sergisi teknoloji, e\u011fitim ve uygulamal\u0131 ke\u015fiflerin b\u00fcy\u00fcleyici bir birle\u015fimidir. Periyodik tabloyu kopyalayan, ziyaret\u00e7ilerin elementlerle etkile\u015fime girmesine, bunlar\u0131 bile\u015fikler olu\u015fturacak \u015fekilde birle\u015ftirmesine ve bu bile\u015fiklerin ger\u00e7ek d\u00fcnyadaki \u00f6nemini ortaya \u00e7\u0131karmas\u0131na olanak tan\u0131yan geni\u015f bir dokunmatik ekran aray\u00fcz\u00fcne sahiptir.<\/p><p>Bu interaktif sergi, kimya d\u00fcnyas\u0131na ve maddi d\u00fcnyam\u0131z\u0131 olu\u015fturan elementlere a\u00e7\u0131lan bir kap\u0131d\u0131r. Soyut kavramlar\u0131 somut, ili\u015fkilendirilebilir deneyimlere d\u00f6n\u00fc\u015ft\u00fcrerek kimyay\u0131 herkes i\u00e7in eri\u015filebilir ve ilgi \u00e7ekici hale getirir.<\/p>\t\t\t\t\t\t\t\t<\/div>\n\t\t\t\t<\/div>\n\t\t\t\t<div class=\"elementor-element elementor-element-aec0eae elementor-widget-divider--view-line elementor-widget elementor-widget-divider\" data-id=\"aec0eae\" data-element_type=\"widget\" data-widget_type=\"divider.default\">\n\t\t\t\t<div class=\"elementor-widget-container\">\n\t\t\t\t\t\t\t<div class=\"elementor-divider\">\n\t\t\t<span class=\"elementor-divider-separator\">\n\t\t\t\t\t\t<\/span>\n\t\t<\/div>\n\t\t\t\t\t\t<\/div>\n\t\t\t\t<\/div>\n\t\t\t\t<div class=\"elementor-element elementor-element-3e33613 elementor-widget elementor-widget-heading\" data-id=\"3e33613\" data-element_type=\"widget\" data-widget_type=\"heading.default\">\n\t\t\t\t<div class=\"elementor-widget-container\">\n\t\t\t\t\t<h2 class=\"elementor-heading-title elementor-size-default\">Ziyaret\u00e7i Deneyimi<\/h2>\t\t\t\t<\/div>\n\t\t\t\t<\/div>\n\t\t\t\t<div class=\"elementor-element elementor-element-3a2d915 elementor-widget elementor-widget-text-editor\" data-id=\"3a2d915\" data-element_type=\"widget\" data-widget_type=\"text-editor.default\">\n\t\t\t\t<div class=\"elementor-widget-container\">\n\t\t\t\t\t\t\t\t\t<p>Ziyaret\u00e7iler periyodik tablo sergisine yakla\u015ft\u0131k\u00e7a geni\u015f dokunmatik ekran aray\u00fcz\u00fcne hayran kalacaklar. Periyodik tabloyu inceleyebilir, elementleri se\u00e7ebilir ve bunlar\u0131 birle\u015ftirerek bile\u015fikler olu\u015fturmay\u0131 deneyebilirler. Oyun kameras\u0131 sizi kimyan\u0131n soyut d\u00fcnyas\u0131ndan g\u00fcndelik malzemelerin pratik d\u00fcnyas\u0131na g\u00f6t\u00fcr\u00fcrken b\u00fcy\u00fcye tan\u0131k olun.<\/p><p>Bu sergi, merak uyand\u0131ran ve kimyan\u0131n hayat\u0131m\u0131zdaki rol\u00fcn\u00fcn daha derin anla\u015f\u0131lmas\u0131n\u0131 te\u015fvik eden dinamik ve uygulamal\u0131 bir \u00f6\u011frenme deneyimi sunuyor. Bu, kimyager oldu\u011funuz, g\u00fcnl\u00fck malzemelerin s\u0131rlar\u0131n\u0131 a\u00e7\u0131\u011fa \u00e7\u0131kard\u0131\u011f\u0131n\u0131z bir ke\u015fif ve ke\u015fif yolculu\u011fudur.<\/p>\t\t\t\t\t\t\t\t<\/div>\n\t\t\t\t<\/div>\n\t\t\t\t<div class=\"elementor-element elementor-element-0b4a3e1 elementor-widget-divider--view-line elementor-widget elementor-widget-divider\" data-id=\"0b4a3e1\" data-element_type=\"widget\" data-widget_type=\"divider.default\">\n\t\t\t\t<div class=\"elementor-widget-container\">\n\t\t\t\t\t\t\t<div class=\"elementor-divider\">\n\t\t\t<span class=\"elementor-divider-separator\">\n\t\t\t\t\t\t<\/span>\n\t\t<\/div>\n\t\t\t\t\t\t<\/div>\n\t\t\t\t<\/div>\n\t\t\t\t<div class=\"elementor-element elementor-element-2ec6503 elementor-widget elementor-widget-heading\" data-id=\"2ec6503\" data-element_type=\"widget\" data-widget_type=\"heading.default\">\n\t\t\t\t<div class=\"elementor-widget-container\">\n\t\t\t\t\t<h2 class=\"elementor-heading-title elementor-size-default\">Periyodik Tablonun Temel \u00d6zellikleri<\/h2>\t\t\t\t<\/div>\n\t\t\t\t<\/div>\n\t\t\t\t<div class=\"elementor-element elementor-element-02cf664 elementor-widget elementor-widget-text-editor\" data-id=\"02cf664\" data-element_type=\"widget\" data-widget_type=\"text-editor.default\">\n\t\t\t\t<div class=\"elementor-widget-container\">\n\t\t\t\t\t\t\t\t\t<ol><li><p><a href=\"https:\/\/www.rsc.org\/periodic-table\" target=\"_blank\" rel=\"noopener\"><strong>Periyodik Tablo \u0130ncelemesi:<\/strong><\/a> Geni\u015f dokunmatik ekrandaki periyodik tablo aray\u00fcz\u00fcne dal\u0131n. Elementler aras\u0131nda gezinin, \u00f6zelliklerini \u00f6\u011frenin ve atomik yap\u0131lar\u0131 hakk\u0131nda bilgi edinin.<\/p><\/li><li><p><strong>Bile\u015fik Olu\u015fturma:<\/strong> Farkl\u0131 elementleri se\u00e7ip bile\u015fikler olu\u015fturarak kimyasal kombinasyon sanat\u0131yla me\u015fgul olun. Neler \u00fcretebilece\u011finizi g\u00f6rmek i\u00e7in \u00e7e\u015fitli kompozisyonlar deneyin.<\/p><\/li><li><p><strong>G\u00fcndelik Malzeme \u00dcretimi:<\/strong> Bir bile\u015fik olu\u015fturdu\u011funuzda serginin yaz\u0131l\u0131m\u0131 sizi bir yolculu\u011fa \u00e7\u0131kar\u0131r. Kamera periyodik tablodan bir ekrana ge\u00e7erek bu bile\u015fi\u011fin g\u00fcnl\u00fck hayat\u0131m\u0131zda neye kar\u015f\u0131l\u0131k geldi\u011fini ortaya \u00e7\u0131kar\u0131yor. Yaratt\u0131\u011f\u0131n\u0131z malzemelerin pratik uygulamalar\u0131na tan\u0131k olun.<\/p><\/li><li><p><strong>E\u011fitim Bilgileri:<\/strong> Elementleri, \u00f6zelliklerini ve bizi \u00e7evreleyen malzemeleri olu\u015fturmak i\u00e7in nas\u0131l bir araya geldiklerini daha iyi anlay\u0131n. D\u00fcnyam\u0131z\u0131 \u015fekillendirmede kimyan\u0131n rol\u00fcn\u00fc \u00f6\u011frenin.<\/p><\/li><li><p><strong>Uygulamal\u0131 Kimya:<\/strong> Laboratuvar \u00f6nl\u00fc\u011f\u00fcne ihtiya\u00e7 duymadan kimyan\u0131n heyecan\u0131n\u0131 ya\u015fay\u0131n. Sergi, dokunma ve etkile\u015fim yoluyla deney yapmay\u0131 ve \u00f6\u011frenmeyi te\u015fvik ediyor.<\/p><\/li><\/ol>\t\t\t\t\t\t\t\t<\/div>\n\t\t\t\t<\/div>\n\t\t\t\t<div class=\"elementor-element elementor-element-7d0f6ca elementor-widget-divider--view-line elementor-widget elementor-widget-divider\" data-id=\"7d0f6ca\" data-element_type=\"widget\" data-widget_type=\"divider.default\">\n\t\t\t\t<div class=\"elementor-widget-container\">\n\t\t\t\t\t\t\t<div class=\"elementor-divider\">\n\t\t\t<span class=\"elementor-divider-separator\">\n\t\t\t\t\t\t<\/span>\n\t\t<\/div>\n\t\t\t\t\t\t<\/div>\n\t\t\t\t<\/div>\n\t\t\t\t<div class=\"elementor-element elementor-element-7cf24a0 elementor-widget elementor-widget-heading\" data-id=\"7cf24a0\" data-element_type=\"widget\" data-widget_type=\"heading.default\">\n\t\t\t\t<div class=\"elementor-widget-container\">\n\t\t\t\t\t<h2 class=\"elementor-heading-title elementor-size-default\">Hedef Ya\u015f<\/h2>\t\t\t\t<\/div>\n\t\t\t\t<\/div>\n\t\t\t\t<div class=\"elementor-element elementor-element-daac8db elementor-icon-list--layout-traditional elementor-list-item-link-full_width elementor-widget elementor-widget-icon-list\" data-id=\"daac8db\" data-element_type=\"widget\" data-widget_type=\"icon-list.default\">\n\t\t\t\t<div class=\"elementor-widget-container\">\n\t\t\t\t\t\t\t<ul class=\"elementor-icon-list-items\">\n\t\t\t\t\t\t\t<li class=\"elementor-icon-list-item\">\n\t\t\t\t\t\t\t\t\t\t\t<span class=\"elementor-icon-list-icon\">\n\t\t\t\t\t\t\t<i aria-hidden=\"true\" class=\"fas fa-check\"><\/i>\t\t\t\t\t\t<\/span>\n\t\t\t\t\t\t\t\t\t\t<span class=\"elementor-icon-list-text\">7&#039;den itibaren<\/span>\n\t\t\t\t\t\t\t\t\t<\/li>\n\t\t\t\t\t\t<\/ul>\n\t\t\t\t\t\t<\/div>\n\t\t\t\t<\/div>\n\t\t\t\t<div class=\"elementor-element elementor-element-7e15fbb elementor-widget-divider--view-line elementor-widget elementor-widget-divider\" data-id=\"7e15fbb\" data-element_type=\"widget\" data-widget_type=\"divider.default\">\n\t\t\t\t<div class=\"elementor-widget-container\">\n\t\t\t\t\t\t\t<div class=\"elementor-divider\">\n\t\t\t<span class=\"elementor-divider-separator\">\n\t\t\t\t\t\t<\/span>\n\t\t<\/div>\n\t\t\t\t\t\t<\/div>\n\t\t\t\t<\/div>\n\t\t\t\t<div class=\"elementor-element elementor-element-ec11ce9 elementor-widget elementor-widget-heading\" data-id=\"ec11ce9\" data-element_type=\"widget\" data-widget_type=\"heading.default\">\n\t\t\t\t<div class=\"elementor-widget-container\">\n\t\t\t\t\t<h2 class=\"elementor-heading-title elementor-size-default\">Uygulanabilir Temalar<\/h2>\t\t\t\t<\/div>\n\t\t\t\t<\/div>\n\t\t\t\t<div class=\"elementor-element elementor-element-fe015a9 elementor-icon-list--layout-traditional elementor-list-item-link-full_width elementor-widget elementor-widget-icon-list\" data-id=\"fe015a9\" data-element_type=\"widget\" data-widget_type=\"icon-list.default\">\n\t\t\t\t<div class=\"elementor-widget-container\">\n\t\t\t\t\t\t\t<ul class=\"elementor-icon-list-items\">\n\t\t\t\t\t\t\t<li class=\"elementor-icon-list-item\">\n\t\t\t\t\t\t\t\t\t\t\t<a href=\"https:\/\/sertek.com.tr\/tr\/environment-themed-exhibits\/\">\n\n\t\t\t\t\t\t\t\t\t\t\t\t<span class=\"elementor-icon-list-icon\">\n\t\t\t\t\t\t\t<i aria-hidden=\"true\" class=\"fab fa-envira\"><\/i>\t\t\t\t\t\t<\/span>\n\t\t\t\t\t\t\t\t\t\t<span class=\"elementor-icon-list-text\">\u00c7evre<\/span>\n\t\t\t\t\t\t\t\t\t\t\t<\/a>\n\t\t\t\t\t\t\t\t\t<\/li>\n\t\t\t\t\t\t<\/ul>\n\t\t\t\t\t\t<\/div>\n\t\t\t\t<\/div>\n\t\t\t\t\t<\/div>\n\t\t<\/div>\n\t\t\t\t\t<\/div>\n\t\t<\/section>\n\t\t\t\t<div class=\"elementor-element elementor-element-b458126 elementor-widget elementor-widget-spacer\" data-id=\"b458126\" data-element_type=\"widget\" data-widget_type=\"spacer.default\">\n\t\t\t\t<div class=\"elementor-widget-container\">\n\t\t\t\t\t\t\t<div class=\"elementor-spacer\">\n\t\t\t<div class=\"elementor-spacer-inner\"><\/div>\n\t\t<\/div>\n\t\t\t\t\t\t<\/div>\n\t\t\t\t<\/div>\n\t\t\t\t\t<\/div>\n\t\t<\/div>\n\t\t\t\t\t<\/div>\n\t\t<\/section>\n\t\t\t\t<\/div>","protected":false},"excerpt":{"rendered":"<p>Periyodik Tablo Sergisi Periyodik Tablo sergisi, teknoloji, e\u011fitim ve uygulamal\u0131 ke\u015ffin b\u00fcy\u00fcleyici bir birle\u015fimidir. B\u00fcy\u00fck bir dokunmatik ekran aray\u00fcz\u00fcne sahiptir [\u2026]<\/p>","protected":false},"author":1,"featured_media":6741,"parent":0,"menu_order":0,"comment_status":"closed","ping_status":"closed","template":"page-custom.php","meta":{"om_disable_all_campaigns":false,"_monsterinsights_skip_tracking":false,"_monsterinsights_sitenote_active":false,"_monsterinsights_sitenote_note":"","_monsterinsights_sitenote_category":0,"_uf_show_specific_survey":0,"_uf_disable_surveys":false,"footnotes":""},"class_list":["post-6755","page","type-page","status-publish","has-post-thumbnail","hentry"],"acf":{"full_width":false,"header_transparent":false,"header_white":false},"aioseo_notices":[],"yoast_head":"<!-- This site is optimized with the Yoast SEO plugin v26.9 - https:\/\/yoast.com\/product\/yoast-seo-wordpress\/ -->\n<title>Periodic Table Exhibit - Sertek Exhibitions<\/title>\n<meta name=\"description\" content=\"The periodic table exhibit is a gateway to the world of chemistry and the elements that compose our material world.\" \/>\n<meta name=\"robots\" content=\"index, follow, max-snippet:-1, max-image-preview:large, max-video-preview:-1\" \/>\n<link rel=\"canonical\" href=\"https:\/\/sertek.com.tr\/tr\/periyodik-tablo-sergisi\/\" \/>\n<meta property=\"og:locale\" content=\"tr_TR\" \/>\n<meta property=\"og:type\" content=\"article\" \/>\n<meta property=\"og:title\" content=\"Periodic Table Exhibit - Sertek Exhibitions\" \/>\n<meta property=\"og:description\" content=\"The periodic table exhibit is a gateway to the world of chemistry and the elements that compose our material world.\" \/>\n<meta property=\"og:url\" content=\"https:\/\/sertek.com.tr\/tr\/periyodik-tablo-sergisi\/\" \/>\n<meta property=\"og:site_name\" content=\"Sertek Exhibitions\" \/>\n<meta property=\"article:modified_time\" content=\"2023-10-19T20:13:35+00:00\" \/>\n<meta property=\"og:image\" content=\"https:\/\/sertek.com.tr\/wp-content\/uploads\/2023\/09\/Periodic-Table.jpeg\" \/>\n\t<meta property=\"og:image:width\" content=\"1080\" \/>\n\t<meta property=\"og:image:height\" content=\"770\" \/>\n\t<meta property=\"og:image:type\" content=\"image\/jpeg\" \/>\n<meta name=\"twitter:card\" content=\"summary_large_image\" \/>\n<meta name=\"twitter:label1\" content=\"Tahmini okuma s\u00fcresi\" \/>\n\t<meta name=\"twitter:data1\" content=\"3 dakika\" \/>\n<script type=\"application\/ld+json\" class=\"yoast-schema-graph\">{\"@context\":\"https:\/\/schema.org\",\"@graph\":[{\"@type\":\"WebPage\",\"@id\":\"https:\/\/sertek.com.tr\/en\/periodic-table-exhibit\/\",\"url\":\"https:\/\/sertek.com.tr\/en\/periodic-table-exhibit\/\",\"name\":\"Periodic Table Exhibit - Sertek Exhibitions\",\"isPartOf\":{\"@id\":\"https:\/\/sertek.com.tr\/en\/#website\"},\"primaryImageOfPage\":{\"@id\":\"https:\/\/sertek.com.tr\/en\/periodic-table-exhibit\/#primaryimage\"},\"image\":{\"@id\":\"https:\/\/sertek.com.tr\/en\/periodic-table-exhibit\/#primaryimage\"},\"thumbnailUrl\":\"https:\/\/sertek.com.tr\/wp-content\/uploads\/2023\/09\/Periodic-Table.jpeg\",\"datePublished\":\"2023-09-09T10:39:23+00:00\",\"dateModified\":\"2023-10-19T20:13:35+00:00\",\"description\":\"The periodic table exhibit is a gateway to the world of chemistry and the elements that compose our material world.\",\"breadcrumb\":{\"@id\":\"https:\/\/sertek.com.tr\/en\/periodic-table-exhibit\/#breadcrumb\"},\"inLanguage\":\"tr\",\"potentialAction\":[{\"@type\":\"ReadAction\",\"target\":[\"https:\/\/sertek.com.tr\/en\/periodic-table-exhibit\/\"]}]},{\"@type\":\"ImageObject\",\"inLanguage\":\"tr\",\"@id\":\"https:\/\/sertek.com.tr\/en\/periodic-table-exhibit\/#primaryimage\",\"url\":\"https:\/\/sertek.com.tr\/wp-content\/uploads\/2023\/09\/Periodic-Table.jpeg\",\"contentUrl\":\"https:\/\/sertek.com.tr\/wp-content\/uploads\/2023\/09\/Periodic-Table.jpeg\",\"width\":1080,\"height\":770,\"caption\":\"Periodic table exhibit\"},{\"@type\":\"BreadcrumbList\",\"@id\":\"https:\/\/sertek.com.tr\/en\/periodic-table-exhibit\/#breadcrumb\",\"itemListElement\":[{\"@type\":\"ListItem\",\"position\":1,\"name\":\"Home\",\"item\":\"https:\/\/sertek.com.tr\/\"},{\"@type\":\"ListItem\",\"position\":2,\"name\":\"Periodic Table Exhibit\"}]},{\"@type\":\"WebSite\",\"@id\":\"https:\/\/sertek.com.tr\/en\/#website\",\"url\":\"https:\/\/sertek.com.tr\/en\/\",\"name\":\"Sertek Exhibitions\",\"description\":\"Sertek Exhibitons\",\"publisher\":{\"@id\":\"https:\/\/sertek.com.tr\/en\/#organization\"},\"potentialAction\":[{\"@type\":\"SearchAction\",\"target\":{\"@type\":\"EntryPoint\",\"urlTemplate\":\"https:\/\/sertek.com.tr\/en\/?s={search_term_string}\"},\"query-input\":{\"@type\":\"PropertyValueSpecification\",\"valueRequired\":true,\"valueName\":\"search_term_string\"}}],\"inLanguage\":\"tr\"},{\"@type\":\"Organization\",\"@id\":\"https:\/\/sertek.com.tr\/en\/#organization\",\"name\":\"Sertek Exhibitions\",\"url\":\"https:\/\/sertek.com.tr\/en\/\",\"logo\":{\"@type\":\"ImageObject\",\"inLanguage\":\"tr\",\"@id\":\"https:\/\/sertek.com.tr\/en\/#\/schema\/logo\/image\/\",\"url\":\"https:\/\/sertek.com.tr\/wp-content\/uploads\/2023\/06\/SertekLogo-1.png\",\"contentUrl\":\"https:\/\/sertek.com.tr\/wp-content\/uploads\/2023\/06\/SertekLogo-1.png\",\"width\":300,\"height\":49,\"caption\":\"Sertek Exhibitions\"},\"image\":{\"@id\":\"https:\/\/sertek.com.tr\/en\/#\/schema\/logo\/image\/\"},\"sameAs\":[\"https:\/\/www.linkedin.com\/company\/sertek-exhibitions\/\"]}]}<\/script>\n<!-- \/ Yoast SEO plugin. -->","yoast_head_json":{"title":"Periodic Table Exhibit - Sertek Exhibitions","description":"The periodic table exhibit is a gateway to the world of chemistry and the elements that compose our material world.","robots":{"index":"index","follow":"follow","max-snippet":"max-snippet:-1","max-image-preview":"max-image-preview:large","max-video-preview":"max-video-preview:-1"},"canonical":"https:\/\/sertek.com.tr\/tr\/periyodik-tablo-sergisi\/","og_locale":"tr_TR","og_type":"article","og_title":"Periodic Table Exhibit - Sertek Exhibitions","og_description":"The periodic table exhibit is a gateway to the world of chemistry and the elements that compose our material world.","og_url":"https:\/\/sertek.com.tr\/tr\/periyodik-tablo-sergisi\/","og_site_name":"Sertek Exhibitions","article_modified_time":"2023-10-19T20:13:35+00:00","og_image":[{"width":1080,"height":770,"url":"https:\/\/sertek.com.tr\/wp-content\/uploads\/2023\/09\/Periodic-Table.jpeg","type":"image\/jpeg"}],"twitter_card":"summary_large_image","twitter_misc":{"Tahmini okuma s\u00fcresi":"3 dakika"},"schema":{"@context":"https:\/\/schema.org","@graph":[{"@type":"WebPage","@id":"https:\/\/sertek.com.tr\/en\/periodic-table-exhibit\/","url":"https:\/\/sertek.com.tr\/en\/periodic-table-exhibit\/","name":"Periodic Table Exhibit - Sertek Exhibitions","isPartOf":{"@id":"https:\/\/sertek.com.tr\/en\/#website"},"primaryImageOfPage":{"@id":"https:\/\/sertek.com.tr\/en\/periodic-table-exhibit\/#primaryimage"},"image":{"@id":"https:\/\/sertek.com.tr\/en\/periodic-table-exhibit\/#primaryimage"},"thumbnailUrl":"https:\/\/sertek.com.tr\/wp-content\/uploads\/2023\/09\/Periodic-Table.jpeg","datePublished":"2023-09-09T10:39:23+00:00","dateModified":"2023-10-19T20:13:35+00:00","description":"The periodic table exhibit is a gateway to the world of chemistry and the elements that compose our material world.","breadcrumb":{"@id":"https:\/\/sertek.com.tr\/en\/periodic-table-exhibit\/#breadcrumb"},"inLanguage":"tr","potentialAction":[{"@type":"ReadAction","target":["https:\/\/sertek.com.tr\/en\/periodic-table-exhibit\/"]}]},{"@type":"ImageObject","inLanguage":"tr","@id":"https:\/\/sertek.com.tr\/en\/periodic-table-exhibit\/#primaryimage","url":"https:\/\/sertek.com.tr\/wp-content\/uploads\/2023\/09\/Periodic-Table.jpeg","contentUrl":"https:\/\/sertek.com.tr\/wp-content\/uploads\/2023\/09\/Periodic-Table.jpeg","width":1080,"height":770,"caption":"Periodic table exhibit"},{"@type":"BreadcrumbList","@id":"https:\/\/sertek.com.tr\/en\/periodic-table-exhibit\/#breadcrumb","itemListElement":[{"@type":"ListItem","position":1,"name":"Home","item":"https:\/\/sertek.com.tr\/"},{"@type":"ListItem","position":2,"name":"Periodic Table Exhibit"}]},{"@type":"WebSite","@id":"https:\/\/sertek.com.tr\/en\/#website","url":"https:\/\/sertek.com.tr\/en\/","name":"Sertek Exhibitions","description":"Sertek Exhibitons","publisher":{"@id":"https:\/\/sertek.com.tr\/en\/#organization"},"potentialAction":[{"@type":"SearchAction","target":{"@type":"EntryPoint","urlTemplate":"https:\/\/sertek.com.tr\/en\/?s={search_term_string}"},"query-input":{"@type":"PropertyValueSpecification","valueRequired":true,"valueName":"search_term_string"}}],"inLanguage":"tr"},{"@type":"Organization","@id":"https:\/\/sertek.com.tr\/en\/#organization","name":"Sertek Exhibitions","url":"https:\/\/sertek.com.tr\/en\/","logo":{"@type":"ImageObject","inLanguage":"tr","@id":"https:\/\/sertek.com.tr\/en\/#\/schema\/logo\/image\/","url":"https:\/\/sertek.com.tr\/wp-content\/uploads\/2023\/06\/SertekLogo-1.png","contentUrl":"https:\/\/sertek.com.tr\/wp-content\/uploads\/2023\/06\/SertekLogo-1.png","width":300,"height":49,"caption":"Sertek Exhibitions"},"image":{"@id":"https:\/\/sertek.com.tr\/en\/#\/schema\/logo\/image\/"},"sameAs":["https:\/\/www.linkedin.com\/company\/sertek-exhibitions\/"]}]}},"jetpack_sharing_enabled":true,"_links":{"self":[{"href":"https:\/\/sertek.com.tr\/tr\/wp-json\/wp\/v2\/pages\/6755","targetHints":{"allow":["GET"]}}],"collection":[{"href":"https:\/\/sertek.com.tr\/tr\/wp-json\/wp\/v2\/pages"}],"about":[{"href":"https:\/\/sertek.com.tr\/tr\/wp-json\/wp\/v2\/types\/page"}],"author":[{"embeddable":true,"href":"https:\/\/sertek.com.tr\/tr\/wp-json\/wp\/v2\/users\/1"}],"replies":[{"embeddable":true,"href":"https:\/\/sertek.com.tr\/tr\/wp-json\/wp\/v2\/comments?post=6755"}],"version-history":[{"count":9,"href":"https:\/\/sertek.com.tr\/tr\/wp-json\/wp\/v2\/pages\/6755\/revisions"}],"predecessor-version":[{"id":7202,"href":"https:\/\/sertek.com.tr\/tr\/wp-json\/wp\/v2\/pages\/6755\/revisions\/7202"}],"wp:featuredmedia":[{"embeddable":true,"href":"https:\/\/sertek.com.tr\/tr\/wp-json\/wp\/v2\/media\/6741"}],"wp:attachment":[{"href":"https:\/\/sertek.com.tr\/tr\/wp-json\/wp\/v2\/media?parent=6755"}],"curies":[{"name":"wp","href":"https:\/\/api.w.org\/{rel}","templated":true}]}}