{"id":6778,"date":"2023-09-09T11:07:14","date_gmt":"2023-09-09T11:07:14","guid":{"rendered":"https:\/\/sertek.com.tr\/?page_id=6778"},"modified":"2023-11-07T19:56:22","modified_gmt":"2023-11-07T19:56:22","slug":"hurricane-exhibit","status":"publish","type":"page","link":"https:\/\/sertek.com.tr\/tr\/kasirga-sergisi\/","title":{"rendered":"Kas\u0131rga Sergisi"},"content":{"rendered":"<div data-elementor-type=\"wp-page\" data-elementor-id=\"6778\" class=\"elementor elementor-6778\" data-elementor-settings=\"{&quot;ha_cmc_init_switcher&quot;:&quot;no&quot;}\">\n\t\t\t\t\t\t<section class=\"elementor-section elementor-top-section elementor-element elementor-element-9f5181a elementor-section-boxed elementor-section-height-default elementor-section-height-default\" data-id=\"9f5181a\" data-element_type=\"section\" data-settings=\"{&quot;_ha_eqh_enable&quot;:false}\">\n\t\t\t\t\t\t<div class=\"elementor-container elementor-column-gap-extended\">\n\t\t\t\t\t<div class=\"elementor-column elementor-col-100 elementor-top-column elementor-element elementor-element-e397ea5\" data-id=\"e397ea5\" data-element_type=\"column\">\n\t\t\t<div class=\"elementor-widget-wrap elementor-element-populated\">\n\t\t\t\t\t\t<section class=\"elementor-section elementor-inner-section elementor-element elementor-element-04ee2d9 elementor-section-full_width elementor-section-height-default elementor-section-height-default\" data-id=\"04ee2d9\" data-element_type=\"section\" data-settings=\"{&quot;background_background&quot;:&quot;classic&quot;,&quot;_ha_eqh_enable&quot;:false}\">\n\t\t\t\t\t\t<div class=\"elementor-container elementor-column-gap-wide\">\n\t\t\t\t\t<div class=\"elementor-column elementor-col-50 elementor-inner-column elementor-element elementor-element-5533d4d has-sticky-column\" data-id=\"5533d4d\" data-element_type=\"column\">\n\t\t\t<div class=\"elementor-widget-wrap elementor-element-populated\">\n\t\t\t\t\t\t<div class=\"elementor-element elementor-element-734f16e elementor-widget__width-inherit elementor-arrows-position-inside elementor-pagination-position-outside elementor-widget elementor-widget-image-carousel\" data-id=\"734f16e\" data-element_type=\"widget\" data-settings=\"{&quot;slides_to_show&quot;:&quot;1&quot;,&quot;navigation&quot;:&quot;both&quot;,&quot;autoplay&quot;:&quot;yes&quot;,&quot;pause_on_hover&quot;:&quot;yes&quot;,&quot;pause_on_interaction&quot;:&quot;yes&quot;,&quot;autoplay_speed&quot;:5000,&quot;infinite&quot;:&quot;yes&quot;,&quot;effect&quot;:&quot;slide&quot;,&quot;speed&quot;:500}\" data-widget_type=\"image-carousel.default\">\n\t\t\t\t<div class=\"elementor-widget-container\">\n\t\t\t\t\t\t\t<div class=\"elementor-image-carousel-wrapper swiper\" role=\"region\" aria-roledescription=\"carousel\" aria-label=\"Resim D\u00f6ng\u00fcs\u00fc\" dir=\"ltr\">\n\t\t\t<div class=\"elementor-image-carousel swiper-wrapper\" aria-live=\"off\">\n\t\t\t\t\t\t\t\t<div class=\"swiper-slide\" role=\"group\" aria-roledescription=\"slide\" aria-label=\"1 \/ 2\"><figure class=\"swiper-slide-inner\"><img decoding=\"async\" class=\"swiper-slide-image\" src=\"https:\/\/sertek.com.tr\/wp-content\/uploads\/elementor\/thumbs\/hurricane3-qc5kutxylhgqxav0vgymvf8j24l00b0f2jkrixad1k.jpg\" alt=\"Kas\u0131rga etkile\u015fimli\" \/><\/figure><\/div><div class=\"swiper-slide\" role=\"group\" aria-roledescription=\"slide\" aria-label=\"2 \/ 2\"><figure class=\"swiper-slide-inner\"><img decoding=\"async\" class=\"swiper-slide-image\" src=\"https:\/\/sertek.com.tr\/wp-content\/uploads\/elementor\/thumbs\/42706246_365951377311735_2418311342250947016_n-qf0x9ywa44kkoelnqo5y6cvpnfc63i823xbvt6bo94.jpg\" alt=\"kas\u0131rga sergisi\" \/><\/figure><\/div>\t\t\t<\/div>\n\t\t\t\t\t\t\t\t\t\t\t\t<div class=\"elementor-swiper-button elementor-swiper-button-prev\" role=\"button\" tabindex=\"0\">\n\t\t\t\t\t\t<i aria-hidden=\"true\" class=\"eicon-chevron-left\"><\/i>\t\t\t\t\t<\/div>\n\t\t\t\t\t<div class=\"elementor-swiper-button elementor-swiper-button-next\" role=\"button\" tabindex=\"0\">\n\t\t\t\t\t\t<i aria-hidden=\"true\" class=\"eicon-chevron-right\"><\/i>\t\t\t\t\t<\/div>\n\t\t\t\t\n\t\t\t\t\t\t\t\t\t<div class=\"swiper-pagination\"><\/div>\n\t\t\t\t\t\t\t\t\t<\/div>\n\t\t\t\t\t\t<\/div>\n\t\t\t\t<\/div>\n\t\t\t\t\t<\/div>\n\t\t<\/div>\n\t\t\t\t<div class=\"elementor-column elementor-col-50 elementor-inner-column elementor-element elementor-element-b691ff2\" data-id=\"b691ff2\" data-element_type=\"column\">\n\t\t\t<div class=\"elementor-widget-wrap elementor-element-populated\">\n\t\t\t\t\t\t<div class=\"elementor-element elementor-element-67564d4 elementor-widget elementor-widget-heading\" data-id=\"67564d4\" data-element_type=\"widget\" data-widget_type=\"heading.default\">\n\t\t\t\t<div class=\"elementor-widget-container\">\n\t\t\t\t\t<h1 class=\"elementor-heading-title elementor-size-default\">Kas\u0131rga Sergisi<\/h1>\t\t\t\t<\/div>\n\t\t\t\t<\/div>\n\t\t\t\t<div class=\"elementor-element elementor-element-fe6212b elementor-widget elementor-widget-text-editor\" data-id=\"fe6212b\" data-element_type=\"widget\" data-widget_type=\"text-editor.default\">\n\t\t\t\t<div class=\"elementor-widget-container\">\n\t\t\t\t\t\t\t\t\t<p>Kas\u0131rga sergisi bilim, teknoloji ve s\u00fcr\u00fckleyici tasar\u0131m\u0131n b\u00fcy\u00fcleyici bir kar\u0131\u015f\u0131m\u0131d\u0131r. Ziyaret\u00e7ilere, bir f\u0131rt\u0131nan\u0131n yo\u011fun r\u00fczgarlar\u0131n\u0131 yeniden yaratmak i\u00e7in dev bir fanla tamamlanan bir kas\u0131rga sim\u00fclasyon ortam\u0131na ad\u0131m atma \u015fans\u0131 sunuyor. Meteorolojik ke\u015fiflerde ortak bir macera sa\u011flayan bu kapal\u0131 alana birden fazla ziyaret\u00e7i girebilmektedir. Kas\u0131rga sergisi, kendinizi bir kas\u0131rgan\u0131n dinamiklerine kapt\u0131rmak i\u00e7in hem heyecan verici hem de e\u011fitici bir deneyim i\u00e7in e\u015fsiz bir f\u0131rsat sunuyor. Kontroll\u00fc ve g\u00fcvenli bir ortamda do\u011fan\u0131n ham g\u00fcc\u00fcne tan\u0131k olman\u0131z\u0131 sa\u011flar.<\/p>\t\t\t\t\t\t\t\t<\/div>\n\t\t\t\t<\/div>\n\t\t\t\t<div class=\"elementor-element elementor-element-11669c5 elementor-widget-divider--view-line elementor-widget elementor-widget-divider\" data-id=\"11669c5\" data-element_type=\"widget\" data-widget_type=\"divider.default\">\n\t\t\t\t<div class=\"elementor-widget-container\">\n\t\t\t\t\t\t\t<div class=\"elementor-divider\">\n\t\t\t<span class=\"elementor-divider-separator\">\n\t\t\t\t\t\t<\/span>\n\t\t<\/div>\n\t\t\t\t\t\t<\/div>\n\t\t\t\t<\/div>\n\t\t\t\t<div class=\"elementor-element elementor-element-12c22df elementor-widget elementor-widget-heading\" data-id=\"12c22df\" data-element_type=\"widget\" data-widget_type=\"heading.default\">\n\t\t\t\t<div class=\"elementor-widget-container\">\n\t\t\t\t\t<h2 class=\"elementor-heading-title elementor-size-default\">Ziyaret\u00e7i Deneyimi<\/h2>\t\t\t\t<\/div>\n\t\t\t\t<\/div>\n\t\t\t\t<div class=\"elementor-element elementor-element-2071964 elementor-widget elementor-widget-text-editor\" data-id=\"2071964\" data-element_type=\"widget\" data-widget_type=\"text-editor.default\">\n\t\t\t\t<div class=\"elementor-widget-container\">\n\t\t\t\t\t\t\t\t\t<p>Alt\u0131gen muhafazan\u0131n i\u00e7ine ad\u0131m att\u0131\u011f\u0131n\u0131zda b\u00fcy\u00fck bir heyecan ve beklenti hissedeceksiniz. Cam kap\u0131y\u0131 arkan\u0131zdan kapat\u0131n ve bir d\u00fc\u011fmeye bast\u0131\u011f\u0131n\u0131zda kas\u0131rga sim\u00fclasyonu canlan\u0131r. Dev fan k\u00fckreyerek harekete ge\u00e7iyor ve g\u00fc\u00e7l\u00fc r\u00fczgarlar ve f\u0131rt\u0131na sesleriyle sarmalan\u0131yorsunuz.<\/p><p>Muhafazan\u0131n i\u00e7indeki ve d\u0131\u015f\u0131ndaki r\u00fczgar h\u0131z\u0131 g\u00f6stergeleri, etkili olan kuvvetlerle somut bir ba\u011flant\u0131 sa\u011flar. Sadece e\u011flendiren de\u011fil ayn\u0131 zamanda e\u011fiten, kas\u0131rgalar\u0131n arkas\u0131ndaki bilime \u0131\u015f\u0131k tutan s\u00fcr\u00fckleyici bir deneyim.<\/p>\t\t\t\t\t\t\t\t<\/div>\n\t\t\t\t<\/div>\n\t\t\t\t<div class=\"elementor-element elementor-element-a005608 elementor-widget-divider--view-line elementor-widget elementor-widget-divider\" data-id=\"a005608\" data-element_type=\"widget\" data-widget_type=\"divider.default\">\n\t\t\t\t<div class=\"elementor-widget-container\">\n\t\t\t\t\t\t\t<div class=\"elementor-divider\">\n\t\t\t<span class=\"elementor-divider-separator\">\n\t\t\t\t\t\t<\/span>\n\t\t<\/div>\n\t\t\t\t\t\t<\/div>\n\t\t\t\t<\/div>\n\t\t\t\t<div class=\"elementor-element elementor-element-d73324e elementor-widget elementor-widget-heading\" data-id=\"d73324e\" data-element_type=\"widget\" data-widget_type=\"heading.default\">\n\t\t\t\t<div class=\"elementor-widget-container\">\n\t\t\t\t\t<h2 class=\"elementor-heading-title elementor-size-default\">Kas\u0131rga Sergisinin Temel \u00d6zellikleri<\/h2>\t\t\t\t<\/div>\n\t\t\t\t<\/div>\n\t\t\t\t<div class=\"elementor-element elementor-element-e0fdeb2 elementor-widget elementor-widget-text-editor\" data-id=\"e0fdeb2\" data-element_type=\"widget\" data-widget_type=\"text-editor.default\">\n\t\t\t\t<div class=\"elementor-widget-container\">\n\t\t\t\t\t\t\t\t\t<ol><li><p><strong>S\u00fcr\u00fckleyici Kas\u0131rga Sim\u00fclasyonu:<\/strong> Alt\u0131gen muhafazaya cam kap\u0131dan girin ve heyecan verici bir maceraya haz\u0131rlan\u0131n. \u0130\u00e7eri girdi\u011finizde dilerseniz oturabilece\u011finiz banklar bulacaks\u0131n\u0131z. Etkinle\u015ftir <a href=\"https:\/\/en.wikipedia.org\/wiki\/Tropical_cyclone\" target=\"_blank\" rel=\"noopener\">kas\u0131rga<\/a> Bir d\u00fc\u011fmeyi kullanarak sim\u00fclasyon yap\u0131n ve g\u00fc\u00e7l\u00fc bir f\u0131rt\u0131nan\u0131n ortas\u0131nda olma hissini ya\u015fay\u0131n.<\/p><\/li><li><p><strong>R\u00fczgar H\u0131z\u0131 G\u00f6stergesi:<\/strong> Muhafazan\u0131n hem i\u00e7inde hem de d\u0131\u015f\u0131nda r\u00fczgar h\u0131z\u0131 belirgin bir \u015fekilde g\u00f6r\u00fcnt\u00fclenir. Do\u011fan\u0131n g\u00fc\u00e7lerini serginin konforu ve g\u00fcvenli\u011fiyle kar\u015f\u0131la\u015ft\u0131r\u0131n.<\/p><\/li><li><p><strong>E\u011fitim Bilgileri:<\/strong> Kas\u0131rga bilimi, olu\u015fumu ve \u00e7evre \u00fczerindeki etkileri hakk\u0131nda de\u011ferli bilgiler edinin. Meteorolojinin \u00f6nemini ve bilim adamlar\u0131n\u0131n bu do\u011fal olaylar\u0131 nas\u0131l inceleyip tahmin etti\u011fini \u00f6\u011frenin.<\/p><\/li><li><p><strong>Payla\u015f\u0131lan Ara\u015ft\u0131rma:<\/strong> Alt\u0131gen alan, birden fazla ziyaret\u00e7inin kas\u0131rga sim\u00fclasyonunu ayn\u0131 anda deneyimlemesine olanak tan\u0131yarak ortak \u00f6\u011frenme ve ke\u015ffetme anlar\u0131n\u0131 te\u015fvik ediyor.<\/p><\/li><\/ol>\t\t\t\t\t\t\t\t<\/div>\n\t\t\t\t<\/div>\n\t\t\t\t<div class=\"elementor-element elementor-element-8c9d4f7 elementor-widget-divider--view-line elementor-widget elementor-widget-divider\" data-id=\"8c9d4f7\" data-element_type=\"widget\" data-widget_type=\"divider.default\">\n\t\t\t\t<div class=\"elementor-widget-container\">\n\t\t\t\t\t\t\t<div class=\"elementor-divider\">\n\t\t\t<span class=\"elementor-divider-separator\">\n\t\t\t\t\t\t<\/span>\n\t\t<\/div>\n\t\t\t\t\t\t<\/div>\n\t\t\t\t<\/div>\n\t\t\t\t<div class=\"elementor-element elementor-element-318de6b elementor-widget elementor-widget-heading\" data-id=\"318de6b\" data-element_type=\"widget\" data-widget_type=\"heading.default\">\n\t\t\t\t<div class=\"elementor-widget-container\">\n\t\t\t\t\t<h2 class=\"elementor-heading-title elementor-size-default\">Hedef Ya\u015f<\/h2>\t\t\t\t<\/div>\n\t\t\t\t<\/div>\n\t\t\t\t<div class=\"elementor-element elementor-element-9154765 elementor-icon-list--layout-traditional elementor-list-item-link-full_width elementor-widget elementor-widget-icon-list\" data-id=\"9154765\" data-element_type=\"widget\" data-widget_type=\"icon-list.default\">\n\t\t\t\t<div class=\"elementor-widget-container\">\n\t\t\t\t\t\t\t<ul class=\"elementor-icon-list-items\">\n\t\t\t\t\t\t\t<li class=\"elementor-icon-list-item\">\n\t\t\t\t\t\t\t\t\t\t\t<span class=\"elementor-icon-list-icon\">\n\t\t\t\t\t\t\t<i aria-hidden=\"true\" class=\"fas fa-check\"><\/i>\t\t\t\t\t\t<\/span>\n\t\t\t\t\t\t\t\t\t\t<span class=\"elementor-icon-list-text\">Her ya\u015ftan.<\/span>\n\t\t\t\t\t\t\t\t\t<\/li>\n\t\t\t\t\t\t<\/ul>\n\t\t\t\t\t\t<\/div>\n\t\t\t\t<\/div>\n\t\t\t\t<div class=\"elementor-element elementor-element-1c42117 elementor-widget-divider--view-line elementor-widget elementor-widget-divider\" data-id=\"1c42117\" data-element_type=\"widget\" data-widget_type=\"divider.default\">\n\t\t\t\t<div class=\"elementor-widget-container\">\n\t\t\t\t\t\t\t<div class=\"elementor-divider\">\n\t\t\t<span class=\"elementor-divider-separator\">\n\t\t\t\t\t\t<\/span>\n\t\t<\/div>\n\t\t\t\t\t\t<\/div>\n\t\t\t\t<\/div>\n\t\t\t\t<div class=\"elementor-element elementor-element-9a1ad82 elementor-widget elementor-widget-heading\" data-id=\"9a1ad82\" data-element_type=\"widget\" data-widget_type=\"heading.default\">\n\t\t\t\t<div class=\"elementor-widget-container\">\n\t\t\t\t\t<h2 class=\"elementor-heading-title elementor-size-default\">Uygulanabilir Temalar<\/h2>\t\t\t\t<\/div>\n\t\t\t\t<\/div>\n\t\t\t\t<div class=\"elementor-element elementor-element-ad5716e elementor-icon-list--layout-traditional elementor-list-item-link-full_width elementor-widget elementor-widget-icon-list\" data-id=\"ad5716e\" data-element_type=\"widget\" data-widget_type=\"icon-list.default\">\n\t\t\t\t<div class=\"elementor-widget-container\">\n\t\t\t\t\t\t\t<ul class=\"elementor-icon-list-items\">\n\t\t\t\t\t\t\t<li class=\"elementor-icon-list-item\">\n\t\t\t\t\t\t\t\t\t\t\t<a href=\"https:\/\/sertek.com.tr\/tr\/doga-temali-sergiler\/\">\n\n\t\t\t\t\t\t\t\t\t\t\t\t<span class=\"elementor-icon-list-icon\">\n\t\t\t\t\t\t\t<i aria-hidden=\"true\" class=\"fab fa-envira\"><\/i>\t\t\t\t\t\t<\/span>\n\t\t\t\t\t\t\t\t\t\t<span class=\"elementor-icon-list-text\">Do\u011fa<\/span>\n\t\t\t\t\t\t\t\t\t\t\t<\/a>\n\t\t\t\t\t\t\t\t\t<\/li>\n\t\t\t\t\t\t<\/ul>\n\t\t\t\t\t\t<\/div>\n\t\t\t\t<\/div>\n\t\t\t\t\t<\/div>\n\t\t<\/div>\n\t\t\t\t\t<\/div>\n\t\t<\/section>\n\t\t\t\t<div class=\"elementor-element elementor-element-b458126 elementor-widget elementor-widget-spacer\" data-id=\"b458126\" data-element_type=\"widget\" data-widget_type=\"spacer.default\">\n\t\t\t\t<div class=\"elementor-widget-container\">\n\t\t\t\t\t\t\t<div class=\"elementor-spacer\">\n\t\t\t<div class=\"elementor-spacer-inner\"><\/div>\n\t\t<\/div>\n\t\t\t\t\t\t<\/div>\n\t\t\t\t<\/div>\n\t\t\t\t\t<\/div>\n\t\t<\/div>\n\t\t\t\t\t<\/div>\n\t\t<\/section>\n\t\t\t\t<\/div>","protected":false},"excerpt":{"rendered":"<p>Kas\u0131rga Sergisi Kas\u0131rga sergisi, bilim, teknoloji ve s\u00fcr\u00fckleyici tasar\u0131m\u0131n b\u00fcy\u00fcleyici bir kar\u0131\u015f\u0131m\u0131d\u0131r. Ziyaret\u00e7ilere bir [\u2026]<\/p>","protected":false},"author":1,"featured_media":7256,"parent":0,"menu_order":0,"comment_status":"closed","ping_status":"closed","template":"page-custom.php","meta":{"om_disable_all_campaigns":false,"_monsterinsights_skip_tracking":false,"_monsterinsights_sitenote_active":false,"_monsterinsights_sitenote_note":"","_monsterinsights_sitenote_category":0,"_uf_show_specific_survey":0,"_uf_disable_surveys":false,"footnotes":""},"class_list":["post-6778","page","type-page","status-publish","has-post-thumbnail","hentry"],"acf":{"full_width":false,"header_transparent":false,"header_white":false},"aioseo_notices":[],"yoast_head":"<!-- This site is optimized with the Yoast SEO plugin v26.9 - https:\/\/yoast.com\/product\/yoast-seo-wordpress\/ -->\n<title>Hurricane Exhibit - Sertek Exhibitions<\/title>\n<meta name=\"description\" content=\"Hurricane exhibit offers a unique opportunity to immerse yourself in the dynamics of a hurricane, a thrilling and educational. experience.\" \/>\n<meta name=\"robots\" content=\"index, follow, max-snippet:-1, max-image-preview:large, max-video-preview:-1\" \/>\n<link rel=\"canonical\" href=\"https:\/\/sertek.com.tr\/tr\/kasirga-sergisi\/\" \/>\n<meta property=\"og:locale\" content=\"tr_TR\" \/>\n<meta property=\"og:type\" content=\"article\" \/>\n<meta property=\"og:title\" content=\"Hurricane Exhibit - Sertek Exhibitions\" \/>\n<meta property=\"og:description\" content=\"Hurricane exhibit offers a unique opportunity to immerse yourself in the dynamics of a hurricane, a thrilling and educational. experience.\" \/>\n<meta property=\"og:url\" content=\"https:\/\/sertek.com.tr\/tr\/kasirga-sergisi\/\" \/>\n<meta property=\"og:site_name\" content=\"Sertek Exhibitions\" \/>\n<meta property=\"article:modified_time\" content=\"2023-11-07T19:56:22+00:00\" \/>\n<meta property=\"og:image\" content=\"https:\/\/sertek.com.tr\/wp-content\/uploads\/2023\/11\/42706246_365951377311735_2418311342250947016_n.jpg\" \/>\n\t<meta property=\"og:image:width\" content=\"1080\" \/>\n\t<meta property=\"og:image:height\" content=\"1079\" \/>\n\t<meta property=\"og:image:type\" content=\"image\/jpeg\" \/>\n<meta name=\"twitter:card\" content=\"summary_large_image\" \/>\n<meta name=\"twitter:label1\" content=\"Tahmini okuma s\u00fcresi\" \/>\n\t<meta name=\"twitter:data1\" content=\"3 dakika\" \/>\n<script type=\"application\/ld+json\" class=\"yoast-schema-graph\">{\"@context\":\"https:\/\/schema.org\",\"@graph\":[{\"@type\":\"WebPage\",\"@id\":\"https:\/\/sertek.com.tr\/hurricane-exhibit\/\",\"url\":\"https:\/\/sertek.com.tr\/hurricane-exhibit\/\",\"name\":\"Hurricane Exhibit - Sertek Exhibitions\",\"isPartOf\":{\"@id\":\"https:\/\/sertek.com.tr\/en\/#website\"},\"primaryImageOfPage\":{\"@id\":\"https:\/\/sertek.com.tr\/hurricane-exhibit\/#primaryimage\"},\"image\":{\"@id\":\"https:\/\/sertek.com.tr\/hurricane-exhibit\/#primaryimage\"},\"thumbnailUrl\":\"https:\/\/sertek.com.tr\/wp-content\/uploads\/2023\/11\/42706246_365951377311735_2418311342250947016_n.jpg\",\"datePublished\":\"2023-09-09T11:07:14+00:00\",\"dateModified\":\"2023-11-07T19:56:22+00:00\",\"description\":\"Hurricane exhibit offers a unique opportunity to immerse yourself in the dynamics of a hurricane, a thrilling and educational. experience.\",\"breadcrumb\":{\"@id\":\"https:\/\/sertek.com.tr\/hurricane-exhibit\/#breadcrumb\"},\"inLanguage\":\"tr\",\"potentialAction\":[{\"@type\":\"ReadAction\",\"target\":[\"https:\/\/sertek.com.tr\/hurricane-exhibit\/\"]}]},{\"@type\":\"ImageObject\",\"inLanguage\":\"tr\",\"@id\":\"https:\/\/sertek.com.tr\/hurricane-exhibit\/#primaryimage\",\"url\":\"https:\/\/sertek.com.tr\/wp-content\/uploads\/2023\/11\/42706246_365951377311735_2418311342250947016_n.jpg\",\"contentUrl\":\"https:\/\/sertek.com.tr\/wp-content\/uploads\/2023\/11\/42706246_365951377311735_2418311342250947016_n.jpg\",\"width\":1080,\"height\":1079,\"caption\":\"hurricane exhibit\"},{\"@type\":\"BreadcrumbList\",\"@id\":\"https:\/\/sertek.com.tr\/hurricane-exhibit\/#breadcrumb\",\"itemListElement\":[{\"@type\":\"ListItem\",\"position\":1,\"name\":\"Home\",\"item\":\"https:\/\/sertek.com.tr\/\"},{\"@type\":\"ListItem\",\"position\":2,\"name\":\"Hurricane Exhibit\"}]},{\"@type\":\"WebSite\",\"@id\":\"https:\/\/sertek.com.tr\/en\/#website\",\"url\":\"https:\/\/sertek.com.tr\/en\/\",\"name\":\"Sertek Exhibitions\",\"description\":\"Sertek Exhibitons\",\"publisher\":{\"@id\":\"https:\/\/sertek.com.tr\/en\/#organization\"},\"potentialAction\":[{\"@type\":\"SearchAction\",\"target\":{\"@type\":\"EntryPoint\",\"urlTemplate\":\"https:\/\/sertek.com.tr\/en\/?s={search_term_string}\"},\"query-input\":{\"@type\":\"PropertyValueSpecification\",\"valueRequired\":true,\"valueName\":\"search_term_string\"}}],\"inLanguage\":\"tr\"},{\"@type\":\"Organization\",\"@id\":\"https:\/\/sertek.com.tr\/en\/#organization\",\"name\":\"Sertek Exhibitions\",\"url\":\"https:\/\/sertek.com.tr\/en\/\",\"logo\":{\"@type\":\"ImageObject\",\"inLanguage\":\"tr\",\"@id\":\"https:\/\/sertek.com.tr\/en\/#\/schema\/logo\/image\/\",\"url\":\"https:\/\/sertek.com.tr\/wp-content\/uploads\/2023\/06\/SertekLogo-1.png\",\"contentUrl\":\"https:\/\/sertek.com.tr\/wp-content\/uploads\/2023\/06\/SertekLogo-1.png\",\"width\":300,\"height\":49,\"caption\":\"Sertek Exhibitions\"},\"image\":{\"@id\":\"https:\/\/sertek.com.tr\/en\/#\/schema\/logo\/image\/\"},\"sameAs\":[\"https:\/\/www.linkedin.com\/company\/sertek-exhibitions\/\"]}]}<\/script>\n<!-- \/ Yoast SEO plugin. -->","yoast_head_json":{"title":"Hurricane Exhibit - Sertek Exhibitions","description":"Hurricane exhibit offers a unique opportunity to immerse yourself in the dynamics of a hurricane, a thrilling and educational. experience.","robots":{"index":"index","follow":"follow","max-snippet":"max-snippet:-1","max-image-preview":"max-image-preview:large","max-video-preview":"max-video-preview:-1"},"canonical":"https:\/\/sertek.com.tr\/tr\/kasirga-sergisi\/","og_locale":"tr_TR","og_type":"article","og_title":"Hurricane Exhibit - Sertek Exhibitions","og_description":"Hurricane exhibit offers a unique opportunity to immerse yourself in the dynamics of a hurricane, a thrilling and educational. experience.","og_url":"https:\/\/sertek.com.tr\/tr\/kasirga-sergisi\/","og_site_name":"Sertek Exhibitions","article_modified_time":"2023-11-07T19:56:22+00:00","og_image":[{"width":1080,"height":1079,"url":"https:\/\/sertek.com.tr\/wp-content\/uploads\/2023\/11\/42706246_365951377311735_2418311342250947016_n.jpg","type":"image\/jpeg"}],"twitter_card":"summary_large_image","twitter_misc":{"Tahmini okuma s\u00fcresi":"3 dakika"},"schema":{"@context":"https:\/\/schema.org","@graph":[{"@type":"WebPage","@id":"https:\/\/sertek.com.tr\/hurricane-exhibit\/","url":"https:\/\/sertek.com.tr\/hurricane-exhibit\/","name":"Hurricane Exhibit - Sertek Exhibitions","isPartOf":{"@id":"https:\/\/sertek.com.tr\/en\/#website"},"primaryImageOfPage":{"@id":"https:\/\/sertek.com.tr\/hurricane-exhibit\/#primaryimage"},"image":{"@id":"https:\/\/sertek.com.tr\/hurricane-exhibit\/#primaryimage"},"thumbnailUrl":"https:\/\/sertek.com.tr\/wp-content\/uploads\/2023\/11\/42706246_365951377311735_2418311342250947016_n.jpg","datePublished":"2023-09-09T11:07:14+00:00","dateModified":"2023-11-07T19:56:22+00:00","description":"Hurricane exhibit offers a unique opportunity to immerse yourself in the dynamics of a hurricane, a thrilling and educational. experience.","breadcrumb":{"@id":"https:\/\/sertek.com.tr\/hurricane-exhibit\/#breadcrumb"},"inLanguage":"tr","potentialAction":[{"@type":"ReadAction","target":["https:\/\/sertek.com.tr\/hurricane-exhibit\/"]}]},{"@type":"ImageObject","inLanguage":"tr","@id":"https:\/\/sertek.com.tr\/hurricane-exhibit\/#primaryimage","url":"https:\/\/sertek.com.tr\/wp-content\/uploads\/2023\/11\/42706246_365951377311735_2418311342250947016_n.jpg","contentUrl":"https:\/\/sertek.com.tr\/wp-content\/uploads\/2023\/11\/42706246_365951377311735_2418311342250947016_n.jpg","width":1080,"height":1079,"caption":"hurricane exhibit"},{"@type":"BreadcrumbList","@id":"https:\/\/sertek.com.tr\/hurricane-exhibit\/#breadcrumb","itemListElement":[{"@type":"ListItem","position":1,"name":"Home","item":"https:\/\/sertek.com.tr\/"},{"@type":"ListItem","position":2,"name":"Hurricane Exhibit"}]},{"@type":"WebSite","@id":"https:\/\/sertek.com.tr\/en\/#website","url":"https:\/\/sertek.com.tr\/en\/","name":"Sertek Exhibitions","description":"Sertek Exhibitons","publisher":{"@id":"https:\/\/sertek.com.tr\/en\/#organization"},"potentialAction":[{"@type":"SearchAction","target":{"@type":"EntryPoint","urlTemplate":"https:\/\/sertek.com.tr\/en\/?s={search_term_string}"},"query-input":{"@type":"PropertyValueSpecification","valueRequired":true,"valueName":"search_term_string"}}],"inLanguage":"tr"},{"@type":"Organization","@id":"https:\/\/sertek.com.tr\/en\/#organization","name":"Sertek Exhibitions","url":"https:\/\/sertek.com.tr\/en\/","logo":{"@type":"ImageObject","inLanguage":"tr","@id":"https:\/\/sertek.com.tr\/en\/#\/schema\/logo\/image\/","url":"https:\/\/sertek.com.tr\/wp-content\/uploads\/2023\/06\/SertekLogo-1.png","contentUrl":"https:\/\/sertek.com.tr\/wp-content\/uploads\/2023\/06\/SertekLogo-1.png","width":300,"height":49,"caption":"Sertek Exhibitions"},"image":{"@id":"https:\/\/sertek.com.tr\/en\/#\/schema\/logo\/image\/"},"sameAs":["https:\/\/www.linkedin.com\/company\/sertek-exhibitions\/"]}]}},"jetpack_sharing_enabled":true,"_links":{"self":[{"href":"https:\/\/sertek.com.tr\/tr\/wp-json\/wp\/v2\/pages\/6778","targetHints":{"allow":["GET"]}}],"collection":[{"href":"https:\/\/sertek.com.tr\/tr\/wp-json\/wp\/v2\/pages"}],"about":[{"href":"https:\/\/sertek.com.tr\/tr\/wp-json\/wp\/v2\/types\/page"}],"author":[{"embeddable":true,"href":"https:\/\/sertek.com.tr\/tr\/wp-json\/wp\/v2\/users\/1"}],"replies":[{"embeddable":true,"href":"https:\/\/sertek.com.tr\/tr\/wp-json\/wp\/v2\/comments?post=6778"}],"version-history":[{"count":10,"href":"https:\/\/sertek.com.tr\/tr\/wp-json\/wp\/v2\/pages\/6778\/revisions"}],"predecessor-version":[{"id":7259,"href":"https:\/\/sertek.com.tr\/tr\/wp-json\/wp\/v2\/pages\/6778\/revisions\/7259"}],"wp:featuredmedia":[{"embeddable":true,"href":"https:\/\/sertek.com.tr\/tr\/wp-json\/wp\/v2\/media\/7256"}],"wp:attachment":[{"href":"https:\/\/sertek.com.tr\/tr\/wp-json\/wp\/v2\/media?parent=6778"}],"curies":[{"name":"wp","href":"https:\/\/api.w.org\/{rel}","templated":true}]}}