{"id":6806,"date":"2023-09-09T12:51:38","date_gmt":"2023-09-09T12:51:38","guid":{"rendered":"https:\/\/sertek.com.tr\/?page_id=6806"},"modified":"2023-09-09T12:59:29","modified_gmt":"2023-09-09T12:59:29","slug":"volcano-exhibit","status":"publish","type":"page","link":"https:\/\/sertek.com.tr\/tr\/yanardag-sergisi\/","title":{"rendered":"Volkan Sergisi"},"content":{"rendered":"<div data-elementor-type=\"wp-page\" data-elementor-id=\"6806\" class=\"elementor elementor-6806\" data-elementor-settings=\"{&quot;ha_cmc_init_switcher&quot;:&quot;no&quot;}\">\n\t\t\t\t\t\t<section class=\"elementor-section elementor-top-section elementor-element elementor-element-9f5181a elementor-section-boxed elementor-section-height-default elementor-section-height-default\" data-id=\"9f5181a\" data-element_type=\"section\" data-settings=\"{&quot;_ha_eqh_enable&quot;:false}\">\n\t\t\t\t\t\t<div class=\"elementor-container elementor-column-gap-extended\">\n\t\t\t\t\t<div class=\"elementor-column elementor-col-100 elementor-top-column elementor-element elementor-element-e397ea5\" data-id=\"e397ea5\" data-element_type=\"column\">\n\t\t\t<div class=\"elementor-widget-wrap elementor-element-populated\">\n\t\t\t\t\t\t<section class=\"elementor-section elementor-inner-section elementor-element elementor-element-cbcf2e5 elementor-section-full_width elementor-section-height-default elementor-section-height-default\" data-id=\"cbcf2e5\" data-element_type=\"section\" data-settings=\"{&quot;background_background&quot;:&quot;classic&quot;,&quot;_ha_eqh_enable&quot;:false}\">\n\t\t\t\t\t\t<div class=\"elementor-container elementor-column-gap-wide\">\n\t\t\t\t\t<div class=\"elementor-column elementor-col-50 elementor-inner-column elementor-element elementor-element-ded6129 has-sticky-column\" data-id=\"ded6129\" data-element_type=\"column\">\n\t\t\t<div class=\"elementor-widget-wrap elementor-element-populated\">\n\t\t\t\t\t\t<div class=\"elementor-element elementor-element-0ad2a27 elementor-widget__width-inherit elementor-arrows-position-inside elementor-pagination-position-outside elementor-widget elementor-widget-image-carousel\" data-id=\"0ad2a27\" data-element_type=\"widget\" data-settings=\"{&quot;slides_to_show&quot;:&quot;1&quot;,&quot;navigation&quot;:&quot;both&quot;,&quot;autoplay&quot;:&quot;yes&quot;,&quot;pause_on_hover&quot;:&quot;yes&quot;,&quot;pause_on_interaction&quot;:&quot;yes&quot;,&quot;autoplay_speed&quot;:5000,&quot;infinite&quot;:&quot;yes&quot;,&quot;effect&quot;:&quot;slide&quot;,&quot;speed&quot;:500}\" data-widget_type=\"image-carousel.default\">\n\t\t\t\t<div class=\"elementor-widget-container\">\n\t\t\t\t\t\t\t<div class=\"elementor-image-carousel-wrapper swiper\" role=\"region\" aria-roledescription=\"carousel\" aria-label=\"Resim D\u00f6ng\u00fcs\u00fc\" dir=\"ltr\">\n\t\t\t<div class=\"elementor-image-carousel swiper-wrapper\" aria-live=\"off\">\n\t\t\t\t\t\t\t\t<div class=\"swiper-slide\" role=\"group\" aria-roledescription=\"slide\" aria-label=\"1 \/ 1\"><figure class=\"swiper-slide-inner\"><img decoding=\"async\" class=\"swiper-slide-image\" src=\"https:\/\/sertek.com.tr\/wp-content\/uploads\/elementor\/thumbs\/volcano-qc5irlwxnshnsq4l4gegtwljn1cj0bdqe82vwqtkzs.jpg\" alt=\"Volkan Sergisi\" \/><\/figure><\/div>\t\t\t<\/div>\n\t\t\t\t\t<\/div>\n\t\t\t\t\t\t<\/div>\n\t\t\t\t<\/div>\n\t\t\t\t\t<\/div>\n\t\t<\/div>\n\t\t\t\t<div class=\"elementor-column elementor-col-50 elementor-inner-column elementor-element elementor-element-224a038\" data-id=\"224a038\" data-element_type=\"column\">\n\t\t\t<div class=\"elementor-widget-wrap elementor-element-populated\">\n\t\t\t\t\t\t<div class=\"elementor-element elementor-element-e600e19 elementor-widget elementor-widget-heading\" data-id=\"e600e19\" data-element_type=\"widget\" data-widget_type=\"heading.default\">\n\t\t\t\t<div class=\"elementor-widget-container\">\n\t\t\t\t\t<h1 class=\"elementor-heading-title elementor-size-default\">Volkan Sergisi<\/h1>\t\t\t\t<\/div>\n\t\t\t\t<\/div>\n\t\t\t\t<div class=\"elementor-element elementor-element-74fff9e elementor-widget elementor-widget-text-editor\" data-id=\"74fff9e\" data-element_type=\"widget\" data-widget_type=\"text-editor.default\">\n\t\t\t\t<div class=\"elementor-widget-container\">\n\t\t\t\t\t\t\t\t\t<p>Volkan sergisi bilim, e\u011fitim ve duyusal ke\u015fiflerin b\u00fcy\u00fcleyici bir kar\u0131\u015f\u0131m\u0131d\u0131r. Ziyaret\u00e7iler, yer kabu\u011funun katmanlar\u0131n\u0131 benzer \u015fekilde temsil eden kaya par\u00e7alar\u0131yla ilgileniyor. Bir yanarda\u011f modelini harekete ge\u00e7irmek i\u00e7in kulplar\u0131 kullanarak gezegenimizi \u015fekillendiren jeolojik kuvvetleri derinlemesine ara\u015ft\u0131rabilirler. Bu etkile\u015fimli deneyim, volkanik bir patlamay\u0131 sim\u00fcle etmek i\u00e7in \u0131\u015f\u0131k, duman ve s\u0131v\u0131 efektlerinin \u00e7arp\u0131c\u0131 bir kombinasyonunu i\u00e7erir. Volkan sergisi, D\u00fcnyan\u0131n i\u00e7 i\u015fleyi\u015fini ke\u015ffetmek ve volkanik patlamalar\u0131n dramatik g\u00fcc\u00fcn\u00fc deneyimlemek i\u00e7in b\u00fcy\u00fcleyici bir f\u0131rsat sunuyor. E\u011fitimi duyusal etkile\u015fimle birle\u015ftiren s\u00fcr\u00fckleyici bir macerad\u0131r.<\/p>\t\t\t\t\t\t\t\t<\/div>\n\t\t\t\t<\/div>\n\t\t\t\t<div class=\"elementor-element elementor-element-edc62bf elementor-widget-divider--view-line elementor-widget elementor-widget-divider\" data-id=\"edc62bf\" data-element_type=\"widget\" data-widget_type=\"divider.default\">\n\t\t\t\t<div class=\"elementor-widget-container\">\n\t\t\t\t\t\t\t<div class=\"elementor-divider\">\n\t\t\t<span class=\"elementor-divider-separator\">\n\t\t\t\t\t\t<\/span>\n\t\t<\/div>\n\t\t\t\t\t\t<\/div>\n\t\t\t\t<\/div>\n\t\t\t\t<div class=\"elementor-element elementor-element-f343f4d elementor-widget elementor-widget-heading\" data-id=\"f343f4d\" data-element_type=\"widget\" data-widget_type=\"heading.default\">\n\t\t\t\t<div class=\"elementor-widget-container\">\n\t\t\t\t\t<h2 class=\"elementor-heading-title elementor-size-default\">Ziyaret\u00e7i Deneyimi<\/h2>\t\t\t\t<\/div>\n\t\t\t\t<\/div>\n\t\t\t\t<div class=\"elementor-element elementor-element-c4ef7fb elementor-widget elementor-widget-text-editor\" data-id=\"c4ef7fb\" data-element_type=\"widget\" data-widget_type=\"text-editor.default\">\n\t\t\t\t<div class=\"elementor-widget-container\">\n\t\t\t\t\t\t\t\t\t<p>Volkan sergisine yakla\u015ft\u0131\u011f\u0131n\u0131zda, yer kabu\u011funu temsil eden kaya katmanlar\u0131n\u0131n b\u00fcy\u00fcs\u00fcne kap\u0131lacaks\u0131n\u0131z. Jeolojik olu\u015fumlar\u0131 hareket ettirirken a\u011f\u0131rl\u0131\u011f\u0131n\u0131 ve dokusunu hissedin. Volkan modelini kulplarla etkinle\u015ftirin ve e\u015fi benzeri olmayan bir patlamaya haz\u0131r olun.<\/p><p>Serginin bir \u0131\u015f\u0131k patlamas\u0131, d\u00f6nen duman ve volkanik bir patlaman\u0131n patlay\u0131c\u0131 g\u00fcc\u00fcn\u00fc taklit eden s\u0131v\u0131 efektleriyle canlanmas\u0131na tan\u0131k olun. Bu inan\u0131lmaz jeolojik olaylar\u0131n ard\u0131ndaki bilimi ke\u015ffetmenize olanak tan\u0131yan, hayranl\u0131k uyand\u0131ran ve e\u011fitici bir deneyim.<\/p>\t\t\t\t\t\t\t\t<\/div>\n\t\t\t\t<\/div>\n\t\t\t\t<div class=\"elementor-element elementor-element-a088db2 elementor-widget-divider--view-line elementor-widget elementor-widget-divider\" data-id=\"a088db2\" data-element_type=\"widget\" data-widget_type=\"divider.default\">\n\t\t\t\t<div class=\"elementor-widget-container\">\n\t\t\t\t\t\t\t<div class=\"elementor-divider\">\n\t\t\t<span class=\"elementor-divider-separator\">\n\t\t\t\t\t\t<\/span>\n\t\t<\/div>\n\t\t\t\t\t\t<\/div>\n\t\t\t\t<\/div>\n\t\t\t\t<div class=\"elementor-element elementor-element-9bc289f elementor-widget elementor-widget-heading\" data-id=\"9bc289f\" data-element_type=\"widget\" data-widget_type=\"heading.default\">\n\t\t\t\t<div class=\"elementor-widget-container\">\n\t\t\t\t\t<h2 class=\"elementor-heading-title elementor-size-default\">Art Machine&#039;den \u00d6\u011frenilen Dersler<\/h2>\t\t\t\t<\/div>\n\t\t\t\t<\/div>\n\t\t\t\t<div class=\"elementor-element elementor-element-3cf25e0 elementor-widget elementor-widget-text-editor\" data-id=\"3cf25e0\" data-element_type=\"widget\" data-widget_type=\"text-editor.default\">\n\t\t\t\t<div class=\"elementor-widget-container\">\n\t\t\t\t\t\t\t\t\t<ol><li><a href=\"https:\/\/en.wikipedia.org\/wiki\/Internal_structure_of_Earth\" target=\"_blank\" rel=\"noopener\"><strong>D\u00fcnyan\u0131n Katmanlar\u0131:<\/strong><\/a> Yer kabu\u011funun katmanlar\u0131n\u0131 taklit eden kaya par\u00e7alar\u0131n\u0131 i\u015fleyin. Yanarda\u011f sergisinde, parmaklar\u0131n\u0131z\u0131n alt\u0131ndaki jeolojik kompozisyonu ke\u015ffederken dokular\u0131 ve derinlikleri hissedin.<\/li><li><strong>Volkanik p\u00fcsk\u00fcrme:<\/strong> Tutama\u00e7lar\u0131 kullanarak sergide volkanik bir patlamay\u0131 tetikleyin. Volkanik bir patlaman\u0131n patlay\u0131c\u0131 g\u00fcc\u00fcn\u00fc sim\u00fcle eden \u0131\u015f\u0131k, duman ve s\u0131v\u0131 efektleriyle tamamlanan model yanarda\u011f canlan\u0131rken nefes kesen manzaray\u0131 deneyimleyin.<\/li><li><strong>E\u011fitim Bilgileri:<\/strong> D\u00fcnyan\u0131n jeolojisi, volkanlar\u0131n olu\u015fumu ve volkanik patlamalara yol a\u00e7an s\u00fcre\u00e7ler hakk\u0131nda daha derin bir anlay\u0131\u015f kazan\u0131n. Volkanlar\u0131n gezegenimizin manzaralar\u0131n\u0131 \u015fekillendirmedeki \u00f6nemini \u00f6\u011frenin.<\/li><li style=\"list-style-type: none;\">\u00a0<\/li><\/ol>\t\t\t\t\t\t\t\t<\/div>\n\t\t\t\t<\/div>\n\t\t\t\t<div class=\"elementor-element elementor-element-8d3f585 elementor-widget-divider--view-line elementor-widget elementor-widget-divider\" data-id=\"8d3f585\" data-element_type=\"widget\" data-widget_type=\"divider.default\">\n\t\t\t\t<div class=\"elementor-widget-container\">\n\t\t\t\t\t\t\t<div class=\"elementor-divider\">\n\t\t\t<span class=\"elementor-divider-separator\">\n\t\t\t\t\t\t<\/span>\n\t\t<\/div>\n\t\t\t\t\t\t<\/div>\n\t\t\t\t<\/div>\n\t\t\t\t<div class=\"elementor-element elementor-element-1d541f5 elementor-widget elementor-widget-heading\" data-id=\"1d541f5\" data-element_type=\"widget\" data-widget_type=\"heading.default\">\n\t\t\t\t<div class=\"elementor-widget-container\">\n\t\t\t\t\t<h2 class=\"elementor-heading-title elementor-size-default\">Hedef Ya\u015f<\/h2>\t\t\t\t<\/div>\n\t\t\t\t<\/div>\n\t\t\t\t<div class=\"elementor-element elementor-element-ff80ded elementor-icon-list--layout-traditional elementor-list-item-link-full_width elementor-widget elementor-widget-icon-list\" data-id=\"ff80ded\" data-element_type=\"widget\" data-widget_type=\"icon-list.default\">\n\t\t\t\t<div class=\"elementor-widget-container\">\n\t\t\t\t\t\t\t<ul class=\"elementor-icon-list-items\">\n\t\t\t\t\t\t\t<li class=\"elementor-icon-list-item\">\n\t\t\t\t\t\t\t\t\t\t\t<span class=\"elementor-icon-list-icon\">\n\t\t\t\t\t\t\t<i aria-hidden=\"true\" class=\"fas fa-check\"><\/i>\t\t\t\t\t\t<\/span>\n\t\t\t\t\t\t\t\t\t\t<span class=\"elementor-icon-list-text\">Her ya\u015ftan<\/span>\n\t\t\t\t\t\t\t\t\t<\/li>\n\t\t\t\t\t\t<\/ul>\n\t\t\t\t\t\t<\/div>\n\t\t\t\t<\/div>\n\t\t\t\t<div class=\"elementor-element elementor-element-1ee24ff elementor-widget-divider--view-line elementor-widget elementor-widget-divider\" data-id=\"1ee24ff\" data-element_type=\"widget\" data-widget_type=\"divider.default\">\n\t\t\t\t<div class=\"elementor-widget-container\">\n\t\t\t\t\t\t\t<div class=\"elementor-divider\">\n\t\t\t<span class=\"elementor-divider-separator\">\n\t\t\t\t\t\t<\/span>\n\t\t<\/div>\n\t\t\t\t\t\t<\/div>\n\t\t\t\t<\/div>\n\t\t\t\t<div class=\"elementor-element elementor-element-9d91a2f elementor-widget elementor-widget-heading\" data-id=\"9d91a2f\" data-element_type=\"widget\" data-widget_type=\"heading.default\">\n\t\t\t\t<div class=\"elementor-widget-container\">\n\t\t\t\t\t<h2 class=\"elementor-heading-title elementor-size-default\">Uygulanabilir Temalar<\/h2>\t\t\t\t<\/div>\n\t\t\t\t<\/div>\n\t\t\t\t<div class=\"elementor-element elementor-element-16120bd elementor-icon-list--layout-traditional elementor-list-item-link-full_width elementor-widget elementor-widget-icon-list\" data-id=\"16120bd\" data-element_type=\"widget\" data-widget_type=\"icon-list.default\">\n\t\t\t\t<div class=\"elementor-widget-container\">\n\t\t\t\t\t\t\t<ul class=\"elementor-icon-list-items\">\n\t\t\t\t\t\t\t<li class=\"elementor-icon-list-item\">\n\t\t\t\t\t\t\t\t\t\t\t<a href=\"https:\/\/sertek.com.tr\/tr\/sanat-temali-sergiler\/\">\n\n\t\t\t\t\t\t\t\t\t\t\t\t<span class=\"elementor-icon-list-icon\">\n\t\t\t\t\t\t\t<i aria-hidden=\"true\" class=\"fab fa-envira\"><\/i>\t\t\t\t\t\t<\/span>\n\t\t\t\t\t\t\t\t\t\t<span class=\"elementor-icon-list-text\">Do\u011fa<\/span>\n\t\t\t\t\t\t\t\t\t\t\t<\/a>\n\t\t\t\t\t\t\t\t\t<\/li>\n\t\t\t\t\t\t<\/ul>\n\t\t\t\t\t\t<\/div>\n\t\t\t\t<\/div>\n\t\t\t\t\t<\/div>\n\t\t<\/div>\n\t\t\t\t\t<\/div>\n\t\t<\/section>\n\t\t\t\t<div class=\"elementor-element elementor-element-b458126 elementor-widget elementor-widget-spacer\" data-id=\"b458126\" data-element_type=\"widget\" data-widget_type=\"spacer.default\">\n\t\t\t\t<div class=\"elementor-widget-container\">\n\t\t\t\t\t\t\t<div class=\"elementor-spacer\">\n\t\t\t<div class=\"elementor-spacer-inner\"><\/div>\n\t\t<\/div>\n\t\t\t\t\t\t<\/div>\n\t\t\t\t<\/div>\n\t\t\t\t\t<\/div>\n\t\t<\/div>\n\t\t\t\t\t<\/div>\n\t\t<\/section>\n\t\t\t\t<\/div>","protected":false},"excerpt":{"rendered":"<p>Volkan Sergisi Volkan sergisi, bilim, e\u011fitim ve duyusal ke\u015ffin b\u00fcy\u00fcleyici bir kar\u0131\u015f\u0131m\u0131d\u0131r. Ziyaret\u00e7iler, benzer \u015fekilde [\u2026] temsil eden kaya par\u00e7alar\u0131yla etkile\u015fime girerler.<\/p>","protected":false},"author":1,"featured_media":6747,"parent":0,"menu_order":0,"comment_status":"closed","ping_status":"closed","template":"page-custom.php","meta":{"om_disable_all_campaigns":false,"_monsterinsights_skip_tracking":false,"_monsterinsights_sitenote_active":false,"_monsterinsights_sitenote_note":"","_monsterinsights_sitenote_category":0,"_uf_show_specific_survey":0,"_uf_disable_surveys":false,"footnotes":""},"class_list":["post-6806","page","type-page","status-publish","has-post-thumbnail","hentry"],"acf":{"full_width":false,"header_transparent":false,"header_white":false},"aioseo_notices":[],"yoast_head":"<!-- This site is optimized with the Yoast SEO plugin v26.9 - https:\/\/yoast.com\/product\/yoast-seo-wordpress\/ -->\n<title>Volcano Exhibit - Sertek Exhibitions<\/title>\n<meta name=\"description\" content=\"Volcano exhibit offers a captivating opportunity to explore the inner workings of the Earth and experience the power of volcanic eruptions.\" \/>\n<meta name=\"robots\" content=\"index, follow, max-snippet:-1, max-image-preview:large, max-video-preview:-1\" \/>\n<link rel=\"canonical\" href=\"https:\/\/sertek.com.tr\/tr\/yanardag-sergisi\/\" \/>\n<meta property=\"og:locale\" content=\"tr_TR\" \/>\n<meta property=\"og:type\" content=\"article\" \/>\n<meta property=\"og:title\" content=\"Volcano Exhibit - Sertek Exhibitions\" \/>\n<meta property=\"og:description\" content=\"Volcano exhibit offers a captivating opportunity to explore the inner workings of the Earth and experience the power of volcanic eruptions.\" \/>\n<meta property=\"og:url\" content=\"https:\/\/sertek.com.tr\/tr\/yanardag-sergisi\/\" \/>\n<meta property=\"og:site_name\" content=\"Sertek Exhibitions\" \/>\n<meta property=\"article:modified_time\" content=\"2023-09-09T12:59:29+00:00\" \/>\n<meta property=\"og:image\" content=\"https:\/\/sertek.com.tr\/wp-content\/uploads\/2023\/09\/volcano.jpg\" \/>\n\t<meta property=\"og:image:width\" content=\"1200\" \/>\n\t<meta property=\"og:image:height\" content=\"738\" \/>\n\t<meta property=\"og:image:type\" content=\"image\/jpeg\" \/>\n<meta name=\"twitter:card\" content=\"summary_large_image\" \/>\n<meta name=\"twitter:label1\" content=\"Tahmini okuma s\u00fcresi\" \/>\n\t<meta name=\"twitter:data1\" content=\"2 dakika\" \/>\n<script type=\"application\/ld+json\" class=\"yoast-schema-graph\">{\"@context\":\"https:\/\/schema.org\",\"@graph\":[{\"@type\":\"WebPage\",\"@id\":\"https:\/\/sertek.com.tr\/en\/volcano-exhibit\/\",\"url\":\"https:\/\/sertek.com.tr\/en\/volcano-exhibit\/\",\"name\":\"Volcano Exhibit - Sertek Exhibitions\",\"isPartOf\":{\"@id\":\"https:\/\/sertek.com.tr\/en\/#website\"},\"primaryImageOfPage\":{\"@id\":\"https:\/\/sertek.com.tr\/en\/volcano-exhibit\/#primaryimage\"},\"image\":{\"@id\":\"https:\/\/sertek.com.tr\/en\/volcano-exhibit\/#primaryimage\"},\"thumbnailUrl\":\"https:\/\/sertek.com.tr\/wp-content\/uploads\/2023\/09\/volcano.jpg\",\"datePublished\":\"2023-09-09T12:51:38+00:00\",\"dateModified\":\"2023-09-09T12:59:29+00:00\",\"description\":\"Volcano exhibit offers a captivating opportunity to explore the inner workings of the Earth and experience the power of volcanic eruptions.\",\"breadcrumb\":{\"@id\":\"https:\/\/sertek.com.tr\/en\/volcano-exhibit\/#breadcrumb\"},\"inLanguage\":\"tr\",\"potentialAction\":[{\"@type\":\"ReadAction\",\"target\":[\"https:\/\/sertek.com.tr\/en\/volcano-exhibit\/\"]}]},{\"@type\":\"ImageObject\",\"inLanguage\":\"tr\",\"@id\":\"https:\/\/sertek.com.tr\/en\/volcano-exhibit\/#primaryimage\",\"url\":\"https:\/\/sertek.com.tr\/wp-content\/uploads\/2023\/09\/volcano.jpg\",\"contentUrl\":\"https:\/\/sertek.com.tr\/wp-content\/uploads\/2023\/09\/volcano.jpg\",\"width\":1200,\"height\":738,\"caption\":\"Volcano Exhibit\"},{\"@type\":\"BreadcrumbList\",\"@id\":\"https:\/\/sertek.com.tr\/en\/volcano-exhibit\/#breadcrumb\",\"itemListElement\":[{\"@type\":\"ListItem\",\"position\":1,\"name\":\"Home\",\"item\":\"https:\/\/sertek.com.tr\/\"},{\"@type\":\"ListItem\",\"position\":2,\"name\":\"Volcano Exhibit\"}]},{\"@type\":\"WebSite\",\"@id\":\"https:\/\/sertek.com.tr\/en\/#website\",\"url\":\"https:\/\/sertek.com.tr\/en\/\",\"name\":\"Sertek Exhibitions\",\"description\":\"Sertek Exhibitons\",\"publisher\":{\"@id\":\"https:\/\/sertek.com.tr\/en\/#organization\"},\"potentialAction\":[{\"@type\":\"SearchAction\",\"target\":{\"@type\":\"EntryPoint\",\"urlTemplate\":\"https:\/\/sertek.com.tr\/en\/?s={search_term_string}\"},\"query-input\":{\"@type\":\"PropertyValueSpecification\",\"valueRequired\":true,\"valueName\":\"search_term_string\"}}],\"inLanguage\":\"tr\"},{\"@type\":\"Organization\",\"@id\":\"https:\/\/sertek.com.tr\/en\/#organization\",\"name\":\"Sertek Exhibitions\",\"url\":\"https:\/\/sertek.com.tr\/en\/\",\"logo\":{\"@type\":\"ImageObject\",\"inLanguage\":\"tr\",\"@id\":\"https:\/\/sertek.com.tr\/en\/#\/schema\/logo\/image\/\",\"url\":\"https:\/\/sertek.com.tr\/wp-content\/uploads\/2023\/06\/SertekLogo-1.png\",\"contentUrl\":\"https:\/\/sertek.com.tr\/wp-content\/uploads\/2023\/06\/SertekLogo-1.png\",\"width\":300,\"height\":49,\"caption\":\"Sertek Exhibitions\"},\"image\":{\"@id\":\"https:\/\/sertek.com.tr\/en\/#\/schema\/logo\/image\/\"},\"sameAs\":[\"https:\/\/www.linkedin.com\/company\/sertek-exhibitions\/\"]}]}<\/script>\n<!-- \/ Yoast SEO plugin. -->","yoast_head_json":{"title":"Volcano Exhibit - Sertek Exhibitions","description":"Volcano exhibit offers a captivating opportunity to explore the inner workings of the Earth and experience the power of volcanic eruptions.","robots":{"index":"index","follow":"follow","max-snippet":"max-snippet:-1","max-image-preview":"max-image-preview:large","max-video-preview":"max-video-preview:-1"},"canonical":"https:\/\/sertek.com.tr\/tr\/yanardag-sergisi\/","og_locale":"tr_TR","og_type":"article","og_title":"Volcano Exhibit - Sertek Exhibitions","og_description":"Volcano exhibit offers a captivating opportunity to explore the inner workings of the Earth and experience the power of volcanic eruptions.","og_url":"https:\/\/sertek.com.tr\/tr\/yanardag-sergisi\/","og_site_name":"Sertek Exhibitions","article_modified_time":"2023-09-09T12:59:29+00:00","og_image":[{"width":1200,"height":738,"url":"https:\/\/sertek.com.tr\/wp-content\/uploads\/2023\/09\/volcano.jpg","type":"image\/jpeg"}],"twitter_card":"summary_large_image","twitter_misc":{"Tahmini okuma s\u00fcresi":"2 dakika"},"schema":{"@context":"https:\/\/schema.org","@graph":[{"@type":"WebPage","@id":"https:\/\/sertek.com.tr\/en\/volcano-exhibit\/","url":"https:\/\/sertek.com.tr\/en\/volcano-exhibit\/","name":"Volcano Exhibit - Sertek Exhibitions","isPartOf":{"@id":"https:\/\/sertek.com.tr\/en\/#website"},"primaryImageOfPage":{"@id":"https:\/\/sertek.com.tr\/en\/volcano-exhibit\/#primaryimage"},"image":{"@id":"https:\/\/sertek.com.tr\/en\/volcano-exhibit\/#primaryimage"},"thumbnailUrl":"https:\/\/sertek.com.tr\/wp-content\/uploads\/2023\/09\/volcano.jpg","datePublished":"2023-09-09T12:51:38+00:00","dateModified":"2023-09-09T12:59:29+00:00","description":"Volcano exhibit offers a captivating opportunity to explore the inner workings of the Earth and experience the power of volcanic eruptions.","breadcrumb":{"@id":"https:\/\/sertek.com.tr\/en\/volcano-exhibit\/#breadcrumb"},"inLanguage":"tr","potentialAction":[{"@type":"ReadAction","target":["https:\/\/sertek.com.tr\/en\/volcano-exhibit\/"]}]},{"@type":"ImageObject","inLanguage":"tr","@id":"https:\/\/sertek.com.tr\/en\/volcano-exhibit\/#primaryimage","url":"https:\/\/sertek.com.tr\/wp-content\/uploads\/2023\/09\/volcano.jpg","contentUrl":"https:\/\/sertek.com.tr\/wp-content\/uploads\/2023\/09\/volcano.jpg","width":1200,"height":738,"caption":"Volcano Exhibit"},{"@type":"BreadcrumbList","@id":"https:\/\/sertek.com.tr\/en\/volcano-exhibit\/#breadcrumb","itemListElement":[{"@type":"ListItem","position":1,"name":"Home","item":"https:\/\/sertek.com.tr\/"},{"@type":"ListItem","position":2,"name":"Volcano Exhibit"}]},{"@type":"WebSite","@id":"https:\/\/sertek.com.tr\/en\/#website","url":"https:\/\/sertek.com.tr\/en\/","name":"Sertek Exhibitions","description":"Sertek Exhibitons","publisher":{"@id":"https:\/\/sertek.com.tr\/en\/#organization"},"potentialAction":[{"@type":"SearchAction","target":{"@type":"EntryPoint","urlTemplate":"https:\/\/sertek.com.tr\/en\/?s={search_term_string}"},"query-input":{"@type":"PropertyValueSpecification","valueRequired":true,"valueName":"search_term_string"}}],"inLanguage":"tr"},{"@type":"Organization","@id":"https:\/\/sertek.com.tr\/en\/#organization","name":"Sertek Exhibitions","url":"https:\/\/sertek.com.tr\/en\/","logo":{"@type":"ImageObject","inLanguage":"tr","@id":"https:\/\/sertek.com.tr\/en\/#\/schema\/logo\/image\/","url":"https:\/\/sertek.com.tr\/wp-content\/uploads\/2023\/06\/SertekLogo-1.png","contentUrl":"https:\/\/sertek.com.tr\/wp-content\/uploads\/2023\/06\/SertekLogo-1.png","width":300,"height":49,"caption":"Sertek Exhibitions"},"image":{"@id":"https:\/\/sertek.com.tr\/en\/#\/schema\/logo\/image\/"},"sameAs":["https:\/\/www.linkedin.com\/company\/sertek-exhibitions\/"]}]}},"jetpack_sharing_enabled":true,"_links":{"self":[{"href":"https:\/\/sertek.com.tr\/tr\/wp-json\/wp\/v2\/pages\/6806","targetHints":{"allow":["GET"]}}],"collection":[{"href":"https:\/\/sertek.com.tr\/tr\/wp-json\/wp\/v2\/pages"}],"about":[{"href":"https:\/\/sertek.com.tr\/tr\/wp-json\/wp\/v2\/types\/page"}],"author":[{"embeddable":true,"href":"https:\/\/sertek.com.tr\/tr\/wp-json\/wp\/v2\/users\/1"}],"replies":[{"embeddable":true,"href":"https:\/\/sertek.com.tr\/tr\/wp-json\/wp\/v2\/comments?post=6806"}],"version-history":[{"count":4,"href":"https:\/\/sertek.com.tr\/tr\/wp-json\/wp\/v2\/pages\/6806\/revisions"}],"predecessor-version":[{"id":6810,"href":"https:\/\/sertek.com.tr\/tr\/wp-json\/wp\/v2\/pages\/6806\/revisions\/6810"}],"wp:featuredmedia":[{"embeddable":true,"href":"https:\/\/sertek.com.tr\/tr\/wp-json\/wp\/v2\/media\/6747"}],"wp:attachment":[{"href":"https:\/\/sertek.com.tr\/tr\/wp-json\/wp\/v2\/media?parent=6806"}],"curies":[{"name":"wp","href":"https:\/\/api.w.org\/{rel}","templated":true}]}}