{"id":7589,"date":"2024-09-14T13:36:37","date_gmt":"2024-09-14T13:36:37","guid":{"rendered":"https:\/\/sertek.com.tr\/?page_id=7589"},"modified":"2024-09-14T14:29:43","modified_gmt":"2024-09-14T14:29:43","slug":"air-tubes-exhibit","status":"publish","type":"page","link":"https:\/\/sertek.com.tr\/tr\/hava-tupleri-sergisi\/","title":{"rendered":"Hava T\u00fcpleri Sergisi"},"content":{"rendered":"<div data-elementor-type=\"wp-page\" data-elementor-id=\"7589\" class=\"elementor elementor-7589\" data-elementor-settings=\"{&quot;ha_cmc_init_switcher&quot;:&quot;no&quot;}\">\n\t\t\t\t\t\t<section class=\"elementor-section elementor-top-section elementor-element elementor-element-9f5181a elementor-section-boxed elementor-section-height-default elementor-section-height-default\" data-id=\"9f5181a\" data-element_type=\"section\" data-settings=\"{&quot;_ha_eqh_enable&quot;:false}\">\n\t\t\t\t\t\t<div class=\"elementor-container elementor-column-gap-extended\">\n\t\t\t\t\t<div class=\"elementor-column elementor-col-100 elementor-top-column elementor-element elementor-element-e397ea5\" data-id=\"e397ea5\" data-element_type=\"column\">\n\t\t\t<div class=\"elementor-widget-wrap elementor-element-populated\">\n\t\t\t\t\t\t<section class=\"elementor-section elementor-inner-section elementor-element elementor-element-5b556ef elementor-section-full_width elementor-section-height-default elementor-section-height-default\" data-id=\"5b556ef\" data-element_type=\"section\" data-settings=\"{&quot;background_background&quot;:&quot;classic&quot;,&quot;_ha_eqh_enable&quot;:false}\">\n\t\t\t\t\t\t<div class=\"elementor-container elementor-column-gap-wide\">\n\t\t\t\t\t<div class=\"elementor-column elementor-col-50 elementor-inner-column elementor-element elementor-element-de5a87a has-sticky-column\" data-id=\"de5a87a\" data-element_type=\"column\">\n\t\t\t<div class=\"elementor-widget-wrap elementor-element-populated\">\n\t\t\t\t\t\t<div class=\"elementor-element elementor-element-c8dd22c elementor-widget__width-inherit elementor-arrows-position-inside elementor-pagination-position-outside elementor-widget elementor-widget-image-carousel\" data-id=\"c8dd22c\" data-element_type=\"widget\" data-settings=\"{&quot;slides_to_show&quot;:&quot;1&quot;,&quot;navigation&quot;:&quot;both&quot;,&quot;autoplay&quot;:&quot;yes&quot;,&quot;pause_on_hover&quot;:&quot;yes&quot;,&quot;pause_on_interaction&quot;:&quot;yes&quot;,&quot;autoplay_speed&quot;:5000,&quot;infinite&quot;:&quot;yes&quot;,&quot;effect&quot;:&quot;slide&quot;,&quot;speed&quot;:500}\" data-widget_type=\"image-carousel.default\">\n\t\t\t\t<div class=\"elementor-widget-container\">\n\t\t\t\t\t\t\t<div class=\"elementor-image-carousel-wrapper swiper\" role=\"region\" aria-roledescription=\"carousel\" aria-label=\"Resim D\u00f6ng\u00fcs\u00fc\" dir=\"ltr\">\n\t\t\t<div class=\"elementor-image-carousel swiper-wrapper\" aria-live=\"off\">\n\t\t\t\t\t\t\t\t<div class=\"swiper-slide\" role=\"group\" aria-roledescription=\"slide\" aria-label=\"1 \/ 1\"><figure class=\"swiper-slide-inner\"><img decoding=\"async\" class=\"swiper-slide-image\" src=\"https:\/\/sertek.com.tr\/wp-content\/uploads\/elementor\/thumbs\/3-7-qu3jt8pgvrlfy6ieyg0gkd8btercsv9oeyc52kiidk.jpg\" alt=\"Hava t\u00fcpleri sergisi\" \/><\/figure><\/div>\t\t\t<\/div>\n\t\t\t\t\t<\/div>\n\t\t\t\t\t\t<\/div>\n\t\t\t\t<\/div>\n\t\t\t\t\t<\/div>\n\t\t<\/div>\n\t\t\t\t<div class=\"elementor-column elementor-col-50 elementor-inner-column elementor-element elementor-element-040fff7\" data-id=\"040fff7\" data-element_type=\"column\">\n\t\t\t<div class=\"elementor-widget-wrap elementor-element-populated\">\n\t\t\t\t\t\t<div class=\"elementor-element elementor-element-948900b elementor-widget elementor-widget-heading\" data-id=\"948900b\" data-element_type=\"widget\" data-widget_type=\"heading.default\">\n\t\t\t\t<div class=\"elementor-widget-container\">\n\t\t\t\t\t<h1 class=\"elementor-heading-title elementor-size-default\">Hava T\u00fcpleri Sergisi<\/h1>\t\t\t\t<\/div>\n\t\t\t\t<\/div>\n\t\t\t\t<div class=\"elementor-element elementor-element-c9d29e9 elementor-widget elementor-widget-text-editor\" data-id=\"c9d29e9\" data-element_type=\"widget\" data-widget_type=\"text-editor.default\">\n\t\t\t\t<div class=\"elementor-widget-container\">\n\t\t\t\t\t\t\t\t\t<p>Hava T\u00fcpleri sergisi ziyaret\u00e7ilere hava g\u00fcc\u00fc ve hareketinin b\u00fcy\u00fcleyici bir ke\u015ffini sunuyor. Ziyaret\u00e7iler, belirlenmi\u015f yuvalara bir top veya atk\u0131 yerle\u015ftirerek, nesnelerinin bir enerji patlamas\u0131yla \u00e7\u0131k\u0131\u015f yuvas\u0131ndan d\u0131\u015far\u0131 f\u0131rlamadan \u00f6nce spiral ve k\u0131vr\u0131ml\u0131 bir \u015fekilde \u015feffaf t\u00fcplerden olu\u015fan bir a\u011f boyunca ta\u015f\u0131nmas\u0131n\u0131 izleyebilirler.<\/p>\t\t\t\t\t\t\t\t<\/div>\n\t\t\t\t<\/div>\n\t\t\t\t<div class=\"elementor-element elementor-element-d6360a1 elementor-widget-divider--view-line elementor-widget elementor-widget-divider\" data-id=\"d6360a1\" data-element_type=\"widget\" data-widget_type=\"divider.default\">\n\t\t\t\t<div class=\"elementor-widget-container\">\n\t\t\t\t\t\t\t<div class=\"elementor-divider\">\n\t\t\t<span class=\"elementor-divider-separator\">\n\t\t\t\t\t\t<\/span>\n\t\t<\/div>\n\t\t\t\t\t\t<\/div>\n\t\t\t\t<\/div>\n\t\t\t\t<div class=\"elementor-element elementor-element-54986e9 elementor-widget elementor-widget-heading\" data-id=\"54986e9\" data-element_type=\"widget\" data-widget_type=\"heading.default\">\n\t\t\t\t<div class=\"elementor-widget-container\">\n\t\t\t\t\t<h2 class=\"elementor-heading-title elementor-size-default\">Ziyaret\u00e7i Deneyimi<\/h2>\t\t\t\t<\/div>\n\t\t\t\t<\/div>\n\t\t\t\t<div class=\"elementor-element elementor-element-ab43085 elementor-widget elementor-widget-text-editor\" data-id=\"ab43085\" data-element_type=\"widget\" data-widget_type=\"text-editor.default\">\n\t\t\t\t<div class=\"elementor-widget-container\">\n\t\t\t\t\t\t\t\t\t<p>Hava T\u00fcplerinde ziyaret\u00e7iler serginin yuvalar\u0131ndan birine bir top veya atk\u0131 yerle\u015ftirir. Nesne an\u0131nda g\u00fc\u00e7l\u00fc hava ak\u0131mlar\u0131 taraf\u0131ndan uzakla\u015ft\u0131r\u0131l\u0131r. Bu, onlar\u0131n b\u00fcy\u00fcleyici desenlerde \u015feffaf bir t\u00fcp labirentinde seyahat etmelerini sa\u011flar. Ziyaret\u00e7iler yolculu\u011fu heyecanla takip etmeye, nesnelerinin \u00e7\u0131k\u0131\u015f yuvas\u0131ndan e\u011flenceli bir hava ak\u0131m\u0131yla nerede ve ne zaman f\u0131rlayaca\u011f\u0131n\u0131 tahmin etmeye te\u015fvik edilir. Atk\u0131lar\u0131n hafifli\u011fi veya toplar\u0131n a\u011f\u0131rl\u0131\u011f\u0131 deneyime \u00e7e\u015fitlilik katar. Bu, t\u00fcpler aras\u0131nda benzersiz yollar sa\u011flar.<\/p>\t\t\t\t\t\t\t\t<\/div>\n\t\t\t\t<\/div>\n\t\t\t\t<div class=\"elementor-element elementor-element-9410a0d elementor-widget-divider--view-line elementor-widget elementor-widget-divider\" data-id=\"9410a0d\" data-element_type=\"widget\" data-widget_type=\"divider.default\">\n\t\t\t\t<div class=\"elementor-widget-container\">\n\t\t\t\t\t\t\t<div class=\"elementor-divider\">\n\t\t\t<span class=\"elementor-divider-separator\">\n\t\t\t\t\t\t<\/span>\n\t\t<\/div>\n\t\t\t\t\t\t<\/div>\n\t\t\t\t<\/div>\n\t\t\t\t<div class=\"elementor-element elementor-element-84d3357 elementor-widget elementor-widget-heading\" data-id=\"84d3357\" data-element_type=\"widget\" data-widget_type=\"heading.default\">\n\t\t\t\t<div class=\"elementor-widget-container\">\n\t\t\t\t\t<h2 class=\"elementor-heading-title elementor-size-default\">Hava T\u00fcplerinden \u00d6\u011frenilen Dersler<\/h2>\t\t\t\t<\/div>\n\t\t\t\t<\/div>\n\t\t\t\t<div class=\"elementor-element elementor-element-6f3178f elementor-widget elementor-widget-text-editor\" data-id=\"6f3178f\" data-element_type=\"widget\" data-widget_type=\"text-editor.default\">\n\t\t\t\t<div class=\"elementor-widget-container\">\n\t\t\t\t\t\t\t\t\t<ul><li><strong><a href=\"https:\/\/en.wikipedia.org\/wiki\/Airflow\" target=\"_blank\" rel=\"noopener\">Hava ak\u0131\u015f\u0131<\/a> Dinamikler:<\/strong> Hava T\u00fcpleri sergisi, ziyaret\u00e7ilere hava ak\u0131\u015f\u0131, bas\u0131n\u00e7 ve aerodinamik prensiplerini e\u011flenceli ve etkile\u015fimli bir ortamda tan\u0131t\u0131yor.<\/li><li><strong>Neden ve Sonu\u00e7:<\/strong> Kat\u0131l\u0131mc\u0131lar nesneleri yuvalara yerle\u015ftirirken ve bunlar\u0131n t\u00fcpler i\u00e7erisinde nas\u0131l hareket etti\u011fini g\u00f6zlemlerken, hava ak\u0131mlar\u0131 ile hareket aras\u0131ndaki ili\u015fkiyi \u00f6\u011freniyorlar.<\/li><li><strong>\u0130lgi \u00c7ekici Oyun:<\/strong> Dinamik yollar ve beklenmedik \u00e7\u0131k\u0131\u015flar ziyaret\u00e7ilerin ilgisini canl\u0131 tutuyor ve farkl\u0131 nesnelerle denemeler yapma iste\u011fi uyand\u0131r\u0131yor, merak ve hayranl\u0131k duygusunu tetikliyor.<\/li><\/ul><p>Bilim ve oyunun e\u011flenceli bir kar\u0131\u015f\u0131m\u0131 olan bu etkile\u015fimli ekipman, ziyaret\u00e7ileri hava g\u00fcc\u00fcyle \u00e7al\u0131\u015fan tuhaf e\u011flencesiyle b\u00fcy\u00fcl\u00fcyor.<\/p>\t\t\t\t\t\t\t\t<\/div>\n\t\t\t\t<\/div>\n\t\t\t\t<div class=\"elementor-element elementor-element-a39f289 elementor-widget-divider--view-line elementor-widget elementor-widget-divider\" data-id=\"a39f289\" data-element_type=\"widget\" data-widget_type=\"divider.default\">\n\t\t\t\t<div class=\"elementor-widget-container\">\n\t\t\t\t\t\t\t<div class=\"elementor-divider\">\n\t\t\t<span class=\"elementor-divider-separator\">\n\t\t\t\t\t\t<\/span>\n\t\t<\/div>\n\t\t\t\t\t\t<\/div>\n\t\t\t\t<\/div>\n\t\t\t\t<div class=\"elementor-element elementor-element-a716a2d elementor-widget elementor-widget-heading\" data-id=\"a716a2d\" data-element_type=\"widget\" data-widget_type=\"heading.default\">\n\t\t\t\t<div class=\"elementor-widget-container\">\n\t\t\t\t\t<h2 class=\"elementor-heading-title elementor-size-default\">Hedef Ya\u015f<\/h2>\t\t\t\t<\/div>\n\t\t\t\t<\/div>\n\t\t\t\t<div class=\"elementor-element elementor-element-774312e elementor-icon-list--layout-traditional elementor-list-item-link-full_width elementor-widget elementor-widget-icon-list\" data-id=\"774312e\" data-element_type=\"widget\" data-widget_type=\"icon-list.default\">\n\t\t\t\t<div class=\"elementor-widget-container\">\n\t\t\t\t\t\t\t<ul class=\"elementor-icon-list-items\">\n\t\t\t\t\t\t\t<li class=\"elementor-icon-list-item\">\n\t\t\t\t\t\t\t\t\t\t\t<span class=\"elementor-icon-list-icon\">\n\t\t\t\t\t\t\t<i aria-hidden=\"true\" class=\"fas fa-check\"><\/i>\t\t\t\t\t\t<\/span>\n\t\t\t\t\t\t\t\t\t\t<span class=\"elementor-icon-list-text\">4&#039;ten itibaren<\/span>\n\t\t\t\t\t\t\t\t\t<\/li>\n\t\t\t\t\t\t<\/ul>\n\t\t\t\t\t\t<\/div>\n\t\t\t\t<\/div>\n\t\t\t\t<div class=\"elementor-element elementor-element-039d75a elementor-widget-divider--view-line elementor-widget elementor-widget-divider\" data-id=\"039d75a\" data-element_type=\"widget\" data-widget_type=\"divider.default\">\n\t\t\t\t<div class=\"elementor-widget-container\">\n\t\t\t\t\t\t\t<div class=\"elementor-divider\">\n\t\t\t<span class=\"elementor-divider-separator\">\n\t\t\t\t\t\t<\/span>\n\t\t<\/div>\n\t\t\t\t\t\t<\/div>\n\t\t\t\t<\/div>\n\t\t\t\t<div class=\"elementor-element elementor-element-f65e0f0 elementor-widget elementor-widget-heading\" data-id=\"f65e0f0\" data-element_type=\"widget\" data-widget_type=\"heading.default\">\n\t\t\t\t<div class=\"elementor-widget-container\">\n\t\t\t\t\t<h2 class=\"elementor-heading-title elementor-size-default\">Uygulanabilir Temalar<\/h2>\t\t\t\t<\/div>\n\t\t\t\t<\/div>\n\t\t\t\t<div class=\"elementor-element elementor-element-e104779 elementor-icon-list--layout-traditional elementor-list-item-link-full_width elementor-widget elementor-widget-icon-list\" data-id=\"e104779\" data-element_type=\"widget\" data-widget_type=\"icon-list.default\">\n\t\t\t\t<div class=\"elementor-widget-container\">\n\t\t\t\t\t\t\t<ul class=\"elementor-icon-list-items\">\n\t\t\t\t\t\t\t<li class=\"elementor-icon-list-item\">\n\t\t\t\t\t\t\t\t\t\t\t<a href=\"https:\/\/sertek.com.tr\/tr\/uzay-temali-sergiler\/\">\n\n\t\t\t\t\t\t\t\t\t\t\t\t<span class=\"elementor-icon-list-icon\">\n\t\t\t\t\t\t\t<i aria-hidden=\"true\" class=\"fas fa-space-shuttle\"><\/i>\t\t\t\t\t\t<\/span>\n\t\t\t\t\t\t\t\t\t\t<span class=\"elementor-icon-list-text\">Uzay<\/span>\n\t\t\t\t\t\t\t\t\t\t\t<\/a>\n\t\t\t\t\t\t\t\t\t<\/li>\n\t\t\t\t\t\t<\/ul>\n\t\t\t\t\t\t<\/div>\n\t\t\t\t<\/div>\n\t\t\t\t\t<\/div>\n\t\t<\/div>\n\t\t\t\t\t<\/div>\n\t\t<\/section>\n\t\t\t\t<div class=\"elementor-element elementor-element-b458126 elementor-widget elementor-widget-spacer\" data-id=\"b458126\" data-element_type=\"widget\" data-widget_type=\"spacer.default\">\n\t\t\t\t<div class=\"elementor-widget-container\">\n\t\t\t\t\t\t\t<div class=\"elementor-spacer\">\n\t\t\t<div class=\"elementor-spacer-inner\"><\/div>\n\t\t<\/div>\n\t\t\t\t\t\t<\/div>\n\t\t\t\t<\/div>\n\t\t\t\t\t<\/div>\n\t\t<\/div>\n\t\t\t\t\t<\/div>\n\t\t<\/section>\n\t\t\t\t<\/div>","protected":false},"excerpt":{"rendered":"<p>Air Tubes Exhibit The Air Tubes exhibit offers visitors a fascinating exploration of air power and movement. By placing a ball or scarf into [&hellip;]<\/p>","protected":false},"author":1,"featured_media":7596,"parent":0,"menu_order":0,"comment_status":"closed","ping_status":"closed","template":"page-custom.php","meta":{"om_disable_all_campaigns":false,"_monsterinsights_skip_tracking":false,"_monsterinsights_sitenote_active":false,"_monsterinsights_sitenote_note":"","_monsterinsights_sitenote_category":0,"_uf_show_specific_survey":0,"_uf_disable_surveys":false,"footnotes":""},"class_list":["post-7589","page","type-page","status-publish","has-post-thumbnail","hentry"],"acf":{"full_width":false,"header_transparent":false,"header_white":false},"aioseo_notices":[],"yoast_head":"<!-- This site is optimized with the Yoast SEO plugin v26.9 - https:\/\/yoast.com\/product\/yoast-seo-wordpress\/ -->\n<title>Air Tubes Exhibit - Sertek Exhibitions<\/title>\n<meta name=\"description\" content=\"Designed for science centers and children&#039;s museums Air Tubes exhibit offers visitors a fascinating exploration of air power and movement.\" \/>\n<meta name=\"robots\" content=\"index, follow, max-snippet:-1, max-image-preview:large, max-video-preview:-1\" \/>\n<link rel=\"canonical\" href=\"https:\/\/sertek.com.tr\/tr\/hava-tupleri-sergisi\/\" \/>\n<meta property=\"og:locale\" content=\"tr_TR\" \/>\n<meta property=\"og:type\" content=\"article\" \/>\n<meta property=\"og:title\" content=\"Air Tubes Exhibit - Sertek Exhibitions\" \/>\n<meta property=\"og:description\" content=\"Designed for science centers and children&#039;s museums Air Tubes exhibit offers visitors a fascinating exploration of air power and movement.\" \/>\n<meta property=\"og:url\" content=\"https:\/\/sertek.com.tr\/tr\/hava-tupleri-sergisi\/\" \/>\n<meta property=\"og:site_name\" content=\"Sertek Exhibitions\" \/>\n<meta property=\"article:modified_time\" content=\"2024-09-14T14:29:43+00:00\" \/>\n<meta property=\"og:image\" content=\"https:\/\/sertek.com.tr\/wp-content\/uploads\/2024\/09\/3-7.jpg\" \/>\n\t<meta property=\"og:image:width\" content=\"1423\" \/>\n\t<meta property=\"og:image:height\" content=\"972\" \/>\n\t<meta property=\"og:image:type\" content=\"image\/jpeg\" \/>\n<meta name=\"twitter:card\" content=\"summary_large_image\" \/>\n<meta name=\"twitter:label1\" content=\"Tahmini okuma s\u00fcresi\" \/>\n\t<meta name=\"twitter:data1\" content=\"2 dakika\" \/>\n<script type=\"application\/ld+json\" class=\"yoast-schema-graph\">{\"@context\":\"https:\/\/schema.org\",\"@graph\":[{\"@type\":\"WebPage\",\"@id\":\"https:\/\/sertek.com.tr\/air-tubes-exhibit\/\",\"url\":\"https:\/\/sertek.com.tr\/air-tubes-exhibit\/\",\"name\":\"Air Tubes Exhibit - Sertek Exhibitions\",\"isPartOf\":{\"@id\":\"https:\/\/sertek.com.tr\/en\/#website\"},\"primaryImageOfPage\":{\"@id\":\"https:\/\/sertek.com.tr\/air-tubes-exhibit\/#primaryimage\"},\"image\":{\"@id\":\"https:\/\/sertek.com.tr\/air-tubes-exhibit\/#primaryimage\"},\"thumbnailUrl\":\"https:\/\/sertek.com.tr\/wp-content\/uploads\/2024\/09\/3-7.jpg\",\"datePublished\":\"2024-09-14T13:36:37+00:00\",\"dateModified\":\"2024-09-14T14:29:43+00:00\",\"description\":\"Designed for science centers and children's museums Air Tubes exhibit offers visitors a fascinating exploration of air power and movement.\",\"breadcrumb\":{\"@id\":\"https:\/\/sertek.com.tr\/air-tubes-exhibit\/#breadcrumb\"},\"inLanguage\":\"tr\",\"potentialAction\":[{\"@type\":\"ReadAction\",\"target\":[\"https:\/\/sertek.com.tr\/air-tubes-exhibit\/\"]}]},{\"@type\":\"ImageObject\",\"inLanguage\":\"tr\",\"@id\":\"https:\/\/sertek.com.tr\/air-tubes-exhibit\/#primaryimage\",\"url\":\"https:\/\/sertek.com.tr\/wp-content\/uploads\/2024\/09\/3-7.jpg\",\"contentUrl\":\"https:\/\/sertek.com.tr\/wp-content\/uploads\/2024\/09\/3-7.jpg\",\"width\":1423,\"height\":972,\"caption\":\"Air tubes exhibit\"},{\"@type\":\"BreadcrumbList\",\"@id\":\"https:\/\/sertek.com.tr\/air-tubes-exhibit\/#breadcrumb\",\"itemListElement\":[{\"@type\":\"ListItem\",\"position\":1,\"name\":\"Home\",\"item\":\"https:\/\/sertek.com.tr\/\"},{\"@type\":\"ListItem\",\"position\":2,\"name\":\"Air Tubes Exhibit\"}]},{\"@type\":\"WebSite\",\"@id\":\"https:\/\/sertek.com.tr\/en\/#website\",\"url\":\"https:\/\/sertek.com.tr\/en\/\",\"name\":\"Sertek Exhibitions\",\"description\":\"Sertek Exhibitons\",\"publisher\":{\"@id\":\"https:\/\/sertek.com.tr\/en\/#organization\"},\"potentialAction\":[{\"@type\":\"SearchAction\",\"target\":{\"@type\":\"EntryPoint\",\"urlTemplate\":\"https:\/\/sertek.com.tr\/en\/?s={search_term_string}\"},\"query-input\":{\"@type\":\"PropertyValueSpecification\",\"valueRequired\":true,\"valueName\":\"search_term_string\"}}],\"inLanguage\":\"tr\"},{\"@type\":\"Organization\",\"@id\":\"https:\/\/sertek.com.tr\/en\/#organization\",\"name\":\"Sertek Exhibitions\",\"url\":\"https:\/\/sertek.com.tr\/en\/\",\"logo\":{\"@type\":\"ImageObject\",\"inLanguage\":\"tr\",\"@id\":\"https:\/\/sertek.com.tr\/en\/#\/schema\/logo\/image\/\",\"url\":\"https:\/\/sertek.com.tr\/wp-content\/uploads\/2023\/06\/SertekLogo-1.png\",\"contentUrl\":\"https:\/\/sertek.com.tr\/wp-content\/uploads\/2023\/06\/SertekLogo-1.png\",\"width\":300,\"height\":49,\"caption\":\"Sertek Exhibitions\"},\"image\":{\"@id\":\"https:\/\/sertek.com.tr\/en\/#\/schema\/logo\/image\/\"},\"sameAs\":[\"https:\/\/www.linkedin.com\/company\/sertek-exhibitions\/\"]}]}<\/script>\n<!-- \/ Yoast SEO plugin. -->","yoast_head_json":{"title":"Air Tubes Exhibit - Sertek Exhibitions","description":"Designed for science centers and children's museums Air Tubes exhibit offers visitors a fascinating exploration of air power and movement.","robots":{"index":"index","follow":"follow","max-snippet":"max-snippet:-1","max-image-preview":"max-image-preview:large","max-video-preview":"max-video-preview:-1"},"canonical":"https:\/\/sertek.com.tr\/tr\/hava-tupleri-sergisi\/","og_locale":"tr_TR","og_type":"article","og_title":"Air Tubes Exhibit - Sertek Exhibitions","og_description":"Designed for science centers and children's museums Air Tubes exhibit offers visitors a fascinating exploration of air power and movement.","og_url":"https:\/\/sertek.com.tr\/tr\/hava-tupleri-sergisi\/","og_site_name":"Sertek Exhibitions","article_modified_time":"2024-09-14T14:29:43+00:00","og_image":[{"width":1423,"height":972,"url":"https:\/\/sertek.com.tr\/wp-content\/uploads\/2024\/09\/3-7.jpg","type":"image\/jpeg"}],"twitter_card":"summary_large_image","twitter_misc":{"Tahmini okuma s\u00fcresi":"2 dakika"},"schema":{"@context":"https:\/\/schema.org","@graph":[{"@type":"WebPage","@id":"https:\/\/sertek.com.tr\/air-tubes-exhibit\/","url":"https:\/\/sertek.com.tr\/air-tubes-exhibit\/","name":"Air Tubes Exhibit - Sertek Exhibitions","isPartOf":{"@id":"https:\/\/sertek.com.tr\/en\/#website"},"primaryImageOfPage":{"@id":"https:\/\/sertek.com.tr\/air-tubes-exhibit\/#primaryimage"},"image":{"@id":"https:\/\/sertek.com.tr\/air-tubes-exhibit\/#primaryimage"},"thumbnailUrl":"https:\/\/sertek.com.tr\/wp-content\/uploads\/2024\/09\/3-7.jpg","datePublished":"2024-09-14T13:36:37+00:00","dateModified":"2024-09-14T14:29:43+00:00","description":"Designed for science centers and children's museums Air Tubes exhibit offers visitors a fascinating exploration of air power and movement.","breadcrumb":{"@id":"https:\/\/sertek.com.tr\/air-tubes-exhibit\/#breadcrumb"},"inLanguage":"tr","potentialAction":[{"@type":"ReadAction","target":["https:\/\/sertek.com.tr\/air-tubes-exhibit\/"]}]},{"@type":"ImageObject","inLanguage":"tr","@id":"https:\/\/sertek.com.tr\/air-tubes-exhibit\/#primaryimage","url":"https:\/\/sertek.com.tr\/wp-content\/uploads\/2024\/09\/3-7.jpg","contentUrl":"https:\/\/sertek.com.tr\/wp-content\/uploads\/2024\/09\/3-7.jpg","width":1423,"height":972,"caption":"Air tubes exhibit"},{"@type":"BreadcrumbList","@id":"https:\/\/sertek.com.tr\/air-tubes-exhibit\/#breadcrumb","itemListElement":[{"@type":"ListItem","position":1,"name":"Home","item":"https:\/\/sertek.com.tr\/"},{"@type":"ListItem","position":2,"name":"Air Tubes Exhibit"}]},{"@type":"WebSite","@id":"https:\/\/sertek.com.tr\/en\/#website","url":"https:\/\/sertek.com.tr\/en\/","name":"Sertek Exhibitions","description":"Sertek Exhibitons","publisher":{"@id":"https:\/\/sertek.com.tr\/en\/#organization"},"potentialAction":[{"@type":"SearchAction","target":{"@type":"EntryPoint","urlTemplate":"https:\/\/sertek.com.tr\/en\/?s={search_term_string}"},"query-input":{"@type":"PropertyValueSpecification","valueRequired":true,"valueName":"search_term_string"}}],"inLanguage":"tr"},{"@type":"Organization","@id":"https:\/\/sertek.com.tr\/en\/#organization","name":"Sertek Exhibitions","url":"https:\/\/sertek.com.tr\/en\/","logo":{"@type":"ImageObject","inLanguage":"tr","@id":"https:\/\/sertek.com.tr\/en\/#\/schema\/logo\/image\/","url":"https:\/\/sertek.com.tr\/wp-content\/uploads\/2023\/06\/SertekLogo-1.png","contentUrl":"https:\/\/sertek.com.tr\/wp-content\/uploads\/2023\/06\/SertekLogo-1.png","width":300,"height":49,"caption":"Sertek Exhibitions"},"image":{"@id":"https:\/\/sertek.com.tr\/en\/#\/schema\/logo\/image\/"},"sameAs":["https:\/\/www.linkedin.com\/company\/sertek-exhibitions\/"]}]}},"jetpack_sharing_enabled":true,"_links":{"self":[{"href":"https:\/\/sertek.com.tr\/tr\/wp-json\/wp\/v2\/pages\/7589","targetHints":{"allow":["GET"]}}],"collection":[{"href":"https:\/\/sertek.com.tr\/tr\/wp-json\/wp\/v2\/pages"}],"about":[{"href":"https:\/\/sertek.com.tr\/tr\/wp-json\/wp\/v2\/types\/page"}],"author":[{"embeddable":true,"href":"https:\/\/sertek.com.tr\/tr\/wp-json\/wp\/v2\/users\/1"}],"replies":[{"embeddable":true,"href":"https:\/\/sertek.com.tr\/tr\/wp-json\/wp\/v2\/comments?post=7589"}],"version-history":[{"count":15,"href":"https:\/\/sertek.com.tr\/tr\/wp-json\/wp\/v2\/pages\/7589\/revisions"}],"predecessor-version":[{"id":7608,"href":"https:\/\/sertek.com.tr\/tr\/wp-json\/wp\/v2\/pages\/7589\/revisions\/7608"}],"wp:featuredmedia":[{"embeddable":true,"href":"https:\/\/sertek.com.tr\/tr\/wp-json\/wp\/v2\/media\/7596"}],"wp:attachment":[{"href":"https:\/\/sertek.com.tr\/tr\/wp-json\/wp\/v2\/media?parent=7589"}],"curies":[{"name":"wp","href":"https:\/\/api.w.org\/{rel}","templated":true}]}}