{"id":7609,"date":"2024-09-14T16:02:03","date_gmt":"2024-09-14T16:02:03","guid":{"rendered":"https:\/\/sertek.com.tr\/?page_id=7609"},"modified":"2025-01-18T16:46:53","modified_gmt":"2025-01-18T16:46:53","slug":"cessna-flight-simulator","status":"publish","type":"page","link":"https:\/\/sertek.com.tr\/tr\/cessna-ucus-simulatoru\/","title":{"rendered":"Cessna U\u00e7u\u015f Sim\u00fclat\u00f6r\u00fc"},"content":{"rendered":"<div data-elementor-type=\"wp-page\" data-elementor-id=\"7609\" class=\"elementor elementor-7609\" data-elementor-settings=\"{&quot;ha_cmc_init_switcher&quot;:&quot;no&quot;}\">\n\t\t\t\t\t\t<section class=\"elementor-section elementor-top-section elementor-element elementor-element-9f5181a elementor-section-boxed elementor-section-height-default elementor-section-height-default\" data-id=\"9f5181a\" data-element_type=\"section\" data-settings=\"{&quot;_ha_eqh_enable&quot;:false}\">\n\t\t\t\t\t\t<div class=\"elementor-container elementor-column-gap-extended\">\n\t\t\t\t\t<div class=\"elementor-column elementor-col-100 elementor-top-column elementor-element elementor-element-e397ea5\" data-id=\"e397ea5\" data-element_type=\"column\">\n\t\t\t<div class=\"elementor-widget-wrap elementor-element-populated\">\n\t\t\t\t\t\t<section class=\"elementor-section elementor-inner-section elementor-element elementor-element-5b556ef elementor-section-full_width elementor-section-height-default elementor-section-height-default\" data-id=\"5b556ef\" data-element_type=\"section\" data-settings=\"{&quot;background_background&quot;:&quot;classic&quot;,&quot;_ha_eqh_enable&quot;:false}\">\n\t\t\t\t\t\t<div class=\"elementor-container elementor-column-gap-wide\">\n\t\t\t\t\t<div class=\"elementor-column elementor-col-50 elementor-inner-column elementor-element elementor-element-de5a87a has-sticky-column\" data-id=\"de5a87a\" data-element_type=\"column\">\n\t\t\t<div class=\"elementor-widget-wrap elementor-element-populated\">\n\t\t\t\t\t\t<div class=\"elementor-element elementor-element-c8dd22c elementor-widget__width-inherit elementor-arrows-position-inside elementor-pagination-position-outside elementor-widget elementor-widget-image-carousel\" data-id=\"c8dd22c\" data-element_type=\"widget\" data-settings=\"{&quot;slides_to_show&quot;:&quot;1&quot;,&quot;navigation&quot;:&quot;both&quot;,&quot;autoplay&quot;:&quot;yes&quot;,&quot;pause_on_hover&quot;:&quot;yes&quot;,&quot;pause_on_interaction&quot;:&quot;yes&quot;,&quot;autoplay_speed&quot;:5000,&quot;infinite&quot;:&quot;yes&quot;,&quot;effect&quot;:&quot;slide&quot;,&quot;speed&quot;:500}\" data-widget_type=\"image-carousel.default\">\n\t\t\t\t<div class=\"elementor-widget-container\">\n\t\t\t\t\t\t\t<div class=\"elementor-image-carousel-wrapper swiper\" role=\"region\" aria-roledescription=\"carousel\" aria-label=\"Resim D\u00f6ng\u00fcs\u00fc\" dir=\"ltr\">\n\t\t\t<div class=\"elementor-image-carousel swiper-wrapper\" aria-live=\"off\">\n\t\t\t\t\t\t\t\t<div class=\"swiper-slide\" role=\"group\" aria-roledescription=\"slide\" aria-label=\"1 \/ 3\"><figure class=\"swiper-slide-inner\"><img decoding=\"async\" class=\"swiper-slide-image\" src=\"https:\/\/sertek.com.tr\/wp-content\/uploads\/elementor\/thumbs\/cessna-1-r073ncrnf0tkh90z83xw0nyzhkmak4uprurdab0new.jpeg\" alt=\"cessna u\u00e7u\u015f sim\u00fclat\u00f6r\u00fc\" \/><\/figure><\/div><div class=\"swiper-slide\" role=\"group\" aria-roledescription=\"slide\" aria-label=\"2 \/ 3\"><figure class=\"swiper-slide-inner\"><img decoding=\"async\" class=\"swiper-slide-image\" src=\"https:\/\/sertek.com.tr\/wp-content\/uploads\/elementor\/thumbs\/cessna-2-r073nn3vi77q0ylyjqesa3d20t7bwszrh9xpkclbig.jpeg\" alt=\"cessna sim\u00fclat\u00f6r\u00fc\" \/><\/figure><\/div><div class=\"swiper-slide\" role=\"group\" aria-roledescription=\"slide\" aria-label=\"3 \/ 3\"><figure class=\"swiper-slide-inner\"><img decoding=\"async\" class=\"swiper-slide-image\" src=\"https:\/\/sertek.com.tr\/wp-content\/uploads\/elementor\/thumbs\/cessna-3-r073nwi9ejkl928b0uh1z0znynx01s12ukgkd47ds8.jpeg\" alt=\"u\u00e7u\u015f sim\u00fclat\u00f6r\u00fc hareket platformu\" \/><\/figure><\/div>\t\t\t<\/div>\n\t\t\t\t\t\t\t\t\t\t\t\t<div class=\"elementor-swiper-button elementor-swiper-button-prev\" role=\"button\" tabindex=\"0\">\n\t\t\t\t\t\t<i aria-hidden=\"true\" class=\"eicon-chevron-left\"><\/i>\t\t\t\t\t<\/div>\n\t\t\t\t\t<div class=\"elementor-swiper-button elementor-swiper-button-next\" role=\"button\" tabindex=\"0\">\n\t\t\t\t\t\t<i aria-hidden=\"true\" class=\"eicon-chevron-right\"><\/i>\t\t\t\t\t<\/div>\n\t\t\t\t\n\t\t\t\t\t\t\t\t\t<div class=\"swiper-pagination\"><\/div>\n\t\t\t\t\t\t\t\t\t<\/div>\n\t\t\t\t\t\t<\/div>\n\t\t\t\t<\/div>\n\t\t\t\t\t<\/div>\n\t\t<\/div>\n\t\t\t\t<div class=\"elementor-column elementor-col-50 elementor-inner-column elementor-element elementor-element-040fff7\" data-id=\"040fff7\" data-element_type=\"column\">\n\t\t\t<div class=\"elementor-widget-wrap elementor-element-populated\">\n\t\t\t\t\t\t<div class=\"elementor-element elementor-element-948900b elementor-widget elementor-widget-heading\" data-id=\"948900b\" data-element_type=\"widget\" data-widget_type=\"heading.default\">\n\t\t\t\t<div class=\"elementor-widget-container\">\n\t\t\t\t\t<h1 class=\"elementor-heading-title elementor-size-default\">Cessna U\u00e7u\u015f Sim\u00fclat\u00f6r\u00fc<\/h1>\t\t\t\t<\/div>\n\t\t\t\t<\/div>\n\t\t\t\t<div class=\"elementor-element elementor-element-c9d29e9 elementor-widget elementor-widget-text-editor\" data-id=\"c9d29e9\" data-element_type=\"widget\" data-widget_type=\"text-editor.default\">\n\t\t\t\t<div class=\"elementor-widget-container\">\n\t\t\t\t\t\t\t\t\t<p>Cessna Flight Simulator, ziyaret\u00e7ilerin ger\u00e7ek pilotlar gibi hissetmelerini sa\u011flayan etkile\u015fimli bir sergidir. Pop\u00fcler Cessna 172SP&#039;nin bu son derece ayr\u0131nt\u0131l\u0131 kopyas\u0131, fiziksel bir aviyonik panel, s\u00fcr\u00fckleyici g\u00f6rseller i\u00e7in \u00fc\u00e7 kavisli ekran ve bir u\u00e7a\u011f\u0131n ger\u00e7ek hareketlerini sim\u00fcle eden \u00f6zel yap\u0131m bir hareket platformu i\u00e7erir. Sim\u00fclat\u00f6r, bir boyunduruk, d\u00fcmen, pedallar, gaz kelebe\u011fi ve aviyonik panel d\u00fc\u011fmeleriyle tam kontrol i\u015flevselli\u011fi i\u00e7erir ve ger\u00e7ek\u00e7i bir u\u00e7u\u015f deneyimi sunar. Hem havac\u0131l\u0131k merakl\u0131lar\u0131 hem de yeni ba\u015flayanlar i\u00e7in m\u00fckemmel olan Cessna Flight Simulator, u\u00e7u\u015f d\u00fcnyas\u0131nda benzersiz bir macera sa\u011flamak i\u00e7in son teknolojiyi uygulamal\u0131 \u00f6\u011frenmeyle birle\u015ftirir.<\/p>\t\t\t\t\t\t\t\t<\/div>\n\t\t\t\t<\/div>\n\t\t\t\t<div class=\"elementor-element elementor-element-d6360a1 elementor-widget-divider--view-line elementor-widget elementor-widget-divider\" data-id=\"d6360a1\" data-element_type=\"widget\" data-widget_type=\"divider.default\">\n\t\t\t\t<div class=\"elementor-widget-container\">\n\t\t\t\t\t\t\t<div class=\"elementor-divider\">\n\t\t\t<span class=\"elementor-divider-separator\">\n\t\t\t\t\t\t<\/span>\n\t\t<\/div>\n\t\t\t\t\t\t<\/div>\n\t\t\t\t<\/div>\n\t\t\t\t<div class=\"elementor-element elementor-element-54986e9 elementor-widget elementor-widget-heading\" data-id=\"54986e9\" data-element_type=\"widget\" data-widget_type=\"heading.default\">\n\t\t\t\t<div class=\"elementor-widget-container\">\n\t\t\t\t\t<h2 class=\"elementor-heading-title elementor-size-default\">Ziyaret\u00e7i Deneyimi<\/h2>\t\t\t\t<\/div>\n\t\t\t\t<\/div>\n\t\t\t\t<div class=\"elementor-element elementor-element-ab43085 elementor-widget elementor-widget-text-editor\" data-id=\"ab43085\" data-element_type=\"widget\" data-widget_type=\"text-editor.default\">\n\t\t\t\t<div class=\"elementor-widget-container\">\n\t\t\t\t\t\t\t\t\t<p>Sanal Bir G\u00f6ky\u00fcz\u00fcnde U\u00e7an Ziyaret\u00e7iler, Cessna 172SP u\u00e7u\u015f sim\u00fclat\u00f6r\u00fcn\u00fcn kokpitine ad\u0131m at\u0131yor ve sanal u\u00e7aklar\u0131n\u0131n kontrol\u00fcn\u00fc ele ge\u00e7iriyor. Kumanday\u0131 kavray\u0131p gaz, d\u00fcmen ve pedallar\u0131 \u00e7al\u0131\u015ft\u0131rarak, sim\u00fcle edilmi\u015f bir g\u00f6ky\u00fcz\u00fcnde s\u00fcz\u00fcl\u00fcrken u\u00e7a\u011f\u0131n hareketini hissedecekler. Ayr\u0131ca, panoramik bir g\u00f6r\u00fcnt\u00fc olu\u015fturan \u00fc\u00e7 b\u00fcy\u00fck, kavisli ekranla ziyaret\u00e7iler u\u00e7u\u015f ortam\u0131na tamamen dal\u0131yor. Ayr\u0131ca, u\u00e7a\u011f\u0131n hareketlerini yans\u0131tan \u00f6zel olarak yap\u0131lm\u0131\u015f hareket platformundan ger\u00e7ek zamanl\u0131 geri bildirim al\u0131rken kalk\u0131\u015f, u\u00e7u\u015f manevralar\u0131 ve ini\u015f deneyimi ya\u015fayacaklar. Aviyonik panelin i\u015flevselli\u011fi, ziyaret\u00e7ilerin t\u0131pk\u0131 ger\u00e7ek bir u\u00e7aktaki gibi aletlerle etkile\u015fime girmesini sa\u011flayarak heyecan verici ve e\u011fitici bir havac\u0131l\u0131k deneyimi sunuyor. Etkile\u015fimli \u00f6\u011feler ve ger\u00e7ek\u00e7i kontroller, bu sim\u00fclat\u00f6r\u00fc ideal bir \u00f6\u011frenme arac\u0131 haline getirerek ziyaret\u00e7ilerin e\u011flenirken u\u00e7u\u015fun temellerini uygulamas\u0131na olanak tan\u0131yor.<\/p>\t\t\t\t\t\t\t\t<\/div>\n\t\t\t\t<\/div>\n\t\t\t\t<div class=\"elementor-element elementor-element-9410a0d elementor-widget-divider--view-line elementor-widget elementor-widget-divider\" data-id=\"9410a0d\" data-element_type=\"widget\" data-widget_type=\"divider.default\">\n\t\t\t\t<div class=\"elementor-widget-container\">\n\t\t\t\t\t\t\t<div class=\"elementor-divider\">\n\t\t\t<span class=\"elementor-divider-separator\">\n\t\t\t\t\t\t<\/span>\n\t\t<\/div>\n\t\t\t\t\t\t<\/div>\n\t\t\t\t<\/div>\n\t\t\t\t<div class=\"elementor-element elementor-element-84d3357 elementor-widget elementor-widget-heading\" data-id=\"84d3357\" data-element_type=\"widget\" data-widget_type=\"heading.default\">\n\t\t\t\t<div class=\"elementor-widget-container\">\n\t\t\t\t\t<h2 class=\"elementor-heading-title elementor-size-default\">Cessna Sim\u00fclat\u00f6r\u00fcn\u00fcn \u00d6\u011frenme Sonu\u00e7lar\u0131<\/h2>\t\t\t\t<\/div>\n\t\t\t\t<\/div>\n\t\t\t\t<div class=\"elementor-element elementor-element-6f3178f elementor-widget elementor-widget-text-editor\" data-id=\"6f3178f\" data-element_type=\"widget\" data-widget_type=\"text-editor.default\">\n\t\t\t\t<div class=\"elementor-widget-container\">\n\t\t\t\t\t\t\t\t\t<ul><li><strong>U\u00e7u\u015f Mekani\u011fini Anlamak:<\/strong> Cessna U\u00e7u\u015f Sim\u00fclat\u00f6r\u00fc arac\u0131l\u0131\u011f\u0131yla ziyaret\u00e7iler aerodinamik, u\u00e7ak kontrol\u00fc ve aviyonik kullan\u0131m\u0131 gibi u\u00e7u\u015fun temel prensiplerini \u00f6\u011frenecekler. Boyunduru\u011fu, d\u00fcmeni ve gaz\u0131 manip\u00fcle ederken pilotlar\u0131n u\u00e7u\u015fun farkl\u0131 a\u015famalar\u0131n\u0131 nas\u0131l y\u00f6netti\u011fine dair uygulamal\u0131 bir anlay\u0131\u015f geli\u015ftirecekler. U\u00e7u\u015f mekani\u011fini ilk elden deneyimleyerek kat\u0131l\u0131mc\u0131lar bir u\u00e7a\u011f\u0131 u\u00e7urman\u0131n karma\u015f\u0131kl\u0131klar\u0131 konusunda daha derin bir anlay\u0131\u015f kazanacaklar. Cessna u\u00e7u\u015f sim\u00fclat\u00f6r\u00fc ayr\u0131ca havac\u0131l\u0131k teknolojisine dair i\u00e7g\u00f6r\u00fcler sunarak ziyaret\u00e7ilerin ger\u00e7ek bir kokpitte bulunan \u00e7e\u015fitli kontrollerin ve aletlerin rollerini anlamalar\u0131n\u0131 sa\u011flar. \u0130ster yeni ba\u015flayan bir havac\u0131 olun ister sadece u\u00e7aklar\u0131n nas\u0131l \u00e7al\u0131\u015ft\u0131\u011f\u0131na merakl\u0131 olun, bu sergi u\u00e7u\u015fun ard\u0131ndaki bilimi ke\u015ffetmenin benzersiz ve ilgi \u00e7ekici bir yolunu sunuyor.<\/li><li><strong><a href=\"https:\/\/www.britannica.com\/technology\/aviation\" target=\"_blank\" rel=\"noopener\">Havac\u0131l\u0131k<\/a> Temeller:<\/strong> Ziyaret\u00e7iler, ger\u00e7ek\u00e7i bir u\u00e7u\u015f sim\u00fclat\u00f6r\u00fcyle uygulamal\u0131 etkile\u015fim yoluyla u\u00e7u\u015f dinamikleri, u\u00e7ak kontrolleri ve navigasyon hakk\u0131nda bilgi ediniyorlar.<\/li><li><strong><a href=\"https:\/\/stem.org\/\" target=\"_blank\" rel=\"noopener\">K\u00d6K<\/a> E\u011fitim:<\/strong> Sim\u00fclat\u00f6r, fizik, m\u00fchendislik ve teknolojinin temel prensiplerini g\u00f6stererek deneyimi hem e\u011flenceli hem de e\u011fitici hale getiriyor.<\/li><li><strong>Pilot Bak\u0131\u015f A\u00e7\u0131s\u0131:<\/strong> Pilot koltu\u011funun sim\u00fcle edilmesiyle ziyaret\u00e7iler, bir u\u00e7a\u011f\u0131 kullanmak i\u00e7in gereken beceri ve konsantrasyonu takdir ediyor ve bu da \u00f6\u011frenme deneyimini hem zorlu hem de \u00f6d\u00fcllendirici hale getiriyor.<\/li><\/ul><p>Cessna U\u00e7u\u015f Sim\u00fclat\u00f6r\u00fc y\u00fcksek kaliteli bir havac\u0131l\u0131k maceras\u0131 sunar. Ayr\u0131ca, geli\u015fmi\u015f teknolojiyi u\u00e7u\u015fun heyecan\u0131yla birle\u015ftirerek her ya\u015ftan ziyaret\u00e7i i\u00e7in unutulmaz ve e\u011fitici bir deneyim yarat\u0131r.<\/p>\t\t\t\t\t\t\t\t<\/div>\n\t\t\t\t<\/div>\n\t\t\t\t<div class=\"elementor-element elementor-element-a39f289 elementor-widget-divider--view-line elementor-widget elementor-widget-divider\" data-id=\"a39f289\" data-element_type=\"widget\" data-widget_type=\"divider.default\">\n\t\t\t\t<div class=\"elementor-widget-container\">\n\t\t\t\t\t\t\t<div class=\"elementor-divider\">\n\t\t\t<span class=\"elementor-divider-separator\">\n\t\t\t\t\t\t<\/span>\n\t\t<\/div>\n\t\t\t\t\t\t<\/div>\n\t\t\t\t<\/div>\n\t\t\t\t<div class=\"elementor-element elementor-element-a716a2d elementor-widget elementor-widget-heading\" data-id=\"a716a2d\" data-element_type=\"widget\" data-widget_type=\"heading.default\">\n\t\t\t\t<div class=\"elementor-widget-container\">\n\t\t\t\t\t<h2 class=\"elementor-heading-title elementor-size-default\">Hedef Ya\u015f<\/h2>\t\t\t\t<\/div>\n\t\t\t\t<\/div>\n\t\t\t\t<div class=\"elementor-element elementor-element-774312e elementor-icon-list--layout-traditional elementor-list-item-link-full_width elementor-widget elementor-widget-icon-list\" data-id=\"774312e\" data-element_type=\"widget\" data-widget_type=\"icon-list.default\">\n\t\t\t\t<div class=\"elementor-widget-container\">\n\t\t\t\t\t\t\t<ul class=\"elementor-icon-list-items\">\n\t\t\t\t\t\t\t<li class=\"elementor-icon-list-item\">\n\t\t\t\t\t\t\t\t\t\t\t<span class=\"elementor-icon-list-icon\">\n\t\t\t\t\t\t\t<i aria-hidden=\"true\" class=\"fas fa-check\"><\/i>\t\t\t\t\t\t<\/span>\n\t\t\t\t\t\t\t\t\t\t<span class=\"elementor-icon-list-text\">Her Ya\u015f<\/span>\n\t\t\t\t\t\t\t\t\t<\/li>\n\t\t\t\t\t\t<\/ul>\n\t\t\t\t\t\t<\/div>\n\t\t\t\t<\/div>\n\t\t\t\t<div class=\"elementor-element elementor-element-039d75a elementor-widget-divider--view-line elementor-widget elementor-widget-divider\" data-id=\"039d75a\" data-element_type=\"widget\" data-widget_type=\"divider.default\">\n\t\t\t\t<div class=\"elementor-widget-container\">\n\t\t\t\t\t\t\t<div class=\"elementor-divider\">\n\t\t\t<span class=\"elementor-divider-separator\">\n\t\t\t\t\t\t<\/span>\n\t\t<\/div>\n\t\t\t\t\t\t<\/div>\n\t\t\t\t<\/div>\n\t\t\t\t<div class=\"elementor-element elementor-element-f65e0f0 elementor-widget elementor-widget-heading\" data-id=\"f65e0f0\" data-element_type=\"widget\" data-widget_type=\"heading.default\">\n\t\t\t\t<div class=\"elementor-widget-container\">\n\t\t\t\t\t<h2 class=\"elementor-heading-title elementor-size-default\">Uygulanabilir Temalar<\/h2>\t\t\t\t<\/div>\n\t\t\t\t<\/div>\n\t\t\t\t<div class=\"elementor-element elementor-element-e104779 elementor-icon-list--layout-traditional elementor-list-item-link-full_width elementor-widget elementor-widget-icon-list\" data-id=\"e104779\" data-element_type=\"widget\" data-widget_type=\"icon-list.default\">\n\t\t\t\t<div class=\"elementor-widget-container\">\n\t\t\t\t\t\t\t<ul class=\"elementor-icon-list-items\">\n\t\t\t\t\t\t\t<li class=\"elementor-icon-list-item\">\n\t\t\t\t\t\t\t\t\t\t\t<a href=\"https:\/\/sertek.com.tr\/tr\/uzay-temali-sergiler\/\">\n\n\t\t\t\t\t\t\t\t\t\t\t\t<span class=\"elementor-icon-list-icon\">\n\t\t\t\t\t\t\t<i aria-hidden=\"true\" class=\"fas fa-space-shuttle\"><\/i>\t\t\t\t\t\t<\/span>\n\t\t\t\t\t\t\t\t\t\t<span class=\"elementor-icon-list-text\">Uzay<\/span>\n\t\t\t\t\t\t\t\t\t\t\t<\/a>\n\t\t\t\t\t\t\t\t\t<\/li>\n\t\t\t\t\t\t\t\t<li class=\"elementor-icon-list-item\">\n\t\t\t\t\t\t\t\t\t\t\t<span class=\"elementor-icon-list-icon\">\n\t\t\t\t\t\t\t<i aria-hidden=\"true\" class=\"fas fa-plane\"><\/i>\t\t\t\t\t\t<\/span>\n\t\t\t\t\t\t\t\t\t\t<span class=\"elementor-icon-list-text\">Sim\u00fclat\u00f6r<\/span>\n\t\t\t\t\t\t\t\t\t<\/li>\n\t\t\t\t\t\t<\/ul>\n\t\t\t\t\t\t<\/div>\n\t\t\t\t<\/div>\n\t\t\t\t\t<\/div>\n\t\t<\/div>\n\t\t\t\t\t<\/div>\n\t\t<\/section>\n\t\t\t\t<div class=\"elementor-element elementor-element-b458126 elementor-widget elementor-widget-spacer\" data-id=\"b458126\" data-element_type=\"widget\" data-widget_type=\"spacer.default\">\n\t\t\t\t<div class=\"elementor-widget-container\">\n\t\t\t\t\t\t\t<div class=\"elementor-spacer\">\n\t\t\t<div class=\"elementor-spacer-inner\"><\/div>\n\t\t<\/div>\n\t\t\t\t\t\t<\/div>\n\t\t\t\t<\/div>\n\t\t\t\t\t<\/div>\n\t\t<\/div>\n\t\t\t\t\t<\/div>\n\t\t<\/section>\n\t\t\t\t<\/div>","protected":false},"excerpt":{"rendered":"<p>Cessna Flight Simulator Cessna Flight Simulator, an interactive exhibit that allows visitors to feel like real pilots. This highly detailed replica of the popular [&hellip;]<\/p>","protected":false},"author":1,"featured_media":8672,"parent":0,"menu_order":0,"comment_status":"closed","ping_status":"closed","template":"page-custom.php","meta":{"om_disable_all_campaigns":false,"_monsterinsights_skip_tracking":false,"_monsterinsights_sitenote_active":false,"_monsterinsights_sitenote_note":"","_monsterinsights_sitenote_category":0,"_uf_show_specific_survey":0,"_uf_disable_surveys":false,"footnotes":""},"class_list":["post-7609","page","type-page","status-publish","has-post-thumbnail","hentry"],"acf":{"full_width":false,"header_transparent":false,"header_white":false},"aioseo_notices":[],"yoast_head":"<!-- This site is optimized with the Yoast SEO plugin v26.9 - https:\/\/yoast.com\/product\/yoast-seo-wordpress\/ -->\n<title>Cessna Flight Simulator - Sertek Exhibitions<\/title>\n<meta name=\"description\" content=\"The Cessna 172SP Flight Simulator allows visitors to take the controls of a Cessna plane in an immersive and thrilling experience.\" \/>\n<meta name=\"robots\" content=\"index, follow, max-snippet:-1, max-image-preview:large, max-video-preview:-1\" \/>\n<link rel=\"canonical\" href=\"https:\/\/sertek.com.tr\/tr\/cessna-ucus-simulatoru\/\" \/>\n<meta property=\"og:locale\" content=\"tr_TR\" \/>\n<meta property=\"og:type\" content=\"article\" \/>\n<meta property=\"og:title\" content=\"Cessna Flight Simulator - Sertek Exhibitions\" \/>\n<meta property=\"og:description\" content=\"The Cessna 172SP Flight Simulator allows visitors to take the controls of a Cessna plane in an immersive and thrilling experience.\" \/>\n<meta property=\"og:url\" content=\"https:\/\/sertek.com.tr\/tr\/cessna-ucus-simulatoru\/\" \/>\n<meta property=\"og:site_name\" content=\"Sertek Exhibitions\" \/>\n<meta property=\"article:modified_time\" content=\"2025-01-18T16:46:53+00:00\" \/>\n<meta property=\"og:image\" content=\"https:\/\/sertek.com.tr\/wp-content\/uploads\/2025\/01\/cessna-1.jpeg\" \/>\n\t<meta property=\"og:image:width\" content=\"1600\" \/>\n\t<meta property=\"og:image:height\" content=\"1200\" \/>\n\t<meta property=\"og:image:type\" content=\"image\/jpeg\" \/>\n<meta name=\"twitter:card\" content=\"summary_large_image\" \/>\n<meta name=\"twitter:label1\" content=\"Tahmini okuma s\u00fcresi\" \/>\n\t<meta name=\"twitter:data1\" content=\"4 dakika\" \/>\n<script type=\"application\/ld+json\" class=\"yoast-schema-graph\">{\"@context\":\"https:\/\/schema.org\",\"@graph\":[{\"@type\":\"WebPage\",\"@id\":\"https:\/\/sertek.com.tr\/en\/cessna-flight-simulator\/\",\"url\":\"https:\/\/sertek.com.tr\/en\/cessna-flight-simulator\/\",\"name\":\"Cessna Flight Simulator - Sertek Exhibitions\",\"isPartOf\":{\"@id\":\"https:\/\/sertek.com.tr\/en\/#website\"},\"primaryImageOfPage\":{\"@id\":\"https:\/\/sertek.com.tr\/en\/cessna-flight-simulator\/#primaryimage\"},\"image\":{\"@id\":\"https:\/\/sertek.com.tr\/en\/cessna-flight-simulator\/#primaryimage\"},\"thumbnailUrl\":\"https:\/\/sertek.com.tr\/wp-content\/uploads\/2025\/01\/cessna-1.jpeg\",\"datePublished\":\"2024-09-14T16:02:03+00:00\",\"dateModified\":\"2025-01-18T16:46:53+00:00\",\"description\":\"The Cessna 172SP Flight Simulator allows visitors to take the controls of a Cessna plane in an immersive and thrilling experience.\",\"breadcrumb\":{\"@id\":\"https:\/\/sertek.com.tr\/en\/cessna-flight-simulator\/#breadcrumb\"},\"inLanguage\":\"tr\",\"potentialAction\":[{\"@type\":\"ReadAction\",\"target\":[\"https:\/\/sertek.com.tr\/en\/cessna-flight-simulator\/\"]}]},{\"@type\":\"ImageObject\",\"inLanguage\":\"tr\",\"@id\":\"https:\/\/sertek.com.tr\/en\/cessna-flight-simulator\/#primaryimage\",\"url\":\"https:\/\/sertek.com.tr\/wp-content\/uploads\/2025\/01\/cessna-1.jpeg\",\"contentUrl\":\"https:\/\/sertek.com.tr\/wp-content\/uploads\/2025\/01\/cessna-1.jpeg\",\"width\":1600,\"height\":1200,\"caption\":\"cessna flight simulator\"},{\"@type\":\"BreadcrumbList\",\"@id\":\"https:\/\/sertek.com.tr\/en\/cessna-flight-simulator\/#breadcrumb\",\"itemListElement\":[{\"@type\":\"ListItem\",\"position\":1,\"name\":\"Home\",\"item\":\"https:\/\/sertek.com.tr\/\"},{\"@type\":\"ListItem\",\"position\":2,\"name\":\"Cessna Flight Simulator\"}]},{\"@type\":\"WebSite\",\"@id\":\"https:\/\/sertek.com.tr\/en\/#website\",\"url\":\"https:\/\/sertek.com.tr\/en\/\",\"name\":\"Sertek Exhibitions\",\"description\":\"Sertek Exhibitons\",\"publisher\":{\"@id\":\"https:\/\/sertek.com.tr\/en\/#organization\"},\"potentialAction\":[{\"@type\":\"SearchAction\",\"target\":{\"@type\":\"EntryPoint\",\"urlTemplate\":\"https:\/\/sertek.com.tr\/en\/?s={search_term_string}\"},\"query-input\":{\"@type\":\"PropertyValueSpecification\",\"valueRequired\":true,\"valueName\":\"search_term_string\"}}],\"inLanguage\":\"tr\"},{\"@type\":\"Organization\",\"@id\":\"https:\/\/sertek.com.tr\/en\/#organization\",\"name\":\"Sertek Exhibitions\",\"url\":\"https:\/\/sertek.com.tr\/en\/\",\"logo\":{\"@type\":\"ImageObject\",\"inLanguage\":\"tr\",\"@id\":\"https:\/\/sertek.com.tr\/en\/#\/schema\/logo\/image\/\",\"url\":\"https:\/\/sertek.com.tr\/wp-content\/uploads\/2023\/06\/SertekLogo-1.png\",\"contentUrl\":\"https:\/\/sertek.com.tr\/wp-content\/uploads\/2023\/06\/SertekLogo-1.png\",\"width\":300,\"height\":49,\"caption\":\"Sertek Exhibitions\"},\"image\":{\"@id\":\"https:\/\/sertek.com.tr\/en\/#\/schema\/logo\/image\/\"},\"sameAs\":[\"https:\/\/www.linkedin.com\/company\/sertek-exhibitions\/\"]}]}<\/script>\n<!-- \/ Yoast SEO plugin. -->","yoast_head_json":{"title":"Cessna Flight Simulator - Sertek Exhibitions","description":"The Cessna 172SP Flight Simulator allows visitors to take the controls of a Cessna plane in an immersive and thrilling experience.","robots":{"index":"index","follow":"follow","max-snippet":"max-snippet:-1","max-image-preview":"max-image-preview:large","max-video-preview":"max-video-preview:-1"},"canonical":"https:\/\/sertek.com.tr\/tr\/cessna-ucus-simulatoru\/","og_locale":"tr_TR","og_type":"article","og_title":"Cessna Flight Simulator - Sertek Exhibitions","og_description":"The Cessna 172SP Flight Simulator allows visitors to take the controls of a Cessna plane in an immersive and thrilling experience.","og_url":"https:\/\/sertek.com.tr\/tr\/cessna-ucus-simulatoru\/","og_site_name":"Sertek Exhibitions","article_modified_time":"2025-01-18T16:46:53+00:00","og_image":[{"width":1600,"height":1200,"url":"https:\/\/sertek.com.tr\/wp-content\/uploads\/2025\/01\/cessna-1.jpeg","type":"image\/jpeg"}],"twitter_card":"summary_large_image","twitter_misc":{"Tahmini okuma s\u00fcresi":"4 dakika"},"schema":{"@context":"https:\/\/schema.org","@graph":[{"@type":"WebPage","@id":"https:\/\/sertek.com.tr\/en\/cessna-flight-simulator\/","url":"https:\/\/sertek.com.tr\/en\/cessna-flight-simulator\/","name":"Cessna Flight Simulator - Sertek Exhibitions","isPartOf":{"@id":"https:\/\/sertek.com.tr\/en\/#website"},"primaryImageOfPage":{"@id":"https:\/\/sertek.com.tr\/en\/cessna-flight-simulator\/#primaryimage"},"image":{"@id":"https:\/\/sertek.com.tr\/en\/cessna-flight-simulator\/#primaryimage"},"thumbnailUrl":"https:\/\/sertek.com.tr\/wp-content\/uploads\/2025\/01\/cessna-1.jpeg","datePublished":"2024-09-14T16:02:03+00:00","dateModified":"2025-01-18T16:46:53+00:00","description":"The Cessna 172SP Flight Simulator allows visitors to take the controls of a Cessna plane in an immersive and thrilling experience.","breadcrumb":{"@id":"https:\/\/sertek.com.tr\/en\/cessna-flight-simulator\/#breadcrumb"},"inLanguage":"tr","potentialAction":[{"@type":"ReadAction","target":["https:\/\/sertek.com.tr\/en\/cessna-flight-simulator\/"]}]},{"@type":"ImageObject","inLanguage":"tr","@id":"https:\/\/sertek.com.tr\/en\/cessna-flight-simulator\/#primaryimage","url":"https:\/\/sertek.com.tr\/wp-content\/uploads\/2025\/01\/cessna-1.jpeg","contentUrl":"https:\/\/sertek.com.tr\/wp-content\/uploads\/2025\/01\/cessna-1.jpeg","width":1600,"height":1200,"caption":"cessna flight simulator"},{"@type":"BreadcrumbList","@id":"https:\/\/sertek.com.tr\/en\/cessna-flight-simulator\/#breadcrumb","itemListElement":[{"@type":"ListItem","position":1,"name":"Home","item":"https:\/\/sertek.com.tr\/"},{"@type":"ListItem","position":2,"name":"Cessna Flight Simulator"}]},{"@type":"WebSite","@id":"https:\/\/sertek.com.tr\/en\/#website","url":"https:\/\/sertek.com.tr\/en\/","name":"Sertek Exhibitions","description":"Sertek Exhibitons","publisher":{"@id":"https:\/\/sertek.com.tr\/en\/#organization"},"potentialAction":[{"@type":"SearchAction","target":{"@type":"EntryPoint","urlTemplate":"https:\/\/sertek.com.tr\/en\/?s={search_term_string}"},"query-input":{"@type":"PropertyValueSpecification","valueRequired":true,"valueName":"search_term_string"}}],"inLanguage":"tr"},{"@type":"Organization","@id":"https:\/\/sertek.com.tr\/en\/#organization","name":"Sertek Exhibitions","url":"https:\/\/sertek.com.tr\/en\/","logo":{"@type":"ImageObject","inLanguage":"tr","@id":"https:\/\/sertek.com.tr\/en\/#\/schema\/logo\/image\/","url":"https:\/\/sertek.com.tr\/wp-content\/uploads\/2023\/06\/SertekLogo-1.png","contentUrl":"https:\/\/sertek.com.tr\/wp-content\/uploads\/2023\/06\/SertekLogo-1.png","width":300,"height":49,"caption":"Sertek Exhibitions"},"image":{"@id":"https:\/\/sertek.com.tr\/en\/#\/schema\/logo\/image\/"},"sameAs":["https:\/\/www.linkedin.com\/company\/sertek-exhibitions\/"]}]}},"jetpack_sharing_enabled":true,"_links":{"self":[{"href":"https:\/\/sertek.com.tr\/tr\/wp-json\/wp\/v2\/pages\/7609","targetHints":{"allow":["GET"]}}],"collection":[{"href":"https:\/\/sertek.com.tr\/tr\/wp-json\/wp\/v2\/pages"}],"about":[{"href":"https:\/\/sertek.com.tr\/tr\/wp-json\/wp\/v2\/types\/page"}],"author":[{"embeddable":true,"href":"https:\/\/sertek.com.tr\/tr\/wp-json\/wp\/v2\/users\/1"}],"replies":[{"embeddable":true,"href":"https:\/\/sertek.com.tr\/tr\/wp-json\/wp\/v2\/comments?post=7609"}],"version-history":[{"count":20,"href":"https:\/\/sertek.com.tr\/tr\/wp-json\/wp\/v2\/pages\/7609\/revisions"}],"predecessor-version":[{"id":8680,"href":"https:\/\/sertek.com.tr\/tr\/wp-json\/wp\/v2\/pages\/7609\/revisions\/8680"}],"wp:featuredmedia":[{"embeddable":true,"href":"https:\/\/sertek.com.tr\/tr\/wp-json\/wp\/v2\/media\/8672"}],"wp:attachment":[{"href":"https:\/\/sertek.com.tr\/tr\/wp-json\/wp\/v2\/media?parent=7609"}],"curies":[{"name":"wp","href":"https:\/\/api.w.org\/{rel}","templated":true}]}}