{"id":7706,"date":"2024-09-21T14:28:11","date_gmt":"2024-09-21T14:28:11","guid":{"rendered":"https:\/\/sertek.com.tr\/?page_id=7706"},"modified":"2025-01-26T21:32:06","modified_gmt":"2025-01-26T21:32:06","slug":"orrery-exhibit","status":"publish","type":"page","link":"https:\/\/sertek.com.tr\/tr\/orrery-sergi\/","title":{"rendered":"Orrery Sergisi"},"content":{"rendered":"<div data-elementor-type=\"wp-page\" data-elementor-id=\"7706\" class=\"elementor elementor-7706\" data-elementor-settings=\"{&quot;ha_cmc_init_switcher&quot;:&quot;no&quot;}\">\n\t\t\t\t\t\t<section class=\"elementor-section elementor-top-section elementor-element elementor-element-9f5181a elementor-section-boxed elementor-section-height-default elementor-section-height-default\" data-id=\"9f5181a\" data-element_type=\"section\" data-settings=\"{&quot;_ha_eqh_enable&quot;:false}\">\n\t\t\t\t\t\t<div class=\"elementor-container elementor-column-gap-extended\">\n\t\t\t\t\t<div class=\"elementor-column elementor-col-100 elementor-top-column elementor-element elementor-element-e397ea5\" data-id=\"e397ea5\" data-element_type=\"column\">\n\t\t\t<div class=\"elementor-widget-wrap elementor-element-populated\">\n\t\t\t\t\t\t<section class=\"elementor-section elementor-inner-section elementor-element elementor-element-5b556ef elementor-section-full_width elementor-section-height-default elementor-section-height-default\" data-id=\"5b556ef\" data-element_type=\"section\" data-settings=\"{&quot;background_background&quot;:&quot;classic&quot;,&quot;_ha_eqh_enable&quot;:false}\">\n\t\t\t\t\t\t<div class=\"elementor-container elementor-column-gap-wide\">\n\t\t\t\t\t<div class=\"elementor-column elementor-col-50 elementor-inner-column elementor-element elementor-element-de5a87a has-sticky-column\" data-id=\"de5a87a\" data-element_type=\"column\">\n\t\t\t<div class=\"elementor-widget-wrap elementor-element-populated\">\n\t\t\t\t\t\t<div class=\"elementor-element elementor-element-c8dd22c elementor-widget__width-inherit elementor-arrows-position-inside elementor-pagination-position-outside elementor-widget elementor-widget-image-carousel\" data-id=\"c8dd22c\" data-element_type=\"widget\" data-settings=\"{&quot;slides_to_show&quot;:&quot;1&quot;,&quot;navigation&quot;:&quot;both&quot;,&quot;autoplay&quot;:&quot;yes&quot;,&quot;pause_on_hover&quot;:&quot;yes&quot;,&quot;pause_on_interaction&quot;:&quot;yes&quot;,&quot;autoplay_speed&quot;:5000,&quot;infinite&quot;:&quot;yes&quot;,&quot;effect&quot;:&quot;slide&quot;,&quot;speed&quot;:500}\" data-widget_type=\"image-carousel.default\">\n\t\t\t\t<div class=\"elementor-widget-container\">\n\t\t\t\t\t\t\t<div class=\"elementor-image-carousel-wrapper swiper\" role=\"region\" aria-roledescription=\"carousel\" aria-label=\"Resim D\u00f6ng\u00fcs\u00fc\" dir=\"ltr\">\n\t\t\t<div class=\"elementor-image-carousel swiper-wrapper\" aria-live=\"off\">\n\t\t\t\t\t\t\t\t<div class=\"swiper-slide\" role=\"group\" aria-roledescription=\"slide\" aria-label=\"1 \/ 3\"><figure class=\"swiper-slide-inner\"><img decoding=\"async\" class=\"swiper-slide-image\" src=\"https:\/\/sertek.com.tr\/wp-content\/uploads\/elementor\/thumbs\/Orrery3-r0ldfqahyiyqxo0cdrpfdo47jgc5zz6kgewlvk99qg.png\" alt=\"d\u00fczenli sergi\" \/><\/figure><\/div><div class=\"swiper-slide\" role=\"group\" aria-roledescription=\"slide\" aria-label=\"2 \/ 3\"><figure class=\"swiper-slide-inner\"><img decoding=\"async\" class=\"swiper-slide-image\" src=\"https:\/\/sertek.com.tr\/wp-content\/uploads\/elementor\/thumbs\/Orrery1-r0ldjil3hi5bp4id9wmbx7q1oboe037nb5i0gon6o8.png\" alt=\"orrery etkile\u015fimli\" \/><\/figure><\/div><div class=\"swiper-slide\" role=\"group\" aria-roledescription=\"slide\" aria-label=\"3 \/ 3\"><figure class=\"swiper-slide-inner\"><img decoding=\"async\" class=\"swiper-slide-image\" src=\"https:\/\/sertek.com.tr\/wp-content\/uploads\/elementor\/thumbs\/Orrery2-r0ldl8mg0ki8ze097nfphs2gvr6m441xjok24y379k.png\" alt=\"g\u00fcne\u015f sistemi sergisi\" \/><\/figure><\/div>\t\t\t<\/div>\n\t\t\t\t\t\t\t\t\t\t\t\t<div class=\"elementor-swiper-button elementor-swiper-button-prev\" role=\"button\" tabindex=\"0\">\n\t\t\t\t\t\t<i aria-hidden=\"true\" class=\"eicon-chevron-left\"><\/i>\t\t\t\t\t<\/div>\n\t\t\t\t\t<div class=\"elementor-swiper-button elementor-swiper-button-next\" role=\"button\" tabindex=\"0\">\n\t\t\t\t\t\t<i aria-hidden=\"true\" class=\"eicon-chevron-right\"><\/i>\t\t\t\t\t<\/div>\n\t\t\t\t\n\t\t\t\t\t\t\t\t\t<div class=\"swiper-pagination\"><\/div>\n\t\t\t\t\t\t\t\t\t<\/div>\n\t\t\t\t\t\t<\/div>\n\t\t\t\t<\/div>\n\t\t\t\t\t<\/div>\n\t\t<\/div>\n\t\t\t\t<div class=\"elementor-column elementor-col-50 elementor-inner-column elementor-element elementor-element-040fff7\" data-id=\"040fff7\" data-element_type=\"column\">\n\t\t\t<div class=\"elementor-widget-wrap elementor-element-populated\">\n\t\t\t\t\t\t<div class=\"elementor-element elementor-element-948900b elementor-widget elementor-widget-heading\" data-id=\"948900b\" data-element_type=\"widget\" data-widget_type=\"heading.default\">\n\t\t\t\t<div class=\"elementor-widget-container\">\n\t\t\t\t\t<h1 class=\"elementor-heading-title elementor-size-default\">Orrery Sergisi<\/h1>\t\t\t\t<\/div>\n\t\t\t\t<\/div>\n\t\t\t\t<div class=\"elementor-element elementor-element-c9d29e9 elementor-widget elementor-widget-text-editor\" data-id=\"c9d29e9\" data-element_type=\"widget\" data-widget_type=\"text-editor.default\">\n\t\t\t\t<div class=\"elementor-widget-container\">\n\t\t\t\t\t\t\t\t\t<p>Orrery sergisi ziyaret\u00e7ilere g\u00fcne\u015f sistemimizdeki gezegenlerin hareketini y\u00f6neten yasalar\u0131n ilgi \u00e7ekici bir g\u00f6sterimini sunar. Bu elektromekanik model, g\u00fcne\u015f sistemini hareket halinde sergileyerek ziyaret\u00e7ilerin gezegenlerin G\u00fcne\u015f etraf\u0131nda nas\u0131l d\u00f6nd\u00fc\u011f\u00fcn\u00fc ve birbirleriyle nas\u0131l etkile\u015fime girdi\u011fini g\u00f6zlemlemelerine olanak tan\u0131r. Ziyaret\u00e7iler bu modeldeki hareketlere tan\u0131kl\u0131k ederek gezegen hareketini y\u00f6neten ilkeler hakk\u0131nda daha net bir anlay\u0131\u015f kazan\u0131rlar.<\/p>\t\t\t\t\t\t\t\t<\/div>\n\t\t\t\t<\/div>\n\t\t\t\t<div class=\"elementor-element elementor-element-d6360a1 elementor-widget-divider--view-line elementor-widget elementor-widget-divider\" data-id=\"d6360a1\" data-element_type=\"widget\" data-widget_type=\"divider.default\">\n\t\t\t\t<div class=\"elementor-widget-container\">\n\t\t\t\t\t\t\t<div class=\"elementor-divider\">\n\t\t\t<span class=\"elementor-divider-separator\">\n\t\t\t\t\t\t<\/span>\n\t\t<\/div>\n\t\t\t\t\t\t<\/div>\n\t\t\t\t<\/div>\n\t\t\t\t<div class=\"elementor-element elementor-element-54986e9 elementor-widget elementor-widget-heading\" data-id=\"54986e9\" data-element_type=\"widget\" data-widget_type=\"heading.default\">\n\t\t\t\t<div class=\"elementor-widget-container\">\n\t\t\t\t\t<h2 class=\"elementor-heading-title elementor-size-default\">Hava Roketi Ziyaret\u00e7i Deneyimi<\/h2>\t\t\t\t<\/div>\n\t\t\t\t<\/div>\n\t\t\t\t<div class=\"elementor-element elementor-element-ab43085 elementor-widget elementor-widget-text-editor\" data-id=\"ab43085\" data-element_type=\"widget\" data-widget_type=\"text-editor.default\">\n\t\t\t\t<div class=\"elementor-widget-container\">\n\t\t\t\t\t\t\t\t\t<p>Ziyaret\u00e7iler, g\u00f6k mekani\u011finin b\u00fcy\u00fcleyici bir g\u00f6sterisine tan\u0131k olmak i\u00e7in Orrery&#039;nin etraf\u0131nda toplan\u0131rlar. Model gezegenler merkezi G\u00fcne\u015f&#039;in etraf\u0131nda d\u00f6nerken, her gezegenin hareketinin g\u00f6reli h\u0131zlar\u0131n\u0131 ve mesafelerini g\u00f6zlemleyebilirler. G\u00fcne\u015f sisteminin bu g\u00f6rsel temsili, gezegensel hareketin sezgisel bir kavray\u0131\u015f\u0131n\u0131 sa\u011flar. Baz\u0131 \u00f6rnekler, gezegenlerin eliptik y\u00f6r\u00fcngeleri, y\u00f6r\u00fcnge periyotlar\u0131 ve yer\u00e7ekiminin yollar\u0131 \u00fczerindeki etkisidir.<\/p>\t\t\t\t\t\t\t\t<\/div>\n\t\t\t\t<\/div>\n\t\t\t\t<div class=\"elementor-element elementor-element-9410a0d elementor-widget-divider--view-line elementor-widget elementor-widget-divider\" data-id=\"9410a0d\" data-element_type=\"widget\" data-widget_type=\"divider.default\">\n\t\t\t\t<div class=\"elementor-widget-container\">\n\t\t\t\t\t\t\t<div class=\"elementor-divider\">\n\t\t\t<span class=\"elementor-divider-separator\">\n\t\t\t\t\t\t<\/span>\n\t\t<\/div>\n\t\t\t\t\t\t<\/div>\n\t\t\t\t<\/div>\n\t\t\t\t<div class=\"elementor-element elementor-element-84d3357 elementor-widget elementor-widget-heading\" data-id=\"84d3357\" data-element_type=\"widget\" data-widget_type=\"heading.default\">\n\t\t\t\t<div class=\"elementor-widget-container\">\n\t\t\t\t\t<h2 class=\"elementor-heading-title elementor-size-default\">\u00d6ne \u00c7\u0131kan \u00d6zellikler<\/h2>\t\t\t\t<\/div>\n\t\t\t\t<\/div>\n\t\t\t\t<div class=\"elementor-element elementor-element-6f3178f elementor-widget elementor-widget-text-editor\" data-id=\"6f3178f\" data-element_type=\"widget\" data-widget_type=\"text-editor.default\">\n\t\t\t\t<div class=\"elementor-widget-container\">\n\t\t\t\t\t\t\t\t\t<ul><li><strong><a href=\"https:\/\/en.wikipedia.org\/wiki\/Orbital_mechanics#:~:text=Orbital%20mechanics%20or%20astrodynamics%20is,the%20law%20of%20universal%20gravitation.\" target=\"_blank\" rel=\"noopener\">Y\u00f6r\u00fcnge Mekani\u011fi<\/a>:<\/strong> Ziyaret\u00e7iler gezegenlerin Kepler&#039;in gezegen hareketi yasalar\u0131na g\u00f6re eliptik yollarda G\u00fcne\u015f&#039;in etraf\u0131nda nas\u0131l d\u00f6nd\u00fc\u011f\u00fcn\u00fc \u00f6\u011frenirler. Bir gezegenin G\u00fcne\u015f&#039;e yakla\u015ft\u0131k\u00e7a veya uzakla\u015ft\u0131k\u00e7a h\u0131z\u0131n\u0131n nas\u0131l de\u011fi\u015fti\u011fine tan\u0131k olurlar.<\/li><li><strong>\u00d6l\u00e7e\u011fi Anlamak:<\/strong> Sergi, ziyaret\u00e7ilerin gezegenler aras\u0131ndaki muazzam mesafeleri ve bunlar\u0131n y\u00f6r\u00fcnge h\u0131zlar\u0131n\u0131 anlamalar\u0131na yard\u0131mc\u0131 olarak, g\u00fcne\u015f sistemimizdeki \u00f6l\u00e7ek hakk\u0131nda daha iyi bir fikir sa\u011fl\u0131yor.<\/li><li><strong>Yer\u00e7ekimi Etkisi:<\/strong> Ziyaret\u00e7iler, model gezegenlerin hareketini izleyerek, k\u00fctle \u00e7ekim kuvvetlerinin gezegenlerin G\u00fcne\u015f etraf\u0131ndaki y\u00f6r\u00fcngelerini nas\u0131l etkiledi\u011fini kavrayabiliyor.<\/li><li><strong>Tarihsel Bak\u0131\u015f:<\/strong> Orrery, g\u00fcne\u015f sistemini g\u00f6rselle\u015ftirmenin tarihsel y\u00f6ntemlerine dair bir bak\u0131\u015f sunarak, modern teknolojinin ortaya \u00e7\u0131kmas\u0131ndan \u00e7ok \u00f6nce erken d\u00f6nem astronomlar\u0131n\u0131n gezegen hareketlerini nas\u0131l modellediklerini vurguluyor.<\/li><li><strong>Uygulamal\u0131 G\u00f6zlem:<\/strong> Orrery elektromekanik bir model olsa da, ziyaret\u00e7ilerin teorik kavramlar\u0131 ger\u00e7ek d\u00fcnya g\u00f6zlemleriyle ili\u015fkilendirmelerine yard\u0131mc\u0131 olarak g\u00fcne\u015f sistemini eylem halinde g\u00f6zlemlemek i\u00e7in uygulamal\u0131 bir ara\u00e7 g\u00f6revi g\u00f6r\u00fcyor.<\/li><\/ul>\t\t\t\t\t\t\t\t<\/div>\n\t\t\t\t<\/div>\n\t\t\t\t<div class=\"elementor-element elementor-element-a39f289 elementor-widget-divider--view-line elementor-widget elementor-widget-divider\" data-id=\"a39f289\" data-element_type=\"widget\" data-widget_type=\"divider.default\">\n\t\t\t\t<div class=\"elementor-widget-container\">\n\t\t\t\t\t\t\t<div class=\"elementor-divider\">\n\t\t\t<span class=\"elementor-divider-separator\">\n\t\t\t\t\t\t<\/span>\n\t\t<\/div>\n\t\t\t\t\t\t<\/div>\n\t\t\t\t<\/div>\n\t\t\t\t<div class=\"elementor-element elementor-element-a716a2d elementor-widget elementor-widget-heading\" data-id=\"a716a2d\" data-element_type=\"widget\" data-widget_type=\"heading.default\">\n\t\t\t\t<div class=\"elementor-widget-container\">\n\t\t\t\t\t<h2 class=\"elementor-heading-title elementor-size-default\">Hedef Ya\u015f<\/h2>\t\t\t\t<\/div>\n\t\t\t\t<\/div>\n\t\t\t\t<div class=\"elementor-element elementor-element-774312e elementor-icon-list--layout-traditional elementor-list-item-link-full_width elementor-widget elementor-widget-icon-list\" data-id=\"774312e\" data-element_type=\"widget\" data-widget_type=\"icon-list.default\">\n\t\t\t\t<div class=\"elementor-widget-container\">\n\t\t\t\t\t\t\t<ul class=\"elementor-icon-list-items\">\n\t\t\t\t\t\t\t<li class=\"elementor-icon-list-item\">\n\t\t\t\t\t\t\t\t\t\t\t<span class=\"elementor-icon-list-icon\">\n\t\t\t\t\t\t\t<i aria-hidden=\"true\" class=\"fas fa-check\"><\/i>\t\t\t\t\t\t<\/span>\n\t\t\t\t\t\t\t\t\t\t<span class=\"elementor-icon-list-text\">Her ya\u015ftan<\/span>\n\t\t\t\t\t\t\t\t\t<\/li>\n\t\t\t\t\t\t<\/ul>\n\t\t\t\t\t\t<\/div>\n\t\t\t\t<\/div>\n\t\t\t\t<div class=\"elementor-element elementor-element-039d75a elementor-widget-divider--view-line elementor-widget elementor-widget-divider\" data-id=\"039d75a\" data-element_type=\"widget\" data-widget_type=\"divider.default\">\n\t\t\t\t<div class=\"elementor-widget-container\">\n\t\t\t\t\t\t\t<div class=\"elementor-divider\">\n\t\t\t<span class=\"elementor-divider-separator\">\n\t\t\t\t\t\t<\/span>\n\t\t<\/div>\n\t\t\t\t\t\t<\/div>\n\t\t\t\t<\/div>\n\t\t\t\t<div class=\"elementor-element elementor-element-f65e0f0 elementor-widget elementor-widget-heading\" data-id=\"f65e0f0\" data-element_type=\"widget\" data-widget_type=\"heading.default\">\n\t\t\t\t<div class=\"elementor-widget-container\">\n\t\t\t\t\t<h2 class=\"elementor-heading-title elementor-size-default\">Uygulanabilir Temalar<\/h2>\t\t\t\t<\/div>\n\t\t\t\t<\/div>\n\t\t\t\t<div class=\"elementor-element elementor-element-e104779 elementor-icon-list--layout-traditional elementor-list-item-link-full_width elementor-widget elementor-widget-icon-list\" data-id=\"e104779\" data-element_type=\"widget\" data-widget_type=\"icon-list.default\">\n\t\t\t\t<div class=\"elementor-widget-container\">\n\t\t\t\t\t\t\t<ul class=\"elementor-icon-list-items\">\n\t\t\t\t\t\t\t<li class=\"elementor-icon-list-item\">\n\t\t\t\t\t\t\t\t\t\t\t<a href=\"https:\/\/sertek.com.tr\/tr\/uzay-temali-sergiler\/\">\n\n\t\t\t\t\t\t\t\t\t\t\t\t<span class=\"elementor-icon-list-icon\">\n\t\t\t\t\t\t\t<i aria-hidden=\"true\" class=\"fas fa-space-shuttle\"><\/i>\t\t\t\t\t\t<\/span>\n\t\t\t\t\t\t\t\t\t\t<span class=\"elementor-icon-list-text\">Uzay<\/span>\n\t\t\t\t\t\t\t\t\t\t\t<\/a>\n\t\t\t\t\t\t\t\t\t<\/li>\n\t\t\t\t\t\t<\/ul>\n\t\t\t\t\t\t<\/div>\n\t\t\t\t<\/div>\n\t\t\t\t\t<\/div>\n\t\t<\/div>\n\t\t\t\t\t<\/div>\n\t\t<\/section>\n\t\t\t\t<div class=\"elementor-element elementor-element-b458126 elementor-widget elementor-widget-spacer\" data-id=\"b458126\" data-element_type=\"widget\" data-widget_type=\"spacer.default\">\n\t\t\t\t<div class=\"elementor-widget-container\">\n\t\t\t\t\t\t\t<div class=\"elementor-spacer\">\n\t\t\t<div class=\"elementor-spacer-inner\"><\/div>\n\t\t<\/div>\n\t\t\t\t\t\t<\/div>\n\t\t\t\t<\/div>\n\t\t\t\t\t<\/div>\n\t\t<\/div>\n\t\t\t\t\t<\/div>\n\t\t<\/section>\n\t\t\t\t<\/div>","protected":false},"excerpt":{"rendered":"<p>Orrery Exhibit The Orrery exhibit offers visitors an engaging demonstration of the laws governing the movement of planets within our solar system. This electromechanical [&hellip;]<\/p>","protected":false},"author":1,"featured_media":7707,"parent":0,"menu_order":0,"comment_status":"closed","ping_status":"closed","template":"page-custom.php","meta":{"om_disable_all_campaigns":false,"_monsterinsights_skip_tracking":false,"_monsterinsights_sitenote_active":false,"_monsterinsights_sitenote_note":"","_monsterinsights_sitenote_category":0,"_uf_show_specific_survey":0,"_uf_disable_surveys":false,"footnotes":""},"class_list":["post-7706","page","type-page","status-publish","has-post-thumbnail","hentry"],"acf":{"full_width":false,"header_transparent":false,"header_white":false},"aioseo_notices":[],"yoast_head":"<!-- This site is optimized with the Yoast SEO plugin v26.9 - https:\/\/yoast.com\/product\/yoast-seo-wordpress\/ -->\n<title>Orrery Exhibit - Sertek Exhibitions<\/title>\n<meta name=\"description\" content=\"Orrery exhibit is an engaging demonstration of the laws governing the movement of planets for science centers and children&#039;s museums.\" \/>\n<meta name=\"robots\" content=\"index, follow, max-snippet:-1, max-image-preview:large, max-video-preview:-1\" \/>\n<link rel=\"canonical\" href=\"https:\/\/sertek.com.tr\/tr\/orrery-sergi\/\" \/>\n<meta property=\"og:locale\" content=\"tr_TR\" \/>\n<meta property=\"og:type\" content=\"article\" \/>\n<meta property=\"og:title\" content=\"Orrery Exhibit - Sertek Exhibitions\" \/>\n<meta property=\"og:description\" content=\"Orrery exhibit is an engaging demonstration of the laws governing the movement of planets for science centers and children&#039;s museums.\" \/>\n<meta property=\"og:url\" content=\"https:\/\/sertek.com.tr\/tr\/orrery-sergi\/\" \/>\n<meta property=\"og:site_name\" content=\"Sertek Exhibitions\" \/>\n<meta property=\"article:modified_time\" content=\"2025-01-26T21:32:06+00:00\" \/>\n<meta property=\"og:image\" content=\"https:\/\/sertek.com.tr\/wp-content\/uploads\/2024\/09\/Orrery2.jpg\" \/>\n\t<meta property=\"og:image:width\" content=\"1115\" \/>\n\t<meta property=\"og:image:height\" content=\"853\" \/>\n\t<meta property=\"og:image:type\" content=\"image\/jpeg\" \/>\n<meta name=\"twitter:card\" content=\"summary_large_image\" \/>\n<meta name=\"twitter:label1\" content=\"Tahmini okuma s\u00fcresi\" \/>\n\t<meta name=\"twitter:data1\" content=\"3 dakika\" \/>\n<script type=\"application\/ld+json\" class=\"yoast-schema-graph\">{\"@context\":\"https:\/\/schema.org\",\"@graph\":[{\"@type\":\"WebPage\",\"@id\":\"https:\/\/sertek.com.tr\/en\/orrery-exhibit\/\",\"url\":\"https:\/\/sertek.com.tr\/en\/orrery-exhibit\/\",\"name\":\"Orrery Exhibit - Sertek Exhibitions\",\"isPartOf\":{\"@id\":\"https:\/\/sertek.com.tr\/en\/#website\"},\"primaryImageOfPage\":{\"@id\":\"https:\/\/sertek.com.tr\/en\/orrery-exhibit\/#primaryimage\"},\"image\":{\"@id\":\"https:\/\/sertek.com.tr\/en\/orrery-exhibit\/#primaryimage\"},\"thumbnailUrl\":\"https:\/\/sertek.com.tr\/wp-content\/uploads\/2024\/09\/Orrery2.jpg\",\"datePublished\":\"2024-09-21T14:28:11+00:00\",\"dateModified\":\"2025-01-26T21:32:06+00:00\",\"description\":\"Orrery exhibit is an engaging demonstration of the laws governing the movement of planets for science centers and children's museums.\",\"breadcrumb\":{\"@id\":\"https:\/\/sertek.com.tr\/en\/orrery-exhibit\/#breadcrumb\"},\"inLanguage\":\"tr\",\"potentialAction\":[{\"@type\":\"ReadAction\",\"target\":[\"https:\/\/sertek.com.tr\/en\/orrery-exhibit\/\"]}]},{\"@type\":\"ImageObject\",\"inLanguage\":\"tr\",\"@id\":\"https:\/\/sertek.com.tr\/en\/orrery-exhibit\/#primaryimage\",\"url\":\"https:\/\/sertek.com.tr\/wp-content\/uploads\/2024\/09\/Orrery2.jpg\",\"contentUrl\":\"https:\/\/sertek.com.tr\/wp-content\/uploads\/2024\/09\/Orrery2.jpg\",\"width\":1115,\"height\":853,\"caption\":\"orrery exhibit\"},{\"@type\":\"BreadcrumbList\",\"@id\":\"https:\/\/sertek.com.tr\/en\/orrery-exhibit\/#breadcrumb\",\"itemListElement\":[{\"@type\":\"ListItem\",\"position\":1,\"name\":\"Home\",\"item\":\"https:\/\/sertek.com.tr\/\"},{\"@type\":\"ListItem\",\"position\":2,\"name\":\"Orrery Exhibit\"}]},{\"@type\":\"WebSite\",\"@id\":\"https:\/\/sertek.com.tr\/en\/#website\",\"url\":\"https:\/\/sertek.com.tr\/en\/\",\"name\":\"Sertek Exhibitions\",\"description\":\"Sertek Exhibitons\",\"publisher\":{\"@id\":\"https:\/\/sertek.com.tr\/en\/#organization\"},\"potentialAction\":[{\"@type\":\"SearchAction\",\"target\":{\"@type\":\"EntryPoint\",\"urlTemplate\":\"https:\/\/sertek.com.tr\/en\/?s={search_term_string}\"},\"query-input\":{\"@type\":\"PropertyValueSpecification\",\"valueRequired\":true,\"valueName\":\"search_term_string\"}}],\"inLanguage\":\"tr\"},{\"@type\":\"Organization\",\"@id\":\"https:\/\/sertek.com.tr\/en\/#organization\",\"name\":\"Sertek Exhibitions\",\"url\":\"https:\/\/sertek.com.tr\/en\/\",\"logo\":{\"@type\":\"ImageObject\",\"inLanguage\":\"tr\",\"@id\":\"https:\/\/sertek.com.tr\/en\/#\/schema\/logo\/image\/\",\"url\":\"https:\/\/sertek.com.tr\/wp-content\/uploads\/2023\/06\/SertekLogo-1.png\",\"contentUrl\":\"https:\/\/sertek.com.tr\/wp-content\/uploads\/2023\/06\/SertekLogo-1.png\",\"width\":300,\"height\":49,\"caption\":\"Sertek Exhibitions\"},\"image\":{\"@id\":\"https:\/\/sertek.com.tr\/en\/#\/schema\/logo\/image\/\"},\"sameAs\":[\"https:\/\/www.linkedin.com\/company\/sertek-exhibitions\/\"]}]}<\/script>\n<!-- \/ Yoast SEO plugin. -->","yoast_head_json":{"title":"Orrery Exhibit - Sertek Exhibitions","description":"Orrery exhibit is an engaging demonstration of the laws governing the movement of planets for science centers and children's museums.","robots":{"index":"index","follow":"follow","max-snippet":"max-snippet:-1","max-image-preview":"max-image-preview:large","max-video-preview":"max-video-preview:-1"},"canonical":"https:\/\/sertek.com.tr\/tr\/orrery-sergi\/","og_locale":"tr_TR","og_type":"article","og_title":"Orrery Exhibit - Sertek Exhibitions","og_description":"Orrery exhibit is an engaging demonstration of the laws governing the movement of planets for science centers and children's museums.","og_url":"https:\/\/sertek.com.tr\/tr\/orrery-sergi\/","og_site_name":"Sertek Exhibitions","article_modified_time":"2025-01-26T21:32:06+00:00","og_image":[{"width":1115,"height":853,"url":"https:\/\/sertek.com.tr\/wp-content\/uploads\/2024\/09\/Orrery2.jpg","type":"image\/jpeg"}],"twitter_card":"summary_large_image","twitter_misc":{"Tahmini okuma s\u00fcresi":"3 dakika"},"schema":{"@context":"https:\/\/schema.org","@graph":[{"@type":"WebPage","@id":"https:\/\/sertek.com.tr\/en\/orrery-exhibit\/","url":"https:\/\/sertek.com.tr\/en\/orrery-exhibit\/","name":"Orrery Exhibit - Sertek Exhibitions","isPartOf":{"@id":"https:\/\/sertek.com.tr\/en\/#website"},"primaryImageOfPage":{"@id":"https:\/\/sertek.com.tr\/en\/orrery-exhibit\/#primaryimage"},"image":{"@id":"https:\/\/sertek.com.tr\/en\/orrery-exhibit\/#primaryimage"},"thumbnailUrl":"https:\/\/sertek.com.tr\/wp-content\/uploads\/2024\/09\/Orrery2.jpg","datePublished":"2024-09-21T14:28:11+00:00","dateModified":"2025-01-26T21:32:06+00:00","description":"Orrery exhibit is an engaging demonstration of the laws governing the movement of planets for science centers and children's museums.","breadcrumb":{"@id":"https:\/\/sertek.com.tr\/en\/orrery-exhibit\/#breadcrumb"},"inLanguage":"tr","potentialAction":[{"@type":"ReadAction","target":["https:\/\/sertek.com.tr\/en\/orrery-exhibit\/"]}]},{"@type":"ImageObject","inLanguage":"tr","@id":"https:\/\/sertek.com.tr\/en\/orrery-exhibit\/#primaryimage","url":"https:\/\/sertek.com.tr\/wp-content\/uploads\/2024\/09\/Orrery2.jpg","contentUrl":"https:\/\/sertek.com.tr\/wp-content\/uploads\/2024\/09\/Orrery2.jpg","width":1115,"height":853,"caption":"orrery exhibit"},{"@type":"BreadcrumbList","@id":"https:\/\/sertek.com.tr\/en\/orrery-exhibit\/#breadcrumb","itemListElement":[{"@type":"ListItem","position":1,"name":"Home","item":"https:\/\/sertek.com.tr\/"},{"@type":"ListItem","position":2,"name":"Orrery Exhibit"}]},{"@type":"WebSite","@id":"https:\/\/sertek.com.tr\/en\/#website","url":"https:\/\/sertek.com.tr\/en\/","name":"Sertek Exhibitions","description":"Sertek Exhibitons","publisher":{"@id":"https:\/\/sertek.com.tr\/en\/#organization"},"potentialAction":[{"@type":"SearchAction","target":{"@type":"EntryPoint","urlTemplate":"https:\/\/sertek.com.tr\/en\/?s={search_term_string}"},"query-input":{"@type":"PropertyValueSpecification","valueRequired":true,"valueName":"search_term_string"}}],"inLanguage":"tr"},{"@type":"Organization","@id":"https:\/\/sertek.com.tr\/en\/#organization","name":"Sertek Exhibitions","url":"https:\/\/sertek.com.tr\/en\/","logo":{"@type":"ImageObject","inLanguage":"tr","@id":"https:\/\/sertek.com.tr\/en\/#\/schema\/logo\/image\/","url":"https:\/\/sertek.com.tr\/wp-content\/uploads\/2023\/06\/SertekLogo-1.png","contentUrl":"https:\/\/sertek.com.tr\/wp-content\/uploads\/2023\/06\/SertekLogo-1.png","width":300,"height":49,"caption":"Sertek Exhibitions"},"image":{"@id":"https:\/\/sertek.com.tr\/en\/#\/schema\/logo\/image\/"},"sameAs":["https:\/\/www.linkedin.com\/company\/sertek-exhibitions\/"]}]}},"jetpack_sharing_enabled":true,"_links":{"self":[{"href":"https:\/\/sertek.com.tr\/tr\/wp-json\/wp\/v2\/pages\/7706","targetHints":{"allow":["GET"]}}],"collection":[{"href":"https:\/\/sertek.com.tr\/tr\/wp-json\/wp\/v2\/pages"}],"about":[{"href":"https:\/\/sertek.com.tr\/tr\/wp-json\/wp\/v2\/types\/page"}],"author":[{"embeddable":true,"href":"https:\/\/sertek.com.tr\/tr\/wp-json\/wp\/v2\/users\/1"}],"replies":[{"embeddable":true,"href":"https:\/\/sertek.com.tr\/tr\/wp-json\/wp\/v2\/comments?post=7706"}],"version-history":[{"count":6,"href":"https:\/\/sertek.com.tr\/tr\/wp-json\/wp\/v2\/pages\/7706\/revisions"}],"predecessor-version":[{"id":8715,"href":"https:\/\/sertek.com.tr\/tr\/wp-json\/wp\/v2\/pages\/7706\/revisions\/8715"}],"wp:featuredmedia":[{"embeddable":true,"href":"https:\/\/sertek.com.tr\/tr\/wp-json\/wp\/v2\/media\/7707"}],"wp:attachment":[{"href":"https:\/\/sertek.com.tr\/tr\/wp-json\/wp\/v2\/media?parent=7706"}],"curies":[{"name":"wp","href":"https:\/\/api.w.org\/{rel}","templated":true}]}}